











{"id":118100,"date":"2026-02-12T10:08:39","date_gmt":"2026-02-12T10:08:39","guid":{"rendered":"https:\/\/ses-creative.com\/?post_type=product&#038;p=118100"},"modified":"2026-02-12T10:22:29","modified_gmt":"2026-02-12T10:22:29","slug":"jump-animals-sauts-a-lelastique-defis-avec-des-carte","status":"publish","type":"product","link":"https:\/\/ses-creative.com\/fr\/produit\/jump-animals-sauts-a-lelastique-defis-avec-des-carte\/","title":{"rendered":"Jump! Animals &#8211; Sauts \u00e0 l&rsquo;\u00e9lastique : d\u00e9fis  avec  des carte"},"content":{"rendered":"<p>Sautez, tournez et r\u00e9alisez les figures les plus cool avec Jump! Animals &#8211; Elastiek Challenges<br \/>\nLes \u00e9lastiques n&rsquo;ont jamais \u00e9t\u00e9 aussi passionnants qu&rsquo;avec Jump! Animals. Faites tourner la roue pour d\u00e9terminer quelle figure cool vous devez r\u00e9aliser et comment vous devez tendre le super \u00e9lastique paillet\u00e9. Avec 27 cartes \u00e0 jouer pleines d&rsquo;animaux g\u00e9niaux, vous pouvez d\u00e9couvrir une infinit\u00e9 de figures. Sautez, tournez et sautez ! C&rsquo;est le jeu id\u00e9al \u00e0 jouer avec tous vos amis. Combien de figures pouvez-vous r\u00e9aliser avec l&rsquo;\u00e9lastique ? Un, deux, trois, Jump !<br \/>\nCe qui rend ce set g\u00e9nial<br \/>\n&#8211;    Jouet d&rsquo;ext\u00e9rieur actif. Encourage le jeu en groupe<br \/>\n&#8211;    D\u00e9terminez le tour \u00e0 r\u00e9aliser et son niveau de difficult\u00e9 \u00e0 l&rsquo;aide de la roulette<br \/>\n&#8211;    Les cartes de jeu comportent de jolies figures d&rsquo;animaux qui invitent \u00e0 essayer les figures<br \/>\n&#8211;    \u00c9lastique solide avec des paillettes pour encore plus de plaisir<br \/>\n&#8211;    \u00c9lastique de 3,5 m\u00e8tres, adapt\u00e9 \u00e0 divers d\u00e9fis<br \/>\nLe jeu \u00e9lastique ultime !<br \/>\nJump! Animals est parfait pour les enfants \u00e0 partir de 3 ans qui aiment jouer activement \u00e0 l&rsquo;ext\u00e9rieur. Le jeu offre de nombreuses possibilit\u00e9s pour d\u00e9couvrir et r\u00e9aliser de nouvelles figures avec des amis.<br \/>\nContenu du set<br \/>\n&#8211;    \u00c9lastique avec paillettes (3,5 m\u00e8tres)<br \/>\n&#8211; Plateau tournant pour les d\u00e9fis<br \/>\n&#8211;    27 cartes de jeu avec des sauts et des figures<br \/>\nPourquoi choisir SES Creative ?<br \/>\nChez SES Creative, nous accordons une grande importance \u00e0 la s\u00e9curit\u00e9. C&rsquo;est pourquoi nos produits sont fabriqu\u00e9s et test\u00e9s dans notre usine aux Pays-Bas, conform\u00e9ment aux normes de s\u00e9curit\u00e9 europ\u00e9ennes les plus strictes. Les jouets SES Creative sont source de plaisir et permettent aux enfants d&rsquo;\u00eatre fiers de leur travail, ce qui stimule leur cr\u00e9ativit\u00e9 et leur d\u00e9veloppement.<br \/>\n\u00cates-vous pr\u00eat \u00e0 sauter ?<br \/>\nPrenez l&rsquo;\u00e9lastique, tournez la roulette et commencez votre aventure avec Jump! Animals. D\u00e9couvrez toutes les figures que vous pouvez ma\u00eetriser et amusez-vous pendant des heures !<\/p>\n","protected":false},"excerpt":{"rendered":"<p>Sautez, tournez et r\u00e9alisez les figures les plus cool avec Jump! Animals &#8211; Elastiek Challenges Les \u00e9lastiques n&rsquo;ont jamais \u00e9t\u00e9 aussi passionnants qu&rsquo;avec Jump! Animals. Faites tourner la roue pour d\u00e9terminer quelle figure cool vous devez r\u00e9aliser et comment vous devez tendre le super \u00e9lastique paillet\u00e9. Avec 27 cartes \u00e0 jouer pleines d&rsquo;animaux g\u00e9niaux, vous [&hellip;]<\/p>\n","protected":false},"featured_media":99048,"comment_status":"closed","ping_status":"closed","template":"","meta":{"_acf_changed":false},"product_brand":[],"product_cat":[112],"product_tag":[],"class_list":{"0":"post-118100","1":"product","2":"type-product","3":"status-publish","4":"has-post-thumbnail","6":"product_cat-buitenspelen","7":"pa_collecties-fitness-kids","8":"pa_leeftijd-filter-3-4-ans","9":"pa_meest-populair-bij-garcons-filles","11":"first","12":"instock","13":"shipping-taxable","14":"product-type-simple"},"acf":[],"yoast_head":"<!-- This site is optimized with the Yoast SEO plugin v27.4 - https:\/\/yoast.com\/product\/yoast-seo-wordpress\/ -->\n<title>Jump! Animals - Sauts \u00e0 l&#039;\u00e9lastique : d\u00e9fis avec des carte - SES Creative<\/title>\n<meta name=\"robots\" content=\"index, follow, max-snippet:-1, max-image-preview:large, max-video-preview:-1\" \/>\n<link rel=\"canonical\" href=\"https:\/\/ses-creative.com\/fr\/produit\/jump-animals-sauts-a-lelastique-defis-avec-des-carte\/\" \/>\n<meta property=\"og:locale\" content=\"fr_FR\" \/>\n<meta property=\"og:type\" content=\"article\" \/>\n<meta property=\"og:title\" content=\"Jump! Animals - Sauts \u00e0 l&#039;\u00e9lastique : d\u00e9fis avec des carte - SES Creative\" \/>\n<meta property=\"og:description\" content=\"Sautez, tournez et r\u00e9alisez les figures les plus cool avec Jump! Animals &#8211; Elastiek Challenges Les \u00e9lastiques n&rsquo;ont jamais \u00e9t\u00e9 aussi passionnants qu&rsquo;avec Jump! Animals. Faites tourner la roue pour d\u00e9terminer quelle figure cool vous devez r\u00e9aliser et comment vous devez tendre le super \u00e9lastique paillet\u00e9. Avec 27 cartes \u00e0 jouer pleines d&rsquo;animaux g\u00e9niaux, vous [&hellip;]\" \/>\n<meta property=\"og:url\" content=\"https:\/\/ses-creative.com\/fr\/produit\/jump-animals-sauts-a-lelastique-defis-avec-des-carte\/\" \/>\n<meta property=\"og:site_name\" content=\"SES Creative\" \/>\n<meta property=\"article:modified_time\" content=\"2026-02-12T10:22:29+00:00\" \/>\n<meta name=\"twitter:card\" content=\"summary_large_image\" \/>\n<meta name=\"twitter:label1\" content=\"Dur\u00e9e de lecture estim\u00e9e\" \/>\n\t<meta name=\"twitter:data1\" content=\"2 minutes\" \/>\n<script type=\"application\/ld+json\" class=\"yoast-schema-graph\">{\"@context\":\"https:\\\/\\\/schema.org\",\"@graph\":[{\"@type\":\"WebPage\",\"@id\":\"https:\\\/\\\/ses-creative.com\\\/fr\\\/produit\\\/jump-animals-sauts-a-lelastique-defis-avec-des-carte\\\/\",\"url\":\"https:\\\/\\\/ses-creative.com\\\/fr\\\/produit\\\/jump-animals-sauts-a-lelastique-defis-avec-des-carte\\\/\",\"name\":\"Jump! Animals - Sauts \u00e0 l'\u00e9lastique : d\u00e9fis avec des carte - SES Creative\",\"isPartOf\":{\"@id\":\"https:\\\/\\\/ses-creative.com\\\/#website\"},\"primaryImageOfPage\":{\"@id\":\"https:\\\/\\\/ses-creative.com\\\/fr\\\/produit\\\/jump-animals-sauts-a-lelastique-defis-avec-des-carte\\\/#primaryimage\"},\"image\":{\"@id\":\"https:\\\/\\\/ses-creative.com\\\/fr\\\/produit\\\/jump-animals-sauts-a-lelastique-defis-avec-des-carte\\\/#primaryimage\"},\"thumbnailUrl\":\"https:\\\/\\\/ses-creative.com\\\/wp-content\\\/uploads\\\/2026\\\/01\\\/022481.jpg\",\"datePublished\":\"2026-02-12T10:08:39+00:00\",\"dateModified\":\"2026-02-12T10:22:29+00:00\",\"breadcrumb\":{\"@id\":\"https:\\\/\\\/ses-creative.com\\\/fr\\\/produit\\\/jump-animals-sauts-a-lelastique-defis-avec-des-carte\\\/#breadcrumb\"},\"inLanguage\":\"fr-FR\",\"potentialAction\":[{\"@type\":\"ReadAction\",\"target\":[\"https:\\\/\\\/ses-creative.com\\\/fr\\\/produit\\\/jump-animals-sauts-a-lelastique-defis-avec-des-carte\\\/\"]}]},{\"@type\":\"ImageObject\",\"inLanguage\":\"fr-FR\",\"@id\":\"https:\\\/\\\/ses-creative.com\\\/fr\\\/produit\\\/jump-animals-sauts-a-lelastique-defis-avec-des-carte\\\/#primaryimage\",\"url\":\"https:\\\/\\\/ses-creative.com\\\/wp-content\\\/uploads\\\/2026\\\/01\\\/022481.jpg\",\"contentUrl\":\"https:\\\/\\\/ses-creative.com\\\/wp-content\\\/uploads\\\/2026\\\/01\\\/022481.jpg\",\"width\":1000,\"height\":1000},{\"@type\":\"BreadcrumbList\",\"@id\":\"https:\\\/\\\/ses-creative.com\\\/fr\\\/produit\\\/jump-animals-sauts-a-lelastique-defis-avec-des-carte\\\/#breadcrumb\",\"itemListElement\":[{\"@type\":\"ListItem\",\"position\":1,\"name\":\"Boutique\",\"item\":\"https:\\\/\\\/ses-creative.com\\\/fr\\\/boutique\\\/\"},{\"@type\":\"ListItem\",\"position\":2,\"name\":\"Buitenspelen\",\"item\":\"https:\\\/\\\/ses-creative.com\\\/product-categorie\\\/buitenspelen\\\/\"},{\"@type\":\"ListItem\",\"position\":3,\"name\":\"Jump! Animals &#8211; Sauts \u00e0 l&#8217;\u00e9lastique : d\u00e9fis avec des carte\"}]},{\"@type\":\"WebSite\",\"@id\":\"https:\\\/\\\/ses-creative.com\\\/#website\",\"url\":\"https:\\\/\\\/ses-creative.com\\\/\",\"name\":\"SES Creative\",\"description\":\"\",\"publisher\":{\"@id\":\"https:\\\/\\\/ses-creative.com\\\/#organization\"},\"potentialAction\":[{\"@type\":\"SearchAction\",\"target\":{\"@type\":\"EntryPoint\",\"urlTemplate\":\"https:\\\/\\\/ses-creative.com\\\/?s={search_term_string}\"},\"query-input\":{\"@type\":\"PropertyValueSpecification\",\"valueRequired\":true,\"valueName\":\"search_term_string\"}}],\"inLanguage\":\"fr-FR\"},{\"@type\":\"Organization\",\"@id\":\"https:\\\/\\\/ses-creative.com\\\/#organization\",\"name\":\"SES Creative\",\"url\":\"https:\\\/\\\/ses-creative.com\\\/\",\"logo\":{\"@type\":\"ImageObject\",\"inLanguage\":\"fr-FR\",\"@id\":\"https:\\\/\\\/ses-creative.com\\\/#\\\/schema\\\/logo\\\/image\\\/\",\"url\":\"https:\\\/\\\/ses-creative.com\\\/wp-content\\\/uploads\\\/2025\\\/10\\\/ses-creative-logo.jpg\",\"contentUrl\":\"https:\\\/\\\/ses-creative.com\\\/wp-content\\\/uploads\\\/2025\\\/10\\\/ses-creative-logo.jpg\",\"width\":2037,\"height\":2037,\"caption\":\"SES Creative\"},\"image\":{\"@id\":\"https:\\\/\\\/ses-creative.com\\\/#\\\/schema\\\/logo\\\/image\\\/\"}}]}<\/script>\n<!-- \/ Yoast SEO plugin. -->","yoast_head_json":{"title":"Jump! Animals - Sauts \u00e0 l'\u00e9lastique : d\u00e9fis avec des carte - SES Creative","robots":{"index":"index","follow":"follow","max-snippet":"max-snippet:-1","max-image-preview":"max-image-preview:large","max-video-preview":"max-video-preview:-1"},"canonical":"https:\/\/ses-creative.com\/fr\/produit\/jump-animals-sauts-a-lelastique-defis-avec-des-carte\/","og_locale":"fr_FR","og_type":"article","og_title":"Jump! Animals - Sauts \u00e0 l'\u00e9lastique : d\u00e9fis avec des carte - SES Creative","og_description":"Sautez, tournez et r\u00e9alisez les figures les plus cool avec Jump! Animals &#8211; Elastiek Challenges Les \u00e9lastiques n&rsquo;ont jamais \u00e9t\u00e9 aussi passionnants qu&rsquo;avec Jump! Animals. Faites tourner la roue pour d\u00e9terminer quelle figure cool vous devez r\u00e9aliser et comment vous devez tendre le super \u00e9lastique paillet\u00e9. Avec 27 cartes \u00e0 jouer pleines d&rsquo;animaux g\u00e9niaux, vous [&hellip;]","og_url":"https:\/\/ses-creative.com\/fr\/produit\/jump-animals-sauts-a-lelastique-defis-avec-des-carte\/","og_site_name":"SES Creative","article_modified_time":"2026-02-12T10:22:29+00:00","twitter_card":"summary_large_image","twitter_misc":{"Dur\u00e9e de lecture estim\u00e9e":"2 minutes"},"schema":{"@context":"https:\/\/schema.org","@graph":[{"@type":"WebPage","@id":"https:\/\/ses-creative.com\/fr\/produit\/jump-animals-sauts-a-lelastique-defis-avec-des-carte\/","url":"https:\/\/ses-creative.com\/fr\/produit\/jump-animals-sauts-a-lelastique-defis-avec-des-carte\/","name":"Jump! Animals - Sauts \u00e0 l'\u00e9lastique : d\u00e9fis avec des carte - SES Creative","isPartOf":{"@id":"https:\/\/ses-creative.com\/#website"},"primaryImageOfPage":{"@id":"https:\/\/ses-creative.com\/fr\/produit\/jump-animals-sauts-a-lelastique-defis-avec-des-carte\/#primaryimage"},"image":{"@id":"https:\/\/ses-creative.com\/fr\/produit\/jump-animals-sauts-a-lelastique-defis-avec-des-carte\/#primaryimage"},"thumbnailUrl":"https:\/\/ses-creative.com\/wp-content\/uploads\/2026\/01\/022481.jpg","datePublished":"2026-02-12T10:08:39+00:00","dateModified":"2026-02-12T10:22:29+00:00","breadcrumb":{"@id":"https:\/\/ses-creative.com\/fr\/produit\/jump-animals-sauts-a-lelastique-defis-avec-des-carte\/#breadcrumb"},"inLanguage":"fr-FR","potentialAction":[{"@type":"ReadAction","target":["https:\/\/ses-creative.com\/fr\/produit\/jump-animals-sauts-a-lelastique-defis-avec-des-carte\/"]}]},{"@type":"ImageObject","inLanguage":"fr-FR","@id":"https:\/\/ses-creative.com\/fr\/produit\/jump-animals-sauts-a-lelastique-defis-avec-des-carte\/#primaryimage","url":"https:\/\/ses-creative.com\/wp-content\/uploads\/2026\/01\/022481.jpg","contentUrl":"https:\/\/ses-creative.com\/wp-content\/uploads\/2026\/01\/022481.jpg","width":1000,"height":1000},{"@type":"BreadcrumbList","@id":"https:\/\/ses-creative.com\/fr\/produit\/jump-animals-sauts-a-lelastique-defis-avec-des-carte\/#breadcrumb","itemListElement":[{"@type":"ListItem","position":1,"name":"Boutique","item":"https:\/\/ses-creative.com\/fr\/boutique\/"},{"@type":"ListItem","position":2,"name":"Buitenspelen","item":"https:\/\/ses-creative.com\/product-categorie\/buitenspelen\/"},{"@type":"ListItem","position":3,"name":"Jump! Animals &#8211; Sauts \u00e0 l&#8217;\u00e9lastique : d\u00e9fis avec des carte"}]},{"@type":"WebSite","@id":"https:\/\/ses-creative.com\/#website","url":"https:\/\/ses-creative.com\/","name":"SES Creative","description":"","publisher":{"@id":"https:\/\/ses-creative.com\/#organization"},"potentialAction":[{"@type":"SearchAction","target":{"@type":"EntryPoint","urlTemplate":"https:\/\/ses-creative.com\/?s={search_term_string}"},"query-input":{"@type":"PropertyValueSpecification","valueRequired":true,"valueName":"search_term_string"}}],"inLanguage":"fr-FR"},{"@type":"Organization","@id":"https:\/\/ses-creative.com\/#organization","name":"SES Creative","url":"https:\/\/ses-creative.com\/","logo":{"@type":"ImageObject","inLanguage":"fr-FR","@id":"https:\/\/ses-creative.com\/#\/schema\/logo\/image\/","url":"https:\/\/ses-creative.com\/wp-content\/uploads\/2025\/10\/ses-creative-logo.jpg","contentUrl":"https:\/\/ses-creative.com\/wp-content\/uploads\/2025\/10\/ses-creative-logo.jpg","width":2037,"height":2037,"caption":"SES Creative"},"image":{"@id":"https:\/\/ses-creative.com\/#\/schema\/logo\/image\/"}}]}},"_links":{"self":[{"href":"https:\/\/ses-creative.com\/fr\/wp-json\/wp\/v2\/product\/118100","targetHints":{"allow":["GET"]}}],"collection":[{"href":"https:\/\/ses-creative.com\/fr\/wp-json\/wp\/v2\/product"}],"about":[{"href":"https:\/\/ses-creative.com\/fr\/wp-json\/wp\/v2\/types\/product"}],"replies":[{"embeddable":true,"href":"https:\/\/ses-creative.com\/fr\/wp-json\/wp\/v2\/comments?post=118100"}],"wp:featuredmedia":[{"embeddable":true,"href":"https:\/\/ses-creative.com\/fr\/wp-json\/wp\/v2\/media\/99048"}],"wp:attachment":[{"href":"https:\/\/ses-creative.com\/fr\/wp-json\/wp\/v2\/media?parent=118100"}],"wp:term":[{"taxonomy":"product_brand","embeddable":true,"href":"https:\/\/ses-creative.com\/fr\/wp-json\/wp\/v2\/product_brand?post=118100"},{"taxonomy":"product_cat","embeddable":true,"href":"https:\/\/ses-creative.com\/fr\/wp-json\/wp\/v2\/product_cat?post=118100"},{"taxonomy":"product_tag","embeddable":true,"href":"https:\/\/ses-creative.com\/fr\/wp-json\/wp\/v2\/product_tag?post=118100"}],"curies":[{"name":"wp","href":"https:\/\/api.w.org\/{rel}","templated":true}]}}