











{"id":118099,"date":"2026-02-12T10:08:38","date_gmt":"2026-02-12T10:08:38","guid":{"rendered":"https:\/\/ses-creative.com\/?post_type=product&#038;p=118099"},"modified":"2026-02-12T10:22:28","modified_gmt":"2026-02-12T10:22:28","slug":"sac-de-voyage-et-activites","status":"publish","type":"product","link":"https:\/\/ses-creative.com\/fr\/produit\/sac-de-voyage-et-activites\/","title":{"rendered":"Sac de voyage et activit\u00e9s"},"content":{"rendered":"<p>Amusez-vous partout et \u00e0 tout moment avec le sac \u00e0 dos d&rsquo;activit\u00e9s !<br \/>\nAvec ce sac \u00e0 dos d&rsquo;activit\u00e9s pratique de SES Creative, passer la nuit chez des amis ou partir en vacances est encore plus amusant. Le sac \u00e0 dos regorge d&rsquo;activit\u00e9s cr\u00e9atives qui occuperont les enfants pendant des heures. Des cartes \u00e0 gratter, des autocollants et de jolies cartes postales que vous pouvez d\u00e9corer vous-m\u00eame ! Les possibilit\u00e9s cr\u00e9atives sont infinies. Mais ce n&rsquo;est pas tout : le sac peut \u00e9galement \u00eatre enti\u00e8rement personnalis\u00e9 en le coloriant, et des autocollants pour fen\u00eatres sont \u00e9galement inclus. Que vous soyez en d\u00e9placement, en vacances ou simplement \u00e0 la maison, ce sac vous garantit de ne jamais \u00eatre \u00e0 court de divertissements !<br \/>\nCe qui rend ce set g\u00e9nial<br \/>\n&#8211;    Le sac \u00e0 dos est tr\u00e8s pratique pour transporter toutes les activit\u00e9s, id\u00e9al pour les vacances<br \/>\n&#8211; Le sac contient toutes sortes d&rsquo;activit\u00e9s diff\u00e9rentes. Des cartes postales \u00e0 colorier et \u00e0 d\u00e9corer avec des autocollants, des cartes \u00e0 gratter et des autocollants pour fen\u00eatres<br \/>\n&#8211;    Le sac \u00e0 dos peut \u00e9galement \u00eatre d\u00e9cor\u00e9 de mani\u00e8re amusante<br \/>\n&#8211;    Jouets cr\u00e9atifs. Colorier et coller<br \/>\n&#8211; Parfait pour les d\u00e9placements, mais aussi pour jouer \u00e0 la maison<br \/>\nUn divertissement cr\u00e9atif o\u00f9 que vous alliez<br \/>\nQue vous partiez en week-end chez des amis, que vous fassiez un long trajet en voiture ou que vous souhaitiez simplement jouer \u00e0 la maison, ce sac \u00e0 dos offre un divertissement sans fin. C&rsquo;est le compagnon id\u00e9al pour les enfants cr\u00e9atifs qui aiment s&rsquo;adonner \u00e0 de nouvelles activit\u00e9s.<br \/>\nQue contient le sac \u00e0 dos ?<br \/>\n&#8211;    Sac \u00e0 dos color\u00e9 que vous pouvez colorier et d\u00e9corer vous-m\u00eame<br \/>\n&#8211;    3 cartes \u00e0 gratter<br \/>\n&#8211;    4 cartes postales \u00e0 colorier<br \/>\n&#8211;    Crayons de couleur<br \/>\n&#8211;    Des autocollants pour fen\u00eatres<br \/>\n&#8211; Autocollants<br \/>\nPourquoi choisir SES Creative ?<br \/>\nChez SES Creative, nous accordons une grande importance \u00e0 la s\u00e9curit\u00e9. C&rsquo;est pourquoi nos produits sont fabriqu\u00e9s et test\u00e9s dans notre usine aux Pays-Bas, conform\u00e9ment aux normes de s\u00e9curit\u00e9 europ\u00e9ennes les plus strictes. Les jouets SES Creative sont source de plaisir et permettent aux enfants d&rsquo;\u00eatre fiers de leur travail, ce qui stimule leur cr\u00e9ativit\u00e9 et leur d\u00e9veloppement.<br \/>\nPartez \u00e0 l&rsquo;aventure avec votre propre sac \u00e0 dos d&rsquo;activit\u00e9s !<br \/>\nAvec le sac \u00e0 dos d&rsquo;activit\u00e9s de SES Creative, vous avez toujours quelque chose d&rsquo;amusant \u00e0 port\u00e9e de main. Pr\u00e9parez votre sac \u00e0 dos et d\u00e9couvrez tout le plaisir cr\u00e9atif que vous pouvez avoir en chemin !<\/p>\n","protected":false},"excerpt":{"rendered":"<p>Amusez-vous partout et \u00e0 tout moment avec le sac \u00e0 dos d&rsquo;activit\u00e9s ! Avec ce sac \u00e0 dos d&rsquo;activit\u00e9s pratique de SES Creative, passer la nuit chez des amis ou partir en vacances est encore plus amusant. Le sac \u00e0 dos regorge d&rsquo;activit\u00e9s cr\u00e9atives qui occuperont les enfants pendant des heures. Des cartes \u00e0 gratter, [&hellip;]<\/p>\n","protected":false},"featured_media":93700,"comment_status":"closed","ping_status":"closed","template":"","meta":{"_acf_changed":false},"product_brand":[],"product_cat":[126],"product_tag":[],"class_list":{"0":"post-118099","1":"product","2":"type-product","3":"status-publish","4":"has-post-thumbnail","6":"product_cat-jeux-dexterieur","7":"pa_leeftijd-filter-3-4-ans","8":"pa_meest-populair-bij-garcons-filles","10":"first","11":"instock","12":"shipping-taxable","13":"product-type-simple"},"acf":[],"yoast_head":"<!-- This site is optimized with the Yoast SEO plugin v27.4 - https:\/\/yoast.com\/product\/yoast-seo-wordpress\/ -->\n<title>Sac de voyage et activit\u00e9s - SES Creative<\/title>\n<meta name=\"robots\" content=\"index, follow, max-snippet:-1, max-image-preview:large, max-video-preview:-1\" \/>\n<link rel=\"canonical\" href=\"https:\/\/ses-creative.com\/fr\/produit\/sac-de-voyage-et-activites\/\" \/>\n<meta property=\"og:locale\" content=\"fr_FR\" \/>\n<meta property=\"og:type\" content=\"article\" \/>\n<meta property=\"og:title\" content=\"Sac de voyage et activit\u00e9s - SES Creative\" \/>\n<meta property=\"og:description\" content=\"Amusez-vous partout et \u00e0 tout moment avec le sac \u00e0 dos d&rsquo;activit\u00e9s ! Avec ce sac \u00e0 dos d&rsquo;activit\u00e9s pratique de SES Creative, passer la nuit chez des amis ou partir en vacances est encore plus amusant. Le sac \u00e0 dos regorge d&rsquo;activit\u00e9s cr\u00e9atives qui occuperont les enfants pendant des heures. Des cartes \u00e0 gratter, [&hellip;]\" \/>\n<meta property=\"og:url\" content=\"https:\/\/ses-creative.com\/fr\/produit\/sac-de-voyage-et-activites\/\" \/>\n<meta property=\"og:site_name\" content=\"SES Creative\" \/>\n<meta property=\"article:modified_time\" content=\"2026-02-12T10:22:28+00:00\" \/>\n<meta name=\"twitter:card\" content=\"summary_large_image\" \/>\n<meta name=\"twitter:label1\" content=\"Dur\u00e9e de lecture estim\u00e9e\" \/>\n\t<meta name=\"twitter:data1\" content=\"2 minutes\" \/>\n<script type=\"application\/ld+json\" class=\"yoast-schema-graph\">{\"@context\":\"https:\\\/\\\/schema.org\",\"@graph\":[{\"@type\":\"WebPage\",\"@id\":\"https:\\\/\\\/ses-creative.com\\\/fr\\\/produit\\\/sac-de-voyage-et-activites\\\/\",\"url\":\"https:\\\/\\\/ses-creative.com\\\/fr\\\/produit\\\/sac-de-voyage-et-activites\\\/\",\"name\":\"Sac de voyage et activit\u00e9s - SES Creative\",\"isPartOf\":{\"@id\":\"https:\\\/\\\/ses-creative.com\\\/#website\"},\"primaryImageOfPage\":{\"@id\":\"https:\\\/\\\/ses-creative.com\\\/fr\\\/produit\\\/sac-de-voyage-et-activites\\\/#primaryimage\"},\"image\":{\"@id\":\"https:\\\/\\\/ses-creative.com\\\/fr\\\/produit\\\/sac-de-voyage-et-activites\\\/#primaryimage\"},\"thumbnailUrl\":\"https:\\\/\\\/ses-creative.com\\\/wp-content\\\/uploads\\\/2026\\\/01\\\/022391.jpg\",\"datePublished\":\"2026-02-12T10:08:38+00:00\",\"dateModified\":\"2026-02-12T10:22:28+00:00\",\"breadcrumb\":{\"@id\":\"https:\\\/\\\/ses-creative.com\\\/fr\\\/produit\\\/sac-de-voyage-et-activites\\\/#breadcrumb\"},\"inLanguage\":\"fr-FR\",\"potentialAction\":[{\"@type\":\"ReadAction\",\"target\":[\"https:\\\/\\\/ses-creative.com\\\/fr\\\/produit\\\/sac-de-voyage-et-activites\\\/\"]}]},{\"@type\":\"ImageObject\",\"inLanguage\":\"fr-FR\",\"@id\":\"https:\\\/\\\/ses-creative.com\\\/fr\\\/produit\\\/sac-de-voyage-et-activites\\\/#primaryimage\",\"url\":\"https:\\\/\\\/ses-creative.com\\\/wp-content\\\/uploads\\\/2026\\\/01\\\/022391.jpg\",\"contentUrl\":\"https:\\\/\\\/ses-creative.com\\\/wp-content\\\/uploads\\\/2026\\\/01\\\/022391.jpg\",\"width\":1000,\"height\":1000},{\"@type\":\"BreadcrumbList\",\"@id\":\"https:\\\/\\\/ses-creative.com\\\/fr\\\/produit\\\/sac-de-voyage-et-activites\\\/#breadcrumb\",\"itemListElement\":[{\"@type\":\"ListItem\",\"position\":1,\"name\":\"Boutique\",\"item\":\"https:\\\/\\\/ses-creative.com\\\/fr\\\/boutique\\\/\"},{\"@type\":\"ListItem\",\"position\":2,\"name\":\"Jeux d\u2019ext\u00e9rieur\",\"item\":\"https:\\\/\\\/ses-creative.com\\\/fr\\\/product-categorie\\\/jeux-dexterieur\\\/\"},{\"@type\":\"ListItem\",\"position\":3,\"name\":\"Sac de voyage et activit\u00e9s\"}]},{\"@type\":\"WebSite\",\"@id\":\"https:\\\/\\\/ses-creative.com\\\/#website\",\"url\":\"https:\\\/\\\/ses-creative.com\\\/\",\"name\":\"SES Creative\",\"description\":\"\",\"publisher\":{\"@id\":\"https:\\\/\\\/ses-creative.com\\\/#organization\"},\"potentialAction\":[{\"@type\":\"SearchAction\",\"target\":{\"@type\":\"EntryPoint\",\"urlTemplate\":\"https:\\\/\\\/ses-creative.com\\\/?s={search_term_string}\"},\"query-input\":{\"@type\":\"PropertyValueSpecification\",\"valueRequired\":true,\"valueName\":\"search_term_string\"}}],\"inLanguage\":\"fr-FR\"},{\"@type\":\"Organization\",\"@id\":\"https:\\\/\\\/ses-creative.com\\\/#organization\",\"name\":\"SES Creative\",\"url\":\"https:\\\/\\\/ses-creative.com\\\/\",\"logo\":{\"@type\":\"ImageObject\",\"inLanguage\":\"fr-FR\",\"@id\":\"https:\\\/\\\/ses-creative.com\\\/#\\\/schema\\\/logo\\\/image\\\/\",\"url\":\"https:\\\/\\\/ses-creative.com\\\/wp-content\\\/uploads\\\/2025\\\/10\\\/ses-creative-logo.jpg\",\"contentUrl\":\"https:\\\/\\\/ses-creative.com\\\/wp-content\\\/uploads\\\/2025\\\/10\\\/ses-creative-logo.jpg\",\"width\":2037,\"height\":2037,\"caption\":\"SES Creative\"},\"image\":{\"@id\":\"https:\\\/\\\/ses-creative.com\\\/#\\\/schema\\\/logo\\\/image\\\/\"}}]}<\/script>\n<!-- \/ Yoast SEO plugin. -->","yoast_head_json":{"title":"Sac de voyage et activit\u00e9s - SES Creative","robots":{"index":"index","follow":"follow","max-snippet":"max-snippet:-1","max-image-preview":"max-image-preview:large","max-video-preview":"max-video-preview:-1"},"canonical":"https:\/\/ses-creative.com\/fr\/produit\/sac-de-voyage-et-activites\/","og_locale":"fr_FR","og_type":"article","og_title":"Sac de voyage et activit\u00e9s - SES Creative","og_description":"Amusez-vous partout et \u00e0 tout moment avec le sac \u00e0 dos d&rsquo;activit\u00e9s ! Avec ce sac \u00e0 dos d&rsquo;activit\u00e9s pratique de SES Creative, passer la nuit chez des amis ou partir en vacances est encore plus amusant. Le sac \u00e0 dos regorge d&rsquo;activit\u00e9s cr\u00e9atives qui occuperont les enfants pendant des heures. Des cartes \u00e0 gratter, [&hellip;]","og_url":"https:\/\/ses-creative.com\/fr\/produit\/sac-de-voyage-et-activites\/","og_site_name":"SES Creative","article_modified_time":"2026-02-12T10:22:28+00:00","twitter_card":"summary_large_image","twitter_misc":{"Dur\u00e9e de lecture estim\u00e9e":"2 minutes"},"schema":{"@context":"https:\/\/schema.org","@graph":[{"@type":"WebPage","@id":"https:\/\/ses-creative.com\/fr\/produit\/sac-de-voyage-et-activites\/","url":"https:\/\/ses-creative.com\/fr\/produit\/sac-de-voyage-et-activites\/","name":"Sac de voyage et activit\u00e9s - SES Creative","isPartOf":{"@id":"https:\/\/ses-creative.com\/#website"},"primaryImageOfPage":{"@id":"https:\/\/ses-creative.com\/fr\/produit\/sac-de-voyage-et-activites\/#primaryimage"},"image":{"@id":"https:\/\/ses-creative.com\/fr\/produit\/sac-de-voyage-et-activites\/#primaryimage"},"thumbnailUrl":"https:\/\/ses-creative.com\/wp-content\/uploads\/2026\/01\/022391.jpg","datePublished":"2026-02-12T10:08:38+00:00","dateModified":"2026-02-12T10:22:28+00:00","breadcrumb":{"@id":"https:\/\/ses-creative.com\/fr\/produit\/sac-de-voyage-et-activites\/#breadcrumb"},"inLanguage":"fr-FR","potentialAction":[{"@type":"ReadAction","target":["https:\/\/ses-creative.com\/fr\/produit\/sac-de-voyage-et-activites\/"]}]},{"@type":"ImageObject","inLanguage":"fr-FR","@id":"https:\/\/ses-creative.com\/fr\/produit\/sac-de-voyage-et-activites\/#primaryimage","url":"https:\/\/ses-creative.com\/wp-content\/uploads\/2026\/01\/022391.jpg","contentUrl":"https:\/\/ses-creative.com\/wp-content\/uploads\/2026\/01\/022391.jpg","width":1000,"height":1000},{"@type":"BreadcrumbList","@id":"https:\/\/ses-creative.com\/fr\/produit\/sac-de-voyage-et-activites\/#breadcrumb","itemListElement":[{"@type":"ListItem","position":1,"name":"Boutique","item":"https:\/\/ses-creative.com\/fr\/boutique\/"},{"@type":"ListItem","position":2,"name":"Jeux d\u2019ext\u00e9rieur","item":"https:\/\/ses-creative.com\/fr\/product-categorie\/jeux-dexterieur\/"},{"@type":"ListItem","position":3,"name":"Sac de voyage et activit\u00e9s"}]},{"@type":"WebSite","@id":"https:\/\/ses-creative.com\/#website","url":"https:\/\/ses-creative.com\/","name":"SES Creative","description":"","publisher":{"@id":"https:\/\/ses-creative.com\/#organization"},"potentialAction":[{"@type":"SearchAction","target":{"@type":"EntryPoint","urlTemplate":"https:\/\/ses-creative.com\/?s={search_term_string}"},"query-input":{"@type":"PropertyValueSpecification","valueRequired":true,"valueName":"search_term_string"}}],"inLanguage":"fr-FR"},{"@type":"Organization","@id":"https:\/\/ses-creative.com\/#organization","name":"SES Creative","url":"https:\/\/ses-creative.com\/","logo":{"@type":"ImageObject","inLanguage":"fr-FR","@id":"https:\/\/ses-creative.com\/#\/schema\/logo\/image\/","url":"https:\/\/ses-creative.com\/wp-content\/uploads\/2025\/10\/ses-creative-logo.jpg","contentUrl":"https:\/\/ses-creative.com\/wp-content\/uploads\/2025\/10\/ses-creative-logo.jpg","width":2037,"height":2037,"caption":"SES Creative"},"image":{"@id":"https:\/\/ses-creative.com\/#\/schema\/logo\/image\/"}}]}},"_links":{"self":[{"href":"https:\/\/ses-creative.com\/fr\/wp-json\/wp\/v2\/product\/118099","targetHints":{"allow":["GET"]}}],"collection":[{"href":"https:\/\/ses-creative.com\/fr\/wp-json\/wp\/v2\/product"}],"about":[{"href":"https:\/\/ses-creative.com\/fr\/wp-json\/wp\/v2\/types\/product"}],"replies":[{"embeddable":true,"href":"https:\/\/ses-creative.com\/fr\/wp-json\/wp\/v2\/comments?post=118099"}],"wp:featuredmedia":[{"embeddable":true,"href":"https:\/\/ses-creative.com\/fr\/wp-json\/wp\/v2\/media\/93700"}],"wp:attachment":[{"href":"https:\/\/ses-creative.com\/fr\/wp-json\/wp\/v2\/media?parent=118099"}],"wp:term":[{"taxonomy":"product_brand","embeddable":true,"href":"https:\/\/ses-creative.com\/fr\/wp-json\/wp\/v2\/product_brand?post=118099"},{"taxonomy":"product_cat","embeddable":true,"href":"https:\/\/ses-creative.com\/fr\/wp-json\/wp\/v2\/product_cat?post=118099"},{"taxonomy":"product_tag","embeddable":true,"href":"https:\/\/ses-creative.com\/fr\/wp-json\/wp\/v2\/product_tag?post=118099"}],"curies":[{"name":"wp","href":"https:\/\/api.w.org\/{rel}","templated":true}]}}