











{"id":118098,"date":"2026-02-12T10:08:38","date_gmt":"2026-02-12T10:08:38","guid":{"rendered":"https:\/\/ses-creative.com\/?post_type=product&#038;p=118098"},"modified":"2026-02-12T10:22:28","modified_gmt":"2026-02-12T10:22:28","slug":"bingo-de-voyage-avec-autocollants","status":"publish","type":"product","link":"https:\/\/ses-creative.com\/fr\/produit\/bingo-de-voyage-avec-autocollants\/","title":{"rendered":"Bingo de voyage avec autocollants"},"content":{"rendered":"<p>Jeu de voyage Autocollant pour fen\u00eatre Bingo : du plaisir pour la route !<br \/>\nBingo ! Que le trajet en voiture soit long ou court, il n&rsquo;aura jamais \u00e9t\u00e9 aussi passionnant. Avec le bingo pour fen\u00eatre de voiture, vous transformez le trajet en jeu. Collez tous les autocollants sur la vitre de la voiture et gardez votre carte de bingo \u00e0 port\u00e9e de main. Les autocollants repr\u00e9sentent diff\u00e9rentes images. Voyez-vous un camion ou le scooter rouge ? Collez tous les autocollants que vous voyez en chemin sur votre carte de bingo. Qui sera le premier \u00e0 crier \u00ab bingo \u00bb ?<br \/>\nCe qui rend ce set g\u00e9nial<br \/>\n&#8211;    Une distraction parfaite pendant le voyage<br \/>\n&#8211;    Les autocollants se collent sur la vitre et sur la carte de bingo<br \/>\n&#8211;    Les autocollants pour vitres sont r\u00e9utilisables, ils collent encore et encore<br \/>\n&#8211;    Facile \u00e0 jouer gr\u00e2ce aux images claires sur les autocollants et les cartes de bingo<br \/>\n&#8211;    Illustrations joyeuses<br \/>\nTransformez chaque trajet en voiture en un jeu<br \/>\nLe jeu de voyage \u00ab bingo autocollants pour fen\u00eatre \u00bb est non seulement un excellent moyen de divertir les enfants pendant les longs trajets, mais il stimule \u00e9galement leurs capacit\u00e9s cognitives. Les autocollants r\u00e9utilisables garantissent un plaisir de jeu durable et le jeu peut \u00eatre rejou\u00e9 \u00e0 l&rsquo;infini gr\u00e2ce aux diff\u00e9rentes cartes de bingo. Cela rend le jeu durable et polyvalent. Chaque trajet en voiture devient une aventure avec ce jeu de voyage !<br \/>\nContenu du set<br \/>\n&#8211;    6 cartes de bingo diff\u00e9rentes<br \/>\n&#8211;    64 autocollants pour les vitres (2 exemplaires de chaque image)<br \/>\n&#8211;    Instructions<br \/>\nPourquoi choisir SES Creative ?<br \/>\nChez SES Creative, nous accordons une grande importance \u00e0 la s\u00e9curit\u00e9. C&rsquo;est pourquoi nos produits sont fabriqu\u00e9s et test\u00e9s dans notre usine aux Pays-Bas, conform\u00e9ment aux normes de s\u00e9curit\u00e9 europ\u00e9ennes les plus strictes. Les jouets SES Creative sont source de plaisir et permettent aux enfants d&rsquo;\u00eatre fiers de leur travail, ce qui stimule leur cr\u00e9ativit\u00e9 et leur d\u00e9veloppement.<br \/>\nCommencez votre aventure d\u00e8s aujourd&rsquo;hui<br \/>\nTransformez chaque trajet en voiture en un jeu passionnant avec le jeu de voyage bingo autocollant pour fen\u00eatre de SES Creative. Pr\u00e9parez-vous \u00e0 vous amuser et \u00e0 faire des d\u00e9couvertes lors de votre prochain voyage. Rassemblez vos autocollants et vos cartes et que l&rsquo;aventure commence !<\/p>\n","protected":false},"excerpt":{"rendered":"<p>Jeu de voyage Autocollant pour fen\u00eatre Bingo : du plaisir pour la route ! Bingo ! Que le trajet en voiture soit long ou court, il n&rsquo;aura jamais \u00e9t\u00e9 aussi passionnant. Avec le bingo pour fen\u00eatre de voiture, vous transformez le trajet en jeu. Collez tous les autocollants sur la vitre de la voiture et [&hellip;]<\/p>\n","protected":false},"featured_media":99028,"comment_status":"closed","ping_status":"closed","template":"","meta":{"_acf_changed":false},"product_brand":[],"product_cat":[126],"product_tag":[],"class_list":{"0":"post-118098","1":"product","2":"type-product","3":"status-publish","4":"has-post-thumbnail","6":"product_cat-jeux-dexterieur","7":"pa_leeftijd-filter-3-4-ans","8":"pa_meest-populair-bij-garcons-filles","10":"first","11":"instock","12":"shipping-taxable","13":"product-type-simple"},"acf":[],"yoast_head":"<!-- This site is optimized with the Yoast SEO plugin v27.4 - https:\/\/yoast.com\/product\/yoast-seo-wordpress\/ -->\n<title>Bingo de voyage avec autocollants - SES Creative<\/title>\n<meta name=\"robots\" content=\"index, follow, max-snippet:-1, max-image-preview:large, max-video-preview:-1\" \/>\n<link rel=\"canonical\" href=\"https:\/\/ses-creative.com\/fr\/produit\/bingo-de-voyage-avec-autocollants\/\" \/>\n<meta property=\"og:locale\" content=\"fr_FR\" \/>\n<meta property=\"og:type\" content=\"article\" \/>\n<meta property=\"og:title\" content=\"Bingo de voyage avec autocollants - SES Creative\" \/>\n<meta property=\"og:description\" content=\"Jeu de voyage Autocollant pour fen\u00eatre Bingo : du plaisir pour la route ! Bingo ! Que le trajet en voiture soit long ou court, il n&rsquo;aura jamais \u00e9t\u00e9 aussi passionnant. Avec le bingo pour fen\u00eatre de voiture, vous transformez le trajet en jeu. Collez tous les autocollants sur la vitre de la voiture et [&hellip;]\" \/>\n<meta property=\"og:url\" content=\"https:\/\/ses-creative.com\/fr\/produit\/bingo-de-voyage-avec-autocollants\/\" \/>\n<meta property=\"og:site_name\" content=\"SES Creative\" \/>\n<meta property=\"article:modified_time\" content=\"2026-02-12T10:22:28+00:00\" \/>\n<meta name=\"twitter:card\" content=\"summary_large_image\" \/>\n<meta name=\"twitter:label1\" content=\"Dur\u00e9e de lecture estim\u00e9e\" \/>\n\t<meta name=\"twitter:data1\" content=\"2 minutes\" \/>\n<script type=\"application\/ld+json\" class=\"yoast-schema-graph\">{\"@context\":\"https:\\\/\\\/schema.org\",\"@graph\":[{\"@type\":\"WebPage\",\"@id\":\"https:\\\/\\\/ses-creative.com\\\/fr\\\/produit\\\/bingo-de-voyage-avec-autocollants\\\/\",\"url\":\"https:\\\/\\\/ses-creative.com\\\/fr\\\/produit\\\/bingo-de-voyage-avec-autocollants\\\/\",\"name\":\"Bingo de voyage avec autocollants - SES Creative\",\"isPartOf\":{\"@id\":\"https:\\\/\\\/ses-creative.com\\\/#website\"},\"primaryImageOfPage\":{\"@id\":\"https:\\\/\\\/ses-creative.com\\\/fr\\\/produit\\\/bingo-de-voyage-avec-autocollants\\\/#primaryimage\"},\"image\":{\"@id\":\"https:\\\/\\\/ses-creative.com\\\/fr\\\/produit\\\/bingo-de-voyage-avec-autocollants\\\/#primaryimage\"},\"thumbnailUrl\":\"https:\\\/\\\/ses-creative.com\\\/wp-content\\\/uploads\\\/2026\\\/01\\\/022381.jpg\",\"datePublished\":\"2026-02-12T10:08:38+00:00\",\"dateModified\":\"2026-02-12T10:22:28+00:00\",\"breadcrumb\":{\"@id\":\"https:\\\/\\\/ses-creative.com\\\/fr\\\/produit\\\/bingo-de-voyage-avec-autocollants\\\/#breadcrumb\"},\"inLanguage\":\"fr-FR\",\"potentialAction\":[{\"@type\":\"ReadAction\",\"target\":[\"https:\\\/\\\/ses-creative.com\\\/fr\\\/produit\\\/bingo-de-voyage-avec-autocollants\\\/\"]}]},{\"@type\":\"ImageObject\",\"inLanguage\":\"fr-FR\",\"@id\":\"https:\\\/\\\/ses-creative.com\\\/fr\\\/produit\\\/bingo-de-voyage-avec-autocollants\\\/#primaryimage\",\"url\":\"https:\\\/\\\/ses-creative.com\\\/wp-content\\\/uploads\\\/2026\\\/01\\\/022381.jpg\",\"contentUrl\":\"https:\\\/\\\/ses-creative.com\\\/wp-content\\\/uploads\\\/2026\\\/01\\\/022381.jpg\",\"width\":1000,\"height\":1000},{\"@type\":\"BreadcrumbList\",\"@id\":\"https:\\\/\\\/ses-creative.com\\\/fr\\\/produit\\\/bingo-de-voyage-avec-autocollants\\\/#breadcrumb\",\"itemListElement\":[{\"@type\":\"ListItem\",\"position\":1,\"name\":\"Boutique\",\"item\":\"https:\\\/\\\/ses-creative.com\\\/fr\\\/boutique\\\/\"},{\"@type\":\"ListItem\",\"position\":2,\"name\":\"Jeux d\u2019ext\u00e9rieur\",\"item\":\"https:\\\/\\\/ses-creative.com\\\/fr\\\/product-categorie\\\/jeux-dexterieur\\\/\"},{\"@type\":\"ListItem\",\"position\":3,\"name\":\"Bingo de voyage avec autocollants\"}]},{\"@type\":\"WebSite\",\"@id\":\"https:\\\/\\\/ses-creative.com\\\/#website\",\"url\":\"https:\\\/\\\/ses-creative.com\\\/\",\"name\":\"SES Creative\",\"description\":\"\",\"publisher\":{\"@id\":\"https:\\\/\\\/ses-creative.com\\\/#organization\"},\"potentialAction\":[{\"@type\":\"SearchAction\",\"target\":{\"@type\":\"EntryPoint\",\"urlTemplate\":\"https:\\\/\\\/ses-creative.com\\\/?s={search_term_string}\"},\"query-input\":{\"@type\":\"PropertyValueSpecification\",\"valueRequired\":true,\"valueName\":\"search_term_string\"}}],\"inLanguage\":\"fr-FR\"},{\"@type\":\"Organization\",\"@id\":\"https:\\\/\\\/ses-creative.com\\\/#organization\",\"name\":\"SES Creative\",\"url\":\"https:\\\/\\\/ses-creative.com\\\/\",\"logo\":{\"@type\":\"ImageObject\",\"inLanguage\":\"fr-FR\",\"@id\":\"https:\\\/\\\/ses-creative.com\\\/#\\\/schema\\\/logo\\\/image\\\/\",\"url\":\"https:\\\/\\\/ses-creative.com\\\/wp-content\\\/uploads\\\/2025\\\/10\\\/ses-creative-logo.jpg\",\"contentUrl\":\"https:\\\/\\\/ses-creative.com\\\/wp-content\\\/uploads\\\/2025\\\/10\\\/ses-creative-logo.jpg\",\"width\":2037,\"height\":2037,\"caption\":\"SES Creative\"},\"image\":{\"@id\":\"https:\\\/\\\/ses-creative.com\\\/#\\\/schema\\\/logo\\\/image\\\/\"}}]}<\/script>\n<!-- \/ Yoast SEO plugin. -->","yoast_head_json":{"title":"Bingo de voyage avec autocollants - SES Creative","robots":{"index":"index","follow":"follow","max-snippet":"max-snippet:-1","max-image-preview":"max-image-preview:large","max-video-preview":"max-video-preview:-1"},"canonical":"https:\/\/ses-creative.com\/fr\/produit\/bingo-de-voyage-avec-autocollants\/","og_locale":"fr_FR","og_type":"article","og_title":"Bingo de voyage avec autocollants - SES Creative","og_description":"Jeu de voyage Autocollant pour fen\u00eatre Bingo : du plaisir pour la route ! Bingo ! Que le trajet en voiture soit long ou court, il n&rsquo;aura jamais \u00e9t\u00e9 aussi passionnant. Avec le bingo pour fen\u00eatre de voiture, vous transformez le trajet en jeu. Collez tous les autocollants sur la vitre de la voiture et [&hellip;]","og_url":"https:\/\/ses-creative.com\/fr\/produit\/bingo-de-voyage-avec-autocollants\/","og_site_name":"SES Creative","article_modified_time":"2026-02-12T10:22:28+00:00","twitter_card":"summary_large_image","twitter_misc":{"Dur\u00e9e de lecture estim\u00e9e":"2 minutes"},"schema":{"@context":"https:\/\/schema.org","@graph":[{"@type":"WebPage","@id":"https:\/\/ses-creative.com\/fr\/produit\/bingo-de-voyage-avec-autocollants\/","url":"https:\/\/ses-creative.com\/fr\/produit\/bingo-de-voyage-avec-autocollants\/","name":"Bingo de voyage avec autocollants - SES Creative","isPartOf":{"@id":"https:\/\/ses-creative.com\/#website"},"primaryImageOfPage":{"@id":"https:\/\/ses-creative.com\/fr\/produit\/bingo-de-voyage-avec-autocollants\/#primaryimage"},"image":{"@id":"https:\/\/ses-creative.com\/fr\/produit\/bingo-de-voyage-avec-autocollants\/#primaryimage"},"thumbnailUrl":"https:\/\/ses-creative.com\/wp-content\/uploads\/2026\/01\/022381.jpg","datePublished":"2026-02-12T10:08:38+00:00","dateModified":"2026-02-12T10:22:28+00:00","breadcrumb":{"@id":"https:\/\/ses-creative.com\/fr\/produit\/bingo-de-voyage-avec-autocollants\/#breadcrumb"},"inLanguage":"fr-FR","potentialAction":[{"@type":"ReadAction","target":["https:\/\/ses-creative.com\/fr\/produit\/bingo-de-voyage-avec-autocollants\/"]}]},{"@type":"ImageObject","inLanguage":"fr-FR","@id":"https:\/\/ses-creative.com\/fr\/produit\/bingo-de-voyage-avec-autocollants\/#primaryimage","url":"https:\/\/ses-creative.com\/wp-content\/uploads\/2026\/01\/022381.jpg","contentUrl":"https:\/\/ses-creative.com\/wp-content\/uploads\/2026\/01\/022381.jpg","width":1000,"height":1000},{"@type":"BreadcrumbList","@id":"https:\/\/ses-creative.com\/fr\/produit\/bingo-de-voyage-avec-autocollants\/#breadcrumb","itemListElement":[{"@type":"ListItem","position":1,"name":"Boutique","item":"https:\/\/ses-creative.com\/fr\/boutique\/"},{"@type":"ListItem","position":2,"name":"Jeux d\u2019ext\u00e9rieur","item":"https:\/\/ses-creative.com\/fr\/product-categorie\/jeux-dexterieur\/"},{"@type":"ListItem","position":3,"name":"Bingo de voyage avec autocollants"}]},{"@type":"WebSite","@id":"https:\/\/ses-creative.com\/#website","url":"https:\/\/ses-creative.com\/","name":"SES Creative","description":"","publisher":{"@id":"https:\/\/ses-creative.com\/#organization"},"potentialAction":[{"@type":"SearchAction","target":{"@type":"EntryPoint","urlTemplate":"https:\/\/ses-creative.com\/?s={search_term_string}"},"query-input":{"@type":"PropertyValueSpecification","valueRequired":true,"valueName":"search_term_string"}}],"inLanguage":"fr-FR"},{"@type":"Organization","@id":"https:\/\/ses-creative.com\/#organization","name":"SES Creative","url":"https:\/\/ses-creative.com\/","logo":{"@type":"ImageObject","inLanguage":"fr-FR","@id":"https:\/\/ses-creative.com\/#\/schema\/logo\/image\/","url":"https:\/\/ses-creative.com\/wp-content\/uploads\/2025\/10\/ses-creative-logo.jpg","contentUrl":"https:\/\/ses-creative.com\/wp-content\/uploads\/2025\/10\/ses-creative-logo.jpg","width":2037,"height":2037,"caption":"SES Creative"},"image":{"@id":"https:\/\/ses-creative.com\/#\/schema\/logo\/image\/"}}]}},"_links":{"self":[{"href":"https:\/\/ses-creative.com\/fr\/wp-json\/wp\/v2\/product\/118098","targetHints":{"allow":["GET"]}}],"collection":[{"href":"https:\/\/ses-creative.com\/fr\/wp-json\/wp\/v2\/product"}],"about":[{"href":"https:\/\/ses-creative.com\/fr\/wp-json\/wp\/v2\/types\/product"}],"replies":[{"embeddable":true,"href":"https:\/\/ses-creative.com\/fr\/wp-json\/wp\/v2\/comments?post=118098"}],"wp:featuredmedia":[{"embeddable":true,"href":"https:\/\/ses-creative.com\/fr\/wp-json\/wp\/v2\/media\/99028"}],"wp:attachment":[{"href":"https:\/\/ses-creative.com\/fr\/wp-json\/wp\/v2\/media?parent=118098"}],"wp:term":[{"taxonomy":"product_brand","embeddable":true,"href":"https:\/\/ses-creative.com\/fr\/wp-json\/wp\/v2\/product_brand?post=118098"},{"taxonomy":"product_cat","embeddable":true,"href":"https:\/\/ses-creative.com\/fr\/wp-json\/wp\/v2\/product_cat?post=118098"},{"taxonomy":"product_tag","embeddable":true,"href":"https:\/\/ses-creative.com\/fr\/wp-json\/wp\/v2\/product_tag?post=118098"}],"curies":[{"name":"wp","href":"https:\/\/api.w.org\/{rel}","templated":true}]}}