











{"id":118097,"date":"2026-02-12T10:08:37","date_gmt":"2026-02-12T10:08:37","guid":{"rendered":"https:\/\/ses-creative.com\/?post_type=product&#038;p=118097"},"modified":"2026-02-12T10:22:28","modified_gmt":"2026-02-12T10:22:28","slug":"first-to-find-cherche-sonne-et-collectionne-les-cartes","status":"publish","type":"product","link":"https:\/\/ses-creative.com\/fr\/produit\/first-to-find-cherche-sonne-et-collectionne-les-cartes\/","title":{"rendered":"First to find &#8211; Cherche sonne et collectionne les cartes"},"content":{"rendered":"<p>First to Find : Cherchez, sonnez et collectionnez !<br \/>\n\u00cates-vous pr\u00eat pour un jeu de recherche passionnant avec vos amis ? Avec SES Creative First to Find, vous vous amuserez sans fin en cherchant dans votre environnement les objets que vous voyez sur les cartes \u00e0 jouer. Lancez les trois d\u00e9s pour d\u00e9terminer ce que vous devez chercher : une couleur, un animal et un accessoire sp\u00e9cifiques. Cherche l&rsquo;animal correspondant le plus rapidement possible et appelle quand tu l&rsquo;as trouv\u00e9. Collecte le plus de cartes possible pour gagner !<br \/>\nCe qui rend ce jeu g\u00e9nial<br \/>\n&#8211;    Parfait pour jouer \u00e0 l&rsquo;ext\u00e9rieur, mais peut \u00e9galement \u00eatre utilis\u00e9 \u00e0 l&rsquo;int\u00e9rieur<br \/>\n&#8211;    Contient de jolies formes d&rsquo;animaux pour encore plus de plaisir<br \/>\n&#8211;    Jeu de recherche et de d\u00e9couverte, pour s&rsquo;amuser ensemble<br \/>\n&#8211;    Amusant \u00e0 jouer ensemble<br \/>\n&#8211;    Jeu actif<br \/>\nJeu de recherche actif et passionnant<br \/>\nFirst to Find est le jeu id\u00e9al pour l&rsquo;int\u00e9rieur et l&rsquo;ext\u00e9rieur. Les d\u00e9s d\u00e9terminent les caract\u00e9ristiques que vous devez rechercher : couleur, forme ou accessoire. Serez-vous le premier \u00e0 trouver l&rsquo;animal qui figure sur votre carte ? Ce jeu interactif encourage les enfants \u00e0 bouger et leur permet de d\u00e9couvrir leur environnement de mani\u00e8re ludique. Ce jeu est facile \u00e0 mettre en place et convient aux petits et grands groupes. Il encourage les enfants \u00e0 bien observer, \u00e0 r\u00e9fl\u00e9chir rapidement et \u00e0 bouger activement.<br \/>\nContenu du jeu<br \/>\n&#8211;    54 cartes de jeu rondes<br \/>\n&#8211;    3 d\u00e9s en bois<br \/>\n&#8211;    Sonnette et sac de rangement pratique<br \/>\n&#8211;    Instructions<br \/>\nPourquoi choisir SES Creative ?<br \/>\nChez SES Creative, nous accordons une grande importance \u00e0 la s\u00e9curit\u00e9. C&rsquo;est pourquoi nos produits sont fabriqu\u00e9s et test\u00e9s dans notre usine aux Pays-Bas, conform\u00e9ment aux normes de s\u00e9curit\u00e9 europ\u00e9ennes les plus strictes. Les jouets SES Creative sont source de plaisir et permettent aux enfants d&rsquo;\u00eatre fiers de leur travail, ce qui stimule leur cr\u00e9ativit\u00e9 et leur d\u00e9veloppement.<br \/>\nPr\u00eat \u00e0 chercher et \u00e0 trouver ?<br \/>\nSortez le set SES Creative First to Find et lancez-vous dans un jeu stimulant, plein d&rsquo;action et de plaisir. Invitez vos amis, lancez les d\u00e9s et d\u00e9couvrez qui est le plus rapide pour chercher et collectionner. Qu&rsquo;attendez-vous ? Jouez et collectionnez-les tous !<\/p>\n","protected":false},"excerpt":{"rendered":"<p>First to Find : Cherchez, sonnez et collectionnez ! \u00cates-vous pr\u00eat pour un jeu de recherche passionnant avec vos amis ? Avec SES Creative First to Find, vous vous amuserez sans fin en cherchant dans votre environnement les objets que vous voyez sur les cartes \u00e0 jouer. Lancez les trois d\u00e9s pour d\u00e9terminer ce que [&hellip;]<\/p>\n","protected":false},"featured_media":110325,"comment_status":"closed","ping_status":"closed","template":"","meta":{"_acf_changed":false},"product_brand":[],"product_cat":[126],"product_tag":[],"class_list":{"0":"post-118097","1":"product","2":"type-product","3":"status-publish","4":"has-post-thumbnail","6":"product_cat-jeux-dexterieur","7":"pa_leeftijd-filter-3-4-ans","8":"pa_meest-populair-bij-garcons-filles","10":"first","11":"instock","12":"shipping-taxable","13":"product-type-simple"},"acf":[],"yoast_head":"<!-- This site is optimized with the Yoast SEO plugin v27.4 - https:\/\/yoast.com\/product\/yoast-seo-wordpress\/ -->\n<title>First to find - Cherche sonne et collectionne les cartes - SES Creative<\/title>\n<meta name=\"robots\" content=\"index, follow, max-snippet:-1, max-image-preview:large, max-video-preview:-1\" \/>\n<link rel=\"canonical\" href=\"https:\/\/ses-creative.com\/fr\/produit\/first-to-find-cherche-sonne-et-collectionne-les-cartes\/\" \/>\n<meta property=\"og:locale\" content=\"fr_FR\" \/>\n<meta property=\"og:type\" content=\"article\" \/>\n<meta property=\"og:title\" content=\"First to find - Cherche sonne et collectionne les cartes - SES Creative\" \/>\n<meta property=\"og:description\" content=\"First to Find : Cherchez, sonnez et collectionnez ! \u00cates-vous pr\u00eat pour un jeu de recherche passionnant avec vos amis ? Avec SES Creative First to Find, vous vous amuserez sans fin en cherchant dans votre environnement les objets que vous voyez sur les cartes \u00e0 jouer. Lancez les trois d\u00e9s pour d\u00e9terminer ce que [&hellip;]\" \/>\n<meta property=\"og:url\" content=\"https:\/\/ses-creative.com\/fr\/produit\/first-to-find-cherche-sonne-et-collectionne-les-cartes\/\" \/>\n<meta property=\"og:site_name\" content=\"SES Creative\" \/>\n<meta property=\"article:modified_time\" content=\"2026-02-12T10:22:28+00:00\" \/>\n<meta name=\"twitter:card\" content=\"summary_large_image\" \/>\n<meta name=\"twitter:label1\" content=\"Dur\u00e9e de lecture estim\u00e9e\" \/>\n\t<meta name=\"twitter:data1\" content=\"2 minutes\" \/>\n<script type=\"application\/ld+json\" class=\"yoast-schema-graph\">{\"@context\":\"https:\\\/\\\/schema.org\",\"@graph\":[{\"@type\":\"WebPage\",\"@id\":\"https:\\\/\\\/ses-creative.com\\\/fr\\\/produit\\\/first-to-find-cherche-sonne-et-collectionne-les-cartes\\\/\",\"url\":\"https:\\\/\\\/ses-creative.com\\\/fr\\\/produit\\\/first-to-find-cherche-sonne-et-collectionne-les-cartes\\\/\",\"name\":\"First to find - Cherche sonne et collectionne les cartes - SES Creative\",\"isPartOf\":{\"@id\":\"https:\\\/\\\/ses-creative.com\\\/#website\"},\"primaryImageOfPage\":{\"@id\":\"https:\\\/\\\/ses-creative.com\\\/fr\\\/produit\\\/first-to-find-cherche-sonne-et-collectionne-les-cartes\\\/#primaryimage\"},\"image\":{\"@id\":\"https:\\\/\\\/ses-creative.com\\\/fr\\\/produit\\\/first-to-find-cherche-sonne-et-collectionne-les-cartes\\\/#primaryimage\"},\"thumbnailUrl\":\"https:\\\/\\\/ses-creative.com\\\/wp-content\\\/uploads\\\/2025\\\/12\\\/02234.jpeg\",\"datePublished\":\"2026-02-12T10:08:37+00:00\",\"dateModified\":\"2026-02-12T10:22:28+00:00\",\"breadcrumb\":{\"@id\":\"https:\\\/\\\/ses-creative.com\\\/fr\\\/produit\\\/first-to-find-cherche-sonne-et-collectionne-les-cartes\\\/#breadcrumb\"},\"inLanguage\":\"fr-FR\",\"potentialAction\":[{\"@type\":\"ReadAction\",\"target\":[\"https:\\\/\\\/ses-creative.com\\\/fr\\\/produit\\\/first-to-find-cherche-sonne-et-collectionne-les-cartes\\\/\"]}]},{\"@type\":\"ImageObject\",\"inLanguage\":\"fr-FR\",\"@id\":\"https:\\\/\\\/ses-creative.com\\\/fr\\\/produit\\\/first-to-find-cherche-sonne-et-collectionne-les-cartes\\\/#primaryimage\",\"url\":\"https:\\\/\\\/ses-creative.com\\\/wp-content\\\/uploads\\\/2025\\\/12\\\/02234.jpeg\",\"contentUrl\":\"https:\\\/\\\/ses-creative.com\\\/wp-content\\\/uploads\\\/2025\\\/12\\\/02234.jpeg\",\"width\":2000,\"height\":2000},{\"@type\":\"BreadcrumbList\",\"@id\":\"https:\\\/\\\/ses-creative.com\\\/fr\\\/produit\\\/first-to-find-cherche-sonne-et-collectionne-les-cartes\\\/#breadcrumb\",\"itemListElement\":[{\"@type\":\"ListItem\",\"position\":1,\"name\":\"Boutique\",\"item\":\"https:\\\/\\\/ses-creative.com\\\/fr\\\/boutique\\\/\"},{\"@type\":\"ListItem\",\"position\":2,\"name\":\"Jeux d\u2019ext\u00e9rieur\",\"item\":\"https:\\\/\\\/ses-creative.com\\\/fr\\\/product-categorie\\\/jeux-dexterieur\\\/\"},{\"@type\":\"ListItem\",\"position\":3,\"name\":\"First to find &#8211; Cherche sonne et collectionne les cartes\"}]},{\"@type\":\"WebSite\",\"@id\":\"https:\\\/\\\/ses-creative.com\\\/#website\",\"url\":\"https:\\\/\\\/ses-creative.com\\\/\",\"name\":\"SES Creative\",\"description\":\"\",\"publisher\":{\"@id\":\"https:\\\/\\\/ses-creative.com\\\/#organization\"},\"potentialAction\":[{\"@type\":\"SearchAction\",\"target\":{\"@type\":\"EntryPoint\",\"urlTemplate\":\"https:\\\/\\\/ses-creative.com\\\/?s={search_term_string}\"},\"query-input\":{\"@type\":\"PropertyValueSpecification\",\"valueRequired\":true,\"valueName\":\"search_term_string\"}}],\"inLanguage\":\"fr-FR\"},{\"@type\":\"Organization\",\"@id\":\"https:\\\/\\\/ses-creative.com\\\/#organization\",\"name\":\"SES Creative\",\"url\":\"https:\\\/\\\/ses-creative.com\\\/\",\"logo\":{\"@type\":\"ImageObject\",\"inLanguage\":\"fr-FR\",\"@id\":\"https:\\\/\\\/ses-creative.com\\\/#\\\/schema\\\/logo\\\/image\\\/\",\"url\":\"https:\\\/\\\/ses-creative.com\\\/wp-content\\\/uploads\\\/2025\\\/10\\\/ses-creative-logo.jpg\",\"contentUrl\":\"https:\\\/\\\/ses-creative.com\\\/wp-content\\\/uploads\\\/2025\\\/10\\\/ses-creative-logo.jpg\",\"width\":2037,\"height\":2037,\"caption\":\"SES Creative\"},\"image\":{\"@id\":\"https:\\\/\\\/ses-creative.com\\\/#\\\/schema\\\/logo\\\/image\\\/\"}}]}<\/script>\n<!-- \/ Yoast SEO plugin. -->","yoast_head_json":{"title":"First to find - Cherche sonne et collectionne les cartes - SES Creative","robots":{"index":"index","follow":"follow","max-snippet":"max-snippet:-1","max-image-preview":"max-image-preview:large","max-video-preview":"max-video-preview:-1"},"canonical":"https:\/\/ses-creative.com\/fr\/produit\/first-to-find-cherche-sonne-et-collectionne-les-cartes\/","og_locale":"fr_FR","og_type":"article","og_title":"First to find - Cherche sonne et collectionne les cartes - SES Creative","og_description":"First to Find : Cherchez, sonnez et collectionnez ! \u00cates-vous pr\u00eat pour un jeu de recherche passionnant avec vos amis ? Avec SES Creative First to Find, vous vous amuserez sans fin en cherchant dans votre environnement les objets que vous voyez sur les cartes \u00e0 jouer. Lancez les trois d\u00e9s pour d\u00e9terminer ce que [&hellip;]","og_url":"https:\/\/ses-creative.com\/fr\/produit\/first-to-find-cherche-sonne-et-collectionne-les-cartes\/","og_site_name":"SES Creative","article_modified_time":"2026-02-12T10:22:28+00:00","twitter_card":"summary_large_image","twitter_misc":{"Dur\u00e9e de lecture estim\u00e9e":"2 minutes"},"schema":{"@context":"https:\/\/schema.org","@graph":[{"@type":"WebPage","@id":"https:\/\/ses-creative.com\/fr\/produit\/first-to-find-cherche-sonne-et-collectionne-les-cartes\/","url":"https:\/\/ses-creative.com\/fr\/produit\/first-to-find-cherche-sonne-et-collectionne-les-cartes\/","name":"First to find - Cherche sonne et collectionne les cartes - SES Creative","isPartOf":{"@id":"https:\/\/ses-creative.com\/#website"},"primaryImageOfPage":{"@id":"https:\/\/ses-creative.com\/fr\/produit\/first-to-find-cherche-sonne-et-collectionne-les-cartes\/#primaryimage"},"image":{"@id":"https:\/\/ses-creative.com\/fr\/produit\/first-to-find-cherche-sonne-et-collectionne-les-cartes\/#primaryimage"},"thumbnailUrl":"https:\/\/ses-creative.com\/wp-content\/uploads\/2025\/12\/02234.jpeg","datePublished":"2026-02-12T10:08:37+00:00","dateModified":"2026-02-12T10:22:28+00:00","breadcrumb":{"@id":"https:\/\/ses-creative.com\/fr\/produit\/first-to-find-cherche-sonne-et-collectionne-les-cartes\/#breadcrumb"},"inLanguage":"fr-FR","potentialAction":[{"@type":"ReadAction","target":["https:\/\/ses-creative.com\/fr\/produit\/first-to-find-cherche-sonne-et-collectionne-les-cartes\/"]}]},{"@type":"ImageObject","inLanguage":"fr-FR","@id":"https:\/\/ses-creative.com\/fr\/produit\/first-to-find-cherche-sonne-et-collectionne-les-cartes\/#primaryimage","url":"https:\/\/ses-creative.com\/wp-content\/uploads\/2025\/12\/02234.jpeg","contentUrl":"https:\/\/ses-creative.com\/wp-content\/uploads\/2025\/12\/02234.jpeg","width":2000,"height":2000},{"@type":"BreadcrumbList","@id":"https:\/\/ses-creative.com\/fr\/produit\/first-to-find-cherche-sonne-et-collectionne-les-cartes\/#breadcrumb","itemListElement":[{"@type":"ListItem","position":1,"name":"Boutique","item":"https:\/\/ses-creative.com\/fr\/boutique\/"},{"@type":"ListItem","position":2,"name":"Jeux d\u2019ext\u00e9rieur","item":"https:\/\/ses-creative.com\/fr\/product-categorie\/jeux-dexterieur\/"},{"@type":"ListItem","position":3,"name":"First to find &#8211; Cherche sonne et collectionne les cartes"}]},{"@type":"WebSite","@id":"https:\/\/ses-creative.com\/#website","url":"https:\/\/ses-creative.com\/","name":"SES Creative","description":"","publisher":{"@id":"https:\/\/ses-creative.com\/#organization"},"potentialAction":[{"@type":"SearchAction","target":{"@type":"EntryPoint","urlTemplate":"https:\/\/ses-creative.com\/?s={search_term_string}"},"query-input":{"@type":"PropertyValueSpecification","valueRequired":true,"valueName":"search_term_string"}}],"inLanguage":"fr-FR"},{"@type":"Organization","@id":"https:\/\/ses-creative.com\/#organization","name":"SES Creative","url":"https:\/\/ses-creative.com\/","logo":{"@type":"ImageObject","inLanguage":"fr-FR","@id":"https:\/\/ses-creative.com\/#\/schema\/logo\/image\/","url":"https:\/\/ses-creative.com\/wp-content\/uploads\/2025\/10\/ses-creative-logo.jpg","contentUrl":"https:\/\/ses-creative.com\/wp-content\/uploads\/2025\/10\/ses-creative-logo.jpg","width":2037,"height":2037,"caption":"SES Creative"},"image":{"@id":"https:\/\/ses-creative.com\/#\/schema\/logo\/image\/"}}]}},"_links":{"self":[{"href":"https:\/\/ses-creative.com\/fr\/wp-json\/wp\/v2\/product\/118097","targetHints":{"allow":["GET"]}}],"collection":[{"href":"https:\/\/ses-creative.com\/fr\/wp-json\/wp\/v2\/product"}],"about":[{"href":"https:\/\/ses-creative.com\/fr\/wp-json\/wp\/v2\/types\/product"}],"replies":[{"embeddable":true,"href":"https:\/\/ses-creative.com\/fr\/wp-json\/wp\/v2\/comments?post=118097"}],"wp:featuredmedia":[{"embeddable":true,"href":"https:\/\/ses-creative.com\/fr\/wp-json\/wp\/v2\/media\/110325"}],"wp:attachment":[{"href":"https:\/\/ses-creative.com\/fr\/wp-json\/wp\/v2\/media?parent=118097"}],"wp:term":[{"taxonomy":"product_brand","embeddable":true,"href":"https:\/\/ses-creative.com\/fr\/wp-json\/wp\/v2\/product_brand?post=118097"},{"taxonomy":"product_cat","embeddable":true,"href":"https:\/\/ses-creative.com\/fr\/wp-json\/wp\/v2\/product_cat?post=118097"},{"taxonomy":"product_tag","embeddable":true,"href":"https:\/\/ses-creative.com\/fr\/wp-json\/wp\/v2\/product_tag?post=118097"}],"curies":[{"name":"wp","href":"https:\/\/api.w.org\/{rel}","templated":true}]}}