











{"id":118095,"date":"2026-02-12T10:08:37","date_gmt":"2026-02-12T10:08:37","guid":{"rendered":"https:\/\/ses-creative.com\/?post_type=product&#038;p=118095"},"modified":"2026-02-12T10:22:28","modified_gmt":"2026-02-12T10:22:28","slug":"splash-balles-deau","status":"publish","type":"product","link":"https:\/\/ses-creative.com\/fr\/produit\/splash-balles-deau\/","title":{"rendered":"Splash &#8211; balles d&rsquo;eau"},"content":{"rendered":"<p>Ce kit de balles d\u2019eau r\u00e9utilisables est une excellente alternative aux bombes \u00e0 eau classiques. Faciles \u00e0 utiliser, ces balles absorbent l\u2019eau lorsqu\u2019elles sont plong\u00e9es dans un seau, puis lib\u00e8rent progressivement l\u2019humidit\u00e9 lorsqu\u2019elles sont lanc\u00e9es. Elles garantissent des heures de jeu interactif sans produire de d\u00e9chets plastiques.<\/p>\n<p>Gr\u00e2ce \u00e0 leur conception durable, ces bombes \u00e0 eau enfants peuvent \u00eatre utilis\u00e9es encore et encore. Elles conviennent aussi bien pour des jeux mouill\u00e9s rafra\u00eechissants que pour des activit\u00e9s s\u00e8ches. Leur texture douce permet de les lancer et de les attraper en toute s\u00e9curit\u00e9, sans risque de blessure.<\/p>\n<p>Le kit contient 28 balles d\u2019eau color\u00e9es qui apportent une touche de dynamisme aux batailles d\u2019eau et aux jeux en plein air. Elles sont faciles \u00e0 rincer et pr\u00eates \u00e0 \u00eatre r\u00e9utilis\u00e9es imm\u00e9diatement apr\u00e8s usage. Une solution pratique et amusante pour profiter des journ\u00e9es ensoleill\u00e9es sans avoir \u00e0 remplir des ballons d\u2019eau jetables.<\/p>\n<p>Id\u00e9al pour les enfants d\u00e8s 3 ans, ce jeu bataille d\u2019eau encourage l\u2019activit\u00e9 physique et la coordination tout en offrant une exp\u00e9rience de jeu rafra\u00eechissante. Une id\u00e9e cadeau originale qui animera les f\u00eates et les journ\u00e9es d\u2019\u00e9t\u00e9 en famille ou entre amis.<\/p>\n","protected":false},"excerpt":{"rendered":"<p>Ce kit de balles d\u2019eau r\u00e9utilisables est une excellente alternative aux bombes \u00e0 eau classiques. Faciles \u00e0 utiliser, ces balles absorbent l\u2019eau lorsqu\u2019elles sont plong\u00e9es dans un seau, puis lib\u00e8rent progressivement l\u2019humidit\u00e9 lorsqu\u2019elles sont lanc\u00e9es. Elles garantissent des heures de jeu interactif sans produire de d\u00e9chets plastiques. Gr\u00e2ce \u00e0 leur conception durable, ces bombes \u00e0 [&hellip;]<\/p>\n","protected":false},"featured_media":98988,"comment_status":"closed","ping_status":"closed","template":"","meta":{"_acf_changed":false},"product_brand":[],"product_cat":[126],"product_tag":[],"class_list":{"0":"post-118095","1":"product","2":"type-product","3":"status-publish","4":"has-post-thumbnail","6":"product_cat-jeux-dexterieur","7":"pa_collecties-splash-water-balls","8":"pa_leeftijd-filter-3-4-ans","9":"pa_meest-populair-bij-garcons-filles","11":"first","12":"instock","13":"shipping-taxable","14":"product-type-simple"},"acf":[],"yoast_head":"<!-- This site is optimized with the Yoast SEO plugin v27.4 - https:\/\/yoast.com\/product\/yoast-seo-wordpress\/ -->\n<title>Splash - balles d&#039;eau - SES Creative<\/title>\n<meta name=\"robots\" content=\"index, follow, max-snippet:-1, max-image-preview:large, max-video-preview:-1\" \/>\n<link rel=\"canonical\" href=\"https:\/\/ses-creative.com\/fr\/produit\/splash-balles-deau\/\" \/>\n<meta property=\"og:locale\" content=\"fr_FR\" \/>\n<meta property=\"og:type\" content=\"article\" \/>\n<meta property=\"og:title\" content=\"Splash - balles d&#039;eau - SES Creative\" \/>\n<meta property=\"og:description\" content=\"Ce kit de balles d\u2019eau r\u00e9utilisables est une excellente alternative aux bombes \u00e0 eau classiques. Faciles \u00e0 utiliser, ces balles absorbent l\u2019eau lorsqu\u2019elles sont plong\u00e9es dans un seau, puis lib\u00e8rent progressivement l\u2019humidit\u00e9 lorsqu\u2019elles sont lanc\u00e9es. Elles garantissent des heures de jeu interactif sans produire de d\u00e9chets plastiques. Gr\u00e2ce \u00e0 leur conception durable, ces bombes \u00e0 [&hellip;]\" \/>\n<meta property=\"og:url\" content=\"https:\/\/ses-creative.com\/fr\/produit\/splash-balles-deau\/\" \/>\n<meta property=\"og:site_name\" content=\"SES Creative\" \/>\n<meta property=\"article:modified_time\" content=\"2026-02-12T10:22:28+00:00\" \/>\n<meta name=\"twitter:card\" content=\"summary_large_image\" \/>\n<meta name=\"twitter:label1\" content=\"Dur\u00e9e de lecture estim\u00e9e\" \/>\n\t<meta name=\"twitter:data1\" content=\"1 minute\" \/>\n<script type=\"application\/ld+json\" class=\"yoast-schema-graph\">{\"@context\":\"https:\\\/\\\/schema.org\",\"@graph\":[{\"@type\":\"WebPage\",\"@id\":\"https:\\\/\\\/ses-creative.com\\\/fr\\\/produit\\\/splash-balles-deau\\\/\",\"url\":\"https:\\\/\\\/ses-creative.com\\\/fr\\\/produit\\\/splash-balles-deau\\\/\",\"name\":\"Splash - balles d'eau - SES Creative\",\"isPartOf\":{\"@id\":\"https:\\\/\\\/ses-creative.com\\\/#website\"},\"primaryImageOfPage\":{\"@id\":\"https:\\\/\\\/ses-creative.com\\\/fr\\\/produit\\\/splash-balles-deau\\\/#primaryimage\"},\"image\":{\"@id\":\"https:\\\/\\\/ses-creative.com\\\/fr\\\/produit\\\/splash-balles-deau\\\/#primaryimage\"},\"thumbnailUrl\":\"https:\\\/\\\/ses-creative.com\\\/wp-content\\\/uploads\\\/2026\\\/01\\\/022291.jpg\",\"datePublished\":\"2026-02-12T10:08:37+00:00\",\"dateModified\":\"2026-02-12T10:22:28+00:00\",\"breadcrumb\":{\"@id\":\"https:\\\/\\\/ses-creative.com\\\/fr\\\/produit\\\/splash-balles-deau\\\/#breadcrumb\"},\"inLanguage\":\"fr-FR\",\"potentialAction\":[{\"@type\":\"ReadAction\",\"target\":[\"https:\\\/\\\/ses-creative.com\\\/fr\\\/produit\\\/splash-balles-deau\\\/\"]}]},{\"@type\":\"ImageObject\",\"inLanguage\":\"fr-FR\",\"@id\":\"https:\\\/\\\/ses-creative.com\\\/fr\\\/produit\\\/splash-balles-deau\\\/#primaryimage\",\"url\":\"https:\\\/\\\/ses-creative.com\\\/wp-content\\\/uploads\\\/2026\\\/01\\\/022291.jpg\",\"contentUrl\":\"https:\\\/\\\/ses-creative.com\\\/wp-content\\\/uploads\\\/2026\\\/01\\\/022291.jpg\",\"width\":1000,\"height\":1000},{\"@type\":\"BreadcrumbList\",\"@id\":\"https:\\\/\\\/ses-creative.com\\\/fr\\\/produit\\\/splash-balles-deau\\\/#breadcrumb\",\"itemListElement\":[{\"@type\":\"ListItem\",\"position\":1,\"name\":\"Boutique\",\"item\":\"https:\\\/\\\/ses-creative.com\\\/fr\\\/boutique\\\/\"},{\"@type\":\"ListItem\",\"position\":2,\"name\":\"Jeux d\u2019ext\u00e9rieur\",\"item\":\"https:\\\/\\\/ses-creative.com\\\/fr\\\/product-categorie\\\/jeux-dexterieur\\\/\"},{\"@type\":\"ListItem\",\"position\":3,\"name\":\"Splash &#8211; balles d&#8217;eau\"}]},{\"@type\":\"WebSite\",\"@id\":\"https:\\\/\\\/ses-creative.com\\\/#website\",\"url\":\"https:\\\/\\\/ses-creative.com\\\/\",\"name\":\"SES Creative\",\"description\":\"\",\"publisher\":{\"@id\":\"https:\\\/\\\/ses-creative.com\\\/#organization\"},\"potentialAction\":[{\"@type\":\"SearchAction\",\"target\":{\"@type\":\"EntryPoint\",\"urlTemplate\":\"https:\\\/\\\/ses-creative.com\\\/?s={search_term_string}\"},\"query-input\":{\"@type\":\"PropertyValueSpecification\",\"valueRequired\":true,\"valueName\":\"search_term_string\"}}],\"inLanguage\":\"fr-FR\"},{\"@type\":\"Organization\",\"@id\":\"https:\\\/\\\/ses-creative.com\\\/#organization\",\"name\":\"SES Creative\",\"url\":\"https:\\\/\\\/ses-creative.com\\\/\",\"logo\":{\"@type\":\"ImageObject\",\"inLanguage\":\"fr-FR\",\"@id\":\"https:\\\/\\\/ses-creative.com\\\/#\\\/schema\\\/logo\\\/image\\\/\",\"url\":\"https:\\\/\\\/ses-creative.com\\\/wp-content\\\/uploads\\\/2025\\\/10\\\/ses-creative-logo.jpg\",\"contentUrl\":\"https:\\\/\\\/ses-creative.com\\\/wp-content\\\/uploads\\\/2025\\\/10\\\/ses-creative-logo.jpg\",\"width\":2037,\"height\":2037,\"caption\":\"SES Creative\"},\"image\":{\"@id\":\"https:\\\/\\\/ses-creative.com\\\/#\\\/schema\\\/logo\\\/image\\\/\"}}]}<\/script>\n<!-- \/ Yoast SEO plugin. -->","yoast_head_json":{"title":"Splash - balles d'eau - SES Creative","robots":{"index":"index","follow":"follow","max-snippet":"max-snippet:-1","max-image-preview":"max-image-preview:large","max-video-preview":"max-video-preview:-1"},"canonical":"https:\/\/ses-creative.com\/fr\/produit\/splash-balles-deau\/","og_locale":"fr_FR","og_type":"article","og_title":"Splash - balles d'eau - SES Creative","og_description":"Ce kit de balles d\u2019eau r\u00e9utilisables est une excellente alternative aux bombes \u00e0 eau classiques. Faciles \u00e0 utiliser, ces balles absorbent l\u2019eau lorsqu\u2019elles sont plong\u00e9es dans un seau, puis lib\u00e8rent progressivement l\u2019humidit\u00e9 lorsqu\u2019elles sont lanc\u00e9es. Elles garantissent des heures de jeu interactif sans produire de d\u00e9chets plastiques. Gr\u00e2ce \u00e0 leur conception durable, ces bombes \u00e0 [&hellip;]","og_url":"https:\/\/ses-creative.com\/fr\/produit\/splash-balles-deau\/","og_site_name":"SES Creative","article_modified_time":"2026-02-12T10:22:28+00:00","twitter_card":"summary_large_image","twitter_misc":{"Dur\u00e9e de lecture estim\u00e9e":"1 minute"},"schema":{"@context":"https:\/\/schema.org","@graph":[{"@type":"WebPage","@id":"https:\/\/ses-creative.com\/fr\/produit\/splash-balles-deau\/","url":"https:\/\/ses-creative.com\/fr\/produit\/splash-balles-deau\/","name":"Splash - balles d'eau - SES Creative","isPartOf":{"@id":"https:\/\/ses-creative.com\/#website"},"primaryImageOfPage":{"@id":"https:\/\/ses-creative.com\/fr\/produit\/splash-balles-deau\/#primaryimage"},"image":{"@id":"https:\/\/ses-creative.com\/fr\/produit\/splash-balles-deau\/#primaryimage"},"thumbnailUrl":"https:\/\/ses-creative.com\/wp-content\/uploads\/2026\/01\/022291.jpg","datePublished":"2026-02-12T10:08:37+00:00","dateModified":"2026-02-12T10:22:28+00:00","breadcrumb":{"@id":"https:\/\/ses-creative.com\/fr\/produit\/splash-balles-deau\/#breadcrumb"},"inLanguage":"fr-FR","potentialAction":[{"@type":"ReadAction","target":["https:\/\/ses-creative.com\/fr\/produit\/splash-balles-deau\/"]}]},{"@type":"ImageObject","inLanguage":"fr-FR","@id":"https:\/\/ses-creative.com\/fr\/produit\/splash-balles-deau\/#primaryimage","url":"https:\/\/ses-creative.com\/wp-content\/uploads\/2026\/01\/022291.jpg","contentUrl":"https:\/\/ses-creative.com\/wp-content\/uploads\/2026\/01\/022291.jpg","width":1000,"height":1000},{"@type":"BreadcrumbList","@id":"https:\/\/ses-creative.com\/fr\/produit\/splash-balles-deau\/#breadcrumb","itemListElement":[{"@type":"ListItem","position":1,"name":"Boutique","item":"https:\/\/ses-creative.com\/fr\/boutique\/"},{"@type":"ListItem","position":2,"name":"Jeux d\u2019ext\u00e9rieur","item":"https:\/\/ses-creative.com\/fr\/product-categorie\/jeux-dexterieur\/"},{"@type":"ListItem","position":3,"name":"Splash &#8211; balles d&#8217;eau"}]},{"@type":"WebSite","@id":"https:\/\/ses-creative.com\/#website","url":"https:\/\/ses-creative.com\/","name":"SES Creative","description":"","publisher":{"@id":"https:\/\/ses-creative.com\/#organization"},"potentialAction":[{"@type":"SearchAction","target":{"@type":"EntryPoint","urlTemplate":"https:\/\/ses-creative.com\/?s={search_term_string}"},"query-input":{"@type":"PropertyValueSpecification","valueRequired":true,"valueName":"search_term_string"}}],"inLanguage":"fr-FR"},{"@type":"Organization","@id":"https:\/\/ses-creative.com\/#organization","name":"SES Creative","url":"https:\/\/ses-creative.com\/","logo":{"@type":"ImageObject","inLanguage":"fr-FR","@id":"https:\/\/ses-creative.com\/#\/schema\/logo\/image\/","url":"https:\/\/ses-creative.com\/wp-content\/uploads\/2025\/10\/ses-creative-logo.jpg","contentUrl":"https:\/\/ses-creative.com\/wp-content\/uploads\/2025\/10\/ses-creative-logo.jpg","width":2037,"height":2037,"caption":"SES Creative"},"image":{"@id":"https:\/\/ses-creative.com\/#\/schema\/logo\/image\/"}}]}},"_links":{"self":[{"href":"https:\/\/ses-creative.com\/fr\/wp-json\/wp\/v2\/product\/118095","targetHints":{"allow":["GET"]}}],"collection":[{"href":"https:\/\/ses-creative.com\/fr\/wp-json\/wp\/v2\/product"}],"about":[{"href":"https:\/\/ses-creative.com\/fr\/wp-json\/wp\/v2\/types\/product"}],"replies":[{"embeddable":true,"href":"https:\/\/ses-creative.com\/fr\/wp-json\/wp\/v2\/comments?post=118095"}],"wp:featuredmedia":[{"embeddable":true,"href":"https:\/\/ses-creative.com\/fr\/wp-json\/wp\/v2\/media\/98988"}],"wp:attachment":[{"href":"https:\/\/ses-creative.com\/fr\/wp-json\/wp\/v2\/media?parent=118095"}],"wp:term":[{"taxonomy":"product_brand","embeddable":true,"href":"https:\/\/ses-creative.com\/fr\/wp-json\/wp\/v2\/product_brand?post=118095"},{"taxonomy":"product_cat","embeddable":true,"href":"https:\/\/ses-creative.com\/fr\/wp-json\/wp\/v2\/product_cat?post=118095"},{"taxonomy":"product_tag","embeddable":true,"href":"https:\/\/ses-creative.com\/fr\/wp-json\/wp\/v2\/product_tag?post=118095"}],"curies":[{"name":"wp","href":"https:\/\/api.w.org\/{rel}","templated":true}]}}