











{"id":118094,"date":"2026-02-12T10:08:37","date_gmt":"2026-02-12T10:08:37","guid":{"rendered":"https:\/\/ses-creative.com\/?post_type=product&#038;p=118094"},"modified":"2026-02-12T10:22:27","modified_gmt":"2026-02-12T10:22:27","slug":"amuse-toi-tennis-et-frisbee","status":"publish","type":"product","link":"https:\/\/ses-creative.com\/fr\/produit\/amuse-toi-tennis-et-frisbee\/","title":{"rendered":"Amuse-toi tennis et frisbee"},"content":{"rendered":"<p>Deux fois plus de plaisir avec Tennis et Frisbee Fun !<br \/>\nPr\u00e9parez-vous \u00e0 passer un moment actif et amusant en plein air avec le set Tennis et Frisbee Fun de SES Creative. Ce set combine deux jeux d&rsquo;ext\u00e9rieur populaires en un : le tennis et le frisbee. Que vous choisissiez de jouer au tennis ou de faire voler le frisbee dans les airs, ce set vous garantit des heures de plaisir.<br \/>\nCe qui rend ce kit g\u00e9nial<br \/>\n&#8211;    Deux jeux en un pour deux fois plus de plaisir<br \/>\n&#8211;    Le frisbee de tennis est extra large, ce qui le rend facile et amusant \u00e0 jouer<br \/>\n&#8211;    Convient aussi bien au tennis qu&rsquo;au frisbee<br \/>\n&#8211;    Id\u00e9al pour les activit\u00e9s de plein air et les jeux estivaux<br \/>\n&#8211;    Parfait pour les enfants \u00e0 partir de 3 ans<br \/>\nProfitez d&rsquo;une exp\u00e9rience de jeu en plein air ultime<br \/>\nAvec le set Tennis et Frisbee Fun, les enfants peuvent choisir entre une partie de tennis passionnante ou lancer le frisbee sur de longues distances. Le set comprend deux grands anneaux de tennis\/frisbee solides et des balles l\u00e9g\u00e8res, ce qui permet de jouer facilement aux deux jeux. Que vous soyez dans le jardin, au parc ou \u00e0 la plage, ce set offre un plaisir de jeu sans fin et est le moyen id\u00e9al pour garder les enfants actifs et leur permettre de profiter du grand air.<br \/>\nLes anneaux sont faciles \u00e0 assembler et peuvent \u00eatre utilis\u00e9s aussi bien pour le tennis que pour le frisbee, ce qui rend le set polyvalent et amusant pour les enfants de tous \u00e2ges. Il est \u00e9galement facile \u00e0 d\u00e9monter pour le transporter facilement.<br \/>\nContenu du set<br \/>\n&#8211;    2 anneaux de tennis\/frisbee, faciles \u00e0 assembler et \u00e0 d\u00e9monter<br \/>\n&#8211;    2 balles l\u00e9g\u00e8res<br \/>\n&#8211;    Mode d&#8217;emploi<br \/>\nPourquoi choisir SES Creative ?<br \/>\nChez SES Creative, nous accordons une grande importance \u00e0 la s\u00e9curit\u00e9. C&rsquo;est pourquoi nos produits sont fabriqu\u00e9s et test\u00e9s dans notre usine aux Pays-Bas, conform\u00e9ment aux normes de s\u00e9curit\u00e9 europ\u00e9ennes les plus strictes. Les jouets SES Creative sont source de plaisir et permettent aux enfants d&rsquo;\u00eatre fiers de leur travail, ce qui stimule leur cr\u00e9ativit\u00e9 et leur d\u00e9veloppement.<br \/>\nCommencez \u00e0 jouer d\u00e8s aujourd&rsquo;hui !<br \/>\nAvec le set Tennis et Frisbee Fun, vous \u00eates toujours pr\u00eat pour un jeu amusant en plein air. Prenez les anneaux et les balles et d\u00e9couvrez tout le plaisir que vous pouvez avoir avec ce set polyvalent !<\/p>\n","protected":false},"excerpt":{"rendered":"<p>Deux fois plus de plaisir avec Tennis et Frisbee Fun ! Pr\u00e9parez-vous \u00e0 passer un moment actif et amusant en plein air avec le set Tennis et Frisbee Fun de SES Creative. Ce set combine deux jeux d&rsquo;ext\u00e9rieur populaires en un : le tennis et le frisbee. Que vous choisissiez de jouer au tennis ou [&hellip;]<\/p>\n","protected":false},"featured_media":98968,"comment_status":"closed","ping_status":"closed","template":"","meta":{"_acf_changed":false},"product_brand":[],"product_cat":[126],"product_tag":[],"class_list":{"0":"post-118094","1":"product","2":"type-product","3":"status-publish","4":"has-post-thumbnail","6":"product_cat-jeux-dexterieur","7":"pa_leeftijd-filter-3-4-ans","8":"pa_meest-populair-bij-garcons-filles","10":"first","11":"instock","12":"shipping-taxable","13":"product-type-simple"},"acf":[],"yoast_head":"<!-- This site is optimized with the Yoast SEO plugin v27.4 - https:\/\/yoast.com\/product\/yoast-seo-wordpress\/ -->\n<title>Amuse-toi tennis et frisbee - SES Creative<\/title>\n<meta name=\"robots\" content=\"index, follow, max-snippet:-1, max-image-preview:large, max-video-preview:-1\" \/>\n<link rel=\"canonical\" href=\"https:\/\/ses-creative.com\/fr\/produit\/amuse-toi-tennis-et-frisbee\/\" \/>\n<meta property=\"og:locale\" content=\"fr_FR\" \/>\n<meta property=\"og:type\" content=\"article\" \/>\n<meta property=\"og:title\" content=\"Amuse-toi tennis et frisbee - SES Creative\" \/>\n<meta property=\"og:description\" content=\"Deux fois plus de plaisir avec Tennis et Frisbee Fun ! Pr\u00e9parez-vous \u00e0 passer un moment actif et amusant en plein air avec le set Tennis et Frisbee Fun de SES Creative. Ce set combine deux jeux d&rsquo;ext\u00e9rieur populaires en un : le tennis et le frisbee. Que vous choisissiez de jouer au tennis ou [&hellip;]\" \/>\n<meta property=\"og:url\" content=\"https:\/\/ses-creative.com\/fr\/produit\/amuse-toi-tennis-et-frisbee\/\" \/>\n<meta property=\"og:site_name\" content=\"SES Creative\" \/>\n<meta property=\"article:modified_time\" content=\"2026-02-12T10:22:27+00:00\" \/>\n<meta name=\"twitter:card\" content=\"summary_large_image\" \/>\n<meta name=\"twitter:label1\" content=\"Dur\u00e9e de lecture estim\u00e9e\" \/>\n\t<meta name=\"twitter:data1\" content=\"2 minutes\" \/>\n<script type=\"application\/ld+json\" class=\"yoast-schema-graph\">{\"@context\":\"https:\\\/\\\/schema.org\",\"@graph\":[{\"@type\":\"WebPage\",\"@id\":\"https:\\\/\\\/ses-creative.com\\\/fr\\\/produit\\\/amuse-toi-tennis-et-frisbee\\\/\",\"url\":\"https:\\\/\\\/ses-creative.com\\\/fr\\\/produit\\\/amuse-toi-tennis-et-frisbee\\\/\",\"name\":\"Amuse-toi tennis et frisbee - SES Creative\",\"isPartOf\":{\"@id\":\"https:\\\/\\\/ses-creative.com\\\/#website\"},\"primaryImageOfPage\":{\"@id\":\"https:\\\/\\\/ses-creative.com\\\/fr\\\/produit\\\/amuse-toi-tennis-et-frisbee\\\/#primaryimage\"},\"image\":{\"@id\":\"https:\\\/\\\/ses-creative.com\\\/fr\\\/produit\\\/amuse-toi-tennis-et-frisbee\\\/#primaryimage\"},\"thumbnailUrl\":\"https:\\\/\\\/ses-creative.com\\\/wp-content\\\/uploads\\\/2026\\\/01\\\/022231.jpg\",\"datePublished\":\"2026-02-12T10:08:37+00:00\",\"dateModified\":\"2026-02-12T10:22:27+00:00\",\"breadcrumb\":{\"@id\":\"https:\\\/\\\/ses-creative.com\\\/fr\\\/produit\\\/amuse-toi-tennis-et-frisbee\\\/#breadcrumb\"},\"inLanguage\":\"fr-FR\",\"potentialAction\":[{\"@type\":\"ReadAction\",\"target\":[\"https:\\\/\\\/ses-creative.com\\\/fr\\\/produit\\\/amuse-toi-tennis-et-frisbee\\\/\"]}]},{\"@type\":\"ImageObject\",\"inLanguage\":\"fr-FR\",\"@id\":\"https:\\\/\\\/ses-creative.com\\\/fr\\\/produit\\\/amuse-toi-tennis-et-frisbee\\\/#primaryimage\",\"url\":\"https:\\\/\\\/ses-creative.com\\\/wp-content\\\/uploads\\\/2026\\\/01\\\/022231.jpg\",\"contentUrl\":\"https:\\\/\\\/ses-creative.com\\\/wp-content\\\/uploads\\\/2026\\\/01\\\/022231.jpg\",\"width\":1000,\"height\":1000},{\"@type\":\"BreadcrumbList\",\"@id\":\"https:\\\/\\\/ses-creative.com\\\/fr\\\/produit\\\/amuse-toi-tennis-et-frisbee\\\/#breadcrumb\",\"itemListElement\":[{\"@type\":\"ListItem\",\"position\":1,\"name\":\"Boutique\",\"item\":\"https:\\\/\\\/ses-creative.com\\\/fr\\\/boutique\\\/\"},{\"@type\":\"ListItem\",\"position\":2,\"name\":\"Jeux d\u2019ext\u00e9rieur\",\"item\":\"https:\\\/\\\/ses-creative.com\\\/fr\\\/product-categorie\\\/jeux-dexterieur\\\/\"},{\"@type\":\"ListItem\",\"position\":3,\"name\":\"Amuse-toi tennis et frisbee\"}]},{\"@type\":\"WebSite\",\"@id\":\"https:\\\/\\\/ses-creative.com\\\/#website\",\"url\":\"https:\\\/\\\/ses-creative.com\\\/\",\"name\":\"SES Creative\",\"description\":\"\",\"publisher\":{\"@id\":\"https:\\\/\\\/ses-creative.com\\\/#organization\"},\"potentialAction\":[{\"@type\":\"SearchAction\",\"target\":{\"@type\":\"EntryPoint\",\"urlTemplate\":\"https:\\\/\\\/ses-creative.com\\\/?s={search_term_string}\"},\"query-input\":{\"@type\":\"PropertyValueSpecification\",\"valueRequired\":true,\"valueName\":\"search_term_string\"}}],\"inLanguage\":\"fr-FR\"},{\"@type\":\"Organization\",\"@id\":\"https:\\\/\\\/ses-creative.com\\\/#organization\",\"name\":\"SES Creative\",\"url\":\"https:\\\/\\\/ses-creative.com\\\/\",\"logo\":{\"@type\":\"ImageObject\",\"inLanguage\":\"fr-FR\",\"@id\":\"https:\\\/\\\/ses-creative.com\\\/#\\\/schema\\\/logo\\\/image\\\/\",\"url\":\"https:\\\/\\\/ses-creative.com\\\/wp-content\\\/uploads\\\/2025\\\/10\\\/ses-creative-logo.jpg\",\"contentUrl\":\"https:\\\/\\\/ses-creative.com\\\/wp-content\\\/uploads\\\/2025\\\/10\\\/ses-creative-logo.jpg\",\"width\":2037,\"height\":2037,\"caption\":\"SES Creative\"},\"image\":{\"@id\":\"https:\\\/\\\/ses-creative.com\\\/#\\\/schema\\\/logo\\\/image\\\/\"}}]}<\/script>\n<!-- \/ Yoast SEO plugin. -->","yoast_head_json":{"title":"Amuse-toi tennis et frisbee - SES Creative","robots":{"index":"index","follow":"follow","max-snippet":"max-snippet:-1","max-image-preview":"max-image-preview:large","max-video-preview":"max-video-preview:-1"},"canonical":"https:\/\/ses-creative.com\/fr\/produit\/amuse-toi-tennis-et-frisbee\/","og_locale":"fr_FR","og_type":"article","og_title":"Amuse-toi tennis et frisbee - SES Creative","og_description":"Deux fois plus de plaisir avec Tennis et Frisbee Fun ! Pr\u00e9parez-vous \u00e0 passer un moment actif et amusant en plein air avec le set Tennis et Frisbee Fun de SES Creative. Ce set combine deux jeux d&rsquo;ext\u00e9rieur populaires en un : le tennis et le frisbee. Que vous choisissiez de jouer au tennis ou [&hellip;]","og_url":"https:\/\/ses-creative.com\/fr\/produit\/amuse-toi-tennis-et-frisbee\/","og_site_name":"SES Creative","article_modified_time":"2026-02-12T10:22:27+00:00","twitter_card":"summary_large_image","twitter_misc":{"Dur\u00e9e de lecture estim\u00e9e":"2 minutes"},"schema":{"@context":"https:\/\/schema.org","@graph":[{"@type":"WebPage","@id":"https:\/\/ses-creative.com\/fr\/produit\/amuse-toi-tennis-et-frisbee\/","url":"https:\/\/ses-creative.com\/fr\/produit\/amuse-toi-tennis-et-frisbee\/","name":"Amuse-toi tennis et frisbee - SES Creative","isPartOf":{"@id":"https:\/\/ses-creative.com\/#website"},"primaryImageOfPage":{"@id":"https:\/\/ses-creative.com\/fr\/produit\/amuse-toi-tennis-et-frisbee\/#primaryimage"},"image":{"@id":"https:\/\/ses-creative.com\/fr\/produit\/amuse-toi-tennis-et-frisbee\/#primaryimage"},"thumbnailUrl":"https:\/\/ses-creative.com\/wp-content\/uploads\/2026\/01\/022231.jpg","datePublished":"2026-02-12T10:08:37+00:00","dateModified":"2026-02-12T10:22:27+00:00","breadcrumb":{"@id":"https:\/\/ses-creative.com\/fr\/produit\/amuse-toi-tennis-et-frisbee\/#breadcrumb"},"inLanguage":"fr-FR","potentialAction":[{"@type":"ReadAction","target":["https:\/\/ses-creative.com\/fr\/produit\/amuse-toi-tennis-et-frisbee\/"]}]},{"@type":"ImageObject","inLanguage":"fr-FR","@id":"https:\/\/ses-creative.com\/fr\/produit\/amuse-toi-tennis-et-frisbee\/#primaryimage","url":"https:\/\/ses-creative.com\/wp-content\/uploads\/2026\/01\/022231.jpg","contentUrl":"https:\/\/ses-creative.com\/wp-content\/uploads\/2026\/01\/022231.jpg","width":1000,"height":1000},{"@type":"BreadcrumbList","@id":"https:\/\/ses-creative.com\/fr\/produit\/amuse-toi-tennis-et-frisbee\/#breadcrumb","itemListElement":[{"@type":"ListItem","position":1,"name":"Boutique","item":"https:\/\/ses-creative.com\/fr\/boutique\/"},{"@type":"ListItem","position":2,"name":"Jeux d\u2019ext\u00e9rieur","item":"https:\/\/ses-creative.com\/fr\/product-categorie\/jeux-dexterieur\/"},{"@type":"ListItem","position":3,"name":"Amuse-toi tennis et frisbee"}]},{"@type":"WebSite","@id":"https:\/\/ses-creative.com\/#website","url":"https:\/\/ses-creative.com\/","name":"SES Creative","description":"","publisher":{"@id":"https:\/\/ses-creative.com\/#organization"},"potentialAction":[{"@type":"SearchAction","target":{"@type":"EntryPoint","urlTemplate":"https:\/\/ses-creative.com\/?s={search_term_string}"},"query-input":{"@type":"PropertyValueSpecification","valueRequired":true,"valueName":"search_term_string"}}],"inLanguage":"fr-FR"},{"@type":"Organization","@id":"https:\/\/ses-creative.com\/#organization","name":"SES Creative","url":"https:\/\/ses-creative.com\/","logo":{"@type":"ImageObject","inLanguage":"fr-FR","@id":"https:\/\/ses-creative.com\/#\/schema\/logo\/image\/","url":"https:\/\/ses-creative.com\/wp-content\/uploads\/2025\/10\/ses-creative-logo.jpg","contentUrl":"https:\/\/ses-creative.com\/wp-content\/uploads\/2025\/10\/ses-creative-logo.jpg","width":2037,"height":2037,"caption":"SES Creative"},"image":{"@id":"https:\/\/ses-creative.com\/#\/schema\/logo\/image\/"}}]}},"_links":{"self":[{"href":"https:\/\/ses-creative.com\/fr\/wp-json\/wp\/v2\/product\/118094","targetHints":{"allow":["GET"]}}],"collection":[{"href":"https:\/\/ses-creative.com\/fr\/wp-json\/wp\/v2\/product"}],"about":[{"href":"https:\/\/ses-creative.com\/fr\/wp-json\/wp\/v2\/types\/product"}],"replies":[{"embeddable":true,"href":"https:\/\/ses-creative.com\/fr\/wp-json\/wp\/v2\/comments?post=118094"}],"wp:featuredmedia":[{"embeddable":true,"href":"https:\/\/ses-creative.com\/fr\/wp-json\/wp\/v2\/media\/98968"}],"wp:attachment":[{"href":"https:\/\/ses-creative.com\/fr\/wp-json\/wp\/v2\/media?parent=118094"}],"wp:term":[{"taxonomy":"product_brand","embeddable":true,"href":"https:\/\/ses-creative.com\/fr\/wp-json\/wp\/v2\/product_brand?post=118094"},{"taxonomy":"product_cat","embeddable":true,"href":"https:\/\/ses-creative.com\/fr\/wp-json\/wp\/v2\/product_cat?post=118094"},{"taxonomy":"product_tag","embeddable":true,"href":"https:\/\/ses-creative.com\/fr\/wp-json\/wp\/v2\/product_tag?post=118094"}],"curies":[{"name":"wp","href":"https:\/\/api.w.org\/{rel}","templated":true}]}}