











{"id":118093,"date":"2026-02-12T10:08:37","date_gmt":"2026-02-12T10:08:37","guid":{"rendered":"https:\/\/ses-creative.com\/?post_type=product&#038;p=118093"},"modified":"2026-02-12T10:22:27","modified_gmt":"2026-02-12T10:22:27","slug":"jeux-de-craie-5-en-1","status":"publish","type":"product","link":"https:\/\/ses-creative.com\/fr\/produit\/jeux-de-craie-5-en-1\/","title":{"rendered":"Jeux de craie 5 en 1"},"content":{"rendered":"<p>Jeux de craies de trottoir 5 en 1 : des heures de plaisir en plein air !<br \/>\nAvec le set SES Creative Jeux de craie 5 en 1, les enfants s&rsquo;amusent pendant des heures \u00e0 l&rsquo;ext\u00e9rieur. Ce set contient des craies de trottoir color\u00e9es et ultra-r\u00e9sistantes qui permettent de jouer \u00e0 cinq jeux de plein air classiques, tels que la marelle et le morpion. Des explications sont fournies pour chaque jeu. Parfait pour les journ\u00e9es ensoleill\u00e9es remplies de jeux actifs dans le jardin ou dans la rue !<br \/>\nCe qui rend ce set g\u00e9nial<br \/>\n&#8211;    Diff\u00e9rents jeux d&rsquo;ext\u00e9rieur avec instructions<br \/>\n&#8211;    Dessinez les jeux et profitez de nombreuses heures de plaisir<br \/>\n&#8211;    Avec 6 couleurs de craie diff\u00e9rentes<br \/>\n&#8211;    Facilement lavable \u00e0 l&rsquo;eau et \u00e0 l&rsquo;aide d&rsquo;un balai<br \/>\n&#8211;    Parfait pour jouer activement \u00e0 l&rsquo;ext\u00e9rieur<br \/>\nJeux actifs en plein air avec des craies de trottoir color\u00e9es<br \/>\nLes craies sont solides et faciles \u00e0 tenir, ce qui permet aux enfants de cr\u00e9er facilement les plus belles cr\u00e9ations et les jeux les plus stimulants. Dessinez le plateau de jeu sur le sol avec des craies de trottoir et commencez \u00e0 jouer ! Ce set encourage les enfants \u00e0 jouer activement \u00e0 l&rsquo;ext\u00e9rieur et les aide \u00e0 rester actifs de mani\u00e8re cr\u00e9ative. Une fois que vous avez fini de jouer, vous pouvez facilement rincer la craie \u00e0 l&rsquo;eau et dessiner de nouveaux terrains de jeu. Plaisir de jeu garanti \u00e0 l&rsquo;infini !<br \/>\nContenu du set<br \/>\n&#8211;    Craies de trottoir bleues, violettes, roses, jaunes, vertes et blanches<br \/>\n&#8211;    Instructions pour 5 jeux<br \/>\n&#8211;    2 sachets de graines<br \/>\nPourquoi choisir SES Creative ?<br \/>\nChez SES Creative, nous accordons une grande importance \u00e0 la s\u00e9curit\u00e9. C&rsquo;est pourquoi nos produits sont fabriqu\u00e9s et test\u00e9s dans notre usine aux Pays-Bas, conform\u00e9ment aux normes de s\u00e9curit\u00e9 europ\u00e9ennes les plus strictes. Les jouets SES Creative sont source de plaisir et permettent aux enfants d&rsquo;\u00eatre fiers de leur travail, ce qui stimule leur cr\u00e9ativit\u00e9 et leur d\u00e9veloppement.<br \/>\nJouer dehors n&rsquo;a jamais \u00e9t\u00e9 aussi amusant !<br \/>\nProcurez-vous le set SES Creative Jeux de craie 5 en 1 et d\u00e9couvrez \u00e0 quel point il est amusant de jouer et de dessiner dehors. Invitez vos amis, choisissez un jeu et lancez-vous dans une journ\u00e9e pleine d&rsquo;action et de cr\u00e9ativit\u00e9. Qu&rsquo;attendez-vous ? Sortez les craies et jouez toute la journ\u00e9e !<\/p>\n","protected":false},"excerpt":{"rendered":"<p>Jeux de craies de trottoir 5 en 1 : des heures de plaisir en plein air ! Avec le set SES Creative Jeux de craie 5 en 1, les enfants s&rsquo;amusent pendant des heures \u00e0 l&rsquo;ext\u00e9rieur. Ce set contient des craies de trottoir color\u00e9es et ultra-r\u00e9sistantes qui permettent de jouer \u00e0 cinq jeux de plein [&hellip;]<\/p>\n","protected":false},"featured_media":98948,"comment_status":"closed","ping_status":"closed","template":"","meta":{"_acf_changed":false},"product_brand":[],"product_cat":[126],"product_tag":[],"class_list":{"0":"post-118093","1":"product","2":"type-product","3":"status-publish","4":"has-post-thumbnail","6":"product_cat-jeux-dexterieur","7":"pa_leeftijd-filter-3-4-ans","8":"pa_meest-populair-bij-garcons-filles","10":"first","11":"instock","12":"shipping-taxable","13":"product-type-simple"},"acf":[],"yoast_head":"<!-- This site is optimized with the Yoast SEO plugin v27.4 - https:\/\/yoast.com\/product\/yoast-seo-wordpress\/ -->\n<title>Jeux de craie 5 en 1 - SES Creative<\/title>\n<meta name=\"robots\" content=\"index, follow, max-snippet:-1, max-image-preview:large, max-video-preview:-1\" \/>\n<link rel=\"canonical\" href=\"https:\/\/ses-creative.com\/fr\/produit\/jeux-de-craie-5-en-1\/\" \/>\n<meta property=\"og:locale\" content=\"fr_FR\" \/>\n<meta property=\"og:type\" content=\"article\" \/>\n<meta property=\"og:title\" content=\"Jeux de craie 5 en 1 - SES Creative\" \/>\n<meta property=\"og:description\" content=\"Jeux de craies de trottoir 5 en 1 : des heures de plaisir en plein air ! Avec le set SES Creative Jeux de craie 5 en 1, les enfants s&rsquo;amusent pendant des heures \u00e0 l&rsquo;ext\u00e9rieur. Ce set contient des craies de trottoir color\u00e9es et ultra-r\u00e9sistantes qui permettent de jouer \u00e0 cinq jeux de plein [&hellip;]\" \/>\n<meta property=\"og:url\" content=\"https:\/\/ses-creative.com\/fr\/produit\/jeux-de-craie-5-en-1\/\" \/>\n<meta property=\"og:site_name\" content=\"SES Creative\" \/>\n<meta property=\"article:modified_time\" content=\"2026-02-12T10:22:27+00:00\" \/>\n<meta name=\"twitter:card\" content=\"summary_large_image\" \/>\n<meta name=\"twitter:label1\" content=\"Dur\u00e9e de lecture estim\u00e9e\" \/>\n\t<meta name=\"twitter:data1\" content=\"2 minutes\" \/>\n<script type=\"application\/ld+json\" class=\"yoast-schema-graph\">{\"@context\":\"https:\\\/\\\/schema.org\",\"@graph\":[{\"@type\":\"WebPage\",\"@id\":\"https:\\\/\\\/ses-creative.com\\\/fr\\\/produit\\\/jeux-de-craie-5-en-1\\\/\",\"url\":\"https:\\\/\\\/ses-creative.com\\\/fr\\\/produit\\\/jeux-de-craie-5-en-1\\\/\",\"name\":\"Jeux de craie 5 en 1 - SES Creative\",\"isPartOf\":{\"@id\":\"https:\\\/\\\/ses-creative.com\\\/#website\"},\"primaryImageOfPage\":{\"@id\":\"https:\\\/\\\/ses-creative.com\\\/fr\\\/produit\\\/jeux-de-craie-5-en-1\\\/#primaryimage\"},\"image\":{\"@id\":\"https:\\\/\\\/ses-creative.com\\\/fr\\\/produit\\\/jeux-de-craie-5-en-1\\\/#primaryimage\"},\"thumbnailUrl\":\"https:\\\/\\\/ses-creative.com\\\/wp-content\\\/uploads\\\/2026\\\/01\\\/022071.jpg\",\"datePublished\":\"2026-02-12T10:08:37+00:00\",\"dateModified\":\"2026-02-12T10:22:27+00:00\",\"breadcrumb\":{\"@id\":\"https:\\\/\\\/ses-creative.com\\\/fr\\\/produit\\\/jeux-de-craie-5-en-1\\\/#breadcrumb\"},\"inLanguage\":\"fr-FR\",\"potentialAction\":[{\"@type\":\"ReadAction\",\"target\":[\"https:\\\/\\\/ses-creative.com\\\/fr\\\/produit\\\/jeux-de-craie-5-en-1\\\/\"]}]},{\"@type\":\"ImageObject\",\"inLanguage\":\"fr-FR\",\"@id\":\"https:\\\/\\\/ses-creative.com\\\/fr\\\/produit\\\/jeux-de-craie-5-en-1\\\/#primaryimage\",\"url\":\"https:\\\/\\\/ses-creative.com\\\/wp-content\\\/uploads\\\/2026\\\/01\\\/022071.jpg\",\"contentUrl\":\"https:\\\/\\\/ses-creative.com\\\/wp-content\\\/uploads\\\/2026\\\/01\\\/022071.jpg\",\"width\":1000,\"height\":1000},{\"@type\":\"BreadcrumbList\",\"@id\":\"https:\\\/\\\/ses-creative.com\\\/fr\\\/produit\\\/jeux-de-craie-5-en-1\\\/#breadcrumb\",\"itemListElement\":[{\"@type\":\"ListItem\",\"position\":1,\"name\":\"Boutique\",\"item\":\"https:\\\/\\\/ses-creative.com\\\/fr\\\/boutique\\\/\"},{\"@type\":\"ListItem\",\"position\":2,\"name\":\"Jeux d\u2019ext\u00e9rieur\",\"item\":\"https:\\\/\\\/ses-creative.com\\\/fr\\\/product-categorie\\\/jeux-dexterieur\\\/\"},{\"@type\":\"ListItem\",\"position\":3,\"name\":\"Jeux de craie 5 en 1\"}]},{\"@type\":\"WebSite\",\"@id\":\"https:\\\/\\\/ses-creative.com\\\/#website\",\"url\":\"https:\\\/\\\/ses-creative.com\\\/\",\"name\":\"SES Creative\",\"description\":\"\",\"publisher\":{\"@id\":\"https:\\\/\\\/ses-creative.com\\\/#organization\"},\"potentialAction\":[{\"@type\":\"SearchAction\",\"target\":{\"@type\":\"EntryPoint\",\"urlTemplate\":\"https:\\\/\\\/ses-creative.com\\\/?s={search_term_string}\"},\"query-input\":{\"@type\":\"PropertyValueSpecification\",\"valueRequired\":true,\"valueName\":\"search_term_string\"}}],\"inLanguage\":\"fr-FR\"},{\"@type\":\"Organization\",\"@id\":\"https:\\\/\\\/ses-creative.com\\\/#organization\",\"name\":\"SES Creative\",\"url\":\"https:\\\/\\\/ses-creative.com\\\/\",\"logo\":{\"@type\":\"ImageObject\",\"inLanguage\":\"fr-FR\",\"@id\":\"https:\\\/\\\/ses-creative.com\\\/#\\\/schema\\\/logo\\\/image\\\/\",\"url\":\"https:\\\/\\\/ses-creative.com\\\/wp-content\\\/uploads\\\/2025\\\/10\\\/ses-creative-logo.jpg\",\"contentUrl\":\"https:\\\/\\\/ses-creative.com\\\/wp-content\\\/uploads\\\/2025\\\/10\\\/ses-creative-logo.jpg\",\"width\":2037,\"height\":2037,\"caption\":\"SES Creative\"},\"image\":{\"@id\":\"https:\\\/\\\/ses-creative.com\\\/#\\\/schema\\\/logo\\\/image\\\/\"}}]}<\/script>\n<!-- \/ Yoast SEO plugin. -->","yoast_head_json":{"title":"Jeux de craie 5 en 1 - SES Creative","robots":{"index":"index","follow":"follow","max-snippet":"max-snippet:-1","max-image-preview":"max-image-preview:large","max-video-preview":"max-video-preview:-1"},"canonical":"https:\/\/ses-creative.com\/fr\/produit\/jeux-de-craie-5-en-1\/","og_locale":"fr_FR","og_type":"article","og_title":"Jeux de craie 5 en 1 - SES Creative","og_description":"Jeux de craies de trottoir 5 en 1 : des heures de plaisir en plein air ! Avec le set SES Creative Jeux de craie 5 en 1, les enfants s&rsquo;amusent pendant des heures \u00e0 l&rsquo;ext\u00e9rieur. Ce set contient des craies de trottoir color\u00e9es et ultra-r\u00e9sistantes qui permettent de jouer \u00e0 cinq jeux de plein [&hellip;]","og_url":"https:\/\/ses-creative.com\/fr\/produit\/jeux-de-craie-5-en-1\/","og_site_name":"SES Creative","article_modified_time":"2026-02-12T10:22:27+00:00","twitter_card":"summary_large_image","twitter_misc":{"Dur\u00e9e de lecture estim\u00e9e":"2 minutes"},"schema":{"@context":"https:\/\/schema.org","@graph":[{"@type":"WebPage","@id":"https:\/\/ses-creative.com\/fr\/produit\/jeux-de-craie-5-en-1\/","url":"https:\/\/ses-creative.com\/fr\/produit\/jeux-de-craie-5-en-1\/","name":"Jeux de craie 5 en 1 - SES Creative","isPartOf":{"@id":"https:\/\/ses-creative.com\/#website"},"primaryImageOfPage":{"@id":"https:\/\/ses-creative.com\/fr\/produit\/jeux-de-craie-5-en-1\/#primaryimage"},"image":{"@id":"https:\/\/ses-creative.com\/fr\/produit\/jeux-de-craie-5-en-1\/#primaryimage"},"thumbnailUrl":"https:\/\/ses-creative.com\/wp-content\/uploads\/2026\/01\/022071.jpg","datePublished":"2026-02-12T10:08:37+00:00","dateModified":"2026-02-12T10:22:27+00:00","breadcrumb":{"@id":"https:\/\/ses-creative.com\/fr\/produit\/jeux-de-craie-5-en-1\/#breadcrumb"},"inLanguage":"fr-FR","potentialAction":[{"@type":"ReadAction","target":["https:\/\/ses-creative.com\/fr\/produit\/jeux-de-craie-5-en-1\/"]}]},{"@type":"ImageObject","inLanguage":"fr-FR","@id":"https:\/\/ses-creative.com\/fr\/produit\/jeux-de-craie-5-en-1\/#primaryimage","url":"https:\/\/ses-creative.com\/wp-content\/uploads\/2026\/01\/022071.jpg","contentUrl":"https:\/\/ses-creative.com\/wp-content\/uploads\/2026\/01\/022071.jpg","width":1000,"height":1000},{"@type":"BreadcrumbList","@id":"https:\/\/ses-creative.com\/fr\/produit\/jeux-de-craie-5-en-1\/#breadcrumb","itemListElement":[{"@type":"ListItem","position":1,"name":"Boutique","item":"https:\/\/ses-creative.com\/fr\/boutique\/"},{"@type":"ListItem","position":2,"name":"Jeux d\u2019ext\u00e9rieur","item":"https:\/\/ses-creative.com\/fr\/product-categorie\/jeux-dexterieur\/"},{"@type":"ListItem","position":3,"name":"Jeux de craie 5 en 1"}]},{"@type":"WebSite","@id":"https:\/\/ses-creative.com\/#website","url":"https:\/\/ses-creative.com\/","name":"SES Creative","description":"","publisher":{"@id":"https:\/\/ses-creative.com\/#organization"},"potentialAction":[{"@type":"SearchAction","target":{"@type":"EntryPoint","urlTemplate":"https:\/\/ses-creative.com\/?s={search_term_string}"},"query-input":{"@type":"PropertyValueSpecification","valueRequired":true,"valueName":"search_term_string"}}],"inLanguage":"fr-FR"},{"@type":"Organization","@id":"https:\/\/ses-creative.com\/#organization","name":"SES Creative","url":"https:\/\/ses-creative.com\/","logo":{"@type":"ImageObject","inLanguage":"fr-FR","@id":"https:\/\/ses-creative.com\/#\/schema\/logo\/image\/","url":"https:\/\/ses-creative.com\/wp-content\/uploads\/2025\/10\/ses-creative-logo.jpg","contentUrl":"https:\/\/ses-creative.com\/wp-content\/uploads\/2025\/10\/ses-creative-logo.jpg","width":2037,"height":2037,"caption":"SES Creative"},"image":{"@id":"https:\/\/ses-creative.com\/#\/schema\/logo\/image\/"}}]}},"_links":{"self":[{"href":"https:\/\/ses-creative.com\/fr\/wp-json\/wp\/v2\/product\/118093","targetHints":{"allow":["GET"]}}],"collection":[{"href":"https:\/\/ses-creative.com\/fr\/wp-json\/wp\/v2\/product"}],"about":[{"href":"https:\/\/ses-creative.com\/fr\/wp-json\/wp\/v2\/types\/product"}],"replies":[{"embeddable":true,"href":"https:\/\/ses-creative.com\/fr\/wp-json\/wp\/v2\/comments?post=118093"}],"wp:featuredmedia":[{"embeddable":true,"href":"https:\/\/ses-creative.com\/fr\/wp-json\/wp\/v2\/media\/98948"}],"wp:attachment":[{"href":"https:\/\/ses-creative.com\/fr\/wp-json\/wp\/v2\/media?parent=118093"}],"wp:term":[{"taxonomy":"product_brand","embeddable":true,"href":"https:\/\/ses-creative.com\/fr\/wp-json\/wp\/v2\/product_brand?post=118093"},{"taxonomy":"product_cat","embeddable":true,"href":"https:\/\/ses-creative.com\/fr\/wp-json\/wp\/v2\/product_cat?post=118093"},{"taxonomy":"product_tag","embeddable":true,"href":"https:\/\/ses-creative.com\/fr\/wp-json\/wp\/v2\/product_tag?post=118093"}],"curies":[{"name":"wp","href":"https:\/\/api.w.org\/{rel}","templated":true}]}}