











{"id":118091,"date":"2026-02-12T10:08:36","date_gmt":"2026-02-12T10:08:36","guid":{"rendered":"https:\/\/ses-creative.com\/?post_type=product&#038;p=118091"},"modified":"2026-02-12T10:22:27","modified_gmt":"2026-02-12T10:22:27","slug":"craies-pour-trottoir-seau-de-22-pcs","status":"publish","type":"product","link":"https:\/\/ses-creative.com\/fr\/produit\/craies-pour-trottoir-seau-de-22-pcs\/","title":{"rendered":"Craies pour trottoir seau de 22 pcs"},"content":{"rendered":"<p>Cr\u00e9ez des \u0153uvres d&rsquo;art avec des craies de trottoir !<br \/>\nQui dit craies de trottoir, dit SES ! Les craies de trottoir de SES Creative sont de qualit\u00e9 sup\u00e9rieure et offrent des couleurs vives bien visibles sur tous les trottoirs. Parfaites pour les enfants qui aiment jouer dehors et exprimer leur cr\u00e9ativit\u00e9. Avec ce set, ils peuvent cr\u00e9er les plus belles \u0153uvres d&rsquo;art !<br \/>\nCe qui rend ce set g\u00e9nial<br \/>\n&#8211;    Ce set contient de nombreuses craies de diff\u00e9rentes couleurs pour un plaisir de jeu prolong\u00e9<br \/>\n&#8211;    Craie noire pour de beaux contrastes<br \/>\n&#8211;    Les craies sont tr\u00e8s r\u00e9sistantes et offrent des couleurs vives pour des dessins \u00e9clatants<br \/>\n&#8211;    Parfait pour les enfants \u00e0 partir de 2 ans<br \/>\n&#8211;    Facile \u00e0 laver<br \/>\nDessiner et d\u00e9couvrir avec des craies de trottoir<br \/>\nAvec ce set, les enfants peuvent laisser libre cours \u00e0 leur imagination et r\u00e9aliser les plus beaux dessins sur le trottoir. Les diff\u00e9rentes couleurs et la craie noire cr\u00e9ent de magnifiques contrastes, donnant vie \u00e0 chaque \u0153uvre d&rsquo;art. Le petit seau pratique permet d&#8217;emporter facilement les craies partout.<br \/>\nCe set est id\u00e9al pour les enfants qui aiment jouer dehors et faire preuve de cr\u00e9ativit\u00e9. Les craies de trottoir sont de haute qualit\u00e9 et produisent moins de poussi\u00e8re, ce qui les rend s\u00fbres et agr\u00e9ables \u00e0 utiliser. Parfait pour les journ\u00e9es ensoleill\u00e9es et les jeux en plein air.<br \/>\nContenu du set<br \/>\n&#8211;    22 craies de 8 couleurs diff\u00e9rentes<br \/>\n&#8211;    Comprend un petit seau pratique pour les ranger<br \/>\nPourquoi choisir SES Creative ?<br \/>\nChez SES Creative, nous accordons une grande importance \u00e0 la s\u00e9curit\u00e9. C&rsquo;est pourquoi nos produits sont fabriqu\u00e9s et test\u00e9s dans notre usine aux Pays-Bas, conform\u00e9ment aux normes de s\u00e9curit\u00e9 europ\u00e9ennes les plus strictes. Les jouets SES Creative sont source de plaisir et permettent aux enfants d&rsquo;\u00eatre fiers de leur travail, ce qui stimule leur cr\u00e9ativit\u00e9 et leur d\u00e9veloppement.<br \/>\nCommencez d\u00e8s aujourd&rsquo;hui avec les craies de trottoir<br \/>\nD\u00e9couvrez la magie des craies de trottoir et cr\u00e9ez vos propres chefs-d&rsquo;\u0153uvre sur le trottoir. Laissez libre cours \u00e0 votre cr\u00e9ativit\u00e9 et profitez d&rsquo;heures de plaisir en plein air avec ce fantastique ensemble !<\/p>\n","protected":false},"excerpt":{"rendered":"<p>Cr\u00e9ez des \u0153uvres d&rsquo;art avec des craies de trottoir ! Qui dit craies de trottoir, dit SES ! Les craies de trottoir de SES Creative sont de qualit\u00e9 sup\u00e9rieure et offrent des couleurs vives bien visibles sur tous les trottoirs. Parfaites pour les enfants qui aiment jouer dehors et exprimer leur cr\u00e9ativit\u00e9. Avec ce set, [&hellip;]<\/p>\n","protected":false},"featured_media":98908,"comment_status":"closed","ping_status":"closed","template":"","meta":{"_acf_changed":false},"product_brand":[],"product_cat":[126],"product_tag":[],"class_list":{"0":"post-118091","1":"product","2":"type-product","3":"status-publish","4":"has-post-thumbnail","6":"product_cat-jeux-dexterieur","7":"pa_leeftijd-filter-0-2-ans","8":"pa_meest-populair-bij-garcons-filles","10":"first","11":"instock","12":"shipping-taxable","13":"product-type-simple"},"acf":[],"yoast_head":"<!-- This site is optimized with the Yoast SEO plugin v27.4 - https:\/\/yoast.com\/product\/yoast-seo-wordpress\/ -->\n<title>Craies pour trottoir seau de 22 pcs - SES Creative<\/title>\n<meta name=\"robots\" content=\"index, follow, max-snippet:-1, max-image-preview:large, max-video-preview:-1\" \/>\n<link rel=\"canonical\" href=\"https:\/\/ses-creative.com\/fr\/produit\/craies-pour-trottoir-seau-de-22-pcs\/\" \/>\n<meta property=\"og:locale\" content=\"fr_FR\" \/>\n<meta property=\"og:type\" content=\"article\" \/>\n<meta property=\"og:title\" content=\"Craies pour trottoir seau de 22 pcs - SES Creative\" \/>\n<meta property=\"og:description\" content=\"Cr\u00e9ez des \u0153uvres d&rsquo;art avec des craies de trottoir ! Qui dit craies de trottoir, dit SES ! Les craies de trottoir de SES Creative sont de qualit\u00e9 sup\u00e9rieure et offrent des couleurs vives bien visibles sur tous les trottoirs. Parfaites pour les enfants qui aiment jouer dehors et exprimer leur cr\u00e9ativit\u00e9. Avec ce set, [&hellip;]\" \/>\n<meta property=\"og:url\" content=\"https:\/\/ses-creative.com\/fr\/produit\/craies-pour-trottoir-seau-de-22-pcs\/\" \/>\n<meta property=\"og:site_name\" content=\"SES Creative\" \/>\n<meta property=\"article:modified_time\" content=\"2026-02-12T10:22:27+00:00\" \/>\n<meta name=\"twitter:card\" content=\"summary_large_image\" \/>\n<meta name=\"twitter:label1\" content=\"Dur\u00e9e de lecture estim\u00e9e\" \/>\n\t<meta name=\"twitter:data1\" content=\"2 minutes\" \/>\n<script type=\"application\/ld+json\" class=\"yoast-schema-graph\">{\"@context\":\"https:\\\/\\\/schema.org\",\"@graph\":[{\"@type\":\"WebPage\",\"@id\":\"https:\\\/\\\/ses-creative.com\\\/fr\\\/produit\\\/craies-pour-trottoir-seau-de-22-pcs\\\/\",\"url\":\"https:\\\/\\\/ses-creative.com\\\/fr\\\/produit\\\/craies-pour-trottoir-seau-de-22-pcs\\\/\",\"name\":\"Craies pour trottoir seau de 22 pcs - SES Creative\",\"isPartOf\":{\"@id\":\"https:\\\/\\\/ses-creative.com\\\/#website\"},\"primaryImageOfPage\":{\"@id\":\"https:\\\/\\\/ses-creative.com\\\/fr\\\/produit\\\/craies-pour-trottoir-seau-de-22-pcs\\\/#primaryimage\"},\"image\":{\"@id\":\"https:\\\/\\\/ses-creative.com\\\/fr\\\/produit\\\/craies-pour-trottoir-seau-de-22-pcs\\\/#primaryimage\"},\"thumbnailUrl\":\"https:\\\/\\\/ses-creative.com\\\/wp-content\\\/uploads\\\/2026\\\/01\\\/022051.jpg\",\"datePublished\":\"2026-02-12T10:08:36+00:00\",\"dateModified\":\"2026-02-12T10:22:27+00:00\",\"breadcrumb\":{\"@id\":\"https:\\\/\\\/ses-creative.com\\\/fr\\\/produit\\\/craies-pour-trottoir-seau-de-22-pcs\\\/#breadcrumb\"},\"inLanguage\":\"fr-FR\",\"potentialAction\":[{\"@type\":\"ReadAction\",\"target\":[\"https:\\\/\\\/ses-creative.com\\\/fr\\\/produit\\\/craies-pour-trottoir-seau-de-22-pcs\\\/\"]}]},{\"@type\":\"ImageObject\",\"inLanguage\":\"fr-FR\",\"@id\":\"https:\\\/\\\/ses-creative.com\\\/fr\\\/produit\\\/craies-pour-trottoir-seau-de-22-pcs\\\/#primaryimage\",\"url\":\"https:\\\/\\\/ses-creative.com\\\/wp-content\\\/uploads\\\/2026\\\/01\\\/022051.jpg\",\"contentUrl\":\"https:\\\/\\\/ses-creative.com\\\/wp-content\\\/uploads\\\/2026\\\/01\\\/022051.jpg\",\"width\":1000,\"height\":1000},{\"@type\":\"BreadcrumbList\",\"@id\":\"https:\\\/\\\/ses-creative.com\\\/fr\\\/produit\\\/craies-pour-trottoir-seau-de-22-pcs\\\/#breadcrumb\",\"itemListElement\":[{\"@type\":\"ListItem\",\"position\":1,\"name\":\"Boutique\",\"item\":\"https:\\\/\\\/ses-creative.com\\\/fr\\\/boutique\\\/\"},{\"@type\":\"ListItem\",\"position\":2,\"name\":\"Jeux d\u2019ext\u00e9rieur\",\"item\":\"https:\\\/\\\/ses-creative.com\\\/fr\\\/product-categorie\\\/jeux-dexterieur\\\/\"},{\"@type\":\"ListItem\",\"position\":3,\"name\":\"Craies pour trottoir seau de 22 pcs\"}]},{\"@type\":\"WebSite\",\"@id\":\"https:\\\/\\\/ses-creative.com\\\/#website\",\"url\":\"https:\\\/\\\/ses-creative.com\\\/\",\"name\":\"SES Creative\",\"description\":\"\",\"publisher\":{\"@id\":\"https:\\\/\\\/ses-creative.com\\\/#organization\"},\"potentialAction\":[{\"@type\":\"SearchAction\",\"target\":{\"@type\":\"EntryPoint\",\"urlTemplate\":\"https:\\\/\\\/ses-creative.com\\\/?s={search_term_string}\"},\"query-input\":{\"@type\":\"PropertyValueSpecification\",\"valueRequired\":true,\"valueName\":\"search_term_string\"}}],\"inLanguage\":\"fr-FR\"},{\"@type\":\"Organization\",\"@id\":\"https:\\\/\\\/ses-creative.com\\\/#organization\",\"name\":\"SES Creative\",\"url\":\"https:\\\/\\\/ses-creative.com\\\/\",\"logo\":{\"@type\":\"ImageObject\",\"inLanguage\":\"fr-FR\",\"@id\":\"https:\\\/\\\/ses-creative.com\\\/#\\\/schema\\\/logo\\\/image\\\/\",\"url\":\"https:\\\/\\\/ses-creative.com\\\/wp-content\\\/uploads\\\/2025\\\/10\\\/ses-creative-logo.jpg\",\"contentUrl\":\"https:\\\/\\\/ses-creative.com\\\/wp-content\\\/uploads\\\/2025\\\/10\\\/ses-creative-logo.jpg\",\"width\":2037,\"height\":2037,\"caption\":\"SES Creative\"},\"image\":{\"@id\":\"https:\\\/\\\/ses-creative.com\\\/#\\\/schema\\\/logo\\\/image\\\/\"}}]}<\/script>\n<!-- \/ Yoast SEO plugin. -->","yoast_head_json":{"title":"Craies pour trottoir seau de 22 pcs - SES Creative","robots":{"index":"index","follow":"follow","max-snippet":"max-snippet:-1","max-image-preview":"max-image-preview:large","max-video-preview":"max-video-preview:-1"},"canonical":"https:\/\/ses-creative.com\/fr\/produit\/craies-pour-trottoir-seau-de-22-pcs\/","og_locale":"fr_FR","og_type":"article","og_title":"Craies pour trottoir seau de 22 pcs - SES Creative","og_description":"Cr\u00e9ez des \u0153uvres d&rsquo;art avec des craies de trottoir ! Qui dit craies de trottoir, dit SES ! Les craies de trottoir de SES Creative sont de qualit\u00e9 sup\u00e9rieure et offrent des couleurs vives bien visibles sur tous les trottoirs. Parfaites pour les enfants qui aiment jouer dehors et exprimer leur cr\u00e9ativit\u00e9. Avec ce set, [&hellip;]","og_url":"https:\/\/ses-creative.com\/fr\/produit\/craies-pour-trottoir-seau-de-22-pcs\/","og_site_name":"SES Creative","article_modified_time":"2026-02-12T10:22:27+00:00","twitter_card":"summary_large_image","twitter_misc":{"Dur\u00e9e de lecture estim\u00e9e":"2 minutes"},"schema":{"@context":"https:\/\/schema.org","@graph":[{"@type":"WebPage","@id":"https:\/\/ses-creative.com\/fr\/produit\/craies-pour-trottoir-seau-de-22-pcs\/","url":"https:\/\/ses-creative.com\/fr\/produit\/craies-pour-trottoir-seau-de-22-pcs\/","name":"Craies pour trottoir seau de 22 pcs - SES Creative","isPartOf":{"@id":"https:\/\/ses-creative.com\/#website"},"primaryImageOfPage":{"@id":"https:\/\/ses-creative.com\/fr\/produit\/craies-pour-trottoir-seau-de-22-pcs\/#primaryimage"},"image":{"@id":"https:\/\/ses-creative.com\/fr\/produit\/craies-pour-trottoir-seau-de-22-pcs\/#primaryimage"},"thumbnailUrl":"https:\/\/ses-creative.com\/wp-content\/uploads\/2026\/01\/022051.jpg","datePublished":"2026-02-12T10:08:36+00:00","dateModified":"2026-02-12T10:22:27+00:00","breadcrumb":{"@id":"https:\/\/ses-creative.com\/fr\/produit\/craies-pour-trottoir-seau-de-22-pcs\/#breadcrumb"},"inLanguage":"fr-FR","potentialAction":[{"@type":"ReadAction","target":["https:\/\/ses-creative.com\/fr\/produit\/craies-pour-trottoir-seau-de-22-pcs\/"]}]},{"@type":"ImageObject","inLanguage":"fr-FR","@id":"https:\/\/ses-creative.com\/fr\/produit\/craies-pour-trottoir-seau-de-22-pcs\/#primaryimage","url":"https:\/\/ses-creative.com\/wp-content\/uploads\/2026\/01\/022051.jpg","contentUrl":"https:\/\/ses-creative.com\/wp-content\/uploads\/2026\/01\/022051.jpg","width":1000,"height":1000},{"@type":"BreadcrumbList","@id":"https:\/\/ses-creative.com\/fr\/produit\/craies-pour-trottoir-seau-de-22-pcs\/#breadcrumb","itemListElement":[{"@type":"ListItem","position":1,"name":"Boutique","item":"https:\/\/ses-creative.com\/fr\/boutique\/"},{"@type":"ListItem","position":2,"name":"Jeux d\u2019ext\u00e9rieur","item":"https:\/\/ses-creative.com\/fr\/product-categorie\/jeux-dexterieur\/"},{"@type":"ListItem","position":3,"name":"Craies pour trottoir seau de 22 pcs"}]},{"@type":"WebSite","@id":"https:\/\/ses-creative.com\/#website","url":"https:\/\/ses-creative.com\/","name":"SES Creative","description":"","publisher":{"@id":"https:\/\/ses-creative.com\/#organization"},"potentialAction":[{"@type":"SearchAction","target":{"@type":"EntryPoint","urlTemplate":"https:\/\/ses-creative.com\/?s={search_term_string}"},"query-input":{"@type":"PropertyValueSpecification","valueRequired":true,"valueName":"search_term_string"}}],"inLanguage":"fr-FR"},{"@type":"Organization","@id":"https:\/\/ses-creative.com\/#organization","name":"SES Creative","url":"https:\/\/ses-creative.com\/","logo":{"@type":"ImageObject","inLanguage":"fr-FR","@id":"https:\/\/ses-creative.com\/#\/schema\/logo\/image\/","url":"https:\/\/ses-creative.com\/wp-content\/uploads\/2025\/10\/ses-creative-logo.jpg","contentUrl":"https:\/\/ses-creative.com\/wp-content\/uploads\/2025\/10\/ses-creative-logo.jpg","width":2037,"height":2037,"caption":"SES Creative"},"image":{"@id":"https:\/\/ses-creative.com\/#\/schema\/logo\/image\/"}}]}},"_links":{"self":[{"href":"https:\/\/ses-creative.com\/fr\/wp-json\/wp\/v2\/product\/118091","targetHints":{"allow":["GET"]}}],"collection":[{"href":"https:\/\/ses-creative.com\/fr\/wp-json\/wp\/v2\/product"}],"about":[{"href":"https:\/\/ses-creative.com\/fr\/wp-json\/wp\/v2\/types\/product"}],"replies":[{"embeddable":true,"href":"https:\/\/ses-creative.com\/fr\/wp-json\/wp\/v2\/comments?post=118091"}],"wp:featuredmedia":[{"embeddable":true,"href":"https:\/\/ses-creative.com\/fr\/wp-json\/wp\/v2\/media\/98908"}],"wp:attachment":[{"href":"https:\/\/ses-creative.com\/fr\/wp-json\/wp\/v2\/media?parent=118091"}],"wp:term":[{"taxonomy":"product_brand","embeddable":true,"href":"https:\/\/ses-creative.com\/fr\/wp-json\/wp\/v2\/product_brand?post=118091"},{"taxonomy":"product_cat","embeddable":true,"href":"https:\/\/ses-creative.com\/fr\/wp-json\/wp\/v2\/product_cat?post=118091"},{"taxonomy":"product_tag","embeddable":true,"href":"https:\/\/ses-creative.com\/fr\/wp-json\/wp\/v2\/product_tag?post=118091"}],"curies":[{"name":"wp","href":"https:\/\/api.w.org\/{rel}","templated":true}]}}