











{"id":118090,"date":"2026-02-12T10:08:36","date_gmt":"2026-02-12T10:08:36","guid":{"rendered":"https:\/\/ses-creative.com\/?post_type=product&#038;p=118090"},"modified":"2026-02-12T10:22:27","modified_gmt":"2026-02-12T10:22:27","slug":"safari-a-la-craie-pour-trottoir","status":"publish","type":"product","link":"https:\/\/ses-creative.com\/fr\/produit\/safari-a-la-craie-pour-trottoir\/","title":{"rendered":"Safari \u00e0 la craie pour trottoir"},"content":{"rendered":"<p>Dessine ta propre aventure safari !<br \/>\nAvec le set de craies de trottoir Safari de SES Creative, vous pouvez transformer le trottoir en un safari color\u00e9. Utilisez les craies r\u00e9sistantes et prenez un pochoir pour dessiner les plus beaux animaux du safari. Id\u00e9al pour les enfants qui aiment dessiner et jouer dehors, et parfait pour donner vie \u00e0 votre propre monde safari !<br \/>\nCe qui rend ce kit g\u00e9nial<br \/>\n&#8211;    Les craies sont tr\u00e8s r\u00e9sistantes et disponibles dans des couleurs vives pour des dessins \u00e9clatants<br \/>\n&#8211;    Gabarits d&rsquo;animaux en plastique solide pour une utilisation facile<br \/>\n&#8211; Stimule la cr\u00e9ativit\u00e9 et l&rsquo;imagination<br \/>\n&#8211;    Convient aux enfants \u00e0 partir de 3 ans<br \/>\n&#8211;    Parfait pour des heures de jeu en plein air et les journ\u00e9es d&rsquo;\u00e9t\u00e9<br \/>\nTransformez le trottoir en toile !<br \/>\nAvec ce set de craies de trottoir, les enfants peuvent cr\u00e9er leurs propres aventures safari sur le trottoir, dans le jardin ou dans la cour de r\u00e9cr\u00e9ation. Le set contient six craies de couleurs amusantes, id\u00e9ales pour r\u00e9aliser des dessins color\u00e9s. Gr\u00e2ce aux pochoirs en plastique, les enfants peuvent facilement dessiner de magnifiques animaux et donner vie \u00e0 leur monde safari.<br \/>\nCe produit stimule la cr\u00e9ativit\u00e9 et permet aux enfants de laisser libre cours \u00e0 leur imagination. Qu&rsquo;ils jouent seuls ou avec leurs amis, ce set de craies de trottoir leur offre des heures de plaisir et est parfait pour les journ\u00e9es d&rsquo;\u00e9t\u00e9 \u00e0 l&rsquo;ext\u00e9rieur.<br \/>\nContenu du set<br \/>\n&#8211;    6 couleurs de craies<br \/>\n&#8211;    6 pochoirs en plastique repr\u00e9sentant des animaux et des motifs<br \/>\nPourquoi choisir SES Creative ?<br \/>\nChez SES Creative, nous accordons une grande importance \u00e0 la s\u00e9curit\u00e9. C&rsquo;est pourquoi nos produits sont fabriqu\u00e9s et test\u00e9s dans notre usine aux Pays-Bas, conform\u00e9ment aux normes de s\u00e9curit\u00e9 europ\u00e9ennes les plus strictes. Les jouets SES Creative sont source de plaisir et permettent aux enfants d&rsquo;\u00eatre fiers de leur travail, ce qui stimule leur cr\u00e9ativit\u00e9 et leur d\u00e9veloppement.<br \/>\nCommencez votre safari d\u00e8s aujourd&rsquo;hui !<br \/>\nAvec le kit de craies de trottoir Safari, les enfants peuvent cr\u00e9er leur propre monde color\u00e9. Prenez les craies et les pochoirs et d\u00e9couvrez \u00e0 quel point il est amusant de dessiner et de jouer dehors !<\/p>\n","protected":false},"excerpt":{"rendered":"<p>Dessine ta propre aventure safari ! Avec le set de craies de trottoir Safari de SES Creative, vous pouvez transformer le trottoir en un safari color\u00e9. Utilisez les craies r\u00e9sistantes et prenez un pochoir pour dessiner les plus beaux animaux du safari. Id\u00e9al pour les enfants qui aiment dessiner et jouer dehors, et parfait pour [&hellip;]<\/p>\n","protected":false},"featured_media":93672,"comment_status":"closed","ping_status":"closed","template":"","meta":{"_acf_changed":false},"product_brand":[],"product_cat":[126],"product_tag":[],"class_list":{"0":"post-118090","1":"product","2":"type-product","3":"status-publish","4":"has-post-thumbnail","6":"product_cat-jeux-dexterieur","7":"pa_leeftijd-filter-3-4-ans","8":"pa_meest-populair-bij-garcons-filles","10":"first","11":"instock","12":"shipping-taxable","13":"product-type-simple"},"acf":[],"yoast_head":"<!-- This site is optimized with the Yoast SEO plugin v27.4 - https:\/\/yoast.com\/product\/yoast-seo-wordpress\/ -->\n<title>Safari \u00e0 la craie pour trottoir - SES Creative<\/title>\n<meta name=\"robots\" content=\"index, follow, max-snippet:-1, max-image-preview:large, max-video-preview:-1\" \/>\n<link rel=\"canonical\" href=\"https:\/\/ses-creative.com\/fr\/produit\/safari-a-la-craie-pour-trottoir\/\" \/>\n<meta property=\"og:locale\" content=\"fr_FR\" \/>\n<meta property=\"og:type\" content=\"article\" \/>\n<meta property=\"og:title\" content=\"Safari \u00e0 la craie pour trottoir - SES Creative\" \/>\n<meta property=\"og:description\" content=\"Dessine ta propre aventure safari ! Avec le set de craies de trottoir Safari de SES Creative, vous pouvez transformer le trottoir en un safari color\u00e9. Utilisez les craies r\u00e9sistantes et prenez un pochoir pour dessiner les plus beaux animaux du safari. Id\u00e9al pour les enfants qui aiment dessiner et jouer dehors, et parfait pour [&hellip;]\" \/>\n<meta property=\"og:url\" content=\"https:\/\/ses-creative.com\/fr\/produit\/safari-a-la-craie-pour-trottoir\/\" \/>\n<meta property=\"og:site_name\" content=\"SES Creative\" \/>\n<meta property=\"article:modified_time\" content=\"2026-02-12T10:22:27+00:00\" \/>\n<meta name=\"twitter:card\" content=\"summary_large_image\" \/>\n<meta name=\"twitter:label1\" content=\"Dur\u00e9e de lecture estim\u00e9e\" \/>\n\t<meta name=\"twitter:data1\" content=\"2 minutes\" \/>\n<script type=\"application\/ld+json\" class=\"yoast-schema-graph\">{\"@context\":\"https:\\\/\\\/schema.org\",\"@graph\":[{\"@type\":\"WebPage\",\"@id\":\"https:\\\/\\\/ses-creative.com\\\/fr\\\/produit\\\/safari-a-la-craie-pour-trottoir\\\/\",\"url\":\"https:\\\/\\\/ses-creative.com\\\/fr\\\/produit\\\/safari-a-la-craie-pour-trottoir\\\/\",\"name\":\"Safari \u00e0 la craie pour trottoir - SES Creative\",\"isPartOf\":{\"@id\":\"https:\\\/\\\/ses-creative.com\\\/#website\"},\"primaryImageOfPage\":{\"@id\":\"https:\\\/\\\/ses-creative.com\\\/fr\\\/produit\\\/safari-a-la-craie-pour-trottoir\\\/#primaryimage\"},\"image\":{\"@id\":\"https:\\\/\\\/ses-creative.com\\\/fr\\\/produit\\\/safari-a-la-craie-pour-trottoir\\\/#primaryimage\"},\"thumbnailUrl\":\"https:\\\/\\\/ses-creative.com\\\/wp-content\\\/uploads\\\/2026\\\/01\\\/022041.jpg\",\"datePublished\":\"2026-02-12T10:08:36+00:00\",\"dateModified\":\"2026-02-12T10:22:27+00:00\",\"breadcrumb\":{\"@id\":\"https:\\\/\\\/ses-creative.com\\\/fr\\\/produit\\\/safari-a-la-craie-pour-trottoir\\\/#breadcrumb\"},\"inLanguage\":\"fr-FR\",\"potentialAction\":[{\"@type\":\"ReadAction\",\"target\":[\"https:\\\/\\\/ses-creative.com\\\/fr\\\/produit\\\/safari-a-la-craie-pour-trottoir\\\/\"]}]},{\"@type\":\"ImageObject\",\"inLanguage\":\"fr-FR\",\"@id\":\"https:\\\/\\\/ses-creative.com\\\/fr\\\/produit\\\/safari-a-la-craie-pour-trottoir\\\/#primaryimage\",\"url\":\"https:\\\/\\\/ses-creative.com\\\/wp-content\\\/uploads\\\/2026\\\/01\\\/022041.jpg\",\"contentUrl\":\"https:\\\/\\\/ses-creative.com\\\/wp-content\\\/uploads\\\/2026\\\/01\\\/022041.jpg\",\"width\":1000,\"height\":1000},{\"@type\":\"BreadcrumbList\",\"@id\":\"https:\\\/\\\/ses-creative.com\\\/fr\\\/produit\\\/safari-a-la-craie-pour-trottoir\\\/#breadcrumb\",\"itemListElement\":[{\"@type\":\"ListItem\",\"position\":1,\"name\":\"Boutique\",\"item\":\"https:\\\/\\\/ses-creative.com\\\/fr\\\/boutique\\\/\"},{\"@type\":\"ListItem\",\"position\":2,\"name\":\"Jeux d\u2019ext\u00e9rieur\",\"item\":\"https:\\\/\\\/ses-creative.com\\\/fr\\\/product-categorie\\\/jeux-dexterieur\\\/\"},{\"@type\":\"ListItem\",\"position\":3,\"name\":\"Safari \u00e0 la craie pour trottoir\"}]},{\"@type\":\"WebSite\",\"@id\":\"https:\\\/\\\/ses-creative.com\\\/#website\",\"url\":\"https:\\\/\\\/ses-creative.com\\\/\",\"name\":\"SES Creative\",\"description\":\"\",\"publisher\":{\"@id\":\"https:\\\/\\\/ses-creative.com\\\/#organization\"},\"potentialAction\":[{\"@type\":\"SearchAction\",\"target\":{\"@type\":\"EntryPoint\",\"urlTemplate\":\"https:\\\/\\\/ses-creative.com\\\/?s={search_term_string}\"},\"query-input\":{\"@type\":\"PropertyValueSpecification\",\"valueRequired\":true,\"valueName\":\"search_term_string\"}}],\"inLanguage\":\"fr-FR\"},{\"@type\":\"Organization\",\"@id\":\"https:\\\/\\\/ses-creative.com\\\/#organization\",\"name\":\"SES Creative\",\"url\":\"https:\\\/\\\/ses-creative.com\\\/\",\"logo\":{\"@type\":\"ImageObject\",\"inLanguage\":\"fr-FR\",\"@id\":\"https:\\\/\\\/ses-creative.com\\\/#\\\/schema\\\/logo\\\/image\\\/\",\"url\":\"https:\\\/\\\/ses-creative.com\\\/wp-content\\\/uploads\\\/2025\\\/10\\\/ses-creative-logo.jpg\",\"contentUrl\":\"https:\\\/\\\/ses-creative.com\\\/wp-content\\\/uploads\\\/2025\\\/10\\\/ses-creative-logo.jpg\",\"width\":2037,\"height\":2037,\"caption\":\"SES Creative\"},\"image\":{\"@id\":\"https:\\\/\\\/ses-creative.com\\\/#\\\/schema\\\/logo\\\/image\\\/\"}}]}<\/script>\n<!-- \/ Yoast SEO plugin. -->","yoast_head_json":{"title":"Safari \u00e0 la craie pour trottoir - SES Creative","robots":{"index":"index","follow":"follow","max-snippet":"max-snippet:-1","max-image-preview":"max-image-preview:large","max-video-preview":"max-video-preview:-1"},"canonical":"https:\/\/ses-creative.com\/fr\/produit\/safari-a-la-craie-pour-trottoir\/","og_locale":"fr_FR","og_type":"article","og_title":"Safari \u00e0 la craie pour trottoir - SES Creative","og_description":"Dessine ta propre aventure safari ! Avec le set de craies de trottoir Safari de SES Creative, vous pouvez transformer le trottoir en un safari color\u00e9. Utilisez les craies r\u00e9sistantes et prenez un pochoir pour dessiner les plus beaux animaux du safari. Id\u00e9al pour les enfants qui aiment dessiner et jouer dehors, et parfait pour [&hellip;]","og_url":"https:\/\/ses-creative.com\/fr\/produit\/safari-a-la-craie-pour-trottoir\/","og_site_name":"SES Creative","article_modified_time":"2026-02-12T10:22:27+00:00","twitter_card":"summary_large_image","twitter_misc":{"Dur\u00e9e de lecture estim\u00e9e":"2 minutes"},"schema":{"@context":"https:\/\/schema.org","@graph":[{"@type":"WebPage","@id":"https:\/\/ses-creative.com\/fr\/produit\/safari-a-la-craie-pour-trottoir\/","url":"https:\/\/ses-creative.com\/fr\/produit\/safari-a-la-craie-pour-trottoir\/","name":"Safari \u00e0 la craie pour trottoir - SES Creative","isPartOf":{"@id":"https:\/\/ses-creative.com\/#website"},"primaryImageOfPage":{"@id":"https:\/\/ses-creative.com\/fr\/produit\/safari-a-la-craie-pour-trottoir\/#primaryimage"},"image":{"@id":"https:\/\/ses-creative.com\/fr\/produit\/safari-a-la-craie-pour-trottoir\/#primaryimage"},"thumbnailUrl":"https:\/\/ses-creative.com\/wp-content\/uploads\/2026\/01\/022041.jpg","datePublished":"2026-02-12T10:08:36+00:00","dateModified":"2026-02-12T10:22:27+00:00","breadcrumb":{"@id":"https:\/\/ses-creative.com\/fr\/produit\/safari-a-la-craie-pour-trottoir\/#breadcrumb"},"inLanguage":"fr-FR","potentialAction":[{"@type":"ReadAction","target":["https:\/\/ses-creative.com\/fr\/produit\/safari-a-la-craie-pour-trottoir\/"]}]},{"@type":"ImageObject","inLanguage":"fr-FR","@id":"https:\/\/ses-creative.com\/fr\/produit\/safari-a-la-craie-pour-trottoir\/#primaryimage","url":"https:\/\/ses-creative.com\/wp-content\/uploads\/2026\/01\/022041.jpg","contentUrl":"https:\/\/ses-creative.com\/wp-content\/uploads\/2026\/01\/022041.jpg","width":1000,"height":1000},{"@type":"BreadcrumbList","@id":"https:\/\/ses-creative.com\/fr\/produit\/safari-a-la-craie-pour-trottoir\/#breadcrumb","itemListElement":[{"@type":"ListItem","position":1,"name":"Boutique","item":"https:\/\/ses-creative.com\/fr\/boutique\/"},{"@type":"ListItem","position":2,"name":"Jeux d\u2019ext\u00e9rieur","item":"https:\/\/ses-creative.com\/fr\/product-categorie\/jeux-dexterieur\/"},{"@type":"ListItem","position":3,"name":"Safari \u00e0 la craie pour trottoir"}]},{"@type":"WebSite","@id":"https:\/\/ses-creative.com\/#website","url":"https:\/\/ses-creative.com\/","name":"SES Creative","description":"","publisher":{"@id":"https:\/\/ses-creative.com\/#organization"},"potentialAction":[{"@type":"SearchAction","target":{"@type":"EntryPoint","urlTemplate":"https:\/\/ses-creative.com\/?s={search_term_string}"},"query-input":{"@type":"PropertyValueSpecification","valueRequired":true,"valueName":"search_term_string"}}],"inLanguage":"fr-FR"},{"@type":"Organization","@id":"https:\/\/ses-creative.com\/#organization","name":"SES Creative","url":"https:\/\/ses-creative.com\/","logo":{"@type":"ImageObject","inLanguage":"fr-FR","@id":"https:\/\/ses-creative.com\/#\/schema\/logo\/image\/","url":"https:\/\/ses-creative.com\/wp-content\/uploads\/2025\/10\/ses-creative-logo.jpg","contentUrl":"https:\/\/ses-creative.com\/wp-content\/uploads\/2025\/10\/ses-creative-logo.jpg","width":2037,"height":2037,"caption":"SES Creative"},"image":{"@id":"https:\/\/ses-creative.com\/#\/schema\/logo\/image\/"}}]}},"_links":{"self":[{"href":"https:\/\/ses-creative.com\/fr\/wp-json\/wp\/v2\/product\/118090","targetHints":{"allow":["GET"]}}],"collection":[{"href":"https:\/\/ses-creative.com\/fr\/wp-json\/wp\/v2\/product"}],"about":[{"href":"https:\/\/ses-creative.com\/fr\/wp-json\/wp\/v2\/types\/product"}],"replies":[{"embeddable":true,"href":"https:\/\/ses-creative.com\/fr\/wp-json\/wp\/v2\/comments?post=118090"}],"wp:featuredmedia":[{"embeddable":true,"href":"https:\/\/ses-creative.com\/fr\/wp-json\/wp\/v2\/media\/93672"}],"wp:attachment":[{"href":"https:\/\/ses-creative.com\/fr\/wp-json\/wp\/v2\/media?parent=118090"}],"wp:term":[{"taxonomy":"product_brand","embeddable":true,"href":"https:\/\/ses-creative.com\/fr\/wp-json\/wp\/v2\/product_brand?post=118090"},{"taxonomy":"product_cat","embeddable":true,"href":"https:\/\/ses-creative.com\/fr\/wp-json\/wp\/v2\/product_cat?post=118090"},{"taxonomy":"product_tag","embeddable":true,"href":"https:\/\/ses-creative.com\/fr\/wp-json\/wp\/v2\/product_tag?post=118090"}],"curies":[{"name":"wp","href":"https:\/\/api.w.org\/{rel}","templated":true}]}}