











{"id":118089,"date":"2026-02-12T10:08:36","date_gmt":"2026-02-12T10:08:36","guid":{"rendered":"https:\/\/ses-creative.com\/?post_type=product&#038;p=118089"},"modified":"2026-02-12T10:22:27","modified_gmt":"2026-02-12T10:22:27","slug":"signalisation-a-la-craie-pour-trottoir","status":"publish","type":"product","link":"https:\/\/ses-creative.com\/fr\/produit\/signalisation-a-la-craie-pour-trottoir\/","title":{"rendered":"Signalisation \u00e0 la craie pour trottoir"},"content":{"rendered":"<p>Craie de trottoir Circulation : cr\u00e9ez votre propre monde routier !<br \/>\nDessine ton propre monde en couleurs vives sur le trottoir ! Tu peux d\u00e9cider toi-m\u00eame du trac\u00e9 des routes dans ta ville ! Rends la ville encore plus vivante en pla\u00e7ant les panneaux de signalisation et les pions appropri\u00e9s. Il y a des travaux sur la route ? Pas de probl\u00e8me, prends de la craie et trace un nouvel itin\u00e9raire ! Arr\u00eate-toi aux panneaux \u00ab Stop \u00bb et attends que les gens traversent le passage pi\u00e9ton. Connais-tu la signification de tous les panneaux de signalisation ?<br \/>\nCe qui rend ce set g\u00e9nial<br \/>\n&#8211;    Set complet sur le th\u00e8me de la circulation, avec des panneaux de signalisation, une voiture et des craies de trottoir de diff\u00e9rentes couleurs<br \/>\n&#8211;    Pour des heures de plaisir<br \/>\n&#8211;    Parfait pour jouer dehors, seul ou avec des amis<br \/>\n&#8211;    Craies r\u00e9sistantes \u00e0 forte pigmentation<br \/>\n&#8211;    Facile \u00e0 nettoyer \u00e0 l&rsquo;eau et \u00e0 l&rsquo;aide d&rsquo;un balai<br \/>\nCr\u00e9ez vos propres aventures routi\u00e8res<br \/>\nAvec ce set, les enfants peuvent laisser libre cours \u00e0 leur cr\u00e9ativit\u00e9 et \u00e0 leur imagination en cr\u00e9ant leur propre monde routier sur le trottoir. Ce set stimule \u00e0 la fois la cr\u00e9ativit\u00e9 et les capacit\u00e9s motrices des enfants. Il les encourage \u00e0 jouer dehors et \u00e0 apprendre de mani\u00e8re ludique les r\u00e8gles de circulation. Les craies r\u00e9sistantes et color\u00e9es sont s\u00fbres et faciles \u00e0 nettoyer, ce qui les rend id\u00e9ales pour les parents.<br \/>\nContenu du set<br \/>\n&#8211;    6 couleurs de craies de trottoir<br \/>\n&#8211;    16 panneaux de signalisation, c\u00f4nes et barri\u00e8res<br \/>\n&#8211;    1 voiture<br \/>\nPourquoi choisir SES Creative ?<br \/>\nChez SES Creative, nous accordons une grande importance \u00e0 la s\u00e9curit\u00e9. C&rsquo;est pourquoi nos produits sont fabriqu\u00e9s et test\u00e9s dans notre usine aux Pays-Bas, conform\u00e9ment aux normes de s\u00e9curit\u00e9 europ\u00e9ennes les plus strictes. Les jouets SES Creative sont source de plaisir et permettent aux enfants d&rsquo;\u00eatre fiers de leur travail, ce qui stimule leur cr\u00e9ativit\u00e9 et leur d\u00e9veloppement.<br \/>\nCommencez d\u00e8s aujourd&rsquo;hui avec les craies de trottoir Traffic<br \/>\nD\u00e9couvrez le plaisir des craies de trottoir et cr\u00e9ez les plus belles situations de circulation avec le set de craies de trottoir sur le th\u00e8me de la circulation de SES Creative. Parfait pour des heures de jeu cr\u00e9atif et actif en plein air !<\/p>\n","protected":false},"excerpt":{"rendered":"<p>Craie de trottoir Circulation : cr\u00e9ez votre propre monde routier ! Dessine ton propre monde en couleurs vives sur le trottoir ! Tu peux d\u00e9cider toi-m\u00eame du trac\u00e9 des routes dans ta ville ! Rends la ville encore plus vivante en pla\u00e7ant les panneaux de signalisation et les pions appropri\u00e9s. Il y a des travaux [&hellip;]<\/p>\n","protected":false},"featured_media":98888,"comment_status":"closed","ping_status":"closed","template":"","meta":{"_acf_changed":false},"product_brand":[],"product_cat":[126],"product_tag":[],"class_list":{"0":"post-118089","1":"product","2":"type-product","3":"status-publish","4":"has-post-thumbnail","6":"product_cat-jeux-dexterieur","7":"pa_leeftijd-filter-3-4-ans","8":"pa_meest-populair-bij-garcons-filles","10":"first","11":"instock","12":"shipping-taxable","13":"product-type-simple"},"acf":[],"yoast_head":"<!-- This site is optimized with the Yoast SEO plugin v27.4 - https:\/\/yoast.com\/product\/yoast-seo-wordpress\/ -->\n<title>Signalisation \u00e0 la craie pour trottoir - SES Creative<\/title>\n<meta name=\"robots\" content=\"index, follow, max-snippet:-1, max-image-preview:large, max-video-preview:-1\" \/>\n<link rel=\"canonical\" href=\"https:\/\/ses-creative.com\/fr\/produit\/signalisation-a-la-craie-pour-trottoir\/\" \/>\n<meta property=\"og:locale\" content=\"fr_FR\" \/>\n<meta property=\"og:type\" content=\"article\" \/>\n<meta property=\"og:title\" content=\"Signalisation \u00e0 la craie pour trottoir - SES Creative\" \/>\n<meta property=\"og:description\" content=\"Craie de trottoir Circulation : cr\u00e9ez votre propre monde routier ! Dessine ton propre monde en couleurs vives sur le trottoir ! Tu peux d\u00e9cider toi-m\u00eame du trac\u00e9 des routes dans ta ville ! Rends la ville encore plus vivante en pla\u00e7ant les panneaux de signalisation et les pions appropri\u00e9s. Il y a des travaux [&hellip;]\" \/>\n<meta property=\"og:url\" content=\"https:\/\/ses-creative.com\/fr\/produit\/signalisation-a-la-craie-pour-trottoir\/\" \/>\n<meta property=\"og:site_name\" content=\"SES Creative\" \/>\n<meta property=\"article:modified_time\" content=\"2026-02-12T10:22:27+00:00\" \/>\n<meta name=\"twitter:card\" content=\"summary_large_image\" \/>\n<meta name=\"twitter:label1\" content=\"Dur\u00e9e de lecture estim\u00e9e\" \/>\n\t<meta name=\"twitter:data1\" content=\"2 minutes\" \/>\n<script type=\"application\/ld+json\" class=\"yoast-schema-graph\">{\"@context\":\"https:\\\/\\\/schema.org\",\"@graph\":[{\"@type\":\"WebPage\",\"@id\":\"https:\\\/\\\/ses-creative.com\\\/fr\\\/produit\\\/signalisation-a-la-craie-pour-trottoir\\\/\",\"url\":\"https:\\\/\\\/ses-creative.com\\\/fr\\\/produit\\\/signalisation-a-la-craie-pour-trottoir\\\/\",\"name\":\"Signalisation \u00e0 la craie pour trottoir - SES Creative\",\"isPartOf\":{\"@id\":\"https:\\\/\\\/ses-creative.com\\\/#website\"},\"primaryImageOfPage\":{\"@id\":\"https:\\\/\\\/ses-creative.com\\\/fr\\\/produit\\\/signalisation-a-la-craie-pour-trottoir\\\/#primaryimage\"},\"image\":{\"@id\":\"https:\\\/\\\/ses-creative.com\\\/fr\\\/produit\\\/signalisation-a-la-craie-pour-trottoir\\\/#primaryimage\"},\"thumbnailUrl\":\"https:\\\/\\\/ses-creative.com\\\/wp-content\\\/uploads\\\/2026\\\/01\\\/022031.jpg\",\"datePublished\":\"2026-02-12T10:08:36+00:00\",\"dateModified\":\"2026-02-12T10:22:27+00:00\",\"breadcrumb\":{\"@id\":\"https:\\\/\\\/ses-creative.com\\\/fr\\\/produit\\\/signalisation-a-la-craie-pour-trottoir\\\/#breadcrumb\"},\"inLanguage\":\"fr-FR\",\"potentialAction\":[{\"@type\":\"ReadAction\",\"target\":[\"https:\\\/\\\/ses-creative.com\\\/fr\\\/produit\\\/signalisation-a-la-craie-pour-trottoir\\\/\"]}]},{\"@type\":\"ImageObject\",\"inLanguage\":\"fr-FR\",\"@id\":\"https:\\\/\\\/ses-creative.com\\\/fr\\\/produit\\\/signalisation-a-la-craie-pour-trottoir\\\/#primaryimage\",\"url\":\"https:\\\/\\\/ses-creative.com\\\/wp-content\\\/uploads\\\/2026\\\/01\\\/022031.jpg\",\"contentUrl\":\"https:\\\/\\\/ses-creative.com\\\/wp-content\\\/uploads\\\/2026\\\/01\\\/022031.jpg\",\"width\":1000,\"height\":1000},{\"@type\":\"BreadcrumbList\",\"@id\":\"https:\\\/\\\/ses-creative.com\\\/fr\\\/produit\\\/signalisation-a-la-craie-pour-trottoir\\\/#breadcrumb\",\"itemListElement\":[{\"@type\":\"ListItem\",\"position\":1,\"name\":\"Boutique\",\"item\":\"https:\\\/\\\/ses-creative.com\\\/fr\\\/boutique\\\/\"},{\"@type\":\"ListItem\",\"position\":2,\"name\":\"Jeux d\u2019ext\u00e9rieur\",\"item\":\"https:\\\/\\\/ses-creative.com\\\/fr\\\/product-categorie\\\/jeux-dexterieur\\\/\"},{\"@type\":\"ListItem\",\"position\":3,\"name\":\"Signalisation \u00e0 la craie pour trottoir\"}]},{\"@type\":\"WebSite\",\"@id\":\"https:\\\/\\\/ses-creative.com\\\/#website\",\"url\":\"https:\\\/\\\/ses-creative.com\\\/\",\"name\":\"SES Creative\",\"description\":\"\",\"publisher\":{\"@id\":\"https:\\\/\\\/ses-creative.com\\\/#organization\"},\"potentialAction\":[{\"@type\":\"SearchAction\",\"target\":{\"@type\":\"EntryPoint\",\"urlTemplate\":\"https:\\\/\\\/ses-creative.com\\\/?s={search_term_string}\"},\"query-input\":{\"@type\":\"PropertyValueSpecification\",\"valueRequired\":true,\"valueName\":\"search_term_string\"}}],\"inLanguage\":\"fr-FR\"},{\"@type\":\"Organization\",\"@id\":\"https:\\\/\\\/ses-creative.com\\\/#organization\",\"name\":\"SES Creative\",\"url\":\"https:\\\/\\\/ses-creative.com\\\/\",\"logo\":{\"@type\":\"ImageObject\",\"inLanguage\":\"fr-FR\",\"@id\":\"https:\\\/\\\/ses-creative.com\\\/#\\\/schema\\\/logo\\\/image\\\/\",\"url\":\"https:\\\/\\\/ses-creative.com\\\/wp-content\\\/uploads\\\/2025\\\/10\\\/ses-creative-logo.jpg\",\"contentUrl\":\"https:\\\/\\\/ses-creative.com\\\/wp-content\\\/uploads\\\/2025\\\/10\\\/ses-creative-logo.jpg\",\"width\":2037,\"height\":2037,\"caption\":\"SES Creative\"},\"image\":{\"@id\":\"https:\\\/\\\/ses-creative.com\\\/#\\\/schema\\\/logo\\\/image\\\/\"}}]}<\/script>\n<!-- \/ Yoast SEO plugin. -->","yoast_head_json":{"title":"Signalisation \u00e0 la craie pour trottoir - SES Creative","robots":{"index":"index","follow":"follow","max-snippet":"max-snippet:-1","max-image-preview":"max-image-preview:large","max-video-preview":"max-video-preview:-1"},"canonical":"https:\/\/ses-creative.com\/fr\/produit\/signalisation-a-la-craie-pour-trottoir\/","og_locale":"fr_FR","og_type":"article","og_title":"Signalisation \u00e0 la craie pour trottoir - SES Creative","og_description":"Craie de trottoir Circulation : cr\u00e9ez votre propre monde routier ! Dessine ton propre monde en couleurs vives sur le trottoir ! Tu peux d\u00e9cider toi-m\u00eame du trac\u00e9 des routes dans ta ville ! Rends la ville encore plus vivante en pla\u00e7ant les panneaux de signalisation et les pions appropri\u00e9s. Il y a des travaux [&hellip;]","og_url":"https:\/\/ses-creative.com\/fr\/produit\/signalisation-a-la-craie-pour-trottoir\/","og_site_name":"SES Creative","article_modified_time":"2026-02-12T10:22:27+00:00","twitter_card":"summary_large_image","twitter_misc":{"Dur\u00e9e de lecture estim\u00e9e":"2 minutes"},"schema":{"@context":"https:\/\/schema.org","@graph":[{"@type":"WebPage","@id":"https:\/\/ses-creative.com\/fr\/produit\/signalisation-a-la-craie-pour-trottoir\/","url":"https:\/\/ses-creative.com\/fr\/produit\/signalisation-a-la-craie-pour-trottoir\/","name":"Signalisation \u00e0 la craie pour trottoir - SES Creative","isPartOf":{"@id":"https:\/\/ses-creative.com\/#website"},"primaryImageOfPage":{"@id":"https:\/\/ses-creative.com\/fr\/produit\/signalisation-a-la-craie-pour-trottoir\/#primaryimage"},"image":{"@id":"https:\/\/ses-creative.com\/fr\/produit\/signalisation-a-la-craie-pour-trottoir\/#primaryimage"},"thumbnailUrl":"https:\/\/ses-creative.com\/wp-content\/uploads\/2026\/01\/022031.jpg","datePublished":"2026-02-12T10:08:36+00:00","dateModified":"2026-02-12T10:22:27+00:00","breadcrumb":{"@id":"https:\/\/ses-creative.com\/fr\/produit\/signalisation-a-la-craie-pour-trottoir\/#breadcrumb"},"inLanguage":"fr-FR","potentialAction":[{"@type":"ReadAction","target":["https:\/\/ses-creative.com\/fr\/produit\/signalisation-a-la-craie-pour-trottoir\/"]}]},{"@type":"ImageObject","inLanguage":"fr-FR","@id":"https:\/\/ses-creative.com\/fr\/produit\/signalisation-a-la-craie-pour-trottoir\/#primaryimage","url":"https:\/\/ses-creative.com\/wp-content\/uploads\/2026\/01\/022031.jpg","contentUrl":"https:\/\/ses-creative.com\/wp-content\/uploads\/2026\/01\/022031.jpg","width":1000,"height":1000},{"@type":"BreadcrumbList","@id":"https:\/\/ses-creative.com\/fr\/produit\/signalisation-a-la-craie-pour-trottoir\/#breadcrumb","itemListElement":[{"@type":"ListItem","position":1,"name":"Boutique","item":"https:\/\/ses-creative.com\/fr\/boutique\/"},{"@type":"ListItem","position":2,"name":"Jeux d\u2019ext\u00e9rieur","item":"https:\/\/ses-creative.com\/fr\/product-categorie\/jeux-dexterieur\/"},{"@type":"ListItem","position":3,"name":"Signalisation \u00e0 la craie pour trottoir"}]},{"@type":"WebSite","@id":"https:\/\/ses-creative.com\/#website","url":"https:\/\/ses-creative.com\/","name":"SES Creative","description":"","publisher":{"@id":"https:\/\/ses-creative.com\/#organization"},"potentialAction":[{"@type":"SearchAction","target":{"@type":"EntryPoint","urlTemplate":"https:\/\/ses-creative.com\/?s={search_term_string}"},"query-input":{"@type":"PropertyValueSpecification","valueRequired":true,"valueName":"search_term_string"}}],"inLanguage":"fr-FR"},{"@type":"Organization","@id":"https:\/\/ses-creative.com\/#organization","name":"SES Creative","url":"https:\/\/ses-creative.com\/","logo":{"@type":"ImageObject","inLanguage":"fr-FR","@id":"https:\/\/ses-creative.com\/#\/schema\/logo\/image\/","url":"https:\/\/ses-creative.com\/wp-content\/uploads\/2025\/10\/ses-creative-logo.jpg","contentUrl":"https:\/\/ses-creative.com\/wp-content\/uploads\/2025\/10\/ses-creative-logo.jpg","width":2037,"height":2037,"caption":"SES Creative"},"image":{"@id":"https:\/\/ses-creative.com\/#\/schema\/logo\/image\/"}}]}},"_links":{"self":[{"href":"https:\/\/ses-creative.com\/fr\/wp-json\/wp\/v2\/product\/118089","targetHints":{"allow":["GET"]}}],"collection":[{"href":"https:\/\/ses-creative.com\/fr\/wp-json\/wp\/v2\/product"}],"about":[{"href":"https:\/\/ses-creative.com\/fr\/wp-json\/wp\/v2\/types\/product"}],"replies":[{"embeddable":true,"href":"https:\/\/ses-creative.com\/fr\/wp-json\/wp\/v2\/comments?post=118089"}],"wp:featuredmedia":[{"embeddable":true,"href":"https:\/\/ses-creative.com\/fr\/wp-json\/wp\/v2\/media\/98888"}],"wp:attachment":[{"href":"https:\/\/ses-creative.com\/fr\/wp-json\/wp\/v2\/media?parent=118089"}],"wp:term":[{"taxonomy":"product_brand","embeddable":true,"href":"https:\/\/ses-creative.com\/fr\/wp-json\/wp\/v2\/product_brand?post=118089"},{"taxonomy":"product_cat","embeddable":true,"href":"https:\/\/ses-creative.com\/fr\/wp-json\/wp\/v2\/product_cat?post=118089"},{"taxonomy":"product_tag","embeddable":true,"href":"https:\/\/ses-creative.com\/fr\/wp-json\/wp\/v2\/product_tag?post=118089"}],"curies":[{"name":"wp","href":"https:\/\/api.w.org\/{rel}","templated":true}]}}