











{"id":118087,"date":"2026-02-12T10:08:36","date_gmt":"2026-02-12T10:08:36","guid":{"rendered":"https:\/\/ses-creative.com\/?post_type=product&#038;p=118087"},"modified":"2026-02-12T10:22:27","modified_gmt":"2026-02-12T10:22:27","slug":"dinosaures-2-en-1-moulage-et-peinture-et-scratch","status":"publish","type":"product","link":"https:\/\/ses-creative.com\/fr\/produit\/dinosaures-2-en-1-moulage-et-peinture-et-scratch\/","title":{"rendered":"Dinosaures 2 en 1 &#8211; Moulage et peinture et scratch"},"content":{"rendered":"<p>Le coffret Dinosaures 2 en 1 de SES Creative propose deux activit\u00e9s cr\u00e9atives sur le th\u00e8me pr\u00e9historique : un kit moulage et peinture scratch dinosaures, et un jeu de cartes \u00e0 gratter r\u00e9v\u00e9lant des cr\u00e9atures anciennes. Adapt\u00e9 aux enfants d\u00e8s 5 ans, ce coffret \u00e9ducatif d\u00e9veloppe motricit\u00e9, imagination et apprentissage. Parfait comme cadeau enfant dinosaure 5 ans ou activit\u00e9 manuelle dinosaure enfant, il inclut pl\u00e2tre, moules, 6 peintures, outil de lissage, brosse, cartes \u00e0 gratter, b\u00e2ton en bois et instructions.<\/p>\n","protected":false},"excerpt":{"rendered":"<p>Le coffret Dinosaures 2 en 1 de SES Creative propose deux activit\u00e9s cr\u00e9atives sur le th\u00e8me pr\u00e9historique : un kit moulage et peinture scratch dinosaures, et un jeu de cartes \u00e0 gratter r\u00e9v\u00e9lant des cr\u00e9atures anciennes. Adapt\u00e9 aux enfants d\u00e8s 5 ans, ce coffret \u00e9ducatif d\u00e9veloppe motricit\u00e9, imagination et apprentissage. Parfait comme cadeau enfant dinosaure [&hellip;]<\/p>\n","protected":false},"featured_media":93652,"comment_status":"closed","ping_status":"closed","template":"","meta":{"_acf_changed":false},"product_brand":[],"product_cat":[122],"product_tag":[],"class_list":{"0":"post-118087","1":"product","2":"type-product","3":"status-publish","4":"has-post-thumbnail","6":"product_cat-loisirs-creatifs","7":"pa_leeftijd-filter-4-6-ans","8":"pa_meest-populair-bij-garcons","10":"first","11":"instock","12":"shipping-taxable","13":"product-type-simple"},"acf":[],"yoast_head":"<!-- This site is optimized with the Yoast SEO plugin v27.2 - https:\/\/yoast.com\/product\/yoast-seo-wordpress\/ -->\n<title>Dinosaures 2 en 1 - Moulage et peinture et scratch - SES Creative<\/title>\n<meta name=\"robots\" content=\"index, follow, max-snippet:-1, max-image-preview:large, max-video-preview:-1\" \/>\n<link rel=\"canonical\" href=\"https:\/\/ses-creative.com\/fr\/produit\/dinosaures-2-en-1-moulage-et-peinture-et-scratch\/\" \/>\n<meta property=\"og:locale\" content=\"fr_FR\" \/>\n<meta property=\"og:type\" content=\"article\" \/>\n<meta property=\"og:title\" content=\"Dinosaures 2 en 1 - Moulage et peinture et scratch - SES Creative\" \/>\n<meta property=\"og:description\" content=\"Le coffret Dinosaures 2 en 1 de SES Creative propose deux activit\u00e9s cr\u00e9atives sur le th\u00e8me pr\u00e9historique : un kit moulage et peinture scratch dinosaures, et un jeu de cartes \u00e0 gratter r\u00e9v\u00e9lant des cr\u00e9atures anciennes. Adapt\u00e9 aux enfants d\u00e8s 5 ans, ce coffret \u00e9ducatif d\u00e9veloppe motricit\u00e9, imagination et apprentissage. Parfait comme cadeau enfant dinosaure [&hellip;]\" \/>\n<meta property=\"og:url\" content=\"https:\/\/ses-creative.com\/fr\/produit\/dinosaures-2-en-1-moulage-et-peinture-et-scratch\/\" \/>\n<meta property=\"og:site_name\" content=\"SES Creative\" \/>\n<meta property=\"article:modified_time\" content=\"2026-02-12T10:22:27+00:00\" \/>\n<meta name=\"twitter:card\" content=\"summary_large_image\" \/>\n<script type=\"application\/ld+json\" class=\"yoast-schema-graph\">{\"@context\":\"https:\/\/schema.org\",\"@graph\":[{\"@type\":\"WebPage\",\"@id\":\"https:\/\/ses-creative.com\/fr\/produit\/dinosaures-2-en-1-moulage-et-peinture-et-scratch\/\",\"url\":\"https:\/\/ses-creative.com\/fr\/produit\/dinosaures-2-en-1-moulage-et-peinture-et-scratch\/\",\"name\":\"Dinosaures 2 en 1 - Moulage et peinture et scratch - SES Creative\",\"isPartOf\":{\"@id\":\"https:\/\/ses-creative.com\/#website\"},\"primaryImageOfPage\":{\"@id\":\"https:\/\/ses-creative.com\/fr\/produit\/dinosaures-2-en-1-moulage-et-peinture-et-scratch\/#primaryimage\"},\"image\":{\"@id\":\"https:\/\/ses-creative.com\/fr\/produit\/dinosaures-2-en-1-moulage-et-peinture-et-scratch\/#primaryimage\"},\"thumbnailUrl\":\"https:\/\/ses-creative.com\/wp-content\/uploads\/2026\/01\/014081.jpg\",\"datePublished\":\"2026-02-12T10:08:36+00:00\",\"dateModified\":\"2026-02-12T10:22:27+00:00\",\"breadcrumb\":{\"@id\":\"https:\/\/ses-creative.com\/fr\/produit\/dinosaures-2-en-1-moulage-et-peinture-et-scratch\/#breadcrumb\"},\"inLanguage\":\"fr-FR\",\"potentialAction\":[{\"@type\":\"ReadAction\",\"target\":[\"https:\/\/ses-creative.com\/fr\/produit\/dinosaures-2-en-1-moulage-et-peinture-et-scratch\/\"]}]},{\"@type\":\"ImageObject\",\"inLanguage\":\"fr-FR\",\"@id\":\"https:\/\/ses-creative.com\/fr\/produit\/dinosaures-2-en-1-moulage-et-peinture-et-scratch\/#primaryimage\",\"url\":\"https:\/\/ses-creative.com\/wp-content\/uploads\/2026\/01\/014081.jpg\",\"contentUrl\":\"https:\/\/ses-creative.com\/wp-content\/uploads\/2026\/01\/014081.jpg\",\"width\":1000,\"height\":1000},{\"@type\":\"BreadcrumbList\",\"@id\":\"https:\/\/ses-creative.com\/fr\/produit\/dinosaures-2-en-1-moulage-et-peinture-et-scratch\/#breadcrumb\",\"itemListElement\":[{\"@type\":\"ListItem\",\"position\":1,\"name\":\"Boutique\",\"item\":\"https:\/\/ses-creative.com\/fr\/boutique\/\"},{\"@type\":\"ListItem\",\"position\":2,\"name\":\"Loisirs cr\u00e9atifs\",\"item\":\"https:\/\/ses-creative.com\/fr\/product-categorie\/loisirs-creatifs\/\"},{\"@type\":\"ListItem\",\"position\":3,\"name\":\"Dinosaures 2 en 1 &#8211; Moulage et peinture et scratch\"}]},{\"@type\":\"WebSite\",\"@id\":\"https:\/\/ses-creative.com\/#website\",\"url\":\"https:\/\/ses-creative.com\/\",\"name\":\"SES Creative\",\"description\":\"\",\"publisher\":{\"@id\":\"https:\/\/ses-creative.com\/#organization\"},\"potentialAction\":[{\"@type\":\"SearchAction\",\"target\":{\"@type\":\"EntryPoint\",\"urlTemplate\":\"https:\/\/ses-creative.com\/?s={search_term_string}\"},\"query-input\":{\"@type\":\"PropertyValueSpecification\",\"valueRequired\":true,\"valueName\":\"search_term_string\"}}],\"inLanguage\":\"fr-FR\"},{\"@type\":\"Organization\",\"@id\":\"https:\/\/ses-creative.com\/#organization\",\"name\":\"SES Creative\",\"url\":\"https:\/\/ses-creative.com\/\",\"logo\":{\"@type\":\"ImageObject\",\"inLanguage\":\"fr-FR\",\"@id\":\"https:\/\/ses-creative.com\/#\/schema\/logo\/image\/\",\"url\":\"https:\/\/ses-creative.com\/wp-content\/uploads\/2025\/10\/ses-creative-logo.jpg\",\"contentUrl\":\"https:\/\/ses-creative.com\/wp-content\/uploads\/2025\/10\/ses-creative-logo.jpg\",\"width\":2037,\"height\":2037,\"caption\":\"SES Creative\"},\"image\":{\"@id\":\"https:\/\/ses-creative.com\/#\/schema\/logo\/image\/\"}}]}<\/script>\n<!-- \/ Yoast SEO plugin. -->","yoast_head_json":{"title":"Dinosaures 2 en 1 - Moulage et peinture et scratch - SES Creative","robots":{"index":"index","follow":"follow","max-snippet":"max-snippet:-1","max-image-preview":"max-image-preview:large","max-video-preview":"max-video-preview:-1"},"canonical":"https:\/\/ses-creative.com\/fr\/produit\/dinosaures-2-en-1-moulage-et-peinture-et-scratch\/","og_locale":"fr_FR","og_type":"article","og_title":"Dinosaures 2 en 1 - Moulage et peinture et scratch - SES Creative","og_description":"Le coffret Dinosaures 2 en 1 de SES Creative propose deux activit\u00e9s cr\u00e9atives sur le th\u00e8me pr\u00e9historique : un kit moulage et peinture scratch dinosaures, et un jeu de cartes \u00e0 gratter r\u00e9v\u00e9lant des cr\u00e9atures anciennes. Adapt\u00e9 aux enfants d\u00e8s 5 ans, ce coffret \u00e9ducatif d\u00e9veloppe motricit\u00e9, imagination et apprentissage. Parfait comme cadeau enfant dinosaure [&hellip;]","og_url":"https:\/\/ses-creative.com\/fr\/produit\/dinosaures-2-en-1-moulage-et-peinture-et-scratch\/","og_site_name":"SES Creative","article_modified_time":"2026-02-12T10:22:27+00:00","twitter_card":"summary_large_image","schema":{"@context":"https:\/\/schema.org","@graph":[{"@type":"WebPage","@id":"https:\/\/ses-creative.com\/fr\/produit\/dinosaures-2-en-1-moulage-et-peinture-et-scratch\/","url":"https:\/\/ses-creative.com\/fr\/produit\/dinosaures-2-en-1-moulage-et-peinture-et-scratch\/","name":"Dinosaures 2 en 1 - Moulage et peinture et scratch - SES Creative","isPartOf":{"@id":"https:\/\/ses-creative.com\/#website"},"primaryImageOfPage":{"@id":"https:\/\/ses-creative.com\/fr\/produit\/dinosaures-2-en-1-moulage-et-peinture-et-scratch\/#primaryimage"},"image":{"@id":"https:\/\/ses-creative.com\/fr\/produit\/dinosaures-2-en-1-moulage-et-peinture-et-scratch\/#primaryimage"},"thumbnailUrl":"https:\/\/ses-creative.com\/wp-content\/uploads\/2026\/01\/014081.jpg","datePublished":"2026-02-12T10:08:36+00:00","dateModified":"2026-02-12T10:22:27+00:00","breadcrumb":{"@id":"https:\/\/ses-creative.com\/fr\/produit\/dinosaures-2-en-1-moulage-et-peinture-et-scratch\/#breadcrumb"},"inLanguage":"fr-FR","potentialAction":[{"@type":"ReadAction","target":["https:\/\/ses-creative.com\/fr\/produit\/dinosaures-2-en-1-moulage-et-peinture-et-scratch\/"]}]},{"@type":"ImageObject","inLanguage":"fr-FR","@id":"https:\/\/ses-creative.com\/fr\/produit\/dinosaures-2-en-1-moulage-et-peinture-et-scratch\/#primaryimage","url":"https:\/\/ses-creative.com\/wp-content\/uploads\/2026\/01\/014081.jpg","contentUrl":"https:\/\/ses-creative.com\/wp-content\/uploads\/2026\/01\/014081.jpg","width":1000,"height":1000},{"@type":"BreadcrumbList","@id":"https:\/\/ses-creative.com\/fr\/produit\/dinosaures-2-en-1-moulage-et-peinture-et-scratch\/#breadcrumb","itemListElement":[{"@type":"ListItem","position":1,"name":"Boutique","item":"https:\/\/ses-creative.com\/fr\/boutique\/"},{"@type":"ListItem","position":2,"name":"Loisirs cr\u00e9atifs","item":"https:\/\/ses-creative.com\/fr\/product-categorie\/loisirs-creatifs\/"},{"@type":"ListItem","position":3,"name":"Dinosaures 2 en 1 &#8211; Moulage et peinture et scratch"}]},{"@type":"WebSite","@id":"https:\/\/ses-creative.com\/#website","url":"https:\/\/ses-creative.com\/","name":"SES Creative","description":"","publisher":{"@id":"https:\/\/ses-creative.com\/#organization"},"potentialAction":[{"@type":"SearchAction","target":{"@type":"EntryPoint","urlTemplate":"https:\/\/ses-creative.com\/?s={search_term_string}"},"query-input":{"@type":"PropertyValueSpecification","valueRequired":true,"valueName":"search_term_string"}}],"inLanguage":"fr-FR"},{"@type":"Organization","@id":"https:\/\/ses-creative.com\/#organization","name":"SES Creative","url":"https:\/\/ses-creative.com\/","logo":{"@type":"ImageObject","inLanguage":"fr-FR","@id":"https:\/\/ses-creative.com\/#\/schema\/logo\/image\/","url":"https:\/\/ses-creative.com\/wp-content\/uploads\/2025\/10\/ses-creative-logo.jpg","contentUrl":"https:\/\/ses-creative.com\/wp-content\/uploads\/2025\/10\/ses-creative-logo.jpg","width":2037,"height":2037,"caption":"SES Creative"},"image":{"@id":"https:\/\/ses-creative.com\/#\/schema\/logo\/image\/"}}]}},"_links":{"self":[{"href":"https:\/\/ses-creative.com\/fr\/wp-json\/wp\/v2\/product\/118087","targetHints":{"allow":["GET"]}}],"collection":[{"href":"https:\/\/ses-creative.com\/fr\/wp-json\/wp\/v2\/product"}],"about":[{"href":"https:\/\/ses-creative.com\/fr\/wp-json\/wp\/v2\/types\/product"}],"replies":[{"embeddable":true,"href":"https:\/\/ses-creative.com\/fr\/wp-json\/wp\/v2\/comments?post=118087"}],"wp:featuredmedia":[{"embeddable":true,"href":"https:\/\/ses-creative.com\/fr\/wp-json\/wp\/v2\/media\/93652"}],"wp:attachment":[{"href":"https:\/\/ses-creative.com\/fr\/wp-json\/wp\/v2\/media?parent=118087"}],"wp:term":[{"taxonomy":"product_brand","embeddable":true,"href":"https:\/\/ses-creative.com\/fr\/wp-json\/wp\/v2\/product_brand?post=118087"},{"taxonomy":"product_cat","embeddable":true,"href":"https:\/\/ses-creative.com\/fr\/wp-json\/wp\/v2\/product_cat?post=118087"},{"taxonomy":"product_tag","embeddable":true,"href":"https:\/\/ses-creative.com\/fr\/wp-json\/wp\/v2\/product_tag?post=118087"}],"curies":[{"name":"wp","href":"https:\/\/api.w.org\/{rel}","templated":true}]}}