











{"id":118086,"date":"2026-02-12T10:08:36","date_gmt":"2026-02-12T10:08:36","guid":{"rendered":"https:\/\/ses-creative.com\/?post_type=product&#038;p=118086"},"modified":"2026-02-12T10:22:27","modified_gmt":"2026-02-12T10:22:27","slug":"moulage-et-peinture-dinosaures","status":"publish","type":"product","link":"https:\/\/ses-creative.com\/fr\/produit\/moulage-et-peinture-dinosaures\/","title":{"rendered":"Moulage et peinture &#8211; Dinosaures"},"content":{"rendered":"<p>Offrez \u00e0 votre enfant une exp\u00e9rience cr\u00e9ative unique avec ce kit de moulage et peinture de dinosaures. Ce set permet de r\u00e9aliser des figurines en 3D de dinosaures embl\u00e9matiques : tyrannosaure, st\u00e9gosaure et tric\u00e9ratops. Gr\u00e2ce aux moules en latex r\u00e9utilisables, il suffit de verser le pl\u00e2tre, de le r\u00e9partir uniform\u00e9ment et de laisser s\u00e9cher avant de d\u00e9mouler et de peindre chaque dinosaure selon son imagination.<\/p>\n<p>Le kit comprend trois moules d\u00e9taill\u00e9s, un support de s\u00e9chage, du pl\u00e2tre \u00e0 s\u00e9chage rapide, six couleurs de peinture et un pinceau. Les peintures aux couleurs vives assurent une bonne couverture et sont super-lavables sur la peau et les textiles, permettant aux enfants de s\u2019amuser sans souci.<\/p>\n<p>SES Creative est une marque sp\u00e9cialis\u00e9e dans les jouets cr\u00e9atifs depuis plus de 40 ans. Elle con\u00e7oit des produits qui stimulent le d\u00e9veloppement des enfants tout en garantissant qualit\u00e9 et s\u00e9curit\u00e9. Ce kit est parfait pour les jeunes artistes et les passionn\u00e9s de dinosaures d\u00e8s 5 ans, offrant une activit\u00e9 ludique et \u00e9ducative. Une id\u00e9e cadeau id\u00e9ale pour apprendre en s\u2019amusant !<\/p>\n","protected":false},"excerpt":{"rendered":"<p>Offrez \u00e0 votre enfant une exp\u00e9rience cr\u00e9ative unique avec ce kit de moulage et peinture de dinosaures. Ce set permet de r\u00e9aliser des figurines en 3D de dinosaures embl\u00e9matiques : tyrannosaure, st\u00e9gosaure et tric\u00e9ratops. Gr\u00e2ce aux moules en latex r\u00e9utilisables, il suffit de verser le pl\u00e2tre, de le r\u00e9partir uniform\u00e9ment et de laisser s\u00e9cher avant [&hellip;]<\/p>\n","protected":false},"featured_media":98848,"comment_status":"closed","ping_status":"closed","template":"","meta":{"_acf_changed":false},"product_brand":[],"product_cat":[122],"product_tag":[],"class_list":{"0":"post-118086","1":"product","2":"type-product","3":"status-publish","4":"has-post-thumbnail","6":"product_cat-loisirs-creatifs","7":"pa_leeftijd-filter-4-6-ans","8":"pa_meest-populair-bij-garcons","10":"first","11":"instock","12":"shipping-taxable","13":"product-type-simple"},"acf":[],"yoast_head":"<!-- This site is optimized with the Yoast SEO plugin v27.2 - https:\/\/yoast.com\/product\/yoast-seo-wordpress\/ -->\n<title>Moulage et peinture - Dinosaures - SES Creative<\/title>\n<meta name=\"robots\" content=\"index, follow, max-snippet:-1, max-image-preview:large, max-video-preview:-1\" \/>\n<link rel=\"canonical\" href=\"https:\/\/ses-creative.com\/fr\/produit\/moulage-et-peinture-dinosaures\/\" \/>\n<meta property=\"og:locale\" content=\"fr_FR\" \/>\n<meta property=\"og:type\" content=\"article\" \/>\n<meta property=\"og:title\" content=\"Moulage et peinture - Dinosaures - SES Creative\" \/>\n<meta property=\"og:description\" content=\"Offrez \u00e0 votre enfant une exp\u00e9rience cr\u00e9ative unique avec ce kit de moulage et peinture de dinosaures. Ce set permet de r\u00e9aliser des figurines en 3D de dinosaures embl\u00e9matiques : tyrannosaure, st\u00e9gosaure et tric\u00e9ratops. Gr\u00e2ce aux moules en latex r\u00e9utilisables, il suffit de verser le pl\u00e2tre, de le r\u00e9partir uniform\u00e9ment et de laisser s\u00e9cher avant [&hellip;]\" \/>\n<meta property=\"og:url\" content=\"https:\/\/ses-creative.com\/fr\/produit\/moulage-et-peinture-dinosaures\/\" \/>\n<meta property=\"og:site_name\" content=\"SES Creative\" \/>\n<meta property=\"article:modified_time\" content=\"2026-02-12T10:22:27+00:00\" \/>\n<meta name=\"twitter:card\" content=\"summary_large_image\" \/>\n<meta name=\"twitter:label1\" content=\"Dur\u00e9e de lecture estim\u00e9e\" \/>\n\t<meta name=\"twitter:data1\" content=\"1 minute\" \/>\n<script type=\"application\/ld+json\" class=\"yoast-schema-graph\">{\"@context\":\"https:\/\/schema.org\",\"@graph\":[{\"@type\":\"WebPage\",\"@id\":\"https:\/\/ses-creative.com\/fr\/produit\/moulage-et-peinture-dinosaures\/\",\"url\":\"https:\/\/ses-creative.com\/fr\/produit\/moulage-et-peinture-dinosaures\/\",\"name\":\"Moulage et peinture - Dinosaures - SES Creative\",\"isPartOf\":{\"@id\":\"https:\/\/ses-creative.com\/#website\"},\"primaryImageOfPage\":{\"@id\":\"https:\/\/ses-creative.com\/fr\/produit\/moulage-et-peinture-dinosaures\/#primaryimage\"},\"image\":{\"@id\":\"https:\/\/ses-creative.com\/fr\/produit\/moulage-et-peinture-dinosaures\/#primaryimage\"},\"thumbnailUrl\":\"https:\/\/ses-creative.com\/wp-content\/uploads\/2026\/01\/014061.jpg\",\"datePublished\":\"2026-02-12T10:08:36+00:00\",\"dateModified\":\"2026-02-12T10:22:27+00:00\",\"breadcrumb\":{\"@id\":\"https:\/\/ses-creative.com\/fr\/produit\/moulage-et-peinture-dinosaures\/#breadcrumb\"},\"inLanguage\":\"fr-FR\",\"potentialAction\":[{\"@type\":\"ReadAction\",\"target\":[\"https:\/\/ses-creative.com\/fr\/produit\/moulage-et-peinture-dinosaures\/\"]}]},{\"@type\":\"ImageObject\",\"inLanguage\":\"fr-FR\",\"@id\":\"https:\/\/ses-creative.com\/fr\/produit\/moulage-et-peinture-dinosaures\/#primaryimage\",\"url\":\"https:\/\/ses-creative.com\/wp-content\/uploads\/2026\/01\/014061.jpg\",\"contentUrl\":\"https:\/\/ses-creative.com\/wp-content\/uploads\/2026\/01\/014061.jpg\",\"width\":1000,\"height\":1000},{\"@type\":\"BreadcrumbList\",\"@id\":\"https:\/\/ses-creative.com\/fr\/produit\/moulage-et-peinture-dinosaures\/#breadcrumb\",\"itemListElement\":[{\"@type\":\"ListItem\",\"position\":1,\"name\":\"Boutique\",\"item\":\"https:\/\/ses-creative.com\/fr\/boutique\/\"},{\"@type\":\"ListItem\",\"position\":2,\"name\":\"Loisirs cr\u00e9atifs\",\"item\":\"https:\/\/ses-creative.com\/fr\/product-categorie\/loisirs-creatifs\/\"},{\"@type\":\"ListItem\",\"position\":3,\"name\":\"Moulage et peinture &#8211; Dinosaures\"}]},{\"@type\":\"WebSite\",\"@id\":\"https:\/\/ses-creative.com\/#website\",\"url\":\"https:\/\/ses-creative.com\/\",\"name\":\"SES Creative\",\"description\":\"\",\"publisher\":{\"@id\":\"https:\/\/ses-creative.com\/#organization\"},\"potentialAction\":[{\"@type\":\"SearchAction\",\"target\":{\"@type\":\"EntryPoint\",\"urlTemplate\":\"https:\/\/ses-creative.com\/?s={search_term_string}\"},\"query-input\":{\"@type\":\"PropertyValueSpecification\",\"valueRequired\":true,\"valueName\":\"search_term_string\"}}],\"inLanguage\":\"fr-FR\"},{\"@type\":\"Organization\",\"@id\":\"https:\/\/ses-creative.com\/#organization\",\"name\":\"SES Creative\",\"url\":\"https:\/\/ses-creative.com\/\",\"logo\":{\"@type\":\"ImageObject\",\"inLanguage\":\"fr-FR\",\"@id\":\"https:\/\/ses-creative.com\/#\/schema\/logo\/image\/\",\"url\":\"https:\/\/ses-creative.com\/wp-content\/uploads\/2025\/10\/ses-creative-logo.jpg\",\"contentUrl\":\"https:\/\/ses-creative.com\/wp-content\/uploads\/2025\/10\/ses-creative-logo.jpg\",\"width\":2037,\"height\":2037,\"caption\":\"SES Creative\"},\"image\":{\"@id\":\"https:\/\/ses-creative.com\/#\/schema\/logo\/image\/\"}}]}<\/script>\n<!-- \/ Yoast SEO plugin. -->","yoast_head_json":{"title":"Moulage et peinture - Dinosaures - SES Creative","robots":{"index":"index","follow":"follow","max-snippet":"max-snippet:-1","max-image-preview":"max-image-preview:large","max-video-preview":"max-video-preview:-1"},"canonical":"https:\/\/ses-creative.com\/fr\/produit\/moulage-et-peinture-dinosaures\/","og_locale":"fr_FR","og_type":"article","og_title":"Moulage et peinture - Dinosaures - SES Creative","og_description":"Offrez \u00e0 votre enfant une exp\u00e9rience cr\u00e9ative unique avec ce kit de moulage et peinture de dinosaures. Ce set permet de r\u00e9aliser des figurines en 3D de dinosaures embl\u00e9matiques : tyrannosaure, st\u00e9gosaure et tric\u00e9ratops. Gr\u00e2ce aux moules en latex r\u00e9utilisables, il suffit de verser le pl\u00e2tre, de le r\u00e9partir uniform\u00e9ment et de laisser s\u00e9cher avant [&hellip;]","og_url":"https:\/\/ses-creative.com\/fr\/produit\/moulage-et-peinture-dinosaures\/","og_site_name":"SES Creative","article_modified_time":"2026-02-12T10:22:27+00:00","twitter_card":"summary_large_image","twitter_misc":{"Dur\u00e9e de lecture estim\u00e9e":"1 minute"},"schema":{"@context":"https:\/\/schema.org","@graph":[{"@type":"WebPage","@id":"https:\/\/ses-creative.com\/fr\/produit\/moulage-et-peinture-dinosaures\/","url":"https:\/\/ses-creative.com\/fr\/produit\/moulage-et-peinture-dinosaures\/","name":"Moulage et peinture - Dinosaures - SES Creative","isPartOf":{"@id":"https:\/\/ses-creative.com\/#website"},"primaryImageOfPage":{"@id":"https:\/\/ses-creative.com\/fr\/produit\/moulage-et-peinture-dinosaures\/#primaryimage"},"image":{"@id":"https:\/\/ses-creative.com\/fr\/produit\/moulage-et-peinture-dinosaures\/#primaryimage"},"thumbnailUrl":"https:\/\/ses-creative.com\/wp-content\/uploads\/2026\/01\/014061.jpg","datePublished":"2026-02-12T10:08:36+00:00","dateModified":"2026-02-12T10:22:27+00:00","breadcrumb":{"@id":"https:\/\/ses-creative.com\/fr\/produit\/moulage-et-peinture-dinosaures\/#breadcrumb"},"inLanguage":"fr-FR","potentialAction":[{"@type":"ReadAction","target":["https:\/\/ses-creative.com\/fr\/produit\/moulage-et-peinture-dinosaures\/"]}]},{"@type":"ImageObject","inLanguage":"fr-FR","@id":"https:\/\/ses-creative.com\/fr\/produit\/moulage-et-peinture-dinosaures\/#primaryimage","url":"https:\/\/ses-creative.com\/wp-content\/uploads\/2026\/01\/014061.jpg","contentUrl":"https:\/\/ses-creative.com\/wp-content\/uploads\/2026\/01\/014061.jpg","width":1000,"height":1000},{"@type":"BreadcrumbList","@id":"https:\/\/ses-creative.com\/fr\/produit\/moulage-et-peinture-dinosaures\/#breadcrumb","itemListElement":[{"@type":"ListItem","position":1,"name":"Boutique","item":"https:\/\/ses-creative.com\/fr\/boutique\/"},{"@type":"ListItem","position":2,"name":"Loisirs cr\u00e9atifs","item":"https:\/\/ses-creative.com\/fr\/product-categorie\/loisirs-creatifs\/"},{"@type":"ListItem","position":3,"name":"Moulage et peinture &#8211; Dinosaures"}]},{"@type":"WebSite","@id":"https:\/\/ses-creative.com\/#website","url":"https:\/\/ses-creative.com\/","name":"SES Creative","description":"","publisher":{"@id":"https:\/\/ses-creative.com\/#organization"},"potentialAction":[{"@type":"SearchAction","target":{"@type":"EntryPoint","urlTemplate":"https:\/\/ses-creative.com\/?s={search_term_string}"},"query-input":{"@type":"PropertyValueSpecification","valueRequired":true,"valueName":"search_term_string"}}],"inLanguage":"fr-FR"},{"@type":"Organization","@id":"https:\/\/ses-creative.com\/#organization","name":"SES Creative","url":"https:\/\/ses-creative.com\/","logo":{"@type":"ImageObject","inLanguage":"fr-FR","@id":"https:\/\/ses-creative.com\/#\/schema\/logo\/image\/","url":"https:\/\/ses-creative.com\/wp-content\/uploads\/2025\/10\/ses-creative-logo.jpg","contentUrl":"https:\/\/ses-creative.com\/wp-content\/uploads\/2025\/10\/ses-creative-logo.jpg","width":2037,"height":2037,"caption":"SES Creative"},"image":{"@id":"https:\/\/ses-creative.com\/#\/schema\/logo\/image\/"}}]}},"_links":{"self":[{"href":"https:\/\/ses-creative.com\/fr\/wp-json\/wp\/v2\/product\/118086","targetHints":{"allow":["GET"]}}],"collection":[{"href":"https:\/\/ses-creative.com\/fr\/wp-json\/wp\/v2\/product"}],"about":[{"href":"https:\/\/ses-creative.com\/fr\/wp-json\/wp\/v2\/types\/product"}],"replies":[{"embeddable":true,"href":"https:\/\/ses-creative.com\/fr\/wp-json\/wp\/v2\/comments?post=118086"}],"wp:featuredmedia":[{"embeddable":true,"href":"https:\/\/ses-creative.com\/fr\/wp-json\/wp\/v2\/media\/98848"}],"wp:attachment":[{"href":"https:\/\/ses-creative.com\/fr\/wp-json\/wp\/v2\/media?parent=118086"}],"wp:term":[{"taxonomy":"product_brand","embeddable":true,"href":"https:\/\/ses-creative.com\/fr\/wp-json\/wp\/v2\/product_brand?post=118086"},{"taxonomy":"product_cat","embeddable":true,"href":"https:\/\/ses-creative.com\/fr\/wp-json\/wp\/v2\/product_cat?post=118086"},{"taxonomy":"product_tag","embeddable":true,"href":"https:\/\/ses-creative.com\/fr\/wp-json\/wp\/v2\/product_tag?post=118086"}],"curies":[{"name":"wp","href":"https:\/\/api.w.org\/{rel}","templated":true}]}}