











{"id":118085,"date":"2026-02-12T10:08:35","date_gmt":"2026-02-12T10:08:35","guid":{"rendered":"https:\/\/ses-creative.com\/?post_type=product&#038;p=118085"},"modified":"2026-02-12T10:22:26","modified_gmt":"2026-02-12T10:22:26","slug":"moulage-et-peinture-creatures-mythiques","status":"publish","type":"product","link":"https:\/\/ses-creative.com\/fr\/produit\/moulage-et-peinture-creatures-mythiques\/","title":{"rendered":"Moulage et peinture &#8211; Cr\u00e9atures mythiques"},"content":{"rendered":"<p>Plongez dans l\u2019univers des cr\u00e9atures fantastiques DIY avec ce kit moulage pl\u00e2tre enfant ! Gr\u00e2ce aux moules d\u00e9taill\u00e9s, vous pouvez cr\u00e9er 6 figurines mythiques, dont un dragon, un ph\u00e9nix et un loup-garou. Une fois le pl\u00e2tre \u00e0 s\u00e9chage rapide coul\u00e9 et d\u00e9moul\u00e9, il ne reste plus qu\u2019\u00e0 peindre et personnaliser chaque figurine avec les 6 couleurs incluses.<\/p>\n<p>Ce kit de peinture figurine mythique est id\u00e9al pour les enfants d\u00e8s 5 ans qui aiment les activit\u00e9s manuelles et la cr\u00e9ation. Il leur permet de d\u00e9velopper leur motricit\u00e9 fine et leur imagination tout en s\u2019amusant.<\/p>\n<p>Contenu du kit :<br \/>\n\u2714 Pl\u00e2tre \u00e0 s\u00e9chage rapide<br \/>\n\u2714 Moules avec 6 cr\u00e9atures fantastiques<br \/>\n\u2714 6 couleurs de peinture<br \/>\n\u2714 Pinceau<br \/>\n\u2714 Outil de lissage<br \/>\n\u2714 Instructions d\u00e9taill\u00e9es<\/p>\n<p>Un cadeau cr\u00e9atif gar\u00e7on fille parfait pour un anniversaire ou une activit\u00e9 en famille. Ce kit moulage pl\u00e2tre enfant garantit une exp\u00e9rience ludique et artistique avec des figurines uniques \u00e0 exposer ou offrir !<\/p>\n","protected":false},"excerpt":{"rendered":"<p>Plongez dans l\u2019univers des cr\u00e9atures fantastiques DIY avec ce kit moulage pl\u00e2tre enfant ! Gr\u00e2ce aux moules d\u00e9taill\u00e9s, vous pouvez cr\u00e9er 6 figurines mythiques, dont un dragon, un ph\u00e9nix et un loup-garou. Une fois le pl\u00e2tre \u00e0 s\u00e9chage rapide coul\u00e9 et d\u00e9moul\u00e9, il ne reste plus qu\u2019\u00e0 peindre et personnaliser chaque figurine avec les 6 [&hellip;]<\/p>\n","protected":false},"featured_media":98828,"comment_status":"closed","ping_status":"closed","template":"","meta":{"_acf_changed":false},"product_brand":[],"product_cat":[122],"product_tag":[],"class_list":{"0":"post-118085","1":"product","2":"type-product","3":"status-publish","4":"has-post-thumbnail","6":"product_cat-loisirs-creatifs","7":"pa_leeftijd-filter-4-6-ans","8":"pa_meest-populair-bij-garcons","10":"first","11":"instock","12":"shipping-taxable","13":"product-type-simple"},"acf":[],"yoast_head":"<!-- This site is optimized with the Yoast SEO plugin v27.2 - https:\/\/yoast.com\/product\/yoast-seo-wordpress\/ -->\n<title>Moulage et peinture - Cr\u00e9atures mythiques - SES Creative<\/title>\n<meta name=\"robots\" content=\"index, follow, max-snippet:-1, max-image-preview:large, max-video-preview:-1\" \/>\n<link rel=\"canonical\" href=\"https:\/\/ses-creative.com\/fr\/produit\/moulage-et-peinture-creatures-mythiques\/\" \/>\n<meta property=\"og:locale\" content=\"fr_FR\" \/>\n<meta property=\"og:type\" content=\"article\" \/>\n<meta property=\"og:title\" content=\"Moulage et peinture - Cr\u00e9atures mythiques - SES Creative\" \/>\n<meta property=\"og:description\" content=\"Plongez dans l\u2019univers des cr\u00e9atures fantastiques DIY avec ce kit moulage pl\u00e2tre enfant ! Gr\u00e2ce aux moules d\u00e9taill\u00e9s, vous pouvez cr\u00e9er 6 figurines mythiques, dont un dragon, un ph\u00e9nix et un loup-garou. Une fois le pl\u00e2tre \u00e0 s\u00e9chage rapide coul\u00e9 et d\u00e9moul\u00e9, il ne reste plus qu\u2019\u00e0 peindre et personnaliser chaque figurine avec les 6 [&hellip;]\" \/>\n<meta property=\"og:url\" content=\"https:\/\/ses-creative.com\/fr\/produit\/moulage-et-peinture-creatures-mythiques\/\" \/>\n<meta property=\"og:site_name\" content=\"SES Creative\" \/>\n<meta property=\"article:modified_time\" content=\"2026-02-12T10:22:26+00:00\" \/>\n<meta name=\"twitter:card\" content=\"summary_large_image\" \/>\n<meta name=\"twitter:label1\" content=\"Dur\u00e9e de lecture estim\u00e9e\" \/>\n\t<meta name=\"twitter:data1\" content=\"1 minute\" \/>\n<script type=\"application\/ld+json\" class=\"yoast-schema-graph\">{\"@context\":\"https:\/\/schema.org\",\"@graph\":[{\"@type\":\"WebPage\",\"@id\":\"https:\/\/ses-creative.com\/fr\/produit\/moulage-et-peinture-creatures-mythiques\/\",\"url\":\"https:\/\/ses-creative.com\/fr\/produit\/moulage-et-peinture-creatures-mythiques\/\",\"name\":\"Moulage et peinture - Cr\u00e9atures mythiques - SES Creative\",\"isPartOf\":{\"@id\":\"https:\/\/ses-creative.com\/#website\"},\"primaryImageOfPage\":{\"@id\":\"https:\/\/ses-creative.com\/fr\/produit\/moulage-et-peinture-creatures-mythiques\/#primaryimage\"},\"image\":{\"@id\":\"https:\/\/ses-creative.com\/fr\/produit\/moulage-et-peinture-creatures-mythiques\/#primaryimage\"},\"thumbnailUrl\":\"https:\/\/ses-creative.com\/wp-content\/uploads\/2026\/01\/014041.jpg\",\"datePublished\":\"2026-02-12T10:08:35+00:00\",\"dateModified\":\"2026-02-12T10:22:26+00:00\",\"breadcrumb\":{\"@id\":\"https:\/\/ses-creative.com\/fr\/produit\/moulage-et-peinture-creatures-mythiques\/#breadcrumb\"},\"inLanguage\":\"fr-FR\",\"potentialAction\":[{\"@type\":\"ReadAction\",\"target\":[\"https:\/\/ses-creative.com\/fr\/produit\/moulage-et-peinture-creatures-mythiques\/\"]}]},{\"@type\":\"ImageObject\",\"inLanguage\":\"fr-FR\",\"@id\":\"https:\/\/ses-creative.com\/fr\/produit\/moulage-et-peinture-creatures-mythiques\/#primaryimage\",\"url\":\"https:\/\/ses-creative.com\/wp-content\/uploads\/2026\/01\/014041.jpg\",\"contentUrl\":\"https:\/\/ses-creative.com\/wp-content\/uploads\/2026\/01\/014041.jpg\",\"width\":1000,\"height\":1000},{\"@type\":\"BreadcrumbList\",\"@id\":\"https:\/\/ses-creative.com\/fr\/produit\/moulage-et-peinture-creatures-mythiques\/#breadcrumb\",\"itemListElement\":[{\"@type\":\"ListItem\",\"position\":1,\"name\":\"Boutique\",\"item\":\"https:\/\/ses-creative.com\/fr\/boutique\/\"},{\"@type\":\"ListItem\",\"position\":2,\"name\":\"Loisirs cr\u00e9atifs\",\"item\":\"https:\/\/ses-creative.com\/fr\/product-categorie\/loisirs-creatifs\/\"},{\"@type\":\"ListItem\",\"position\":3,\"name\":\"Moulage et peinture &#8211; Cr\u00e9atures mythiques\"}]},{\"@type\":\"WebSite\",\"@id\":\"https:\/\/ses-creative.com\/#website\",\"url\":\"https:\/\/ses-creative.com\/\",\"name\":\"SES Creative\",\"description\":\"\",\"publisher\":{\"@id\":\"https:\/\/ses-creative.com\/#organization\"},\"potentialAction\":[{\"@type\":\"SearchAction\",\"target\":{\"@type\":\"EntryPoint\",\"urlTemplate\":\"https:\/\/ses-creative.com\/?s={search_term_string}\"},\"query-input\":{\"@type\":\"PropertyValueSpecification\",\"valueRequired\":true,\"valueName\":\"search_term_string\"}}],\"inLanguage\":\"fr-FR\"},{\"@type\":\"Organization\",\"@id\":\"https:\/\/ses-creative.com\/#organization\",\"name\":\"SES Creative\",\"url\":\"https:\/\/ses-creative.com\/\",\"logo\":{\"@type\":\"ImageObject\",\"inLanguage\":\"fr-FR\",\"@id\":\"https:\/\/ses-creative.com\/#\/schema\/logo\/image\/\",\"url\":\"https:\/\/ses-creative.com\/wp-content\/uploads\/2025\/10\/ses-creative-logo.jpg\",\"contentUrl\":\"https:\/\/ses-creative.com\/wp-content\/uploads\/2025\/10\/ses-creative-logo.jpg\",\"width\":2037,\"height\":2037,\"caption\":\"SES Creative\"},\"image\":{\"@id\":\"https:\/\/ses-creative.com\/#\/schema\/logo\/image\/\"}}]}<\/script>\n<!-- \/ Yoast SEO plugin. -->","yoast_head_json":{"title":"Moulage et peinture - Cr\u00e9atures mythiques - SES Creative","robots":{"index":"index","follow":"follow","max-snippet":"max-snippet:-1","max-image-preview":"max-image-preview:large","max-video-preview":"max-video-preview:-1"},"canonical":"https:\/\/ses-creative.com\/fr\/produit\/moulage-et-peinture-creatures-mythiques\/","og_locale":"fr_FR","og_type":"article","og_title":"Moulage et peinture - Cr\u00e9atures mythiques - SES Creative","og_description":"Plongez dans l\u2019univers des cr\u00e9atures fantastiques DIY avec ce kit moulage pl\u00e2tre enfant ! Gr\u00e2ce aux moules d\u00e9taill\u00e9s, vous pouvez cr\u00e9er 6 figurines mythiques, dont un dragon, un ph\u00e9nix et un loup-garou. Une fois le pl\u00e2tre \u00e0 s\u00e9chage rapide coul\u00e9 et d\u00e9moul\u00e9, il ne reste plus qu\u2019\u00e0 peindre et personnaliser chaque figurine avec les 6 [&hellip;]","og_url":"https:\/\/ses-creative.com\/fr\/produit\/moulage-et-peinture-creatures-mythiques\/","og_site_name":"SES Creative","article_modified_time":"2026-02-12T10:22:26+00:00","twitter_card":"summary_large_image","twitter_misc":{"Dur\u00e9e de lecture estim\u00e9e":"1 minute"},"schema":{"@context":"https:\/\/schema.org","@graph":[{"@type":"WebPage","@id":"https:\/\/ses-creative.com\/fr\/produit\/moulage-et-peinture-creatures-mythiques\/","url":"https:\/\/ses-creative.com\/fr\/produit\/moulage-et-peinture-creatures-mythiques\/","name":"Moulage et peinture - Cr\u00e9atures mythiques - SES Creative","isPartOf":{"@id":"https:\/\/ses-creative.com\/#website"},"primaryImageOfPage":{"@id":"https:\/\/ses-creative.com\/fr\/produit\/moulage-et-peinture-creatures-mythiques\/#primaryimage"},"image":{"@id":"https:\/\/ses-creative.com\/fr\/produit\/moulage-et-peinture-creatures-mythiques\/#primaryimage"},"thumbnailUrl":"https:\/\/ses-creative.com\/wp-content\/uploads\/2026\/01\/014041.jpg","datePublished":"2026-02-12T10:08:35+00:00","dateModified":"2026-02-12T10:22:26+00:00","breadcrumb":{"@id":"https:\/\/ses-creative.com\/fr\/produit\/moulage-et-peinture-creatures-mythiques\/#breadcrumb"},"inLanguage":"fr-FR","potentialAction":[{"@type":"ReadAction","target":["https:\/\/ses-creative.com\/fr\/produit\/moulage-et-peinture-creatures-mythiques\/"]}]},{"@type":"ImageObject","inLanguage":"fr-FR","@id":"https:\/\/ses-creative.com\/fr\/produit\/moulage-et-peinture-creatures-mythiques\/#primaryimage","url":"https:\/\/ses-creative.com\/wp-content\/uploads\/2026\/01\/014041.jpg","contentUrl":"https:\/\/ses-creative.com\/wp-content\/uploads\/2026\/01\/014041.jpg","width":1000,"height":1000},{"@type":"BreadcrumbList","@id":"https:\/\/ses-creative.com\/fr\/produit\/moulage-et-peinture-creatures-mythiques\/#breadcrumb","itemListElement":[{"@type":"ListItem","position":1,"name":"Boutique","item":"https:\/\/ses-creative.com\/fr\/boutique\/"},{"@type":"ListItem","position":2,"name":"Loisirs cr\u00e9atifs","item":"https:\/\/ses-creative.com\/fr\/product-categorie\/loisirs-creatifs\/"},{"@type":"ListItem","position":3,"name":"Moulage et peinture &#8211; Cr\u00e9atures mythiques"}]},{"@type":"WebSite","@id":"https:\/\/ses-creative.com\/#website","url":"https:\/\/ses-creative.com\/","name":"SES Creative","description":"","publisher":{"@id":"https:\/\/ses-creative.com\/#organization"},"potentialAction":[{"@type":"SearchAction","target":{"@type":"EntryPoint","urlTemplate":"https:\/\/ses-creative.com\/?s={search_term_string}"},"query-input":{"@type":"PropertyValueSpecification","valueRequired":true,"valueName":"search_term_string"}}],"inLanguage":"fr-FR"},{"@type":"Organization","@id":"https:\/\/ses-creative.com\/#organization","name":"SES Creative","url":"https:\/\/ses-creative.com\/","logo":{"@type":"ImageObject","inLanguage":"fr-FR","@id":"https:\/\/ses-creative.com\/#\/schema\/logo\/image\/","url":"https:\/\/ses-creative.com\/wp-content\/uploads\/2025\/10\/ses-creative-logo.jpg","contentUrl":"https:\/\/ses-creative.com\/wp-content\/uploads\/2025\/10\/ses-creative-logo.jpg","width":2037,"height":2037,"caption":"SES Creative"},"image":{"@id":"https:\/\/ses-creative.com\/#\/schema\/logo\/image\/"}}]}},"_links":{"self":[{"href":"https:\/\/ses-creative.com\/fr\/wp-json\/wp\/v2\/product\/118085","targetHints":{"allow":["GET"]}}],"collection":[{"href":"https:\/\/ses-creative.com\/fr\/wp-json\/wp\/v2\/product"}],"about":[{"href":"https:\/\/ses-creative.com\/fr\/wp-json\/wp\/v2\/types\/product"}],"replies":[{"embeddable":true,"href":"https:\/\/ses-creative.com\/fr\/wp-json\/wp\/v2\/comments?post=118085"}],"wp:featuredmedia":[{"embeddable":true,"href":"https:\/\/ses-creative.com\/fr\/wp-json\/wp\/v2\/media\/98828"}],"wp:attachment":[{"href":"https:\/\/ses-creative.com\/fr\/wp-json\/wp\/v2\/media?parent=118085"}],"wp:term":[{"taxonomy":"product_brand","embeddable":true,"href":"https:\/\/ses-creative.com\/fr\/wp-json\/wp\/v2\/product_brand?post=118085"},{"taxonomy":"product_cat","embeddable":true,"href":"https:\/\/ses-creative.com\/fr\/wp-json\/wp\/v2\/product_cat?post=118085"},{"taxonomy":"product_tag","embeddable":true,"href":"https:\/\/ses-creative.com\/fr\/wp-json\/wp\/v2\/product_tag?post=118085"}],"curies":[{"name":"wp","href":"https:\/\/api.w.org\/{rel}","templated":true}]}}