











{"id":118081,"date":"2026-02-12T10:08:35","date_gmt":"2026-02-12T10:08:35","guid":{"rendered":"https:\/\/ses-creative.com\/?post_type=product&#038;p=118081"},"modified":"2026-02-12T10:22:26","modified_gmt":"2026-02-12T10:22:26","slug":"moulage-et-peinture-porte-memos","status":"publish","type":"product","link":"https:\/\/ses-creative.com\/fr\/produit\/moulage-et-peinture-porte-memos\/","title":{"rendered":"Moulage et peinture &#8211; Porte-m\u00e9mos"},"content":{"rendered":"<p>Avec le kit Moulage et Peinture \u2013 Porte-M\u00e9mos, les enfants peuvent r\u00e9aliser un accessoire original et pratique tout en s\u2019amusant ! Ce set leur permet de fabriquer un porte-m\u00e9mos en pl\u00e2tre \u00e0 l\u2019aide d\u2019un moule d\u00e9taill\u00e9, puis de le d\u00e9corer avec des couleurs vibrantes et des paillettes. Une activit\u00e9 cr\u00e9ative qui stimule l\u2019imagination et la dext\u00e9rit\u00e9.<\/p>\n<p>Ce kit contient :<br \/>\n\u2714 1 moule en plastique d\u00e9taill\u00e9<br \/>\n\u2714 1 sachet de pl\u00e2tre \u00e0 s\u00e9chage rapide<br \/>\n\u2714 6 couleurs de peinture \u00e9paisse et bien couvrante<br \/>\n\u2714 1 pinceau et 1 peigne en plastique pour les finitions<br \/>\n\u2714 3 supports m\u00e9talliques pour maintenir les m\u00e9mos<br \/>\n\u2714 1 pot de paillettes roses pour une touche scintillante<br \/>\n\u2714 1 tube de colle et un mode d\u2019emploi d\u00e9taill\u00e9<\/p>\n<p>Une fois termin\u00e9, le porte-m\u00e9mos peut \u00eatre utilis\u00e9 pour afficher des photos, des notes ou des dessins. Facile \u00e0 r\u00e9aliser et amusant \u00e0 d\u00e9corer, ce kit encourage les enfants \u00e0 exprimer leur cr\u00e9ativit\u00e9 tout en d\u00e9veloppant leur motricit\u00e9 fine.<\/p>\n<p>Depuis plus de 50 ans, SES Creative con\u00e7oit des jouets \u00e9ducatifs et cr\u00e9atifs favorisant l\u2019\u00e9veil et l\u2019apprentissage des enfants. Ce kit est une excellente id\u00e9e cadeau pour un enfant passionn\u00e9 de loisirs cr\u00e9atifs, id\u00e9al pour un anniversaire ou une activit\u00e9 en famille ! Convient aux enfants d\u00e8s 5 ans.<\/p>\n","protected":false},"excerpt":{"rendered":"<p>Avec le kit Moulage et Peinture \u2013 Porte-M\u00e9mos, les enfants peuvent r\u00e9aliser un accessoire original et pratique tout en s\u2019amusant ! Ce set leur permet de fabriquer un porte-m\u00e9mos en pl\u00e2tre \u00e0 l\u2019aide d\u2019un moule d\u00e9taill\u00e9, puis de le d\u00e9corer avec des couleurs vibrantes et des paillettes. Une activit\u00e9 cr\u00e9ative qui stimule l\u2019imagination et la [&hellip;]<\/p>\n","protected":false},"featured_media":98748,"comment_status":"closed","ping_status":"closed","template":"","meta":{"_acf_changed":false},"product_brand":[],"product_cat":[122],"product_tag":[],"class_list":{"0":"post-118081","1":"product","2":"type-product","3":"status-publish","4":"has-post-thumbnail","6":"product_cat-loisirs-creatifs","7":"pa_leeftijd-filter-4-6-ans","8":"pa_meest-populair-bij-filles","10":"first","11":"instock","12":"shipping-taxable","13":"product-type-simple"},"acf":[],"yoast_head":"<!-- This site is optimized with the Yoast SEO plugin v27.2 - https:\/\/yoast.com\/product\/yoast-seo-wordpress\/ -->\n<title>Moulage et peinture - Porte-m\u00e9mos - SES Creative<\/title>\n<meta name=\"robots\" content=\"index, follow, max-snippet:-1, max-image-preview:large, max-video-preview:-1\" \/>\n<link rel=\"canonical\" href=\"https:\/\/ses-creative.com\/fr\/produit\/moulage-et-peinture-porte-memos\/\" \/>\n<meta property=\"og:locale\" content=\"fr_FR\" \/>\n<meta property=\"og:type\" content=\"article\" \/>\n<meta property=\"og:title\" content=\"Moulage et peinture - Porte-m\u00e9mos - SES Creative\" \/>\n<meta property=\"og:description\" content=\"Avec le kit Moulage et Peinture \u2013 Porte-M\u00e9mos, les enfants peuvent r\u00e9aliser un accessoire original et pratique tout en s\u2019amusant ! Ce set leur permet de fabriquer un porte-m\u00e9mos en pl\u00e2tre \u00e0 l\u2019aide d\u2019un moule d\u00e9taill\u00e9, puis de le d\u00e9corer avec des couleurs vibrantes et des paillettes. Une activit\u00e9 cr\u00e9ative qui stimule l\u2019imagination et la [&hellip;]\" \/>\n<meta property=\"og:url\" content=\"https:\/\/ses-creative.com\/fr\/produit\/moulage-et-peinture-porte-memos\/\" \/>\n<meta property=\"og:site_name\" content=\"SES Creative\" \/>\n<meta property=\"article:modified_time\" content=\"2026-02-12T10:22:26+00:00\" \/>\n<meta name=\"twitter:card\" content=\"summary_large_image\" \/>\n<meta name=\"twitter:label1\" content=\"Dur\u00e9e de lecture estim\u00e9e\" \/>\n\t<meta name=\"twitter:data1\" content=\"1 minute\" \/>\n<script type=\"application\/ld+json\" class=\"yoast-schema-graph\">{\"@context\":\"https:\/\/schema.org\",\"@graph\":[{\"@type\":\"WebPage\",\"@id\":\"https:\/\/ses-creative.com\/fr\/produit\/moulage-et-peinture-porte-memos\/\",\"url\":\"https:\/\/ses-creative.com\/fr\/produit\/moulage-et-peinture-porte-memos\/\",\"name\":\"Moulage et peinture - Porte-m\u00e9mos - SES Creative\",\"isPartOf\":{\"@id\":\"https:\/\/ses-creative.com\/#website\"},\"primaryImageOfPage\":{\"@id\":\"https:\/\/ses-creative.com\/fr\/produit\/moulage-et-peinture-porte-memos\/#primaryimage\"},\"image\":{\"@id\":\"https:\/\/ses-creative.com\/fr\/produit\/moulage-et-peinture-porte-memos\/#primaryimage\"},\"thumbnailUrl\":\"https:\/\/ses-creative.com\/wp-content\/uploads\/2026\/01\/013571.jpg\",\"datePublished\":\"2026-02-12T10:08:35+00:00\",\"dateModified\":\"2026-02-12T10:22:26+00:00\",\"breadcrumb\":{\"@id\":\"https:\/\/ses-creative.com\/fr\/produit\/moulage-et-peinture-porte-memos\/#breadcrumb\"},\"inLanguage\":\"fr-FR\",\"potentialAction\":[{\"@type\":\"ReadAction\",\"target\":[\"https:\/\/ses-creative.com\/fr\/produit\/moulage-et-peinture-porte-memos\/\"]}]},{\"@type\":\"ImageObject\",\"inLanguage\":\"fr-FR\",\"@id\":\"https:\/\/ses-creative.com\/fr\/produit\/moulage-et-peinture-porte-memos\/#primaryimage\",\"url\":\"https:\/\/ses-creative.com\/wp-content\/uploads\/2026\/01\/013571.jpg\",\"contentUrl\":\"https:\/\/ses-creative.com\/wp-content\/uploads\/2026\/01\/013571.jpg\",\"width\":1000,\"height\":1000},{\"@type\":\"BreadcrumbList\",\"@id\":\"https:\/\/ses-creative.com\/fr\/produit\/moulage-et-peinture-porte-memos\/#breadcrumb\",\"itemListElement\":[{\"@type\":\"ListItem\",\"position\":1,\"name\":\"Boutique\",\"item\":\"https:\/\/ses-creative.com\/fr\/boutique\/\"},{\"@type\":\"ListItem\",\"position\":2,\"name\":\"Loisirs cr\u00e9atifs\",\"item\":\"https:\/\/ses-creative.com\/fr\/product-categorie\/loisirs-creatifs\/\"},{\"@type\":\"ListItem\",\"position\":3,\"name\":\"Moulage et peinture &#8211; Porte-m\u00e9mos\"}]},{\"@type\":\"WebSite\",\"@id\":\"https:\/\/ses-creative.com\/#website\",\"url\":\"https:\/\/ses-creative.com\/\",\"name\":\"SES Creative\",\"description\":\"\",\"publisher\":{\"@id\":\"https:\/\/ses-creative.com\/#organization\"},\"potentialAction\":[{\"@type\":\"SearchAction\",\"target\":{\"@type\":\"EntryPoint\",\"urlTemplate\":\"https:\/\/ses-creative.com\/?s={search_term_string}\"},\"query-input\":{\"@type\":\"PropertyValueSpecification\",\"valueRequired\":true,\"valueName\":\"search_term_string\"}}],\"inLanguage\":\"fr-FR\"},{\"@type\":\"Organization\",\"@id\":\"https:\/\/ses-creative.com\/#organization\",\"name\":\"SES Creative\",\"url\":\"https:\/\/ses-creative.com\/\",\"logo\":{\"@type\":\"ImageObject\",\"inLanguage\":\"fr-FR\",\"@id\":\"https:\/\/ses-creative.com\/#\/schema\/logo\/image\/\",\"url\":\"https:\/\/ses-creative.com\/wp-content\/uploads\/2025\/10\/ses-creative-logo.jpg\",\"contentUrl\":\"https:\/\/ses-creative.com\/wp-content\/uploads\/2025\/10\/ses-creative-logo.jpg\",\"width\":2037,\"height\":2037,\"caption\":\"SES Creative\"},\"image\":{\"@id\":\"https:\/\/ses-creative.com\/#\/schema\/logo\/image\/\"}}]}<\/script>\n<!-- \/ Yoast SEO plugin. -->","yoast_head_json":{"title":"Moulage et peinture - Porte-m\u00e9mos - SES Creative","robots":{"index":"index","follow":"follow","max-snippet":"max-snippet:-1","max-image-preview":"max-image-preview:large","max-video-preview":"max-video-preview:-1"},"canonical":"https:\/\/ses-creative.com\/fr\/produit\/moulage-et-peinture-porte-memos\/","og_locale":"fr_FR","og_type":"article","og_title":"Moulage et peinture - Porte-m\u00e9mos - SES Creative","og_description":"Avec le kit Moulage et Peinture \u2013 Porte-M\u00e9mos, les enfants peuvent r\u00e9aliser un accessoire original et pratique tout en s\u2019amusant ! Ce set leur permet de fabriquer un porte-m\u00e9mos en pl\u00e2tre \u00e0 l\u2019aide d\u2019un moule d\u00e9taill\u00e9, puis de le d\u00e9corer avec des couleurs vibrantes et des paillettes. Une activit\u00e9 cr\u00e9ative qui stimule l\u2019imagination et la [&hellip;]","og_url":"https:\/\/ses-creative.com\/fr\/produit\/moulage-et-peinture-porte-memos\/","og_site_name":"SES Creative","article_modified_time":"2026-02-12T10:22:26+00:00","twitter_card":"summary_large_image","twitter_misc":{"Dur\u00e9e de lecture estim\u00e9e":"1 minute"},"schema":{"@context":"https:\/\/schema.org","@graph":[{"@type":"WebPage","@id":"https:\/\/ses-creative.com\/fr\/produit\/moulage-et-peinture-porte-memos\/","url":"https:\/\/ses-creative.com\/fr\/produit\/moulage-et-peinture-porte-memos\/","name":"Moulage et peinture - Porte-m\u00e9mos - SES Creative","isPartOf":{"@id":"https:\/\/ses-creative.com\/#website"},"primaryImageOfPage":{"@id":"https:\/\/ses-creative.com\/fr\/produit\/moulage-et-peinture-porte-memos\/#primaryimage"},"image":{"@id":"https:\/\/ses-creative.com\/fr\/produit\/moulage-et-peinture-porte-memos\/#primaryimage"},"thumbnailUrl":"https:\/\/ses-creative.com\/wp-content\/uploads\/2026\/01\/013571.jpg","datePublished":"2026-02-12T10:08:35+00:00","dateModified":"2026-02-12T10:22:26+00:00","breadcrumb":{"@id":"https:\/\/ses-creative.com\/fr\/produit\/moulage-et-peinture-porte-memos\/#breadcrumb"},"inLanguage":"fr-FR","potentialAction":[{"@type":"ReadAction","target":["https:\/\/ses-creative.com\/fr\/produit\/moulage-et-peinture-porte-memos\/"]}]},{"@type":"ImageObject","inLanguage":"fr-FR","@id":"https:\/\/ses-creative.com\/fr\/produit\/moulage-et-peinture-porte-memos\/#primaryimage","url":"https:\/\/ses-creative.com\/wp-content\/uploads\/2026\/01\/013571.jpg","contentUrl":"https:\/\/ses-creative.com\/wp-content\/uploads\/2026\/01\/013571.jpg","width":1000,"height":1000},{"@type":"BreadcrumbList","@id":"https:\/\/ses-creative.com\/fr\/produit\/moulage-et-peinture-porte-memos\/#breadcrumb","itemListElement":[{"@type":"ListItem","position":1,"name":"Boutique","item":"https:\/\/ses-creative.com\/fr\/boutique\/"},{"@type":"ListItem","position":2,"name":"Loisirs cr\u00e9atifs","item":"https:\/\/ses-creative.com\/fr\/product-categorie\/loisirs-creatifs\/"},{"@type":"ListItem","position":3,"name":"Moulage et peinture &#8211; Porte-m\u00e9mos"}]},{"@type":"WebSite","@id":"https:\/\/ses-creative.com\/#website","url":"https:\/\/ses-creative.com\/","name":"SES Creative","description":"","publisher":{"@id":"https:\/\/ses-creative.com\/#organization"},"potentialAction":[{"@type":"SearchAction","target":{"@type":"EntryPoint","urlTemplate":"https:\/\/ses-creative.com\/?s={search_term_string}"},"query-input":{"@type":"PropertyValueSpecification","valueRequired":true,"valueName":"search_term_string"}}],"inLanguage":"fr-FR"},{"@type":"Organization","@id":"https:\/\/ses-creative.com\/#organization","name":"SES Creative","url":"https:\/\/ses-creative.com\/","logo":{"@type":"ImageObject","inLanguage":"fr-FR","@id":"https:\/\/ses-creative.com\/#\/schema\/logo\/image\/","url":"https:\/\/ses-creative.com\/wp-content\/uploads\/2025\/10\/ses-creative-logo.jpg","contentUrl":"https:\/\/ses-creative.com\/wp-content\/uploads\/2025\/10\/ses-creative-logo.jpg","width":2037,"height":2037,"caption":"SES Creative"},"image":{"@id":"https:\/\/ses-creative.com\/#\/schema\/logo\/image\/"}}]}},"_links":{"self":[{"href":"https:\/\/ses-creative.com\/fr\/wp-json\/wp\/v2\/product\/118081","targetHints":{"allow":["GET"]}}],"collection":[{"href":"https:\/\/ses-creative.com\/fr\/wp-json\/wp\/v2\/product"}],"about":[{"href":"https:\/\/ses-creative.com\/fr\/wp-json\/wp\/v2\/types\/product"}],"replies":[{"embeddable":true,"href":"https:\/\/ses-creative.com\/fr\/wp-json\/wp\/v2\/comments?post=118081"}],"wp:featuredmedia":[{"embeddable":true,"href":"https:\/\/ses-creative.com\/fr\/wp-json\/wp\/v2\/media\/98748"}],"wp:attachment":[{"href":"https:\/\/ses-creative.com\/fr\/wp-json\/wp\/v2\/media?parent=118081"}],"wp:term":[{"taxonomy":"product_brand","embeddable":true,"href":"https:\/\/ses-creative.com\/fr\/wp-json\/wp\/v2\/product_brand?post=118081"},{"taxonomy":"product_cat","embeddable":true,"href":"https:\/\/ses-creative.com\/fr\/wp-json\/wp\/v2\/product_cat?post=118081"},{"taxonomy":"product_tag","embeddable":true,"href":"https:\/\/ses-creative.com\/fr\/wp-json\/wp\/v2\/product_tag?post=118081"}],"curies":[{"name":"wp","href":"https:\/\/api.w.org\/{rel}","templated":true}]}}