











{"id":118078,"date":"2026-02-12T10:08:34","date_gmt":"2026-02-12T10:08:34","guid":{"rendered":"https:\/\/ses-creative.com\/?post_type=product&#038;p=118078"},"modified":"2026-02-12T10:22:26","modified_gmt":"2026-02-12T10:22:26","slug":"moulage-et-peinture-toiles-pour-peindre-des-princesses-3x","status":"publish","type":"product","link":"https:\/\/ses-creative.com\/fr\/produit\/moulage-et-peinture-toiles-pour-peindre-des-princesses-3x\/","title":{"rendered":"Moulage et peinture &#8211; Toiles pour peindre des princesses 3x"},"content":{"rendered":"<p>Moulage et peinture &#8211; Princesses : votre propre \u0153uvre d&rsquo;art f\u00e9\u00e9rique en 3D !<\/p>\n<p>Avec le kit Moulage et peinture &#8211; Princesses de SES Creative, tu peux cr\u00e9er de magnifiques peintures en 3D sur le th\u00e8me des princesses. Moule toi-m\u00eame des figurines en pl\u00e2tre d\u00e9taill\u00e9es, peins-les dans tes couleurs pr\u00e9f\u00e9r\u00e9es et fixe-les sur les toiles pour un r\u00e9sultat magique. Parfait pour les filles qui aiment bricoler et qui r\u00eavent d&rsquo;avoir leur propre monde f\u00e9\u00e9rique sur le mur.<\/p>\n<p>Ce qui rend ce kit g\u00e9nial<\/p>\n<p>Combine le moulage en pl\u00e2tre et la peinture en une seule activit\u00e9<br \/>\nComprend 3 toiles sur le th\u00e8me des princesses<br \/>\nMoule d\u00e9taill\u00e9 pour cr\u00e9er de magnifiques figurines en relief<br \/>\nStimule la cr\u00e9ativit\u00e9 et la motricit\u00e9 fine<br \/>\nId\u00e9al pour les filles \u00e0 partir de 5 ans qui aiment bricoler<\/p>\n<p>Un r\u00eave cr\u00e9atif pour les fans de princesses<br \/>\nLes filles peuvent cr\u00e9er leurs propres \u0153uvres d&rsquo;art avec un aspect 3D unique. Du moulage \u00e0 la peinture et au collage, chaque \u00e9tape de ce projet est amusante et instructive. Les r\u00e9sultats finaux sont parfaits pour \u00eatre fiers, pour \u00eatre accroch\u00e9s dans votre chambre ou pour \u00eatre offerts en cadeau \u00e0 un \u00eatre cher.<\/p>\n<p>Contenu du kit<\/p>\n<p>3 toiles sur le th\u00e8me des princesses<br \/>\nPl\u00e2tre<br \/>\nMoule avec des formes de princesses<br \/>\nPeinture<br \/>\nPinceaux<\/p>\n<p>Pourquoi choisir SES Creative ?<br \/>\nChez SES Creative, nous accordons une grande importance \u00e0 la s\u00e9curit\u00e9. C&rsquo;est pourquoi nos produits sont fabriqu\u00e9s et test\u00e9s dans notre usine aux Pays-Bas, conform\u00e9ment aux normes de s\u00e9curit\u00e9 europ\u00e9ennes les plus strictes. Les jouets SES Creative sont source de plaisir et permettent aux enfants d&rsquo;\u00eatre fiers de leur travail, ce qui stimule leur cr\u00e9ativit\u00e9 et leur d\u00e9veloppement.<\/p>\n<p>Commencez d\u00e8s aujourd&rsquo;hui votre projet cr\u00e9atif de princesse<br \/>\nAvec ce kit, les petites filles d\u00e9couvriront le plaisir de donner vie \u00e0 leur propre monde de princesses. Un cadeau parfait pour les petites artistes qui aiment les contes de f\u00e9es, les paillettes et les couleurs !<\/p>\n","protected":false},"excerpt":{"rendered":"<p>Moulage et peinture &#8211; Princesses : votre propre \u0153uvre d&rsquo;art f\u00e9\u00e9rique en 3D ! Avec le kit Moulage et peinture &#8211; Princesses de SES Creative, tu peux cr\u00e9er de magnifiques peintures en 3D sur le th\u00e8me des princesses. Moule toi-m\u00eame des figurines en pl\u00e2tre d\u00e9taill\u00e9es, peins-les dans tes couleurs pr\u00e9f\u00e9r\u00e9es et fixe-les sur les toiles [&hellip;]<\/p>\n","protected":false},"featured_media":98688,"comment_status":"closed","ping_status":"closed","template":"","meta":{"_acf_changed":false},"product_brand":[],"product_cat":[122],"product_tag":[],"class_list":{"0":"post-118078","1":"product","2":"type-product","3":"status-publish","4":"has-post-thumbnail","6":"product_cat-loisirs-creatifs","7":"pa_leeftijd-filter-4-6-ans","8":"pa_meest-populair-bij-filles","10":"first","11":"instock","12":"shipping-taxable","13":"product-type-simple"},"acf":[],"yoast_head":"<!-- This site is optimized with the Yoast SEO plugin v27.2 - https:\/\/yoast.com\/product\/yoast-seo-wordpress\/ -->\n<title>Moulage et peinture - Toiles pour peindre des princesses 3x - SES Creative<\/title>\n<meta name=\"robots\" content=\"index, follow, max-snippet:-1, max-image-preview:large, max-video-preview:-1\" \/>\n<link rel=\"canonical\" href=\"https:\/\/ses-creative.com\/fr\/produit\/moulage-et-peinture-toiles-pour-peindre-des-princesses-3x\/\" \/>\n<meta property=\"og:locale\" content=\"fr_FR\" \/>\n<meta property=\"og:type\" content=\"article\" \/>\n<meta property=\"og:title\" content=\"Moulage et peinture - Toiles pour peindre des princesses 3x - SES Creative\" \/>\n<meta property=\"og:description\" content=\"Moulage et peinture &#8211; Princesses : votre propre \u0153uvre d&rsquo;art f\u00e9\u00e9rique en 3D ! Avec le kit Moulage et peinture &#8211; Princesses de SES Creative, tu peux cr\u00e9er de magnifiques peintures en 3D sur le th\u00e8me des princesses. Moule toi-m\u00eame des figurines en pl\u00e2tre d\u00e9taill\u00e9es, peins-les dans tes couleurs pr\u00e9f\u00e9r\u00e9es et fixe-les sur les toiles [&hellip;]\" \/>\n<meta property=\"og:url\" content=\"https:\/\/ses-creative.com\/fr\/produit\/moulage-et-peinture-toiles-pour-peindre-des-princesses-3x\/\" \/>\n<meta property=\"og:site_name\" content=\"SES Creative\" \/>\n<meta property=\"article:modified_time\" content=\"2026-02-12T10:22:26+00:00\" \/>\n<meta name=\"twitter:card\" content=\"summary_large_image\" \/>\n<meta name=\"twitter:label1\" content=\"Dur\u00e9e de lecture estim\u00e9e\" \/>\n\t<meta name=\"twitter:data1\" content=\"2 minutes\" \/>\n<script type=\"application\/ld+json\" class=\"yoast-schema-graph\">{\"@context\":\"https:\/\/schema.org\",\"@graph\":[{\"@type\":\"WebPage\",\"@id\":\"https:\/\/ses-creative.com\/fr\/produit\/moulage-et-peinture-toiles-pour-peindre-des-princesses-3x\/\",\"url\":\"https:\/\/ses-creative.com\/fr\/produit\/moulage-et-peinture-toiles-pour-peindre-des-princesses-3x\/\",\"name\":\"Moulage et peinture - Toiles pour peindre des princesses 3x - SES Creative\",\"isPartOf\":{\"@id\":\"https:\/\/ses-creative.com\/#website\"},\"primaryImageOfPage\":{\"@id\":\"https:\/\/ses-creative.com\/fr\/produit\/moulage-et-peinture-toiles-pour-peindre-des-princesses-3x\/#primaryimage\"},\"image\":{\"@id\":\"https:\/\/ses-creative.com\/fr\/produit\/moulage-et-peinture-toiles-pour-peindre-des-princesses-3x\/#primaryimage\"},\"thumbnailUrl\":\"https:\/\/ses-creative.com\/wp-content\/uploads\/2026\/01\/013491.jpg\",\"datePublished\":\"2026-02-12T10:08:34+00:00\",\"dateModified\":\"2026-02-12T10:22:26+00:00\",\"breadcrumb\":{\"@id\":\"https:\/\/ses-creative.com\/fr\/produit\/moulage-et-peinture-toiles-pour-peindre-des-princesses-3x\/#breadcrumb\"},\"inLanguage\":\"fr-FR\",\"potentialAction\":[{\"@type\":\"ReadAction\",\"target\":[\"https:\/\/ses-creative.com\/fr\/produit\/moulage-et-peinture-toiles-pour-peindre-des-princesses-3x\/\"]}]},{\"@type\":\"ImageObject\",\"inLanguage\":\"fr-FR\",\"@id\":\"https:\/\/ses-creative.com\/fr\/produit\/moulage-et-peinture-toiles-pour-peindre-des-princesses-3x\/#primaryimage\",\"url\":\"https:\/\/ses-creative.com\/wp-content\/uploads\/2026\/01\/013491.jpg\",\"contentUrl\":\"https:\/\/ses-creative.com\/wp-content\/uploads\/2026\/01\/013491.jpg\",\"width\":1000,\"height\":1000},{\"@type\":\"BreadcrumbList\",\"@id\":\"https:\/\/ses-creative.com\/fr\/produit\/moulage-et-peinture-toiles-pour-peindre-des-princesses-3x\/#breadcrumb\",\"itemListElement\":[{\"@type\":\"ListItem\",\"position\":1,\"name\":\"Boutique\",\"item\":\"https:\/\/ses-creative.com\/fr\/boutique\/\"},{\"@type\":\"ListItem\",\"position\":2,\"name\":\"Loisirs cr\u00e9atifs\",\"item\":\"https:\/\/ses-creative.com\/fr\/product-categorie\/loisirs-creatifs\/\"},{\"@type\":\"ListItem\",\"position\":3,\"name\":\"Moulage et peinture &#8211; Toiles pour peindre des princesses 3x\"}]},{\"@type\":\"WebSite\",\"@id\":\"https:\/\/ses-creative.com\/#website\",\"url\":\"https:\/\/ses-creative.com\/\",\"name\":\"SES Creative\",\"description\":\"\",\"publisher\":{\"@id\":\"https:\/\/ses-creative.com\/#organization\"},\"potentialAction\":[{\"@type\":\"SearchAction\",\"target\":{\"@type\":\"EntryPoint\",\"urlTemplate\":\"https:\/\/ses-creative.com\/?s={search_term_string}\"},\"query-input\":{\"@type\":\"PropertyValueSpecification\",\"valueRequired\":true,\"valueName\":\"search_term_string\"}}],\"inLanguage\":\"fr-FR\"},{\"@type\":\"Organization\",\"@id\":\"https:\/\/ses-creative.com\/#organization\",\"name\":\"SES Creative\",\"url\":\"https:\/\/ses-creative.com\/\",\"logo\":{\"@type\":\"ImageObject\",\"inLanguage\":\"fr-FR\",\"@id\":\"https:\/\/ses-creative.com\/#\/schema\/logo\/image\/\",\"url\":\"https:\/\/ses-creative.com\/wp-content\/uploads\/2025\/10\/ses-creative-logo.jpg\",\"contentUrl\":\"https:\/\/ses-creative.com\/wp-content\/uploads\/2025\/10\/ses-creative-logo.jpg\",\"width\":2037,\"height\":2037,\"caption\":\"SES Creative\"},\"image\":{\"@id\":\"https:\/\/ses-creative.com\/#\/schema\/logo\/image\/\"}}]}<\/script>\n<!-- \/ Yoast SEO plugin. -->","yoast_head_json":{"title":"Moulage et peinture - Toiles pour peindre des princesses 3x - SES Creative","robots":{"index":"index","follow":"follow","max-snippet":"max-snippet:-1","max-image-preview":"max-image-preview:large","max-video-preview":"max-video-preview:-1"},"canonical":"https:\/\/ses-creative.com\/fr\/produit\/moulage-et-peinture-toiles-pour-peindre-des-princesses-3x\/","og_locale":"fr_FR","og_type":"article","og_title":"Moulage et peinture - Toiles pour peindre des princesses 3x - SES Creative","og_description":"Moulage et peinture &#8211; Princesses : votre propre \u0153uvre d&rsquo;art f\u00e9\u00e9rique en 3D ! Avec le kit Moulage et peinture &#8211; Princesses de SES Creative, tu peux cr\u00e9er de magnifiques peintures en 3D sur le th\u00e8me des princesses. Moule toi-m\u00eame des figurines en pl\u00e2tre d\u00e9taill\u00e9es, peins-les dans tes couleurs pr\u00e9f\u00e9r\u00e9es et fixe-les sur les toiles [&hellip;]","og_url":"https:\/\/ses-creative.com\/fr\/produit\/moulage-et-peinture-toiles-pour-peindre-des-princesses-3x\/","og_site_name":"SES Creative","article_modified_time":"2026-02-12T10:22:26+00:00","twitter_card":"summary_large_image","twitter_misc":{"Dur\u00e9e de lecture estim\u00e9e":"2 minutes"},"schema":{"@context":"https:\/\/schema.org","@graph":[{"@type":"WebPage","@id":"https:\/\/ses-creative.com\/fr\/produit\/moulage-et-peinture-toiles-pour-peindre-des-princesses-3x\/","url":"https:\/\/ses-creative.com\/fr\/produit\/moulage-et-peinture-toiles-pour-peindre-des-princesses-3x\/","name":"Moulage et peinture - Toiles pour peindre des princesses 3x - SES Creative","isPartOf":{"@id":"https:\/\/ses-creative.com\/#website"},"primaryImageOfPage":{"@id":"https:\/\/ses-creative.com\/fr\/produit\/moulage-et-peinture-toiles-pour-peindre-des-princesses-3x\/#primaryimage"},"image":{"@id":"https:\/\/ses-creative.com\/fr\/produit\/moulage-et-peinture-toiles-pour-peindre-des-princesses-3x\/#primaryimage"},"thumbnailUrl":"https:\/\/ses-creative.com\/wp-content\/uploads\/2026\/01\/013491.jpg","datePublished":"2026-02-12T10:08:34+00:00","dateModified":"2026-02-12T10:22:26+00:00","breadcrumb":{"@id":"https:\/\/ses-creative.com\/fr\/produit\/moulage-et-peinture-toiles-pour-peindre-des-princesses-3x\/#breadcrumb"},"inLanguage":"fr-FR","potentialAction":[{"@type":"ReadAction","target":["https:\/\/ses-creative.com\/fr\/produit\/moulage-et-peinture-toiles-pour-peindre-des-princesses-3x\/"]}]},{"@type":"ImageObject","inLanguage":"fr-FR","@id":"https:\/\/ses-creative.com\/fr\/produit\/moulage-et-peinture-toiles-pour-peindre-des-princesses-3x\/#primaryimage","url":"https:\/\/ses-creative.com\/wp-content\/uploads\/2026\/01\/013491.jpg","contentUrl":"https:\/\/ses-creative.com\/wp-content\/uploads\/2026\/01\/013491.jpg","width":1000,"height":1000},{"@type":"BreadcrumbList","@id":"https:\/\/ses-creative.com\/fr\/produit\/moulage-et-peinture-toiles-pour-peindre-des-princesses-3x\/#breadcrumb","itemListElement":[{"@type":"ListItem","position":1,"name":"Boutique","item":"https:\/\/ses-creative.com\/fr\/boutique\/"},{"@type":"ListItem","position":2,"name":"Loisirs cr\u00e9atifs","item":"https:\/\/ses-creative.com\/fr\/product-categorie\/loisirs-creatifs\/"},{"@type":"ListItem","position":3,"name":"Moulage et peinture &#8211; Toiles pour peindre des princesses 3x"}]},{"@type":"WebSite","@id":"https:\/\/ses-creative.com\/#website","url":"https:\/\/ses-creative.com\/","name":"SES Creative","description":"","publisher":{"@id":"https:\/\/ses-creative.com\/#organization"},"potentialAction":[{"@type":"SearchAction","target":{"@type":"EntryPoint","urlTemplate":"https:\/\/ses-creative.com\/?s={search_term_string}"},"query-input":{"@type":"PropertyValueSpecification","valueRequired":true,"valueName":"search_term_string"}}],"inLanguage":"fr-FR"},{"@type":"Organization","@id":"https:\/\/ses-creative.com\/#organization","name":"SES Creative","url":"https:\/\/ses-creative.com\/","logo":{"@type":"ImageObject","inLanguage":"fr-FR","@id":"https:\/\/ses-creative.com\/#\/schema\/logo\/image\/","url":"https:\/\/ses-creative.com\/wp-content\/uploads\/2025\/10\/ses-creative-logo.jpg","contentUrl":"https:\/\/ses-creative.com\/wp-content\/uploads\/2025\/10\/ses-creative-logo.jpg","width":2037,"height":2037,"caption":"SES Creative"},"image":{"@id":"https:\/\/ses-creative.com\/#\/schema\/logo\/image\/"}}]}},"_links":{"self":[{"href":"https:\/\/ses-creative.com\/fr\/wp-json\/wp\/v2\/product\/118078","targetHints":{"allow":["GET"]}}],"collection":[{"href":"https:\/\/ses-creative.com\/fr\/wp-json\/wp\/v2\/product"}],"about":[{"href":"https:\/\/ses-creative.com\/fr\/wp-json\/wp\/v2\/types\/product"}],"replies":[{"embeddable":true,"href":"https:\/\/ses-creative.com\/fr\/wp-json\/wp\/v2\/comments?post=118078"}],"wp:featuredmedia":[{"embeddable":true,"href":"https:\/\/ses-creative.com\/fr\/wp-json\/wp\/v2\/media\/98688"}],"wp:attachment":[{"href":"https:\/\/ses-creative.com\/fr\/wp-json\/wp\/v2\/media?parent=118078"}],"wp:term":[{"taxonomy":"product_brand","embeddable":true,"href":"https:\/\/ses-creative.com\/fr\/wp-json\/wp\/v2\/product_brand?post=118078"},{"taxonomy":"product_cat","embeddable":true,"href":"https:\/\/ses-creative.com\/fr\/wp-json\/wp\/v2\/product_cat?post=118078"},{"taxonomy":"product_tag","embeddable":true,"href":"https:\/\/ses-creative.com\/fr\/wp-json\/wp\/v2\/product_tag?post=118078"}],"curies":[{"name":"wp","href":"https:\/\/api.w.org\/{rel}","templated":true}]}}