











{"id":118077,"date":"2026-02-12T10:08:34","date_gmt":"2026-02-12T10:08:34","guid":{"rendered":"https:\/\/ses-creative.com\/?post_type=product&#038;p=118077"},"modified":"2026-02-12T10:22:26","modified_gmt":"2026-02-12T10:22:26","slug":"moulage-et-peinture-jolies-figurines-fantastiques","status":"publish","type":"product","link":"https:\/\/ses-creative.com\/fr\/produit\/moulage-et-peinture-jolies-figurines-fantastiques\/","title":{"rendered":"Moulage et peinture &#8211; Jolies figurines fantastiques"},"content":{"rendered":"<p>Moulage et peinture &#8211; Figurines fantastiques : donnez vie \u00e0 votre monde magique !<\/p>\n<p>Avec le kit Moulage et peinture &#8211; Personnages fantastiques de SES Creative, entrez dans un monde plein de magie, de couleurs et de cr\u00e9ativit\u00e9. Les filles qui aiment bricoler (et les gar\u00e7ons cr\u00e9atifs aussi, bien s\u00fbr !) peuvent utiliser ce kit pour cr\u00e9er leurs propres cr\u00e9atures fantastiques, des licornes aux dragons. Un projet id\u00e9al pour tous ceux qui aiment peindre, mouler et r\u00eaver.<\/p>\n<p>Ce qui rend ce kit g\u00e9nial<\/p>\n<p>Cr\u00e9ez 11 figurines fantastiques telles qu&rsquo;un dragon, une licorne, un lapin et un chaton<br \/>\nComprend une spatule en bois, de la peinture vive et de la colle paillet\u00e9e argent\u00e9e<br \/>\nMoule d\u00e9taill\u00e9 pour des personnages nets et magnifiques<br \/>\nStimule l&rsquo;imagination, la motricit\u00e9 fine et la cr\u00e9ativit\u00e9<br \/>\nParfait pour les filles de 5 ans et plus qui aiment bricoler<\/p>\n<p>Une aventure magique pour les petits artistes<br \/>\nAvec ce kit, les filles peuvent cr\u00e9er leur propre collection magique. Chaque figurine a son propre charme et son propre caract\u00e8re. Choisissez les couleurs, ajoutez des paillettes et cr\u00e9ez un monde qui vous appartient. Le moulage et la peinture sont faciles, mais le r\u00e9sultat ressemble \u00e0 une v\u00e9ritable \u0153uvre d&rsquo;art.<\/p>\n<p>Contenu du kit<\/p>\n<p>Pl\u00e2tre<br \/>\nMoule d\u00e9taill\u00e9 avec 11 figurines fantaisie<br \/>\nSpatule en bois<br \/>\n6 couleurs de peinture<br \/>\nColle paillet\u00e9e argent\u00e9e<\/p>\n<p>Pourquoi choisir SES Creative ?<br \/>\nChez SES Creative, nous accordons une grande importance \u00e0 la s\u00e9curit\u00e9. C&rsquo;est pourquoi nos produits sont fabriqu\u00e9s et test\u00e9s dans notre usine aux Pays-Bas, conform\u00e9ment aux normes de s\u00e9curit\u00e9 europ\u00e9ennes les plus strictes. Les jouets SES Creative sont source de plaisir et permettent aux enfants d&rsquo;\u00eatre fiers de leur travail, ce qui stimule leur cr\u00e9ativit\u00e9 et leur d\u00e9veloppement.<\/p>\n<p>Faites briller vos personnages imaginaires<br \/>\nLe kit Moulage et peinture \u2013 Personnages imaginaires est id\u00e9al pour les filles qui aiment les contes de f\u00e9es, les animaux et tout ce qui brille. Rendez chaque personnage unique et inventez votre propre histoire \u2013 une merveilleuse combinaison de jeu, de cr\u00e9ation et d&rsquo;apprentissage.<\/p>\n","protected":false},"excerpt":{"rendered":"<p>Moulage et peinture &#8211; Figurines fantastiques : donnez vie \u00e0 votre monde magique ! Avec le kit Moulage et peinture &#8211; Personnages fantastiques de SES Creative, entrez dans un monde plein de magie, de couleurs et de cr\u00e9ativit\u00e9. Les filles qui aiment bricoler (et les gar\u00e7ons cr\u00e9atifs aussi, bien s\u00fbr !) peuvent utiliser ce kit [&hellip;]<\/p>\n","protected":false},"featured_media":98668,"comment_status":"closed","ping_status":"closed","template":"","meta":{"_acf_changed":false},"product_brand":[],"product_cat":[122],"product_tag":[],"class_list":{"0":"post-118077","1":"product","2":"type-product","3":"status-publish","4":"has-post-thumbnail","6":"product_cat-loisirs-creatifs","7":"pa_leeftijd-filter-4-6-ans","8":"pa_meest-populair-bij-filles","10":"first","11":"instock","12":"shipping-taxable","13":"product-type-simple"},"acf":[],"yoast_head":"<!-- This site is optimized with the Yoast SEO plugin v27.2 - https:\/\/yoast.com\/product\/yoast-seo-wordpress\/ -->\n<title>Moulage et peinture - Jolies figurines fantastiques - SES Creative<\/title>\n<meta name=\"robots\" content=\"index, follow, max-snippet:-1, max-image-preview:large, max-video-preview:-1\" \/>\n<link rel=\"canonical\" href=\"https:\/\/ses-creative.com\/fr\/produit\/moulage-et-peinture-jolies-figurines-fantastiques\/\" \/>\n<meta property=\"og:locale\" content=\"fr_FR\" \/>\n<meta property=\"og:type\" content=\"article\" \/>\n<meta property=\"og:title\" content=\"Moulage et peinture - Jolies figurines fantastiques - SES Creative\" \/>\n<meta property=\"og:description\" content=\"Moulage et peinture &#8211; Figurines fantastiques : donnez vie \u00e0 votre monde magique ! Avec le kit Moulage et peinture &#8211; Personnages fantastiques de SES Creative, entrez dans un monde plein de magie, de couleurs et de cr\u00e9ativit\u00e9. Les filles qui aiment bricoler (et les gar\u00e7ons cr\u00e9atifs aussi, bien s\u00fbr !) peuvent utiliser ce kit [&hellip;]\" \/>\n<meta property=\"og:url\" content=\"https:\/\/ses-creative.com\/fr\/produit\/moulage-et-peinture-jolies-figurines-fantastiques\/\" \/>\n<meta property=\"og:site_name\" content=\"SES Creative\" \/>\n<meta property=\"article:modified_time\" content=\"2026-02-12T10:22:26+00:00\" \/>\n<meta name=\"twitter:card\" content=\"summary_large_image\" \/>\n<meta name=\"twitter:label1\" content=\"Dur\u00e9e de lecture estim\u00e9e\" \/>\n\t<meta name=\"twitter:data1\" content=\"2 minutes\" \/>\n<script type=\"application\/ld+json\" class=\"yoast-schema-graph\">{\"@context\":\"https:\/\/schema.org\",\"@graph\":[{\"@type\":\"WebPage\",\"@id\":\"https:\/\/ses-creative.com\/fr\/produit\/moulage-et-peinture-jolies-figurines-fantastiques\/\",\"url\":\"https:\/\/ses-creative.com\/fr\/produit\/moulage-et-peinture-jolies-figurines-fantastiques\/\",\"name\":\"Moulage et peinture - Jolies figurines fantastiques - SES Creative\",\"isPartOf\":{\"@id\":\"https:\/\/ses-creative.com\/#website\"},\"primaryImageOfPage\":{\"@id\":\"https:\/\/ses-creative.com\/fr\/produit\/moulage-et-peinture-jolies-figurines-fantastiques\/#primaryimage\"},\"image\":{\"@id\":\"https:\/\/ses-creative.com\/fr\/produit\/moulage-et-peinture-jolies-figurines-fantastiques\/#primaryimage\"},\"thumbnailUrl\":\"https:\/\/ses-creative.com\/wp-content\/uploads\/2026\/01\/013421.jpg\",\"datePublished\":\"2026-02-12T10:08:34+00:00\",\"dateModified\":\"2026-02-12T10:22:26+00:00\",\"breadcrumb\":{\"@id\":\"https:\/\/ses-creative.com\/fr\/produit\/moulage-et-peinture-jolies-figurines-fantastiques\/#breadcrumb\"},\"inLanguage\":\"fr-FR\",\"potentialAction\":[{\"@type\":\"ReadAction\",\"target\":[\"https:\/\/ses-creative.com\/fr\/produit\/moulage-et-peinture-jolies-figurines-fantastiques\/\"]}]},{\"@type\":\"ImageObject\",\"inLanguage\":\"fr-FR\",\"@id\":\"https:\/\/ses-creative.com\/fr\/produit\/moulage-et-peinture-jolies-figurines-fantastiques\/#primaryimage\",\"url\":\"https:\/\/ses-creative.com\/wp-content\/uploads\/2026\/01\/013421.jpg\",\"contentUrl\":\"https:\/\/ses-creative.com\/wp-content\/uploads\/2026\/01\/013421.jpg\",\"width\":1000,\"height\":1000},{\"@type\":\"BreadcrumbList\",\"@id\":\"https:\/\/ses-creative.com\/fr\/produit\/moulage-et-peinture-jolies-figurines-fantastiques\/#breadcrumb\",\"itemListElement\":[{\"@type\":\"ListItem\",\"position\":1,\"name\":\"Boutique\",\"item\":\"https:\/\/ses-creative.com\/fr\/boutique\/\"},{\"@type\":\"ListItem\",\"position\":2,\"name\":\"Loisirs cr\u00e9atifs\",\"item\":\"https:\/\/ses-creative.com\/fr\/product-categorie\/loisirs-creatifs\/\"},{\"@type\":\"ListItem\",\"position\":3,\"name\":\"Moulage et peinture &#8211; Jolies figurines fantastiques\"}]},{\"@type\":\"WebSite\",\"@id\":\"https:\/\/ses-creative.com\/#website\",\"url\":\"https:\/\/ses-creative.com\/\",\"name\":\"SES Creative\",\"description\":\"\",\"publisher\":{\"@id\":\"https:\/\/ses-creative.com\/#organization\"},\"potentialAction\":[{\"@type\":\"SearchAction\",\"target\":{\"@type\":\"EntryPoint\",\"urlTemplate\":\"https:\/\/ses-creative.com\/?s={search_term_string}\"},\"query-input\":{\"@type\":\"PropertyValueSpecification\",\"valueRequired\":true,\"valueName\":\"search_term_string\"}}],\"inLanguage\":\"fr-FR\"},{\"@type\":\"Organization\",\"@id\":\"https:\/\/ses-creative.com\/#organization\",\"name\":\"SES Creative\",\"url\":\"https:\/\/ses-creative.com\/\",\"logo\":{\"@type\":\"ImageObject\",\"inLanguage\":\"fr-FR\",\"@id\":\"https:\/\/ses-creative.com\/#\/schema\/logo\/image\/\",\"url\":\"https:\/\/ses-creative.com\/wp-content\/uploads\/2025\/10\/ses-creative-logo.jpg\",\"contentUrl\":\"https:\/\/ses-creative.com\/wp-content\/uploads\/2025\/10\/ses-creative-logo.jpg\",\"width\":2037,\"height\":2037,\"caption\":\"SES Creative\"},\"image\":{\"@id\":\"https:\/\/ses-creative.com\/#\/schema\/logo\/image\/\"}}]}<\/script>\n<!-- \/ Yoast SEO plugin. -->","yoast_head_json":{"title":"Moulage et peinture - Jolies figurines fantastiques - SES Creative","robots":{"index":"index","follow":"follow","max-snippet":"max-snippet:-1","max-image-preview":"max-image-preview:large","max-video-preview":"max-video-preview:-1"},"canonical":"https:\/\/ses-creative.com\/fr\/produit\/moulage-et-peinture-jolies-figurines-fantastiques\/","og_locale":"fr_FR","og_type":"article","og_title":"Moulage et peinture - Jolies figurines fantastiques - SES Creative","og_description":"Moulage et peinture &#8211; Figurines fantastiques : donnez vie \u00e0 votre monde magique ! Avec le kit Moulage et peinture &#8211; Personnages fantastiques de SES Creative, entrez dans un monde plein de magie, de couleurs et de cr\u00e9ativit\u00e9. Les filles qui aiment bricoler (et les gar\u00e7ons cr\u00e9atifs aussi, bien s\u00fbr !) peuvent utiliser ce kit [&hellip;]","og_url":"https:\/\/ses-creative.com\/fr\/produit\/moulage-et-peinture-jolies-figurines-fantastiques\/","og_site_name":"SES Creative","article_modified_time":"2026-02-12T10:22:26+00:00","twitter_card":"summary_large_image","twitter_misc":{"Dur\u00e9e de lecture estim\u00e9e":"2 minutes"},"schema":{"@context":"https:\/\/schema.org","@graph":[{"@type":"WebPage","@id":"https:\/\/ses-creative.com\/fr\/produit\/moulage-et-peinture-jolies-figurines-fantastiques\/","url":"https:\/\/ses-creative.com\/fr\/produit\/moulage-et-peinture-jolies-figurines-fantastiques\/","name":"Moulage et peinture - Jolies figurines fantastiques - SES Creative","isPartOf":{"@id":"https:\/\/ses-creative.com\/#website"},"primaryImageOfPage":{"@id":"https:\/\/ses-creative.com\/fr\/produit\/moulage-et-peinture-jolies-figurines-fantastiques\/#primaryimage"},"image":{"@id":"https:\/\/ses-creative.com\/fr\/produit\/moulage-et-peinture-jolies-figurines-fantastiques\/#primaryimage"},"thumbnailUrl":"https:\/\/ses-creative.com\/wp-content\/uploads\/2026\/01\/013421.jpg","datePublished":"2026-02-12T10:08:34+00:00","dateModified":"2026-02-12T10:22:26+00:00","breadcrumb":{"@id":"https:\/\/ses-creative.com\/fr\/produit\/moulage-et-peinture-jolies-figurines-fantastiques\/#breadcrumb"},"inLanguage":"fr-FR","potentialAction":[{"@type":"ReadAction","target":["https:\/\/ses-creative.com\/fr\/produit\/moulage-et-peinture-jolies-figurines-fantastiques\/"]}]},{"@type":"ImageObject","inLanguage":"fr-FR","@id":"https:\/\/ses-creative.com\/fr\/produit\/moulage-et-peinture-jolies-figurines-fantastiques\/#primaryimage","url":"https:\/\/ses-creative.com\/wp-content\/uploads\/2026\/01\/013421.jpg","contentUrl":"https:\/\/ses-creative.com\/wp-content\/uploads\/2026\/01\/013421.jpg","width":1000,"height":1000},{"@type":"BreadcrumbList","@id":"https:\/\/ses-creative.com\/fr\/produit\/moulage-et-peinture-jolies-figurines-fantastiques\/#breadcrumb","itemListElement":[{"@type":"ListItem","position":1,"name":"Boutique","item":"https:\/\/ses-creative.com\/fr\/boutique\/"},{"@type":"ListItem","position":2,"name":"Loisirs cr\u00e9atifs","item":"https:\/\/ses-creative.com\/fr\/product-categorie\/loisirs-creatifs\/"},{"@type":"ListItem","position":3,"name":"Moulage et peinture &#8211; Jolies figurines fantastiques"}]},{"@type":"WebSite","@id":"https:\/\/ses-creative.com\/#website","url":"https:\/\/ses-creative.com\/","name":"SES Creative","description":"","publisher":{"@id":"https:\/\/ses-creative.com\/#organization"},"potentialAction":[{"@type":"SearchAction","target":{"@type":"EntryPoint","urlTemplate":"https:\/\/ses-creative.com\/?s={search_term_string}"},"query-input":{"@type":"PropertyValueSpecification","valueRequired":true,"valueName":"search_term_string"}}],"inLanguage":"fr-FR"},{"@type":"Organization","@id":"https:\/\/ses-creative.com\/#organization","name":"SES Creative","url":"https:\/\/ses-creative.com\/","logo":{"@type":"ImageObject","inLanguage":"fr-FR","@id":"https:\/\/ses-creative.com\/#\/schema\/logo\/image\/","url":"https:\/\/ses-creative.com\/wp-content\/uploads\/2025\/10\/ses-creative-logo.jpg","contentUrl":"https:\/\/ses-creative.com\/wp-content\/uploads\/2025\/10\/ses-creative-logo.jpg","width":2037,"height":2037,"caption":"SES Creative"},"image":{"@id":"https:\/\/ses-creative.com\/#\/schema\/logo\/image\/"}}]}},"_links":{"self":[{"href":"https:\/\/ses-creative.com\/fr\/wp-json\/wp\/v2\/product\/118077","targetHints":{"allow":["GET"]}}],"collection":[{"href":"https:\/\/ses-creative.com\/fr\/wp-json\/wp\/v2\/product"}],"about":[{"href":"https:\/\/ses-creative.com\/fr\/wp-json\/wp\/v2\/types\/product"}],"replies":[{"embeddable":true,"href":"https:\/\/ses-creative.com\/fr\/wp-json\/wp\/v2\/comments?post=118077"}],"wp:featuredmedia":[{"embeddable":true,"href":"https:\/\/ses-creative.com\/fr\/wp-json\/wp\/v2\/media\/98668"}],"wp:attachment":[{"href":"https:\/\/ses-creative.com\/fr\/wp-json\/wp\/v2\/media?parent=118077"}],"wp:term":[{"taxonomy":"product_brand","embeddable":true,"href":"https:\/\/ses-creative.com\/fr\/wp-json\/wp\/v2\/product_brand?post=118077"},{"taxonomy":"product_cat","embeddable":true,"href":"https:\/\/ses-creative.com\/fr\/wp-json\/wp\/v2\/product_cat?post=118077"},{"taxonomy":"product_tag","embeddable":true,"href":"https:\/\/ses-creative.com\/fr\/wp-json\/wp\/v2\/product_tag?post=118077"}],"curies":[{"name":"wp","href":"https:\/\/api.w.org\/{rel}","templated":true}]}}