











{"id":118074,"date":"2026-02-12T10:08:33","date_gmt":"2026-02-12T10:08:33","guid":{"rendered":"https:\/\/ses-creative.com\/?post_type=product&#038;p=118074"},"modified":"2026-02-12T10:22:25","modified_gmt":"2026-02-12T10:22:25","slug":"moulage-et-peinture-chiens","status":"publish","type":"product","link":"https:\/\/ses-creative.com\/fr\/produit\/moulage-et-peinture-chiens\/","title":{"rendered":"Moulage et peinture &#8211; Chiens"},"content":{"rendered":"<p>Cr\u00e9ez vos propres chiens avec du pl\u00e2tre et de la peinture !<\/p>\n<p>Tu aimes les chiens et le bricolage ? Avec le kit Moulage et peinture &#8211; Chiens de SES Creative, tu peux cr\u00e9er toi-m\u00eame de superbes figurines de chiens en pl\u00e2tre. Utilise le moule d\u00e9taill\u00e9, verse le pl\u00e2tre et peins tes cr\u00e9ations dans tes couleurs pr\u00e9f\u00e9r\u00e9es. Tu donneras ainsi \u00e0 chaque chien un look unique, du berger robuste au caniche joyeux.<\/p>\n<p>Contenu de l&#8217;emballage :<\/p>\n<p>Moule avec 9 races de chiens<\/p>\n<p>300 grammes de pl\u00e2tre<\/p>\n<p>6 couleurs de peinture<\/p>\n<p>Pinceau<\/p>\n<p>Spatule<\/p>\n<p>Mode d&#8217;emploi<\/p>\n<p>Pourquoi choisir ce kit ?<\/p>\n<p>9 figurines de chiens diff\u00e9rentes \u00e0 cr\u00e9er soi-m\u00eame<\/p>\n<p>Peinture et pinceau inclus pour colorier vos chiens<\/p>\n<p>Stimule la cr\u00e9ativit\u00e9 et l&rsquo;imagination<\/p>\n<p>Pl\u00e2tre \u00e0 s\u00e9chage rapide pour un r\u00e9sultat rapide<\/p>\n<p>Convient aux enfants \u00e0 partir de 5 ans<\/p>\n<p>Cr\u00e9ez et peignez vos propres chiens<br \/>\nAvec ce kit, les enfants peuvent d\u00e9cider eux-m\u00eames \u00e0 quoi ressembleront leurs chiens. Ce sera un joyeux chiot au pelage rose ou plut\u00f4t un labrador r\u00e9aliste ? Gr\u00e2ce \u00e0 la peinture et au pinceau fournis, les possibilit\u00e9s sont infinies.<\/p>\n<p>Commencez d\u00e8s aujourd&rsquo;hui !<br \/>\nPrenez votre pinceau, m\u00e9langez vos couleurs et laissez libre cours \u00e0 votre cr\u00e9ativit\u00e9. Avec le kit de moulage et de peinture pour chiens de SES Creative, vous transformerez chaque chien en une \u0153uvre d&rsquo;art. Parfait pour des heures de plaisir cr\u00e9atif !<\/p>\n","protected":false},"excerpt":{"rendered":"<p>Cr\u00e9ez vos propres chiens avec du pl\u00e2tre et de la peinture ! Tu aimes les chiens et le bricolage ? Avec le kit Moulage et peinture &#8211; Chiens de SES Creative, tu peux cr\u00e9er toi-m\u00eame de superbes figurines de chiens en pl\u00e2tre. Utilise le moule d\u00e9taill\u00e9, verse le pl\u00e2tre et peins tes cr\u00e9ations dans tes [&hellip;]<\/p>\n","protected":false},"featured_media":98608,"comment_status":"closed","ping_status":"closed","template":"","meta":{"_acf_changed":false},"product_brand":[],"product_cat":[122],"product_tag":[],"class_list":{"0":"post-118074","1":"product","2":"type-product","3":"status-publish","4":"has-post-thumbnail","6":"product_cat-loisirs-creatifs","7":"pa_leeftijd-filter-4-6-ans","8":"pa_meest-populair-bij-garcons-filles","10":"first","11":"instock","12":"shipping-taxable","13":"product-type-simple"},"acf":[],"yoast_head":"<!-- This site is optimized with the Yoast SEO plugin v27.2 - https:\/\/yoast.com\/product\/yoast-seo-wordpress\/ -->\n<title>Moulage et peinture - Chiens - SES Creative<\/title>\n<meta name=\"robots\" content=\"index, follow, max-snippet:-1, max-image-preview:large, max-video-preview:-1\" \/>\n<link rel=\"canonical\" href=\"https:\/\/ses-creative.com\/fr\/produit\/moulage-et-peinture-chiens\/\" \/>\n<meta property=\"og:locale\" content=\"fr_FR\" \/>\n<meta property=\"og:type\" content=\"article\" \/>\n<meta property=\"og:title\" content=\"Moulage et peinture - Chiens - SES Creative\" \/>\n<meta property=\"og:description\" content=\"Cr\u00e9ez vos propres chiens avec du pl\u00e2tre et de la peinture ! Tu aimes les chiens et le bricolage ? Avec le kit Moulage et peinture &#8211; Chiens de SES Creative, tu peux cr\u00e9er toi-m\u00eame de superbes figurines de chiens en pl\u00e2tre. Utilise le moule d\u00e9taill\u00e9, verse le pl\u00e2tre et peins tes cr\u00e9ations dans tes [&hellip;]\" \/>\n<meta property=\"og:url\" content=\"https:\/\/ses-creative.com\/fr\/produit\/moulage-et-peinture-chiens\/\" \/>\n<meta property=\"og:site_name\" content=\"SES Creative\" \/>\n<meta property=\"article:modified_time\" content=\"2026-02-12T10:22:25+00:00\" \/>\n<meta name=\"twitter:card\" content=\"summary_large_image\" \/>\n<meta name=\"twitter:label1\" content=\"Dur\u00e9e de lecture estim\u00e9e\" \/>\n\t<meta name=\"twitter:data1\" content=\"1 minute\" \/>\n<script type=\"application\/ld+json\" class=\"yoast-schema-graph\">{\"@context\":\"https:\/\/schema.org\",\"@graph\":[{\"@type\":\"WebPage\",\"@id\":\"https:\/\/ses-creative.com\/fr\/produit\/moulage-et-peinture-chiens\/\",\"url\":\"https:\/\/ses-creative.com\/fr\/produit\/moulage-et-peinture-chiens\/\",\"name\":\"Moulage et peinture - Chiens - SES Creative\",\"isPartOf\":{\"@id\":\"https:\/\/ses-creative.com\/#website\"},\"primaryImageOfPage\":{\"@id\":\"https:\/\/ses-creative.com\/fr\/produit\/moulage-et-peinture-chiens\/#primaryimage\"},\"image\":{\"@id\":\"https:\/\/ses-creative.com\/fr\/produit\/moulage-et-peinture-chiens\/#primaryimage\"},\"thumbnailUrl\":\"https:\/\/ses-creative.com\/wp-content\/uploads\/2026\/01\/012941.jpg\",\"datePublished\":\"2026-02-12T10:08:33+00:00\",\"dateModified\":\"2026-02-12T10:22:25+00:00\",\"breadcrumb\":{\"@id\":\"https:\/\/ses-creative.com\/fr\/produit\/moulage-et-peinture-chiens\/#breadcrumb\"},\"inLanguage\":\"fr-FR\",\"potentialAction\":[{\"@type\":\"ReadAction\",\"target\":[\"https:\/\/ses-creative.com\/fr\/produit\/moulage-et-peinture-chiens\/\"]}]},{\"@type\":\"ImageObject\",\"inLanguage\":\"fr-FR\",\"@id\":\"https:\/\/ses-creative.com\/fr\/produit\/moulage-et-peinture-chiens\/#primaryimage\",\"url\":\"https:\/\/ses-creative.com\/wp-content\/uploads\/2026\/01\/012941.jpg\",\"contentUrl\":\"https:\/\/ses-creative.com\/wp-content\/uploads\/2026\/01\/012941.jpg\",\"width\":1000,\"height\":1000},{\"@type\":\"BreadcrumbList\",\"@id\":\"https:\/\/ses-creative.com\/fr\/produit\/moulage-et-peinture-chiens\/#breadcrumb\",\"itemListElement\":[{\"@type\":\"ListItem\",\"position\":1,\"name\":\"Boutique\",\"item\":\"https:\/\/ses-creative.com\/fr\/boutique\/\"},{\"@type\":\"ListItem\",\"position\":2,\"name\":\"Loisirs cr\u00e9atifs\",\"item\":\"https:\/\/ses-creative.com\/fr\/product-categorie\/loisirs-creatifs\/\"},{\"@type\":\"ListItem\",\"position\":3,\"name\":\"Moulage et peinture &#8211; Chiens\"}]},{\"@type\":\"WebSite\",\"@id\":\"https:\/\/ses-creative.com\/#website\",\"url\":\"https:\/\/ses-creative.com\/\",\"name\":\"SES Creative\",\"description\":\"\",\"publisher\":{\"@id\":\"https:\/\/ses-creative.com\/#organization\"},\"potentialAction\":[{\"@type\":\"SearchAction\",\"target\":{\"@type\":\"EntryPoint\",\"urlTemplate\":\"https:\/\/ses-creative.com\/?s={search_term_string}\"},\"query-input\":{\"@type\":\"PropertyValueSpecification\",\"valueRequired\":true,\"valueName\":\"search_term_string\"}}],\"inLanguage\":\"fr-FR\"},{\"@type\":\"Organization\",\"@id\":\"https:\/\/ses-creative.com\/#organization\",\"name\":\"SES Creative\",\"url\":\"https:\/\/ses-creative.com\/\",\"logo\":{\"@type\":\"ImageObject\",\"inLanguage\":\"fr-FR\",\"@id\":\"https:\/\/ses-creative.com\/#\/schema\/logo\/image\/\",\"url\":\"https:\/\/ses-creative.com\/wp-content\/uploads\/2025\/10\/ses-creative-logo.jpg\",\"contentUrl\":\"https:\/\/ses-creative.com\/wp-content\/uploads\/2025\/10\/ses-creative-logo.jpg\",\"width\":2037,\"height\":2037,\"caption\":\"SES Creative\"},\"image\":{\"@id\":\"https:\/\/ses-creative.com\/#\/schema\/logo\/image\/\"}}]}<\/script>\n<!-- \/ Yoast SEO plugin. -->","yoast_head_json":{"title":"Moulage et peinture - Chiens - SES Creative","robots":{"index":"index","follow":"follow","max-snippet":"max-snippet:-1","max-image-preview":"max-image-preview:large","max-video-preview":"max-video-preview:-1"},"canonical":"https:\/\/ses-creative.com\/fr\/produit\/moulage-et-peinture-chiens\/","og_locale":"fr_FR","og_type":"article","og_title":"Moulage et peinture - Chiens - SES Creative","og_description":"Cr\u00e9ez vos propres chiens avec du pl\u00e2tre et de la peinture ! Tu aimes les chiens et le bricolage ? Avec le kit Moulage et peinture &#8211; Chiens de SES Creative, tu peux cr\u00e9er toi-m\u00eame de superbes figurines de chiens en pl\u00e2tre. Utilise le moule d\u00e9taill\u00e9, verse le pl\u00e2tre et peins tes cr\u00e9ations dans tes [&hellip;]","og_url":"https:\/\/ses-creative.com\/fr\/produit\/moulage-et-peinture-chiens\/","og_site_name":"SES Creative","article_modified_time":"2026-02-12T10:22:25+00:00","twitter_card":"summary_large_image","twitter_misc":{"Dur\u00e9e de lecture estim\u00e9e":"1 minute"},"schema":{"@context":"https:\/\/schema.org","@graph":[{"@type":"WebPage","@id":"https:\/\/ses-creative.com\/fr\/produit\/moulage-et-peinture-chiens\/","url":"https:\/\/ses-creative.com\/fr\/produit\/moulage-et-peinture-chiens\/","name":"Moulage et peinture - Chiens - SES Creative","isPartOf":{"@id":"https:\/\/ses-creative.com\/#website"},"primaryImageOfPage":{"@id":"https:\/\/ses-creative.com\/fr\/produit\/moulage-et-peinture-chiens\/#primaryimage"},"image":{"@id":"https:\/\/ses-creative.com\/fr\/produit\/moulage-et-peinture-chiens\/#primaryimage"},"thumbnailUrl":"https:\/\/ses-creative.com\/wp-content\/uploads\/2026\/01\/012941.jpg","datePublished":"2026-02-12T10:08:33+00:00","dateModified":"2026-02-12T10:22:25+00:00","breadcrumb":{"@id":"https:\/\/ses-creative.com\/fr\/produit\/moulage-et-peinture-chiens\/#breadcrumb"},"inLanguage":"fr-FR","potentialAction":[{"@type":"ReadAction","target":["https:\/\/ses-creative.com\/fr\/produit\/moulage-et-peinture-chiens\/"]}]},{"@type":"ImageObject","inLanguage":"fr-FR","@id":"https:\/\/ses-creative.com\/fr\/produit\/moulage-et-peinture-chiens\/#primaryimage","url":"https:\/\/ses-creative.com\/wp-content\/uploads\/2026\/01\/012941.jpg","contentUrl":"https:\/\/ses-creative.com\/wp-content\/uploads\/2026\/01\/012941.jpg","width":1000,"height":1000},{"@type":"BreadcrumbList","@id":"https:\/\/ses-creative.com\/fr\/produit\/moulage-et-peinture-chiens\/#breadcrumb","itemListElement":[{"@type":"ListItem","position":1,"name":"Boutique","item":"https:\/\/ses-creative.com\/fr\/boutique\/"},{"@type":"ListItem","position":2,"name":"Loisirs cr\u00e9atifs","item":"https:\/\/ses-creative.com\/fr\/product-categorie\/loisirs-creatifs\/"},{"@type":"ListItem","position":3,"name":"Moulage et peinture &#8211; Chiens"}]},{"@type":"WebSite","@id":"https:\/\/ses-creative.com\/#website","url":"https:\/\/ses-creative.com\/","name":"SES Creative","description":"","publisher":{"@id":"https:\/\/ses-creative.com\/#organization"},"potentialAction":[{"@type":"SearchAction","target":{"@type":"EntryPoint","urlTemplate":"https:\/\/ses-creative.com\/?s={search_term_string}"},"query-input":{"@type":"PropertyValueSpecification","valueRequired":true,"valueName":"search_term_string"}}],"inLanguage":"fr-FR"},{"@type":"Organization","@id":"https:\/\/ses-creative.com\/#organization","name":"SES Creative","url":"https:\/\/ses-creative.com\/","logo":{"@type":"ImageObject","inLanguage":"fr-FR","@id":"https:\/\/ses-creative.com\/#\/schema\/logo\/image\/","url":"https:\/\/ses-creative.com\/wp-content\/uploads\/2025\/10\/ses-creative-logo.jpg","contentUrl":"https:\/\/ses-creative.com\/wp-content\/uploads\/2025\/10\/ses-creative-logo.jpg","width":2037,"height":2037,"caption":"SES Creative"},"image":{"@id":"https:\/\/ses-creative.com\/#\/schema\/logo\/image\/"}}]}},"_links":{"self":[{"href":"https:\/\/ses-creative.com\/fr\/wp-json\/wp\/v2\/product\/118074","targetHints":{"allow":["GET"]}}],"collection":[{"href":"https:\/\/ses-creative.com\/fr\/wp-json\/wp\/v2\/product"}],"about":[{"href":"https:\/\/ses-creative.com\/fr\/wp-json\/wp\/v2\/types\/product"}],"replies":[{"embeddable":true,"href":"https:\/\/ses-creative.com\/fr\/wp-json\/wp\/v2\/comments?post=118074"}],"wp:featuredmedia":[{"embeddable":true,"href":"https:\/\/ses-creative.com\/fr\/wp-json\/wp\/v2\/media\/98608"}],"wp:attachment":[{"href":"https:\/\/ses-creative.com\/fr\/wp-json\/wp\/v2\/media?parent=118074"}],"wp:term":[{"taxonomy":"product_brand","embeddable":true,"href":"https:\/\/ses-creative.com\/fr\/wp-json\/wp\/v2\/product_brand?post=118074"},{"taxonomy":"product_cat","embeddable":true,"href":"https:\/\/ses-creative.com\/fr\/wp-json\/wp\/v2\/product_cat?post=118074"},{"taxonomy":"product_tag","embeddable":true,"href":"https:\/\/ses-creative.com\/fr\/wp-json\/wp\/v2\/product_tag?post=118074"}],"curies":[{"name":"wp","href":"https:\/\/api.w.org\/{rel}","templated":true}]}}