











{"id":118073,"date":"2026-02-12T10:08:33","date_gmt":"2026-02-12T10:08:33","guid":{"rendered":"https:\/\/ses-creative.com\/?post_type=product&#038;p=118073"},"modified":"2026-02-12T10:22:25","modified_gmt":"2026-02-12T10:22:25","slug":"moulage-et-peinture-dinos-fantaisie","status":"publish","type":"product","link":"https:\/\/ses-creative.com\/fr\/produit\/moulage-et-peinture-dinos-fantaisie\/","title":{"rendered":"Moulage et peinture &#8211; Dinos fantaisie"},"content":{"rendered":"<p>Cr\u00e9ez de fantastiques dinosaures avec du pl\u00e2tre et de la peinture !<\/p>\n<p>Avec le kit Moulage et peinture &#8211; Dino Fantasie de SES Creative, vous pouvez cr\u00e9er vous-m\u00eame de superbes dinosaures en pl\u00e2tre. Utilisez les moules d\u00e9taill\u00e9s, coulez le pl\u00e2tre et laissez s\u00e9cher. Peignez ensuite vos cr\u00e9ations avec la peinture sp\u00e9ciale phosphorescente pour que vos dinosaures brillent dans le noir. Super amusant pour les jeunes fans de dinosaures qui aiment bricoler !<\/p>\n<p>Contenu de l&#8217;emballage :<\/p>\n<p>Moule dinosaures<\/p>\n<p>300 grammes de pl\u00e2tre \u00e0 modeler<\/p>\n<p>Spatule<\/p>\n<p>Peinture phosphorescente<\/p>\n<p>Pinceau<\/p>\n<p>Mode d&#8217;emploi<\/p>\n<p>Pourquoi choisir ce kit ?<\/p>\n<p>Peinture phosphorescente pour un effet magique<\/p>\n<p>Cr\u00e9ez des figurines de dinosaures d\u00e9taill\u00e9es<\/p>\n<p>Stimule la cr\u00e9ativit\u00e9 et la motricit\u00e9 fine<\/p>\n<p>Pl\u00e2tre \u00e0 s\u00e9chage rapide pour un r\u00e9sultat rapide<\/p>\n<p>Convient aux enfants \u00e0 partir de 5 ans<\/p>\n<p>Construisez et peignez vos propres dinosaures<br \/>\nAvec ce kit, les enfants peuvent laisser libre cours \u00e0 leur imagination et cr\u00e9er eux-m\u00eames de superbes dinosaures. Gr\u00e2ce \u00e0 la peinture phosphorescente, les dinosaures prennent vraiment vie dans le noir, ajoutant une touche unique et passionnante \u00e0 leurs cr\u00e9ations.<\/p>\n<p>Commencez d\u00e8s aujourd&rsquo;hui !<br \/>\nD\u00e9couvrez le plaisir de mouler et de peindre du pl\u00e2tre avec ce kit fantaisie dinosaures de SES Creative. Parfait pour des heures de jeu cr\u00e9atif et un excellent choix pour les petits amateurs de dinosaures.<\/p>\n","protected":false},"excerpt":{"rendered":"<p>Cr\u00e9ez de fantastiques dinosaures avec du pl\u00e2tre et de la peinture ! Avec le kit Moulage et peinture &#8211; Dino Fantasie de SES Creative, vous pouvez cr\u00e9er vous-m\u00eame de superbes dinosaures en pl\u00e2tre. Utilisez les moules d\u00e9taill\u00e9s, coulez le pl\u00e2tre et laissez s\u00e9cher. Peignez ensuite vos cr\u00e9ations avec la peinture sp\u00e9ciale phosphorescente pour que vos [&hellip;]<\/p>\n","protected":false},"featured_media":93632,"comment_status":"closed","ping_status":"closed","template":"","meta":{"_acf_changed":false},"product_brand":[],"product_cat":[122],"product_tag":[],"class_list":{"0":"post-118073","1":"product","2":"type-product","3":"status-publish","4":"has-post-thumbnail","6":"product_cat-loisirs-creatifs","7":"pa_leeftijd-filter-4-6-ans","8":"pa_meest-populair-bij-garcons-filles","10":"first","11":"instock","12":"shipping-taxable","13":"product-type-simple"},"acf":[],"yoast_head":"<!-- This site is optimized with the Yoast SEO plugin v27.5 - https:\/\/yoast.com\/product\/yoast-seo-wordpress\/ -->\n<title>Moulage et peinture - Dinos fantaisie - SES Creative<\/title>\n<meta name=\"robots\" content=\"index, follow, max-snippet:-1, max-image-preview:large, max-video-preview:-1\" \/>\n<link rel=\"canonical\" href=\"https:\/\/ses-creative.com\/fr\/produit\/moulage-et-peinture-dinos-fantaisie\/\" \/>\n<meta property=\"og:locale\" content=\"fr_FR\" \/>\n<meta property=\"og:type\" content=\"article\" \/>\n<meta property=\"og:title\" content=\"Moulage et peinture - Dinos fantaisie - SES Creative\" \/>\n<meta property=\"og:description\" content=\"Cr\u00e9ez de fantastiques dinosaures avec du pl\u00e2tre et de la peinture ! Avec le kit Moulage et peinture &#8211; Dino Fantasie de SES Creative, vous pouvez cr\u00e9er vous-m\u00eame de superbes dinosaures en pl\u00e2tre. Utilisez les moules d\u00e9taill\u00e9s, coulez le pl\u00e2tre et laissez s\u00e9cher. Peignez ensuite vos cr\u00e9ations avec la peinture sp\u00e9ciale phosphorescente pour que vos [&hellip;]\" \/>\n<meta property=\"og:url\" content=\"https:\/\/ses-creative.com\/fr\/produit\/moulage-et-peinture-dinos-fantaisie\/\" \/>\n<meta property=\"og:site_name\" content=\"SES Creative\" \/>\n<meta property=\"article:modified_time\" content=\"2026-02-12T10:22:25+00:00\" \/>\n<meta name=\"twitter:card\" content=\"summary_large_image\" \/>\n<meta name=\"twitter:label1\" content=\"Dur\u00e9e de lecture estim\u00e9e\" \/>\n\t<meta name=\"twitter:data1\" content=\"1 minute\" \/>\n<script type=\"application\/ld+json\" class=\"yoast-schema-graph\">{\"@context\":\"https:\\\/\\\/schema.org\",\"@graph\":[{\"@type\":\"WebPage\",\"@id\":\"https:\\\/\\\/ses-creative.com\\\/fr\\\/produit\\\/moulage-et-peinture-dinos-fantaisie\\\/\",\"url\":\"https:\\\/\\\/ses-creative.com\\\/fr\\\/produit\\\/moulage-et-peinture-dinos-fantaisie\\\/\",\"name\":\"Moulage et peinture - Dinos fantaisie - SES Creative\",\"isPartOf\":{\"@id\":\"https:\\\/\\\/ses-creative.com\\\/#website\"},\"primaryImageOfPage\":{\"@id\":\"https:\\\/\\\/ses-creative.com\\\/fr\\\/produit\\\/moulage-et-peinture-dinos-fantaisie\\\/#primaryimage\"},\"image\":{\"@id\":\"https:\\\/\\\/ses-creative.com\\\/fr\\\/produit\\\/moulage-et-peinture-dinos-fantaisie\\\/#primaryimage\"},\"thumbnailUrl\":\"https:\\\/\\\/ses-creative.com\\\/wp-content\\\/uploads\\\/2026\\\/01\\\/012921.jpg\",\"datePublished\":\"2026-02-12T10:08:33+00:00\",\"dateModified\":\"2026-02-12T10:22:25+00:00\",\"breadcrumb\":{\"@id\":\"https:\\\/\\\/ses-creative.com\\\/fr\\\/produit\\\/moulage-et-peinture-dinos-fantaisie\\\/#breadcrumb\"},\"inLanguage\":\"fr-FR\",\"potentialAction\":[{\"@type\":\"ReadAction\",\"target\":[\"https:\\\/\\\/ses-creative.com\\\/fr\\\/produit\\\/moulage-et-peinture-dinos-fantaisie\\\/\"]}]},{\"@type\":\"ImageObject\",\"inLanguage\":\"fr-FR\",\"@id\":\"https:\\\/\\\/ses-creative.com\\\/fr\\\/produit\\\/moulage-et-peinture-dinos-fantaisie\\\/#primaryimage\",\"url\":\"https:\\\/\\\/ses-creative.com\\\/wp-content\\\/uploads\\\/2026\\\/01\\\/012921.jpg\",\"contentUrl\":\"https:\\\/\\\/ses-creative.com\\\/wp-content\\\/uploads\\\/2026\\\/01\\\/012921.jpg\",\"width\":1000,\"height\":1000},{\"@type\":\"BreadcrumbList\",\"@id\":\"https:\\\/\\\/ses-creative.com\\\/fr\\\/produit\\\/moulage-et-peinture-dinos-fantaisie\\\/#breadcrumb\",\"itemListElement\":[{\"@type\":\"ListItem\",\"position\":1,\"name\":\"Boutique\",\"item\":\"https:\\\/\\\/ses-creative.com\\\/fr\\\/boutique\\\/\"},{\"@type\":\"ListItem\",\"position\":2,\"name\":\"Loisirs cr\u00e9atifs\",\"item\":\"https:\\\/\\\/ses-creative.com\\\/fr\\\/product-categorie\\\/loisirs-creatifs\\\/\"},{\"@type\":\"ListItem\",\"position\":3,\"name\":\"Moulage et peinture &#8211; Dinos fantaisie\"}]},{\"@type\":\"WebSite\",\"@id\":\"https:\\\/\\\/ses-creative.com\\\/#website\",\"url\":\"https:\\\/\\\/ses-creative.com\\\/\",\"name\":\"SES Creative\",\"description\":\"\",\"publisher\":{\"@id\":\"https:\\\/\\\/ses-creative.com\\\/#organization\"},\"potentialAction\":[{\"@type\":\"SearchAction\",\"target\":{\"@type\":\"EntryPoint\",\"urlTemplate\":\"https:\\\/\\\/ses-creative.com\\\/?s={search_term_string}\"},\"query-input\":{\"@type\":\"PropertyValueSpecification\",\"valueRequired\":true,\"valueName\":\"search_term_string\"}}],\"inLanguage\":\"fr-FR\"},{\"@type\":\"Organization\",\"@id\":\"https:\\\/\\\/ses-creative.com\\\/#organization\",\"name\":\"SES Creative\",\"url\":\"https:\\\/\\\/ses-creative.com\\\/\",\"logo\":{\"@type\":\"ImageObject\",\"inLanguage\":\"fr-FR\",\"@id\":\"https:\\\/\\\/ses-creative.com\\\/#\\\/schema\\\/logo\\\/image\\\/\",\"url\":\"https:\\\/\\\/ses-creative.com\\\/wp-content\\\/uploads\\\/2025\\\/10\\\/ses-creative-logo.jpg\",\"contentUrl\":\"https:\\\/\\\/ses-creative.com\\\/wp-content\\\/uploads\\\/2025\\\/10\\\/ses-creative-logo.jpg\",\"width\":2037,\"height\":2037,\"caption\":\"SES Creative\"},\"image\":{\"@id\":\"https:\\\/\\\/ses-creative.com\\\/#\\\/schema\\\/logo\\\/image\\\/\"}}]}<\/script>\n<!-- \/ Yoast SEO plugin. -->","yoast_head_json":{"title":"Moulage et peinture - Dinos fantaisie - SES Creative","robots":{"index":"index","follow":"follow","max-snippet":"max-snippet:-1","max-image-preview":"max-image-preview:large","max-video-preview":"max-video-preview:-1"},"canonical":"https:\/\/ses-creative.com\/fr\/produit\/moulage-et-peinture-dinos-fantaisie\/","og_locale":"fr_FR","og_type":"article","og_title":"Moulage et peinture - Dinos fantaisie - SES Creative","og_description":"Cr\u00e9ez de fantastiques dinosaures avec du pl\u00e2tre et de la peinture ! Avec le kit Moulage et peinture &#8211; Dino Fantasie de SES Creative, vous pouvez cr\u00e9er vous-m\u00eame de superbes dinosaures en pl\u00e2tre. Utilisez les moules d\u00e9taill\u00e9s, coulez le pl\u00e2tre et laissez s\u00e9cher. Peignez ensuite vos cr\u00e9ations avec la peinture sp\u00e9ciale phosphorescente pour que vos [&hellip;]","og_url":"https:\/\/ses-creative.com\/fr\/produit\/moulage-et-peinture-dinos-fantaisie\/","og_site_name":"SES Creative","article_modified_time":"2026-02-12T10:22:25+00:00","twitter_card":"summary_large_image","twitter_misc":{"Dur\u00e9e de lecture estim\u00e9e":"1 minute"},"schema":{"@context":"https:\/\/schema.org","@graph":[{"@type":"WebPage","@id":"https:\/\/ses-creative.com\/fr\/produit\/moulage-et-peinture-dinos-fantaisie\/","url":"https:\/\/ses-creative.com\/fr\/produit\/moulage-et-peinture-dinos-fantaisie\/","name":"Moulage et peinture - Dinos fantaisie - SES Creative","isPartOf":{"@id":"https:\/\/ses-creative.com\/#website"},"primaryImageOfPage":{"@id":"https:\/\/ses-creative.com\/fr\/produit\/moulage-et-peinture-dinos-fantaisie\/#primaryimage"},"image":{"@id":"https:\/\/ses-creative.com\/fr\/produit\/moulage-et-peinture-dinos-fantaisie\/#primaryimage"},"thumbnailUrl":"https:\/\/ses-creative.com\/wp-content\/uploads\/2026\/01\/012921.jpg","datePublished":"2026-02-12T10:08:33+00:00","dateModified":"2026-02-12T10:22:25+00:00","breadcrumb":{"@id":"https:\/\/ses-creative.com\/fr\/produit\/moulage-et-peinture-dinos-fantaisie\/#breadcrumb"},"inLanguage":"fr-FR","potentialAction":[{"@type":"ReadAction","target":["https:\/\/ses-creative.com\/fr\/produit\/moulage-et-peinture-dinos-fantaisie\/"]}]},{"@type":"ImageObject","inLanguage":"fr-FR","@id":"https:\/\/ses-creative.com\/fr\/produit\/moulage-et-peinture-dinos-fantaisie\/#primaryimage","url":"https:\/\/ses-creative.com\/wp-content\/uploads\/2026\/01\/012921.jpg","contentUrl":"https:\/\/ses-creative.com\/wp-content\/uploads\/2026\/01\/012921.jpg","width":1000,"height":1000},{"@type":"BreadcrumbList","@id":"https:\/\/ses-creative.com\/fr\/produit\/moulage-et-peinture-dinos-fantaisie\/#breadcrumb","itemListElement":[{"@type":"ListItem","position":1,"name":"Boutique","item":"https:\/\/ses-creative.com\/fr\/boutique\/"},{"@type":"ListItem","position":2,"name":"Loisirs cr\u00e9atifs","item":"https:\/\/ses-creative.com\/fr\/product-categorie\/loisirs-creatifs\/"},{"@type":"ListItem","position":3,"name":"Moulage et peinture &#8211; Dinos fantaisie"}]},{"@type":"WebSite","@id":"https:\/\/ses-creative.com\/#website","url":"https:\/\/ses-creative.com\/","name":"SES Creative","description":"","publisher":{"@id":"https:\/\/ses-creative.com\/#organization"},"potentialAction":[{"@type":"SearchAction","target":{"@type":"EntryPoint","urlTemplate":"https:\/\/ses-creative.com\/?s={search_term_string}"},"query-input":{"@type":"PropertyValueSpecification","valueRequired":true,"valueName":"search_term_string"}}],"inLanguage":"fr-FR"},{"@type":"Organization","@id":"https:\/\/ses-creative.com\/#organization","name":"SES Creative","url":"https:\/\/ses-creative.com\/","logo":{"@type":"ImageObject","inLanguage":"fr-FR","@id":"https:\/\/ses-creative.com\/#\/schema\/logo\/image\/","url":"https:\/\/ses-creative.com\/wp-content\/uploads\/2025\/10\/ses-creative-logo.jpg","contentUrl":"https:\/\/ses-creative.com\/wp-content\/uploads\/2025\/10\/ses-creative-logo.jpg","width":2037,"height":2037,"caption":"SES Creative"},"image":{"@id":"https:\/\/ses-creative.com\/#\/schema\/logo\/image\/"}}]}},"_links":{"self":[{"href":"https:\/\/ses-creative.com\/fr\/wp-json\/wp\/v2\/product\/118073","targetHints":{"allow":["GET"]}}],"collection":[{"href":"https:\/\/ses-creative.com\/fr\/wp-json\/wp\/v2\/product"}],"about":[{"href":"https:\/\/ses-creative.com\/fr\/wp-json\/wp\/v2\/types\/product"}],"replies":[{"embeddable":true,"href":"https:\/\/ses-creative.com\/fr\/wp-json\/wp\/v2\/comments?post=118073"}],"wp:featuredmedia":[{"embeddable":true,"href":"https:\/\/ses-creative.com\/fr\/wp-json\/wp\/v2\/media\/93632"}],"wp:attachment":[{"href":"https:\/\/ses-creative.com\/fr\/wp-json\/wp\/v2\/media?parent=118073"}],"wp:term":[{"taxonomy":"product_brand","embeddable":true,"href":"https:\/\/ses-creative.com\/fr\/wp-json\/wp\/v2\/product_brand?post=118073"},{"taxonomy":"product_cat","embeddable":true,"href":"https:\/\/ses-creative.com\/fr\/wp-json\/wp\/v2\/product_cat?post=118073"},{"taxonomy":"product_tag","embeddable":true,"href":"https:\/\/ses-creative.com\/fr\/wp-json\/wp\/v2\/product_tag?post=118073"}],"curies":[{"name":"wp","href":"https:\/\/api.w.org\/{rel}","templated":true}]}}