











{"id":118072,"date":"2026-02-12T10:08:33","date_gmt":"2026-02-12T10:08:33","guid":{"rendered":"https:\/\/ses-creative.com\/?post_type=product&#038;p=118072"},"modified":"2026-02-12T10:22:25","modified_gmt":"2026-02-12T10:22:25","slug":"moulage-et-peinture-bijoux","status":"publish","type":"product","link":"https:\/\/ses-creative.com\/fr\/produit\/moulage-et-peinture-bijoux\/","title":{"rendered":"Moulage et peinture &#8211; Bijoux"},"content":{"rendered":"<p>D\u00e9couvrez le kit Moulage et Peinture \u2013 Bijoux de SES Creative, parfait pour les enfants souhaitant fabriquer leurs propres bijoux ! M\u00e9lange la poudre \u00e0 mouler avec de l\u2019eau, verse-la dans le moule, laisse s\u00e9cher et peins tes cr\u00e9ations avec les couleurs incluses. Ajoute une touche d\u2019\u00e9clat avec les paillettes et les rubans color\u00e9s pour des bijoux uniques et personnalis\u00e9s.<\/p>\n<p>Ce kit ludique stimule la cr\u00e9ativit\u00e9 et la motricit\u00e9 fine des enfants. Gr\u00e2ce au moule r\u00e9utilisable et au pl\u00e2tre \u00e0 s\u00e9chage rapide, ils peuvent r\u00e9aliser plusieurs mod\u00e8les et exprimer leur imagination librement. Les peintures sont faciles \u00e0 nettoyer, assurant une activit\u00e9 sans stress pour les parents.<\/p>\n<p>\u2705 **Contenu du kit:**<br \/>\n&#8211; Poudre \u00e0 mouler (300 g)<br \/>\n&#8211; Moule \u00e0 bijoux r\u00e9utilisable<br \/>\n&#8211; 6 couleurs de gouache<br \/>\n&#8211; Paillettes roses et argent\u00e9es<br \/>\n&#8211; 2 broches et 2 bagues<br \/>\n&#8211; Rubans rose et bleu<br \/>\n&#8211; Pinceau, spatule et paille en papier<br \/>\n&#8211; Instructions d\u00e9taill\u00e9es<\/p>\n<p>Un kit cr\u00e9atif et amusant id\u00e9al pour les enfants d\u00e8s 5 ans, parfait pour des activit\u00e9s \u00e0 la maison et des moments de cr\u00e9ation partag\u00e9s !<\/p>\n","protected":false},"excerpt":{"rendered":"<p>D\u00e9couvrez le kit Moulage et Peinture \u2013 Bijoux de SES Creative, parfait pour les enfants souhaitant fabriquer leurs propres bijoux ! M\u00e9lange la poudre \u00e0 mouler avec de l\u2019eau, verse-la dans le moule, laisse s\u00e9cher et peins tes cr\u00e9ations avec les couleurs incluses. Ajoute une touche d\u2019\u00e9clat avec les paillettes et les rubans color\u00e9s pour [&hellip;]<\/p>\n","protected":false},"featured_media":98588,"comment_status":"closed","ping_status":"closed","template":"","meta":{"_acf_changed":false},"product_brand":[],"product_cat":[122],"product_tag":[],"class_list":{"0":"post-118072","1":"product","2":"type-product","3":"status-publish","4":"has-post-thumbnail","6":"product_cat-loisirs-creatifs","7":"pa_leeftijd-filter-4-6-ans","8":"pa_meest-populair-bij-filles","10":"first","11":"instock","12":"shipping-taxable","13":"product-type-simple"},"acf":[],"yoast_head":"<!-- This site is optimized with the Yoast SEO plugin v27.2 - https:\/\/yoast.com\/product\/yoast-seo-wordpress\/ -->\n<title>Moulage et peinture - Bijoux - SES Creative<\/title>\n<meta name=\"robots\" content=\"index, follow, max-snippet:-1, max-image-preview:large, max-video-preview:-1\" \/>\n<link rel=\"canonical\" href=\"https:\/\/ses-creative.com\/fr\/produit\/moulage-et-peinture-bijoux\/\" \/>\n<meta property=\"og:locale\" content=\"fr_FR\" \/>\n<meta property=\"og:type\" content=\"article\" \/>\n<meta property=\"og:title\" content=\"Moulage et peinture - Bijoux - SES Creative\" \/>\n<meta property=\"og:description\" content=\"D\u00e9couvrez le kit Moulage et Peinture \u2013 Bijoux de SES Creative, parfait pour les enfants souhaitant fabriquer leurs propres bijoux ! M\u00e9lange la poudre \u00e0 mouler avec de l\u2019eau, verse-la dans le moule, laisse s\u00e9cher et peins tes cr\u00e9ations avec les couleurs incluses. Ajoute une touche d\u2019\u00e9clat avec les paillettes et les rubans color\u00e9s pour [&hellip;]\" \/>\n<meta property=\"og:url\" content=\"https:\/\/ses-creative.com\/fr\/produit\/moulage-et-peinture-bijoux\/\" \/>\n<meta property=\"og:site_name\" content=\"SES Creative\" \/>\n<meta property=\"article:modified_time\" content=\"2026-02-12T10:22:25+00:00\" \/>\n<meta name=\"twitter:card\" content=\"summary_large_image\" \/>\n<meta name=\"twitter:label1\" content=\"Dur\u00e9e de lecture estim\u00e9e\" \/>\n\t<meta name=\"twitter:data1\" content=\"1 minute\" \/>\n<script type=\"application\/ld+json\" class=\"yoast-schema-graph\">{\"@context\":\"https:\/\/schema.org\",\"@graph\":[{\"@type\":\"WebPage\",\"@id\":\"https:\/\/ses-creative.com\/fr\/produit\/moulage-et-peinture-bijoux\/\",\"url\":\"https:\/\/ses-creative.com\/fr\/produit\/moulage-et-peinture-bijoux\/\",\"name\":\"Moulage et peinture - Bijoux - SES Creative\",\"isPartOf\":{\"@id\":\"https:\/\/ses-creative.com\/#website\"},\"primaryImageOfPage\":{\"@id\":\"https:\/\/ses-creative.com\/fr\/produit\/moulage-et-peinture-bijoux\/#primaryimage\"},\"image\":{\"@id\":\"https:\/\/ses-creative.com\/fr\/produit\/moulage-et-peinture-bijoux\/#primaryimage\"},\"thumbnailUrl\":\"https:\/\/ses-creative.com\/wp-content\/uploads\/2026\/01\/012911.jpg\",\"datePublished\":\"2026-02-12T10:08:33+00:00\",\"dateModified\":\"2026-02-12T10:22:25+00:00\",\"breadcrumb\":{\"@id\":\"https:\/\/ses-creative.com\/fr\/produit\/moulage-et-peinture-bijoux\/#breadcrumb\"},\"inLanguage\":\"fr-FR\",\"potentialAction\":[{\"@type\":\"ReadAction\",\"target\":[\"https:\/\/ses-creative.com\/fr\/produit\/moulage-et-peinture-bijoux\/\"]}]},{\"@type\":\"ImageObject\",\"inLanguage\":\"fr-FR\",\"@id\":\"https:\/\/ses-creative.com\/fr\/produit\/moulage-et-peinture-bijoux\/#primaryimage\",\"url\":\"https:\/\/ses-creative.com\/wp-content\/uploads\/2026\/01\/012911.jpg\",\"contentUrl\":\"https:\/\/ses-creative.com\/wp-content\/uploads\/2026\/01\/012911.jpg\",\"width\":1000,\"height\":1000},{\"@type\":\"BreadcrumbList\",\"@id\":\"https:\/\/ses-creative.com\/fr\/produit\/moulage-et-peinture-bijoux\/#breadcrumb\",\"itemListElement\":[{\"@type\":\"ListItem\",\"position\":1,\"name\":\"Boutique\",\"item\":\"https:\/\/ses-creative.com\/fr\/boutique\/\"},{\"@type\":\"ListItem\",\"position\":2,\"name\":\"Loisirs cr\u00e9atifs\",\"item\":\"https:\/\/ses-creative.com\/fr\/product-categorie\/loisirs-creatifs\/\"},{\"@type\":\"ListItem\",\"position\":3,\"name\":\"Moulage et peinture &#8211; Bijoux\"}]},{\"@type\":\"WebSite\",\"@id\":\"https:\/\/ses-creative.com\/#website\",\"url\":\"https:\/\/ses-creative.com\/\",\"name\":\"SES Creative\",\"description\":\"\",\"publisher\":{\"@id\":\"https:\/\/ses-creative.com\/#organization\"},\"potentialAction\":[{\"@type\":\"SearchAction\",\"target\":{\"@type\":\"EntryPoint\",\"urlTemplate\":\"https:\/\/ses-creative.com\/?s={search_term_string}\"},\"query-input\":{\"@type\":\"PropertyValueSpecification\",\"valueRequired\":true,\"valueName\":\"search_term_string\"}}],\"inLanguage\":\"fr-FR\"},{\"@type\":\"Organization\",\"@id\":\"https:\/\/ses-creative.com\/#organization\",\"name\":\"SES Creative\",\"url\":\"https:\/\/ses-creative.com\/\",\"logo\":{\"@type\":\"ImageObject\",\"inLanguage\":\"fr-FR\",\"@id\":\"https:\/\/ses-creative.com\/#\/schema\/logo\/image\/\",\"url\":\"https:\/\/ses-creative.com\/wp-content\/uploads\/2025\/10\/ses-creative-logo.jpg\",\"contentUrl\":\"https:\/\/ses-creative.com\/wp-content\/uploads\/2025\/10\/ses-creative-logo.jpg\",\"width\":2037,\"height\":2037,\"caption\":\"SES Creative\"},\"image\":{\"@id\":\"https:\/\/ses-creative.com\/#\/schema\/logo\/image\/\"}}]}<\/script>\n<!-- \/ Yoast SEO plugin. -->","yoast_head_json":{"title":"Moulage et peinture - Bijoux - SES Creative","robots":{"index":"index","follow":"follow","max-snippet":"max-snippet:-1","max-image-preview":"max-image-preview:large","max-video-preview":"max-video-preview:-1"},"canonical":"https:\/\/ses-creative.com\/fr\/produit\/moulage-et-peinture-bijoux\/","og_locale":"fr_FR","og_type":"article","og_title":"Moulage et peinture - Bijoux - SES Creative","og_description":"D\u00e9couvrez le kit Moulage et Peinture \u2013 Bijoux de SES Creative, parfait pour les enfants souhaitant fabriquer leurs propres bijoux ! M\u00e9lange la poudre \u00e0 mouler avec de l\u2019eau, verse-la dans le moule, laisse s\u00e9cher et peins tes cr\u00e9ations avec les couleurs incluses. Ajoute une touche d\u2019\u00e9clat avec les paillettes et les rubans color\u00e9s pour [&hellip;]","og_url":"https:\/\/ses-creative.com\/fr\/produit\/moulage-et-peinture-bijoux\/","og_site_name":"SES Creative","article_modified_time":"2026-02-12T10:22:25+00:00","twitter_card":"summary_large_image","twitter_misc":{"Dur\u00e9e de lecture estim\u00e9e":"1 minute"},"schema":{"@context":"https:\/\/schema.org","@graph":[{"@type":"WebPage","@id":"https:\/\/ses-creative.com\/fr\/produit\/moulage-et-peinture-bijoux\/","url":"https:\/\/ses-creative.com\/fr\/produit\/moulage-et-peinture-bijoux\/","name":"Moulage et peinture - Bijoux - SES Creative","isPartOf":{"@id":"https:\/\/ses-creative.com\/#website"},"primaryImageOfPage":{"@id":"https:\/\/ses-creative.com\/fr\/produit\/moulage-et-peinture-bijoux\/#primaryimage"},"image":{"@id":"https:\/\/ses-creative.com\/fr\/produit\/moulage-et-peinture-bijoux\/#primaryimage"},"thumbnailUrl":"https:\/\/ses-creative.com\/wp-content\/uploads\/2026\/01\/012911.jpg","datePublished":"2026-02-12T10:08:33+00:00","dateModified":"2026-02-12T10:22:25+00:00","breadcrumb":{"@id":"https:\/\/ses-creative.com\/fr\/produit\/moulage-et-peinture-bijoux\/#breadcrumb"},"inLanguage":"fr-FR","potentialAction":[{"@type":"ReadAction","target":["https:\/\/ses-creative.com\/fr\/produit\/moulage-et-peinture-bijoux\/"]}]},{"@type":"ImageObject","inLanguage":"fr-FR","@id":"https:\/\/ses-creative.com\/fr\/produit\/moulage-et-peinture-bijoux\/#primaryimage","url":"https:\/\/ses-creative.com\/wp-content\/uploads\/2026\/01\/012911.jpg","contentUrl":"https:\/\/ses-creative.com\/wp-content\/uploads\/2026\/01\/012911.jpg","width":1000,"height":1000},{"@type":"BreadcrumbList","@id":"https:\/\/ses-creative.com\/fr\/produit\/moulage-et-peinture-bijoux\/#breadcrumb","itemListElement":[{"@type":"ListItem","position":1,"name":"Boutique","item":"https:\/\/ses-creative.com\/fr\/boutique\/"},{"@type":"ListItem","position":2,"name":"Loisirs cr\u00e9atifs","item":"https:\/\/ses-creative.com\/fr\/product-categorie\/loisirs-creatifs\/"},{"@type":"ListItem","position":3,"name":"Moulage et peinture &#8211; Bijoux"}]},{"@type":"WebSite","@id":"https:\/\/ses-creative.com\/#website","url":"https:\/\/ses-creative.com\/","name":"SES Creative","description":"","publisher":{"@id":"https:\/\/ses-creative.com\/#organization"},"potentialAction":[{"@type":"SearchAction","target":{"@type":"EntryPoint","urlTemplate":"https:\/\/ses-creative.com\/?s={search_term_string}"},"query-input":{"@type":"PropertyValueSpecification","valueRequired":true,"valueName":"search_term_string"}}],"inLanguage":"fr-FR"},{"@type":"Organization","@id":"https:\/\/ses-creative.com\/#organization","name":"SES Creative","url":"https:\/\/ses-creative.com\/","logo":{"@type":"ImageObject","inLanguage":"fr-FR","@id":"https:\/\/ses-creative.com\/#\/schema\/logo\/image\/","url":"https:\/\/ses-creative.com\/wp-content\/uploads\/2025\/10\/ses-creative-logo.jpg","contentUrl":"https:\/\/ses-creative.com\/wp-content\/uploads\/2025\/10\/ses-creative-logo.jpg","width":2037,"height":2037,"caption":"SES Creative"},"image":{"@id":"https:\/\/ses-creative.com\/#\/schema\/logo\/image\/"}}]}},"_links":{"self":[{"href":"https:\/\/ses-creative.com\/fr\/wp-json\/wp\/v2\/product\/118072","targetHints":{"allow":["GET"]}}],"collection":[{"href":"https:\/\/ses-creative.com\/fr\/wp-json\/wp\/v2\/product"}],"about":[{"href":"https:\/\/ses-creative.com\/fr\/wp-json\/wp\/v2\/types\/product"}],"replies":[{"embeddable":true,"href":"https:\/\/ses-creative.com\/fr\/wp-json\/wp\/v2\/comments?post=118072"}],"wp:featuredmedia":[{"embeddable":true,"href":"https:\/\/ses-creative.com\/fr\/wp-json\/wp\/v2\/media\/98588"}],"wp:attachment":[{"href":"https:\/\/ses-creative.com\/fr\/wp-json\/wp\/v2\/media?parent=118072"}],"wp:term":[{"taxonomy":"product_brand","embeddable":true,"href":"https:\/\/ses-creative.com\/fr\/wp-json\/wp\/v2\/product_brand?post=118072"},{"taxonomy":"product_cat","embeddable":true,"href":"https:\/\/ses-creative.com\/fr\/wp-json\/wp\/v2\/product_cat?post=118072"},{"taxonomy":"product_tag","embeddable":true,"href":"https:\/\/ses-creative.com\/fr\/wp-json\/wp\/v2\/product_tag?post=118072"}],"curies":[{"name":"wp","href":"https:\/\/api.w.org\/{rel}","templated":true}]}}