











{"id":118071,"date":"2026-02-12T10:08:33","date_gmt":"2026-02-12T10:08:33","guid":{"rendered":"https:\/\/ses-creative.com\/?post_type=product&#038;p=118071"},"modified":"2026-02-12T10:22:25","modified_gmt":"2026-02-12T10:22:25","slug":"moulage-et-peinture-3-en-1","status":"publish","type":"product","link":"https:\/\/ses-creative.com\/fr\/produit\/moulage-et-peinture-3-en-1\/","title":{"rendered":"Moulage et peinture &#8211; 3 en 1"},"content":{"rendered":"<p>Le coffret Moulage et Peinture 3 en 1 de SES Creative propose une activit\u00e9 manuelle compl\u00e8te et \u00e9ducative pour les enfants d\u00e8s 5 ans. Il contient des moules r\u00e9utilisables en forme de papillons, chevaux, chats, chiens et fleurs, permettant de cr\u00e9er des figurines vari\u00e9es en pl\u00e2tre. Une fois le pl\u00e2tre coul\u00e9 et sec, les enfants peuvent les d\u00e9corer \u00e0 l\u2019aide des 12 couleurs de peinture et des paillettes incluses. Ce processus renforce la coordination \u0153il-main, la concentration et encourage l\u2019expression artistique d\u00e8s le plus jeune \u00e2ge. Le pl\u00e2tre s\u00e8che rapidement, ce qui rend l\u2019activit\u00e9 fluide et sans attente excessive. Les moules sont con\u00e7us pour un usage r\u00e9p\u00e9t\u00e9, lavables apr\u00e8s chaque utilisation. Fabriqu\u00e9 aux Pays-Bas, ce coffret r\u00e9pond aux normes les plus strictes en mati\u00e8re de qualit\u00e9 et de s\u00e9curit\u00e9. Il est hypoallerg\u00e9nique, lavable et totalement neutre en CO\u2082. Ce kit constitue une excellente activit\u00e9 cr\u00e9ative \u00e0 partager en famille ou en petit groupe, id\u00e9ale pour occuper intelligemment les enfants lors de week-ends ou de vacances scolaires.<\/p>\n","protected":false},"excerpt":{"rendered":"<p>Le coffret Moulage et Peinture 3 en 1 de SES Creative propose une activit\u00e9 manuelle compl\u00e8te et \u00e9ducative pour les enfants d\u00e8s 5 ans. Il contient des moules r\u00e9utilisables en forme de papillons, chevaux, chats, chiens et fleurs, permettant de cr\u00e9er des figurines vari\u00e9es en pl\u00e2tre. Une fois le pl\u00e2tre coul\u00e9 et sec, les enfants [&hellip;]<\/p>\n","protected":false},"featured_media":98568,"comment_status":"closed","ping_status":"closed","template":"","meta":{"_acf_changed":false},"product_brand":[],"product_cat":[122],"product_tag":[],"class_list":{"0":"post-118071","1":"product","2":"type-product","3":"status-publish","4":"has-post-thumbnail","6":"product_cat-loisirs-creatifs","7":"pa_leeftijd-filter-4-6-ans","8":"pa_meest-populair-bij-filles","10":"first","11":"instock","12":"shipping-taxable","13":"product-type-simple"},"acf":[],"yoast_head":"<!-- This site is optimized with the Yoast SEO plugin v27.2 - https:\/\/yoast.com\/product\/yoast-seo-wordpress\/ -->\n<title>Moulage et peinture - 3 en 1 - SES Creative<\/title>\n<meta name=\"robots\" content=\"index, follow, max-snippet:-1, max-image-preview:large, max-video-preview:-1\" \/>\n<link rel=\"canonical\" href=\"https:\/\/ses-creative.com\/fr\/produit\/moulage-et-peinture-3-en-1\/\" \/>\n<meta property=\"og:locale\" content=\"fr_FR\" \/>\n<meta property=\"og:type\" content=\"article\" \/>\n<meta property=\"og:title\" content=\"Moulage et peinture - 3 en 1 - SES Creative\" \/>\n<meta property=\"og:description\" content=\"Le coffret Moulage et Peinture 3 en 1 de SES Creative propose une activit\u00e9 manuelle compl\u00e8te et \u00e9ducative pour les enfants d\u00e8s 5 ans. Il contient des moules r\u00e9utilisables en forme de papillons, chevaux, chats, chiens et fleurs, permettant de cr\u00e9er des figurines vari\u00e9es en pl\u00e2tre. Une fois le pl\u00e2tre coul\u00e9 et sec, les enfants [&hellip;]\" \/>\n<meta property=\"og:url\" content=\"https:\/\/ses-creative.com\/fr\/produit\/moulage-et-peinture-3-en-1\/\" \/>\n<meta property=\"og:site_name\" content=\"SES Creative\" \/>\n<meta property=\"article:modified_time\" content=\"2026-02-12T10:22:25+00:00\" \/>\n<meta name=\"twitter:card\" content=\"summary_large_image\" \/>\n<meta name=\"twitter:label1\" content=\"Dur\u00e9e de lecture estim\u00e9e\" \/>\n\t<meta name=\"twitter:data1\" content=\"1 minute\" \/>\n<script type=\"application\/ld+json\" class=\"yoast-schema-graph\">{\"@context\":\"https:\/\/schema.org\",\"@graph\":[{\"@type\":\"WebPage\",\"@id\":\"https:\/\/ses-creative.com\/fr\/produit\/moulage-et-peinture-3-en-1\/\",\"url\":\"https:\/\/ses-creative.com\/fr\/produit\/moulage-et-peinture-3-en-1\/\",\"name\":\"Moulage et peinture - 3 en 1 - SES Creative\",\"isPartOf\":{\"@id\":\"https:\/\/ses-creative.com\/#website\"},\"primaryImageOfPage\":{\"@id\":\"https:\/\/ses-creative.com\/fr\/produit\/moulage-et-peinture-3-en-1\/#primaryimage\"},\"image\":{\"@id\":\"https:\/\/ses-creative.com\/fr\/produit\/moulage-et-peinture-3-en-1\/#primaryimage\"},\"thumbnailUrl\":\"https:\/\/ses-creative.com\/wp-content\/uploads\/2026\/01\/012881.jpg\",\"datePublished\":\"2026-02-12T10:08:33+00:00\",\"dateModified\":\"2026-02-12T10:22:25+00:00\",\"breadcrumb\":{\"@id\":\"https:\/\/ses-creative.com\/fr\/produit\/moulage-et-peinture-3-en-1\/#breadcrumb\"},\"inLanguage\":\"fr-FR\",\"potentialAction\":[{\"@type\":\"ReadAction\",\"target\":[\"https:\/\/ses-creative.com\/fr\/produit\/moulage-et-peinture-3-en-1\/\"]}]},{\"@type\":\"ImageObject\",\"inLanguage\":\"fr-FR\",\"@id\":\"https:\/\/ses-creative.com\/fr\/produit\/moulage-et-peinture-3-en-1\/#primaryimage\",\"url\":\"https:\/\/ses-creative.com\/wp-content\/uploads\/2026\/01\/012881.jpg\",\"contentUrl\":\"https:\/\/ses-creative.com\/wp-content\/uploads\/2026\/01\/012881.jpg\",\"width\":1000,\"height\":1000},{\"@type\":\"BreadcrumbList\",\"@id\":\"https:\/\/ses-creative.com\/fr\/produit\/moulage-et-peinture-3-en-1\/#breadcrumb\",\"itemListElement\":[{\"@type\":\"ListItem\",\"position\":1,\"name\":\"Boutique\",\"item\":\"https:\/\/ses-creative.com\/fr\/boutique\/\"},{\"@type\":\"ListItem\",\"position\":2,\"name\":\"Loisirs cr\u00e9atifs\",\"item\":\"https:\/\/ses-creative.com\/fr\/product-categorie\/loisirs-creatifs\/\"},{\"@type\":\"ListItem\",\"position\":3,\"name\":\"Moulage et peinture &#8211; 3 en 1\"}]},{\"@type\":\"WebSite\",\"@id\":\"https:\/\/ses-creative.com\/#website\",\"url\":\"https:\/\/ses-creative.com\/\",\"name\":\"SES Creative\",\"description\":\"\",\"publisher\":{\"@id\":\"https:\/\/ses-creative.com\/#organization\"},\"potentialAction\":[{\"@type\":\"SearchAction\",\"target\":{\"@type\":\"EntryPoint\",\"urlTemplate\":\"https:\/\/ses-creative.com\/?s={search_term_string}\"},\"query-input\":{\"@type\":\"PropertyValueSpecification\",\"valueRequired\":true,\"valueName\":\"search_term_string\"}}],\"inLanguage\":\"fr-FR\"},{\"@type\":\"Organization\",\"@id\":\"https:\/\/ses-creative.com\/#organization\",\"name\":\"SES Creative\",\"url\":\"https:\/\/ses-creative.com\/\",\"logo\":{\"@type\":\"ImageObject\",\"inLanguage\":\"fr-FR\",\"@id\":\"https:\/\/ses-creative.com\/#\/schema\/logo\/image\/\",\"url\":\"https:\/\/ses-creative.com\/wp-content\/uploads\/2025\/10\/ses-creative-logo.jpg\",\"contentUrl\":\"https:\/\/ses-creative.com\/wp-content\/uploads\/2025\/10\/ses-creative-logo.jpg\",\"width\":2037,\"height\":2037,\"caption\":\"SES Creative\"},\"image\":{\"@id\":\"https:\/\/ses-creative.com\/#\/schema\/logo\/image\/\"}}]}<\/script>\n<!-- \/ Yoast SEO plugin. -->","yoast_head_json":{"title":"Moulage et peinture - 3 en 1 - SES Creative","robots":{"index":"index","follow":"follow","max-snippet":"max-snippet:-1","max-image-preview":"max-image-preview:large","max-video-preview":"max-video-preview:-1"},"canonical":"https:\/\/ses-creative.com\/fr\/produit\/moulage-et-peinture-3-en-1\/","og_locale":"fr_FR","og_type":"article","og_title":"Moulage et peinture - 3 en 1 - SES Creative","og_description":"Le coffret Moulage et Peinture 3 en 1 de SES Creative propose une activit\u00e9 manuelle compl\u00e8te et \u00e9ducative pour les enfants d\u00e8s 5 ans. Il contient des moules r\u00e9utilisables en forme de papillons, chevaux, chats, chiens et fleurs, permettant de cr\u00e9er des figurines vari\u00e9es en pl\u00e2tre. Une fois le pl\u00e2tre coul\u00e9 et sec, les enfants [&hellip;]","og_url":"https:\/\/ses-creative.com\/fr\/produit\/moulage-et-peinture-3-en-1\/","og_site_name":"SES Creative","article_modified_time":"2026-02-12T10:22:25+00:00","twitter_card":"summary_large_image","twitter_misc":{"Dur\u00e9e de lecture estim\u00e9e":"1 minute"},"schema":{"@context":"https:\/\/schema.org","@graph":[{"@type":"WebPage","@id":"https:\/\/ses-creative.com\/fr\/produit\/moulage-et-peinture-3-en-1\/","url":"https:\/\/ses-creative.com\/fr\/produit\/moulage-et-peinture-3-en-1\/","name":"Moulage et peinture - 3 en 1 - SES Creative","isPartOf":{"@id":"https:\/\/ses-creative.com\/#website"},"primaryImageOfPage":{"@id":"https:\/\/ses-creative.com\/fr\/produit\/moulage-et-peinture-3-en-1\/#primaryimage"},"image":{"@id":"https:\/\/ses-creative.com\/fr\/produit\/moulage-et-peinture-3-en-1\/#primaryimage"},"thumbnailUrl":"https:\/\/ses-creative.com\/wp-content\/uploads\/2026\/01\/012881.jpg","datePublished":"2026-02-12T10:08:33+00:00","dateModified":"2026-02-12T10:22:25+00:00","breadcrumb":{"@id":"https:\/\/ses-creative.com\/fr\/produit\/moulage-et-peinture-3-en-1\/#breadcrumb"},"inLanguage":"fr-FR","potentialAction":[{"@type":"ReadAction","target":["https:\/\/ses-creative.com\/fr\/produit\/moulage-et-peinture-3-en-1\/"]}]},{"@type":"ImageObject","inLanguage":"fr-FR","@id":"https:\/\/ses-creative.com\/fr\/produit\/moulage-et-peinture-3-en-1\/#primaryimage","url":"https:\/\/ses-creative.com\/wp-content\/uploads\/2026\/01\/012881.jpg","contentUrl":"https:\/\/ses-creative.com\/wp-content\/uploads\/2026\/01\/012881.jpg","width":1000,"height":1000},{"@type":"BreadcrumbList","@id":"https:\/\/ses-creative.com\/fr\/produit\/moulage-et-peinture-3-en-1\/#breadcrumb","itemListElement":[{"@type":"ListItem","position":1,"name":"Boutique","item":"https:\/\/ses-creative.com\/fr\/boutique\/"},{"@type":"ListItem","position":2,"name":"Loisirs cr\u00e9atifs","item":"https:\/\/ses-creative.com\/fr\/product-categorie\/loisirs-creatifs\/"},{"@type":"ListItem","position":3,"name":"Moulage et peinture &#8211; 3 en 1"}]},{"@type":"WebSite","@id":"https:\/\/ses-creative.com\/#website","url":"https:\/\/ses-creative.com\/","name":"SES Creative","description":"","publisher":{"@id":"https:\/\/ses-creative.com\/#organization"},"potentialAction":[{"@type":"SearchAction","target":{"@type":"EntryPoint","urlTemplate":"https:\/\/ses-creative.com\/?s={search_term_string}"},"query-input":{"@type":"PropertyValueSpecification","valueRequired":true,"valueName":"search_term_string"}}],"inLanguage":"fr-FR"},{"@type":"Organization","@id":"https:\/\/ses-creative.com\/#organization","name":"SES Creative","url":"https:\/\/ses-creative.com\/","logo":{"@type":"ImageObject","inLanguage":"fr-FR","@id":"https:\/\/ses-creative.com\/#\/schema\/logo\/image\/","url":"https:\/\/ses-creative.com\/wp-content\/uploads\/2025\/10\/ses-creative-logo.jpg","contentUrl":"https:\/\/ses-creative.com\/wp-content\/uploads\/2025\/10\/ses-creative-logo.jpg","width":2037,"height":2037,"caption":"SES Creative"},"image":{"@id":"https:\/\/ses-creative.com\/#\/schema\/logo\/image\/"}}]}},"_links":{"self":[{"href":"https:\/\/ses-creative.com\/fr\/wp-json\/wp\/v2\/product\/118071","targetHints":{"allow":["GET"]}}],"collection":[{"href":"https:\/\/ses-creative.com\/fr\/wp-json\/wp\/v2\/product"}],"about":[{"href":"https:\/\/ses-creative.com\/fr\/wp-json\/wp\/v2\/types\/product"}],"replies":[{"embeddable":true,"href":"https:\/\/ses-creative.com\/fr\/wp-json\/wp\/v2\/comments?post=118071"}],"wp:featuredmedia":[{"embeddable":true,"href":"https:\/\/ses-creative.com\/fr\/wp-json\/wp\/v2\/media\/98568"}],"wp:attachment":[{"href":"https:\/\/ses-creative.com\/fr\/wp-json\/wp\/v2\/media?parent=118071"}],"wp:term":[{"taxonomy":"product_brand","embeddable":true,"href":"https:\/\/ses-creative.com\/fr\/wp-json\/wp\/v2\/product_brand?post=118071"},{"taxonomy":"product_cat","embeddable":true,"href":"https:\/\/ses-creative.com\/fr\/wp-json\/wp\/v2\/product_cat?post=118071"},{"taxonomy":"product_tag","embeddable":true,"href":"https:\/\/ses-creative.com\/fr\/wp-json\/wp\/v2\/product_tag?post=118071"}],"curies":[{"name":"wp","href":"https:\/\/api.w.org\/{rel}","templated":true}]}}