











{"id":118069,"date":"2026-02-12T10:08:33","date_gmt":"2026-02-12T10:08:33","guid":{"rendered":"https:\/\/ses-creative.com\/?post_type=product&#038;p=118069"},"modified":"2026-02-12T10:22:25","modified_gmt":"2026-02-12T10:22:25","slug":"moulage-et-peinture-t-rex","status":"publish","type":"product","link":"https:\/\/ses-creative.com\/fr\/produit\/moulage-et-peinture-t-rex\/","title":{"rendered":"Moulage et peinture &#8211; T-rex"},"content":{"rendered":"<p>Cr\u00e9ez votre propre T-Rex avec le moulage et la peinture !<\/p>\n<p>R\u00e9alisez les plus belles sculptures en pl\u00e2tre avec SES Creative ! Ce kit vous permet de mouler un impressionnant T-Rex, puis de le peindre. Le moule en latex d\u00e9taill\u00e9 garantit des r\u00e9sultats r\u00e9alistes, donnant \u00e0 votre dinosaure un aspect plus vrai que nature. Parfait pour les jeunes amateurs de dinosaures qui aiment bricoler et peindre !<\/p>\n<p>Contenu de l&#8217;emballage :<\/p>\n<p>Pl\u00e2tre<br \/>\nMoule en latex T-Rex<br \/>\n4 supports en plastique<br \/>\nPeinture et pinceau<br \/>\nMode d&#8217;emploi<\/p>\n<p>Caract\u00e9ristiques uniques :<\/p>\n<p>Moulage en pl\u00e2tre en 3D<br \/>\nMoule en latex d\u00e9taill\u00e9 pour des r\u00e9sultats r\u00e9alistes<br \/>\nPeinture incluse pour personnaliser votre T-Rex<br \/>\nStimule la cr\u00e9ativit\u00e9 et la motricit\u00e9 fine<br \/>\nParfait pour les enfants \u00e0 partir de 5 ans<br \/>\nConstruisez et d\u00e9corez votre propre T-Rex<\/p>\n<p>Avec ce kit, les enfants peuvent cr\u00e9er leur propre figurine T-Rex en coulant du pl\u00e2tre dans le moule d\u00e9taill\u00e9. Une fois la figurine durcie, elle peut \u00eatre peinte pour cr\u00e9er une \u0153uvre d&rsquo;art unique et personnelle. Une excellente fa\u00e7on de d\u00e9velopper sa cr\u00e9ativit\u00e9 et d&rsquo;\u00eatre fier de ses propres cr\u00e9ations.<\/p>\n<p>Pourquoi ce produit est-il parfait pour vous ?<\/p>\n<p>Ce kit est id\u00e9al pour les parents qui souhaitent faire profiter leurs enfants d&rsquo;une activit\u00e9 cr\u00e9ative et \u00e9ducative. Il offre un moyen ludique de jouer et d&rsquo;apprendre, tout en stimulant l&rsquo;imagination de votre enfant.<\/p>\n<p>Commencez d\u00e8s aujourd&rsquo;hui \u00e0 mouler et \u00e0 peindre<\/p>\n<p>D\u00e9couvrez le plaisir du moulage et de la peinture avec ce kit T-Rex. Parfait pour des heures de jeu cr\u00e9atif !<\/p>\n","protected":false},"excerpt":{"rendered":"<p>Cr\u00e9ez votre propre T-Rex avec le moulage et la peinture ! R\u00e9alisez les plus belles sculptures en pl\u00e2tre avec SES Creative ! Ce kit vous permet de mouler un impressionnant T-Rex, puis de le peindre. Le moule en latex d\u00e9taill\u00e9 garantit des r\u00e9sultats r\u00e9alistes, donnant \u00e0 votre dinosaure un aspect plus vrai que nature. Parfait [&hellip;]<\/p>\n","protected":false},"featured_media":98528,"comment_status":"closed","ping_status":"closed","template":"","meta":{"_acf_changed":false},"product_brand":[],"product_cat":[122],"product_tag":[],"class_list":{"0":"post-118069","1":"product","2":"type-product","3":"status-publish","4":"has-post-thumbnail","6":"product_cat-loisirs-creatifs","7":"pa_leeftijd-filter-4-6-ans","8":"pa_meest-populair-bij-garcons","10":"first","11":"instock","12":"shipping-taxable","13":"product-type-simple"},"acf":[],"yoast_head":"<!-- This site is optimized with the Yoast SEO plugin v27.2 - https:\/\/yoast.com\/product\/yoast-seo-wordpress\/ -->\n<title>Moulage et peinture - T-rex - SES Creative<\/title>\n<meta name=\"robots\" content=\"index, follow, max-snippet:-1, max-image-preview:large, max-video-preview:-1\" \/>\n<link rel=\"canonical\" href=\"https:\/\/ses-creative.com\/fr\/produit\/moulage-et-peinture-t-rex\/\" \/>\n<meta property=\"og:locale\" content=\"fr_FR\" \/>\n<meta property=\"og:type\" content=\"article\" \/>\n<meta property=\"og:title\" content=\"Moulage et peinture - T-rex - SES Creative\" \/>\n<meta property=\"og:description\" content=\"Cr\u00e9ez votre propre T-Rex avec le moulage et la peinture ! R\u00e9alisez les plus belles sculptures en pl\u00e2tre avec SES Creative ! Ce kit vous permet de mouler un impressionnant T-Rex, puis de le peindre. Le moule en latex d\u00e9taill\u00e9 garantit des r\u00e9sultats r\u00e9alistes, donnant \u00e0 votre dinosaure un aspect plus vrai que nature. Parfait [&hellip;]\" \/>\n<meta property=\"og:url\" content=\"https:\/\/ses-creative.com\/fr\/produit\/moulage-et-peinture-t-rex\/\" \/>\n<meta property=\"og:site_name\" content=\"SES Creative\" \/>\n<meta property=\"article:modified_time\" content=\"2026-02-12T10:22:25+00:00\" \/>\n<meta name=\"twitter:card\" content=\"summary_large_image\" \/>\n<meta name=\"twitter:label1\" content=\"Dur\u00e9e de lecture estim\u00e9e\" \/>\n\t<meta name=\"twitter:data1\" content=\"1 minute\" \/>\n<script type=\"application\/ld+json\" class=\"yoast-schema-graph\">{\"@context\":\"https:\/\/schema.org\",\"@graph\":[{\"@type\":\"WebPage\",\"@id\":\"https:\/\/ses-creative.com\/fr\/produit\/moulage-et-peinture-t-rex\/\",\"url\":\"https:\/\/ses-creative.com\/fr\/produit\/moulage-et-peinture-t-rex\/\",\"name\":\"Moulage et peinture - T-rex - SES Creative\",\"isPartOf\":{\"@id\":\"https:\/\/ses-creative.com\/#website\"},\"primaryImageOfPage\":{\"@id\":\"https:\/\/ses-creative.com\/fr\/produit\/moulage-et-peinture-t-rex\/#primaryimage\"},\"image\":{\"@id\":\"https:\/\/ses-creative.com\/fr\/produit\/moulage-et-peinture-t-rex\/#primaryimage\"},\"thumbnailUrl\":\"https:\/\/ses-creative.com\/wp-content\/uploads\/2026\/01\/012831.jpg\",\"datePublished\":\"2026-02-12T10:08:33+00:00\",\"dateModified\":\"2026-02-12T10:22:25+00:00\",\"breadcrumb\":{\"@id\":\"https:\/\/ses-creative.com\/fr\/produit\/moulage-et-peinture-t-rex\/#breadcrumb\"},\"inLanguage\":\"fr-FR\",\"potentialAction\":[{\"@type\":\"ReadAction\",\"target\":[\"https:\/\/ses-creative.com\/fr\/produit\/moulage-et-peinture-t-rex\/\"]}]},{\"@type\":\"ImageObject\",\"inLanguage\":\"fr-FR\",\"@id\":\"https:\/\/ses-creative.com\/fr\/produit\/moulage-et-peinture-t-rex\/#primaryimage\",\"url\":\"https:\/\/ses-creative.com\/wp-content\/uploads\/2026\/01\/012831.jpg\",\"contentUrl\":\"https:\/\/ses-creative.com\/wp-content\/uploads\/2026\/01\/012831.jpg\",\"width\":1000,\"height\":1000},{\"@type\":\"BreadcrumbList\",\"@id\":\"https:\/\/ses-creative.com\/fr\/produit\/moulage-et-peinture-t-rex\/#breadcrumb\",\"itemListElement\":[{\"@type\":\"ListItem\",\"position\":1,\"name\":\"Boutique\",\"item\":\"https:\/\/ses-creative.com\/fr\/boutique\/\"},{\"@type\":\"ListItem\",\"position\":2,\"name\":\"Loisirs cr\u00e9atifs\",\"item\":\"https:\/\/ses-creative.com\/fr\/product-categorie\/loisirs-creatifs\/\"},{\"@type\":\"ListItem\",\"position\":3,\"name\":\"Moulage et peinture &#8211; T-rex\"}]},{\"@type\":\"WebSite\",\"@id\":\"https:\/\/ses-creative.com\/#website\",\"url\":\"https:\/\/ses-creative.com\/\",\"name\":\"SES Creative\",\"description\":\"\",\"publisher\":{\"@id\":\"https:\/\/ses-creative.com\/#organization\"},\"potentialAction\":[{\"@type\":\"SearchAction\",\"target\":{\"@type\":\"EntryPoint\",\"urlTemplate\":\"https:\/\/ses-creative.com\/?s={search_term_string}\"},\"query-input\":{\"@type\":\"PropertyValueSpecification\",\"valueRequired\":true,\"valueName\":\"search_term_string\"}}],\"inLanguage\":\"fr-FR\"},{\"@type\":\"Organization\",\"@id\":\"https:\/\/ses-creative.com\/#organization\",\"name\":\"SES Creative\",\"url\":\"https:\/\/ses-creative.com\/\",\"logo\":{\"@type\":\"ImageObject\",\"inLanguage\":\"fr-FR\",\"@id\":\"https:\/\/ses-creative.com\/#\/schema\/logo\/image\/\",\"url\":\"https:\/\/ses-creative.com\/wp-content\/uploads\/2025\/10\/ses-creative-logo.jpg\",\"contentUrl\":\"https:\/\/ses-creative.com\/wp-content\/uploads\/2025\/10\/ses-creative-logo.jpg\",\"width\":2037,\"height\":2037,\"caption\":\"SES Creative\"},\"image\":{\"@id\":\"https:\/\/ses-creative.com\/#\/schema\/logo\/image\/\"}}]}<\/script>\n<!-- \/ Yoast SEO plugin. -->","yoast_head_json":{"title":"Moulage et peinture - T-rex - SES Creative","robots":{"index":"index","follow":"follow","max-snippet":"max-snippet:-1","max-image-preview":"max-image-preview:large","max-video-preview":"max-video-preview:-1"},"canonical":"https:\/\/ses-creative.com\/fr\/produit\/moulage-et-peinture-t-rex\/","og_locale":"fr_FR","og_type":"article","og_title":"Moulage et peinture - T-rex - SES Creative","og_description":"Cr\u00e9ez votre propre T-Rex avec le moulage et la peinture ! R\u00e9alisez les plus belles sculptures en pl\u00e2tre avec SES Creative ! Ce kit vous permet de mouler un impressionnant T-Rex, puis de le peindre. Le moule en latex d\u00e9taill\u00e9 garantit des r\u00e9sultats r\u00e9alistes, donnant \u00e0 votre dinosaure un aspect plus vrai que nature. Parfait [&hellip;]","og_url":"https:\/\/ses-creative.com\/fr\/produit\/moulage-et-peinture-t-rex\/","og_site_name":"SES Creative","article_modified_time":"2026-02-12T10:22:25+00:00","twitter_card":"summary_large_image","twitter_misc":{"Dur\u00e9e de lecture estim\u00e9e":"1 minute"},"schema":{"@context":"https:\/\/schema.org","@graph":[{"@type":"WebPage","@id":"https:\/\/ses-creative.com\/fr\/produit\/moulage-et-peinture-t-rex\/","url":"https:\/\/ses-creative.com\/fr\/produit\/moulage-et-peinture-t-rex\/","name":"Moulage et peinture - T-rex - SES Creative","isPartOf":{"@id":"https:\/\/ses-creative.com\/#website"},"primaryImageOfPage":{"@id":"https:\/\/ses-creative.com\/fr\/produit\/moulage-et-peinture-t-rex\/#primaryimage"},"image":{"@id":"https:\/\/ses-creative.com\/fr\/produit\/moulage-et-peinture-t-rex\/#primaryimage"},"thumbnailUrl":"https:\/\/ses-creative.com\/wp-content\/uploads\/2026\/01\/012831.jpg","datePublished":"2026-02-12T10:08:33+00:00","dateModified":"2026-02-12T10:22:25+00:00","breadcrumb":{"@id":"https:\/\/ses-creative.com\/fr\/produit\/moulage-et-peinture-t-rex\/#breadcrumb"},"inLanguage":"fr-FR","potentialAction":[{"@type":"ReadAction","target":["https:\/\/ses-creative.com\/fr\/produit\/moulage-et-peinture-t-rex\/"]}]},{"@type":"ImageObject","inLanguage":"fr-FR","@id":"https:\/\/ses-creative.com\/fr\/produit\/moulage-et-peinture-t-rex\/#primaryimage","url":"https:\/\/ses-creative.com\/wp-content\/uploads\/2026\/01\/012831.jpg","contentUrl":"https:\/\/ses-creative.com\/wp-content\/uploads\/2026\/01\/012831.jpg","width":1000,"height":1000},{"@type":"BreadcrumbList","@id":"https:\/\/ses-creative.com\/fr\/produit\/moulage-et-peinture-t-rex\/#breadcrumb","itemListElement":[{"@type":"ListItem","position":1,"name":"Boutique","item":"https:\/\/ses-creative.com\/fr\/boutique\/"},{"@type":"ListItem","position":2,"name":"Loisirs cr\u00e9atifs","item":"https:\/\/ses-creative.com\/fr\/product-categorie\/loisirs-creatifs\/"},{"@type":"ListItem","position":3,"name":"Moulage et peinture &#8211; T-rex"}]},{"@type":"WebSite","@id":"https:\/\/ses-creative.com\/#website","url":"https:\/\/ses-creative.com\/","name":"SES Creative","description":"","publisher":{"@id":"https:\/\/ses-creative.com\/#organization"},"potentialAction":[{"@type":"SearchAction","target":{"@type":"EntryPoint","urlTemplate":"https:\/\/ses-creative.com\/?s={search_term_string}"},"query-input":{"@type":"PropertyValueSpecification","valueRequired":true,"valueName":"search_term_string"}}],"inLanguage":"fr-FR"},{"@type":"Organization","@id":"https:\/\/ses-creative.com\/#organization","name":"SES Creative","url":"https:\/\/ses-creative.com\/","logo":{"@type":"ImageObject","inLanguage":"fr-FR","@id":"https:\/\/ses-creative.com\/#\/schema\/logo\/image\/","url":"https:\/\/ses-creative.com\/wp-content\/uploads\/2025\/10\/ses-creative-logo.jpg","contentUrl":"https:\/\/ses-creative.com\/wp-content\/uploads\/2025\/10\/ses-creative-logo.jpg","width":2037,"height":2037,"caption":"SES Creative"},"image":{"@id":"https:\/\/ses-creative.com\/#\/schema\/logo\/image\/"}}]}},"_links":{"self":[{"href":"https:\/\/ses-creative.com\/fr\/wp-json\/wp\/v2\/product\/118069","targetHints":{"allow":["GET"]}}],"collection":[{"href":"https:\/\/ses-creative.com\/fr\/wp-json\/wp\/v2\/product"}],"about":[{"href":"https:\/\/ses-creative.com\/fr\/wp-json\/wp\/v2\/types\/product"}],"replies":[{"embeddable":true,"href":"https:\/\/ses-creative.com\/fr\/wp-json\/wp\/v2\/comments?post=118069"}],"wp:featuredmedia":[{"embeddable":true,"href":"https:\/\/ses-creative.com\/fr\/wp-json\/wp\/v2\/media\/98528"}],"wp:attachment":[{"href":"https:\/\/ses-creative.com\/fr\/wp-json\/wp\/v2\/media?parent=118069"}],"wp:term":[{"taxonomy":"product_brand","embeddable":true,"href":"https:\/\/ses-creative.com\/fr\/wp-json\/wp\/v2\/product_brand?post=118069"},{"taxonomy":"product_cat","embeddable":true,"href":"https:\/\/ses-creative.com\/fr\/wp-json\/wp\/v2\/product_cat?post=118069"},{"taxonomy":"product_tag","embeddable":true,"href":"https:\/\/ses-creative.com\/fr\/wp-json\/wp\/v2\/product_tag?post=118069"}],"curies":[{"name":"wp","href":"https:\/\/api.w.org\/{rel}","templated":true}]}}