











{"id":118068,"date":"2026-02-12T10:08:32","date_gmt":"2026-02-12T10:08:32","guid":{"rendered":"https:\/\/ses-creative.com\/?post_type=product&#038;p=118068"},"modified":"2026-02-12T10:22:25","modified_gmt":"2026-02-12T10:22:25","slug":"moulage-et-peinture-cheval-avec-criniere","status":"publish","type":"product","link":"https:\/\/ses-creative.com\/fr\/produit\/moulage-et-peinture-cheval-avec-criniere\/","title":{"rendered":"Moulage et peinture &#8211; Cheval avec crini\u00e8re"},"content":{"rendered":"<p>Ce kit cr\u00e9atif permet de r\u00e9aliser un cheval en pl\u00e2tre en 3D avec des \u00e9l\u00e9ments sp\u00e9cifiques : une crini\u00e8re rose boucl\u00e9e \u00e0 fixer, des paillettes scintillantes et des peintures color\u00e9es. Le moule en latex d\u00e9taill\u00e9 permet une reproduction fid\u00e8le. L\u2019enfant coule le pl\u00e2tre, laisse s\u00e9cher, puis d\u00e9core avec les six peintures et le pinceau fournis. Une activit\u00e9 artistique compl\u00e8te qui stimule l\u2019autonomie, la pr\u00e9cision manuelle et l\u2019imaginaire autour du th\u00e8me \u00e9quin. La crini\u00e8re synth\u00e9tique \u00e0 ins\u00e9rer dans la figurine rend le cheval encore plus vivant. Le kit inclut aussi des paillettes d\u00e9coratives et une base pour l&rsquo;exposition. Tous les mat\u00e9riaux sont hypoallerg\u00e9niques et lavables sur textile et peau. Fabriqu\u00e9 aux Pays-Bas dans l\u2019usine SES Creative, ce jouet respecte des normes strictes et reste 100 % neutre en CO\u2082. Con\u00e7u pour les enfants \u00e0 partir de 5 ans, con\u00e7u pour les moments calmes ou les p\u00e9riodes de vacances \u00e0 la maison. L\u2019ensemble permet aux enfants de vivre une exp\u00e9rience immersive autour de la cr\u00e9ation et du jeu symbolique, favorisant l&rsquo;expression de soi tout en restant s\u00e9curis\u00e9 et \u00e9ducatif.<\/p>\n","protected":false},"excerpt":{"rendered":"<p>Ce kit cr\u00e9atif permet de r\u00e9aliser un cheval en pl\u00e2tre en 3D avec des \u00e9l\u00e9ments sp\u00e9cifiques : une crini\u00e8re rose boucl\u00e9e \u00e0 fixer, des paillettes scintillantes et des peintures color\u00e9es. Le moule en latex d\u00e9taill\u00e9 permet une reproduction fid\u00e8le. L\u2019enfant coule le pl\u00e2tre, laisse s\u00e9cher, puis d\u00e9core avec les six peintures et le pinceau fournis. [&hellip;]<\/p>\n","protected":false},"featured_media":98508,"comment_status":"closed","ping_status":"closed","template":"","meta":{"_acf_changed":false},"product_brand":[],"product_cat":[122],"product_tag":[],"class_list":{"0":"post-118068","1":"product","2":"type-product","3":"status-publish","4":"has-post-thumbnail","6":"product_cat-loisirs-creatifs","7":"pa_leeftijd-filter-4-6-ans","8":"pa_meest-populair-bij-filles","10":"first","11":"instock","12":"shipping-taxable","13":"product-type-simple"},"acf":[],"yoast_head":"<!-- This site is optimized with the Yoast SEO plugin v27.2 - https:\/\/yoast.com\/product\/yoast-seo-wordpress\/ -->\n<title>Moulage et peinture - Cheval avec crini\u00e8re - SES Creative<\/title>\n<meta name=\"robots\" content=\"index, follow, max-snippet:-1, max-image-preview:large, max-video-preview:-1\" \/>\n<link rel=\"canonical\" href=\"https:\/\/ses-creative.com\/fr\/produit\/moulage-et-peinture-cheval-avec-criniere\/\" \/>\n<meta property=\"og:locale\" content=\"fr_FR\" \/>\n<meta property=\"og:type\" content=\"article\" \/>\n<meta property=\"og:title\" content=\"Moulage et peinture - Cheval avec crini\u00e8re - SES Creative\" \/>\n<meta property=\"og:description\" content=\"Ce kit cr\u00e9atif permet de r\u00e9aliser un cheval en pl\u00e2tre en 3D avec des \u00e9l\u00e9ments sp\u00e9cifiques : une crini\u00e8re rose boucl\u00e9e \u00e0 fixer, des paillettes scintillantes et des peintures color\u00e9es. Le moule en latex d\u00e9taill\u00e9 permet une reproduction fid\u00e8le. L\u2019enfant coule le pl\u00e2tre, laisse s\u00e9cher, puis d\u00e9core avec les six peintures et le pinceau fournis. [&hellip;]\" \/>\n<meta property=\"og:url\" content=\"https:\/\/ses-creative.com\/fr\/produit\/moulage-et-peinture-cheval-avec-criniere\/\" \/>\n<meta property=\"og:site_name\" content=\"SES Creative\" \/>\n<meta property=\"article:modified_time\" content=\"2026-02-12T10:22:25+00:00\" \/>\n<meta name=\"twitter:card\" content=\"summary_large_image\" \/>\n<meta name=\"twitter:label1\" content=\"Dur\u00e9e de lecture estim\u00e9e\" \/>\n\t<meta name=\"twitter:data1\" content=\"1 minute\" \/>\n<script type=\"application\/ld+json\" class=\"yoast-schema-graph\">{\"@context\":\"https:\/\/schema.org\",\"@graph\":[{\"@type\":\"WebPage\",\"@id\":\"https:\/\/ses-creative.com\/fr\/produit\/moulage-et-peinture-cheval-avec-criniere\/\",\"url\":\"https:\/\/ses-creative.com\/fr\/produit\/moulage-et-peinture-cheval-avec-criniere\/\",\"name\":\"Moulage et peinture - Cheval avec crini\u00e8re - SES Creative\",\"isPartOf\":{\"@id\":\"https:\/\/ses-creative.com\/#website\"},\"primaryImageOfPage\":{\"@id\":\"https:\/\/ses-creative.com\/fr\/produit\/moulage-et-peinture-cheval-avec-criniere\/#primaryimage\"},\"image\":{\"@id\":\"https:\/\/ses-creative.com\/fr\/produit\/moulage-et-peinture-cheval-avec-criniere\/#primaryimage\"},\"thumbnailUrl\":\"https:\/\/ses-creative.com\/wp-content\/uploads\/2026\/01\/012721.jpg\",\"datePublished\":\"2026-02-12T10:08:32+00:00\",\"dateModified\":\"2026-02-12T10:22:25+00:00\",\"breadcrumb\":{\"@id\":\"https:\/\/ses-creative.com\/fr\/produit\/moulage-et-peinture-cheval-avec-criniere\/#breadcrumb\"},\"inLanguage\":\"fr-FR\",\"potentialAction\":[{\"@type\":\"ReadAction\",\"target\":[\"https:\/\/ses-creative.com\/fr\/produit\/moulage-et-peinture-cheval-avec-criniere\/\"]}]},{\"@type\":\"ImageObject\",\"inLanguage\":\"fr-FR\",\"@id\":\"https:\/\/ses-creative.com\/fr\/produit\/moulage-et-peinture-cheval-avec-criniere\/#primaryimage\",\"url\":\"https:\/\/ses-creative.com\/wp-content\/uploads\/2026\/01\/012721.jpg\",\"contentUrl\":\"https:\/\/ses-creative.com\/wp-content\/uploads\/2026\/01\/012721.jpg\",\"width\":1000,\"height\":1000},{\"@type\":\"BreadcrumbList\",\"@id\":\"https:\/\/ses-creative.com\/fr\/produit\/moulage-et-peinture-cheval-avec-criniere\/#breadcrumb\",\"itemListElement\":[{\"@type\":\"ListItem\",\"position\":1,\"name\":\"Boutique\",\"item\":\"https:\/\/ses-creative.com\/fr\/boutique\/\"},{\"@type\":\"ListItem\",\"position\":2,\"name\":\"Loisirs cr\u00e9atifs\",\"item\":\"https:\/\/ses-creative.com\/fr\/product-categorie\/loisirs-creatifs\/\"},{\"@type\":\"ListItem\",\"position\":3,\"name\":\"Moulage et peinture &#8211; Cheval avec crini\u00e8re\"}]},{\"@type\":\"WebSite\",\"@id\":\"https:\/\/ses-creative.com\/#website\",\"url\":\"https:\/\/ses-creative.com\/\",\"name\":\"SES Creative\",\"description\":\"\",\"publisher\":{\"@id\":\"https:\/\/ses-creative.com\/#organization\"},\"potentialAction\":[{\"@type\":\"SearchAction\",\"target\":{\"@type\":\"EntryPoint\",\"urlTemplate\":\"https:\/\/ses-creative.com\/?s={search_term_string}\"},\"query-input\":{\"@type\":\"PropertyValueSpecification\",\"valueRequired\":true,\"valueName\":\"search_term_string\"}}],\"inLanguage\":\"fr-FR\"},{\"@type\":\"Organization\",\"@id\":\"https:\/\/ses-creative.com\/#organization\",\"name\":\"SES Creative\",\"url\":\"https:\/\/ses-creative.com\/\",\"logo\":{\"@type\":\"ImageObject\",\"inLanguage\":\"fr-FR\",\"@id\":\"https:\/\/ses-creative.com\/#\/schema\/logo\/image\/\",\"url\":\"https:\/\/ses-creative.com\/wp-content\/uploads\/2025\/10\/ses-creative-logo.jpg\",\"contentUrl\":\"https:\/\/ses-creative.com\/wp-content\/uploads\/2025\/10\/ses-creative-logo.jpg\",\"width\":2037,\"height\":2037,\"caption\":\"SES Creative\"},\"image\":{\"@id\":\"https:\/\/ses-creative.com\/#\/schema\/logo\/image\/\"}}]}<\/script>\n<!-- \/ Yoast SEO plugin. -->","yoast_head_json":{"title":"Moulage et peinture - Cheval avec crini\u00e8re - SES Creative","robots":{"index":"index","follow":"follow","max-snippet":"max-snippet:-1","max-image-preview":"max-image-preview:large","max-video-preview":"max-video-preview:-1"},"canonical":"https:\/\/ses-creative.com\/fr\/produit\/moulage-et-peinture-cheval-avec-criniere\/","og_locale":"fr_FR","og_type":"article","og_title":"Moulage et peinture - Cheval avec crini\u00e8re - SES Creative","og_description":"Ce kit cr\u00e9atif permet de r\u00e9aliser un cheval en pl\u00e2tre en 3D avec des \u00e9l\u00e9ments sp\u00e9cifiques : une crini\u00e8re rose boucl\u00e9e \u00e0 fixer, des paillettes scintillantes et des peintures color\u00e9es. Le moule en latex d\u00e9taill\u00e9 permet une reproduction fid\u00e8le. L\u2019enfant coule le pl\u00e2tre, laisse s\u00e9cher, puis d\u00e9core avec les six peintures et le pinceau fournis. [&hellip;]","og_url":"https:\/\/ses-creative.com\/fr\/produit\/moulage-et-peinture-cheval-avec-criniere\/","og_site_name":"SES Creative","article_modified_time":"2026-02-12T10:22:25+00:00","twitter_card":"summary_large_image","twitter_misc":{"Dur\u00e9e de lecture estim\u00e9e":"1 minute"},"schema":{"@context":"https:\/\/schema.org","@graph":[{"@type":"WebPage","@id":"https:\/\/ses-creative.com\/fr\/produit\/moulage-et-peinture-cheval-avec-criniere\/","url":"https:\/\/ses-creative.com\/fr\/produit\/moulage-et-peinture-cheval-avec-criniere\/","name":"Moulage et peinture - Cheval avec crini\u00e8re - SES Creative","isPartOf":{"@id":"https:\/\/ses-creative.com\/#website"},"primaryImageOfPage":{"@id":"https:\/\/ses-creative.com\/fr\/produit\/moulage-et-peinture-cheval-avec-criniere\/#primaryimage"},"image":{"@id":"https:\/\/ses-creative.com\/fr\/produit\/moulage-et-peinture-cheval-avec-criniere\/#primaryimage"},"thumbnailUrl":"https:\/\/ses-creative.com\/wp-content\/uploads\/2026\/01\/012721.jpg","datePublished":"2026-02-12T10:08:32+00:00","dateModified":"2026-02-12T10:22:25+00:00","breadcrumb":{"@id":"https:\/\/ses-creative.com\/fr\/produit\/moulage-et-peinture-cheval-avec-criniere\/#breadcrumb"},"inLanguage":"fr-FR","potentialAction":[{"@type":"ReadAction","target":["https:\/\/ses-creative.com\/fr\/produit\/moulage-et-peinture-cheval-avec-criniere\/"]}]},{"@type":"ImageObject","inLanguage":"fr-FR","@id":"https:\/\/ses-creative.com\/fr\/produit\/moulage-et-peinture-cheval-avec-criniere\/#primaryimage","url":"https:\/\/ses-creative.com\/wp-content\/uploads\/2026\/01\/012721.jpg","contentUrl":"https:\/\/ses-creative.com\/wp-content\/uploads\/2026\/01\/012721.jpg","width":1000,"height":1000},{"@type":"BreadcrumbList","@id":"https:\/\/ses-creative.com\/fr\/produit\/moulage-et-peinture-cheval-avec-criniere\/#breadcrumb","itemListElement":[{"@type":"ListItem","position":1,"name":"Boutique","item":"https:\/\/ses-creative.com\/fr\/boutique\/"},{"@type":"ListItem","position":2,"name":"Loisirs cr\u00e9atifs","item":"https:\/\/ses-creative.com\/fr\/product-categorie\/loisirs-creatifs\/"},{"@type":"ListItem","position":3,"name":"Moulage et peinture &#8211; Cheval avec crini\u00e8re"}]},{"@type":"WebSite","@id":"https:\/\/ses-creative.com\/#website","url":"https:\/\/ses-creative.com\/","name":"SES Creative","description":"","publisher":{"@id":"https:\/\/ses-creative.com\/#organization"},"potentialAction":[{"@type":"SearchAction","target":{"@type":"EntryPoint","urlTemplate":"https:\/\/ses-creative.com\/?s={search_term_string}"},"query-input":{"@type":"PropertyValueSpecification","valueRequired":true,"valueName":"search_term_string"}}],"inLanguage":"fr-FR"},{"@type":"Organization","@id":"https:\/\/ses-creative.com\/#organization","name":"SES Creative","url":"https:\/\/ses-creative.com\/","logo":{"@type":"ImageObject","inLanguage":"fr-FR","@id":"https:\/\/ses-creative.com\/#\/schema\/logo\/image\/","url":"https:\/\/ses-creative.com\/wp-content\/uploads\/2025\/10\/ses-creative-logo.jpg","contentUrl":"https:\/\/ses-creative.com\/wp-content\/uploads\/2025\/10\/ses-creative-logo.jpg","width":2037,"height":2037,"caption":"SES Creative"},"image":{"@id":"https:\/\/ses-creative.com\/#\/schema\/logo\/image\/"}}]}},"_links":{"self":[{"href":"https:\/\/ses-creative.com\/fr\/wp-json\/wp\/v2\/product\/118068","targetHints":{"allow":["GET"]}}],"collection":[{"href":"https:\/\/ses-creative.com\/fr\/wp-json\/wp\/v2\/product"}],"about":[{"href":"https:\/\/ses-creative.com\/fr\/wp-json\/wp\/v2\/types\/product"}],"replies":[{"embeddable":true,"href":"https:\/\/ses-creative.com\/fr\/wp-json\/wp\/v2\/comments?post=118068"}],"wp:featuredmedia":[{"embeddable":true,"href":"https:\/\/ses-creative.com\/fr\/wp-json\/wp\/v2\/media\/98508"}],"wp:attachment":[{"href":"https:\/\/ses-creative.com\/fr\/wp-json\/wp\/v2\/media?parent=118068"}],"wp:term":[{"taxonomy":"product_brand","embeddable":true,"href":"https:\/\/ses-creative.com\/fr\/wp-json\/wp\/v2\/product_brand?post=118068"},{"taxonomy":"product_cat","embeddable":true,"href":"https:\/\/ses-creative.com\/fr\/wp-json\/wp\/v2\/product_cat?post=118068"},{"taxonomy":"product_tag","embeddable":true,"href":"https:\/\/ses-creative.com\/fr\/wp-json\/wp\/v2\/product_tag?post=118068"}],"curies":[{"name":"wp","href":"https:\/\/api.w.org\/{rel}","templated":true}]}}