











{"id":118065,"date":"2026-02-12T10:08:32","date_gmt":"2026-02-12T10:08:32","guid":{"rendered":"https:\/\/ses-creative.com\/?post_type=product&#038;p=118065"},"modified":"2026-02-12T10:22:24","modified_gmt":"2026-02-12T10:22:24","slug":"moulage-et-peinture-cheveaux-fantaisier","status":"publish","type":"product","link":"https:\/\/ses-creative.com\/fr\/produit\/moulage-et-peinture-cheveaux-fantaisier\/","title":{"rendered":"Moulage et peinture &#8211; Cheveaux fantaisier"},"content":{"rendered":"<p>\u200bLe Kit Cr\u00e9atif Mouler et Peindre 12 Chevaux est une activit\u00e9 manuelle id\u00e9ale pour les enfants d\u00e8s 5 ans, leur permettant de cr\u00e9er et personnaliser leurs propres figurines \u00e9questres.\u200b<\/p>\n<p>Ce coffret complet comprend tout le n\u00e9cessaire pour mouler et peindre jusqu&rsquo;\u00e0 12 chevaux : du pl\u00e2tre, un moule en plastique d\u00e9taill\u00e9, six pots de peinture color\u00e9e, un pinceau et des paillettes argent\u00e9es. Les enfants peuvent ainsi laisser libre cours \u00e0 leur imagination en d\u00e9corant chaque cheval selon leurs envies.\u200b<\/p>\n<p>En manipulant le pl\u00e2tre et les pinceaux, les enfants d\u00e9veloppent leur dext\u00e9rit\u00e9, leur coordination \u0153il-main et leur sens artistique, tout en s&rsquo;amusant. Cette activit\u00e9 ludique favorise \u00e9galement la concentration et la patience.\u200b<\/p>\n<p>Conforme aux normes de s\u00e9curit\u00e9 europ\u00e9ennes EN-71, ce kit est non toxique et sp\u00e9cialement con\u00e7u pour une utilisation sans risque par les enfants. Fabriqu\u00e9 aux Pays-Bas par la marque SES Creative, reconnue pour la qualit\u00e9 et la s\u00e9curit\u00e9 de ses produits, ce coffret est une excellente id\u00e9e de cadeau \u00e9ducatif pour les jeunes passionn\u00e9s de chevaux.\u200b<\/p>\n<p>Offrez \u00e0 votre enfant une exp\u00e9rience artistique enrichissante avec le kit Cr\u00e9atif Mouler et Peindre 12 Chevaux, un outil p\u00e9dagogique qui allie amusement et apprentissage en toute s\u00e9curit\u00e9.<\/p>\n","protected":false},"excerpt":{"rendered":"<p>\u200bLe Kit Cr\u00e9atif Mouler et Peindre 12 Chevaux est une activit\u00e9 manuelle id\u00e9ale pour les enfants d\u00e8s 5 ans, leur permettant de cr\u00e9er et personnaliser leurs propres figurines \u00e9questres.\u200b Ce coffret complet comprend tout le n\u00e9cessaire pour mouler et peindre jusqu&rsquo;\u00e0 12 chevaux : du pl\u00e2tre, un moule en plastique d\u00e9taill\u00e9, six pots de peinture [&hellip;]<\/p>\n","protected":false},"featured_media":98448,"comment_status":"closed","ping_status":"closed","template":"","meta":{"_acf_changed":false},"product_brand":[],"product_cat":[122],"product_tag":[],"class_list":{"0":"post-118065","1":"product","2":"type-product","3":"status-publish","4":"has-post-thumbnail","6":"product_cat-loisirs-creatifs","7":"pa_leeftijd-filter-4-6-ans","8":"pa_meest-populair-bij-filles","10":"first","11":"instock","12":"shipping-taxable","13":"product-type-simple"},"acf":[],"yoast_head":"<!-- This site is optimized with the Yoast SEO plugin v27.2 - https:\/\/yoast.com\/product\/yoast-seo-wordpress\/ -->\n<title>Moulage et peinture - Cheveaux fantaisier - SES Creative<\/title>\n<meta name=\"robots\" content=\"index, follow, max-snippet:-1, max-image-preview:large, max-video-preview:-1\" \/>\n<link rel=\"canonical\" href=\"https:\/\/ses-creative.com\/fr\/produit\/moulage-et-peinture-cheveaux-fantaisier\/\" \/>\n<meta property=\"og:locale\" content=\"fr_FR\" \/>\n<meta property=\"og:type\" content=\"article\" \/>\n<meta property=\"og:title\" content=\"Moulage et peinture - Cheveaux fantaisier - SES Creative\" \/>\n<meta property=\"og:description\" content=\"\u200bLe Kit Cr\u00e9atif Mouler et Peindre 12 Chevaux est une activit\u00e9 manuelle id\u00e9ale pour les enfants d\u00e8s 5 ans, leur permettant de cr\u00e9er et personnaliser leurs propres figurines \u00e9questres.\u200b Ce coffret complet comprend tout le n\u00e9cessaire pour mouler et peindre jusqu&rsquo;\u00e0 12 chevaux : du pl\u00e2tre, un moule en plastique d\u00e9taill\u00e9, six pots de peinture [&hellip;]\" \/>\n<meta property=\"og:url\" content=\"https:\/\/ses-creative.com\/fr\/produit\/moulage-et-peinture-cheveaux-fantaisier\/\" \/>\n<meta property=\"og:site_name\" content=\"SES Creative\" \/>\n<meta property=\"article:modified_time\" content=\"2026-02-12T10:22:24+00:00\" \/>\n<meta name=\"twitter:card\" content=\"summary_large_image\" \/>\n<meta name=\"twitter:label1\" content=\"Dur\u00e9e de lecture estim\u00e9e\" \/>\n\t<meta name=\"twitter:data1\" content=\"1 minute\" \/>\n<script type=\"application\/ld+json\" class=\"yoast-schema-graph\">{\"@context\":\"https:\/\/schema.org\",\"@graph\":[{\"@type\":\"WebPage\",\"@id\":\"https:\/\/ses-creative.com\/fr\/produit\/moulage-et-peinture-cheveaux-fantaisier\/\",\"url\":\"https:\/\/ses-creative.com\/fr\/produit\/moulage-et-peinture-cheveaux-fantaisier\/\",\"name\":\"Moulage et peinture - Cheveaux fantaisier - SES Creative\",\"isPartOf\":{\"@id\":\"https:\/\/ses-creative.com\/#website\"},\"primaryImageOfPage\":{\"@id\":\"https:\/\/ses-creative.com\/fr\/produit\/moulage-et-peinture-cheveaux-fantaisier\/#primaryimage\"},\"image\":{\"@id\":\"https:\/\/ses-creative.com\/fr\/produit\/moulage-et-peinture-cheveaux-fantaisier\/#primaryimage\"},\"thumbnailUrl\":\"https:\/\/ses-creative.com\/wp-content\/uploads\/2026\/01\/011551.jpg\",\"datePublished\":\"2026-02-12T10:08:32+00:00\",\"dateModified\":\"2026-02-12T10:22:24+00:00\",\"breadcrumb\":{\"@id\":\"https:\/\/ses-creative.com\/fr\/produit\/moulage-et-peinture-cheveaux-fantaisier\/#breadcrumb\"},\"inLanguage\":\"fr-FR\",\"potentialAction\":[{\"@type\":\"ReadAction\",\"target\":[\"https:\/\/ses-creative.com\/fr\/produit\/moulage-et-peinture-cheveaux-fantaisier\/\"]}]},{\"@type\":\"ImageObject\",\"inLanguage\":\"fr-FR\",\"@id\":\"https:\/\/ses-creative.com\/fr\/produit\/moulage-et-peinture-cheveaux-fantaisier\/#primaryimage\",\"url\":\"https:\/\/ses-creative.com\/wp-content\/uploads\/2026\/01\/011551.jpg\",\"contentUrl\":\"https:\/\/ses-creative.com\/wp-content\/uploads\/2026\/01\/011551.jpg\",\"width\":1000,\"height\":1000},{\"@type\":\"BreadcrumbList\",\"@id\":\"https:\/\/ses-creative.com\/fr\/produit\/moulage-et-peinture-cheveaux-fantaisier\/#breadcrumb\",\"itemListElement\":[{\"@type\":\"ListItem\",\"position\":1,\"name\":\"Boutique\",\"item\":\"https:\/\/ses-creative.com\/fr\/boutique\/\"},{\"@type\":\"ListItem\",\"position\":2,\"name\":\"Loisirs cr\u00e9atifs\",\"item\":\"https:\/\/ses-creative.com\/fr\/product-categorie\/loisirs-creatifs\/\"},{\"@type\":\"ListItem\",\"position\":3,\"name\":\"Moulage et peinture &#8211; Cheveaux fantaisier\"}]},{\"@type\":\"WebSite\",\"@id\":\"https:\/\/ses-creative.com\/#website\",\"url\":\"https:\/\/ses-creative.com\/\",\"name\":\"SES Creative\",\"description\":\"\",\"publisher\":{\"@id\":\"https:\/\/ses-creative.com\/#organization\"},\"potentialAction\":[{\"@type\":\"SearchAction\",\"target\":{\"@type\":\"EntryPoint\",\"urlTemplate\":\"https:\/\/ses-creative.com\/?s={search_term_string}\"},\"query-input\":{\"@type\":\"PropertyValueSpecification\",\"valueRequired\":true,\"valueName\":\"search_term_string\"}}],\"inLanguage\":\"fr-FR\"},{\"@type\":\"Organization\",\"@id\":\"https:\/\/ses-creative.com\/#organization\",\"name\":\"SES Creative\",\"url\":\"https:\/\/ses-creative.com\/\",\"logo\":{\"@type\":\"ImageObject\",\"inLanguage\":\"fr-FR\",\"@id\":\"https:\/\/ses-creative.com\/#\/schema\/logo\/image\/\",\"url\":\"https:\/\/ses-creative.com\/wp-content\/uploads\/2025\/10\/ses-creative-logo.jpg\",\"contentUrl\":\"https:\/\/ses-creative.com\/wp-content\/uploads\/2025\/10\/ses-creative-logo.jpg\",\"width\":2037,\"height\":2037,\"caption\":\"SES Creative\"},\"image\":{\"@id\":\"https:\/\/ses-creative.com\/#\/schema\/logo\/image\/\"}}]}<\/script>\n<!-- \/ Yoast SEO plugin. -->","yoast_head_json":{"title":"Moulage et peinture - Cheveaux fantaisier - SES Creative","robots":{"index":"index","follow":"follow","max-snippet":"max-snippet:-1","max-image-preview":"max-image-preview:large","max-video-preview":"max-video-preview:-1"},"canonical":"https:\/\/ses-creative.com\/fr\/produit\/moulage-et-peinture-cheveaux-fantaisier\/","og_locale":"fr_FR","og_type":"article","og_title":"Moulage et peinture - Cheveaux fantaisier - SES Creative","og_description":"\u200bLe Kit Cr\u00e9atif Mouler et Peindre 12 Chevaux est une activit\u00e9 manuelle id\u00e9ale pour les enfants d\u00e8s 5 ans, leur permettant de cr\u00e9er et personnaliser leurs propres figurines \u00e9questres.\u200b Ce coffret complet comprend tout le n\u00e9cessaire pour mouler et peindre jusqu&rsquo;\u00e0 12 chevaux : du pl\u00e2tre, un moule en plastique d\u00e9taill\u00e9, six pots de peinture [&hellip;]","og_url":"https:\/\/ses-creative.com\/fr\/produit\/moulage-et-peinture-cheveaux-fantaisier\/","og_site_name":"SES Creative","article_modified_time":"2026-02-12T10:22:24+00:00","twitter_card":"summary_large_image","twitter_misc":{"Dur\u00e9e de lecture estim\u00e9e":"1 minute"},"schema":{"@context":"https:\/\/schema.org","@graph":[{"@type":"WebPage","@id":"https:\/\/ses-creative.com\/fr\/produit\/moulage-et-peinture-cheveaux-fantaisier\/","url":"https:\/\/ses-creative.com\/fr\/produit\/moulage-et-peinture-cheveaux-fantaisier\/","name":"Moulage et peinture - Cheveaux fantaisier - SES Creative","isPartOf":{"@id":"https:\/\/ses-creative.com\/#website"},"primaryImageOfPage":{"@id":"https:\/\/ses-creative.com\/fr\/produit\/moulage-et-peinture-cheveaux-fantaisier\/#primaryimage"},"image":{"@id":"https:\/\/ses-creative.com\/fr\/produit\/moulage-et-peinture-cheveaux-fantaisier\/#primaryimage"},"thumbnailUrl":"https:\/\/ses-creative.com\/wp-content\/uploads\/2026\/01\/011551.jpg","datePublished":"2026-02-12T10:08:32+00:00","dateModified":"2026-02-12T10:22:24+00:00","breadcrumb":{"@id":"https:\/\/ses-creative.com\/fr\/produit\/moulage-et-peinture-cheveaux-fantaisier\/#breadcrumb"},"inLanguage":"fr-FR","potentialAction":[{"@type":"ReadAction","target":["https:\/\/ses-creative.com\/fr\/produit\/moulage-et-peinture-cheveaux-fantaisier\/"]}]},{"@type":"ImageObject","inLanguage":"fr-FR","@id":"https:\/\/ses-creative.com\/fr\/produit\/moulage-et-peinture-cheveaux-fantaisier\/#primaryimage","url":"https:\/\/ses-creative.com\/wp-content\/uploads\/2026\/01\/011551.jpg","contentUrl":"https:\/\/ses-creative.com\/wp-content\/uploads\/2026\/01\/011551.jpg","width":1000,"height":1000},{"@type":"BreadcrumbList","@id":"https:\/\/ses-creative.com\/fr\/produit\/moulage-et-peinture-cheveaux-fantaisier\/#breadcrumb","itemListElement":[{"@type":"ListItem","position":1,"name":"Boutique","item":"https:\/\/ses-creative.com\/fr\/boutique\/"},{"@type":"ListItem","position":2,"name":"Loisirs cr\u00e9atifs","item":"https:\/\/ses-creative.com\/fr\/product-categorie\/loisirs-creatifs\/"},{"@type":"ListItem","position":3,"name":"Moulage et peinture &#8211; Cheveaux fantaisier"}]},{"@type":"WebSite","@id":"https:\/\/ses-creative.com\/#website","url":"https:\/\/ses-creative.com\/","name":"SES Creative","description":"","publisher":{"@id":"https:\/\/ses-creative.com\/#organization"},"potentialAction":[{"@type":"SearchAction","target":{"@type":"EntryPoint","urlTemplate":"https:\/\/ses-creative.com\/?s={search_term_string}"},"query-input":{"@type":"PropertyValueSpecification","valueRequired":true,"valueName":"search_term_string"}}],"inLanguage":"fr-FR"},{"@type":"Organization","@id":"https:\/\/ses-creative.com\/#organization","name":"SES Creative","url":"https:\/\/ses-creative.com\/","logo":{"@type":"ImageObject","inLanguage":"fr-FR","@id":"https:\/\/ses-creative.com\/#\/schema\/logo\/image\/","url":"https:\/\/ses-creative.com\/wp-content\/uploads\/2025\/10\/ses-creative-logo.jpg","contentUrl":"https:\/\/ses-creative.com\/wp-content\/uploads\/2025\/10\/ses-creative-logo.jpg","width":2037,"height":2037,"caption":"SES Creative"},"image":{"@id":"https:\/\/ses-creative.com\/#\/schema\/logo\/image\/"}}]}},"_links":{"self":[{"href":"https:\/\/ses-creative.com\/fr\/wp-json\/wp\/v2\/product\/118065","targetHints":{"allow":["GET"]}}],"collection":[{"href":"https:\/\/ses-creative.com\/fr\/wp-json\/wp\/v2\/product"}],"about":[{"href":"https:\/\/ses-creative.com\/fr\/wp-json\/wp\/v2\/types\/product"}],"replies":[{"embeddable":true,"href":"https:\/\/ses-creative.com\/fr\/wp-json\/wp\/v2\/comments?post=118065"}],"wp:featuredmedia":[{"embeddable":true,"href":"https:\/\/ses-creative.com\/fr\/wp-json\/wp\/v2\/media\/98448"}],"wp:attachment":[{"href":"https:\/\/ses-creative.com\/fr\/wp-json\/wp\/v2\/media?parent=118065"}],"wp:term":[{"taxonomy":"product_brand","embeddable":true,"href":"https:\/\/ses-creative.com\/fr\/wp-json\/wp\/v2\/product_brand?post=118065"},{"taxonomy":"product_cat","embeddable":true,"href":"https:\/\/ses-creative.com\/fr\/wp-json\/wp\/v2\/product_cat?post=118065"},{"taxonomy":"product_tag","embeddable":true,"href":"https:\/\/ses-creative.com\/fr\/wp-json\/wp\/v2\/product_tag?post=118065"}],"curies":[{"name":"wp","href":"https:\/\/api.w.org\/{rel}","templated":true}]}}