











{"id":118063,"date":"2026-02-12T10:08:32","date_gmt":"2026-02-12T10:08:32","guid":{"rendered":"https:\/\/ses-creative.com\/?post_type=product&#038;p=118063"},"modified":"2026-02-12T10:22:24","modified_gmt":"2026-02-12T10:22:24","slug":"moulage-et-peinture-animaux-effrayants","status":"publish","type":"product","link":"https:\/\/ses-creative.com\/fr\/produit\/moulage-et-peinture-animaux-effrayants\/","title":{"rendered":"Moulage et peinture &#8211; Animaux effrayants"},"content":{"rendered":"<p>Avec le kit de moulage et peinture \u2013 Animaux Effrayants, les enfants peuvent cr\u00e9er leurs propres cr\u00e9atures terrifiantes en pl\u00e2tre et les personnaliser avec des couleurs vibrantes et une peinture phosphorescente qui brille dans le noir. Une activit\u00e9 ludique qui stimule l\u2019imagination et la motricit\u00e9 fine.<\/p>\n<p>Ce kit contient :<br \/>\n\u2714 1 moule en relief avec des animaux effrayants<br \/>\n\u2714 1 sachet de pl\u00e2tre \u00e0 s\u00e9chage rapide<br \/>\n\u2714 5 pots de peinture color\u00e9e bien couvrante<br \/>\n\u2714 1 pot de peinture phosphorescente pour un effet lumineux dans le noir<br \/>\n\u2714 1 pinceau pour des finitions pr\u00e9cises<br \/>\n\u2714 1 pot de paillettes pour ajouter une touche brillante<\/p>\n<p>Gr\u00e2ce \u00e0 ce kit, les enfants peuvent donner vie \u00e0 des cr\u00e9atures originales et explorer le monde du moulage et de la peinture d\u2019une mani\u00e8re amusante. Le pl\u00e2tre et la peinture sont faciles \u00e0 nettoyer, garantissant une exp\u00e9rience sans souci pour les parents.<\/p>\n<p>Depuis plus de 50 ans, SES Creative con\u00e7oit des jouets \u00e9ducatifs et cr\u00e9atifs pour accompagner l\u2019apprentissage des enfants. Ce kit est une excellente id\u00e9e cadeau pour les petits amateurs de monstres et d\u2019art, id\u00e9al pour un anniversaire ou une activit\u00e9 ludique \u00e0 partager en famille ! Convient aux enfants d\u00e8s 5 ans.<\/p>\n","protected":false},"excerpt":{"rendered":"<p>Avec le kit de moulage et peinture \u2013 Animaux Effrayants, les enfants peuvent cr\u00e9er leurs propres cr\u00e9atures terrifiantes en pl\u00e2tre et les personnaliser avec des couleurs vibrantes et une peinture phosphorescente qui brille dans le noir. Une activit\u00e9 ludique qui stimule l\u2019imagination et la motricit\u00e9 fine. Ce kit contient : \u2714 1 moule en relief [&hellip;]<\/p>\n","protected":false},"featured_media":98408,"comment_status":"closed","ping_status":"closed","template":"","meta":{"_acf_changed":false},"product_brand":[],"product_cat":[122],"product_tag":[],"class_list":{"0":"post-118063","1":"product","2":"type-product","3":"status-publish","4":"has-post-thumbnail","6":"product_cat-loisirs-creatifs","7":"pa_leeftijd-filter-4-6-ans","8":"pa_meest-populair-bij-garcons","10":"first","11":"instock","12":"shipping-taxable","13":"product-type-simple"},"acf":[],"yoast_head":"<!-- This site is optimized with the Yoast SEO plugin v27.2 - https:\/\/yoast.com\/product\/yoast-seo-wordpress\/ -->\n<title>Moulage et peinture - Animaux effrayants - SES Creative<\/title>\n<meta name=\"robots\" content=\"index, follow, max-snippet:-1, max-image-preview:large, max-video-preview:-1\" \/>\n<link rel=\"canonical\" href=\"https:\/\/ses-creative.com\/fr\/produit\/moulage-et-peinture-animaux-effrayants\/\" \/>\n<meta property=\"og:locale\" content=\"fr_FR\" \/>\n<meta property=\"og:type\" content=\"article\" \/>\n<meta property=\"og:title\" content=\"Moulage et peinture - Animaux effrayants - SES Creative\" \/>\n<meta property=\"og:description\" content=\"Avec le kit de moulage et peinture \u2013 Animaux Effrayants, les enfants peuvent cr\u00e9er leurs propres cr\u00e9atures terrifiantes en pl\u00e2tre et les personnaliser avec des couleurs vibrantes et une peinture phosphorescente qui brille dans le noir. Une activit\u00e9 ludique qui stimule l\u2019imagination et la motricit\u00e9 fine. Ce kit contient : \u2714 1 moule en relief [&hellip;]\" \/>\n<meta property=\"og:url\" content=\"https:\/\/ses-creative.com\/fr\/produit\/moulage-et-peinture-animaux-effrayants\/\" \/>\n<meta property=\"og:site_name\" content=\"SES Creative\" \/>\n<meta property=\"article:modified_time\" content=\"2026-02-12T10:22:24+00:00\" \/>\n<meta name=\"twitter:card\" content=\"summary_large_image\" \/>\n<meta name=\"twitter:label1\" content=\"Dur\u00e9e de lecture estim\u00e9e\" \/>\n\t<meta name=\"twitter:data1\" content=\"1 minute\" \/>\n<script type=\"application\/ld+json\" class=\"yoast-schema-graph\">{\"@context\":\"https:\/\/schema.org\",\"@graph\":[{\"@type\":\"WebPage\",\"@id\":\"https:\/\/ses-creative.com\/fr\/produit\/moulage-et-peinture-animaux-effrayants\/\",\"url\":\"https:\/\/ses-creative.com\/fr\/produit\/moulage-et-peinture-animaux-effrayants\/\",\"name\":\"Moulage et peinture - Animaux effrayants - SES Creative\",\"isPartOf\":{\"@id\":\"https:\/\/ses-creative.com\/#website\"},\"primaryImageOfPage\":{\"@id\":\"https:\/\/ses-creative.com\/fr\/produit\/moulage-et-peinture-animaux-effrayants\/#primaryimage\"},\"image\":{\"@id\":\"https:\/\/ses-creative.com\/fr\/produit\/moulage-et-peinture-animaux-effrayants\/#primaryimage\"},\"thumbnailUrl\":\"https:\/\/ses-creative.com\/wp-content\/uploads\/2026\/01\/011531.jpg\",\"datePublished\":\"2026-02-12T10:08:32+00:00\",\"dateModified\":\"2026-02-12T10:22:24+00:00\",\"breadcrumb\":{\"@id\":\"https:\/\/ses-creative.com\/fr\/produit\/moulage-et-peinture-animaux-effrayants\/#breadcrumb\"},\"inLanguage\":\"fr-FR\",\"potentialAction\":[{\"@type\":\"ReadAction\",\"target\":[\"https:\/\/ses-creative.com\/fr\/produit\/moulage-et-peinture-animaux-effrayants\/\"]}]},{\"@type\":\"ImageObject\",\"inLanguage\":\"fr-FR\",\"@id\":\"https:\/\/ses-creative.com\/fr\/produit\/moulage-et-peinture-animaux-effrayants\/#primaryimage\",\"url\":\"https:\/\/ses-creative.com\/wp-content\/uploads\/2026\/01\/011531.jpg\",\"contentUrl\":\"https:\/\/ses-creative.com\/wp-content\/uploads\/2026\/01\/011531.jpg\",\"width\":1000,\"height\":1000},{\"@type\":\"BreadcrumbList\",\"@id\":\"https:\/\/ses-creative.com\/fr\/produit\/moulage-et-peinture-animaux-effrayants\/#breadcrumb\",\"itemListElement\":[{\"@type\":\"ListItem\",\"position\":1,\"name\":\"Boutique\",\"item\":\"https:\/\/ses-creative.com\/fr\/boutique\/\"},{\"@type\":\"ListItem\",\"position\":2,\"name\":\"Loisirs cr\u00e9atifs\",\"item\":\"https:\/\/ses-creative.com\/fr\/product-categorie\/loisirs-creatifs\/\"},{\"@type\":\"ListItem\",\"position\":3,\"name\":\"Moulage et peinture &#8211; Animaux effrayants\"}]},{\"@type\":\"WebSite\",\"@id\":\"https:\/\/ses-creative.com\/#website\",\"url\":\"https:\/\/ses-creative.com\/\",\"name\":\"SES Creative\",\"description\":\"\",\"publisher\":{\"@id\":\"https:\/\/ses-creative.com\/#organization\"},\"potentialAction\":[{\"@type\":\"SearchAction\",\"target\":{\"@type\":\"EntryPoint\",\"urlTemplate\":\"https:\/\/ses-creative.com\/?s={search_term_string}\"},\"query-input\":{\"@type\":\"PropertyValueSpecification\",\"valueRequired\":true,\"valueName\":\"search_term_string\"}}],\"inLanguage\":\"fr-FR\"},{\"@type\":\"Organization\",\"@id\":\"https:\/\/ses-creative.com\/#organization\",\"name\":\"SES Creative\",\"url\":\"https:\/\/ses-creative.com\/\",\"logo\":{\"@type\":\"ImageObject\",\"inLanguage\":\"fr-FR\",\"@id\":\"https:\/\/ses-creative.com\/#\/schema\/logo\/image\/\",\"url\":\"https:\/\/ses-creative.com\/wp-content\/uploads\/2025\/10\/ses-creative-logo.jpg\",\"contentUrl\":\"https:\/\/ses-creative.com\/wp-content\/uploads\/2025\/10\/ses-creative-logo.jpg\",\"width\":2037,\"height\":2037,\"caption\":\"SES Creative\"},\"image\":{\"@id\":\"https:\/\/ses-creative.com\/#\/schema\/logo\/image\/\"}}]}<\/script>\n<!-- \/ Yoast SEO plugin. -->","yoast_head_json":{"title":"Moulage et peinture - Animaux effrayants - SES Creative","robots":{"index":"index","follow":"follow","max-snippet":"max-snippet:-1","max-image-preview":"max-image-preview:large","max-video-preview":"max-video-preview:-1"},"canonical":"https:\/\/ses-creative.com\/fr\/produit\/moulage-et-peinture-animaux-effrayants\/","og_locale":"fr_FR","og_type":"article","og_title":"Moulage et peinture - Animaux effrayants - SES Creative","og_description":"Avec le kit de moulage et peinture \u2013 Animaux Effrayants, les enfants peuvent cr\u00e9er leurs propres cr\u00e9atures terrifiantes en pl\u00e2tre et les personnaliser avec des couleurs vibrantes et une peinture phosphorescente qui brille dans le noir. Une activit\u00e9 ludique qui stimule l\u2019imagination et la motricit\u00e9 fine. Ce kit contient : \u2714 1 moule en relief [&hellip;]","og_url":"https:\/\/ses-creative.com\/fr\/produit\/moulage-et-peinture-animaux-effrayants\/","og_site_name":"SES Creative","article_modified_time":"2026-02-12T10:22:24+00:00","twitter_card":"summary_large_image","twitter_misc":{"Dur\u00e9e de lecture estim\u00e9e":"1 minute"},"schema":{"@context":"https:\/\/schema.org","@graph":[{"@type":"WebPage","@id":"https:\/\/ses-creative.com\/fr\/produit\/moulage-et-peinture-animaux-effrayants\/","url":"https:\/\/ses-creative.com\/fr\/produit\/moulage-et-peinture-animaux-effrayants\/","name":"Moulage et peinture - Animaux effrayants - SES Creative","isPartOf":{"@id":"https:\/\/ses-creative.com\/#website"},"primaryImageOfPage":{"@id":"https:\/\/ses-creative.com\/fr\/produit\/moulage-et-peinture-animaux-effrayants\/#primaryimage"},"image":{"@id":"https:\/\/ses-creative.com\/fr\/produit\/moulage-et-peinture-animaux-effrayants\/#primaryimage"},"thumbnailUrl":"https:\/\/ses-creative.com\/wp-content\/uploads\/2026\/01\/011531.jpg","datePublished":"2026-02-12T10:08:32+00:00","dateModified":"2026-02-12T10:22:24+00:00","breadcrumb":{"@id":"https:\/\/ses-creative.com\/fr\/produit\/moulage-et-peinture-animaux-effrayants\/#breadcrumb"},"inLanguage":"fr-FR","potentialAction":[{"@type":"ReadAction","target":["https:\/\/ses-creative.com\/fr\/produit\/moulage-et-peinture-animaux-effrayants\/"]}]},{"@type":"ImageObject","inLanguage":"fr-FR","@id":"https:\/\/ses-creative.com\/fr\/produit\/moulage-et-peinture-animaux-effrayants\/#primaryimage","url":"https:\/\/ses-creative.com\/wp-content\/uploads\/2026\/01\/011531.jpg","contentUrl":"https:\/\/ses-creative.com\/wp-content\/uploads\/2026\/01\/011531.jpg","width":1000,"height":1000},{"@type":"BreadcrumbList","@id":"https:\/\/ses-creative.com\/fr\/produit\/moulage-et-peinture-animaux-effrayants\/#breadcrumb","itemListElement":[{"@type":"ListItem","position":1,"name":"Boutique","item":"https:\/\/ses-creative.com\/fr\/boutique\/"},{"@type":"ListItem","position":2,"name":"Loisirs cr\u00e9atifs","item":"https:\/\/ses-creative.com\/fr\/product-categorie\/loisirs-creatifs\/"},{"@type":"ListItem","position":3,"name":"Moulage et peinture &#8211; Animaux effrayants"}]},{"@type":"WebSite","@id":"https:\/\/ses-creative.com\/#website","url":"https:\/\/ses-creative.com\/","name":"SES Creative","description":"","publisher":{"@id":"https:\/\/ses-creative.com\/#organization"},"potentialAction":[{"@type":"SearchAction","target":{"@type":"EntryPoint","urlTemplate":"https:\/\/ses-creative.com\/?s={search_term_string}"},"query-input":{"@type":"PropertyValueSpecification","valueRequired":true,"valueName":"search_term_string"}}],"inLanguage":"fr-FR"},{"@type":"Organization","@id":"https:\/\/ses-creative.com\/#organization","name":"SES Creative","url":"https:\/\/ses-creative.com\/","logo":{"@type":"ImageObject","inLanguage":"fr-FR","@id":"https:\/\/ses-creative.com\/#\/schema\/logo\/image\/","url":"https:\/\/ses-creative.com\/wp-content\/uploads\/2025\/10\/ses-creative-logo.jpg","contentUrl":"https:\/\/ses-creative.com\/wp-content\/uploads\/2025\/10\/ses-creative-logo.jpg","width":2037,"height":2037,"caption":"SES Creative"},"image":{"@id":"https:\/\/ses-creative.com\/#\/schema\/logo\/image\/"}}]}},"_links":{"self":[{"href":"https:\/\/ses-creative.com\/fr\/wp-json\/wp\/v2\/product\/118063","targetHints":{"allow":["GET"]}}],"collection":[{"href":"https:\/\/ses-creative.com\/fr\/wp-json\/wp\/v2\/product"}],"about":[{"href":"https:\/\/ses-creative.com\/fr\/wp-json\/wp\/v2\/types\/product"}],"replies":[{"embeddable":true,"href":"https:\/\/ses-creative.com\/fr\/wp-json\/wp\/v2\/comments?post=118063"}],"wp:featuredmedia":[{"embeddable":true,"href":"https:\/\/ses-creative.com\/fr\/wp-json\/wp\/v2\/media\/98408"}],"wp:attachment":[{"href":"https:\/\/ses-creative.com\/fr\/wp-json\/wp\/v2\/media?parent=118063"}],"wp:term":[{"taxonomy":"product_brand","embeddable":true,"href":"https:\/\/ses-creative.com\/fr\/wp-json\/wp\/v2\/product_brand?post=118063"},{"taxonomy":"product_cat","embeddable":true,"href":"https:\/\/ses-creative.com\/fr\/wp-json\/wp\/v2\/product_cat?post=118063"},{"taxonomy":"product_tag","embeddable":true,"href":"https:\/\/ses-creative.com\/fr\/wp-json\/wp\/v2\/product_tag?post=118063"}],"curies":[{"name":"wp","href":"https:\/\/api.w.org\/{rel}","templated":true}]}}