











{"id":118062,"date":"2026-02-12T10:08:31","date_gmt":"2026-02-12T10:08:31","guid":{"rendered":"https:\/\/ses-creative.com\/?post_type=product&#038;p=118062"},"modified":"2026-02-12T10:22:24","modified_gmt":"2026-02-12T10:22:24","slug":"toile-a-colorier-couleurs-metallisees","status":"publish","type":"product","link":"https:\/\/ses-creative.com\/fr\/produit\/toile-a-colorier-couleurs-metallisees\/","title":{"rendered":"Toile \u00e0 colorier &#8211; Couleurs m\u00e9tallis\u00e9es"},"content":{"rendered":"<p>Hobby Pink \u2013 Metallic : cr\u00e9ez votre propre \u0153uvre d&rsquo;art scintillante !<\/p>\n<p>Laissez libre cours \u00e0 votre cr\u00e9ativit\u00e9 avec le kit Hobby Pink \u2013 Metallic de SES Creative. Ce kit contient une toile solide avec un fond m\u00e9tallique brillant, parfaite pour \u00eatre colori\u00e9e avec les feutres fournis. C&rsquo;est le projet id\u00e9al pour les filles qui aiment les couleurs, les paillettes et les \u0153uvres d&rsquo;art uniques !<\/p>\n<p>Ce qui rend ce kit g\u00e9nial<\/p>\n<p>Toile solide avec fond m\u00e9tallique<br \/>\n6 feutres color\u00e9s inclus<br \/>\nDonne un r\u00e9sultat \u00e9clatant et professionnel<br \/>\nStimule la cr\u00e9ativit\u00e9 et la motricit\u00e9 fine<br \/>\nId\u00e9al pour les filles qui aiment bricoler et sont fi\u00e8res de leurs cr\u00e9ations<\/p>\n<p>Une toile magique pleine de couleurs<\/p>\n<p>L&rsquo;effet m\u00e9tallique de cette toile cr\u00e9e un fond brillant qui donne vie \u00e0 chaque dessin. Les enfants peuvent exp\u00e9rimenter \u00e0 l&rsquo;infini avec les couleurs et les motifs. Pour les filles qui aiment bricoler, c&rsquo;est une fa\u00e7on relaxante et inspirante de cr\u00e9er leur propre chef-d&rsquo;\u0153uvre, qu&rsquo;elles pourront ensuite accrocher fi\u00e8rement au mur.<\/p>\n<p>Contenu du set<\/p>\n<p>Toile \u00e0 effet m\u00e9tallique<br \/>\n6 feutres<\/p>\n<p>Pourquoi choisir SES Creative ?<\/p>\n<p>Chez SES Creative, nous accordons une grande importance \u00e0 la s\u00e9curit\u00e9. C&rsquo;est pourquoi nos produits sont fabriqu\u00e9s et test\u00e9s dans notre usine aux Pays-Bas, conform\u00e9ment aux normes de s\u00e9curit\u00e9 europ\u00e9ennes les plus strictes. Les jouets SES Creative sont source de plaisir et permettent aux enfants d&rsquo;\u00eatre fiers de leur travail, ce qui stimule leur cr\u00e9ativit\u00e9 et leur d\u00e9veloppement.<\/p>\n<p>Faites briller votre cr\u00e9ation<\/p>\n<p>D\u00e9couvrez \u00e0 quel point colorier peut \u00eatre amusant avec le kit Hobby Pink \u2013 Metallic. Parfait pour les filles qui aiment les loisirs cr\u00e9atifs, l&rsquo;art scintillant et laisser libre cours \u00e0 leur imagination. Prenez vos feutres et donnez \u00e0 la toile votre touche magique !<\/p>\n","protected":false},"excerpt":{"rendered":"<p>Hobby Pink \u2013 Metallic : cr\u00e9ez votre propre \u0153uvre d&rsquo;art scintillante ! Laissez libre cours \u00e0 votre cr\u00e9ativit\u00e9 avec le kit Hobby Pink \u2013 Metallic de SES Creative. Ce kit contient une toile solide avec un fond m\u00e9tallique brillant, parfaite pour \u00eatre colori\u00e9e avec les feutres fournis. C&rsquo;est le projet id\u00e9al pour les filles qui [&hellip;]<\/p>\n","protected":false},"featured_media":93612,"comment_status":"closed","ping_status":"closed","template":"","meta":{"_acf_changed":false},"product_brand":[],"product_cat":[122],"product_tag":[],"class_list":{"0":"post-118062","1":"product","2":"type-product","3":"status-publish","4":"has-post-thumbnail","6":"product_cat-loisirs-creatifs","7":"pa_leeftijd-filter-3-4-ans","8":"pa_meest-populair-bij-filles","10":"first","11":"instock","12":"shipping-taxable","13":"product-type-simple"},"acf":[],"yoast_head":"<!-- This site is optimized with the Yoast SEO plugin v27.2 - https:\/\/yoast.com\/product\/yoast-seo-wordpress\/ -->\n<title>Toile \u00e0 colorier - Couleurs m\u00e9tallis\u00e9es - SES Creative<\/title>\n<meta name=\"robots\" content=\"index, follow, max-snippet:-1, max-image-preview:large, max-video-preview:-1\" \/>\n<link rel=\"canonical\" href=\"https:\/\/ses-creative.com\/fr\/produit\/toile-a-colorier-couleurs-metallisees\/\" \/>\n<meta property=\"og:locale\" content=\"fr_FR\" \/>\n<meta property=\"og:type\" content=\"article\" \/>\n<meta property=\"og:title\" content=\"Toile \u00e0 colorier - Couleurs m\u00e9tallis\u00e9es - SES Creative\" \/>\n<meta property=\"og:description\" content=\"Hobby Pink \u2013 Metallic : cr\u00e9ez votre propre \u0153uvre d&rsquo;art scintillante ! Laissez libre cours \u00e0 votre cr\u00e9ativit\u00e9 avec le kit Hobby Pink \u2013 Metallic de SES Creative. Ce kit contient une toile solide avec un fond m\u00e9tallique brillant, parfaite pour \u00eatre colori\u00e9e avec les feutres fournis. C&rsquo;est le projet id\u00e9al pour les filles qui [&hellip;]\" \/>\n<meta property=\"og:url\" content=\"https:\/\/ses-creative.com\/fr\/produit\/toile-a-colorier-couleurs-metallisees\/\" \/>\n<meta property=\"og:site_name\" content=\"SES Creative\" \/>\n<meta property=\"article:modified_time\" content=\"2026-02-12T10:22:24+00:00\" \/>\n<meta name=\"twitter:card\" content=\"summary_large_image\" \/>\n<meta name=\"twitter:label1\" content=\"Dur\u00e9e de lecture estim\u00e9e\" \/>\n\t<meta name=\"twitter:data1\" content=\"2 minutes\" \/>\n<script type=\"application\/ld+json\" class=\"yoast-schema-graph\">{\"@context\":\"https:\/\/schema.org\",\"@graph\":[{\"@type\":\"WebPage\",\"@id\":\"https:\/\/ses-creative.com\/fr\/produit\/toile-a-colorier-couleurs-metallisees\/\",\"url\":\"https:\/\/ses-creative.com\/fr\/produit\/toile-a-colorier-couleurs-metallisees\/\",\"name\":\"Toile \u00e0 colorier - Couleurs m\u00e9tallis\u00e9es - SES Creative\",\"isPartOf\":{\"@id\":\"https:\/\/ses-creative.com\/#website\"},\"primaryImageOfPage\":{\"@id\":\"https:\/\/ses-creative.com\/fr\/produit\/toile-a-colorier-couleurs-metallisees\/#primaryimage\"},\"image\":{\"@id\":\"https:\/\/ses-creative.com\/fr\/produit\/toile-a-colorier-couleurs-metallisees\/#primaryimage\"},\"thumbnailUrl\":\"https:\/\/ses-creative.com\/wp-content\/uploads\/2026\/01\/011501.jpg\",\"datePublished\":\"2026-02-12T10:08:31+00:00\",\"dateModified\":\"2026-02-12T10:22:24+00:00\",\"breadcrumb\":{\"@id\":\"https:\/\/ses-creative.com\/fr\/produit\/toile-a-colorier-couleurs-metallisees\/#breadcrumb\"},\"inLanguage\":\"fr-FR\",\"potentialAction\":[{\"@type\":\"ReadAction\",\"target\":[\"https:\/\/ses-creative.com\/fr\/produit\/toile-a-colorier-couleurs-metallisees\/\"]}]},{\"@type\":\"ImageObject\",\"inLanguage\":\"fr-FR\",\"@id\":\"https:\/\/ses-creative.com\/fr\/produit\/toile-a-colorier-couleurs-metallisees\/#primaryimage\",\"url\":\"https:\/\/ses-creative.com\/wp-content\/uploads\/2026\/01\/011501.jpg\",\"contentUrl\":\"https:\/\/ses-creative.com\/wp-content\/uploads\/2026\/01\/011501.jpg\",\"width\":1000,\"height\":1000},{\"@type\":\"BreadcrumbList\",\"@id\":\"https:\/\/ses-creative.com\/fr\/produit\/toile-a-colorier-couleurs-metallisees\/#breadcrumb\",\"itemListElement\":[{\"@type\":\"ListItem\",\"position\":1,\"name\":\"Boutique\",\"item\":\"https:\/\/ses-creative.com\/fr\/boutique\/\"},{\"@type\":\"ListItem\",\"position\":2,\"name\":\"Loisirs cr\u00e9atifs\",\"item\":\"https:\/\/ses-creative.com\/fr\/product-categorie\/loisirs-creatifs\/\"},{\"@type\":\"ListItem\",\"position\":3,\"name\":\"Toile \u00e0 colorier &#8211; Couleurs m\u00e9tallis\u00e9es\"}]},{\"@type\":\"WebSite\",\"@id\":\"https:\/\/ses-creative.com\/#website\",\"url\":\"https:\/\/ses-creative.com\/\",\"name\":\"SES Creative\",\"description\":\"\",\"publisher\":{\"@id\":\"https:\/\/ses-creative.com\/#organization\"},\"potentialAction\":[{\"@type\":\"SearchAction\",\"target\":{\"@type\":\"EntryPoint\",\"urlTemplate\":\"https:\/\/ses-creative.com\/?s={search_term_string}\"},\"query-input\":{\"@type\":\"PropertyValueSpecification\",\"valueRequired\":true,\"valueName\":\"search_term_string\"}}],\"inLanguage\":\"fr-FR\"},{\"@type\":\"Organization\",\"@id\":\"https:\/\/ses-creative.com\/#organization\",\"name\":\"SES Creative\",\"url\":\"https:\/\/ses-creative.com\/\",\"logo\":{\"@type\":\"ImageObject\",\"inLanguage\":\"fr-FR\",\"@id\":\"https:\/\/ses-creative.com\/#\/schema\/logo\/image\/\",\"url\":\"https:\/\/ses-creative.com\/wp-content\/uploads\/2025\/10\/ses-creative-logo.jpg\",\"contentUrl\":\"https:\/\/ses-creative.com\/wp-content\/uploads\/2025\/10\/ses-creative-logo.jpg\",\"width\":2037,\"height\":2037,\"caption\":\"SES Creative\"},\"image\":{\"@id\":\"https:\/\/ses-creative.com\/#\/schema\/logo\/image\/\"}}]}<\/script>\n<!-- \/ Yoast SEO plugin. -->","yoast_head_json":{"title":"Toile \u00e0 colorier - Couleurs m\u00e9tallis\u00e9es - SES Creative","robots":{"index":"index","follow":"follow","max-snippet":"max-snippet:-1","max-image-preview":"max-image-preview:large","max-video-preview":"max-video-preview:-1"},"canonical":"https:\/\/ses-creative.com\/fr\/produit\/toile-a-colorier-couleurs-metallisees\/","og_locale":"fr_FR","og_type":"article","og_title":"Toile \u00e0 colorier - Couleurs m\u00e9tallis\u00e9es - SES Creative","og_description":"Hobby Pink \u2013 Metallic : cr\u00e9ez votre propre \u0153uvre d&rsquo;art scintillante ! Laissez libre cours \u00e0 votre cr\u00e9ativit\u00e9 avec le kit Hobby Pink \u2013 Metallic de SES Creative. Ce kit contient une toile solide avec un fond m\u00e9tallique brillant, parfaite pour \u00eatre colori\u00e9e avec les feutres fournis. C&rsquo;est le projet id\u00e9al pour les filles qui [&hellip;]","og_url":"https:\/\/ses-creative.com\/fr\/produit\/toile-a-colorier-couleurs-metallisees\/","og_site_name":"SES Creative","article_modified_time":"2026-02-12T10:22:24+00:00","twitter_card":"summary_large_image","twitter_misc":{"Dur\u00e9e de lecture estim\u00e9e":"2 minutes"},"schema":{"@context":"https:\/\/schema.org","@graph":[{"@type":"WebPage","@id":"https:\/\/ses-creative.com\/fr\/produit\/toile-a-colorier-couleurs-metallisees\/","url":"https:\/\/ses-creative.com\/fr\/produit\/toile-a-colorier-couleurs-metallisees\/","name":"Toile \u00e0 colorier - Couleurs m\u00e9tallis\u00e9es - SES Creative","isPartOf":{"@id":"https:\/\/ses-creative.com\/#website"},"primaryImageOfPage":{"@id":"https:\/\/ses-creative.com\/fr\/produit\/toile-a-colorier-couleurs-metallisees\/#primaryimage"},"image":{"@id":"https:\/\/ses-creative.com\/fr\/produit\/toile-a-colorier-couleurs-metallisees\/#primaryimage"},"thumbnailUrl":"https:\/\/ses-creative.com\/wp-content\/uploads\/2026\/01\/011501.jpg","datePublished":"2026-02-12T10:08:31+00:00","dateModified":"2026-02-12T10:22:24+00:00","breadcrumb":{"@id":"https:\/\/ses-creative.com\/fr\/produit\/toile-a-colorier-couleurs-metallisees\/#breadcrumb"},"inLanguage":"fr-FR","potentialAction":[{"@type":"ReadAction","target":["https:\/\/ses-creative.com\/fr\/produit\/toile-a-colorier-couleurs-metallisees\/"]}]},{"@type":"ImageObject","inLanguage":"fr-FR","@id":"https:\/\/ses-creative.com\/fr\/produit\/toile-a-colorier-couleurs-metallisees\/#primaryimage","url":"https:\/\/ses-creative.com\/wp-content\/uploads\/2026\/01\/011501.jpg","contentUrl":"https:\/\/ses-creative.com\/wp-content\/uploads\/2026\/01\/011501.jpg","width":1000,"height":1000},{"@type":"BreadcrumbList","@id":"https:\/\/ses-creative.com\/fr\/produit\/toile-a-colorier-couleurs-metallisees\/#breadcrumb","itemListElement":[{"@type":"ListItem","position":1,"name":"Boutique","item":"https:\/\/ses-creative.com\/fr\/boutique\/"},{"@type":"ListItem","position":2,"name":"Loisirs cr\u00e9atifs","item":"https:\/\/ses-creative.com\/fr\/product-categorie\/loisirs-creatifs\/"},{"@type":"ListItem","position":3,"name":"Toile \u00e0 colorier &#8211; Couleurs m\u00e9tallis\u00e9es"}]},{"@type":"WebSite","@id":"https:\/\/ses-creative.com\/#website","url":"https:\/\/ses-creative.com\/","name":"SES Creative","description":"","publisher":{"@id":"https:\/\/ses-creative.com\/#organization"},"potentialAction":[{"@type":"SearchAction","target":{"@type":"EntryPoint","urlTemplate":"https:\/\/ses-creative.com\/?s={search_term_string}"},"query-input":{"@type":"PropertyValueSpecification","valueRequired":true,"valueName":"search_term_string"}}],"inLanguage":"fr-FR"},{"@type":"Organization","@id":"https:\/\/ses-creative.com\/#organization","name":"SES Creative","url":"https:\/\/ses-creative.com\/","logo":{"@type":"ImageObject","inLanguage":"fr-FR","@id":"https:\/\/ses-creative.com\/#\/schema\/logo\/image\/","url":"https:\/\/ses-creative.com\/wp-content\/uploads\/2025\/10\/ses-creative-logo.jpg","contentUrl":"https:\/\/ses-creative.com\/wp-content\/uploads\/2025\/10\/ses-creative-logo.jpg","width":2037,"height":2037,"caption":"SES Creative"},"image":{"@id":"https:\/\/ses-creative.com\/#\/schema\/logo\/image\/"}}]}},"_links":{"self":[{"href":"https:\/\/ses-creative.com\/fr\/wp-json\/wp\/v2\/product\/118062","targetHints":{"allow":["GET"]}}],"collection":[{"href":"https:\/\/ses-creative.com\/fr\/wp-json\/wp\/v2\/product"}],"about":[{"href":"https:\/\/ses-creative.com\/fr\/wp-json\/wp\/v2\/types\/product"}],"replies":[{"embeddable":true,"href":"https:\/\/ses-creative.com\/fr\/wp-json\/wp\/v2\/comments?post=118062"}],"wp:featuredmedia":[{"embeddable":true,"href":"https:\/\/ses-creative.com\/fr\/wp-json\/wp\/v2\/media\/93612"}],"wp:attachment":[{"href":"https:\/\/ses-creative.com\/fr\/wp-json\/wp\/v2\/media?parent=118062"}],"wp:term":[{"taxonomy":"product_brand","embeddable":true,"href":"https:\/\/ses-creative.com\/fr\/wp-json\/wp\/v2\/product_brand?post=118062"},{"taxonomy":"product_cat","embeddable":true,"href":"https:\/\/ses-creative.com\/fr\/wp-json\/wp\/v2\/product_cat?post=118062"},{"taxonomy":"product_tag","embeddable":true,"href":"https:\/\/ses-creative.com\/fr\/wp-json\/wp\/v2\/product_tag?post=118062"}],"curies":[{"name":"wp","href":"https:\/\/api.w.org\/{rel}","templated":true}]}}