











{"id":118061,"date":"2026-02-12T10:08:31","date_gmt":"2026-02-12T10:08:31","guid":{"rendered":"https:\/\/ses-creative.com\/?post_type=product&#038;p=118061"},"modified":"2026-02-12T10:22:24","modified_gmt":"2026-02-12T10:22:24","slug":"moulage-et-peinture-platre-pour-moulage","status":"publish","type":"product","link":"https:\/\/ses-creative.com\/fr\/produit\/moulage-et-peinture-platre-pour-moulage\/","title":{"rendered":"Moulage et peinture &#8211; Pl\u00e2tre pour moulage"},"content":{"rendered":"<p>Ce sachet de 900 g de pl\u00e2tre blanc SES Creative est id\u00e9al pour recharger vos coffrets de moulage ou pour cr\u00e9er de nouveaux objets en pl\u00e2tre. Compatible avec les moules SES (non inclus), ce pl\u00e2tre est facile \u00e0 utiliser : il suffit de le m\u00e9langer \u00e0 de l\u2019eau, de le verser dans un moule et de laisser s\u00e9cher. Les enfants peuvent ainsi r\u00e9p\u00e9ter leurs cr\u00e9ations pr\u00e9f\u00e9r\u00e9es ou exp\u00e9rimenter de nouvelles formes. Ce produit favorise la motricit\u00e9 fine, la cr\u00e9ativit\u00e9 et la patience. Utilisable d\u00e8s 5 ans sous la surveillance d\u2019un adulte. Le set de peinture montr\u00e9 dans les visuels n\u2019est pas inclus.<\/p>\n","protected":false},"excerpt":{"rendered":"<p>Ce sachet de 900 g de pl\u00e2tre blanc SES Creative est id\u00e9al pour recharger vos coffrets de moulage ou pour cr\u00e9er de nouveaux objets en pl\u00e2tre. Compatible avec les moules SES (non inclus), ce pl\u00e2tre est facile \u00e0 utiliser : il suffit de le m\u00e9langer \u00e0 de l\u2019eau, de le verser dans un moule et [&hellip;]<\/p>\n","protected":false},"featured_media":98388,"comment_status":"closed","ping_status":"closed","template":"","meta":{"_acf_changed":false},"product_brand":[],"product_cat":[122],"product_tag":[],"class_list":{"0":"post-118061","1":"product","2":"type-product","3":"status-publish","4":"has-post-thumbnail","6":"product_cat-loisirs-creatifs","7":"pa_leeftijd-filter-4-6-ans","8":"pa_meest-populair-bij-garcons-filles","10":"first","11":"instock","12":"shipping-taxable","13":"product-type-simple"},"acf":[],"yoast_head":"<!-- This site is optimized with the Yoast SEO plugin v27.2 - https:\/\/yoast.com\/product\/yoast-seo-wordpress\/ -->\n<title>Moulage et peinture - Pl\u00e2tre pour moulage - SES Creative<\/title>\n<meta name=\"robots\" content=\"index, follow, max-snippet:-1, max-image-preview:large, max-video-preview:-1\" \/>\n<link rel=\"canonical\" href=\"https:\/\/ses-creative.com\/fr\/produit\/moulage-et-peinture-platre-pour-moulage\/\" \/>\n<meta property=\"og:locale\" content=\"fr_FR\" \/>\n<meta property=\"og:type\" content=\"article\" \/>\n<meta property=\"og:title\" content=\"Moulage et peinture - Pl\u00e2tre pour moulage - SES Creative\" \/>\n<meta property=\"og:description\" content=\"Ce sachet de 900 g de pl\u00e2tre blanc SES Creative est id\u00e9al pour recharger vos coffrets de moulage ou pour cr\u00e9er de nouveaux objets en pl\u00e2tre. Compatible avec les moules SES (non inclus), ce pl\u00e2tre est facile \u00e0 utiliser : il suffit de le m\u00e9langer \u00e0 de l\u2019eau, de le verser dans un moule et [&hellip;]\" \/>\n<meta property=\"og:url\" content=\"https:\/\/ses-creative.com\/fr\/produit\/moulage-et-peinture-platre-pour-moulage\/\" \/>\n<meta property=\"og:site_name\" content=\"SES Creative\" \/>\n<meta property=\"article:modified_time\" content=\"2026-02-12T10:22:24+00:00\" \/>\n<meta name=\"twitter:card\" content=\"summary_large_image\" \/>\n<meta name=\"twitter:label1\" content=\"Dur\u00e9e de lecture estim\u00e9e\" \/>\n\t<meta name=\"twitter:data1\" content=\"1 minute\" \/>\n<script type=\"application\/ld+json\" class=\"yoast-schema-graph\">{\"@context\":\"https:\/\/schema.org\",\"@graph\":[{\"@type\":\"WebPage\",\"@id\":\"https:\/\/ses-creative.com\/fr\/produit\/moulage-et-peinture-platre-pour-moulage\/\",\"url\":\"https:\/\/ses-creative.com\/fr\/produit\/moulage-et-peinture-platre-pour-moulage\/\",\"name\":\"Moulage et peinture - Pl\u00e2tre pour moulage - SES Creative\",\"isPartOf\":{\"@id\":\"https:\/\/ses-creative.com\/#website\"},\"primaryImageOfPage\":{\"@id\":\"https:\/\/ses-creative.com\/fr\/produit\/moulage-et-peinture-platre-pour-moulage\/#primaryimage\"},\"image\":{\"@id\":\"https:\/\/ses-creative.com\/fr\/produit\/moulage-et-peinture-platre-pour-moulage\/#primaryimage\"},\"thumbnailUrl\":\"https:\/\/ses-creative.com\/wp-content\/uploads\/2026\/01\/011351.jpg\",\"datePublished\":\"2026-02-12T10:08:31+00:00\",\"dateModified\":\"2026-02-12T10:22:24+00:00\",\"breadcrumb\":{\"@id\":\"https:\/\/ses-creative.com\/fr\/produit\/moulage-et-peinture-platre-pour-moulage\/#breadcrumb\"},\"inLanguage\":\"fr-FR\",\"potentialAction\":[{\"@type\":\"ReadAction\",\"target\":[\"https:\/\/ses-creative.com\/fr\/produit\/moulage-et-peinture-platre-pour-moulage\/\"]}]},{\"@type\":\"ImageObject\",\"inLanguage\":\"fr-FR\",\"@id\":\"https:\/\/ses-creative.com\/fr\/produit\/moulage-et-peinture-platre-pour-moulage\/#primaryimage\",\"url\":\"https:\/\/ses-creative.com\/wp-content\/uploads\/2026\/01\/011351.jpg\",\"contentUrl\":\"https:\/\/ses-creative.com\/wp-content\/uploads\/2026\/01\/011351.jpg\",\"width\":1000,\"height\":1000},{\"@type\":\"BreadcrumbList\",\"@id\":\"https:\/\/ses-creative.com\/fr\/produit\/moulage-et-peinture-platre-pour-moulage\/#breadcrumb\",\"itemListElement\":[{\"@type\":\"ListItem\",\"position\":1,\"name\":\"Boutique\",\"item\":\"https:\/\/ses-creative.com\/fr\/boutique\/\"},{\"@type\":\"ListItem\",\"position\":2,\"name\":\"Loisirs cr\u00e9atifs\",\"item\":\"https:\/\/ses-creative.com\/fr\/product-categorie\/loisirs-creatifs\/\"},{\"@type\":\"ListItem\",\"position\":3,\"name\":\"Moulage et peinture &#8211; Pl\u00e2tre pour moulage\"}]},{\"@type\":\"WebSite\",\"@id\":\"https:\/\/ses-creative.com\/#website\",\"url\":\"https:\/\/ses-creative.com\/\",\"name\":\"SES Creative\",\"description\":\"\",\"publisher\":{\"@id\":\"https:\/\/ses-creative.com\/#organization\"},\"potentialAction\":[{\"@type\":\"SearchAction\",\"target\":{\"@type\":\"EntryPoint\",\"urlTemplate\":\"https:\/\/ses-creative.com\/?s={search_term_string}\"},\"query-input\":{\"@type\":\"PropertyValueSpecification\",\"valueRequired\":true,\"valueName\":\"search_term_string\"}}],\"inLanguage\":\"fr-FR\"},{\"@type\":\"Organization\",\"@id\":\"https:\/\/ses-creative.com\/#organization\",\"name\":\"SES Creative\",\"url\":\"https:\/\/ses-creative.com\/\",\"logo\":{\"@type\":\"ImageObject\",\"inLanguage\":\"fr-FR\",\"@id\":\"https:\/\/ses-creative.com\/#\/schema\/logo\/image\/\",\"url\":\"https:\/\/ses-creative.com\/wp-content\/uploads\/2025\/10\/ses-creative-logo.jpg\",\"contentUrl\":\"https:\/\/ses-creative.com\/wp-content\/uploads\/2025\/10\/ses-creative-logo.jpg\",\"width\":2037,\"height\":2037,\"caption\":\"SES Creative\"},\"image\":{\"@id\":\"https:\/\/ses-creative.com\/#\/schema\/logo\/image\/\"}}]}<\/script>\n<!-- \/ Yoast SEO plugin. -->","yoast_head_json":{"title":"Moulage et peinture - Pl\u00e2tre pour moulage - SES Creative","robots":{"index":"index","follow":"follow","max-snippet":"max-snippet:-1","max-image-preview":"max-image-preview:large","max-video-preview":"max-video-preview:-1"},"canonical":"https:\/\/ses-creative.com\/fr\/produit\/moulage-et-peinture-platre-pour-moulage\/","og_locale":"fr_FR","og_type":"article","og_title":"Moulage et peinture - Pl\u00e2tre pour moulage - SES Creative","og_description":"Ce sachet de 900 g de pl\u00e2tre blanc SES Creative est id\u00e9al pour recharger vos coffrets de moulage ou pour cr\u00e9er de nouveaux objets en pl\u00e2tre. Compatible avec les moules SES (non inclus), ce pl\u00e2tre est facile \u00e0 utiliser : il suffit de le m\u00e9langer \u00e0 de l\u2019eau, de le verser dans un moule et [&hellip;]","og_url":"https:\/\/ses-creative.com\/fr\/produit\/moulage-et-peinture-platre-pour-moulage\/","og_site_name":"SES Creative","article_modified_time":"2026-02-12T10:22:24+00:00","twitter_card":"summary_large_image","twitter_misc":{"Dur\u00e9e de lecture estim\u00e9e":"1 minute"},"schema":{"@context":"https:\/\/schema.org","@graph":[{"@type":"WebPage","@id":"https:\/\/ses-creative.com\/fr\/produit\/moulage-et-peinture-platre-pour-moulage\/","url":"https:\/\/ses-creative.com\/fr\/produit\/moulage-et-peinture-platre-pour-moulage\/","name":"Moulage et peinture - Pl\u00e2tre pour moulage - SES Creative","isPartOf":{"@id":"https:\/\/ses-creative.com\/#website"},"primaryImageOfPage":{"@id":"https:\/\/ses-creative.com\/fr\/produit\/moulage-et-peinture-platre-pour-moulage\/#primaryimage"},"image":{"@id":"https:\/\/ses-creative.com\/fr\/produit\/moulage-et-peinture-platre-pour-moulage\/#primaryimage"},"thumbnailUrl":"https:\/\/ses-creative.com\/wp-content\/uploads\/2026\/01\/011351.jpg","datePublished":"2026-02-12T10:08:31+00:00","dateModified":"2026-02-12T10:22:24+00:00","breadcrumb":{"@id":"https:\/\/ses-creative.com\/fr\/produit\/moulage-et-peinture-platre-pour-moulage\/#breadcrumb"},"inLanguage":"fr-FR","potentialAction":[{"@type":"ReadAction","target":["https:\/\/ses-creative.com\/fr\/produit\/moulage-et-peinture-platre-pour-moulage\/"]}]},{"@type":"ImageObject","inLanguage":"fr-FR","@id":"https:\/\/ses-creative.com\/fr\/produit\/moulage-et-peinture-platre-pour-moulage\/#primaryimage","url":"https:\/\/ses-creative.com\/wp-content\/uploads\/2026\/01\/011351.jpg","contentUrl":"https:\/\/ses-creative.com\/wp-content\/uploads\/2026\/01\/011351.jpg","width":1000,"height":1000},{"@type":"BreadcrumbList","@id":"https:\/\/ses-creative.com\/fr\/produit\/moulage-et-peinture-platre-pour-moulage\/#breadcrumb","itemListElement":[{"@type":"ListItem","position":1,"name":"Boutique","item":"https:\/\/ses-creative.com\/fr\/boutique\/"},{"@type":"ListItem","position":2,"name":"Loisirs cr\u00e9atifs","item":"https:\/\/ses-creative.com\/fr\/product-categorie\/loisirs-creatifs\/"},{"@type":"ListItem","position":3,"name":"Moulage et peinture &#8211; Pl\u00e2tre pour moulage"}]},{"@type":"WebSite","@id":"https:\/\/ses-creative.com\/#website","url":"https:\/\/ses-creative.com\/","name":"SES Creative","description":"","publisher":{"@id":"https:\/\/ses-creative.com\/#organization"},"potentialAction":[{"@type":"SearchAction","target":{"@type":"EntryPoint","urlTemplate":"https:\/\/ses-creative.com\/?s={search_term_string}"},"query-input":{"@type":"PropertyValueSpecification","valueRequired":true,"valueName":"search_term_string"}}],"inLanguage":"fr-FR"},{"@type":"Organization","@id":"https:\/\/ses-creative.com\/#organization","name":"SES Creative","url":"https:\/\/ses-creative.com\/","logo":{"@type":"ImageObject","inLanguage":"fr-FR","@id":"https:\/\/ses-creative.com\/#\/schema\/logo\/image\/","url":"https:\/\/ses-creative.com\/wp-content\/uploads\/2025\/10\/ses-creative-logo.jpg","contentUrl":"https:\/\/ses-creative.com\/wp-content\/uploads\/2025\/10\/ses-creative-logo.jpg","width":2037,"height":2037,"caption":"SES Creative"},"image":{"@id":"https:\/\/ses-creative.com\/#\/schema\/logo\/image\/"}}]}},"_links":{"self":[{"href":"https:\/\/ses-creative.com\/fr\/wp-json\/wp\/v2\/product\/118061","targetHints":{"allow":["GET"]}}],"collection":[{"href":"https:\/\/ses-creative.com\/fr\/wp-json\/wp\/v2\/product"}],"about":[{"href":"https:\/\/ses-creative.com\/fr\/wp-json\/wp\/v2\/types\/product"}],"replies":[{"embeddable":true,"href":"https:\/\/ses-creative.com\/fr\/wp-json\/wp\/v2\/comments?post=118061"}],"wp:featuredmedia":[{"embeddable":true,"href":"https:\/\/ses-creative.com\/fr\/wp-json\/wp\/v2\/media\/98388"}],"wp:attachment":[{"href":"https:\/\/ses-creative.com\/fr\/wp-json\/wp\/v2\/media?parent=118061"}],"wp:term":[{"taxonomy":"product_brand","embeddable":true,"href":"https:\/\/ses-creative.com\/fr\/wp-json\/wp\/v2\/product_brand?post=118061"},{"taxonomy":"product_cat","embeddable":true,"href":"https:\/\/ses-creative.com\/fr\/wp-json\/wp\/v2\/product_cat?post=118061"},{"taxonomy":"product_tag","embeddable":true,"href":"https:\/\/ses-creative.com\/fr\/wp-json\/wp\/v2\/product_tag?post=118061"}],"curies":[{"name":"wp","href":"https:\/\/api.w.org\/{rel}","templated":true}]}}