











{"id":118058,"date":"2026-02-12T10:08:31","date_gmt":"2026-02-12T10:08:31","guid":{"rendered":"https:\/\/ses-creative.com\/?post_type=product&#038;p=118058"},"modified":"2026-02-12T10:22:24","modified_gmt":"2026-02-12T10:22:24","slug":"moulage-et-peinture-danimaux","status":"publish","type":"product","link":"https:\/\/ses-creative.com\/fr\/produit\/moulage-et-peinture-danimaux\/","title":{"rendered":"Moulage et peinture &#8211; d&rsquo;animaux"},"content":{"rendered":"<p>Le kit SES Creative Moulage et Peinture Animaux permet aux enfants d\u00e8s 5 ans de cr\u00e9er et d\u00e9corer 11 figurines d&rsquo;animaux en pl\u00e2tre. Le coffret comprend un moule d\u00e9taill\u00e9, du pl\u00e2tre, 6 pots de peinture et un pinceau. Les mat\u00e9riaux sont s\u00fbrs, non toxiques et faciles \u00e0 nettoyer. Cette activit\u00e9 d\u00e9veloppe la motricit\u00e9 fine, la cr\u00e9ativit\u00e9 et la connaissance des animaux. Fabriqu\u00e9 aux Pays-Bas, ce jouet est 100 % neutre en CO\u2082, refl\u00e9tant l&rsquo;engagement de SES Creative pour l&rsquo;environnement.<\/p>\n","protected":false},"excerpt":{"rendered":"<p>Le kit SES Creative Moulage et Peinture Animaux permet aux enfants d\u00e8s 5 ans de cr\u00e9er et d\u00e9corer 11 figurines d&rsquo;animaux en pl\u00e2tre. Le coffret comprend un moule d\u00e9taill\u00e9, du pl\u00e2tre, 6 pots de peinture et un pinceau. Les mat\u00e9riaux sont s\u00fbrs, non toxiques et faciles \u00e0 nettoyer. Cette activit\u00e9 d\u00e9veloppe la motricit\u00e9 fine, la [&hellip;]<\/p>\n","protected":false},"featured_media":98328,"comment_status":"closed","ping_status":"closed","template":"","meta":{"_acf_changed":false},"product_brand":[],"product_cat":[122],"product_tag":[],"class_list":{"0":"post-118058","1":"product","2":"type-product","3":"status-publish","4":"has-post-thumbnail","6":"product_cat-loisirs-creatifs","7":"pa_leeftijd-filter-4-6-ans","8":"pa_meest-populair-bij-garcons-filles","10":"first","11":"instock","12":"shipping-taxable","13":"product-type-simple"},"acf":[],"yoast_head":"<!-- This site is optimized with the Yoast SEO plugin v27.2 - https:\/\/yoast.com\/product\/yoast-seo-wordpress\/ -->\n<title>Moulage et peinture - d&#039;animaux - SES Creative<\/title>\n<meta name=\"robots\" content=\"index, follow, max-snippet:-1, max-image-preview:large, max-video-preview:-1\" \/>\n<link rel=\"canonical\" href=\"https:\/\/ses-creative.com\/fr\/produit\/moulage-et-peinture-danimaux\/\" \/>\n<meta property=\"og:locale\" content=\"fr_FR\" \/>\n<meta property=\"og:type\" content=\"article\" \/>\n<meta property=\"og:title\" content=\"Moulage et peinture - d&#039;animaux - SES Creative\" \/>\n<meta property=\"og:description\" content=\"Le kit SES Creative Moulage et Peinture Animaux permet aux enfants d\u00e8s 5 ans de cr\u00e9er et d\u00e9corer 11 figurines d&rsquo;animaux en pl\u00e2tre. Le coffret comprend un moule d\u00e9taill\u00e9, du pl\u00e2tre, 6 pots de peinture et un pinceau. Les mat\u00e9riaux sont s\u00fbrs, non toxiques et faciles \u00e0 nettoyer. Cette activit\u00e9 d\u00e9veloppe la motricit\u00e9 fine, la [&hellip;]\" \/>\n<meta property=\"og:url\" content=\"https:\/\/ses-creative.com\/fr\/produit\/moulage-et-peinture-danimaux\/\" \/>\n<meta property=\"og:site_name\" content=\"SES Creative\" \/>\n<meta property=\"article:modified_time\" content=\"2026-02-12T10:22:24+00:00\" \/>\n<meta name=\"twitter:card\" content=\"summary_large_image\" \/>\n<script type=\"application\/ld+json\" class=\"yoast-schema-graph\">{\"@context\":\"https:\/\/schema.org\",\"@graph\":[{\"@type\":\"WebPage\",\"@id\":\"https:\/\/ses-creative.com\/fr\/produit\/moulage-et-peinture-danimaux\/\",\"url\":\"https:\/\/ses-creative.com\/fr\/produit\/moulage-et-peinture-danimaux\/\",\"name\":\"Moulage et peinture - d'animaux - SES Creative\",\"isPartOf\":{\"@id\":\"https:\/\/ses-creative.com\/#website\"},\"primaryImageOfPage\":{\"@id\":\"https:\/\/ses-creative.com\/fr\/produit\/moulage-et-peinture-danimaux\/#primaryimage\"},\"image\":{\"@id\":\"https:\/\/ses-creative.com\/fr\/produit\/moulage-et-peinture-danimaux\/#primaryimage\"},\"thumbnailUrl\":\"https:\/\/ses-creative.com\/wp-content\/uploads\/2026\/01\/011321.jpg\",\"datePublished\":\"2026-02-12T10:08:31+00:00\",\"dateModified\":\"2026-02-12T10:22:24+00:00\",\"breadcrumb\":{\"@id\":\"https:\/\/ses-creative.com\/fr\/produit\/moulage-et-peinture-danimaux\/#breadcrumb\"},\"inLanguage\":\"fr-FR\",\"potentialAction\":[{\"@type\":\"ReadAction\",\"target\":[\"https:\/\/ses-creative.com\/fr\/produit\/moulage-et-peinture-danimaux\/\"]}]},{\"@type\":\"ImageObject\",\"inLanguage\":\"fr-FR\",\"@id\":\"https:\/\/ses-creative.com\/fr\/produit\/moulage-et-peinture-danimaux\/#primaryimage\",\"url\":\"https:\/\/ses-creative.com\/wp-content\/uploads\/2026\/01\/011321.jpg\",\"contentUrl\":\"https:\/\/ses-creative.com\/wp-content\/uploads\/2026\/01\/011321.jpg\",\"width\":1000,\"height\":1000},{\"@type\":\"BreadcrumbList\",\"@id\":\"https:\/\/ses-creative.com\/fr\/produit\/moulage-et-peinture-danimaux\/#breadcrumb\",\"itemListElement\":[{\"@type\":\"ListItem\",\"position\":1,\"name\":\"Boutique\",\"item\":\"https:\/\/ses-creative.com\/fr\/boutique\/\"},{\"@type\":\"ListItem\",\"position\":2,\"name\":\"Loisirs cr\u00e9atifs\",\"item\":\"https:\/\/ses-creative.com\/fr\/product-categorie\/loisirs-creatifs\/\"},{\"@type\":\"ListItem\",\"position\":3,\"name\":\"Moulage et peinture &#8211; d&#8217;animaux\"}]},{\"@type\":\"WebSite\",\"@id\":\"https:\/\/ses-creative.com\/#website\",\"url\":\"https:\/\/ses-creative.com\/\",\"name\":\"SES Creative\",\"description\":\"\",\"publisher\":{\"@id\":\"https:\/\/ses-creative.com\/#organization\"},\"potentialAction\":[{\"@type\":\"SearchAction\",\"target\":{\"@type\":\"EntryPoint\",\"urlTemplate\":\"https:\/\/ses-creative.com\/?s={search_term_string}\"},\"query-input\":{\"@type\":\"PropertyValueSpecification\",\"valueRequired\":true,\"valueName\":\"search_term_string\"}}],\"inLanguage\":\"fr-FR\"},{\"@type\":\"Organization\",\"@id\":\"https:\/\/ses-creative.com\/#organization\",\"name\":\"SES Creative\",\"url\":\"https:\/\/ses-creative.com\/\",\"logo\":{\"@type\":\"ImageObject\",\"inLanguage\":\"fr-FR\",\"@id\":\"https:\/\/ses-creative.com\/#\/schema\/logo\/image\/\",\"url\":\"https:\/\/ses-creative.com\/wp-content\/uploads\/2025\/10\/ses-creative-logo.jpg\",\"contentUrl\":\"https:\/\/ses-creative.com\/wp-content\/uploads\/2025\/10\/ses-creative-logo.jpg\",\"width\":2037,\"height\":2037,\"caption\":\"SES Creative\"},\"image\":{\"@id\":\"https:\/\/ses-creative.com\/#\/schema\/logo\/image\/\"}}]}<\/script>\n<!-- \/ Yoast SEO plugin. -->","yoast_head_json":{"title":"Moulage et peinture - d'animaux - SES Creative","robots":{"index":"index","follow":"follow","max-snippet":"max-snippet:-1","max-image-preview":"max-image-preview:large","max-video-preview":"max-video-preview:-1"},"canonical":"https:\/\/ses-creative.com\/fr\/produit\/moulage-et-peinture-danimaux\/","og_locale":"fr_FR","og_type":"article","og_title":"Moulage et peinture - d'animaux - SES Creative","og_description":"Le kit SES Creative Moulage et Peinture Animaux permet aux enfants d\u00e8s 5 ans de cr\u00e9er et d\u00e9corer 11 figurines d&rsquo;animaux en pl\u00e2tre. Le coffret comprend un moule d\u00e9taill\u00e9, du pl\u00e2tre, 6 pots de peinture et un pinceau. Les mat\u00e9riaux sont s\u00fbrs, non toxiques et faciles \u00e0 nettoyer. Cette activit\u00e9 d\u00e9veloppe la motricit\u00e9 fine, la [&hellip;]","og_url":"https:\/\/ses-creative.com\/fr\/produit\/moulage-et-peinture-danimaux\/","og_site_name":"SES Creative","article_modified_time":"2026-02-12T10:22:24+00:00","twitter_card":"summary_large_image","schema":{"@context":"https:\/\/schema.org","@graph":[{"@type":"WebPage","@id":"https:\/\/ses-creative.com\/fr\/produit\/moulage-et-peinture-danimaux\/","url":"https:\/\/ses-creative.com\/fr\/produit\/moulage-et-peinture-danimaux\/","name":"Moulage et peinture - d'animaux - SES Creative","isPartOf":{"@id":"https:\/\/ses-creative.com\/#website"},"primaryImageOfPage":{"@id":"https:\/\/ses-creative.com\/fr\/produit\/moulage-et-peinture-danimaux\/#primaryimage"},"image":{"@id":"https:\/\/ses-creative.com\/fr\/produit\/moulage-et-peinture-danimaux\/#primaryimage"},"thumbnailUrl":"https:\/\/ses-creative.com\/wp-content\/uploads\/2026\/01\/011321.jpg","datePublished":"2026-02-12T10:08:31+00:00","dateModified":"2026-02-12T10:22:24+00:00","breadcrumb":{"@id":"https:\/\/ses-creative.com\/fr\/produit\/moulage-et-peinture-danimaux\/#breadcrumb"},"inLanguage":"fr-FR","potentialAction":[{"@type":"ReadAction","target":["https:\/\/ses-creative.com\/fr\/produit\/moulage-et-peinture-danimaux\/"]}]},{"@type":"ImageObject","inLanguage":"fr-FR","@id":"https:\/\/ses-creative.com\/fr\/produit\/moulage-et-peinture-danimaux\/#primaryimage","url":"https:\/\/ses-creative.com\/wp-content\/uploads\/2026\/01\/011321.jpg","contentUrl":"https:\/\/ses-creative.com\/wp-content\/uploads\/2026\/01\/011321.jpg","width":1000,"height":1000},{"@type":"BreadcrumbList","@id":"https:\/\/ses-creative.com\/fr\/produit\/moulage-et-peinture-danimaux\/#breadcrumb","itemListElement":[{"@type":"ListItem","position":1,"name":"Boutique","item":"https:\/\/ses-creative.com\/fr\/boutique\/"},{"@type":"ListItem","position":2,"name":"Loisirs cr\u00e9atifs","item":"https:\/\/ses-creative.com\/fr\/product-categorie\/loisirs-creatifs\/"},{"@type":"ListItem","position":3,"name":"Moulage et peinture &#8211; d&#8217;animaux"}]},{"@type":"WebSite","@id":"https:\/\/ses-creative.com\/#website","url":"https:\/\/ses-creative.com\/","name":"SES Creative","description":"","publisher":{"@id":"https:\/\/ses-creative.com\/#organization"},"potentialAction":[{"@type":"SearchAction","target":{"@type":"EntryPoint","urlTemplate":"https:\/\/ses-creative.com\/?s={search_term_string}"},"query-input":{"@type":"PropertyValueSpecification","valueRequired":true,"valueName":"search_term_string"}}],"inLanguage":"fr-FR"},{"@type":"Organization","@id":"https:\/\/ses-creative.com\/#organization","name":"SES Creative","url":"https:\/\/ses-creative.com\/","logo":{"@type":"ImageObject","inLanguage":"fr-FR","@id":"https:\/\/ses-creative.com\/#\/schema\/logo\/image\/","url":"https:\/\/ses-creative.com\/wp-content\/uploads\/2025\/10\/ses-creative-logo.jpg","contentUrl":"https:\/\/ses-creative.com\/wp-content\/uploads\/2025\/10\/ses-creative-logo.jpg","width":2037,"height":2037,"caption":"SES Creative"},"image":{"@id":"https:\/\/ses-creative.com\/#\/schema\/logo\/image\/"}}]}},"_links":{"self":[{"href":"https:\/\/ses-creative.com\/fr\/wp-json\/wp\/v2\/product\/118058","targetHints":{"allow":["GET"]}}],"collection":[{"href":"https:\/\/ses-creative.com\/fr\/wp-json\/wp\/v2\/product"}],"about":[{"href":"https:\/\/ses-creative.com\/fr\/wp-json\/wp\/v2\/types\/product"}],"replies":[{"embeddable":true,"href":"https:\/\/ses-creative.com\/fr\/wp-json\/wp\/v2\/comments?post=118058"}],"wp:featuredmedia":[{"embeddable":true,"href":"https:\/\/ses-creative.com\/fr\/wp-json\/wp\/v2\/media\/98328"}],"wp:attachment":[{"href":"https:\/\/ses-creative.com\/fr\/wp-json\/wp\/v2\/media?parent=118058"}],"wp:term":[{"taxonomy":"product_brand","embeddable":true,"href":"https:\/\/ses-creative.com\/fr\/wp-json\/wp\/v2\/product_brand?post=118058"},{"taxonomy":"product_cat","embeddable":true,"href":"https:\/\/ses-creative.com\/fr\/wp-json\/wp\/v2\/product_cat?post=118058"},{"taxonomy":"product_tag","embeddable":true,"href":"https:\/\/ses-creative.com\/fr\/wp-json\/wp\/v2\/product_tag?post=118058"}],"curies":[{"name":"wp","href":"https:\/\/api.w.org\/{rel}","templated":true}]}}