











{"id":118056,"date":"2026-02-12T10:08:30","date_gmt":"2026-02-12T10:08:30","guid":{"rendered":"https:\/\/ses-creative.com\/?post_type=product&#038;p=118056"},"modified":"2026-02-12T10:22:23","modified_gmt":"2026-02-12T10:22:23","slug":"kit-pour-le-jeune-ebeniste","status":"publish","type":"product","link":"https:\/\/ses-creative.com\/fr\/produit\/kit-pour-le-jeune-ebeniste\/","title":{"rendered":"Kit pour le jeune \u00e9b\u00e9niste"},"content":{"rendered":"<p>R\u00e9alisez les plus belles cr\u00e9ations avec le kit de bricolage en bois !<\/p>\n<p>Avec le kit de bricolage en bois de SES Creative, les jeunes constructeurs ont toute libert\u00e9 pour cr\u00e9er leurs propres \u0153uvres d&rsquo;art en bois. Les diff\u00e9rentes formes et tailles de morceaux de bois peuvent \u00eatre solidement assembl\u00e9es \u00e0 l&rsquo;aide de chevilles.<\/p>\n<p>Contenu de l&#8217;emballage<\/p>\n<p>Diff\u00e9rentes pi\u00e8ces en bois de formes et de tailles vari\u00e9es<\/p>\n<p>Goupilles de connexion<\/p>\n<p>Colle<\/p>\n<p>Caract\u00e9ristiques uniques<\/p>\n<p>Pi\u00e8ces en bois v\u00e9ritable<\/p>\n<p>Possibilit\u00e9s de construction infinies avec des assemblages solides<\/p>\n<p>Stimule la cr\u00e9ativit\u00e9 et les comp\u00e9tences techniques<\/p>\n<p>Convient aux enfants \u00e0 partir de 3 ans<\/p>\n<p>Cr\u00e9ez vos propres \u0153uvres d&rsquo;art en bois<br \/>\nAvec ce set polyvalent, les enfants apprennent \u00e0 construire et \u00e0 exp\u00e9rimenter de mani\u00e8re ludique. Les pi\u00e8ces solides et les broches de connexion permettent de cr\u00e9er facilement de nouvelles constructions \u00e0 l&rsquo;infini.<\/p>\n","protected":false},"excerpt":{"rendered":"<p>R\u00e9alisez les plus belles cr\u00e9ations avec le kit de bricolage en bois ! Avec le kit de bricolage en bois de SES Creative, les jeunes constructeurs ont toute libert\u00e9 pour cr\u00e9er leurs propres \u0153uvres d&rsquo;art en bois. Les diff\u00e9rentes formes et tailles de morceaux de bois peuvent \u00eatre solidement assembl\u00e9es \u00e0 l&rsquo;aide de chevilles. Contenu [&hellip;]<\/p>\n","protected":false},"featured_media":94408,"comment_status":"closed","ping_status":"closed","template":"","meta":{"_acf_changed":false},"product_brand":[],"product_cat":[122],"product_tag":[],"class_list":{"0":"post-118056","1":"product","2":"type-product","3":"status-publish","4":"has-post-thumbnail","6":"product_cat-loisirs-creatifs","7":"pa_leeftijd-filter-3-4-ans","8":"pa_meest-populair-bij-garcons","10":"first","11":"instock","12":"shipping-taxable","13":"product-type-simple"},"acf":[],"yoast_head":"<!-- This site is optimized with the Yoast SEO plugin v27.2 - https:\/\/yoast.com\/product\/yoast-seo-wordpress\/ -->\n<title>Kit pour le jeune \u00e9b\u00e9niste - SES Creative<\/title>\n<meta name=\"robots\" content=\"index, follow, max-snippet:-1, max-image-preview:large, max-video-preview:-1\" \/>\n<link rel=\"canonical\" href=\"https:\/\/ses-creative.com\/fr\/produit\/kit-pour-le-jeune-ebeniste\/\" \/>\n<meta property=\"og:locale\" content=\"fr_FR\" \/>\n<meta property=\"og:type\" content=\"article\" \/>\n<meta property=\"og:title\" content=\"Kit pour le jeune \u00e9b\u00e9niste - SES Creative\" \/>\n<meta property=\"og:description\" content=\"R\u00e9alisez les plus belles cr\u00e9ations avec le kit de bricolage en bois ! Avec le kit de bricolage en bois de SES Creative, les jeunes constructeurs ont toute libert\u00e9 pour cr\u00e9er leurs propres \u0153uvres d&rsquo;art en bois. Les diff\u00e9rentes formes et tailles de morceaux de bois peuvent \u00eatre solidement assembl\u00e9es \u00e0 l&rsquo;aide de chevilles. Contenu [&hellip;]\" \/>\n<meta property=\"og:url\" content=\"https:\/\/ses-creative.com\/fr\/produit\/kit-pour-le-jeune-ebeniste\/\" \/>\n<meta property=\"og:site_name\" content=\"SES Creative\" \/>\n<meta property=\"article:modified_time\" content=\"2026-02-12T10:22:23+00:00\" \/>\n<meta name=\"twitter:card\" content=\"summary_large_image\" \/>\n<meta name=\"twitter:label1\" content=\"Dur\u00e9e de lecture estim\u00e9e\" \/>\n\t<meta name=\"twitter:data1\" content=\"1 minute\" \/>\n<script type=\"application\/ld+json\" class=\"yoast-schema-graph\">{\"@context\":\"https:\/\/schema.org\",\"@graph\":[{\"@type\":\"WebPage\",\"@id\":\"https:\/\/ses-creative.com\/fr\/produit\/kit-pour-le-jeune-ebeniste\/\",\"url\":\"https:\/\/ses-creative.com\/fr\/produit\/kit-pour-le-jeune-ebeniste\/\",\"name\":\"Kit pour le jeune \u00e9b\u00e9niste - SES Creative\",\"isPartOf\":{\"@id\":\"https:\/\/ses-creative.com\/#website\"},\"primaryImageOfPage\":{\"@id\":\"https:\/\/ses-creative.com\/fr\/produit\/kit-pour-le-jeune-ebeniste\/#primaryimage\"},\"image\":{\"@id\":\"https:\/\/ses-creative.com\/fr\/produit\/kit-pour-le-jeune-ebeniste\/#primaryimage\"},\"thumbnailUrl\":\"https:\/\/ses-creative.com\/wp-content\/uploads\/2026\/01\/009451.jpg\",\"datePublished\":\"2026-02-12T10:08:30+00:00\",\"dateModified\":\"2026-02-12T10:22:23+00:00\",\"breadcrumb\":{\"@id\":\"https:\/\/ses-creative.com\/fr\/produit\/kit-pour-le-jeune-ebeniste\/#breadcrumb\"},\"inLanguage\":\"fr-FR\",\"potentialAction\":[{\"@type\":\"ReadAction\",\"target\":[\"https:\/\/ses-creative.com\/fr\/produit\/kit-pour-le-jeune-ebeniste\/\"]}]},{\"@type\":\"ImageObject\",\"inLanguage\":\"fr-FR\",\"@id\":\"https:\/\/ses-creative.com\/fr\/produit\/kit-pour-le-jeune-ebeniste\/#primaryimage\",\"url\":\"https:\/\/ses-creative.com\/wp-content\/uploads\/2026\/01\/009451.jpg\",\"contentUrl\":\"https:\/\/ses-creative.com\/wp-content\/uploads\/2026\/01\/009451.jpg\",\"width\":1000,\"height\":1000},{\"@type\":\"BreadcrumbList\",\"@id\":\"https:\/\/ses-creative.com\/fr\/produit\/kit-pour-le-jeune-ebeniste\/#breadcrumb\",\"itemListElement\":[{\"@type\":\"ListItem\",\"position\":1,\"name\":\"Boutique\",\"item\":\"https:\/\/ses-creative.com\/fr\/boutique\/\"},{\"@type\":\"ListItem\",\"position\":2,\"name\":\"Loisirs cr\u00e9atifs\",\"item\":\"https:\/\/ses-creative.com\/fr\/product-categorie\/loisirs-creatifs\/\"},{\"@type\":\"ListItem\",\"position\":3,\"name\":\"Kit pour le jeune \u00e9b\u00e9niste\"}]},{\"@type\":\"WebSite\",\"@id\":\"https:\/\/ses-creative.com\/#website\",\"url\":\"https:\/\/ses-creative.com\/\",\"name\":\"SES Creative\",\"description\":\"\",\"publisher\":{\"@id\":\"https:\/\/ses-creative.com\/#organization\"},\"potentialAction\":[{\"@type\":\"SearchAction\",\"target\":{\"@type\":\"EntryPoint\",\"urlTemplate\":\"https:\/\/ses-creative.com\/?s={search_term_string}\"},\"query-input\":{\"@type\":\"PropertyValueSpecification\",\"valueRequired\":true,\"valueName\":\"search_term_string\"}}],\"inLanguage\":\"fr-FR\"},{\"@type\":\"Organization\",\"@id\":\"https:\/\/ses-creative.com\/#organization\",\"name\":\"SES Creative\",\"url\":\"https:\/\/ses-creative.com\/\",\"logo\":{\"@type\":\"ImageObject\",\"inLanguage\":\"fr-FR\",\"@id\":\"https:\/\/ses-creative.com\/#\/schema\/logo\/image\/\",\"url\":\"https:\/\/ses-creative.com\/wp-content\/uploads\/2025\/10\/ses-creative-logo.jpg\",\"contentUrl\":\"https:\/\/ses-creative.com\/wp-content\/uploads\/2025\/10\/ses-creative-logo.jpg\",\"width\":2037,\"height\":2037,\"caption\":\"SES Creative\"},\"image\":{\"@id\":\"https:\/\/ses-creative.com\/#\/schema\/logo\/image\/\"}}]}<\/script>\n<!-- \/ Yoast SEO plugin. -->","yoast_head_json":{"title":"Kit pour le jeune \u00e9b\u00e9niste - SES Creative","robots":{"index":"index","follow":"follow","max-snippet":"max-snippet:-1","max-image-preview":"max-image-preview:large","max-video-preview":"max-video-preview:-1"},"canonical":"https:\/\/ses-creative.com\/fr\/produit\/kit-pour-le-jeune-ebeniste\/","og_locale":"fr_FR","og_type":"article","og_title":"Kit pour le jeune \u00e9b\u00e9niste - SES Creative","og_description":"R\u00e9alisez les plus belles cr\u00e9ations avec le kit de bricolage en bois ! Avec le kit de bricolage en bois de SES Creative, les jeunes constructeurs ont toute libert\u00e9 pour cr\u00e9er leurs propres \u0153uvres d&rsquo;art en bois. Les diff\u00e9rentes formes et tailles de morceaux de bois peuvent \u00eatre solidement assembl\u00e9es \u00e0 l&rsquo;aide de chevilles. Contenu [&hellip;]","og_url":"https:\/\/ses-creative.com\/fr\/produit\/kit-pour-le-jeune-ebeniste\/","og_site_name":"SES Creative","article_modified_time":"2026-02-12T10:22:23+00:00","twitter_card":"summary_large_image","twitter_misc":{"Dur\u00e9e de lecture estim\u00e9e":"1 minute"},"schema":{"@context":"https:\/\/schema.org","@graph":[{"@type":"WebPage","@id":"https:\/\/ses-creative.com\/fr\/produit\/kit-pour-le-jeune-ebeniste\/","url":"https:\/\/ses-creative.com\/fr\/produit\/kit-pour-le-jeune-ebeniste\/","name":"Kit pour le jeune \u00e9b\u00e9niste - SES Creative","isPartOf":{"@id":"https:\/\/ses-creative.com\/#website"},"primaryImageOfPage":{"@id":"https:\/\/ses-creative.com\/fr\/produit\/kit-pour-le-jeune-ebeniste\/#primaryimage"},"image":{"@id":"https:\/\/ses-creative.com\/fr\/produit\/kit-pour-le-jeune-ebeniste\/#primaryimage"},"thumbnailUrl":"https:\/\/ses-creative.com\/wp-content\/uploads\/2026\/01\/009451.jpg","datePublished":"2026-02-12T10:08:30+00:00","dateModified":"2026-02-12T10:22:23+00:00","breadcrumb":{"@id":"https:\/\/ses-creative.com\/fr\/produit\/kit-pour-le-jeune-ebeniste\/#breadcrumb"},"inLanguage":"fr-FR","potentialAction":[{"@type":"ReadAction","target":["https:\/\/ses-creative.com\/fr\/produit\/kit-pour-le-jeune-ebeniste\/"]}]},{"@type":"ImageObject","inLanguage":"fr-FR","@id":"https:\/\/ses-creative.com\/fr\/produit\/kit-pour-le-jeune-ebeniste\/#primaryimage","url":"https:\/\/ses-creative.com\/wp-content\/uploads\/2026\/01\/009451.jpg","contentUrl":"https:\/\/ses-creative.com\/wp-content\/uploads\/2026\/01\/009451.jpg","width":1000,"height":1000},{"@type":"BreadcrumbList","@id":"https:\/\/ses-creative.com\/fr\/produit\/kit-pour-le-jeune-ebeniste\/#breadcrumb","itemListElement":[{"@type":"ListItem","position":1,"name":"Boutique","item":"https:\/\/ses-creative.com\/fr\/boutique\/"},{"@type":"ListItem","position":2,"name":"Loisirs cr\u00e9atifs","item":"https:\/\/ses-creative.com\/fr\/product-categorie\/loisirs-creatifs\/"},{"@type":"ListItem","position":3,"name":"Kit pour le jeune \u00e9b\u00e9niste"}]},{"@type":"WebSite","@id":"https:\/\/ses-creative.com\/#website","url":"https:\/\/ses-creative.com\/","name":"SES Creative","description":"","publisher":{"@id":"https:\/\/ses-creative.com\/#organization"},"potentialAction":[{"@type":"SearchAction","target":{"@type":"EntryPoint","urlTemplate":"https:\/\/ses-creative.com\/?s={search_term_string}"},"query-input":{"@type":"PropertyValueSpecification","valueRequired":true,"valueName":"search_term_string"}}],"inLanguage":"fr-FR"},{"@type":"Organization","@id":"https:\/\/ses-creative.com\/#organization","name":"SES Creative","url":"https:\/\/ses-creative.com\/","logo":{"@type":"ImageObject","inLanguage":"fr-FR","@id":"https:\/\/ses-creative.com\/#\/schema\/logo\/image\/","url":"https:\/\/ses-creative.com\/wp-content\/uploads\/2025\/10\/ses-creative-logo.jpg","contentUrl":"https:\/\/ses-creative.com\/wp-content\/uploads\/2025\/10\/ses-creative-logo.jpg","width":2037,"height":2037,"caption":"SES Creative"},"image":{"@id":"https:\/\/ses-creative.com\/#\/schema\/logo\/image\/"}}]}},"_links":{"self":[{"href":"https:\/\/ses-creative.com\/fr\/wp-json\/wp\/v2\/product\/118056","targetHints":{"allow":["GET"]}}],"collection":[{"href":"https:\/\/ses-creative.com\/fr\/wp-json\/wp\/v2\/product"}],"about":[{"href":"https:\/\/ses-creative.com\/fr\/wp-json\/wp\/v2\/types\/product"}],"replies":[{"embeddable":true,"href":"https:\/\/ses-creative.com\/fr\/wp-json\/wp\/v2\/comments?post=118056"}],"wp:featuredmedia":[{"embeddable":true,"href":"https:\/\/ses-creative.com\/fr\/wp-json\/wp\/v2\/media\/94408"}],"wp:attachment":[{"href":"https:\/\/ses-creative.com\/fr\/wp-json\/wp\/v2\/media?parent=118056"}],"wp:term":[{"taxonomy":"product_brand","embeddable":true,"href":"https:\/\/ses-creative.com\/fr\/wp-json\/wp\/v2\/product_brand?post=118056"},{"taxonomy":"product_cat","embeddable":true,"href":"https:\/\/ses-creative.com\/fr\/wp-json\/wp\/v2\/product_cat?post=118056"},{"taxonomy":"product_tag","embeddable":true,"href":"https:\/\/ses-creative.com\/fr\/wp-json\/wp\/v2\/product_tag?post=118056"}],"curies":[{"name":"wp","href":"https:\/\/api.w.org\/{rel}","templated":true}]}}