











{"id":118055,"date":"2026-02-12T10:08:30","date_gmt":"2026-02-12T10:08:30","guid":{"rendered":"https:\/\/ses-creative.com\/?post_type=product&#038;p=118055"},"modified":"2026-02-12T10:22:23","modified_gmt":"2026-02-12T10:22:23","slug":"atelier-de-menuiserie-grande","status":"publish","type":"product","link":"https:\/\/ses-creative.com\/fr\/produit\/atelier-de-menuiserie-grande\/","title":{"rendered":"Atelier de menuiserie grande"},"content":{"rendered":"<p>Avec le coffret d\u2019outils pour enfants de SES Creative, les jeunes bricoleurs peuvent s\u2019initier \u00e0 la menuiserie et \u00e0 la construction en toute s\u00e9curit\u00e9. Ce kit \u00e9ducatif leur permet de scier, marteler et assembler des pi\u00e8ces en bois, tout en d\u00e9veloppant leur motricit\u00e9 et leur cr\u00e9ativit\u00e9.<\/p>\n<p>Ce kit contient :<br \/>\n\u2714 1 marteau adapt\u00e9 aux enfants<br \/>\n\u2714 1 scie s\u00e9curis\u00e9e pour petites mains<br \/>\n\u2714 1 guide de d\u00e9coupe pour des coupes pr\u00e9cises<br \/>\n\u2714 1 accessoire de maintien des clous pour \u00e9viter les blessures<br \/>\n\u2714 Clous et pi\u00e8ces en bois de diff\u00e9rentes formes<\/p>\n<p>Gr\u00e2ce \u00e0 des outils con\u00e7us pour leur taille et des accessoires de s\u00e9curit\u00e9, les enfants peuvent s\u2019exercer au bricolage sans risque. En manipulant ces \u00e9l\u00e9ments, ils d\u00e9veloppent leur pr\u00e9cision, leur patience et leur coordination main-\u0153il, tout en s\u2019amusant \u00e0 construire leurs propres cr\u00e9ations.<\/p>\n<p>Depuis plus de 50 ans, SES Creative con\u00e7oit des jouets \u00e9ducatifs et cr\u00e9atifs pour accompagner les enfants dans leur apprentissage. Ce kit est une excellente id\u00e9e cadeau pour les petits passionn\u00e9s de construction, id\u00e9al pour un anniversaire ou une activit\u00e9 en famille ! Convient aux enfants d\u00e8s 5 ans.<\/p>\n","protected":false},"excerpt":{"rendered":"<p>Avec le coffret d\u2019outils pour enfants de SES Creative, les jeunes bricoleurs peuvent s\u2019initier \u00e0 la menuiserie et \u00e0 la construction en toute s\u00e9curit\u00e9. Ce kit \u00e9ducatif leur permet de scier, marteler et assembler des pi\u00e8ces en bois, tout en d\u00e9veloppant leur motricit\u00e9 et leur cr\u00e9ativit\u00e9. Ce kit contient : \u2714 1 marteau adapt\u00e9 aux [&hellip;]<\/p>\n","protected":false},"featured_media":98288,"comment_status":"closed","ping_status":"closed","template":"","meta":{"_acf_changed":false},"product_brand":[],"product_cat":[122],"product_tag":[],"class_list":{"0":"post-118055","1":"product","2":"type-product","3":"status-publish","4":"has-post-thumbnail","6":"product_cat-loisirs-creatifs","7":"pa_leeftijd-filter-4-6-ans","8":"pa_meest-populair-bij-garcons","10":"first","11":"instock","12":"shipping-taxable","13":"product-type-simple"},"acf":[],"yoast_head":"<!-- This site is optimized with the Yoast SEO plugin v27.4 - https:\/\/yoast.com\/product\/yoast-seo-wordpress\/ -->\n<title>Atelier de menuiserie grande - SES Creative<\/title>\n<meta name=\"robots\" content=\"index, follow, max-snippet:-1, max-image-preview:large, max-video-preview:-1\" \/>\n<link rel=\"canonical\" href=\"https:\/\/ses-creative.com\/fr\/produit\/atelier-de-menuiserie-grande\/\" \/>\n<meta property=\"og:locale\" content=\"fr_FR\" \/>\n<meta property=\"og:type\" content=\"article\" \/>\n<meta property=\"og:title\" content=\"Atelier de menuiserie grande - SES Creative\" \/>\n<meta property=\"og:description\" content=\"Avec le coffret d\u2019outils pour enfants de SES Creative, les jeunes bricoleurs peuvent s\u2019initier \u00e0 la menuiserie et \u00e0 la construction en toute s\u00e9curit\u00e9. Ce kit \u00e9ducatif leur permet de scier, marteler et assembler des pi\u00e8ces en bois, tout en d\u00e9veloppant leur motricit\u00e9 et leur cr\u00e9ativit\u00e9. Ce kit contient : \u2714 1 marteau adapt\u00e9 aux [&hellip;]\" \/>\n<meta property=\"og:url\" content=\"https:\/\/ses-creative.com\/fr\/produit\/atelier-de-menuiserie-grande\/\" \/>\n<meta property=\"og:site_name\" content=\"SES Creative\" \/>\n<meta property=\"article:modified_time\" content=\"2026-02-12T10:22:23+00:00\" \/>\n<meta name=\"twitter:card\" content=\"summary_large_image\" \/>\n<meta name=\"twitter:label1\" content=\"Dur\u00e9e de lecture estim\u00e9e\" \/>\n\t<meta name=\"twitter:data1\" content=\"1 minute\" \/>\n<script type=\"application\/ld+json\" class=\"yoast-schema-graph\">{\"@context\":\"https:\\\/\\\/schema.org\",\"@graph\":[{\"@type\":\"WebPage\",\"@id\":\"https:\\\/\\\/ses-creative.com\\\/fr\\\/produit\\\/atelier-de-menuiserie-grande\\\/\",\"url\":\"https:\\\/\\\/ses-creative.com\\\/fr\\\/produit\\\/atelier-de-menuiserie-grande\\\/\",\"name\":\"Atelier de menuiserie grande - SES Creative\",\"isPartOf\":{\"@id\":\"https:\\\/\\\/ses-creative.com\\\/#website\"},\"primaryImageOfPage\":{\"@id\":\"https:\\\/\\\/ses-creative.com\\\/fr\\\/produit\\\/atelier-de-menuiserie-grande\\\/#primaryimage\"},\"image\":{\"@id\":\"https:\\\/\\\/ses-creative.com\\\/fr\\\/produit\\\/atelier-de-menuiserie-grande\\\/#primaryimage\"},\"thumbnailUrl\":\"https:\\\/\\\/ses-creative.com\\\/wp-content\\\/uploads\\\/2026\\\/01\\\/009441.jpg\",\"datePublished\":\"2026-02-12T10:08:30+00:00\",\"dateModified\":\"2026-02-12T10:22:23+00:00\",\"breadcrumb\":{\"@id\":\"https:\\\/\\\/ses-creative.com\\\/fr\\\/produit\\\/atelier-de-menuiserie-grande\\\/#breadcrumb\"},\"inLanguage\":\"fr-FR\",\"potentialAction\":[{\"@type\":\"ReadAction\",\"target\":[\"https:\\\/\\\/ses-creative.com\\\/fr\\\/produit\\\/atelier-de-menuiserie-grande\\\/\"]}]},{\"@type\":\"ImageObject\",\"inLanguage\":\"fr-FR\",\"@id\":\"https:\\\/\\\/ses-creative.com\\\/fr\\\/produit\\\/atelier-de-menuiserie-grande\\\/#primaryimage\",\"url\":\"https:\\\/\\\/ses-creative.com\\\/wp-content\\\/uploads\\\/2026\\\/01\\\/009441.jpg\",\"contentUrl\":\"https:\\\/\\\/ses-creative.com\\\/wp-content\\\/uploads\\\/2026\\\/01\\\/009441.jpg\",\"width\":1000,\"height\":1000},{\"@type\":\"BreadcrumbList\",\"@id\":\"https:\\\/\\\/ses-creative.com\\\/fr\\\/produit\\\/atelier-de-menuiserie-grande\\\/#breadcrumb\",\"itemListElement\":[{\"@type\":\"ListItem\",\"position\":1,\"name\":\"Boutique\",\"item\":\"https:\\\/\\\/ses-creative.com\\\/fr\\\/boutique\\\/\"},{\"@type\":\"ListItem\",\"position\":2,\"name\":\"Loisirs cr\u00e9atifs\",\"item\":\"https:\\\/\\\/ses-creative.com\\\/fr\\\/product-categorie\\\/loisirs-creatifs\\\/\"},{\"@type\":\"ListItem\",\"position\":3,\"name\":\"Atelier de menuiserie grande\"}]},{\"@type\":\"WebSite\",\"@id\":\"https:\\\/\\\/ses-creative.com\\\/#website\",\"url\":\"https:\\\/\\\/ses-creative.com\\\/\",\"name\":\"SES Creative\",\"description\":\"\",\"publisher\":{\"@id\":\"https:\\\/\\\/ses-creative.com\\\/#organization\"},\"potentialAction\":[{\"@type\":\"SearchAction\",\"target\":{\"@type\":\"EntryPoint\",\"urlTemplate\":\"https:\\\/\\\/ses-creative.com\\\/?s={search_term_string}\"},\"query-input\":{\"@type\":\"PropertyValueSpecification\",\"valueRequired\":true,\"valueName\":\"search_term_string\"}}],\"inLanguage\":\"fr-FR\"},{\"@type\":\"Organization\",\"@id\":\"https:\\\/\\\/ses-creative.com\\\/#organization\",\"name\":\"SES Creative\",\"url\":\"https:\\\/\\\/ses-creative.com\\\/\",\"logo\":{\"@type\":\"ImageObject\",\"inLanguage\":\"fr-FR\",\"@id\":\"https:\\\/\\\/ses-creative.com\\\/#\\\/schema\\\/logo\\\/image\\\/\",\"url\":\"https:\\\/\\\/ses-creative.com\\\/wp-content\\\/uploads\\\/2025\\\/10\\\/ses-creative-logo.jpg\",\"contentUrl\":\"https:\\\/\\\/ses-creative.com\\\/wp-content\\\/uploads\\\/2025\\\/10\\\/ses-creative-logo.jpg\",\"width\":2037,\"height\":2037,\"caption\":\"SES Creative\"},\"image\":{\"@id\":\"https:\\\/\\\/ses-creative.com\\\/#\\\/schema\\\/logo\\\/image\\\/\"}}]}<\/script>\n<!-- \/ Yoast SEO plugin. -->","yoast_head_json":{"title":"Atelier de menuiserie grande - SES Creative","robots":{"index":"index","follow":"follow","max-snippet":"max-snippet:-1","max-image-preview":"max-image-preview:large","max-video-preview":"max-video-preview:-1"},"canonical":"https:\/\/ses-creative.com\/fr\/produit\/atelier-de-menuiserie-grande\/","og_locale":"fr_FR","og_type":"article","og_title":"Atelier de menuiserie grande - SES Creative","og_description":"Avec le coffret d\u2019outils pour enfants de SES Creative, les jeunes bricoleurs peuvent s\u2019initier \u00e0 la menuiserie et \u00e0 la construction en toute s\u00e9curit\u00e9. Ce kit \u00e9ducatif leur permet de scier, marteler et assembler des pi\u00e8ces en bois, tout en d\u00e9veloppant leur motricit\u00e9 et leur cr\u00e9ativit\u00e9. Ce kit contient : \u2714 1 marteau adapt\u00e9 aux [&hellip;]","og_url":"https:\/\/ses-creative.com\/fr\/produit\/atelier-de-menuiserie-grande\/","og_site_name":"SES Creative","article_modified_time":"2026-02-12T10:22:23+00:00","twitter_card":"summary_large_image","twitter_misc":{"Dur\u00e9e de lecture estim\u00e9e":"1 minute"},"schema":{"@context":"https:\/\/schema.org","@graph":[{"@type":"WebPage","@id":"https:\/\/ses-creative.com\/fr\/produit\/atelier-de-menuiserie-grande\/","url":"https:\/\/ses-creative.com\/fr\/produit\/atelier-de-menuiserie-grande\/","name":"Atelier de menuiserie grande - SES Creative","isPartOf":{"@id":"https:\/\/ses-creative.com\/#website"},"primaryImageOfPage":{"@id":"https:\/\/ses-creative.com\/fr\/produit\/atelier-de-menuiserie-grande\/#primaryimage"},"image":{"@id":"https:\/\/ses-creative.com\/fr\/produit\/atelier-de-menuiserie-grande\/#primaryimage"},"thumbnailUrl":"https:\/\/ses-creative.com\/wp-content\/uploads\/2026\/01\/009441.jpg","datePublished":"2026-02-12T10:08:30+00:00","dateModified":"2026-02-12T10:22:23+00:00","breadcrumb":{"@id":"https:\/\/ses-creative.com\/fr\/produit\/atelier-de-menuiserie-grande\/#breadcrumb"},"inLanguage":"fr-FR","potentialAction":[{"@type":"ReadAction","target":["https:\/\/ses-creative.com\/fr\/produit\/atelier-de-menuiserie-grande\/"]}]},{"@type":"ImageObject","inLanguage":"fr-FR","@id":"https:\/\/ses-creative.com\/fr\/produit\/atelier-de-menuiserie-grande\/#primaryimage","url":"https:\/\/ses-creative.com\/wp-content\/uploads\/2026\/01\/009441.jpg","contentUrl":"https:\/\/ses-creative.com\/wp-content\/uploads\/2026\/01\/009441.jpg","width":1000,"height":1000},{"@type":"BreadcrumbList","@id":"https:\/\/ses-creative.com\/fr\/produit\/atelier-de-menuiserie-grande\/#breadcrumb","itemListElement":[{"@type":"ListItem","position":1,"name":"Boutique","item":"https:\/\/ses-creative.com\/fr\/boutique\/"},{"@type":"ListItem","position":2,"name":"Loisirs cr\u00e9atifs","item":"https:\/\/ses-creative.com\/fr\/product-categorie\/loisirs-creatifs\/"},{"@type":"ListItem","position":3,"name":"Atelier de menuiserie grande"}]},{"@type":"WebSite","@id":"https:\/\/ses-creative.com\/#website","url":"https:\/\/ses-creative.com\/","name":"SES Creative","description":"","publisher":{"@id":"https:\/\/ses-creative.com\/#organization"},"potentialAction":[{"@type":"SearchAction","target":{"@type":"EntryPoint","urlTemplate":"https:\/\/ses-creative.com\/?s={search_term_string}"},"query-input":{"@type":"PropertyValueSpecification","valueRequired":true,"valueName":"search_term_string"}}],"inLanguage":"fr-FR"},{"@type":"Organization","@id":"https:\/\/ses-creative.com\/#organization","name":"SES Creative","url":"https:\/\/ses-creative.com\/","logo":{"@type":"ImageObject","inLanguage":"fr-FR","@id":"https:\/\/ses-creative.com\/#\/schema\/logo\/image\/","url":"https:\/\/ses-creative.com\/wp-content\/uploads\/2025\/10\/ses-creative-logo.jpg","contentUrl":"https:\/\/ses-creative.com\/wp-content\/uploads\/2025\/10\/ses-creative-logo.jpg","width":2037,"height":2037,"caption":"SES Creative"},"image":{"@id":"https:\/\/ses-creative.com\/#\/schema\/logo\/image\/"}}]}},"_links":{"self":[{"href":"https:\/\/ses-creative.com\/fr\/wp-json\/wp\/v2\/product\/118055","targetHints":{"allow":["GET"]}}],"collection":[{"href":"https:\/\/ses-creative.com\/fr\/wp-json\/wp\/v2\/product"}],"about":[{"href":"https:\/\/ses-creative.com\/fr\/wp-json\/wp\/v2\/types\/product"}],"replies":[{"embeddable":true,"href":"https:\/\/ses-creative.com\/fr\/wp-json\/wp\/v2\/comments?post=118055"}],"wp:featuredmedia":[{"embeddable":true,"href":"https:\/\/ses-creative.com\/fr\/wp-json\/wp\/v2\/media\/98288"}],"wp:attachment":[{"href":"https:\/\/ses-creative.com\/fr\/wp-json\/wp\/v2\/media?parent=118055"}],"wp:term":[{"taxonomy":"product_brand","embeddable":true,"href":"https:\/\/ses-creative.com\/fr\/wp-json\/wp\/v2\/product_brand?post=118055"},{"taxonomy":"product_cat","embeddable":true,"href":"https:\/\/ses-creative.com\/fr\/wp-json\/wp\/v2\/product_cat?post=118055"},{"taxonomy":"product_tag","embeddable":true,"href":"https:\/\/ses-creative.com\/fr\/wp-json\/wp\/v2\/product_tag?post=118055"}],"curies":[{"name":"wp","href":"https:\/\/api.w.org\/{rel}","templated":true}]}}