











{"id":118054,"date":"2026-02-12T10:08:30","date_gmt":"2026-02-12T10:08:30","guid":{"rendered":"https:\/\/ses-creative.com\/?post_type=product&#038;p=118054"},"modified":"2026-02-12T10:22:23","modified_gmt":"2026-02-12T10:22:23","slug":"atelier-de-menuiserie","status":"publish","type":"product","link":"https:\/\/ses-creative.com\/fr\/produit\/atelier-de-menuiserie\/","title":{"rendered":"Atelier de menuiserie"},"content":{"rendered":"<p>Avec l&rsquo;Atelier de Menuiserie SES Creative, les enfants d\u00e8s 5 ans d\u00e9couvrent le monde du bricolage bois \u00e0 travers un v\u00e9ritable atelier menuisier miniature. Le coffret contient 57 pi\u00e8ces de bois pr\u00e9d\u00e9coup\u00e9es, un marteau, de la colle \u00e0 bois, des clous, une main sp\u00e9ciale de s\u00e9curit\u00e9 et une bo\u00eete \u00e0 onglets. Ce jeu de construction bois permet de cr\u00e9er maisons, chariots, bancs, ou projets personnels en d\u00e9veloppant motricit\u00e9, coordination, patience et logique. La main sp\u00e9ciale permet de clouer sans se blesser, rendant l&rsquo;activit\u00e9 manuelle accessible et rassurante. Les mat\u00e9riaux solides et lavables sont con\u00e7us pour durer et respecter les normes les plus strictes. Fabriqu\u00e9 \u00e0 Enschede, aux Pays-Bas, ce jeu \u00e9ducatif est hypoallerg\u00e9nique et 100 % neutre en CO\u2082. Un coffret bricolage SES Creative id\u00e9al pour stimuler la cr\u00e9ativit\u00e9 et initier les enfants aux gestes d\u2019un petit artisan.<\/p>\n","protected":false},"excerpt":{"rendered":"<p>Avec l&rsquo;Atelier de Menuiserie SES Creative, les enfants d\u00e8s 5 ans d\u00e9couvrent le monde du bricolage bois \u00e0 travers un v\u00e9ritable atelier menuisier miniature. Le coffret contient 57 pi\u00e8ces de bois pr\u00e9d\u00e9coup\u00e9es, un marteau, de la colle \u00e0 bois, des clous, une main sp\u00e9ciale de s\u00e9curit\u00e9 et une bo\u00eete \u00e0 onglets. Ce jeu de construction [&hellip;]<\/p>\n","protected":false},"featured_media":98268,"comment_status":"closed","ping_status":"closed","template":"","meta":{"_acf_changed":false},"product_brand":[],"product_cat":[122],"product_tag":[],"class_list":{"0":"post-118054","1":"product","2":"type-product","3":"status-publish","4":"has-post-thumbnail","6":"product_cat-loisirs-creatifs","7":"pa_leeftijd-filter-4-6-ans","8":"pa_meest-populair-bij-garcons","10":"first","11":"instock","12":"shipping-taxable","13":"product-type-simple"},"acf":[],"yoast_head":"<!-- This site is optimized with the Yoast SEO plugin v27.2 - https:\/\/yoast.com\/product\/yoast-seo-wordpress\/ -->\n<title>Atelier de menuiserie - SES Creative<\/title>\n<meta name=\"robots\" content=\"index, follow, max-snippet:-1, max-image-preview:large, max-video-preview:-1\" \/>\n<link rel=\"canonical\" href=\"https:\/\/ses-creative.com\/fr\/produit\/atelier-de-menuiserie\/\" \/>\n<meta property=\"og:locale\" content=\"fr_FR\" \/>\n<meta property=\"og:type\" content=\"article\" \/>\n<meta property=\"og:title\" content=\"Atelier de menuiserie - SES Creative\" \/>\n<meta property=\"og:description\" content=\"Avec l&rsquo;Atelier de Menuiserie SES Creative, les enfants d\u00e8s 5 ans d\u00e9couvrent le monde du bricolage bois \u00e0 travers un v\u00e9ritable atelier menuisier miniature. Le coffret contient 57 pi\u00e8ces de bois pr\u00e9d\u00e9coup\u00e9es, un marteau, de la colle \u00e0 bois, des clous, une main sp\u00e9ciale de s\u00e9curit\u00e9 et une bo\u00eete \u00e0 onglets. Ce jeu de construction [&hellip;]\" \/>\n<meta property=\"og:url\" content=\"https:\/\/ses-creative.com\/fr\/produit\/atelier-de-menuiserie\/\" \/>\n<meta property=\"og:site_name\" content=\"SES Creative\" \/>\n<meta property=\"article:modified_time\" content=\"2026-02-12T10:22:23+00:00\" \/>\n<meta name=\"twitter:card\" content=\"summary_large_image\" \/>\n<meta name=\"twitter:label1\" content=\"Dur\u00e9e de lecture estim\u00e9e\" \/>\n\t<meta name=\"twitter:data1\" content=\"1 minute\" \/>\n<script type=\"application\/ld+json\" class=\"yoast-schema-graph\">{\"@context\":\"https:\/\/schema.org\",\"@graph\":[{\"@type\":\"WebPage\",\"@id\":\"https:\/\/ses-creative.com\/fr\/produit\/atelier-de-menuiserie\/\",\"url\":\"https:\/\/ses-creative.com\/fr\/produit\/atelier-de-menuiserie\/\",\"name\":\"Atelier de menuiserie - SES Creative\",\"isPartOf\":{\"@id\":\"https:\/\/ses-creative.com\/#website\"},\"primaryImageOfPage\":{\"@id\":\"https:\/\/ses-creative.com\/fr\/produit\/atelier-de-menuiserie\/#primaryimage\"},\"image\":{\"@id\":\"https:\/\/ses-creative.com\/fr\/produit\/atelier-de-menuiserie\/#primaryimage\"},\"thumbnailUrl\":\"https:\/\/ses-creative.com\/wp-content\/uploads\/2026\/01\/009431.jpg\",\"datePublished\":\"2026-02-12T10:08:30+00:00\",\"dateModified\":\"2026-02-12T10:22:23+00:00\",\"breadcrumb\":{\"@id\":\"https:\/\/ses-creative.com\/fr\/produit\/atelier-de-menuiserie\/#breadcrumb\"},\"inLanguage\":\"fr-FR\",\"potentialAction\":[{\"@type\":\"ReadAction\",\"target\":[\"https:\/\/ses-creative.com\/fr\/produit\/atelier-de-menuiserie\/\"]}]},{\"@type\":\"ImageObject\",\"inLanguage\":\"fr-FR\",\"@id\":\"https:\/\/ses-creative.com\/fr\/produit\/atelier-de-menuiserie\/#primaryimage\",\"url\":\"https:\/\/ses-creative.com\/wp-content\/uploads\/2026\/01\/009431.jpg\",\"contentUrl\":\"https:\/\/ses-creative.com\/wp-content\/uploads\/2026\/01\/009431.jpg\",\"width\":1000,\"height\":1000},{\"@type\":\"BreadcrumbList\",\"@id\":\"https:\/\/ses-creative.com\/fr\/produit\/atelier-de-menuiserie\/#breadcrumb\",\"itemListElement\":[{\"@type\":\"ListItem\",\"position\":1,\"name\":\"Boutique\",\"item\":\"https:\/\/ses-creative.com\/fr\/boutique\/\"},{\"@type\":\"ListItem\",\"position\":2,\"name\":\"Loisirs cr\u00e9atifs\",\"item\":\"https:\/\/ses-creative.com\/fr\/product-categorie\/loisirs-creatifs\/\"},{\"@type\":\"ListItem\",\"position\":3,\"name\":\"Atelier de menuiserie\"}]},{\"@type\":\"WebSite\",\"@id\":\"https:\/\/ses-creative.com\/#website\",\"url\":\"https:\/\/ses-creative.com\/\",\"name\":\"SES Creative\",\"description\":\"\",\"publisher\":{\"@id\":\"https:\/\/ses-creative.com\/#organization\"},\"potentialAction\":[{\"@type\":\"SearchAction\",\"target\":{\"@type\":\"EntryPoint\",\"urlTemplate\":\"https:\/\/ses-creative.com\/?s={search_term_string}\"},\"query-input\":{\"@type\":\"PropertyValueSpecification\",\"valueRequired\":true,\"valueName\":\"search_term_string\"}}],\"inLanguage\":\"fr-FR\"},{\"@type\":\"Organization\",\"@id\":\"https:\/\/ses-creative.com\/#organization\",\"name\":\"SES Creative\",\"url\":\"https:\/\/ses-creative.com\/\",\"logo\":{\"@type\":\"ImageObject\",\"inLanguage\":\"fr-FR\",\"@id\":\"https:\/\/ses-creative.com\/#\/schema\/logo\/image\/\",\"url\":\"https:\/\/ses-creative.com\/wp-content\/uploads\/2025\/10\/ses-creative-logo.jpg\",\"contentUrl\":\"https:\/\/ses-creative.com\/wp-content\/uploads\/2025\/10\/ses-creative-logo.jpg\",\"width\":2037,\"height\":2037,\"caption\":\"SES Creative\"},\"image\":{\"@id\":\"https:\/\/ses-creative.com\/#\/schema\/logo\/image\/\"}}]}<\/script>\n<!-- \/ Yoast SEO plugin. -->","yoast_head_json":{"title":"Atelier de menuiserie - SES Creative","robots":{"index":"index","follow":"follow","max-snippet":"max-snippet:-1","max-image-preview":"max-image-preview:large","max-video-preview":"max-video-preview:-1"},"canonical":"https:\/\/ses-creative.com\/fr\/produit\/atelier-de-menuiserie\/","og_locale":"fr_FR","og_type":"article","og_title":"Atelier de menuiserie - SES Creative","og_description":"Avec l&rsquo;Atelier de Menuiserie SES Creative, les enfants d\u00e8s 5 ans d\u00e9couvrent le monde du bricolage bois \u00e0 travers un v\u00e9ritable atelier menuisier miniature. Le coffret contient 57 pi\u00e8ces de bois pr\u00e9d\u00e9coup\u00e9es, un marteau, de la colle \u00e0 bois, des clous, une main sp\u00e9ciale de s\u00e9curit\u00e9 et une bo\u00eete \u00e0 onglets. Ce jeu de construction [&hellip;]","og_url":"https:\/\/ses-creative.com\/fr\/produit\/atelier-de-menuiserie\/","og_site_name":"SES Creative","article_modified_time":"2026-02-12T10:22:23+00:00","twitter_card":"summary_large_image","twitter_misc":{"Dur\u00e9e de lecture estim\u00e9e":"1 minute"},"schema":{"@context":"https:\/\/schema.org","@graph":[{"@type":"WebPage","@id":"https:\/\/ses-creative.com\/fr\/produit\/atelier-de-menuiserie\/","url":"https:\/\/ses-creative.com\/fr\/produit\/atelier-de-menuiserie\/","name":"Atelier de menuiserie - SES Creative","isPartOf":{"@id":"https:\/\/ses-creative.com\/#website"},"primaryImageOfPage":{"@id":"https:\/\/ses-creative.com\/fr\/produit\/atelier-de-menuiserie\/#primaryimage"},"image":{"@id":"https:\/\/ses-creative.com\/fr\/produit\/atelier-de-menuiserie\/#primaryimage"},"thumbnailUrl":"https:\/\/ses-creative.com\/wp-content\/uploads\/2026\/01\/009431.jpg","datePublished":"2026-02-12T10:08:30+00:00","dateModified":"2026-02-12T10:22:23+00:00","breadcrumb":{"@id":"https:\/\/ses-creative.com\/fr\/produit\/atelier-de-menuiserie\/#breadcrumb"},"inLanguage":"fr-FR","potentialAction":[{"@type":"ReadAction","target":["https:\/\/ses-creative.com\/fr\/produit\/atelier-de-menuiserie\/"]}]},{"@type":"ImageObject","inLanguage":"fr-FR","@id":"https:\/\/ses-creative.com\/fr\/produit\/atelier-de-menuiserie\/#primaryimage","url":"https:\/\/ses-creative.com\/wp-content\/uploads\/2026\/01\/009431.jpg","contentUrl":"https:\/\/ses-creative.com\/wp-content\/uploads\/2026\/01\/009431.jpg","width":1000,"height":1000},{"@type":"BreadcrumbList","@id":"https:\/\/ses-creative.com\/fr\/produit\/atelier-de-menuiserie\/#breadcrumb","itemListElement":[{"@type":"ListItem","position":1,"name":"Boutique","item":"https:\/\/ses-creative.com\/fr\/boutique\/"},{"@type":"ListItem","position":2,"name":"Loisirs cr\u00e9atifs","item":"https:\/\/ses-creative.com\/fr\/product-categorie\/loisirs-creatifs\/"},{"@type":"ListItem","position":3,"name":"Atelier de menuiserie"}]},{"@type":"WebSite","@id":"https:\/\/ses-creative.com\/#website","url":"https:\/\/ses-creative.com\/","name":"SES Creative","description":"","publisher":{"@id":"https:\/\/ses-creative.com\/#organization"},"potentialAction":[{"@type":"SearchAction","target":{"@type":"EntryPoint","urlTemplate":"https:\/\/ses-creative.com\/?s={search_term_string}"},"query-input":{"@type":"PropertyValueSpecification","valueRequired":true,"valueName":"search_term_string"}}],"inLanguage":"fr-FR"},{"@type":"Organization","@id":"https:\/\/ses-creative.com\/#organization","name":"SES Creative","url":"https:\/\/ses-creative.com\/","logo":{"@type":"ImageObject","inLanguage":"fr-FR","@id":"https:\/\/ses-creative.com\/#\/schema\/logo\/image\/","url":"https:\/\/ses-creative.com\/wp-content\/uploads\/2025\/10\/ses-creative-logo.jpg","contentUrl":"https:\/\/ses-creative.com\/wp-content\/uploads\/2025\/10\/ses-creative-logo.jpg","width":2037,"height":2037,"caption":"SES Creative"},"image":{"@id":"https:\/\/ses-creative.com\/#\/schema\/logo\/image\/"}}]}},"_links":{"self":[{"href":"https:\/\/ses-creative.com\/fr\/wp-json\/wp\/v2\/product\/118054","targetHints":{"allow":["GET"]}}],"collection":[{"href":"https:\/\/ses-creative.com\/fr\/wp-json\/wp\/v2\/product"}],"about":[{"href":"https:\/\/ses-creative.com\/fr\/wp-json\/wp\/v2\/types\/product"}],"replies":[{"embeddable":true,"href":"https:\/\/ses-creative.com\/fr\/wp-json\/wp\/v2\/comments?post=118054"}],"wp:featuredmedia":[{"embeddable":true,"href":"https:\/\/ses-creative.com\/fr\/wp-json\/wp\/v2\/media\/98268"}],"wp:attachment":[{"href":"https:\/\/ses-creative.com\/fr\/wp-json\/wp\/v2\/media?parent=118054"}],"wp:term":[{"taxonomy":"product_brand","embeddable":true,"href":"https:\/\/ses-creative.com\/fr\/wp-json\/wp\/v2\/product_brand?post=118054"},{"taxonomy":"product_cat","embeddable":true,"href":"https:\/\/ses-creative.com\/fr\/wp-json\/wp\/v2\/product_cat?post=118054"},{"taxonomy":"product_tag","embeddable":true,"href":"https:\/\/ses-creative.com\/fr\/wp-json\/wp\/v2\/product_tag?post=118054"}],"curies":[{"name":"wp","href":"https:\/\/api.w.org\/{rel}","templated":true}]}}