











{"id":118052,"date":"2026-02-12T10:08:29","date_gmt":"2026-02-12T10:08:29","guid":{"rendered":"https:\/\/ses-creative.com\/?post_type=product&#038;p=118052"},"modified":"2026-02-12T10:22:23","modified_gmt":"2026-02-12T10:22:23","slug":"jeu-de-tap-tap-original","status":"publish","type":"product","link":"https:\/\/ses-creative.com\/fr\/produit\/jeu-de-tap-tap-original\/","title":{"rendered":"Jeu De Tap Tap Original"},"content":{"rendered":"<p>Le jeu de Tap Tap Original de SES Creative permet aux enfants de cr\u00e9er librement formes, objets ou personnages en clouant des pi\u00e8ces en bois color\u00e9es sur une plaque de li\u00e8ge \u00e9paisse. Le kit comprend 32 formes en bois pr\u00e9-perc\u00e9es, un maillet en bois, des clous \u00e0 t\u00eate ronde pour une s\u00e9curit\u00e9 optimale, et un carr\u00e9 de li\u00e8ge solide. Pens\u00e9 pour les enfants d\u00e8s 3 ans, ce jeu stimule l\u2019imagination, d\u00e9veloppe la motricit\u00e9 fine, la reconnaissance des formes et des couleurs, et encourage la concentration et la coordination \u0153il-main. Chaque pi\u00e8ce est con\u00e7ue pour une prise facile et une manipulation autonome. L\u2019activit\u00e9 manuelle Tap Tap est id\u00e9ale pour initier les plus jeunes \u00e0 la logique et \u00e0 la construction tout en s\u2019amusant. Fabriqu\u00e9 aux Pays-Bas dans le respect de normes strictes, ce jouet est s\u00fbr, hypoallerg\u00e9nique et 100 % neutre en CO\u2082. Une id\u00e9e cadeau ludique, durable et \u00e9ducative pour \u00e9veiller la cr\u00e9ativit\u00e9 des enfants et les accompagner dans leur d\u00e9veloppement.<\/p>\n","protected":false},"excerpt":{"rendered":"<p>Le jeu de Tap Tap Original de SES Creative permet aux enfants de cr\u00e9er librement formes, objets ou personnages en clouant des pi\u00e8ces en bois color\u00e9es sur une plaque de li\u00e8ge \u00e9paisse. Le kit comprend 32 formes en bois pr\u00e9-perc\u00e9es, un maillet en bois, des clous \u00e0 t\u00eate ronde pour une s\u00e9curit\u00e9 optimale, et un [&hellip;]<\/p>\n","protected":false},"featured_media":98228,"comment_status":"closed","ping_status":"closed","template":"","meta":{"_acf_changed":false},"product_brand":[],"product_cat":[122],"product_tag":[],"class_list":{"0":"post-118052","1":"product","2":"type-product","3":"status-publish","4":"has-post-thumbnail","6":"product_cat-loisirs-creatifs","7":"pa_collecties-montessori","8":"pa_leeftijd-filter-3-4-ans","9":"pa_meest-populair-bij-garcons-filles","11":"first","12":"instock","13":"shipping-taxable","14":"product-type-simple"},"acf":[],"yoast_head":"<!-- This site is optimized with the Yoast SEO plugin v27.2 - https:\/\/yoast.com\/product\/yoast-seo-wordpress\/ -->\n<title>Jeu De Tap Tap Original - SES Creative<\/title>\n<meta name=\"robots\" content=\"index, follow, max-snippet:-1, max-image-preview:large, max-video-preview:-1\" \/>\n<link rel=\"canonical\" href=\"https:\/\/ses-creative.com\/fr\/produit\/jeu-de-tap-tap-original\/\" \/>\n<meta property=\"og:locale\" content=\"fr_FR\" \/>\n<meta property=\"og:type\" content=\"article\" \/>\n<meta property=\"og:title\" content=\"Jeu De Tap Tap Original - SES Creative\" \/>\n<meta property=\"og:description\" content=\"Le jeu de Tap Tap Original de SES Creative permet aux enfants de cr\u00e9er librement formes, objets ou personnages en clouant des pi\u00e8ces en bois color\u00e9es sur une plaque de li\u00e8ge \u00e9paisse. Le kit comprend 32 formes en bois pr\u00e9-perc\u00e9es, un maillet en bois, des clous \u00e0 t\u00eate ronde pour une s\u00e9curit\u00e9 optimale, et un [&hellip;]\" \/>\n<meta property=\"og:url\" content=\"https:\/\/ses-creative.com\/fr\/produit\/jeu-de-tap-tap-original\/\" \/>\n<meta property=\"og:site_name\" content=\"SES Creative\" \/>\n<meta property=\"article:modified_time\" content=\"2026-02-12T10:22:23+00:00\" \/>\n<meta name=\"twitter:card\" content=\"summary_large_image\" \/>\n<meta name=\"twitter:label1\" content=\"Dur\u00e9e de lecture estim\u00e9e\" \/>\n\t<meta name=\"twitter:data1\" content=\"1 minute\" \/>\n<script type=\"application\/ld+json\" class=\"yoast-schema-graph\">{\"@context\":\"https:\/\/schema.org\",\"@graph\":[{\"@type\":\"WebPage\",\"@id\":\"https:\/\/ses-creative.com\/fr\/produit\/jeu-de-tap-tap-original\/\",\"url\":\"https:\/\/ses-creative.com\/fr\/produit\/jeu-de-tap-tap-original\/\",\"name\":\"Jeu De Tap Tap Original - SES Creative\",\"isPartOf\":{\"@id\":\"https:\/\/ses-creative.com\/#website\"},\"primaryImageOfPage\":{\"@id\":\"https:\/\/ses-creative.com\/fr\/produit\/jeu-de-tap-tap-original\/#primaryimage\"},\"image\":{\"@id\":\"https:\/\/ses-creative.com\/fr\/produit\/jeu-de-tap-tap-original\/#primaryimage\"},\"thumbnailUrl\":\"https:\/\/ses-creative.com\/wp-content\/uploads\/2026\/01\/009411.jpg\",\"datePublished\":\"2026-02-12T10:08:29+00:00\",\"dateModified\":\"2026-02-12T10:22:23+00:00\",\"breadcrumb\":{\"@id\":\"https:\/\/ses-creative.com\/fr\/produit\/jeu-de-tap-tap-original\/#breadcrumb\"},\"inLanguage\":\"fr-FR\",\"potentialAction\":[{\"@type\":\"ReadAction\",\"target\":[\"https:\/\/ses-creative.com\/fr\/produit\/jeu-de-tap-tap-original\/\"]}]},{\"@type\":\"ImageObject\",\"inLanguage\":\"fr-FR\",\"@id\":\"https:\/\/ses-creative.com\/fr\/produit\/jeu-de-tap-tap-original\/#primaryimage\",\"url\":\"https:\/\/ses-creative.com\/wp-content\/uploads\/2026\/01\/009411.jpg\",\"contentUrl\":\"https:\/\/ses-creative.com\/wp-content\/uploads\/2026\/01\/009411.jpg\",\"width\":1000,\"height\":1000},{\"@type\":\"BreadcrumbList\",\"@id\":\"https:\/\/ses-creative.com\/fr\/produit\/jeu-de-tap-tap-original\/#breadcrumb\",\"itemListElement\":[{\"@type\":\"ListItem\",\"position\":1,\"name\":\"Boutique\",\"item\":\"https:\/\/ses-creative.com\/fr\/boutique\/\"},{\"@type\":\"ListItem\",\"position\":2,\"name\":\"Loisirs cr\u00e9atifs\",\"item\":\"https:\/\/ses-creative.com\/fr\/product-categorie\/loisirs-creatifs\/\"},{\"@type\":\"ListItem\",\"position\":3,\"name\":\"Jeu De Tap Tap Original\"}]},{\"@type\":\"WebSite\",\"@id\":\"https:\/\/ses-creative.com\/#website\",\"url\":\"https:\/\/ses-creative.com\/\",\"name\":\"SES Creative\",\"description\":\"\",\"publisher\":{\"@id\":\"https:\/\/ses-creative.com\/#organization\"},\"potentialAction\":[{\"@type\":\"SearchAction\",\"target\":{\"@type\":\"EntryPoint\",\"urlTemplate\":\"https:\/\/ses-creative.com\/?s={search_term_string}\"},\"query-input\":{\"@type\":\"PropertyValueSpecification\",\"valueRequired\":true,\"valueName\":\"search_term_string\"}}],\"inLanguage\":\"fr-FR\"},{\"@type\":\"Organization\",\"@id\":\"https:\/\/ses-creative.com\/#organization\",\"name\":\"SES Creative\",\"url\":\"https:\/\/ses-creative.com\/\",\"logo\":{\"@type\":\"ImageObject\",\"inLanguage\":\"fr-FR\",\"@id\":\"https:\/\/ses-creative.com\/#\/schema\/logo\/image\/\",\"url\":\"https:\/\/ses-creative.com\/wp-content\/uploads\/2025\/10\/ses-creative-logo.jpg\",\"contentUrl\":\"https:\/\/ses-creative.com\/wp-content\/uploads\/2025\/10\/ses-creative-logo.jpg\",\"width\":2037,\"height\":2037,\"caption\":\"SES Creative\"},\"image\":{\"@id\":\"https:\/\/ses-creative.com\/#\/schema\/logo\/image\/\"}}]}<\/script>\n<!-- \/ Yoast SEO plugin. -->","yoast_head_json":{"title":"Jeu De Tap Tap Original - SES Creative","robots":{"index":"index","follow":"follow","max-snippet":"max-snippet:-1","max-image-preview":"max-image-preview:large","max-video-preview":"max-video-preview:-1"},"canonical":"https:\/\/ses-creative.com\/fr\/produit\/jeu-de-tap-tap-original\/","og_locale":"fr_FR","og_type":"article","og_title":"Jeu De Tap Tap Original - SES Creative","og_description":"Le jeu de Tap Tap Original de SES Creative permet aux enfants de cr\u00e9er librement formes, objets ou personnages en clouant des pi\u00e8ces en bois color\u00e9es sur une plaque de li\u00e8ge \u00e9paisse. Le kit comprend 32 formes en bois pr\u00e9-perc\u00e9es, un maillet en bois, des clous \u00e0 t\u00eate ronde pour une s\u00e9curit\u00e9 optimale, et un [&hellip;]","og_url":"https:\/\/ses-creative.com\/fr\/produit\/jeu-de-tap-tap-original\/","og_site_name":"SES Creative","article_modified_time":"2026-02-12T10:22:23+00:00","twitter_card":"summary_large_image","twitter_misc":{"Dur\u00e9e de lecture estim\u00e9e":"1 minute"},"schema":{"@context":"https:\/\/schema.org","@graph":[{"@type":"WebPage","@id":"https:\/\/ses-creative.com\/fr\/produit\/jeu-de-tap-tap-original\/","url":"https:\/\/ses-creative.com\/fr\/produit\/jeu-de-tap-tap-original\/","name":"Jeu De Tap Tap Original - SES Creative","isPartOf":{"@id":"https:\/\/ses-creative.com\/#website"},"primaryImageOfPage":{"@id":"https:\/\/ses-creative.com\/fr\/produit\/jeu-de-tap-tap-original\/#primaryimage"},"image":{"@id":"https:\/\/ses-creative.com\/fr\/produit\/jeu-de-tap-tap-original\/#primaryimage"},"thumbnailUrl":"https:\/\/ses-creative.com\/wp-content\/uploads\/2026\/01\/009411.jpg","datePublished":"2026-02-12T10:08:29+00:00","dateModified":"2026-02-12T10:22:23+00:00","breadcrumb":{"@id":"https:\/\/ses-creative.com\/fr\/produit\/jeu-de-tap-tap-original\/#breadcrumb"},"inLanguage":"fr-FR","potentialAction":[{"@type":"ReadAction","target":["https:\/\/ses-creative.com\/fr\/produit\/jeu-de-tap-tap-original\/"]}]},{"@type":"ImageObject","inLanguage":"fr-FR","@id":"https:\/\/ses-creative.com\/fr\/produit\/jeu-de-tap-tap-original\/#primaryimage","url":"https:\/\/ses-creative.com\/wp-content\/uploads\/2026\/01\/009411.jpg","contentUrl":"https:\/\/ses-creative.com\/wp-content\/uploads\/2026\/01\/009411.jpg","width":1000,"height":1000},{"@type":"BreadcrumbList","@id":"https:\/\/ses-creative.com\/fr\/produit\/jeu-de-tap-tap-original\/#breadcrumb","itemListElement":[{"@type":"ListItem","position":1,"name":"Boutique","item":"https:\/\/ses-creative.com\/fr\/boutique\/"},{"@type":"ListItem","position":2,"name":"Loisirs cr\u00e9atifs","item":"https:\/\/ses-creative.com\/fr\/product-categorie\/loisirs-creatifs\/"},{"@type":"ListItem","position":3,"name":"Jeu De Tap Tap Original"}]},{"@type":"WebSite","@id":"https:\/\/ses-creative.com\/#website","url":"https:\/\/ses-creative.com\/","name":"SES Creative","description":"","publisher":{"@id":"https:\/\/ses-creative.com\/#organization"},"potentialAction":[{"@type":"SearchAction","target":{"@type":"EntryPoint","urlTemplate":"https:\/\/ses-creative.com\/?s={search_term_string}"},"query-input":{"@type":"PropertyValueSpecification","valueRequired":true,"valueName":"search_term_string"}}],"inLanguage":"fr-FR"},{"@type":"Organization","@id":"https:\/\/ses-creative.com\/#organization","name":"SES Creative","url":"https:\/\/ses-creative.com\/","logo":{"@type":"ImageObject","inLanguage":"fr-FR","@id":"https:\/\/ses-creative.com\/#\/schema\/logo\/image\/","url":"https:\/\/ses-creative.com\/wp-content\/uploads\/2025\/10\/ses-creative-logo.jpg","contentUrl":"https:\/\/ses-creative.com\/wp-content\/uploads\/2025\/10\/ses-creative-logo.jpg","width":2037,"height":2037,"caption":"SES Creative"},"image":{"@id":"https:\/\/ses-creative.com\/#\/schema\/logo\/image\/"}}]}},"_links":{"self":[{"href":"https:\/\/ses-creative.com\/fr\/wp-json\/wp\/v2\/product\/118052","targetHints":{"allow":["GET"]}}],"collection":[{"href":"https:\/\/ses-creative.com\/fr\/wp-json\/wp\/v2\/product"}],"about":[{"href":"https:\/\/ses-creative.com\/fr\/wp-json\/wp\/v2\/types\/product"}],"replies":[{"embeddable":true,"href":"https:\/\/ses-creative.com\/fr\/wp-json\/wp\/v2\/comments?post=118052"}],"wp:featuredmedia":[{"embeddable":true,"href":"https:\/\/ses-creative.com\/fr\/wp-json\/wp\/v2\/media\/98228"}],"wp:attachment":[{"href":"https:\/\/ses-creative.com\/fr\/wp-json\/wp\/v2\/media?parent=118052"}],"wp:term":[{"taxonomy":"product_brand","embeddable":true,"href":"https:\/\/ses-creative.com\/fr\/wp-json\/wp\/v2\/product_brand?post=118052"},{"taxonomy":"product_cat","embeddable":true,"href":"https:\/\/ses-creative.com\/fr\/wp-json\/wp\/v2\/product_cat?post=118052"},{"taxonomy":"product_tag","embeddable":true,"href":"https:\/\/ses-creative.com\/fr\/wp-json\/wp\/v2\/product_tag?post=118052"}],"curies":[{"name":"wp","href":"https:\/\/api.w.org\/{rel}","templated":true}]}}