











{"id":118049,"date":"2026-02-12T10:08:27","date_gmt":"2026-02-12T10:08:27","guid":{"rendered":"https:\/\/ses-creative.com\/?post_type=product&#038;p=118049"},"modified":"2026-02-12T10:22:22","modified_gmt":"2026-02-12T10:22:22","slug":"mouler-des-savonnettes","status":"publish","type":"product","link":"https:\/\/ses-creative.com\/fr\/produit\/mouler-des-savonnettes\/","title":{"rendered":"Mouler des savonnettes"},"content":{"rendered":"<p>Avec le kit Glitter Soap, les enfants peuvent fabriquer leurs propres savonnettes en toute simplicit\u00e9 ! Ce set cr\u00e9atif leur permet de r\u00e9aliser des savons de diff\u00e9rentes formes et couleurs, en exp\u00e9rimentant les m\u00e9langes et en ajoutant des paillettes pour un effet scintillant.<\/p>\n<p>Ce kit contient tout le n\u00e9cessaire pour une activit\u00e9 amusante et cr\u00e9ative :<br \/>\n\u2714 Divers moules de formes vari\u00e9es<br \/>\n\u2714 Ingr\u00e9dients pour la fabrication de savonnettes<br \/>\n\u2714 Paillettes pour donner un effet magique aux savons<\/p>\n<p>Les enfants peuvent s\u2019amuser \u00e0 combiner les couleurs et \u00e0 personnaliser leurs savons selon leur imagination. En plus d\u2019\u00eatre une activit\u00e9 ludique, ce kit permet de d\u00e9velopper la cr\u00e9ativit\u00e9, la patience et l&rsquo;exp\u00e9rimentation.<\/p>\n<p>Depuis plus de 50 ans, SES Creative est un sp\u00e9cialiste des jouets cr\u00e9atifs qui encouragent le d\u00e9veloppement des enfants en toute s\u00e9curit\u00e9. Ce kit convient parfaitement aux jeunes passionn\u00e9s de loisirs cr\u00e9atifs \u00e0 partir de 7 ans et constitue une excellente id\u00e9e cadeau pour un anniversaire ou toute autre occasion sp\u00e9ciale.<\/p>\n","protected":false},"excerpt":{"rendered":"<p>Avec le kit Glitter Soap, les enfants peuvent fabriquer leurs propres savonnettes en toute simplicit\u00e9 ! Ce set cr\u00e9atif leur permet de r\u00e9aliser des savons de diff\u00e9rentes formes et couleurs, en exp\u00e9rimentant les m\u00e9langes et en ajoutant des paillettes pour un effet scintillant. Ce kit contient tout le n\u00e9cessaire pour une activit\u00e9 amusante et cr\u00e9ative [&hellip;]<\/p>\n","protected":false},"featured_media":98168,"comment_status":"closed","ping_status":"closed","template":"","meta":{"_acf_changed":false},"product_brand":[],"product_cat":[122],"product_tag":[],"class_list":{"0":"post-118049","1":"product","2":"type-product","3":"status-publish","4":"has-post-thumbnail","6":"product_cat-loisirs-creatifs","7":"pa_leeftijd-filter-6-ans","8":"pa_meest-populair-bij-filles","10":"first","11":"instock","12":"shipping-taxable","13":"product-type-simple"},"acf":[],"yoast_head":"<!-- This site is optimized with the Yoast SEO plugin v27.2 - https:\/\/yoast.com\/product\/yoast-seo-wordpress\/ -->\n<title>Mouler des savonnettes - SES Creative<\/title>\n<meta name=\"robots\" content=\"index, follow, max-snippet:-1, max-image-preview:large, max-video-preview:-1\" \/>\n<link rel=\"canonical\" href=\"https:\/\/ses-creative.com\/fr\/produit\/mouler-des-savonnettes\/\" \/>\n<meta property=\"og:locale\" content=\"fr_FR\" \/>\n<meta property=\"og:type\" content=\"article\" \/>\n<meta property=\"og:title\" content=\"Mouler des savonnettes - SES Creative\" \/>\n<meta property=\"og:description\" content=\"Avec le kit Glitter Soap, les enfants peuvent fabriquer leurs propres savonnettes en toute simplicit\u00e9 ! Ce set cr\u00e9atif leur permet de r\u00e9aliser des savons de diff\u00e9rentes formes et couleurs, en exp\u00e9rimentant les m\u00e9langes et en ajoutant des paillettes pour un effet scintillant. Ce kit contient tout le n\u00e9cessaire pour une activit\u00e9 amusante et cr\u00e9ative [&hellip;]\" \/>\n<meta property=\"og:url\" content=\"https:\/\/ses-creative.com\/fr\/produit\/mouler-des-savonnettes\/\" \/>\n<meta property=\"og:site_name\" content=\"SES Creative\" \/>\n<meta property=\"article:modified_time\" content=\"2026-02-12T10:22:22+00:00\" \/>\n<meta name=\"twitter:card\" content=\"summary_large_image\" \/>\n<meta name=\"twitter:label1\" content=\"Dur\u00e9e de lecture estim\u00e9e\" \/>\n\t<meta name=\"twitter:data1\" content=\"1 minute\" \/>\n<script type=\"application\/ld+json\" class=\"yoast-schema-graph\">{\"@context\":\"https:\/\/schema.org\",\"@graph\":[{\"@type\":\"WebPage\",\"@id\":\"https:\/\/ses-creative.com\/fr\/produit\/mouler-des-savonnettes\/\",\"url\":\"https:\/\/ses-creative.com\/fr\/produit\/mouler-des-savonnettes\/\",\"name\":\"Mouler des savonnettes - SES Creative\",\"isPartOf\":{\"@id\":\"https:\/\/ses-creative.com\/#website\"},\"primaryImageOfPage\":{\"@id\":\"https:\/\/ses-creative.com\/fr\/produit\/mouler-des-savonnettes\/#primaryimage\"},\"image\":{\"@id\":\"https:\/\/ses-creative.com\/fr\/produit\/mouler-des-savonnettes\/#primaryimage\"},\"thumbnailUrl\":\"https:\/\/ses-creative.com\/wp-content\/uploads\/2026\/01\/009101.jpg\",\"datePublished\":\"2026-02-12T10:08:27+00:00\",\"dateModified\":\"2026-02-12T10:22:22+00:00\",\"breadcrumb\":{\"@id\":\"https:\/\/ses-creative.com\/fr\/produit\/mouler-des-savonnettes\/#breadcrumb\"},\"inLanguage\":\"fr-FR\",\"potentialAction\":[{\"@type\":\"ReadAction\",\"target\":[\"https:\/\/ses-creative.com\/fr\/produit\/mouler-des-savonnettes\/\"]}]},{\"@type\":\"ImageObject\",\"inLanguage\":\"fr-FR\",\"@id\":\"https:\/\/ses-creative.com\/fr\/produit\/mouler-des-savonnettes\/#primaryimage\",\"url\":\"https:\/\/ses-creative.com\/wp-content\/uploads\/2026\/01\/009101.jpg\",\"contentUrl\":\"https:\/\/ses-creative.com\/wp-content\/uploads\/2026\/01\/009101.jpg\",\"width\":1000,\"height\":1000},{\"@type\":\"BreadcrumbList\",\"@id\":\"https:\/\/ses-creative.com\/fr\/produit\/mouler-des-savonnettes\/#breadcrumb\",\"itemListElement\":[{\"@type\":\"ListItem\",\"position\":1,\"name\":\"Boutique\",\"item\":\"https:\/\/ses-creative.com\/fr\/boutique\/\"},{\"@type\":\"ListItem\",\"position\":2,\"name\":\"Loisirs cr\u00e9atifs\",\"item\":\"https:\/\/ses-creative.com\/fr\/product-categorie\/loisirs-creatifs\/\"},{\"@type\":\"ListItem\",\"position\":3,\"name\":\"Mouler des savonnettes\"}]},{\"@type\":\"WebSite\",\"@id\":\"https:\/\/ses-creative.com\/#website\",\"url\":\"https:\/\/ses-creative.com\/\",\"name\":\"SES Creative\",\"description\":\"\",\"publisher\":{\"@id\":\"https:\/\/ses-creative.com\/#organization\"},\"potentialAction\":[{\"@type\":\"SearchAction\",\"target\":{\"@type\":\"EntryPoint\",\"urlTemplate\":\"https:\/\/ses-creative.com\/?s={search_term_string}\"},\"query-input\":{\"@type\":\"PropertyValueSpecification\",\"valueRequired\":true,\"valueName\":\"search_term_string\"}}],\"inLanguage\":\"fr-FR\"},{\"@type\":\"Organization\",\"@id\":\"https:\/\/ses-creative.com\/#organization\",\"name\":\"SES Creative\",\"url\":\"https:\/\/ses-creative.com\/\",\"logo\":{\"@type\":\"ImageObject\",\"inLanguage\":\"fr-FR\",\"@id\":\"https:\/\/ses-creative.com\/#\/schema\/logo\/image\/\",\"url\":\"https:\/\/ses-creative.com\/wp-content\/uploads\/2025\/10\/ses-creative-logo.jpg\",\"contentUrl\":\"https:\/\/ses-creative.com\/wp-content\/uploads\/2025\/10\/ses-creative-logo.jpg\",\"width\":2037,\"height\":2037,\"caption\":\"SES Creative\"},\"image\":{\"@id\":\"https:\/\/ses-creative.com\/#\/schema\/logo\/image\/\"}}]}<\/script>\n<!-- \/ Yoast SEO plugin. -->","yoast_head_json":{"title":"Mouler des savonnettes - SES Creative","robots":{"index":"index","follow":"follow","max-snippet":"max-snippet:-1","max-image-preview":"max-image-preview:large","max-video-preview":"max-video-preview:-1"},"canonical":"https:\/\/ses-creative.com\/fr\/produit\/mouler-des-savonnettes\/","og_locale":"fr_FR","og_type":"article","og_title":"Mouler des savonnettes - SES Creative","og_description":"Avec le kit Glitter Soap, les enfants peuvent fabriquer leurs propres savonnettes en toute simplicit\u00e9 ! Ce set cr\u00e9atif leur permet de r\u00e9aliser des savons de diff\u00e9rentes formes et couleurs, en exp\u00e9rimentant les m\u00e9langes et en ajoutant des paillettes pour un effet scintillant. Ce kit contient tout le n\u00e9cessaire pour une activit\u00e9 amusante et cr\u00e9ative [&hellip;]","og_url":"https:\/\/ses-creative.com\/fr\/produit\/mouler-des-savonnettes\/","og_site_name":"SES Creative","article_modified_time":"2026-02-12T10:22:22+00:00","twitter_card":"summary_large_image","twitter_misc":{"Dur\u00e9e de lecture estim\u00e9e":"1 minute"},"schema":{"@context":"https:\/\/schema.org","@graph":[{"@type":"WebPage","@id":"https:\/\/ses-creative.com\/fr\/produit\/mouler-des-savonnettes\/","url":"https:\/\/ses-creative.com\/fr\/produit\/mouler-des-savonnettes\/","name":"Mouler des savonnettes - SES Creative","isPartOf":{"@id":"https:\/\/ses-creative.com\/#website"},"primaryImageOfPage":{"@id":"https:\/\/ses-creative.com\/fr\/produit\/mouler-des-savonnettes\/#primaryimage"},"image":{"@id":"https:\/\/ses-creative.com\/fr\/produit\/mouler-des-savonnettes\/#primaryimage"},"thumbnailUrl":"https:\/\/ses-creative.com\/wp-content\/uploads\/2026\/01\/009101.jpg","datePublished":"2026-02-12T10:08:27+00:00","dateModified":"2026-02-12T10:22:22+00:00","breadcrumb":{"@id":"https:\/\/ses-creative.com\/fr\/produit\/mouler-des-savonnettes\/#breadcrumb"},"inLanguage":"fr-FR","potentialAction":[{"@type":"ReadAction","target":["https:\/\/ses-creative.com\/fr\/produit\/mouler-des-savonnettes\/"]}]},{"@type":"ImageObject","inLanguage":"fr-FR","@id":"https:\/\/ses-creative.com\/fr\/produit\/mouler-des-savonnettes\/#primaryimage","url":"https:\/\/ses-creative.com\/wp-content\/uploads\/2026\/01\/009101.jpg","contentUrl":"https:\/\/ses-creative.com\/wp-content\/uploads\/2026\/01\/009101.jpg","width":1000,"height":1000},{"@type":"BreadcrumbList","@id":"https:\/\/ses-creative.com\/fr\/produit\/mouler-des-savonnettes\/#breadcrumb","itemListElement":[{"@type":"ListItem","position":1,"name":"Boutique","item":"https:\/\/ses-creative.com\/fr\/boutique\/"},{"@type":"ListItem","position":2,"name":"Loisirs cr\u00e9atifs","item":"https:\/\/ses-creative.com\/fr\/product-categorie\/loisirs-creatifs\/"},{"@type":"ListItem","position":3,"name":"Mouler des savonnettes"}]},{"@type":"WebSite","@id":"https:\/\/ses-creative.com\/#website","url":"https:\/\/ses-creative.com\/","name":"SES Creative","description":"","publisher":{"@id":"https:\/\/ses-creative.com\/#organization"},"potentialAction":[{"@type":"SearchAction","target":{"@type":"EntryPoint","urlTemplate":"https:\/\/ses-creative.com\/?s={search_term_string}"},"query-input":{"@type":"PropertyValueSpecification","valueRequired":true,"valueName":"search_term_string"}}],"inLanguage":"fr-FR"},{"@type":"Organization","@id":"https:\/\/ses-creative.com\/#organization","name":"SES Creative","url":"https:\/\/ses-creative.com\/","logo":{"@type":"ImageObject","inLanguage":"fr-FR","@id":"https:\/\/ses-creative.com\/#\/schema\/logo\/image\/","url":"https:\/\/ses-creative.com\/wp-content\/uploads\/2025\/10\/ses-creative-logo.jpg","contentUrl":"https:\/\/ses-creative.com\/wp-content\/uploads\/2025\/10\/ses-creative-logo.jpg","width":2037,"height":2037,"caption":"SES Creative"},"image":{"@id":"https:\/\/ses-creative.com\/#\/schema\/logo\/image\/"}}]}},"_links":{"self":[{"href":"https:\/\/ses-creative.com\/fr\/wp-json\/wp\/v2\/product\/118049","targetHints":{"allow":["GET"]}}],"collection":[{"href":"https:\/\/ses-creative.com\/fr\/wp-json\/wp\/v2\/product"}],"about":[{"href":"https:\/\/ses-creative.com\/fr\/wp-json\/wp\/v2\/types\/product"}],"replies":[{"embeddable":true,"href":"https:\/\/ses-creative.com\/fr\/wp-json\/wp\/v2\/comments?post=118049"}],"wp:featuredmedia":[{"embeddable":true,"href":"https:\/\/ses-creative.com\/fr\/wp-json\/wp\/v2\/media\/98168"}],"wp:attachment":[{"href":"https:\/\/ses-creative.com\/fr\/wp-json\/wp\/v2\/media?parent=118049"}],"wp:term":[{"taxonomy":"product_brand","embeddable":true,"href":"https:\/\/ses-creative.com\/fr\/wp-json\/wp\/v2\/product_brand?post=118049"},{"taxonomy":"product_cat","embeddable":true,"href":"https:\/\/ses-creative.com\/fr\/wp-json\/wp\/v2\/product_cat?post=118049"},{"taxonomy":"product_tag","embeddable":true,"href":"https:\/\/ses-creative.com\/fr\/wp-json\/wp\/v2\/product_tag?post=118049"}],"curies":[{"name":"wp","href":"https:\/\/api.w.org\/{rel}","templated":true}]}}