











{"id":118048,"date":"2026-02-12T10:08:27","date_gmt":"2026-02-12T10:08:27","guid":{"rendered":"https:\/\/ses-creative.com\/?post_type=product&#038;p=118048"},"modified":"2026-02-12T10:22:22","modified_gmt":"2026-02-12T10:22:22","slug":"moules-de-pate-a-modeler-dinosaures","status":"publish","type":"product","link":"https:\/\/ses-creative.com\/fr\/produit\/moules-de-pate-a-modeler-dinosaures\/","title":{"rendered":"Moules de p\u00e2te \u00e0 modeler &#8211; Dinosaures"},"content":{"rendered":"<p>Formes en p\u00e2te \u00e0 modeler Dino &#8211; Laissez rugir votre imagination !<\/p>\n<p>Partez \u00e0 l&rsquo;aventure dans la pr\u00e9histoire avec les moules \u00e0 p\u00e2te Dino de SES Creative ! Gr\u00e2ce \u00e0 ces joyeux emporte-pi\u00e8ces, les enfants peuvent cr\u00e9er eux-m\u00eames les dinosaures les plus amusants \u00e0 partir de p\u00e2te \u00e0 modeler. Appuyez, soulevez et d\u00e9couvrez comment les plus belles figurines de dinosaures prennent vie. Id\u00e9al pour les petits explorateurs \u00e0 partir de 2 ans !<\/p>\n<p>Ce qui rend ce set g\u00e9nial<\/p>\n<p>7 moules \u00e0 p\u00e2te diff\u00e9rents aux motifs dinosaures sympas<\/p>\n<p>Facile \u00e0 utiliser : id\u00e9al pour les petites mains<br \/>\nStimule la cr\u00e9ativit\u00e9 et la motricit\u00e9 fine<br \/>\nPour un plaisir pr\u00e9historique sans fin<br \/>\nParfait pour les jeunes enfants \u00e0 partir de 2 ans<\/p>\n<p>Cr\u00e9ez vos propres aventures dinosaures<\/p>\n<p>Avec ce set, les enfants peuvent facilement cr\u00e9er leurs propres figurines de dinosaures en p\u00e2te \u00e0 modeler. Les emporte-pi\u00e8ces solides sont faciles \u00e0 tenir et donnent des r\u00e9sultats imm\u00e9diats, ce qui est tr\u00e8s motivant pour les tout-petits ! Ils d\u00e9couvrent ainsi de mani\u00e8re ludique les couleurs, les formes et le monde merveilleux des dinosaures.<\/p>\n<p>Contenu du kit<\/p>\n<p>7 emporte-pi\u00e8ces dinosaures de diff\u00e9rentes formes et couleurs<\/p>\n<p>Pourquoi choisir SES Creative ?<\/p>\n<p>Chez SES Creative, nous accordons une grande importance \u00e0 la s\u00e9curit\u00e9. C&rsquo;est pourquoi nos produits sont fabriqu\u00e9s et test\u00e9s dans notre usine aux Pays-Bas, conform\u00e9ment aux normes de s\u00e9curit\u00e9 europ\u00e9ennes les plus strictes. Les jouets SES Creative sont source de plaisir et permettent aux enfants d&rsquo;\u00eatre fiers de leur travail, ce qui stimule leur cr\u00e9ativit\u00e9 et leur d\u00e9veloppement.<\/p>\n<p>Commencez d\u00e8s aujourd&rsquo;hui \u00e0 modeler l&rsquo;argile et d\u00e9couvrez la magie des dinosaures !<\/p>\n<p>Prenez votre p\u00e2te \u00e0 modeler, choisissez votre forme pr\u00e9f\u00e9r\u00e9e et cr\u00e9ez les dinosaures les plus amusants avec ces emporte-pi\u00e8ces color\u00e9s de SES Creative. Jouer, apprendre et imaginer : tout en un seul set !<\/p>\n","protected":false},"excerpt":{"rendered":"<p>Formes en p\u00e2te \u00e0 modeler Dino &#8211; Laissez rugir votre imagination ! Partez \u00e0 l&rsquo;aventure dans la pr\u00e9histoire avec les moules \u00e0 p\u00e2te Dino de SES Creative ! Gr\u00e2ce \u00e0 ces joyeux emporte-pi\u00e8ces, les enfants peuvent cr\u00e9er eux-m\u00eames les dinosaures les plus amusants \u00e0 partir de p\u00e2te \u00e0 modeler. Appuyez, soulevez et d\u00e9couvrez comment les [&hellip;]<\/p>\n","protected":false},"featured_media":98148,"comment_status":"closed","ping_status":"closed","template":"","meta":{"_acf_changed":false},"product_brand":[],"product_cat":[124],"product_tag":[],"class_list":{"0":"post-118048","1":"product","2":"type-product","3":"status-publish","4":"has-post-thumbnail","6":"product_cat-pate-a-modeler","7":"pa_leeftijd-filter-0-2-ans","8":"pa_meest-populair-bij-garcons-filles","10":"first","11":"instock","12":"shipping-taxable","13":"product-type-simple"},"acf":[],"yoast_head":"<!-- This site is optimized with the Yoast SEO plugin v27.4 - https:\/\/yoast.com\/product\/yoast-seo-wordpress\/ -->\n<title>Moules de p\u00e2te \u00e0 modeler - Dinosaures - SES Creative<\/title>\n<meta name=\"robots\" content=\"index, follow, max-snippet:-1, max-image-preview:large, max-video-preview:-1\" \/>\n<link rel=\"canonical\" href=\"https:\/\/ses-creative.com\/fr\/produit\/moules-de-pate-a-modeler-dinosaures\/\" \/>\n<meta property=\"og:locale\" content=\"fr_FR\" \/>\n<meta property=\"og:type\" content=\"article\" \/>\n<meta property=\"og:title\" content=\"Moules de p\u00e2te \u00e0 modeler - Dinosaures - SES Creative\" \/>\n<meta property=\"og:description\" content=\"Formes en p\u00e2te \u00e0 modeler Dino &#8211; Laissez rugir votre imagination ! Partez \u00e0 l&rsquo;aventure dans la pr\u00e9histoire avec les moules \u00e0 p\u00e2te Dino de SES Creative ! Gr\u00e2ce \u00e0 ces joyeux emporte-pi\u00e8ces, les enfants peuvent cr\u00e9er eux-m\u00eames les dinosaures les plus amusants \u00e0 partir de p\u00e2te \u00e0 modeler. Appuyez, soulevez et d\u00e9couvrez comment les [&hellip;]\" \/>\n<meta property=\"og:url\" content=\"https:\/\/ses-creative.com\/fr\/produit\/moules-de-pate-a-modeler-dinosaures\/\" \/>\n<meta property=\"og:site_name\" content=\"SES Creative\" \/>\n<meta property=\"article:modified_time\" content=\"2026-02-12T10:22:22+00:00\" \/>\n<meta name=\"twitter:card\" content=\"summary_large_image\" \/>\n<meta name=\"twitter:label1\" content=\"Dur\u00e9e de lecture estim\u00e9e\" \/>\n\t<meta name=\"twitter:data1\" content=\"2 minutes\" \/>\n<script type=\"application\/ld+json\" class=\"yoast-schema-graph\">{\"@context\":\"https:\\\/\\\/schema.org\",\"@graph\":[{\"@type\":\"WebPage\",\"@id\":\"https:\\\/\\\/ses-creative.com\\\/fr\\\/produit\\\/moules-de-pate-a-modeler-dinosaures\\\/\",\"url\":\"https:\\\/\\\/ses-creative.com\\\/fr\\\/produit\\\/moules-de-pate-a-modeler-dinosaures\\\/\",\"name\":\"Moules de p\u00e2te \u00e0 modeler - Dinosaures - SES Creative\",\"isPartOf\":{\"@id\":\"https:\\\/\\\/ses-creative.com\\\/#website\"},\"primaryImageOfPage\":{\"@id\":\"https:\\\/\\\/ses-creative.com\\\/fr\\\/produit\\\/moules-de-pate-a-modeler-dinosaures\\\/#primaryimage\"},\"image\":{\"@id\":\"https:\\\/\\\/ses-creative.com\\\/fr\\\/produit\\\/moules-de-pate-a-modeler-dinosaures\\\/#primaryimage\"},\"thumbnailUrl\":\"https:\\\/\\\/ses-creative.com\\\/wp-content\\\/uploads\\\/2026\\\/01\\\/008871.jpg\",\"datePublished\":\"2026-02-12T10:08:27+00:00\",\"dateModified\":\"2026-02-12T10:22:22+00:00\",\"breadcrumb\":{\"@id\":\"https:\\\/\\\/ses-creative.com\\\/fr\\\/produit\\\/moules-de-pate-a-modeler-dinosaures\\\/#breadcrumb\"},\"inLanguage\":\"fr-FR\",\"potentialAction\":[{\"@type\":\"ReadAction\",\"target\":[\"https:\\\/\\\/ses-creative.com\\\/fr\\\/produit\\\/moules-de-pate-a-modeler-dinosaures\\\/\"]}]},{\"@type\":\"ImageObject\",\"inLanguage\":\"fr-FR\",\"@id\":\"https:\\\/\\\/ses-creative.com\\\/fr\\\/produit\\\/moules-de-pate-a-modeler-dinosaures\\\/#primaryimage\",\"url\":\"https:\\\/\\\/ses-creative.com\\\/wp-content\\\/uploads\\\/2026\\\/01\\\/008871.jpg\",\"contentUrl\":\"https:\\\/\\\/ses-creative.com\\\/wp-content\\\/uploads\\\/2026\\\/01\\\/008871.jpg\",\"width\":1000,\"height\":1000},{\"@type\":\"BreadcrumbList\",\"@id\":\"https:\\\/\\\/ses-creative.com\\\/fr\\\/produit\\\/moules-de-pate-a-modeler-dinosaures\\\/#breadcrumb\",\"itemListElement\":[{\"@type\":\"ListItem\",\"position\":1,\"name\":\"Boutique\",\"item\":\"https:\\\/\\\/ses-creative.com\\\/fr\\\/boutique\\\/\"},{\"@type\":\"ListItem\",\"position\":2,\"name\":\"P\u00e2te \u00e0 modeler\",\"item\":\"https:\\\/\\\/ses-creative.com\\\/fr\\\/product-categorie\\\/pate-a-modeler\\\/\"},{\"@type\":\"ListItem\",\"position\":3,\"name\":\"Moules de p\u00e2te \u00e0 modeler &#8211; Dinosaures\"}]},{\"@type\":\"WebSite\",\"@id\":\"https:\\\/\\\/ses-creative.com\\\/#website\",\"url\":\"https:\\\/\\\/ses-creative.com\\\/\",\"name\":\"SES Creative\",\"description\":\"\",\"publisher\":{\"@id\":\"https:\\\/\\\/ses-creative.com\\\/#organization\"},\"potentialAction\":[{\"@type\":\"SearchAction\",\"target\":{\"@type\":\"EntryPoint\",\"urlTemplate\":\"https:\\\/\\\/ses-creative.com\\\/?s={search_term_string}\"},\"query-input\":{\"@type\":\"PropertyValueSpecification\",\"valueRequired\":true,\"valueName\":\"search_term_string\"}}],\"inLanguage\":\"fr-FR\"},{\"@type\":\"Organization\",\"@id\":\"https:\\\/\\\/ses-creative.com\\\/#organization\",\"name\":\"SES Creative\",\"url\":\"https:\\\/\\\/ses-creative.com\\\/\",\"logo\":{\"@type\":\"ImageObject\",\"inLanguage\":\"fr-FR\",\"@id\":\"https:\\\/\\\/ses-creative.com\\\/#\\\/schema\\\/logo\\\/image\\\/\",\"url\":\"https:\\\/\\\/ses-creative.com\\\/wp-content\\\/uploads\\\/2025\\\/10\\\/ses-creative-logo.jpg\",\"contentUrl\":\"https:\\\/\\\/ses-creative.com\\\/wp-content\\\/uploads\\\/2025\\\/10\\\/ses-creative-logo.jpg\",\"width\":2037,\"height\":2037,\"caption\":\"SES Creative\"},\"image\":{\"@id\":\"https:\\\/\\\/ses-creative.com\\\/#\\\/schema\\\/logo\\\/image\\\/\"}}]}<\/script>\n<!-- \/ Yoast SEO plugin. -->","yoast_head_json":{"title":"Moules de p\u00e2te \u00e0 modeler - Dinosaures - SES Creative","robots":{"index":"index","follow":"follow","max-snippet":"max-snippet:-1","max-image-preview":"max-image-preview:large","max-video-preview":"max-video-preview:-1"},"canonical":"https:\/\/ses-creative.com\/fr\/produit\/moules-de-pate-a-modeler-dinosaures\/","og_locale":"fr_FR","og_type":"article","og_title":"Moules de p\u00e2te \u00e0 modeler - Dinosaures - SES Creative","og_description":"Formes en p\u00e2te \u00e0 modeler Dino &#8211; Laissez rugir votre imagination ! Partez \u00e0 l&rsquo;aventure dans la pr\u00e9histoire avec les moules \u00e0 p\u00e2te Dino de SES Creative ! Gr\u00e2ce \u00e0 ces joyeux emporte-pi\u00e8ces, les enfants peuvent cr\u00e9er eux-m\u00eames les dinosaures les plus amusants \u00e0 partir de p\u00e2te \u00e0 modeler. Appuyez, soulevez et d\u00e9couvrez comment les [&hellip;]","og_url":"https:\/\/ses-creative.com\/fr\/produit\/moules-de-pate-a-modeler-dinosaures\/","og_site_name":"SES Creative","article_modified_time":"2026-02-12T10:22:22+00:00","twitter_card":"summary_large_image","twitter_misc":{"Dur\u00e9e de lecture estim\u00e9e":"2 minutes"},"schema":{"@context":"https:\/\/schema.org","@graph":[{"@type":"WebPage","@id":"https:\/\/ses-creative.com\/fr\/produit\/moules-de-pate-a-modeler-dinosaures\/","url":"https:\/\/ses-creative.com\/fr\/produit\/moules-de-pate-a-modeler-dinosaures\/","name":"Moules de p\u00e2te \u00e0 modeler - Dinosaures - SES Creative","isPartOf":{"@id":"https:\/\/ses-creative.com\/#website"},"primaryImageOfPage":{"@id":"https:\/\/ses-creative.com\/fr\/produit\/moules-de-pate-a-modeler-dinosaures\/#primaryimage"},"image":{"@id":"https:\/\/ses-creative.com\/fr\/produit\/moules-de-pate-a-modeler-dinosaures\/#primaryimage"},"thumbnailUrl":"https:\/\/ses-creative.com\/wp-content\/uploads\/2026\/01\/008871.jpg","datePublished":"2026-02-12T10:08:27+00:00","dateModified":"2026-02-12T10:22:22+00:00","breadcrumb":{"@id":"https:\/\/ses-creative.com\/fr\/produit\/moules-de-pate-a-modeler-dinosaures\/#breadcrumb"},"inLanguage":"fr-FR","potentialAction":[{"@type":"ReadAction","target":["https:\/\/ses-creative.com\/fr\/produit\/moules-de-pate-a-modeler-dinosaures\/"]}]},{"@type":"ImageObject","inLanguage":"fr-FR","@id":"https:\/\/ses-creative.com\/fr\/produit\/moules-de-pate-a-modeler-dinosaures\/#primaryimage","url":"https:\/\/ses-creative.com\/wp-content\/uploads\/2026\/01\/008871.jpg","contentUrl":"https:\/\/ses-creative.com\/wp-content\/uploads\/2026\/01\/008871.jpg","width":1000,"height":1000},{"@type":"BreadcrumbList","@id":"https:\/\/ses-creative.com\/fr\/produit\/moules-de-pate-a-modeler-dinosaures\/#breadcrumb","itemListElement":[{"@type":"ListItem","position":1,"name":"Boutique","item":"https:\/\/ses-creative.com\/fr\/boutique\/"},{"@type":"ListItem","position":2,"name":"P\u00e2te \u00e0 modeler","item":"https:\/\/ses-creative.com\/fr\/product-categorie\/pate-a-modeler\/"},{"@type":"ListItem","position":3,"name":"Moules de p\u00e2te \u00e0 modeler &#8211; Dinosaures"}]},{"@type":"WebSite","@id":"https:\/\/ses-creative.com\/#website","url":"https:\/\/ses-creative.com\/","name":"SES Creative","description":"","publisher":{"@id":"https:\/\/ses-creative.com\/#organization"},"potentialAction":[{"@type":"SearchAction","target":{"@type":"EntryPoint","urlTemplate":"https:\/\/ses-creative.com\/?s={search_term_string}"},"query-input":{"@type":"PropertyValueSpecification","valueRequired":true,"valueName":"search_term_string"}}],"inLanguage":"fr-FR"},{"@type":"Organization","@id":"https:\/\/ses-creative.com\/#organization","name":"SES Creative","url":"https:\/\/ses-creative.com\/","logo":{"@type":"ImageObject","inLanguage":"fr-FR","@id":"https:\/\/ses-creative.com\/#\/schema\/logo\/image\/","url":"https:\/\/ses-creative.com\/wp-content\/uploads\/2025\/10\/ses-creative-logo.jpg","contentUrl":"https:\/\/ses-creative.com\/wp-content\/uploads\/2025\/10\/ses-creative-logo.jpg","width":2037,"height":2037,"caption":"SES Creative"},"image":{"@id":"https:\/\/ses-creative.com\/#\/schema\/logo\/image\/"}}]}},"_links":{"self":[{"href":"https:\/\/ses-creative.com\/fr\/wp-json\/wp\/v2\/product\/118048","targetHints":{"allow":["GET"]}}],"collection":[{"href":"https:\/\/ses-creative.com\/fr\/wp-json\/wp\/v2\/product"}],"about":[{"href":"https:\/\/ses-creative.com\/fr\/wp-json\/wp\/v2\/types\/product"}],"replies":[{"embeddable":true,"href":"https:\/\/ses-creative.com\/fr\/wp-json\/wp\/v2\/comments?post=118048"}],"wp:featuredmedia":[{"embeddable":true,"href":"https:\/\/ses-creative.com\/fr\/wp-json\/wp\/v2\/media\/98148"}],"wp:attachment":[{"href":"https:\/\/ses-creative.com\/fr\/wp-json\/wp\/v2\/media?parent=118048"}],"wp:term":[{"taxonomy":"product_brand","embeddable":true,"href":"https:\/\/ses-creative.com\/fr\/wp-json\/wp\/v2\/product_brand?post=118048"},{"taxonomy":"product_cat","embeddable":true,"href":"https:\/\/ses-creative.com\/fr\/wp-json\/wp\/v2\/product_cat?post=118048"},{"taxonomy":"product_tag","embeddable":true,"href":"https:\/\/ses-creative.com\/fr\/wp-json\/wp\/v2\/product_tag?post=118048"}],"curies":[{"name":"wp","href":"https:\/\/api.w.org\/{rel}","templated":true}]}}