











{"id":118047,"date":"2026-02-12T10:08:27","date_gmt":"2026-02-12T10:08:27","guid":{"rendered":"https:\/\/ses-creative.com\/?post_type=product&#038;p=118047"},"modified":"2026-02-12T10:22:21","modified_gmt":"2026-02-12T10:22:21","slug":"accessoires-pour-modelage-12-pieces","status":"publish","type":"product","link":"https:\/\/ses-creative.com\/fr\/produit\/accessoires-pour-modelage-12-pieces\/","title":{"rendered":"Accessoires Pour Modelage 12 pieces"},"content":{"rendered":"<p>Le coffret SES Creative Emporte-Pi\u00e8ces P\u00e2te \u00e0 Modeler comprend 12 moules en plastique color\u00e9 repr\u00e9sentant animaux, objets, v\u00e9hicules et personnages. Con\u00e7us pour les enfants d\u00e8s 2 ans, ces emporte-pi\u00e8ces sont simples \u00e0 utiliser et bien adapt\u00e9s aux petites mains. Leur format ergonomique encourage la motricit\u00e9 fine, la coordination \u0153il-main et l\u2019imagination des tout-petits lors de jeux de modelage cr\u00e9atifs. Fabriqu\u00e9s en plastique r\u00e9sistant, ils sont durables, r\u00e9utilisables et faciles \u00e0 nettoyer. Id\u00e9aux pour accompagner les activit\u00e9s p\u00e2te \u00e0 modeler 2 ans, ces accessoires s\u2019int\u00e8grent aussi bien dans les jeux \u00e0 la maison qu\u2019en cr\u00e8che ou en \u00e9cole maternelle. Leur design color\u00e9 et th\u00e9matique stimule la reconnaissance des formes et d\u00e9veloppe les capacit\u00e9s cognitives d\u00e8s le plus jeune \u00e2ge. Ce jouet p\u00e2te \u00e0 modeler SES est neutre en CO\u2082, ce qui en fait un choix \u00e9coresponsable pour des moments cr\u00e9atifs durables et respectueux de l\u2019environnement. Ces emporte pi\u00e8ces p\u00e2te \u00e0 modeler sont con\u00e7us pour des jeux cr\u00e9atifs p\u00e2te \u00e0 modeler vari\u00e9s. Ils facilitent le d\u00e9coupage p\u00e2te \u00e0 modeler enfant et pr\u00e9sentent diff\u00e9rentes formes p\u00e2te \u00e0 modeler enfants.<\/p>\n","protected":false},"excerpt":{"rendered":"<p>Le coffret SES Creative Emporte-Pi\u00e8ces P\u00e2te \u00e0 Modeler comprend 12 moules en plastique color\u00e9 repr\u00e9sentant animaux, objets, v\u00e9hicules et personnages. Con\u00e7us pour les enfants d\u00e8s 2 ans, ces emporte-pi\u00e8ces sont simples \u00e0 utiliser et bien adapt\u00e9s aux petites mains. Leur format ergonomique encourage la motricit\u00e9 fine, la coordination \u0153il-main et l\u2019imagination des tout-petits lors de [&hellip;]<\/p>\n","protected":false},"featured_media":98128,"comment_status":"closed","ping_status":"closed","template":"","meta":{"_acf_changed":false},"product_brand":[],"product_cat":[124],"product_tag":[],"class_list":{"0":"post-118047","1":"product","2":"type-product","3":"status-publish","4":"has-post-thumbnail","6":"product_cat-pate-a-modeler","7":"pa_leeftijd-filter-0-2-ans","8":"pa_meest-populair-bij-garcons-filles","10":"first","11":"instock","12":"shipping-taxable","13":"product-type-simple"},"acf":[],"yoast_head":"<!-- This site is optimized with the Yoast SEO plugin v27.4 - https:\/\/yoast.com\/product\/yoast-seo-wordpress\/ -->\n<title>Accessoires Pour Modelage 12 pieces - SES Creative<\/title>\n<meta name=\"robots\" content=\"index, follow, max-snippet:-1, max-image-preview:large, max-video-preview:-1\" \/>\n<link rel=\"canonical\" href=\"https:\/\/ses-creative.com\/fr\/produit\/accessoires-pour-modelage-12-pieces\/\" \/>\n<meta property=\"og:locale\" content=\"fr_FR\" \/>\n<meta property=\"og:type\" content=\"article\" \/>\n<meta property=\"og:title\" content=\"Accessoires Pour Modelage 12 pieces - SES Creative\" \/>\n<meta property=\"og:description\" content=\"Le coffret SES Creative Emporte-Pi\u00e8ces P\u00e2te \u00e0 Modeler comprend 12 moules en plastique color\u00e9 repr\u00e9sentant animaux, objets, v\u00e9hicules et personnages. Con\u00e7us pour les enfants d\u00e8s 2 ans, ces emporte-pi\u00e8ces sont simples \u00e0 utiliser et bien adapt\u00e9s aux petites mains. Leur format ergonomique encourage la motricit\u00e9 fine, la coordination \u0153il-main et l\u2019imagination des tout-petits lors de [&hellip;]\" \/>\n<meta property=\"og:url\" content=\"https:\/\/ses-creative.com\/fr\/produit\/accessoires-pour-modelage-12-pieces\/\" \/>\n<meta property=\"og:site_name\" content=\"SES Creative\" \/>\n<meta property=\"article:modified_time\" content=\"2026-02-12T10:22:21+00:00\" \/>\n<meta name=\"twitter:card\" content=\"summary_large_image\" \/>\n<meta name=\"twitter:label1\" content=\"Dur\u00e9e de lecture estim\u00e9e\" \/>\n\t<meta name=\"twitter:data1\" content=\"1 minute\" \/>\n<script type=\"application\/ld+json\" class=\"yoast-schema-graph\">{\"@context\":\"https:\\\/\\\/schema.org\",\"@graph\":[{\"@type\":\"WebPage\",\"@id\":\"https:\\\/\\\/ses-creative.com\\\/fr\\\/produit\\\/accessoires-pour-modelage-12-pieces\\\/\",\"url\":\"https:\\\/\\\/ses-creative.com\\\/fr\\\/produit\\\/accessoires-pour-modelage-12-pieces\\\/\",\"name\":\"Accessoires Pour Modelage 12 pieces - SES Creative\",\"isPartOf\":{\"@id\":\"https:\\\/\\\/ses-creative.com\\\/#website\"},\"primaryImageOfPage\":{\"@id\":\"https:\\\/\\\/ses-creative.com\\\/fr\\\/produit\\\/accessoires-pour-modelage-12-pieces\\\/#primaryimage\"},\"image\":{\"@id\":\"https:\\\/\\\/ses-creative.com\\\/fr\\\/produit\\\/accessoires-pour-modelage-12-pieces\\\/#primaryimage\"},\"thumbnailUrl\":\"https:\\\/\\\/ses-creative.com\\\/wp-content\\\/uploads\\\/2026\\\/01\\\/008841.jpg\",\"datePublished\":\"2026-02-12T10:08:27+00:00\",\"dateModified\":\"2026-02-12T10:22:21+00:00\",\"breadcrumb\":{\"@id\":\"https:\\\/\\\/ses-creative.com\\\/fr\\\/produit\\\/accessoires-pour-modelage-12-pieces\\\/#breadcrumb\"},\"inLanguage\":\"fr-FR\",\"potentialAction\":[{\"@type\":\"ReadAction\",\"target\":[\"https:\\\/\\\/ses-creative.com\\\/fr\\\/produit\\\/accessoires-pour-modelage-12-pieces\\\/\"]}]},{\"@type\":\"ImageObject\",\"inLanguage\":\"fr-FR\",\"@id\":\"https:\\\/\\\/ses-creative.com\\\/fr\\\/produit\\\/accessoires-pour-modelage-12-pieces\\\/#primaryimage\",\"url\":\"https:\\\/\\\/ses-creative.com\\\/wp-content\\\/uploads\\\/2026\\\/01\\\/008841.jpg\",\"contentUrl\":\"https:\\\/\\\/ses-creative.com\\\/wp-content\\\/uploads\\\/2026\\\/01\\\/008841.jpg\",\"width\":1000,\"height\":1000},{\"@type\":\"BreadcrumbList\",\"@id\":\"https:\\\/\\\/ses-creative.com\\\/fr\\\/produit\\\/accessoires-pour-modelage-12-pieces\\\/#breadcrumb\",\"itemListElement\":[{\"@type\":\"ListItem\",\"position\":1,\"name\":\"Boutique\",\"item\":\"https:\\\/\\\/ses-creative.com\\\/fr\\\/boutique\\\/\"},{\"@type\":\"ListItem\",\"position\":2,\"name\":\"P\u00e2te \u00e0 modeler\",\"item\":\"https:\\\/\\\/ses-creative.com\\\/fr\\\/product-categorie\\\/pate-a-modeler\\\/\"},{\"@type\":\"ListItem\",\"position\":3,\"name\":\"Accessoires Pour Modelage 12 pieces\"}]},{\"@type\":\"WebSite\",\"@id\":\"https:\\\/\\\/ses-creative.com\\\/#website\",\"url\":\"https:\\\/\\\/ses-creative.com\\\/\",\"name\":\"SES Creative\",\"description\":\"\",\"publisher\":{\"@id\":\"https:\\\/\\\/ses-creative.com\\\/#organization\"},\"potentialAction\":[{\"@type\":\"SearchAction\",\"target\":{\"@type\":\"EntryPoint\",\"urlTemplate\":\"https:\\\/\\\/ses-creative.com\\\/?s={search_term_string}\"},\"query-input\":{\"@type\":\"PropertyValueSpecification\",\"valueRequired\":true,\"valueName\":\"search_term_string\"}}],\"inLanguage\":\"fr-FR\"},{\"@type\":\"Organization\",\"@id\":\"https:\\\/\\\/ses-creative.com\\\/#organization\",\"name\":\"SES Creative\",\"url\":\"https:\\\/\\\/ses-creative.com\\\/\",\"logo\":{\"@type\":\"ImageObject\",\"inLanguage\":\"fr-FR\",\"@id\":\"https:\\\/\\\/ses-creative.com\\\/#\\\/schema\\\/logo\\\/image\\\/\",\"url\":\"https:\\\/\\\/ses-creative.com\\\/wp-content\\\/uploads\\\/2025\\\/10\\\/ses-creative-logo.jpg\",\"contentUrl\":\"https:\\\/\\\/ses-creative.com\\\/wp-content\\\/uploads\\\/2025\\\/10\\\/ses-creative-logo.jpg\",\"width\":2037,\"height\":2037,\"caption\":\"SES Creative\"},\"image\":{\"@id\":\"https:\\\/\\\/ses-creative.com\\\/#\\\/schema\\\/logo\\\/image\\\/\"}}]}<\/script>\n<!-- \/ Yoast SEO plugin. -->","yoast_head_json":{"title":"Accessoires Pour Modelage 12 pieces - SES Creative","robots":{"index":"index","follow":"follow","max-snippet":"max-snippet:-1","max-image-preview":"max-image-preview:large","max-video-preview":"max-video-preview:-1"},"canonical":"https:\/\/ses-creative.com\/fr\/produit\/accessoires-pour-modelage-12-pieces\/","og_locale":"fr_FR","og_type":"article","og_title":"Accessoires Pour Modelage 12 pieces - SES Creative","og_description":"Le coffret SES Creative Emporte-Pi\u00e8ces P\u00e2te \u00e0 Modeler comprend 12 moules en plastique color\u00e9 repr\u00e9sentant animaux, objets, v\u00e9hicules et personnages. Con\u00e7us pour les enfants d\u00e8s 2 ans, ces emporte-pi\u00e8ces sont simples \u00e0 utiliser et bien adapt\u00e9s aux petites mains. Leur format ergonomique encourage la motricit\u00e9 fine, la coordination \u0153il-main et l\u2019imagination des tout-petits lors de [&hellip;]","og_url":"https:\/\/ses-creative.com\/fr\/produit\/accessoires-pour-modelage-12-pieces\/","og_site_name":"SES Creative","article_modified_time":"2026-02-12T10:22:21+00:00","twitter_card":"summary_large_image","twitter_misc":{"Dur\u00e9e de lecture estim\u00e9e":"1 minute"},"schema":{"@context":"https:\/\/schema.org","@graph":[{"@type":"WebPage","@id":"https:\/\/ses-creative.com\/fr\/produit\/accessoires-pour-modelage-12-pieces\/","url":"https:\/\/ses-creative.com\/fr\/produit\/accessoires-pour-modelage-12-pieces\/","name":"Accessoires Pour Modelage 12 pieces - SES Creative","isPartOf":{"@id":"https:\/\/ses-creative.com\/#website"},"primaryImageOfPage":{"@id":"https:\/\/ses-creative.com\/fr\/produit\/accessoires-pour-modelage-12-pieces\/#primaryimage"},"image":{"@id":"https:\/\/ses-creative.com\/fr\/produit\/accessoires-pour-modelage-12-pieces\/#primaryimage"},"thumbnailUrl":"https:\/\/ses-creative.com\/wp-content\/uploads\/2026\/01\/008841.jpg","datePublished":"2026-02-12T10:08:27+00:00","dateModified":"2026-02-12T10:22:21+00:00","breadcrumb":{"@id":"https:\/\/ses-creative.com\/fr\/produit\/accessoires-pour-modelage-12-pieces\/#breadcrumb"},"inLanguage":"fr-FR","potentialAction":[{"@type":"ReadAction","target":["https:\/\/ses-creative.com\/fr\/produit\/accessoires-pour-modelage-12-pieces\/"]}]},{"@type":"ImageObject","inLanguage":"fr-FR","@id":"https:\/\/ses-creative.com\/fr\/produit\/accessoires-pour-modelage-12-pieces\/#primaryimage","url":"https:\/\/ses-creative.com\/wp-content\/uploads\/2026\/01\/008841.jpg","contentUrl":"https:\/\/ses-creative.com\/wp-content\/uploads\/2026\/01\/008841.jpg","width":1000,"height":1000},{"@type":"BreadcrumbList","@id":"https:\/\/ses-creative.com\/fr\/produit\/accessoires-pour-modelage-12-pieces\/#breadcrumb","itemListElement":[{"@type":"ListItem","position":1,"name":"Boutique","item":"https:\/\/ses-creative.com\/fr\/boutique\/"},{"@type":"ListItem","position":2,"name":"P\u00e2te \u00e0 modeler","item":"https:\/\/ses-creative.com\/fr\/product-categorie\/pate-a-modeler\/"},{"@type":"ListItem","position":3,"name":"Accessoires Pour Modelage 12 pieces"}]},{"@type":"WebSite","@id":"https:\/\/ses-creative.com\/#website","url":"https:\/\/ses-creative.com\/","name":"SES Creative","description":"","publisher":{"@id":"https:\/\/ses-creative.com\/#organization"},"potentialAction":[{"@type":"SearchAction","target":{"@type":"EntryPoint","urlTemplate":"https:\/\/ses-creative.com\/?s={search_term_string}"},"query-input":{"@type":"PropertyValueSpecification","valueRequired":true,"valueName":"search_term_string"}}],"inLanguage":"fr-FR"},{"@type":"Organization","@id":"https:\/\/ses-creative.com\/#organization","name":"SES Creative","url":"https:\/\/ses-creative.com\/","logo":{"@type":"ImageObject","inLanguage":"fr-FR","@id":"https:\/\/ses-creative.com\/#\/schema\/logo\/image\/","url":"https:\/\/ses-creative.com\/wp-content\/uploads\/2025\/10\/ses-creative-logo.jpg","contentUrl":"https:\/\/ses-creative.com\/wp-content\/uploads\/2025\/10\/ses-creative-logo.jpg","width":2037,"height":2037,"caption":"SES Creative"},"image":{"@id":"https:\/\/ses-creative.com\/#\/schema\/logo\/image\/"}}]}},"_links":{"self":[{"href":"https:\/\/ses-creative.com\/fr\/wp-json\/wp\/v2\/product\/118047","targetHints":{"allow":["GET"]}}],"collection":[{"href":"https:\/\/ses-creative.com\/fr\/wp-json\/wp\/v2\/product"}],"about":[{"href":"https:\/\/ses-creative.com\/fr\/wp-json\/wp\/v2\/types\/product"}],"replies":[{"embeddable":true,"href":"https:\/\/ses-creative.com\/fr\/wp-json\/wp\/v2\/comments?post=118047"}],"wp:featuredmedia":[{"embeddable":true,"href":"https:\/\/ses-creative.com\/fr\/wp-json\/wp\/v2\/media\/98128"}],"wp:attachment":[{"href":"https:\/\/ses-creative.com\/fr\/wp-json\/wp\/v2\/media?parent=118047"}],"wp:term":[{"taxonomy":"product_brand","embeddable":true,"href":"https:\/\/ses-creative.com\/fr\/wp-json\/wp\/v2\/product_brand?post=118047"},{"taxonomy":"product_cat","embeddable":true,"href":"https:\/\/ses-creative.com\/fr\/wp-json\/wp\/v2\/product_cat?post=118047"},{"taxonomy":"product_tag","embeddable":true,"href":"https:\/\/ses-creative.com\/fr\/wp-json\/wp\/v2\/product_tag?post=118047"}],"curies":[{"name":"wp","href":"https:\/\/api.w.org\/{rel}","templated":true}]}}