











{"id":118046,"date":"2026-02-12T10:08:26","date_gmt":"2026-02-12T10:08:26","guid":{"rendered":"https:\/\/ses-creative.com\/?post_type=product&#038;p=118046"},"modified":"2026-02-12T10:22:21","modified_gmt":"2026-02-12T10:22:21","slug":"jeu-de-tissage","status":"publish","type":"product","link":"https:\/\/ses-creative.com\/fr\/produit\/jeu-de-tissage\/","title":{"rendered":"Jeu de Tissage"},"content":{"rendered":"<p>Le Jeu de Tissage de SES Creative initie les enfants d\u00e8s 5 ans \u00e0 l\u2019art du textile. Gr\u00e2ce \u00e0 un m\u00e9tier en bois solide et ergonomique, ils apprennent \u00e0 passer les fils, alterner les couleurs et composer des motifs personnalis\u00e9s. Ce jeu manuel stimule la motricit\u00e9 fine, la coordination \u0153il-main et la capacit\u00e9 de concentration. L\u2019enfant d\u00e9couvre les bases du tissage tout en d\u00e9veloppant sa patience, son sens de l\u2019observation et sa cr\u00e9ativit\u00e9. Le fil de coton inclus, en cinq couleurs diff\u00e9rentes, offre 60 m\u00e8tres de mati\u00e8re pour imaginer des compositions personnelles et vari\u00e9es. Utilisable \u00e0 la maison, en activit\u00e9 encadr\u00e9e ou en autonomie. Il introduit simplement aux bases du tissage traditionnel. L\u2019enfant peut choisir de conserver ses tissages, les afficher ou les offrir comme souvenirs personnels. L\u2019ensemble est r\u00e9utilisable et compatible avec d\u2019autres fils. Convient aux ateliers \u00e0 la maison, \u00e0 l\u2019\u00e9cole ou en centre de loisirs.<\/p>\n","protected":false},"excerpt":{"rendered":"<p>Le Jeu de Tissage de SES Creative initie les enfants d\u00e8s 5 ans \u00e0 l\u2019art du textile. Gr\u00e2ce \u00e0 un m\u00e9tier en bois solide et ergonomique, ils apprennent \u00e0 passer les fils, alterner les couleurs et composer des motifs personnalis\u00e9s. Ce jeu manuel stimule la motricit\u00e9 fine, la coordination \u0153il-main et la capacit\u00e9 de concentration. [&hellip;]<\/p>\n","protected":false},"featured_media":98108,"comment_status":"closed","ping_status":"closed","template":"","meta":{"_acf_changed":false},"product_brand":[],"product_cat":[122],"product_tag":[],"class_list":{"0":"post-118046","1":"product","2":"type-product","3":"status-publish","4":"has-post-thumbnail","6":"product_cat-loisirs-creatifs","7":"pa_leeftijd-filter-4-6-ans","8":"pa_meest-populair-bij-garcons-filles","10":"first","11":"instock","12":"shipping-taxable","13":"product-type-simple"},"acf":[],"yoast_head":"<!-- This site is optimized with the Yoast SEO plugin v27.2 - https:\/\/yoast.com\/product\/yoast-seo-wordpress\/ -->\n<title>Jeu de Tissage - SES Creative<\/title>\n<meta name=\"robots\" content=\"index, follow, max-snippet:-1, max-image-preview:large, max-video-preview:-1\" \/>\n<link rel=\"canonical\" href=\"https:\/\/ses-creative.com\/fr\/produit\/jeu-de-tissage\/\" \/>\n<meta property=\"og:locale\" content=\"fr_FR\" \/>\n<meta property=\"og:type\" content=\"article\" \/>\n<meta property=\"og:title\" content=\"Jeu de Tissage - SES Creative\" \/>\n<meta property=\"og:description\" content=\"Le Jeu de Tissage de SES Creative initie les enfants d\u00e8s 5 ans \u00e0 l\u2019art du textile. Gr\u00e2ce \u00e0 un m\u00e9tier en bois solide et ergonomique, ils apprennent \u00e0 passer les fils, alterner les couleurs et composer des motifs personnalis\u00e9s. Ce jeu manuel stimule la motricit\u00e9 fine, la coordination \u0153il-main et la capacit\u00e9 de concentration. [&hellip;]\" \/>\n<meta property=\"og:url\" content=\"https:\/\/ses-creative.com\/fr\/produit\/jeu-de-tissage\/\" \/>\n<meta property=\"og:site_name\" content=\"SES Creative\" \/>\n<meta property=\"article:modified_time\" content=\"2026-02-12T10:22:21+00:00\" \/>\n<meta name=\"twitter:card\" content=\"summary_large_image\" \/>\n<meta name=\"twitter:label1\" content=\"Dur\u00e9e de lecture estim\u00e9e\" \/>\n\t<meta name=\"twitter:data1\" content=\"1 minute\" \/>\n<script type=\"application\/ld+json\" class=\"yoast-schema-graph\">{\"@context\":\"https:\/\/schema.org\",\"@graph\":[{\"@type\":\"WebPage\",\"@id\":\"https:\/\/ses-creative.com\/fr\/produit\/jeu-de-tissage\/\",\"url\":\"https:\/\/ses-creative.com\/fr\/produit\/jeu-de-tissage\/\",\"name\":\"Jeu de Tissage - SES Creative\",\"isPartOf\":{\"@id\":\"https:\/\/ses-creative.com\/#website\"},\"primaryImageOfPage\":{\"@id\":\"https:\/\/ses-creative.com\/fr\/produit\/jeu-de-tissage\/#primaryimage\"},\"image\":{\"@id\":\"https:\/\/ses-creative.com\/fr\/produit\/jeu-de-tissage\/#primaryimage\"},\"thumbnailUrl\":\"https:\/\/ses-creative.com\/wp-content\/uploads\/2026\/01\/008761.jpg\",\"datePublished\":\"2026-02-12T10:08:26+00:00\",\"dateModified\":\"2026-02-12T10:22:21+00:00\",\"breadcrumb\":{\"@id\":\"https:\/\/ses-creative.com\/fr\/produit\/jeu-de-tissage\/#breadcrumb\"},\"inLanguage\":\"fr-FR\",\"potentialAction\":[{\"@type\":\"ReadAction\",\"target\":[\"https:\/\/ses-creative.com\/fr\/produit\/jeu-de-tissage\/\"]}]},{\"@type\":\"ImageObject\",\"inLanguage\":\"fr-FR\",\"@id\":\"https:\/\/ses-creative.com\/fr\/produit\/jeu-de-tissage\/#primaryimage\",\"url\":\"https:\/\/ses-creative.com\/wp-content\/uploads\/2026\/01\/008761.jpg\",\"contentUrl\":\"https:\/\/ses-creative.com\/wp-content\/uploads\/2026\/01\/008761.jpg\",\"width\":1000,\"height\":1000},{\"@type\":\"BreadcrumbList\",\"@id\":\"https:\/\/ses-creative.com\/fr\/produit\/jeu-de-tissage\/#breadcrumb\",\"itemListElement\":[{\"@type\":\"ListItem\",\"position\":1,\"name\":\"Boutique\",\"item\":\"https:\/\/ses-creative.com\/fr\/boutique\/\"},{\"@type\":\"ListItem\",\"position\":2,\"name\":\"Loisirs cr\u00e9atifs\",\"item\":\"https:\/\/ses-creative.com\/fr\/product-categorie\/loisirs-creatifs\/\"},{\"@type\":\"ListItem\",\"position\":3,\"name\":\"Jeu de Tissage\"}]},{\"@type\":\"WebSite\",\"@id\":\"https:\/\/ses-creative.com\/#website\",\"url\":\"https:\/\/ses-creative.com\/\",\"name\":\"SES Creative\",\"description\":\"\",\"publisher\":{\"@id\":\"https:\/\/ses-creative.com\/#organization\"},\"potentialAction\":[{\"@type\":\"SearchAction\",\"target\":{\"@type\":\"EntryPoint\",\"urlTemplate\":\"https:\/\/ses-creative.com\/?s={search_term_string}\"},\"query-input\":{\"@type\":\"PropertyValueSpecification\",\"valueRequired\":true,\"valueName\":\"search_term_string\"}}],\"inLanguage\":\"fr-FR\"},{\"@type\":\"Organization\",\"@id\":\"https:\/\/ses-creative.com\/#organization\",\"name\":\"SES Creative\",\"url\":\"https:\/\/ses-creative.com\/\",\"logo\":{\"@type\":\"ImageObject\",\"inLanguage\":\"fr-FR\",\"@id\":\"https:\/\/ses-creative.com\/#\/schema\/logo\/image\/\",\"url\":\"https:\/\/ses-creative.com\/wp-content\/uploads\/2025\/10\/ses-creative-logo.jpg\",\"contentUrl\":\"https:\/\/ses-creative.com\/wp-content\/uploads\/2025\/10\/ses-creative-logo.jpg\",\"width\":2037,\"height\":2037,\"caption\":\"SES Creative\"},\"image\":{\"@id\":\"https:\/\/ses-creative.com\/#\/schema\/logo\/image\/\"}}]}<\/script>\n<!-- \/ Yoast SEO plugin. -->","yoast_head_json":{"title":"Jeu de Tissage - SES Creative","robots":{"index":"index","follow":"follow","max-snippet":"max-snippet:-1","max-image-preview":"max-image-preview:large","max-video-preview":"max-video-preview:-1"},"canonical":"https:\/\/ses-creative.com\/fr\/produit\/jeu-de-tissage\/","og_locale":"fr_FR","og_type":"article","og_title":"Jeu de Tissage - SES Creative","og_description":"Le Jeu de Tissage de SES Creative initie les enfants d\u00e8s 5 ans \u00e0 l\u2019art du textile. Gr\u00e2ce \u00e0 un m\u00e9tier en bois solide et ergonomique, ils apprennent \u00e0 passer les fils, alterner les couleurs et composer des motifs personnalis\u00e9s. Ce jeu manuel stimule la motricit\u00e9 fine, la coordination \u0153il-main et la capacit\u00e9 de concentration. [&hellip;]","og_url":"https:\/\/ses-creative.com\/fr\/produit\/jeu-de-tissage\/","og_site_name":"SES Creative","article_modified_time":"2026-02-12T10:22:21+00:00","twitter_card":"summary_large_image","twitter_misc":{"Dur\u00e9e de lecture estim\u00e9e":"1 minute"},"schema":{"@context":"https:\/\/schema.org","@graph":[{"@type":"WebPage","@id":"https:\/\/ses-creative.com\/fr\/produit\/jeu-de-tissage\/","url":"https:\/\/ses-creative.com\/fr\/produit\/jeu-de-tissage\/","name":"Jeu de Tissage - SES Creative","isPartOf":{"@id":"https:\/\/ses-creative.com\/#website"},"primaryImageOfPage":{"@id":"https:\/\/ses-creative.com\/fr\/produit\/jeu-de-tissage\/#primaryimage"},"image":{"@id":"https:\/\/ses-creative.com\/fr\/produit\/jeu-de-tissage\/#primaryimage"},"thumbnailUrl":"https:\/\/ses-creative.com\/wp-content\/uploads\/2026\/01\/008761.jpg","datePublished":"2026-02-12T10:08:26+00:00","dateModified":"2026-02-12T10:22:21+00:00","breadcrumb":{"@id":"https:\/\/ses-creative.com\/fr\/produit\/jeu-de-tissage\/#breadcrumb"},"inLanguage":"fr-FR","potentialAction":[{"@type":"ReadAction","target":["https:\/\/ses-creative.com\/fr\/produit\/jeu-de-tissage\/"]}]},{"@type":"ImageObject","inLanguage":"fr-FR","@id":"https:\/\/ses-creative.com\/fr\/produit\/jeu-de-tissage\/#primaryimage","url":"https:\/\/ses-creative.com\/wp-content\/uploads\/2026\/01\/008761.jpg","contentUrl":"https:\/\/ses-creative.com\/wp-content\/uploads\/2026\/01\/008761.jpg","width":1000,"height":1000},{"@type":"BreadcrumbList","@id":"https:\/\/ses-creative.com\/fr\/produit\/jeu-de-tissage\/#breadcrumb","itemListElement":[{"@type":"ListItem","position":1,"name":"Boutique","item":"https:\/\/ses-creative.com\/fr\/boutique\/"},{"@type":"ListItem","position":2,"name":"Loisirs cr\u00e9atifs","item":"https:\/\/ses-creative.com\/fr\/product-categorie\/loisirs-creatifs\/"},{"@type":"ListItem","position":3,"name":"Jeu de Tissage"}]},{"@type":"WebSite","@id":"https:\/\/ses-creative.com\/#website","url":"https:\/\/ses-creative.com\/","name":"SES Creative","description":"","publisher":{"@id":"https:\/\/ses-creative.com\/#organization"},"potentialAction":[{"@type":"SearchAction","target":{"@type":"EntryPoint","urlTemplate":"https:\/\/ses-creative.com\/?s={search_term_string}"},"query-input":{"@type":"PropertyValueSpecification","valueRequired":true,"valueName":"search_term_string"}}],"inLanguage":"fr-FR"},{"@type":"Organization","@id":"https:\/\/ses-creative.com\/#organization","name":"SES Creative","url":"https:\/\/ses-creative.com\/","logo":{"@type":"ImageObject","inLanguage":"fr-FR","@id":"https:\/\/ses-creative.com\/#\/schema\/logo\/image\/","url":"https:\/\/ses-creative.com\/wp-content\/uploads\/2025\/10\/ses-creative-logo.jpg","contentUrl":"https:\/\/ses-creative.com\/wp-content\/uploads\/2025\/10\/ses-creative-logo.jpg","width":2037,"height":2037,"caption":"SES Creative"},"image":{"@id":"https:\/\/ses-creative.com\/#\/schema\/logo\/image\/"}}]}},"_links":{"self":[{"href":"https:\/\/ses-creative.com\/fr\/wp-json\/wp\/v2\/product\/118046","targetHints":{"allow":["GET"]}}],"collection":[{"href":"https:\/\/ses-creative.com\/fr\/wp-json\/wp\/v2\/product"}],"about":[{"href":"https:\/\/ses-creative.com\/fr\/wp-json\/wp\/v2\/types\/product"}],"replies":[{"embeddable":true,"href":"https:\/\/ses-creative.com\/fr\/wp-json\/wp\/v2\/comments?post=118046"}],"wp:featuredmedia":[{"embeddable":true,"href":"https:\/\/ses-creative.com\/fr\/wp-json\/wp\/v2\/media\/98108"}],"wp:attachment":[{"href":"https:\/\/ses-creative.com\/fr\/wp-json\/wp\/v2\/media?parent=118046"}],"wp:term":[{"taxonomy":"product_brand","embeddable":true,"href":"https:\/\/ses-creative.com\/fr\/wp-json\/wp\/v2\/product_brand?post=118046"},{"taxonomy":"product_cat","embeddable":true,"href":"https:\/\/ses-creative.com\/fr\/wp-json\/wp\/v2\/product_cat?post=118046"},{"taxonomy":"product_tag","embeddable":true,"href":"https:\/\/ses-creative.com\/fr\/wp-json\/wp\/v2\/product_tag?post=118046"}],"curies":[{"name":"wp","href":"https:\/\/api.w.org\/{rel}","templated":true}]}}