











{"id":118042,"date":"2026-02-12T10:08:26","date_gmt":"2026-02-12T10:08:26","guid":{"rendered":"https:\/\/ses-creative.com\/?post_type=product&#038;p=118042"},"modified":"2026-02-12T10:22:21","modified_gmt":"2026-02-12T10:22:21","slug":"ciseaux-pour-droitiers","status":"publish","type":"product","link":"https:\/\/ses-creative.com\/fr\/produit\/ciseaux-pour-droitiers\/","title":{"rendered":"Ciseaux pour droitiers"},"content":{"rendered":"<p>Ciseaux parfaits pour les enfants droitiers<br \/>\nCes ciseaux pour enfants ont \u00e9t\u00e9 sp\u00e9cialement con\u00e7us pour les enfants droitiers. Ils permettent aux enfants de d\u00e9couper facilement et en toute s\u00e9curit\u00e9, sans difficult\u00e9. Gr\u00e2ce \u00e0 leur conception ergonomique, les ciseaux tiennent parfaitement en main et offrent une exp\u00e9rience de d\u00e9coupe agr\u00e9able. Id\u00e9al pour toutes sortes de projets de bricolage et d&rsquo;activit\u00e9s scolaires !<br \/>\nCe qui rend cet ensemble formidable<br \/>\n&#8211;    Taille enfant, parfaite pour les petites mains<br \/>\n&#8211;    Pas de pointe ac\u00e9r\u00e9e pour plus de s\u00e9curit\u00e9<br \/>\n&#8211;    Convient aux enfants \u00e0 partir de 3 ans<br \/>\n&#8211;    Ciseaux pour droitiers<br \/>\n&#8211;    La d\u00e9coupe stimule la motricit\u00e9 fine<br \/>\nCouper en toute s\u00e9curit\u00e9 et avec plaisir pour les enfants<br \/>\nCes ciseaux permettent aux enfants \u00e0 partir de 3 ans de d\u00e9velopper leurs comp\u00e9tences en mati\u00e8re de d\u00e9coupage. Leur conception s\u00fbre sans pointes ac\u00e9r\u00e9es rend le bricolage amusant et sans souci.<br \/>\nContenu du set<br \/>\n&#8211; Ciseaux pour enfants droitiers<br \/>\nPourquoi choisir SES Creative ?<br \/>\nChez SES Creative, nous accordons une grande importance \u00e0 la s\u00e9curit\u00e9. C&rsquo;est pourquoi nos produits sont fabriqu\u00e9s et test\u00e9s dans notre usine aux Pays-Bas, conform\u00e9ment aux normes de s\u00e9curit\u00e9 europ\u00e9ennes les plus strictes. Les jouets SES Creative sont source de plaisir et permettent aux enfants d&rsquo;\u00eatre fiers de leur travail, ce qui stimule leur cr\u00e9ativit\u00e9 et leur d\u00e9veloppement.<br \/>\nDonnez \u00e0 votre enfant le meilleur d\u00e9part possible avec le d\u00e9coupage<br \/>\nCes ciseaux sont le choix id\u00e9al pour les enfants droitiers qui sont pr\u00eats \u00e0 bricoler et \u00e0 d\u00e9velopper leur cr\u00e9ativit\u00e9. Un indispensable pour chaque bo\u00eete \u00e0 bricolage !<\/p>\n","protected":false},"excerpt":{"rendered":"<p>Ciseaux parfaits pour les enfants droitiers Ces ciseaux pour enfants ont \u00e9t\u00e9 sp\u00e9cialement con\u00e7us pour les enfants droitiers. Ils permettent aux enfants de d\u00e9couper facilement et en toute s\u00e9curit\u00e9, sans difficult\u00e9. Gr\u00e2ce \u00e0 leur conception ergonomique, les ciseaux tiennent parfaitement en main et offrent une exp\u00e9rience de d\u00e9coupe agr\u00e9able. Id\u00e9al pour toutes sortes de projets [&hellip;]<\/p>\n","protected":false},"featured_media":98028,"comment_status":"closed","ping_status":"closed","template":"","meta":{"_acf_changed":false},"product_brand":[],"product_cat":[122],"product_tag":[],"class_list":{"0":"post-118042","1":"product","2":"type-product","3":"status-publish","4":"has-post-thumbnail","6":"product_cat-loisirs-creatifs","7":"pa_leeftijd-filter-3-4-ans","8":"pa_meest-populair-bij-garcons-filles","10":"first","11":"instock","12":"shipping-taxable","13":"product-type-simple"},"acf":[],"yoast_head":"<!-- This site is optimized with the Yoast SEO plugin v27.4 - https:\/\/yoast.com\/product\/yoast-seo-wordpress\/ -->\n<title>Ciseaux pour droitiers - SES Creative<\/title>\n<meta name=\"robots\" content=\"index, follow, max-snippet:-1, max-image-preview:large, max-video-preview:-1\" \/>\n<link rel=\"canonical\" href=\"https:\/\/ses-creative.com\/fr\/produit\/ciseaux-pour-droitiers\/\" \/>\n<meta property=\"og:locale\" content=\"fr_FR\" \/>\n<meta property=\"og:type\" content=\"article\" \/>\n<meta property=\"og:title\" content=\"Ciseaux pour droitiers - SES Creative\" \/>\n<meta property=\"og:description\" content=\"Ciseaux parfaits pour les enfants droitiers Ces ciseaux pour enfants ont \u00e9t\u00e9 sp\u00e9cialement con\u00e7us pour les enfants droitiers. Ils permettent aux enfants de d\u00e9couper facilement et en toute s\u00e9curit\u00e9, sans difficult\u00e9. Gr\u00e2ce \u00e0 leur conception ergonomique, les ciseaux tiennent parfaitement en main et offrent une exp\u00e9rience de d\u00e9coupe agr\u00e9able. Id\u00e9al pour toutes sortes de projets [&hellip;]\" \/>\n<meta property=\"og:url\" content=\"https:\/\/ses-creative.com\/fr\/produit\/ciseaux-pour-droitiers\/\" \/>\n<meta property=\"og:site_name\" content=\"SES Creative\" \/>\n<meta property=\"article:modified_time\" content=\"2026-02-12T10:22:21+00:00\" \/>\n<meta name=\"twitter:card\" content=\"summary_large_image\" \/>\n<meta name=\"twitter:label1\" content=\"Dur\u00e9e de lecture estim\u00e9e\" \/>\n\t<meta name=\"twitter:data1\" content=\"1 minute\" \/>\n<script type=\"application\/ld+json\" class=\"yoast-schema-graph\">{\"@context\":\"https:\\\/\\\/schema.org\",\"@graph\":[{\"@type\":\"WebPage\",\"@id\":\"https:\\\/\\\/ses-creative.com\\\/fr\\\/produit\\\/ciseaux-pour-droitiers\\\/\",\"url\":\"https:\\\/\\\/ses-creative.com\\\/fr\\\/produit\\\/ciseaux-pour-droitiers\\\/\",\"name\":\"Ciseaux pour droitiers - SES Creative\",\"isPartOf\":{\"@id\":\"https:\\\/\\\/ses-creative.com\\\/#website\"},\"primaryImageOfPage\":{\"@id\":\"https:\\\/\\\/ses-creative.com\\\/fr\\\/produit\\\/ciseaux-pour-droitiers\\\/#primaryimage\"},\"image\":{\"@id\":\"https:\\\/\\\/ses-creative.com\\\/fr\\\/produit\\\/ciseaux-pour-droitiers\\\/#primaryimage\"},\"thumbnailUrl\":\"https:\\\/\\\/ses-creative.com\\\/wp-content\\\/uploads\\\/2026\\\/01\\\/008371.jpg\",\"datePublished\":\"2026-02-12T10:08:26+00:00\",\"dateModified\":\"2026-02-12T10:22:21+00:00\",\"breadcrumb\":{\"@id\":\"https:\\\/\\\/ses-creative.com\\\/fr\\\/produit\\\/ciseaux-pour-droitiers\\\/#breadcrumb\"},\"inLanguage\":\"fr-FR\",\"potentialAction\":[{\"@type\":\"ReadAction\",\"target\":[\"https:\\\/\\\/ses-creative.com\\\/fr\\\/produit\\\/ciseaux-pour-droitiers\\\/\"]}]},{\"@type\":\"ImageObject\",\"inLanguage\":\"fr-FR\",\"@id\":\"https:\\\/\\\/ses-creative.com\\\/fr\\\/produit\\\/ciseaux-pour-droitiers\\\/#primaryimage\",\"url\":\"https:\\\/\\\/ses-creative.com\\\/wp-content\\\/uploads\\\/2026\\\/01\\\/008371.jpg\",\"contentUrl\":\"https:\\\/\\\/ses-creative.com\\\/wp-content\\\/uploads\\\/2026\\\/01\\\/008371.jpg\",\"width\":1000,\"height\":1000},{\"@type\":\"BreadcrumbList\",\"@id\":\"https:\\\/\\\/ses-creative.com\\\/fr\\\/produit\\\/ciseaux-pour-droitiers\\\/#breadcrumb\",\"itemListElement\":[{\"@type\":\"ListItem\",\"position\":1,\"name\":\"Boutique\",\"item\":\"https:\\\/\\\/ses-creative.com\\\/fr\\\/boutique\\\/\"},{\"@type\":\"ListItem\",\"position\":2,\"name\":\"Loisirs cr\u00e9atifs\",\"item\":\"https:\\\/\\\/ses-creative.com\\\/fr\\\/product-categorie\\\/loisirs-creatifs\\\/\"},{\"@type\":\"ListItem\",\"position\":3,\"name\":\"Ciseaux pour droitiers\"}]},{\"@type\":\"WebSite\",\"@id\":\"https:\\\/\\\/ses-creative.com\\\/#website\",\"url\":\"https:\\\/\\\/ses-creative.com\\\/\",\"name\":\"SES Creative\",\"description\":\"\",\"publisher\":{\"@id\":\"https:\\\/\\\/ses-creative.com\\\/#organization\"},\"potentialAction\":[{\"@type\":\"SearchAction\",\"target\":{\"@type\":\"EntryPoint\",\"urlTemplate\":\"https:\\\/\\\/ses-creative.com\\\/?s={search_term_string}\"},\"query-input\":{\"@type\":\"PropertyValueSpecification\",\"valueRequired\":true,\"valueName\":\"search_term_string\"}}],\"inLanguage\":\"fr-FR\"},{\"@type\":\"Organization\",\"@id\":\"https:\\\/\\\/ses-creative.com\\\/#organization\",\"name\":\"SES Creative\",\"url\":\"https:\\\/\\\/ses-creative.com\\\/\",\"logo\":{\"@type\":\"ImageObject\",\"inLanguage\":\"fr-FR\",\"@id\":\"https:\\\/\\\/ses-creative.com\\\/#\\\/schema\\\/logo\\\/image\\\/\",\"url\":\"https:\\\/\\\/ses-creative.com\\\/wp-content\\\/uploads\\\/2025\\\/10\\\/ses-creative-logo.jpg\",\"contentUrl\":\"https:\\\/\\\/ses-creative.com\\\/wp-content\\\/uploads\\\/2025\\\/10\\\/ses-creative-logo.jpg\",\"width\":2037,\"height\":2037,\"caption\":\"SES Creative\"},\"image\":{\"@id\":\"https:\\\/\\\/ses-creative.com\\\/#\\\/schema\\\/logo\\\/image\\\/\"}}]}<\/script>\n<!-- \/ Yoast SEO plugin. -->","yoast_head_json":{"title":"Ciseaux pour droitiers - SES Creative","robots":{"index":"index","follow":"follow","max-snippet":"max-snippet:-1","max-image-preview":"max-image-preview:large","max-video-preview":"max-video-preview:-1"},"canonical":"https:\/\/ses-creative.com\/fr\/produit\/ciseaux-pour-droitiers\/","og_locale":"fr_FR","og_type":"article","og_title":"Ciseaux pour droitiers - SES Creative","og_description":"Ciseaux parfaits pour les enfants droitiers Ces ciseaux pour enfants ont \u00e9t\u00e9 sp\u00e9cialement con\u00e7us pour les enfants droitiers. Ils permettent aux enfants de d\u00e9couper facilement et en toute s\u00e9curit\u00e9, sans difficult\u00e9. Gr\u00e2ce \u00e0 leur conception ergonomique, les ciseaux tiennent parfaitement en main et offrent une exp\u00e9rience de d\u00e9coupe agr\u00e9able. Id\u00e9al pour toutes sortes de projets [&hellip;]","og_url":"https:\/\/ses-creative.com\/fr\/produit\/ciseaux-pour-droitiers\/","og_site_name":"SES Creative","article_modified_time":"2026-02-12T10:22:21+00:00","twitter_card":"summary_large_image","twitter_misc":{"Dur\u00e9e de lecture estim\u00e9e":"1 minute"},"schema":{"@context":"https:\/\/schema.org","@graph":[{"@type":"WebPage","@id":"https:\/\/ses-creative.com\/fr\/produit\/ciseaux-pour-droitiers\/","url":"https:\/\/ses-creative.com\/fr\/produit\/ciseaux-pour-droitiers\/","name":"Ciseaux pour droitiers - SES Creative","isPartOf":{"@id":"https:\/\/ses-creative.com\/#website"},"primaryImageOfPage":{"@id":"https:\/\/ses-creative.com\/fr\/produit\/ciseaux-pour-droitiers\/#primaryimage"},"image":{"@id":"https:\/\/ses-creative.com\/fr\/produit\/ciseaux-pour-droitiers\/#primaryimage"},"thumbnailUrl":"https:\/\/ses-creative.com\/wp-content\/uploads\/2026\/01\/008371.jpg","datePublished":"2026-02-12T10:08:26+00:00","dateModified":"2026-02-12T10:22:21+00:00","breadcrumb":{"@id":"https:\/\/ses-creative.com\/fr\/produit\/ciseaux-pour-droitiers\/#breadcrumb"},"inLanguage":"fr-FR","potentialAction":[{"@type":"ReadAction","target":["https:\/\/ses-creative.com\/fr\/produit\/ciseaux-pour-droitiers\/"]}]},{"@type":"ImageObject","inLanguage":"fr-FR","@id":"https:\/\/ses-creative.com\/fr\/produit\/ciseaux-pour-droitiers\/#primaryimage","url":"https:\/\/ses-creative.com\/wp-content\/uploads\/2026\/01\/008371.jpg","contentUrl":"https:\/\/ses-creative.com\/wp-content\/uploads\/2026\/01\/008371.jpg","width":1000,"height":1000},{"@type":"BreadcrumbList","@id":"https:\/\/ses-creative.com\/fr\/produit\/ciseaux-pour-droitiers\/#breadcrumb","itemListElement":[{"@type":"ListItem","position":1,"name":"Boutique","item":"https:\/\/ses-creative.com\/fr\/boutique\/"},{"@type":"ListItem","position":2,"name":"Loisirs cr\u00e9atifs","item":"https:\/\/ses-creative.com\/fr\/product-categorie\/loisirs-creatifs\/"},{"@type":"ListItem","position":3,"name":"Ciseaux pour droitiers"}]},{"@type":"WebSite","@id":"https:\/\/ses-creative.com\/#website","url":"https:\/\/ses-creative.com\/","name":"SES Creative","description":"","publisher":{"@id":"https:\/\/ses-creative.com\/#organization"},"potentialAction":[{"@type":"SearchAction","target":{"@type":"EntryPoint","urlTemplate":"https:\/\/ses-creative.com\/?s={search_term_string}"},"query-input":{"@type":"PropertyValueSpecification","valueRequired":true,"valueName":"search_term_string"}}],"inLanguage":"fr-FR"},{"@type":"Organization","@id":"https:\/\/ses-creative.com\/#organization","name":"SES Creative","url":"https:\/\/ses-creative.com\/","logo":{"@type":"ImageObject","inLanguage":"fr-FR","@id":"https:\/\/ses-creative.com\/#\/schema\/logo\/image\/","url":"https:\/\/ses-creative.com\/wp-content\/uploads\/2025\/10\/ses-creative-logo.jpg","contentUrl":"https:\/\/ses-creative.com\/wp-content\/uploads\/2025\/10\/ses-creative-logo.jpg","width":2037,"height":2037,"caption":"SES Creative"},"image":{"@id":"https:\/\/ses-creative.com\/#\/schema\/logo\/image\/"}}]}},"_links":{"self":[{"href":"https:\/\/ses-creative.com\/fr\/wp-json\/wp\/v2\/product\/118042","targetHints":{"allow":["GET"]}}],"collection":[{"href":"https:\/\/ses-creative.com\/fr\/wp-json\/wp\/v2\/product"}],"about":[{"href":"https:\/\/ses-creative.com\/fr\/wp-json\/wp\/v2\/types\/product"}],"replies":[{"embeddable":true,"href":"https:\/\/ses-creative.com\/fr\/wp-json\/wp\/v2\/comments?post=118042"}],"wp:featuredmedia":[{"embeddable":true,"href":"https:\/\/ses-creative.com\/fr\/wp-json\/wp\/v2\/media\/98028"}],"wp:attachment":[{"href":"https:\/\/ses-creative.com\/fr\/wp-json\/wp\/v2\/media?parent=118042"}],"wp:term":[{"taxonomy":"product_brand","embeddable":true,"href":"https:\/\/ses-creative.com\/fr\/wp-json\/wp\/v2\/product_brand?post=118042"},{"taxonomy":"product_cat","embeddable":true,"href":"https:\/\/ses-creative.com\/fr\/wp-json\/wp\/v2\/product_cat?post=118042"},{"taxonomy":"product_tag","embeddable":true,"href":"https:\/\/ses-creative.com\/fr\/wp-json\/wp\/v2\/product_tag?post=118042"}],"curies":[{"name":"wp","href":"https:\/\/api.w.org\/{rel}","templated":true}]}}