











{"id":118041,"date":"2026-02-12T10:08:25","date_gmt":"2026-02-12T10:08:25","guid":{"rendered":"https:\/\/ses-creative.com\/?post_type=product&#038;p=118041"},"modified":"2026-02-12T10:22:21","modified_gmt":"2026-02-12T10:22:21","slug":"ciseaux-pour-gauchers","status":"publish","type":"product","link":"https:\/\/ses-creative.com\/fr\/produit\/ciseaux-pour-gauchers\/","title":{"rendered":"Ciseaux pour gauchers"},"content":{"rendered":"<p>Les ciseaux parfaits pour les enfants gauchers !<br \/>\nSp\u00e9cialement con\u00e7us pour les enfants gauchers, ces ciseaux pour enfants rendent la d\u00e9coupe facile et confortable. Finie la frustration lors des activit\u00e9s manuelles : avec ces ciseaux, les enfants peuvent d\u00e9couper avec pr\u00e9cision et en toute s\u00e9curit\u00e9.<br \/>\nCe qui rend cet ensemble formidable<br \/>\n&#8211;    Sp\u00e9cialement con\u00e7u pour les gauchers<br \/>\n&#8211;    Conception s\u00fbre sans pointes ac\u00e9r\u00e9es<br \/>\n&#8211;    Ergonomiques et confortables \u00e0 utiliser<br \/>\n&#8211;    Parfait pour les enfants \u00e0 partir de 3 ans<br \/>\n&#8211;    Le d\u00e9coupage stimule la motricit\u00e9 fine<br \/>\nCoupez facilement et avec plaisir<br \/>\nCes ciseaux permettent aux enfants gauchers de d\u00e9couper aussi facilement que leurs camarades droitiers. Leur conception ergonomique garantit une prise en main confortable, tandis que leur conception s\u00e9curis\u00e9e rassure les parents. Id\u00e9al pour les projets de bricolage, les travaux scolaires et les jeux cr\u00e9atifs.<br \/>\nPourquoi ce produit est-il parfait pour vous ?<br \/>\nCes ciseaux sont parfaits pour les parents qui souhaitent que leurs enfants gauchers puissent bricoler et d\u00e9couper sans frustration. Ils offrent une solution confortable et s\u00fbre, sp\u00e9cialement con\u00e7ue pour les petites mains gauch\u00e8res.<br \/>\nContenu de l&#8217;emballage :<br \/>\n&#8211;    Ciseaux pour enfants gauchers<br \/>\nPourquoi choisir SES Creative ?<br \/>\nChez SES Creative, nous accordons une grande importance \u00e0 la s\u00e9curit\u00e9. C&rsquo;est pourquoi nos produits sont fabriqu\u00e9s et test\u00e9s dans notre usine aux Pays-Bas, conform\u00e9ment aux normes de s\u00e9curit\u00e9 europ\u00e9ennes les plus strictes. Les jouets SES Creative sont source de plaisir et permettent aux enfants d&rsquo;\u00eatre fiers de leur travail, ce qui stimule leur cr\u00e9ativit\u00e9 et leur d\u00e9veloppement.<br \/>\nCommencez d\u00e8s aujourd&rsquo;hui \u00e0 d\u00e9couper facilement<br \/>\nD\u00e9couvrez \u00e0 quel point il est facile et amusant de d\u00e9couper avec les ciseaux pour gauchers. Parfaits pour des heures de plaisir cr\u00e9atif et d&rsquo;expression personnelle !<\/p>\n","protected":false},"excerpt":{"rendered":"<p>Les ciseaux parfaits pour les enfants gauchers ! Sp\u00e9cialement con\u00e7us pour les enfants gauchers, ces ciseaux pour enfants rendent la d\u00e9coupe facile et confortable. Finie la frustration lors des activit\u00e9s manuelles : avec ces ciseaux, les enfants peuvent d\u00e9couper avec pr\u00e9cision et en toute s\u00e9curit\u00e9. Ce qui rend cet ensemble formidable &#8211; Sp\u00e9cialement con\u00e7u pour [&hellip;]<\/p>\n","protected":false},"featured_media":98008,"comment_status":"closed","ping_status":"closed","template":"","meta":{"_acf_changed":false},"product_brand":[],"product_cat":[122],"product_tag":[],"class_list":{"0":"post-118041","1":"product","2":"type-product","3":"status-publish","4":"has-post-thumbnail","6":"product_cat-loisirs-creatifs","7":"pa_leeftijd-filter-3-4-ans","8":"pa_meest-populair-bij-garcons-filles","10":"first","11":"instock","12":"shipping-taxable","13":"product-type-simple"},"acf":[],"yoast_head":"<!-- This site is optimized with the Yoast SEO plugin v27.2 - https:\/\/yoast.com\/product\/yoast-seo-wordpress\/ -->\n<title>Ciseaux pour gauchers - SES Creative<\/title>\n<meta name=\"robots\" content=\"index, follow, max-snippet:-1, max-image-preview:large, max-video-preview:-1\" \/>\n<link rel=\"canonical\" href=\"https:\/\/ses-creative.com\/fr\/produit\/ciseaux-pour-gauchers\/\" \/>\n<meta property=\"og:locale\" content=\"fr_FR\" \/>\n<meta property=\"og:type\" content=\"article\" \/>\n<meta property=\"og:title\" content=\"Ciseaux pour gauchers - SES Creative\" \/>\n<meta property=\"og:description\" content=\"Les ciseaux parfaits pour les enfants gauchers ! Sp\u00e9cialement con\u00e7us pour les enfants gauchers, ces ciseaux pour enfants rendent la d\u00e9coupe facile et confortable. Finie la frustration lors des activit\u00e9s manuelles : avec ces ciseaux, les enfants peuvent d\u00e9couper avec pr\u00e9cision et en toute s\u00e9curit\u00e9. Ce qui rend cet ensemble formidable &#8211; Sp\u00e9cialement con\u00e7u pour [&hellip;]\" \/>\n<meta property=\"og:url\" content=\"https:\/\/ses-creative.com\/fr\/produit\/ciseaux-pour-gauchers\/\" \/>\n<meta property=\"og:site_name\" content=\"SES Creative\" \/>\n<meta property=\"article:modified_time\" content=\"2026-02-12T10:22:21+00:00\" \/>\n<meta name=\"twitter:card\" content=\"summary_large_image\" \/>\n<meta name=\"twitter:label1\" content=\"Dur\u00e9e de lecture estim\u00e9e\" \/>\n\t<meta name=\"twitter:data1\" content=\"2 minutes\" \/>\n<script type=\"application\/ld+json\" class=\"yoast-schema-graph\">{\"@context\":\"https:\/\/schema.org\",\"@graph\":[{\"@type\":\"WebPage\",\"@id\":\"https:\/\/ses-creative.com\/fr\/produit\/ciseaux-pour-gauchers\/\",\"url\":\"https:\/\/ses-creative.com\/fr\/produit\/ciseaux-pour-gauchers\/\",\"name\":\"Ciseaux pour gauchers - SES Creative\",\"isPartOf\":{\"@id\":\"https:\/\/ses-creative.com\/#website\"},\"primaryImageOfPage\":{\"@id\":\"https:\/\/ses-creative.com\/fr\/produit\/ciseaux-pour-gauchers\/#primaryimage\"},\"image\":{\"@id\":\"https:\/\/ses-creative.com\/fr\/produit\/ciseaux-pour-gauchers\/#primaryimage\"},\"thumbnailUrl\":\"https:\/\/ses-creative.com\/wp-content\/uploads\/2026\/01\/008341.jpg\",\"datePublished\":\"2026-02-12T10:08:25+00:00\",\"dateModified\":\"2026-02-12T10:22:21+00:00\",\"breadcrumb\":{\"@id\":\"https:\/\/ses-creative.com\/fr\/produit\/ciseaux-pour-gauchers\/#breadcrumb\"},\"inLanguage\":\"fr-FR\",\"potentialAction\":[{\"@type\":\"ReadAction\",\"target\":[\"https:\/\/ses-creative.com\/fr\/produit\/ciseaux-pour-gauchers\/\"]}]},{\"@type\":\"ImageObject\",\"inLanguage\":\"fr-FR\",\"@id\":\"https:\/\/ses-creative.com\/fr\/produit\/ciseaux-pour-gauchers\/#primaryimage\",\"url\":\"https:\/\/ses-creative.com\/wp-content\/uploads\/2026\/01\/008341.jpg\",\"contentUrl\":\"https:\/\/ses-creative.com\/wp-content\/uploads\/2026\/01\/008341.jpg\",\"width\":1000,\"height\":1000},{\"@type\":\"BreadcrumbList\",\"@id\":\"https:\/\/ses-creative.com\/fr\/produit\/ciseaux-pour-gauchers\/#breadcrumb\",\"itemListElement\":[{\"@type\":\"ListItem\",\"position\":1,\"name\":\"Boutique\",\"item\":\"https:\/\/ses-creative.com\/fr\/boutique\/\"},{\"@type\":\"ListItem\",\"position\":2,\"name\":\"Loisirs cr\u00e9atifs\",\"item\":\"https:\/\/ses-creative.com\/fr\/product-categorie\/loisirs-creatifs\/\"},{\"@type\":\"ListItem\",\"position\":3,\"name\":\"Ciseaux pour gauchers\"}]},{\"@type\":\"WebSite\",\"@id\":\"https:\/\/ses-creative.com\/#website\",\"url\":\"https:\/\/ses-creative.com\/\",\"name\":\"SES Creative\",\"description\":\"\",\"publisher\":{\"@id\":\"https:\/\/ses-creative.com\/#organization\"},\"potentialAction\":[{\"@type\":\"SearchAction\",\"target\":{\"@type\":\"EntryPoint\",\"urlTemplate\":\"https:\/\/ses-creative.com\/?s={search_term_string}\"},\"query-input\":{\"@type\":\"PropertyValueSpecification\",\"valueRequired\":true,\"valueName\":\"search_term_string\"}}],\"inLanguage\":\"fr-FR\"},{\"@type\":\"Organization\",\"@id\":\"https:\/\/ses-creative.com\/#organization\",\"name\":\"SES Creative\",\"url\":\"https:\/\/ses-creative.com\/\",\"logo\":{\"@type\":\"ImageObject\",\"inLanguage\":\"fr-FR\",\"@id\":\"https:\/\/ses-creative.com\/#\/schema\/logo\/image\/\",\"url\":\"https:\/\/ses-creative.com\/wp-content\/uploads\/2025\/10\/ses-creative-logo.jpg\",\"contentUrl\":\"https:\/\/ses-creative.com\/wp-content\/uploads\/2025\/10\/ses-creative-logo.jpg\",\"width\":2037,\"height\":2037,\"caption\":\"SES Creative\"},\"image\":{\"@id\":\"https:\/\/ses-creative.com\/#\/schema\/logo\/image\/\"}}]}<\/script>\n<!-- \/ Yoast SEO plugin. -->","yoast_head_json":{"title":"Ciseaux pour gauchers - SES Creative","robots":{"index":"index","follow":"follow","max-snippet":"max-snippet:-1","max-image-preview":"max-image-preview:large","max-video-preview":"max-video-preview:-1"},"canonical":"https:\/\/ses-creative.com\/fr\/produit\/ciseaux-pour-gauchers\/","og_locale":"fr_FR","og_type":"article","og_title":"Ciseaux pour gauchers - SES Creative","og_description":"Les ciseaux parfaits pour les enfants gauchers ! Sp\u00e9cialement con\u00e7us pour les enfants gauchers, ces ciseaux pour enfants rendent la d\u00e9coupe facile et confortable. Finie la frustration lors des activit\u00e9s manuelles : avec ces ciseaux, les enfants peuvent d\u00e9couper avec pr\u00e9cision et en toute s\u00e9curit\u00e9. Ce qui rend cet ensemble formidable &#8211; Sp\u00e9cialement con\u00e7u pour [&hellip;]","og_url":"https:\/\/ses-creative.com\/fr\/produit\/ciseaux-pour-gauchers\/","og_site_name":"SES Creative","article_modified_time":"2026-02-12T10:22:21+00:00","twitter_card":"summary_large_image","twitter_misc":{"Dur\u00e9e de lecture estim\u00e9e":"2 minutes"},"schema":{"@context":"https:\/\/schema.org","@graph":[{"@type":"WebPage","@id":"https:\/\/ses-creative.com\/fr\/produit\/ciseaux-pour-gauchers\/","url":"https:\/\/ses-creative.com\/fr\/produit\/ciseaux-pour-gauchers\/","name":"Ciseaux pour gauchers - SES Creative","isPartOf":{"@id":"https:\/\/ses-creative.com\/#website"},"primaryImageOfPage":{"@id":"https:\/\/ses-creative.com\/fr\/produit\/ciseaux-pour-gauchers\/#primaryimage"},"image":{"@id":"https:\/\/ses-creative.com\/fr\/produit\/ciseaux-pour-gauchers\/#primaryimage"},"thumbnailUrl":"https:\/\/ses-creative.com\/wp-content\/uploads\/2026\/01\/008341.jpg","datePublished":"2026-02-12T10:08:25+00:00","dateModified":"2026-02-12T10:22:21+00:00","breadcrumb":{"@id":"https:\/\/ses-creative.com\/fr\/produit\/ciseaux-pour-gauchers\/#breadcrumb"},"inLanguage":"fr-FR","potentialAction":[{"@type":"ReadAction","target":["https:\/\/ses-creative.com\/fr\/produit\/ciseaux-pour-gauchers\/"]}]},{"@type":"ImageObject","inLanguage":"fr-FR","@id":"https:\/\/ses-creative.com\/fr\/produit\/ciseaux-pour-gauchers\/#primaryimage","url":"https:\/\/ses-creative.com\/wp-content\/uploads\/2026\/01\/008341.jpg","contentUrl":"https:\/\/ses-creative.com\/wp-content\/uploads\/2026\/01\/008341.jpg","width":1000,"height":1000},{"@type":"BreadcrumbList","@id":"https:\/\/ses-creative.com\/fr\/produit\/ciseaux-pour-gauchers\/#breadcrumb","itemListElement":[{"@type":"ListItem","position":1,"name":"Boutique","item":"https:\/\/ses-creative.com\/fr\/boutique\/"},{"@type":"ListItem","position":2,"name":"Loisirs cr\u00e9atifs","item":"https:\/\/ses-creative.com\/fr\/product-categorie\/loisirs-creatifs\/"},{"@type":"ListItem","position":3,"name":"Ciseaux pour gauchers"}]},{"@type":"WebSite","@id":"https:\/\/ses-creative.com\/#website","url":"https:\/\/ses-creative.com\/","name":"SES Creative","description":"","publisher":{"@id":"https:\/\/ses-creative.com\/#organization"},"potentialAction":[{"@type":"SearchAction","target":{"@type":"EntryPoint","urlTemplate":"https:\/\/ses-creative.com\/?s={search_term_string}"},"query-input":{"@type":"PropertyValueSpecification","valueRequired":true,"valueName":"search_term_string"}}],"inLanguage":"fr-FR"},{"@type":"Organization","@id":"https:\/\/ses-creative.com\/#organization","name":"SES Creative","url":"https:\/\/ses-creative.com\/","logo":{"@type":"ImageObject","inLanguage":"fr-FR","@id":"https:\/\/ses-creative.com\/#\/schema\/logo\/image\/","url":"https:\/\/ses-creative.com\/wp-content\/uploads\/2025\/10\/ses-creative-logo.jpg","contentUrl":"https:\/\/ses-creative.com\/wp-content\/uploads\/2025\/10\/ses-creative-logo.jpg","width":2037,"height":2037,"caption":"SES Creative"},"image":{"@id":"https:\/\/ses-creative.com\/#\/schema\/logo\/image\/"}}]}},"_links":{"self":[{"href":"https:\/\/ses-creative.com\/fr\/wp-json\/wp\/v2\/product\/118041","targetHints":{"allow":["GET"]}}],"collection":[{"href":"https:\/\/ses-creative.com\/fr\/wp-json\/wp\/v2\/product"}],"about":[{"href":"https:\/\/ses-creative.com\/fr\/wp-json\/wp\/v2\/types\/product"}],"replies":[{"embeddable":true,"href":"https:\/\/ses-creative.com\/fr\/wp-json\/wp\/v2\/comments?post=118041"}],"wp:featuredmedia":[{"embeddable":true,"href":"https:\/\/ses-creative.com\/fr\/wp-json\/wp\/v2\/media\/98008"}],"wp:attachment":[{"href":"https:\/\/ses-creative.com\/fr\/wp-json\/wp\/v2\/media?parent=118041"}],"wp:term":[{"taxonomy":"product_brand","embeddable":true,"href":"https:\/\/ses-creative.com\/fr\/wp-json\/wp\/v2\/product_brand?post=118041"},{"taxonomy":"product_cat","embeddable":true,"href":"https:\/\/ses-creative.com\/fr\/wp-json\/wp\/v2\/product_cat?post=118041"},{"taxonomy":"product_tag","embeddable":true,"href":"https:\/\/ses-creative.com\/fr\/wp-json\/wp\/v2\/product_tag?post=118041"}],"curies":[{"name":"wp","href":"https:\/\/api.w.org\/{rel}","templated":true}]}}