











{"id":118040,"date":"2026-02-12T10:08:25","date_gmt":"2026-02-12T10:08:25","guid":{"rendered":"https:\/\/ses-creative.com\/?post_type=product&#038;p=118040"},"modified":"2026-02-12T10:22:21","modified_gmt":"2026-02-12T10:22:21","slug":"ciseaux-securite","status":"publish","type":"product","link":"https:\/\/ses-creative.com\/fr\/produit\/ciseaux-securite\/","title":{"rendered":"Ciseaux S\u00e9curit\u00e9"},"content":{"rendered":"<p>Apprenez \u00e0 d\u00e9couper en toute s\u00e9curit\u00e9 avec les ciseaux de s\u00e9curit\u00e9 pour enfants de SES Creative ! Ces ciseaux sp\u00e9cialement con\u00e7us sont id\u00e9aux pour les enfants \u00e0 partir de 2 ans qui souhaitent s&rsquo;exercer \u00e0 d\u00e9couper. Ils ne coupent que le papier et sont donc totalement sans danger pour les jeunes enfants : pas de risque pour les cheveux, les v\u00eatements ou les doigts !<\/p>\n<p>Ce qui rend ce set g\u00e9nial :<br \/>\nNe coupe que le papier &#8211; pas les cheveux, les tissus ou d&rsquo;autres mat\u00e9riaux<\/p>\n<p> Sans danger pour les enfants \u00e0 partir de 2 ans \u2013 sp\u00e9cialement con\u00e7u pour les tout-petits<\/p>\n<p> Stimule la motricit\u00e9 fine et la coordination \u0153il-main<\/p>\n<p> Parfait pour les premiers exercices de d\u00e9coupage, \u00e0 la maison comme \u00e0 l&rsquo;\u00e9cole<\/p>\n<p>Les parents peuvent regarder en toute tranquillit\u00e9 \u2013 pas de bords tranchants<\/p>\n<p>La premi\u00e8re exp\u00e9rience de d\u00e9coupage parfaite<br \/>\nPour les jeunes enfants, c&rsquo;est un excellent moyen de s&rsquo;initier \u00e0 l&rsquo;artisanat en toute s\u00e9curit\u00e9. Tout en exp\u00e9rimentant avec le papier et les formes, ils d\u00e9veloppent leur motricit\u00e9 fine et leur coordination de mani\u00e8re ludique. C&rsquo;est une activit\u00e9 \u00e9ducative et amusante qui fait le bonheur des enfants comme des parents.<\/p>\n<p>Contenu du set :<br \/>\n1 paire de ciseaux pour enfants s\u00e9curis\u00e9s<\/p>\n<p>Pourquoi choisir SES Creative ?<br \/>\nChez SES Creative, nous d\u00e9veloppons des jouets qui aident les enfants \u00e0 grandir. Nos produits stimulent la cr\u00e9ativit\u00e9, la confiance en soi et le d\u00e9veloppement, tout en \u00e9tant toujours s\u00fbrs, responsables et amusants. Depuis plus de 50 ans, nous fabriquons des jouets durables, con\u00e7us et produits avec fiert\u00e9 aux Pays-Bas.<\/p>\n<p>Pr\u00eat pour votre premi\u00e8re aventure de d\u00e9coupe ?<br \/>\nAvec les ciseaux pour enfants SES Creative, les enfants peuvent apprendre \u00e0 d\u00e9couper en toute s\u00e9curit\u00e9. Commandez d\u00e8s maintenant et d\u00e9couvrez \u00e0 quel point le bricolage peut \u00eatre amusant et s\u00fbr d\u00e8s le plus jeune \u00e2ge !<\/p>\n","protected":false},"excerpt":{"rendered":"<p>Apprenez \u00e0 d\u00e9couper en toute s\u00e9curit\u00e9 avec les ciseaux de s\u00e9curit\u00e9 pour enfants de SES Creative ! Ces ciseaux sp\u00e9cialement con\u00e7us sont id\u00e9aux pour les enfants \u00e0 partir de 2 ans qui souhaitent s&rsquo;exercer \u00e0 d\u00e9couper. Ils ne coupent que le papier et sont donc totalement sans danger pour les jeunes enfants : pas de [&hellip;]<\/p>\n","protected":false},"featured_media":97988,"comment_status":"closed","ping_status":"closed","template":"","meta":{"_acf_changed":false},"product_brand":[],"product_cat":[122],"product_tag":[],"class_list":{"0":"post-118040","1":"product","2":"type-product","3":"status-publish","4":"has-post-thumbnail","6":"product_cat-loisirs-creatifs","7":"pa_leeftijd-filter-3-4-ans","8":"pa_meest-populair-bij-garcons-filles","10":"first","11":"instock","12":"shipping-taxable","13":"product-type-simple"},"acf":[],"yoast_head":"<!-- This site is optimized with the Yoast SEO plugin v27.2 - https:\/\/yoast.com\/product\/yoast-seo-wordpress\/ -->\n<title>Ciseaux S\u00e9curit\u00e9 - SES Creative<\/title>\n<meta name=\"robots\" content=\"index, follow, max-snippet:-1, max-image-preview:large, max-video-preview:-1\" \/>\n<link rel=\"canonical\" href=\"https:\/\/ses-creative.com\/fr\/produit\/ciseaux-securite\/\" \/>\n<meta property=\"og:locale\" content=\"fr_FR\" \/>\n<meta property=\"og:type\" content=\"article\" \/>\n<meta property=\"og:title\" content=\"Ciseaux S\u00e9curit\u00e9 - SES Creative\" \/>\n<meta property=\"og:description\" content=\"Apprenez \u00e0 d\u00e9couper en toute s\u00e9curit\u00e9 avec les ciseaux de s\u00e9curit\u00e9 pour enfants de SES Creative ! Ces ciseaux sp\u00e9cialement con\u00e7us sont id\u00e9aux pour les enfants \u00e0 partir de 2 ans qui souhaitent s&rsquo;exercer \u00e0 d\u00e9couper. Ils ne coupent que le papier et sont donc totalement sans danger pour les jeunes enfants : pas de [&hellip;]\" \/>\n<meta property=\"og:url\" content=\"https:\/\/ses-creative.com\/fr\/produit\/ciseaux-securite\/\" \/>\n<meta property=\"og:site_name\" content=\"SES Creative\" \/>\n<meta property=\"article:modified_time\" content=\"2026-02-12T10:22:21+00:00\" \/>\n<meta name=\"twitter:card\" content=\"summary_large_image\" \/>\n<meta name=\"twitter:label1\" content=\"Dur\u00e9e de lecture estim\u00e9e\" \/>\n\t<meta name=\"twitter:data1\" content=\"2 minutes\" \/>\n<script type=\"application\/ld+json\" class=\"yoast-schema-graph\">{\"@context\":\"https:\/\/schema.org\",\"@graph\":[{\"@type\":\"WebPage\",\"@id\":\"https:\/\/ses-creative.com\/fr\/produit\/ciseaux-securite\/\",\"url\":\"https:\/\/ses-creative.com\/fr\/produit\/ciseaux-securite\/\",\"name\":\"Ciseaux S\u00e9curit\u00e9 - SES Creative\",\"isPartOf\":{\"@id\":\"https:\/\/ses-creative.com\/#website\"},\"primaryImageOfPage\":{\"@id\":\"https:\/\/ses-creative.com\/fr\/produit\/ciseaux-securite\/#primaryimage\"},\"image\":{\"@id\":\"https:\/\/ses-creative.com\/fr\/produit\/ciseaux-securite\/#primaryimage\"},\"thumbnailUrl\":\"https:\/\/ses-creative.com\/wp-content\/uploads\/2026\/01\/008331.jpg\",\"datePublished\":\"2026-02-12T10:08:25+00:00\",\"dateModified\":\"2026-02-12T10:22:21+00:00\",\"breadcrumb\":{\"@id\":\"https:\/\/ses-creative.com\/fr\/produit\/ciseaux-securite\/#breadcrumb\"},\"inLanguage\":\"fr-FR\",\"potentialAction\":[{\"@type\":\"ReadAction\",\"target\":[\"https:\/\/ses-creative.com\/fr\/produit\/ciseaux-securite\/\"]}]},{\"@type\":\"ImageObject\",\"inLanguage\":\"fr-FR\",\"@id\":\"https:\/\/ses-creative.com\/fr\/produit\/ciseaux-securite\/#primaryimage\",\"url\":\"https:\/\/ses-creative.com\/wp-content\/uploads\/2026\/01\/008331.jpg\",\"contentUrl\":\"https:\/\/ses-creative.com\/wp-content\/uploads\/2026\/01\/008331.jpg\",\"width\":1000,\"height\":1000},{\"@type\":\"BreadcrumbList\",\"@id\":\"https:\/\/ses-creative.com\/fr\/produit\/ciseaux-securite\/#breadcrumb\",\"itemListElement\":[{\"@type\":\"ListItem\",\"position\":1,\"name\":\"Boutique\",\"item\":\"https:\/\/ses-creative.com\/fr\/boutique\/\"},{\"@type\":\"ListItem\",\"position\":2,\"name\":\"Loisirs cr\u00e9atifs\",\"item\":\"https:\/\/ses-creative.com\/fr\/product-categorie\/loisirs-creatifs\/\"},{\"@type\":\"ListItem\",\"position\":3,\"name\":\"Ciseaux S\u00e9curit\u00e9\"}]},{\"@type\":\"WebSite\",\"@id\":\"https:\/\/ses-creative.com\/#website\",\"url\":\"https:\/\/ses-creative.com\/\",\"name\":\"SES Creative\",\"description\":\"\",\"publisher\":{\"@id\":\"https:\/\/ses-creative.com\/#organization\"},\"potentialAction\":[{\"@type\":\"SearchAction\",\"target\":{\"@type\":\"EntryPoint\",\"urlTemplate\":\"https:\/\/ses-creative.com\/?s={search_term_string}\"},\"query-input\":{\"@type\":\"PropertyValueSpecification\",\"valueRequired\":true,\"valueName\":\"search_term_string\"}}],\"inLanguage\":\"fr-FR\"},{\"@type\":\"Organization\",\"@id\":\"https:\/\/ses-creative.com\/#organization\",\"name\":\"SES Creative\",\"url\":\"https:\/\/ses-creative.com\/\",\"logo\":{\"@type\":\"ImageObject\",\"inLanguage\":\"fr-FR\",\"@id\":\"https:\/\/ses-creative.com\/#\/schema\/logo\/image\/\",\"url\":\"https:\/\/ses-creative.com\/wp-content\/uploads\/2025\/10\/ses-creative-logo.jpg\",\"contentUrl\":\"https:\/\/ses-creative.com\/wp-content\/uploads\/2025\/10\/ses-creative-logo.jpg\",\"width\":2037,\"height\":2037,\"caption\":\"SES Creative\"},\"image\":{\"@id\":\"https:\/\/ses-creative.com\/#\/schema\/logo\/image\/\"}}]}<\/script>\n<!-- \/ Yoast SEO plugin. -->","yoast_head_json":{"title":"Ciseaux S\u00e9curit\u00e9 - SES Creative","robots":{"index":"index","follow":"follow","max-snippet":"max-snippet:-1","max-image-preview":"max-image-preview:large","max-video-preview":"max-video-preview:-1"},"canonical":"https:\/\/ses-creative.com\/fr\/produit\/ciseaux-securite\/","og_locale":"fr_FR","og_type":"article","og_title":"Ciseaux S\u00e9curit\u00e9 - SES Creative","og_description":"Apprenez \u00e0 d\u00e9couper en toute s\u00e9curit\u00e9 avec les ciseaux de s\u00e9curit\u00e9 pour enfants de SES Creative ! Ces ciseaux sp\u00e9cialement con\u00e7us sont id\u00e9aux pour les enfants \u00e0 partir de 2 ans qui souhaitent s&rsquo;exercer \u00e0 d\u00e9couper. Ils ne coupent que le papier et sont donc totalement sans danger pour les jeunes enfants : pas de [&hellip;]","og_url":"https:\/\/ses-creative.com\/fr\/produit\/ciseaux-securite\/","og_site_name":"SES Creative","article_modified_time":"2026-02-12T10:22:21+00:00","twitter_card":"summary_large_image","twitter_misc":{"Dur\u00e9e de lecture estim\u00e9e":"2 minutes"},"schema":{"@context":"https:\/\/schema.org","@graph":[{"@type":"WebPage","@id":"https:\/\/ses-creative.com\/fr\/produit\/ciseaux-securite\/","url":"https:\/\/ses-creative.com\/fr\/produit\/ciseaux-securite\/","name":"Ciseaux S\u00e9curit\u00e9 - SES Creative","isPartOf":{"@id":"https:\/\/ses-creative.com\/#website"},"primaryImageOfPage":{"@id":"https:\/\/ses-creative.com\/fr\/produit\/ciseaux-securite\/#primaryimage"},"image":{"@id":"https:\/\/ses-creative.com\/fr\/produit\/ciseaux-securite\/#primaryimage"},"thumbnailUrl":"https:\/\/ses-creative.com\/wp-content\/uploads\/2026\/01\/008331.jpg","datePublished":"2026-02-12T10:08:25+00:00","dateModified":"2026-02-12T10:22:21+00:00","breadcrumb":{"@id":"https:\/\/ses-creative.com\/fr\/produit\/ciseaux-securite\/#breadcrumb"},"inLanguage":"fr-FR","potentialAction":[{"@type":"ReadAction","target":["https:\/\/ses-creative.com\/fr\/produit\/ciseaux-securite\/"]}]},{"@type":"ImageObject","inLanguage":"fr-FR","@id":"https:\/\/ses-creative.com\/fr\/produit\/ciseaux-securite\/#primaryimage","url":"https:\/\/ses-creative.com\/wp-content\/uploads\/2026\/01\/008331.jpg","contentUrl":"https:\/\/ses-creative.com\/wp-content\/uploads\/2026\/01\/008331.jpg","width":1000,"height":1000},{"@type":"BreadcrumbList","@id":"https:\/\/ses-creative.com\/fr\/produit\/ciseaux-securite\/#breadcrumb","itemListElement":[{"@type":"ListItem","position":1,"name":"Boutique","item":"https:\/\/ses-creative.com\/fr\/boutique\/"},{"@type":"ListItem","position":2,"name":"Loisirs cr\u00e9atifs","item":"https:\/\/ses-creative.com\/fr\/product-categorie\/loisirs-creatifs\/"},{"@type":"ListItem","position":3,"name":"Ciseaux S\u00e9curit\u00e9"}]},{"@type":"WebSite","@id":"https:\/\/ses-creative.com\/#website","url":"https:\/\/ses-creative.com\/","name":"SES Creative","description":"","publisher":{"@id":"https:\/\/ses-creative.com\/#organization"},"potentialAction":[{"@type":"SearchAction","target":{"@type":"EntryPoint","urlTemplate":"https:\/\/ses-creative.com\/?s={search_term_string}"},"query-input":{"@type":"PropertyValueSpecification","valueRequired":true,"valueName":"search_term_string"}}],"inLanguage":"fr-FR"},{"@type":"Organization","@id":"https:\/\/ses-creative.com\/#organization","name":"SES Creative","url":"https:\/\/ses-creative.com\/","logo":{"@type":"ImageObject","inLanguage":"fr-FR","@id":"https:\/\/ses-creative.com\/#\/schema\/logo\/image\/","url":"https:\/\/ses-creative.com\/wp-content\/uploads\/2025\/10\/ses-creative-logo.jpg","contentUrl":"https:\/\/ses-creative.com\/wp-content\/uploads\/2025\/10\/ses-creative-logo.jpg","width":2037,"height":2037,"caption":"SES Creative"},"image":{"@id":"https:\/\/ses-creative.com\/#\/schema\/logo\/image\/"}}]}},"_links":{"self":[{"href":"https:\/\/ses-creative.com\/fr\/wp-json\/wp\/v2\/product\/118040","targetHints":{"allow":["GET"]}}],"collection":[{"href":"https:\/\/ses-creative.com\/fr\/wp-json\/wp\/v2\/product"}],"about":[{"href":"https:\/\/ses-creative.com\/fr\/wp-json\/wp\/v2\/types\/product"}],"replies":[{"embeddable":true,"href":"https:\/\/ses-creative.com\/fr\/wp-json\/wp\/v2\/comments?post=118040"}],"wp:featuredmedia":[{"embeddable":true,"href":"https:\/\/ses-creative.com\/fr\/wp-json\/wp\/v2\/media\/97988"}],"wp:attachment":[{"href":"https:\/\/ses-creative.com\/fr\/wp-json\/wp\/v2\/media?parent=118040"}],"wp:term":[{"taxonomy":"product_brand","embeddable":true,"href":"https:\/\/ses-creative.com\/fr\/wp-json\/wp\/v2\/product_brand?post=118040"},{"taxonomy":"product_cat","embeddable":true,"href":"https:\/\/ses-creative.com\/fr\/wp-json\/wp\/v2\/product_cat?post=118040"},{"taxonomy":"product_tag","embeddable":true,"href":"https:\/\/ses-creative.com\/fr\/wp-json\/wp\/v2\/product_tag?post=118040"}],"curies":[{"name":"wp","href":"https:\/\/api.w.org\/{rel}","templated":true}]}}