











{"id":118039,"date":"2026-02-12T10:08:25","date_gmt":"2026-02-12T10:08:25","guid":{"rendered":"https:\/\/ses-creative.com\/?post_type=product&#038;p=118039"},"modified":"2026-02-12T10:22:21","modified_gmt":"2026-02-12T10:22:21","slug":"pate-a-modeler-fundo-animaux-sauvages-3x90gr-1x40gr","status":"publish","type":"product","link":"https:\/\/ses-creative.com\/fr\/produit\/pate-a-modeler-fundo-animaux-sauvages-3x90gr-1x40gr\/","title":{"rendered":"P\u00e2te \u00e0 modeler FunDo &#8211; Animaux sauvages (3x90gr-1x40gr)"},"content":{"rendered":"<p>FunDo Clay \u2013 Cr\u00e9ez votre propre jungle remplie d&rsquo;animaux sauvages !<\/p>\n<p>Laissez libre cours \u00e0 votre cr\u00e9ativit\u00e9 avec FunDo Clay \u2013 Animaux sauvages ! Ce kit de p\u00e2te \u00e0 modeler color\u00e9e donne vie \u00e0 la jungle. Gr\u00e2ce \u00e0 une p\u00e2te \u00e0 modeler souple et facile \u00e0 travailler et \u00e0 des instructions vid\u00e9o inspirantes, vous pouvez facilement cr\u00e9er votre propre lion, \u00e9l\u00e9phant, girafe et bien d&rsquo;autres animaux. Parfait pour les petits aventuriers \u00e0 l&rsquo;imagination d\u00e9bordante !<\/p>\n<p>Ce qui rend ce set g\u00e9nial<\/p>\n<p>Comprend des instructions vid\u00e9o pour encore plus de plaisir et d&rsquo;id\u00e9es<br \/>\nDes couleurs qui correspondent parfaitement aux animaux sauvages r\u00e9els<br \/>\nP\u00e2te \u00e0 modeler ultra-douce, facile \u00e0 modeler et qui ne s\u00e8che pas<br \/>\nStimule la motricit\u00e9 fine et l&rsquo;imagination des enfants<br \/>\nId\u00e9al pour les enfants \u00e0 partir de 3 ans<\/p>\n<p>Donnez vie \u00e0 votre propre jungle<\/p>\n<p>Avec ce set, les enfants partent en safari cr\u00e9atif ! Qu&rsquo;ils souhaitent cr\u00e9er un lion f\u00e9roce ou une girafe gracieuse, cette p\u00e2te \u00e0 modeler leur permet de tout r\u00e9aliser. Sa texture douce et ses couleurs vives garantissent une exp\u00e9rience ludique dont ils peuvent \u00eatre fiers. Jouer, apprendre et d\u00e9couvrir en un seul geste.<\/p>\n<p>Contenu du kit<\/p>\n<p>P\u00e2te \u00e0 modeler orange (90 g)<br \/>\nP\u00e2te \u00e0 modeler bleu clair (90 g)<br \/>\nArgile vert clair (90 g)<br \/>\nArgile noire (40 g)<\/p>\n<p>Pourquoi choisir SES Creative ?<\/p>\n<p>Chez SES Creative, nous accordons une grande importance \u00e0 la s\u00e9curit\u00e9. C&rsquo;est pourquoi nos produits sont fabriqu\u00e9s et test\u00e9s dans notre usine aux Pays-Bas, conform\u00e9ment aux normes de s\u00e9curit\u00e9 europ\u00e9ennes les plus strictes. Les jouets SES Creative sont source de plaisir et permettent aux enfants d&rsquo;\u00eatre fiers de leur travail, ce qui stimule leur cr\u00e9ativit\u00e9 et leur d\u00e9veloppement.<\/p>\n<p>Commencez d\u00e8s aujourd&rsquo;hui \u00e0 cr\u00e9er des animaux sauvages<\/p>\n<p>D\u00e9couvrez le plaisir de modeler l&rsquo;argile et cr\u00e9ez une jungle color\u00e9e remplie d&rsquo;animaux faits maison avec FunDo de SES Creative. Des heures de plaisir cr\u00e9atif garanties !<\/p>\n","protected":false},"excerpt":{"rendered":"<p>FunDo Clay \u2013 Cr\u00e9ez votre propre jungle remplie d&rsquo;animaux sauvages ! Laissez libre cours \u00e0 votre cr\u00e9ativit\u00e9 avec FunDo Clay \u2013 Animaux sauvages ! Ce kit de p\u00e2te \u00e0 modeler color\u00e9e donne vie \u00e0 la jungle. Gr\u00e2ce \u00e0 une p\u00e2te \u00e0 modeler souple et facile \u00e0 travailler et \u00e0 des instructions vid\u00e9o inspirantes, vous pouvez [&hellip;]<\/p>\n","protected":false},"featured_media":97968,"comment_status":"closed","ping_status":"closed","template":"","meta":{"_acf_changed":false},"product_brand":[],"product_cat":[124],"product_tag":[],"class_list":{"0":"post-118039","1":"product","2":"type-product","3":"status-publish","4":"has-post-thumbnail","6":"product_cat-pate-a-modeler","7":"pa_leeftijd-filter-3-4-ans","8":"pa_meest-populair-bij-garcons-filles","10":"first","11":"instock","12":"shipping-taxable","13":"product-type-simple"},"acf":[],"yoast_head":"<!-- This site is optimized with the Yoast SEO plugin v27.4 - https:\/\/yoast.com\/product\/yoast-seo-wordpress\/ -->\n<title>P\u00e2te \u00e0 modeler FunDo - Animaux sauvages (3x90gr-1x40gr) - SES Creative<\/title>\n<meta name=\"robots\" content=\"index, follow, max-snippet:-1, max-image-preview:large, max-video-preview:-1\" \/>\n<link rel=\"canonical\" href=\"https:\/\/ses-creative.com\/fr\/produit\/pate-a-modeler-fundo-animaux-sauvages-3x90gr-1x40gr\/\" \/>\n<meta property=\"og:locale\" content=\"fr_FR\" \/>\n<meta property=\"og:type\" content=\"article\" \/>\n<meta property=\"og:title\" content=\"P\u00e2te \u00e0 modeler FunDo - Animaux sauvages (3x90gr-1x40gr) - SES Creative\" \/>\n<meta property=\"og:description\" content=\"FunDo Clay \u2013 Cr\u00e9ez votre propre jungle remplie d&rsquo;animaux sauvages ! Laissez libre cours \u00e0 votre cr\u00e9ativit\u00e9 avec FunDo Clay \u2013 Animaux sauvages ! Ce kit de p\u00e2te \u00e0 modeler color\u00e9e donne vie \u00e0 la jungle. Gr\u00e2ce \u00e0 une p\u00e2te \u00e0 modeler souple et facile \u00e0 travailler et \u00e0 des instructions vid\u00e9o inspirantes, vous pouvez [&hellip;]\" \/>\n<meta property=\"og:url\" content=\"https:\/\/ses-creative.com\/fr\/produit\/pate-a-modeler-fundo-animaux-sauvages-3x90gr-1x40gr\/\" \/>\n<meta property=\"og:site_name\" content=\"SES Creative\" \/>\n<meta property=\"article:modified_time\" content=\"2026-02-12T10:22:21+00:00\" \/>\n<meta name=\"twitter:card\" content=\"summary_large_image\" \/>\n<meta name=\"twitter:label1\" content=\"Dur\u00e9e de lecture estim\u00e9e\" \/>\n\t<meta name=\"twitter:data1\" content=\"2 minutes\" \/>\n<script type=\"application\/ld+json\" class=\"yoast-schema-graph\">{\"@context\":\"https:\\\/\\\/schema.org\",\"@graph\":[{\"@type\":\"WebPage\",\"@id\":\"https:\\\/\\\/ses-creative.com\\\/fr\\\/produit\\\/pate-a-modeler-fundo-animaux-sauvages-3x90gr-1x40gr\\\/\",\"url\":\"https:\\\/\\\/ses-creative.com\\\/fr\\\/produit\\\/pate-a-modeler-fundo-animaux-sauvages-3x90gr-1x40gr\\\/\",\"name\":\"P\u00e2te \u00e0 modeler FunDo - Animaux sauvages (3x90gr-1x40gr) - SES Creative\",\"isPartOf\":{\"@id\":\"https:\\\/\\\/ses-creative.com\\\/#website\"},\"primaryImageOfPage\":{\"@id\":\"https:\\\/\\\/ses-creative.com\\\/fr\\\/produit\\\/pate-a-modeler-fundo-animaux-sauvages-3x90gr-1x40gr\\\/#primaryimage\"},\"image\":{\"@id\":\"https:\\\/\\\/ses-creative.com\\\/fr\\\/produit\\\/pate-a-modeler-fundo-animaux-sauvages-3x90gr-1x40gr\\\/#primaryimage\"},\"thumbnailUrl\":\"https:\\\/\\\/ses-creative.com\\\/wp-content\\\/uploads\\\/2026\\\/01\\\/008131.jpg\",\"datePublished\":\"2026-02-12T10:08:25+00:00\",\"dateModified\":\"2026-02-12T10:22:21+00:00\",\"breadcrumb\":{\"@id\":\"https:\\\/\\\/ses-creative.com\\\/fr\\\/produit\\\/pate-a-modeler-fundo-animaux-sauvages-3x90gr-1x40gr\\\/#breadcrumb\"},\"inLanguage\":\"fr-FR\",\"potentialAction\":[{\"@type\":\"ReadAction\",\"target\":[\"https:\\\/\\\/ses-creative.com\\\/fr\\\/produit\\\/pate-a-modeler-fundo-animaux-sauvages-3x90gr-1x40gr\\\/\"]}]},{\"@type\":\"ImageObject\",\"inLanguage\":\"fr-FR\",\"@id\":\"https:\\\/\\\/ses-creative.com\\\/fr\\\/produit\\\/pate-a-modeler-fundo-animaux-sauvages-3x90gr-1x40gr\\\/#primaryimage\",\"url\":\"https:\\\/\\\/ses-creative.com\\\/wp-content\\\/uploads\\\/2026\\\/01\\\/008131.jpg\",\"contentUrl\":\"https:\\\/\\\/ses-creative.com\\\/wp-content\\\/uploads\\\/2026\\\/01\\\/008131.jpg\",\"width\":1000,\"height\":1000},{\"@type\":\"BreadcrumbList\",\"@id\":\"https:\\\/\\\/ses-creative.com\\\/fr\\\/produit\\\/pate-a-modeler-fundo-animaux-sauvages-3x90gr-1x40gr\\\/#breadcrumb\",\"itemListElement\":[{\"@type\":\"ListItem\",\"position\":1,\"name\":\"Boutique\",\"item\":\"https:\\\/\\\/ses-creative.com\\\/fr\\\/boutique\\\/\"},{\"@type\":\"ListItem\",\"position\":2,\"name\":\"P\u00e2te \u00e0 modeler\",\"item\":\"https:\\\/\\\/ses-creative.com\\\/fr\\\/product-categorie\\\/pate-a-modeler\\\/\"},{\"@type\":\"ListItem\",\"position\":3,\"name\":\"P\u00e2te \u00e0 modeler FunDo &#8211; Animaux sauvages (3x90gr-1x40gr)\"}]},{\"@type\":\"WebSite\",\"@id\":\"https:\\\/\\\/ses-creative.com\\\/#website\",\"url\":\"https:\\\/\\\/ses-creative.com\\\/\",\"name\":\"SES Creative\",\"description\":\"\",\"publisher\":{\"@id\":\"https:\\\/\\\/ses-creative.com\\\/#organization\"},\"potentialAction\":[{\"@type\":\"SearchAction\",\"target\":{\"@type\":\"EntryPoint\",\"urlTemplate\":\"https:\\\/\\\/ses-creative.com\\\/?s={search_term_string}\"},\"query-input\":{\"@type\":\"PropertyValueSpecification\",\"valueRequired\":true,\"valueName\":\"search_term_string\"}}],\"inLanguage\":\"fr-FR\"},{\"@type\":\"Organization\",\"@id\":\"https:\\\/\\\/ses-creative.com\\\/#organization\",\"name\":\"SES Creative\",\"url\":\"https:\\\/\\\/ses-creative.com\\\/\",\"logo\":{\"@type\":\"ImageObject\",\"inLanguage\":\"fr-FR\",\"@id\":\"https:\\\/\\\/ses-creative.com\\\/#\\\/schema\\\/logo\\\/image\\\/\",\"url\":\"https:\\\/\\\/ses-creative.com\\\/wp-content\\\/uploads\\\/2025\\\/10\\\/ses-creative-logo.jpg\",\"contentUrl\":\"https:\\\/\\\/ses-creative.com\\\/wp-content\\\/uploads\\\/2025\\\/10\\\/ses-creative-logo.jpg\",\"width\":2037,\"height\":2037,\"caption\":\"SES Creative\"},\"image\":{\"@id\":\"https:\\\/\\\/ses-creative.com\\\/#\\\/schema\\\/logo\\\/image\\\/\"}}]}<\/script>\n<!-- \/ Yoast SEO plugin. -->","yoast_head_json":{"title":"P\u00e2te \u00e0 modeler FunDo - Animaux sauvages (3x90gr-1x40gr) - SES Creative","robots":{"index":"index","follow":"follow","max-snippet":"max-snippet:-1","max-image-preview":"max-image-preview:large","max-video-preview":"max-video-preview:-1"},"canonical":"https:\/\/ses-creative.com\/fr\/produit\/pate-a-modeler-fundo-animaux-sauvages-3x90gr-1x40gr\/","og_locale":"fr_FR","og_type":"article","og_title":"P\u00e2te \u00e0 modeler FunDo - Animaux sauvages (3x90gr-1x40gr) - SES Creative","og_description":"FunDo Clay \u2013 Cr\u00e9ez votre propre jungle remplie d&rsquo;animaux sauvages ! Laissez libre cours \u00e0 votre cr\u00e9ativit\u00e9 avec FunDo Clay \u2013 Animaux sauvages ! Ce kit de p\u00e2te \u00e0 modeler color\u00e9e donne vie \u00e0 la jungle. Gr\u00e2ce \u00e0 une p\u00e2te \u00e0 modeler souple et facile \u00e0 travailler et \u00e0 des instructions vid\u00e9o inspirantes, vous pouvez [&hellip;]","og_url":"https:\/\/ses-creative.com\/fr\/produit\/pate-a-modeler-fundo-animaux-sauvages-3x90gr-1x40gr\/","og_site_name":"SES Creative","article_modified_time":"2026-02-12T10:22:21+00:00","twitter_card":"summary_large_image","twitter_misc":{"Dur\u00e9e de lecture estim\u00e9e":"2 minutes"},"schema":{"@context":"https:\/\/schema.org","@graph":[{"@type":"WebPage","@id":"https:\/\/ses-creative.com\/fr\/produit\/pate-a-modeler-fundo-animaux-sauvages-3x90gr-1x40gr\/","url":"https:\/\/ses-creative.com\/fr\/produit\/pate-a-modeler-fundo-animaux-sauvages-3x90gr-1x40gr\/","name":"P\u00e2te \u00e0 modeler FunDo - Animaux sauvages (3x90gr-1x40gr) - SES Creative","isPartOf":{"@id":"https:\/\/ses-creative.com\/#website"},"primaryImageOfPage":{"@id":"https:\/\/ses-creative.com\/fr\/produit\/pate-a-modeler-fundo-animaux-sauvages-3x90gr-1x40gr\/#primaryimage"},"image":{"@id":"https:\/\/ses-creative.com\/fr\/produit\/pate-a-modeler-fundo-animaux-sauvages-3x90gr-1x40gr\/#primaryimage"},"thumbnailUrl":"https:\/\/ses-creative.com\/wp-content\/uploads\/2026\/01\/008131.jpg","datePublished":"2026-02-12T10:08:25+00:00","dateModified":"2026-02-12T10:22:21+00:00","breadcrumb":{"@id":"https:\/\/ses-creative.com\/fr\/produit\/pate-a-modeler-fundo-animaux-sauvages-3x90gr-1x40gr\/#breadcrumb"},"inLanguage":"fr-FR","potentialAction":[{"@type":"ReadAction","target":["https:\/\/ses-creative.com\/fr\/produit\/pate-a-modeler-fundo-animaux-sauvages-3x90gr-1x40gr\/"]}]},{"@type":"ImageObject","inLanguage":"fr-FR","@id":"https:\/\/ses-creative.com\/fr\/produit\/pate-a-modeler-fundo-animaux-sauvages-3x90gr-1x40gr\/#primaryimage","url":"https:\/\/ses-creative.com\/wp-content\/uploads\/2026\/01\/008131.jpg","contentUrl":"https:\/\/ses-creative.com\/wp-content\/uploads\/2026\/01\/008131.jpg","width":1000,"height":1000},{"@type":"BreadcrumbList","@id":"https:\/\/ses-creative.com\/fr\/produit\/pate-a-modeler-fundo-animaux-sauvages-3x90gr-1x40gr\/#breadcrumb","itemListElement":[{"@type":"ListItem","position":1,"name":"Boutique","item":"https:\/\/ses-creative.com\/fr\/boutique\/"},{"@type":"ListItem","position":2,"name":"P\u00e2te \u00e0 modeler","item":"https:\/\/ses-creative.com\/fr\/product-categorie\/pate-a-modeler\/"},{"@type":"ListItem","position":3,"name":"P\u00e2te \u00e0 modeler FunDo &#8211; Animaux sauvages (3x90gr-1x40gr)"}]},{"@type":"WebSite","@id":"https:\/\/ses-creative.com\/#website","url":"https:\/\/ses-creative.com\/","name":"SES Creative","description":"","publisher":{"@id":"https:\/\/ses-creative.com\/#organization"},"potentialAction":[{"@type":"SearchAction","target":{"@type":"EntryPoint","urlTemplate":"https:\/\/ses-creative.com\/?s={search_term_string}"},"query-input":{"@type":"PropertyValueSpecification","valueRequired":true,"valueName":"search_term_string"}}],"inLanguage":"fr-FR"},{"@type":"Organization","@id":"https:\/\/ses-creative.com\/#organization","name":"SES Creative","url":"https:\/\/ses-creative.com\/","logo":{"@type":"ImageObject","inLanguage":"fr-FR","@id":"https:\/\/ses-creative.com\/#\/schema\/logo\/image\/","url":"https:\/\/ses-creative.com\/wp-content\/uploads\/2025\/10\/ses-creative-logo.jpg","contentUrl":"https:\/\/ses-creative.com\/wp-content\/uploads\/2025\/10\/ses-creative-logo.jpg","width":2037,"height":2037,"caption":"SES Creative"},"image":{"@id":"https:\/\/ses-creative.com\/#\/schema\/logo\/image\/"}}]}},"_links":{"self":[{"href":"https:\/\/ses-creative.com\/fr\/wp-json\/wp\/v2\/product\/118039","targetHints":{"allow":["GET"]}}],"collection":[{"href":"https:\/\/ses-creative.com\/fr\/wp-json\/wp\/v2\/product"}],"about":[{"href":"https:\/\/ses-creative.com\/fr\/wp-json\/wp\/v2\/types\/product"}],"replies":[{"embeddable":true,"href":"https:\/\/ses-creative.com\/fr\/wp-json\/wp\/v2\/comments?post=118039"}],"wp:featuredmedia":[{"embeddable":true,"href":"https:\/\/ses-creative.com\/fr\/wp-json\/wp\/v2\/media\/97968"}],"wp:attachment":[{"href":"https:\/\/ses-creative.com\/fr\/wp-json\/wp\/v2\/media?parent=118039"}],"wp:term":[{"taxonomy":"product_brand","embeddable":true,"href":"https:\/\/ses-creative.com\/fr\/wp-json\/wp\/v2\/product_brand?post=118039"},{"taxonomy":"product_cat","embeddable":true,"href":"https:\/\/ses-creative.com\/fr\/wp-json\/wp\/v2\/product_cat?post=118039"},{"taxonomy":"product_tag","embeddable":true,"href":"https:\/\/ses-creative.com\/fr\/wp-json\/wp\/v2\/product_tag?post=118039"}],"curies":[{"name":"wp","href":"https:\/\/api.w.org\/{rel}","templated":true}]}}