











{"id":118038,"date":"2026-02-12T10:08:25","date_gmt":"2026-02-12T10:08:25","guid":{"rendered":"https:\/\/ses-creative.com\/?post_type=product&#038;p=118038"},"modified":"2026-02-12T10:22:21","modified_gmt":"2026-02-12T10:22:21","slug":"pate-a-modeler-fundo-dinosaures-3x90gr-1x40gr","status":"publish","type":"product","link":"https:\/\/ses-creative.com\/fr\/produit\/pate-a-modeler-fundo-dinosaures-3x90gr-1x40gr\/","title":{"rendered":"P\u00e2te \u00e0 modeler FunDo &#8211; Dinosaures (3x90gr-1x40gr)"},"content":{"rendered":"<p>P\u00e2te \u00e0 modeler FunDo &#8211; Construisez votre propre monde de dinosaures plein d&rsquo;aventures !<\/p>\n<p>Remontez le temps et donnez vie \u00e0 la pr\u00e9histoire avec FunDo Clay \u2013 Dinos ! Gr\u00e2ce \u00e0 cette p\u00e2te \u00e0 modeler interactive, les enfants peuvent cr\u00e9er leurs propres figurines de dinosaures color\u00e9es. Gr\u00e2ce \u00e0 la p\u00e2te \u00e0 modeler souple et facile \u00e0 fa\u00e7onner et aux instructions vid\u00e9o inspirantes, les jeunes cr\u00e9atifs peuvent construire un impressionnant paysage de dinosaures en un clin d&rsquo;\u0153il. Pr\u00eats pour une aventure cr\u00e9ative ?<\/p>\n<p>Ce qui rend ce kit g\u00e9nial<\/p>\n<p>Comprend des instructions vid\u00e9o pour plus d&rsquo;inspiration et de plaisir<br \/>\nCouleurs vives et pastel pour des combinaisons infinies<br \/>\nP\u00e2te \u00e0 modeler ultra-douce, facile \u00e0 fa\u00e7onner et qui ne s\u00e8che pas rapidement<br \/>\nStimule l&rsquo;imagination, la cr\u00e9ativit\u00e9 et la motricit\u00e9 fine<br \/>\nParfait pour les petits fans de dinosaures \u00e0 partir de 3 ans<\/p>\n<p>Cr\u00e9ez votre propre aventure pr\u00e9historique<\/p>\n<p>Avec ce kit de p\u00e2te \u00e0 modeler FunDo, les enfants peuvent cr\u00e9er et d\u00e9corer leurs dinosaures pr\u00e9f\u00e9r\u00e9s. Les diff\u00e9rentes couleurs de p\u00e2te offrent des possibilit\u00e9s infinies, et gr\u00e2ce aux vid\u00e9os, ils continuent \u00e0 s&rsquo;amuser avec enthousiasme. Apprendre et cr\u00e9er tout en s&rsquo;amusant : c&rsquo;est la force de FunDo !<\/p>\n<p>Contenu du kit<\/p>\n<p>P\u00e2te \u00e0 modeler orange (90 g)<br \/>\nP\u00e2te \u00e0 modeler vert pastel (90 g)<br \/>\nArgile bleu pastel (90 g)<br \/>\nArgile jaune (40 g)<\/p>\n<p>Pourquoi choisir SES Creative ?<\/p>\n<p>Chez SES Creative, nous accordons une grande importance \u00e0 la s\u00e9curit\u00e9. C&rsquo;est pourquoi nos produits sont fabriqu\u00e9s et test\u00e9s dans notre usine aux Pays-Bas, conform\u00e9ment aux normes de s\u00e9curit\u00e9 europ\u00e9ennes les plus strictes. Les jouets SES Creative sont source de plaisir et permettent aux enfants d&rsquo;\u00eatre fiers de leur travail, ce qui stimule leur cr\u00e9ativit\u00e9 et leur d\u00e9veloppement.<\/p>\n<p>Commencez d\u00e8s aujourd&rsquo;hui \u00e0 cr\u00e9er des dinosaures en p\u00e2te \u00e0 modeler<\/p>\n<p>D\u00e9couvrez la magie de la p\u00e2te \u00e0 modeler et construisez votre propre monde color\u00e9 de dinosaures avec FunDo de SES Creative \u2013 pour des heures de plaisir cr\u00e9atif !<\/p>\n","protected":false},"excerpt":{"rendered":"<p>P\u00e2te \u00e0 modeler FunDo &#8211; Construisez votre propre monde de dinosaures plein d&rsquo;aventures ! Remontez le temps et donnez vie \u00e0 la pr\u00e9histoire avec FunDo Clay \u2013 Dinos ! Gr\u00e2ce \u00e0 cette p\u00e2te \u00e0 modeler interactive, les enfants peuvent cr\u00e9er leurs propres figurines de dinosaures color\u00e9es. Gr\u00e2ce \u00e0 la p\u00e2te \u00e0 modeler souple et facile [&hellip;]<\/p>\n","protected":false},"featured_media":97948,"comment_status":"closed","ping_status":"closed","template":"","meta":{"_acf_changed":false},"product_brand":[],"product_cat":[124],"product_tag":[],"class_list":{"0":"post-118038","1":"product","2":"type-product","3":"status-publish","4":"has-post-thumbnail","6":"product_cat-pate-a-modeler","7":"pa_leeftijd-filter-3-4-ans","8":"pa_meest-populair-bij-garcons-filles","10":"first","11":"instock","12":"shipping-taxable","13":"product-type-simple"},"acf":[],"yoast_head":"<!-- This site is optimized with the Yoast SEO plugin v27.4 - https:\/\/yoast.com\/product\/yoast-seo-wordpress\/ -->\n<title>P\u00e2te \u00e0 modeler FunDo - Dinosaures (3x90gr-1x40gr) - SES Creative<\/title>\n<meta name=\"robots\" content=\"index, follow, max-snippet:-1, max-image-preview:large, max-video-preview:-1\" \/>\n<link rel=\"canonical\" href=\"https:\/\/ses-creative.com\/fr\/produit\/pate-a-modeler-fundo-dinosaures-3x90gr-1x40gr\/\" \/>\n<meta property=\"og:locale\" content=\"fr_FR\" \/>\n<meta property=\"og:type\" content=\"article\" \/>\n<meta property=\"og:title\" content=\"P\u00e2te \u00e0 modeler FunDo - Dinosaures (3x90gr-1x40gr) - SES Creative\" \/>\n<meta property=\"og:description\" content=\"P\u00e2te \u00e0 modeler FunDo &#8211; Construisez votre propre monde de dinosaures plein d&rsquo;aventures ! Remontez le temps et donnez vie \u00e0 la pr\u00e9histoire avec FunDo Clay \u2013 Dinos ! Gr\u00e2ce \u00e0 cette p\u00e2te \u00e0 modeler interactive, les enfants peuvent cr\u00e9er leurs propres figurines de dinosaures color\u00e9es. Gr\u00e2ce \u00e0 la p\u00e2te \u00e0 modeler souple et facile [&hellip;]\" \/>\n<meta property=\"og:url\" content=\"https:\/\/ses-creative.com\/fr\/produit\/pate-a-modeler-fundo-dinosaures-3x90gr-1x40gr\/\" \/>\n<meta property=\"og:site_name\" content=\"SES Creative\" \/>\n<meta property=\"article:modified_time\" content=\"2026-02-12T10:22:21+00:00\" \/>\n<meta name=\"twitter:card\" content=\"summary_large_image\" \/>\n<meta name=\"twitter:label1\" content=\"Dur\u00e9e de lecture estim\u00e9e\" \/>\n\t<meta name=\"twitter:data1\" content=\"2 minutes\" \/>\n<script type=\"application\/ld+json\" class=\"yoast-schema-graph\">{\"@context\":\"https:\\\/\\\/schema.org\",\"@graph\":[{\"@type\":\"WebPage\",\"@id\":\"https:\\\/\\\/ses-creative.com\\\/fr\\\/produit\\\/pate-a-modeler-fundo-dinosaures-3x90gr-1x40gr\\\/\",\"url\":\"https:\\\/\\\/ses-creative.com\\\/fr\\\/produit\\\/pate-a-modeler-fundo-dinosaures-3x90gr-1x40gr\\\/\",\"name\":\"P\u00e2te \u00e0 modeler FunDo - Dinosaures (3x90gr-1x40gr) - SES Creative\",\"isPartOf\":{\"@id\":\"https:\\\/\\\/ses-creative.com\\\/#website\"},\"primaryImageOfPage\":{\"@id\":\"https:\\\/\\\/ses-creative.com\\\/fr\\\/produit\\\/pate-a-modeler-fundo-dinosaures-3x90gr-1x40gr\\\/#primaryimage\"},\"image\":{\"@id\":\"https:\\\/\\\/ses-creative.com\\\/fr\\\/produit\\\/pate-a-modeler-fundo-dinosaures-3x90gr-1x40gr\\\/#primaryimage\"},\"thumbnailUrl\":\"https:\\\/\\\/ses-creative.com\\\/wp-content\\\/uploads\\\/2026\\\/01\\\/008121.jpg\",\"datePublished\":\"2026-02-12T10:08:25+00:00\",\"dateModified\":\"2026-02-12T10:22:21+00:00\",\"breadcrumb\":{\"@id\":\"https:\\\/\\\/ses-creative.com\\\/fr\\\/produit\\\/pate-a-modeler-fundo-dinosaures-3x90gr-1x40gr\\\/#breadcrumb\"},\"inLanguage\":\"fr-FR\",\"potentialAction\":[{\"@type\":\"ReadAction\",\"target\":[\"https:\\\/\\\/ses-creative.com\\\/fr\\\/produit\\\/pate-a-modeler-fundo-dinosaures-3x90gr-1x40gr\\\/\"]}]},{\"@type\":\"ImageObject\",\"inLanguage\":\"fr-FR\",\"@id\":\"https:\\\/\\\/ses-creative.com\\\/fr\\\/produit\\\/pate-a-modeler-fundo-dinosaures-3x90gr-1x40gr\\\/#primaryimage\",\"url\":\"https:\\\/\\\/ses-creative.com\\\/wp-content\\\/uploads\\\/2026\\\/01\\\/008121.jpg\",\"contentUrl\":\"https:\\\/\\\/ses-creative.com\\\/wp-content\\\/uploads\\\/2026\\\/01\\\/008121.jpg\",\"width\":1000,\"height\":1000},{\"@type\":\"BreadcrumbList\",\"@id\":\"https:\\\/\\\/ses-creative.com\\\/fr\\\/produit\\\/pate-a-modeler-fundo-dinosaures-3x90gr-1x40gr\\\/#breadcrumb\",\"itemListElement\":[{\"@type\":\"ListItem\",\"position\":1,\"name\":\"Boutique\",\"item\":\"https:\\\/\\\/ses-creative.com\\\/fr\\\/boutique\\\/\"},{\"@type\":\"ListItem\",\"position\":2,\"name\":\"P\u00e2te \u00e0 modeler\",\"item\":\"https:\\\/\\\/ses-creative.com\\\/fr\\\/product-categorie\\\/pate-a-modeler\\\/\"},{\"@type\":\"ListItem\",\"position\":3,\"name\":\"P\u00e2te \u00e0 modeler FunDo &#8211; Dinosaures (3x90gr-1x40gr)\"}]},{\"@type\":\"WebSite\",\"@id\":\"https:\\\/\\\/ses-creative.com\\\/#website\",\"url\":\"https:\\\/\\\/ses-creative.com\\\/\",\"name\":\"SES Creative\",\"description\":\"\",\"publisher\":{\"@id\":\"https:\\\/\\\/ses-creative.com\\\/#organization\"},\"potentialAction\":[{\"@type\":\"SearchAction\",\"target\":{\"@type\":\"EntryPoint\",\"urlTemplate\":\"https:\\\/\\\/ses-creative.com\\\/?s={search_term_string}\"},\"query-input\":{\"@type\":\"PropertyValueSpecification\",\"valueRequired\":true,\"valueName\":\"search_term_string\"}}],\"inLanguage\":\"fr-FR\"},{\"@type\":\"Organization\",\"@id\":\"https:\\\/\\\/ses-creative.com\\\/#organization\",\"name\":\"SES Creative\",\"url\":\"https:\\\/\\\/ses-creative.com\\\/\",\"logo\":{\"@type\":\"ImageObject\",\"inLanguage\":\"fr-FR\",\"@id\":\"https:\\\/\\\/ses-creative.com\\\/#\\\/schema\\\/logo\\\/image\\\/\",\"url\":\"https:\\\/\\\/ses-creative.com\\\/wp-content\\\/uploads\\\/2025\\\/10\\\/ses-creative-logo.jpg\",\"contentUrl\":\"https:\\\/\\\/ses-creative.com\\\/wp-content\\\/uploads\\\/2025\\\/10\\\/ses-creative-logo.jpg\",\"width\":2037,\"height\":2037,\"caption\":\"SES Creative\"},\"image\":{\"@id\":\"https:\\\/\\\/ses-creative.com\\\/#\\\/schema\\\/logo\\\/image\\\/\"}}]}<\/script>\n<!-- \/ Yoast SEO plugin. -->","yoast_head_json":{"title":"P\u00e2te \u00e0 modeler FunDo - Dinosaures (3x90gr-1x40gr) - SES Creative","robots":{"index":"index","follow":"follow","max-snippet":"max-snippet:-1","max-image-preview":"max-image-preview:large","max-video-preview":"max-video-preview:-1"},"canonical":"https:\/\/ses-creative.com\/fr\/produit\/pate-a-modeler-fundo-dinosaures-3x90gr-1x40gr\/","og_locale":"fr_FR","og_type":"article","og_title":"P\u00e2te \u00e0 modeler FunDo - Dinosaures (3x90gr-1x40gr) - SES Creative","og_description":"P\u00e2te \u00e0 modeler FunDo &#8211; Construisez votre propre monde de dinosaures plein d&rsquo;aventures ! Remontez le temps et donnez vie \u00e0 la pr\u00e9histoire avec FunDo Clay \u2013 Dinos ! Gr\u00e2ce \u00e0 cette p\u00e2te \u00e0 modeler interactive, les enfants peuvent cr\u00e9er leurs propres figurines de dinosaures color\u00e9es. Gr\u00e2ce \u00e0 la p\u00e2te \u00e0 modeler souple et facile [&hellip;]","og_url":"https:\/\/ses-creative.com\/fr\/produit\/pate-a-modeler-fundo-dinosaures-3x90gr-1x40gr\/","og_site_name":"SES Creative","article_modified_time":"2026-02-12T10:22:21+00:00","twitter_card":"summary_large_image","twitter_misc":{"Dur\u00e9e de lecture estim\u00e9e":"2 minutes"},"schema":{"@context":"https:\/\/schema.org","@graph":[{"@type":"WebPage","@id":"https:\/\/ses-creative.com\/fr\/produit\/pate-a-modeler-fundo-dinosaures-3x90gr-1x40gr\/","url":"https:\/\/ses-creative.com\/fr\/produit\/pate-a-modeler-fundo-dinosaures-3x90gr-1x40gr\/","name":"P\u00e2te \u00e0 modeler FunDo - Dinosaures (3x90gr-1x40gr) - SES Creative","isPartOf":{"@id":"https:\/\/ses-creative.com\/#website"},"primaryImageOfPage":{"@id":"https:\/\/ses-creative.com\/fr\/produit\/pate-a-modeler-fundo-dinosaures-3x90gr-1x40gr\/#primaryimage"},"image":{"@id":"https:\/\/ses-creative.com\/fr\/produit\/pate-a-modeler-fundo-dinosaures-3x90gr-1x40gr\/#primaryimage"},"thumbnailUrl":"https:\/\/ses-creative.com\/wp-content\/uploads\/2026\/01\/008121.jpg","datePublished":"2026-02-12T10:08:25+00:00","dateModified":"2026-02-12T10:22:21+00:00","breadcrumb":{"@id":"https:\/\/ses-creative.com\/fr\/produit\/pate-a-modeler-fundo-dinosaures-3x90gr-1x40gr\/#breadcrumb"},"inLanguage":"fr-FR","potentialAction":[{"@type":"ReadAction","target":["https:\/\/ses-creative.com\/fr\/produit\/pate-a-modeler-fundo-dinosaures-3x90gr-1x40gr\/"]}]},{"@type":"ImageObject","inLanguage":"fr-FR","@id":"https:\/\/ses-creative.com\/fr\/produit\/pate-a-modeler-fundo-dinosaures-3x90gr-1x40gr\/#primaryimage","url":"https:\/\/ses-creative.com\/wp-content\/uploads\/2026\/01\/008121.jpg","contentUrl":"https:\/\/ses-creative.com\/wp-content\/uploads\/2026\/01\/008121.jpg","width":1000,"height":1000},{"@type":"BreadcrumbList","@id":"https:\/\/ses-creative.com\/fr\/produit\/pate-a-modeler-fundo-dinosaures-3x90gr-1x40gr\/#breadcrumb","itemListElement":[{"@type":"ListItem","position":1,"name":"Boutique","item":"https:\/\/ses-creative.com\/fr\/boutique\/"},{"@type":"ListItem","position":2,"name":"P\u00e2te \u00e0 modeler","item":"https:\/\/ses-creative.com\/fr\/product-categorie\/pate-a-modeler\/"},{"@type":"ListItem","position":3,"name":"P\u00e2te \u00e0 modeler FunDo &#8211; Dinosaures (3x90gr-1x40gr)"}]},{"@type":"WebSite","@id":"https:\/\/ses-creative.com\/#website","url":"https:\/\/ses-creative.com\/","name":"SES Creative","description":"","publisher":{"@id":"https:\/\/ses-creative.com\/#organization"},"potentialAction":[{"@type":"SearchAction","target":{"@type":"EntryPoint","urlTemplate":"https:\/\/ses-creative.com\/?s={search_term_string}"},"query-input":{"@type":"PropertyValueSpecification","valueRequired":true,"valueName":"search_term_string"}}],"inLanguage":"fr-FR"},{"@type":"Organization","@id":"https:\/\/ses-creative.com\/#organization","name":"SES Creative","url":"https:\/\/ses-creative.com\/","logo":{"@type":"ImageObject","inLanguage":"fr-FR","@id":"https:\/\/ses-creative.com\/#\/schema\/logo\/image\/","url":"https:\/\/ses-creative.com\/wp-content\/uploads\/2025\/10\/ses-creative-logo.jpg","contentUrl":"https:\/\/ses-creative.com\/wp-content\/uploads\/2025\/10\/ses-creative-logo.jpg","width":2037,"height":2037,"caption":"SES Creative"},"image":{"@id":"https:\/\/ses-creative.com\/#\/schema\/logo\/image\/"}}]}},"_links":{"self":[{"href":"https:\/\/ses-creative.com\/fr\/wp-json\/wp\/v2\/product\/118038","targetHints":{"allow":["GET"]}}],"collection":[{"href":"https:\/\/ses-creative.com\/fr\/wp-json\/wp\/v2\/product"}],"about":[{"href":"https:\/\/ses-creative.com\/fr\/wp-json\/wp\/v2\/types\/product"}],"replies":[{"embeddable":true,"href":"https:\/\/ses-creative.com\/fr\/wp-json\/wp\/v2\/comments?post=118038"}],"wp:featuredmedia":[{"embeddable":true,"href":"https:\/\/ses-creative.com\/fr\/wp-json\/wp\/v2\/media\/97948"}],"wp:attachment":[{"href":"https:\/\/ses-creative.com\/fr\/wp-json\/wp\/v2\/media?parent=118038"}],"wp:term":[{"taxonomy":"product_brand","embeddable":true,"href":"https:\/\/ses-creative.com\/fr\/wp-json\/wp\/v2\/product_brand?post=118038"},{"taxonomy":"product_cat","embeddable":true,"href":"https:\/\/ses-creative.com\/fr\/wp-json\/wp\/v2\/product_cat?post=118038"},{"taxonomy":"product_tag","embeddable":true,"href":"https:\/\/ses-creative.com\/fr\/wp-json\/wp\/v2\/product_tag?post=118038"}],"curies":[{"name":"wp","href":"https:\/\/api.w.org\/{rel}","templated":true}]}}