











{"id":118036,"date":"2026-02-12T10:08:24","date_gmt":"2026-02-12T10:08:24","guid":{"rendered":"https:\/\/ses-creative.com\/?post_type=product&#038;p=118036"},"modified":"2026-02-12T10:22:20","modified_gmt":"2026-02-12T10:22:20","slug":"effaceur","status":"publish","type":"product","link":"https:\/\/ses-creative.com\/fr\/produit\/effaceur\/","title":{"rendered":"Effa\u00e7eur"},"content":{"rendered":"<p>Nettoyez votre tableau avec cet effaceur en bois !<br \/>\nCe racloir en bois de SES Creative est l&rsquo;outil id\u00e9al pour nettoyer compl\u00e8tement votre tableau noir. Effacez facilement vos cr\u00e9ations et commencez un nouveau chef-d&rsquo;\u0153uvre. Le racloir est solide et durable, id\u00e9al pour la maison comme pour la classe. Parfait pour les jeunes artistes qui aiment dessiner et \u00e9crire sans arr\u00eat !<br \/>\nCe qui rend ce set g\u00e9nial<br \/>\n&#8211;    Fabriqu\u00e9 en bois v\u00e9ritable<br \/>\n&#8211;    Nettoie facilement les tableaux noirs<br \/>\n&#8211;    Durable et solide<br \/>\n&#8211;    Encourage la cr\u00e9ativit\u00e9 r\u00e9p\u00e9t\u00e9e<br \/>\n&#8211;    Convient aux enfants \u00e0 partir de 3 ans<br \/>\nConception De nouvelles cr\u00e9ations \u00e0 l&rsquo;infini<br \/>\nGr\u00e2ce \u00e0 cet effaceur, les enfants peuvent recommencer \u00e0 z\u00e9ro et nettoyer leur tableau noir \u00e0 chaque fois pour cr\u00e9er de nouveaux dessins et raconter de nouvelles histoires. Une excellente fa\u00e7on de rester cr\u00e9atif sans limites.<br \/>\nCe tableau effa\u00e7able est id\u00e9al pour les parents et les enseignants qui souhaitent encourager les enfants \u00e0 faire preuve de cr\u00e9ativit\u00e9 \u00e0 plusieurs reprises. Il offre un moyen durable et pratique de jouer et d&rsquo;apprendre.<br \/>\nContenu de l&#8217;emballage :<br \/>\n&#8211;    1 effaceur en bois<br \/>\nPourquoi choisir SES Creative ?<br \/>\nChez SES Creative, nous accordons une grande importance \u00e0 la s\u00e9curit\u00e9. C&rsquo;est pourquoi nos produits sont fabriqu\u00e9s et test\u00e9s dans notre usine aux Pays-Bas, conform\u00e9ment aux normes de s\u00e9curit\u00e9 europ\u00e9ennes les plus strictes. Les jouets SES Creative sont source de plaisir et permettent aux enfants d&rsquo;\u00eatre fiers de leur travail, ce qui stimule leur cr\u00e9ativit\u00e9 et leur d\u00e9veloppement.<br \/>\nCommencez d\u00e8s aujourd&rsquo;hui \u00e0 cr\u00e9er de nouvelles \u0153uvres<br \/>\nD\u00e9couvrez le plaisir de dessiner sur un tableau noir et recommencez encore et encore gr\u00e2ce \u00e0 cette effaceur en bois tr\u00e8s pratique. Parfait pour des heures de plaisir !<\/p>\n","protected":false},"excerpt":{"rendered":"<p>Nettoyez votre tableau avec cet effaceur en bois ! Ce racloir en bois de SES Creative est l&rsquo;outil id\u00e9al pour nettoyer compl\u00e8tement votre tableau noir. Effacez facilement vos cr\u00e9ations et commencez un nouveau chef-d&rsquo;\u0153uvre. Le racloir est solide et durable, id\u00e9al pour la maison comme pour la classe. Parfait pour les jeunes artistes qui aiment [&hellip;]<\/p>\n","protected":false},"featured_media":97908,"comment_status":"closed","ping_status":"closed","template":"","meta":{"_acf_changed":false},"product_brand":[],"product_cat":[122],"product_tag":[],"class_list":{"0":"post-118036","1":"product","2":"type-product","3":"status-publish","4":"has-post-thumbnail","6":"product_cat-loisirs-creatifs","7":"pa_leeftijd-filter-3-4-ans","8":"pa_meest-populair-bij-garcons-filles","10":"first","11":"instock","12":"shipping-taxable","13":"product-type-simple"},"acf":[],"yoast_head":"<!-- This site is optimized with the Yoast SEO plugin v27.2 - https:\/\/yoast.com\/product\/yoast-seo-wordpress\/ -->\n<title>Effa\u00e7eur - SES Creative<\/title>\n<meta name=\"robots\" content=\"index, follow, max-snippet:-1, max-image-preview:large, max-video-preview:-1\" \/>\n<link rel=\"canonical\" href=\"https:\/\/ses-creative.com\/fr\/produit\/effaceur\/\" \/>\n<meta property=\"og:locale\" content=\"fr_FR\" \/>\n<meta property=\"og:type\" content=\"article\" \/>\n<meta property=\"og:title\" content=\"Effa\u00e7eur - SES Creative\" \/>\n<meta property=\"og:description\" content=\"Nettoyez votre tableau avec cet effaceur en bois ! Ce racloir en bois de SES Creative est l&rsquo;outil id\u00e9al pour nettoyer compl\u00e8tement votre tableau noir. Effacez facilement vos cr\u00e9ations et commencez un nouveau chef-d&rsquo;\u0153uvre. Le racloir est solide et durable, id\u00e9al pour la maison comme pour la classe. Parfait pour les jeunes artistes qui aiment [&hellip;]\" \/>\n<meta property=\"og:url\" content=\"https:\/\/ses-creative.com\/fr\/produit\/effaceur\/\" \/>\n<meta property=\"og:site_name\" content=\"SES Creative\" \/>\n<meta property=\"article:modified_time\" content=\"2026-02-12T10:22:20+00:00\" \/>\n<meta name=\"twitter:card\" content=\"summary_large_image\" \/>\n<meta name=\"twitter:label1\" content=\"Dur\u00e9e de lecture estim\u00e9e\" \/>\n\t<meta name=\"twitter:data1\" content=\"2 minutes\" \/>\n<script type=\"application\/ld+json\" class=\"yoast-schema-graph\">{\"@context\":\"https:\/\/schema.org\",\"@graph\":[{\"@type\":\"WebPage\",\"@id\":\"https:\/\/ses-creative.com\/fr\/produit\/effaceur\/\",\"url\":\"https:\/\/ses-creative.com\/fr\/produit\/effaceur\/\",\"name\":\"Effa\u00e7eur - SES Creative\",\"isPartOf\":{\"@id\":\"https:\/\/ses-creative.com\/#website\"},\"primaryImageOfPage\":{\"@id\":\"https:\/\/ses-creative.com\/fr\/produit\/effaceur\/#primaryimage\"},\"image\":{\"@id\":\"https:\/\/ses-creative.com\/fr\/produit\/effaceur\/#primaryimage\"},\"thumbnailUrl\":\"https:\/\/ses-creative.com\/wp-content\/uploads\/2026\/01\/008101.jpg\",\"datePublished\":\"2026-02-12T10:08:24+00:00\",\"dateModified\":\"2026-02-12T10:22:20+00:00\",\"breadcrumb\":{\"@id\":\"https:\/\/ses-creative.com\/fr\/produit\/effaceur\/#breadcrumb\"},\"inLanguage\":\"fr-FR\",\"potentialAction\":[{\"@type\":\"ReadAction\",\"target\":[\"https:\/\/ses-creative.com\/fr\/produit\/effaceur\/\"]}]},{\"@type\":\"ImageObject\",\"inLanguage\":\"fr-FR\",\"@id\":\"https:\/\/ses-creative.com\/fr\/produit\/effaceur\/#primaryimage\",\"url\":\"https:\/\/ses-creative.com\/wp-content\/uploads\/2026\/01\/008101.jpg\",\"contentUrl\":\"https:\/\/ses-creative.com\/wp-content\/uploads\/2026\/01\/008101.jpg\",\"width\":1000,\"height\":1000},{\"@type\":\"BreadcrumbList\",\"@id\":\"https:\/\/ses-creative.com\/fr\/produit\/effaceur\/#breadcrumb\",\"itemListElement\":[{\"@type\":\"ListItem\",\"position\":1,\"name\":\"Boutique\",\"item\":\"https:\/\/ses-creative.com\/fr\/boutique\/\"},{\"@type\":\"ListItem\",\"position\":2,\"name\":\"Loisirs cr\u00e9atifs\",\"item\":\"https:\/\/ses-creative.com\/fr\/product-categorie\/loisirs-creatifs\/\"},{\"@type\":\"ListItem\",\"position\":3,\"name\":\"Effa\u00e7eur\"}]},{\"@type\":\"WebSite\",\"@id\":\"https:\/\/ses-creative.com\/#website\",\"url\":\"https:\/\/ses-creative.com\/\",\"name\":\"SES Creative\",\"description\":\"\",\"publisher\":{\"@id\":\"https:\/\/ses-creative.com\/#organization\"},\"potentialAction\":[{\"@type\":\"SearchAction\",\"target\":{\"@type\":\"EntryPoint\",\"urlTemplate\":\"https:\/\/ses-creative.com\/?s={search_term_string}\"},\"query-input\":{\"@type\":\"PropertyValueSpecification\",\"valueRequired\":true,\"valueName\":\"search_term_string\"}}],\"inLanguage\":\"fr-FR\"},{\"@type\":\"Organization\",\"@id\":\"https:\/\/ses-creative.com\/#organization\",\"name\":\"SES Creative\",\"url\":\"https:\/\/ses-creative.com\/\",\"logo\":{\"@type\":\"ImageObject\",\"inLanguage\":\"fr-FR\",\"@id\":\"https:\/\/ses-creative.com\/#\/schema\/logo\/image\/\",\"url\":\"https:\/\/ses-creative.com\/wp-content\/uploads\/2025\/10\/ses-creative-logo.jpg\",\"contentUrl\":\"https:\/\/ses-creative.com\/wp-content\/uploads\/2025\/10\/ses-creative-logo.jpg\",\"width\":2037,\"height\":2037,\"caption\":\"SES Creative\"},\"image\":{\"@id\":\"https:\/\/ses-creative.com\/#\/schema\/logo\/image\/\"}}]}<\/script>\n<!-- \/ Yoast SEO plugin. -->","yoast_head_json":{"title":"Effa\u00e7eur - SES Creative","robots":{"index":"index","follow":"follow","max-snippet":"max-snippet:-1","max-image-preview":"max-image-preview:large","max-video-preview":"max-video-preview:-1"},"canonical":"https:\/\/ses-creative.com\/fr\/produit\/effaceur\/","og_locale":"fr_FR","og_type":"article","og_title":"Effa\u00e7eur - SES Creative","og_description":"Nettoyez votre tableau avec cet effaceur en bois ! Ce racloir en bois de SES Creative est l&rsquo;outil id\u00e9al pour nettoyer compl\u00e8tement votre tableau noir. Effacez facilement vos cr\u00e9ations et commencez un nouveau chef-d&rsquo;\u0153uvre. Le racloir est solide et durable, id\u00e9al pour la maison comme pour la classe. Parfait pour les jeunes artistes qui aiment [&hellip;]","og_url":"https:\/\/ses-creative.com\/fr\/produit\/effaceur\/","og_site_name":"SES Creative","article_modified_time":"2026-02-12T10:22:20+00:00","twitter_card":"summary_large_image","twitter_misc":{"Dur\u00e9e de lecture estim\u00e9e":"2 minutes"},"schema":{"@context":"https:\/\/schema.org","@graph":[{"@type":"WebPage","@id":"https:\/\/ses-creative.com\/fr\/produit\/effaceur\/","url":"https:\/\/ses-creative.com\/fr\/produit\/effaceur\/","name":"Effa\u00e7eur - SES Creative","isPartOf":{"@id":"https:\/\/ses-creative.com\/#website"},"primaryImageOfPage":{"@id":"https:\/\/ses-creative.com\/fr\/produit\/effaceur\/#primaryimage"},"image":{"@id":"https:\/\/ses-creative.com\/fr\/produit\/effaceur\/#primaryimage"},"thumbnailUrl":"https:\/\/ses-creative.com\/wp-content\/uploads\/2026\/01\/008101.jpg","datePublished":"2026-02-12T10:08:24+00:00","dateModified":"2026-02-12T10:22:20+00:00","breadcrumb":{"@id":"https:\/\/ses-creative.com\/fr\/produit\/effaceur\/#breadcrumb"},"inLanguage":"fr-FR","potentialAction":[{"@type":"ReadAction","target":["https:\/\/ses-creative.com\/fr\/produit\/effaceur\/"]}]},{"@type":"ImageObject","inLanguage":"fr-FR","@id":"https:\/\/ses-creative.com\/fr\/produit\/effaceur\/#primaryimage","url":"https:\/\/ses-creative.com\/wp-content\/uploads\/2026\/01\/008101.jpg","contentUrl":"https:\/\/ses-creative.com\/wp-content\/uploads\/2026\/01\/008101.jpg","width":1000,"height":1000},{"@type":"BreadcrumbList","@id":"https:\/\/ses-creative.com\/fr\/produit\/effaceur\/#breadcrumb","itemListElement":[{"@type":"ListItem","position":1,"name":"Boutique","item":"https:\/\/ses-creative.com\/fr\/boutique\/"},{"@type":"ListItem","position":2,"name":"Loisirs cr\u00e9atifs","item":"https:\/\/ses-creative.com\/fr\/product-categorie\/loisirs-creatifs\/"},{"@type":"ListItem","position":3,"name":"Effa\u00e7eur"}]},{"@type":"WebSite","@id":"https:\/\/ses-creative.com\/#website","url":"https:\/\/ses-creative.com\/","name":"SES Creative","description":"","publisher":{"@id":"https:\/\/ses-creative.com\/#organization"},"potentialAction":[{"@type":"SearchAction","target":{"@type":"EntryPoint","urlTemplate":"https:\/\/ses-creative.com\/?s={search_term_string}"},"query-input":{"@type":"PropertyValueSpecification","valueRequired":true,"valueName":"search_term_string"}}],"inLanguage":"fr-FR"},{"@type":"Organization","@id":"https:\/\/ses-creative.com\/#organization","name":"SES Creative","url":"https:\/\/ses-creative.com\/","logo":{"@type":"ImageObject","inLanguage":"fr-FR","@id":"https:\/\/ses-creative.com\/#\/schema\/logo\/image\/","url":"https:\/\/ses-creative.com\/wp-content\/uploads\/2025\/10\/ses-creative-logo.jpg","contentUrl":"https:\/\/ses-creative.com\/wp-content\/uploads\/2025\/10\/ses-creative-logo.jpg","width":2037,"height":2037,"caption":"SES Creative"},"image":{"@id":"https:\/\/ses-creative.com\/#\/schema\/logo\/image\/"}}]}},"_links":{"self":[{"href":"https:\/\/ses-creative.com\/fr\/wp-json\/wp\/v2\/product\/118036","targetHints":{"allow":["GET"]}}],"collection":[{"href":"https:\/\/ses-creative.com\/fr\/wp-json\/wp\/v2\/product"}],"about":[{"href":"https:\/\/ses-creative.com\/fr\/wp-json\/wp\/v2\/types\/product"}],"replies":[{"embeddable":true,"href":"https:\/\/ses-creative.com\/fr\/wp-json\/wp\/v2\/comments?post=118036"}],"wp:featuredmedia":[{"embeddable":true,"href":"https:\/\/ses-creative.com\/fr\/wp-json\/wp\/v2\/media\/97908"}],"wp:attachment":[{"href":"https:\/\/ses-creative.com\/fr\/wp-json\/wp\/v2\/media?parent=118036"}],"wp:term":[{"taxonomy":"product_brand","embeddable":true,"href":"https:\/\/ses-creative.com\/fr\/wp-json\/wp\/v2\/product_brand?post=118036"},{"taxonomy":"product_cat","embeddable":true,"href":"https:\/\/ses-creative.com\/fr\/wp-json\/wp\/v2\/product_cat?post=118036"},{"taxonomy":"product_tag","embeddable":true,"href":"https:\/\/ses-creative.com\/fr\/wp-json\/wp\/v2\/product_tag?post=118036"}],"curies":[{"name":"wp","href":"https:\/\/api.w.org\/{rel}","templated":true}]}}