











{"id":118031,"date":"2026-02-12T10:08:24","date_gmt":"2026-02-12T10:08:24","guid":{"rendered":"https:\/\/ses-creative.com\/?post_type=product&#038;p=118031"},"modified":"2026-02-12T10:22:20","modified_gmt":"2026-02-12T10:22:20","slug":"papier-pour-perles-a-repasser-10x","status":"publish","type":"product","link":"https:\/\/ses-creative.com\/fr\/produit\/papier-pour-perles-a-repasser-10x\/","title":{"rendered":"Papier pour perles \u00e0 repasser 10x"},"content":{"rendered":"<p>Beedz \u2013 Perles \u00e0 repasser Feuilles \u00e0 repasser 10x : pour des cr\u00e9ations parfaites<\/p>\n<p>Avec ce lot de 10 feuilles \u00e0 repasser de SES Creative, vous pouvez r\u00e9aliser vos cr\u00e9ations en perles \u00e0 repasser en toute s\u00e9curit\u00e9 et facilement. Les feuilles sp\u00e9ciales r\u00e9sistantes \u00e0 la chaleur permettent aux perles de fondre les unes aux autres sans coller au fer \u00e0 repasser. Id\u00e9al pour les enfants cr\u00e9atifs \u00e0 partir de 5 ans qui s&rsquo;amusent sans fin avec les perles \u00e0 repasser.<\/p>\n<p>Ce qui rend ce set g\u00e9nial<\/p>\n<p>Set de 10 feuilles \u00e0 repasser r\u00e9utilisables<br \/>\nMat\u00e9riau r\u00e9sistant \u00e0 la chaleur et durable<br \/>\nAssure une fusion uniforme des perles<br \/>\nProt\u00e8ge votre fer \u00e0 repasser contre les adh\u00e9rences<br \/>\nConvient aux enfants \u00e0 partir de 5 ans<\/p>\n<p>Laissez libre cours \u00e0 votre imagination<br \/>\nAvec ces feuilles \u00e0 repasser, vous n&rsquo;avez plus \u00e0 vous soucier d&rsquo;endommager vos cr\u00e9ations ou votre fer \u00e0 repasser. Elles rendent le processus simple, s\u00fbr et propre, afin que les enfants puissent se concentrer pleinement sur leurs \u0153uvres d&rsquo;art. Parfait pour les d\u00e9butants comme pour les amateurs exp\u00e9riment\u00e9s de perles \u00e0 repasser.<\/p>\n<p>Contenu du kit<\/p>\n<p>10 feuilles de repassage<\/p>\n<p>Pourquoi choisir SES Creative<br \/>\nChez SES Creative, nous accordons une grande importance \u00e0 la s\u00e9curit\u00e9. C&rsquo;est pourquoi nos produits sont fabriqu\u00e9s et test\u00e9s dans notre usine aux Pays-Bas, conform\u00e9ment aux normes de s\u00e9curit\u00e9 europ\u00e9ennes les plus strictes. Les jouets SES Creative sont source de plaisir et permettent aux enfants d&rsquo;\u00eatre fiers de leur travail, ce qui stimule leur cr\u00e9ativit\u00e9 et leur d\u00e9veloppement.<\/p>\n<p>Commencez d\u00e8s aujourd&rsquo;hui votre aventure Beedz<br \/>\nR\u00e9alisez toutes vos cr\u00e9ations en perles \u00e0 repasser en toute s\u00e9curit\u00e9 et avec \u00e9l\u00e9gance gr\u00e2ce \u00e0 ce kit pratique de feuilles \u00e0 repasser. Parfait pour un plaisir cr\u00e9atif sans fin !<\/p>\n","protected":false},"excerpt":{"rendered":"<p>Beedz \u2013 Perles \u00e0 repasser Feuilles \u00e0 repasser 10x : pour des cr\u00e9ations parfaites Avec ce lot de 10 feuilles \u00e0 repasser de SES Creative, vous pouvez r\u00e9aliser vos cr\u00e9ations en perles \u00e0 repasser en toute s\u00e9curit\u00e9 et facilement. Les feuilles sp\u00e9ciales r\u00e9sistantes \u00e0 la chaleur permettent aux perles de fondre les unes aux autres [&hellip;]<\/p>\n","protected":false},"featured_media":97808,"comment_status":"closed","ping_status":"closed","template":"","meta":{"_acf_changed":false},"product_brand":[],"product_cat":[125],"product_tag":[],"class_list":{"0":"post-118031","1":"product","2":"type-product","3":"status-publish","4":"has-post-thumbnail","6":"product_cat-perles-a-repasser","7":"pa_leeftijd-filter-4-6-ans","8":"pa_meest-populair-bij-garcons-filles","10":"first","11":"instock","12":"shipping-taxable","13":"product-type-simple"},"acf":[],"yoast_head":"<!-- This site is optimized with the Yoast SEO plugin v27.2 - https:\/\/yoast.com\/product\/yoast-seo-wordpress\/ -->\n<title>Papier pour perles \u00e0 repasser 10x - SES Creative<\/title>\n<meta name=\"robots\" content=\"index, follow, max-snippet:-1, max-image-preview:large, max-video-preview:-1\" \/>\n<link rel=\"canonical\" href=\"https:\/\/ses-creative.com\/fr\/produit\/papier-pour-perles-a-repasser-10x\/\" \/>\n<meta property=\"og:locale\" content=\"fr_FR\" \/>\n<meta property=\"og:type\" content=\"article\" \/>\n<meta property=\"og:title\" content=\"Papier pour perles \u00e0 repasser 10x - SES Creative\" \/>\n<meta property=\"og:description\" content=\"Beedz \u2013 Perles \u00e0 repasser Feuilles \u00e0 repasser 10x : pour des cr\u00e9ations parfaites Avec ce lot de 10 feuilles \u00e0 repasser de SES Creative, vous pouvez r\u00e9aliser vos cr\u00e9ations en perles \u00e0 repasser en toute s\u00e9curit\u00e9 et facilement. Les feuilles sp\u00e9ciales r\u00e9sistantes \u00e0 la chaleur permettent aux perles de fondre les unes aux autres [&hellip;]\" \/>\n<meta property=\"og:url\" content=\"https:\/\/ses-creative.com\/fr\/produit\/papier-pour-perles-a-repasser-10x\/\" \/>\n<meta property=\"og:site_name\" content=\"SES Creative\" \/>\n<meta property=\"article:modified_time\" content=\"2026-02-12T10:22:20+00:00\" \/>\n<meta name=\"twitter:card\" content=\"summary_large_image\" \/>\n<meta name=\"twitter:label1\" content=\"Dur\u00e9e de lecture estim\u00e9e\" \/>\n\t<meta name=\"twitter:data1\" content=\"1 minute\" \/>\n<script type=\"application\/ld+json\" class=\"yoast-schema-graph\">{\"@context\":\"https:\/\/schema.org\",\"@graph\":[{\"@type\":\"WebPage\",\"@id\":\"https:\/\/ses-creative.com\/fr\/produit\/papier-pour-perles-a-repasser-10x\/\",\"url\":\"https:\/\/ses-creative.com\/fr\/produit\/papier-pour-perles-a-repasser-10x\/\",\"name\":\"Papier pour perles \u00e0 repasser 10x - SES Creative\",\"isPartOf\":{\"@id\":\"https:\/\/ses-creative.com\/#website\"},\"primaryImageOfPage\":{\"@id\":\"https:\/\/ses-creative.com\/fr\/produit\/papier-pour-perles-a-repasser-10x\/#primaryimage\"},\"image\":{\"@id\":\"https:\/\/ses-creative.com\/fr\/produit\/papier-pour-perles-a-repasser-10x\/#primaryimage\"},\"thumbnailUrl\":\"https:\/\/ses-creative.com\/wp-content\/uploads\/2026\/01\/007861.jpg\",\"datePublished\":\"2026-02-12T10:08:24+00:00\",\"dateModified\":\"2026-02-12T10:22:20+00:00\",\"breadcrumb\":{\"@id\":\"https:\/\/ses-creative.com\/fr\/produit\/papier-pour-perles-a-repasser-10x\/#breadcrumb\"},\"inLanguage\":\"fr-FR\",\"potentialAction\":[{\"@type\":\"ReadAction\",\"target\":[\"https:\/\/ses-creative.com\/fr\/produit\/papier-pour-perles-a-repasser-10x\/\"]}]},{\"@type\":\"ImageObject\",\"inLanguage\":\"fr-FR\",\"@id\":\"https:\/\/ses-creative.com\/fr\/produit\/papier-pour-perles-a-repasser-10x\/#primaryimage\",\"url\":\"https:\/\/ses-creative.com\/wp-content\/uploads\/2026\/01\/007861.jpg\",\"contentUrl\":\"https:\/\/ses-creative.com\/wp-content\/uploads\/2026\/01\/007861.jpg\",\"width\":1000,\"height\":1000},{\"@type\":\"BreadcrumbList\",\"@id\":\"https:\/\/ses-creative.com\/fr\/produit\/papier-pour-perles-a-repasser-10x\/#breadcrumb\",\"itemListElement\":[{\"@type\":\"ListItem\",\"position\":1,\"name\":\"Boutique\",\"item\":\"https:\/\/ses-creative.com\/fr\/boutique\/\"},{\"@type\":\"ListItem\",\"position\":2,\"name\":\"Perles \u00e0 repasser\",\"item\":\"https:\/\/ses-creative.com\/fr\/product-categorie\/perles-a-repasser\/\"},{\"@type\":\"ListItem\",\"position\":3,\"name\":\"Papier pour perles \u00e0 repasser 10x\"}]},{\"@type\":\"WebSite\",\"@id\":\"https:\/\/ses-creative.com\/#website\",\"url\":\"https:\/\/ses-creative.com\/\",\"name\":\"SES Creative\",\"description\":\"\",\"publisher\":{\"@id\":\"https:\/\/ses-creative.com\/#organization\"},\"potentialAction\":[{\"@type\":\"SearchAction\",\"target\":{\"@type\":\"EntryPoint\",\"urlTemplate\":\"https:\/\/ses-creative.com\/?s={search_term_string}\"},\"query-input\":{\"@type\":\"PropertyValueSpecification\",\"valueRequired\":true,\"valueName\":\"search_term_string\"}}],\"inLanguage\":\"fr-FR\"},{\"@type\":\"Organization\",\"@id\":\"https:\/\/ses-creative.com\/#organization\",\"name\":\"SES Creative\",\"url\":\"https:\/\/ses-creative.com\/\",\"logo\":{\"@type\":\"ImageObject\",\"inLanguage\":\"fr-FR\",\"@id\":\"https:\/\/ses-creative.com\/#\/schema\/logo\/image\/\",\"url\":\"https:\/\/ses-creative.com\/wp-content\/uploads\/2025\/10\/ses-creative-logo.jpg\",\"contentUrl\":\"https:\/\/ses-creative.com\/wp-content\/uploads\/2025\/10\/ses-creative-logo.jpg\",\"width\":2037,\"height\":2037,\"caption\":\"SES Creative\"},\"image\":{\"@id\":\"https:\/\/ses-creative.com\/#\/schema\/logo\/image\/\"}}]}<\/script>\n<!-- \/ Yoast SEO plugin. -->","yoast_head_json":{"title":"Papier pour perles \u00e0 repasser 10x - SES Creative","robots":{"index":"index","follow":"follow","max-snippet":"max-snippet:-1","max-image-preview":"max-image-preview:large","max-video-preview":"max-video-preview:-1"},"canonical":"https:\/\/ses-creative.com\/fr\/produit\/papier-pour-perles-a-repasser-10x\/","og_locale":"fr_FR","og_type":"article","og_title":"Papier pour perles \u00e0 repasser 10x - SES Creative","og_description":"Beedz \u2013 Perles \u00e0 repasser Feuilles \u00e0 repasser 10x : pour des cr\u00e9ations parfaites Avec ce lot de 10 feuilles \u00e0 repasser de SES Creative, vous pouvez r\u00e9aliser vos cr\u00e9ations en perles \u00e0 repasser en toute s\u00e9curit\u00e9 et facilement. Les feuilles sp\u00e9ciales r\u00e9sistantes \u00e0 la chaleur permettent aux perles de fondre les unes aux autres [&hellip;]","og_url":"https:\/\/ses-creative.com\/fr\/produit\/papier-pour-perles-a-repasser-10x\/","og_site_name":"SES Creative","article_modified_time":"2026-02-12T10:22:20+00:00","twitter_card":"summary_large_image","twitter_misc":{"Dur\u00e9e de lecture estim\u00e9e":"1 minute"},"schema":{"@context":"https:\/\/schema.org","@graph":[{"@type":"WebPage","@id":"https:\/\/ses-creative.com\/fr\/produit\/papier-pour-perles-a-repasser-10x\/","url":"https:\/\/ses-creative.com\/fr\/produit\/papier-pour-perles-a-repasser-10x\/","name":"Papier pour perles \u00e0 repasser 10x - SES Creative","isPartOf":{"@id":"https:\/\/ses-creative.com\/#website"},"primaryImageOfPage":{"@id":"https:\/\/ses-creative.com\/fr\/produit\/papier-pour-perles-a-repasser-10x\/#primaryimage"},"image":{"@id":"https:\/\/ses-creative.com\/fr\/produit\/papier-pour-perles-a-repasser-10x\/#primaryimage"},"thumbnailUrl":"https:\/\/ses-creative.com\/wp-content\/uploads\/2026\/01\/007861.jpg","datePublished":"2026-02-12T10:08:24+00:00","dateModified":"2026-02-12T10:22:20+00:00","breadcrumb":{"@id":"https:\/\/ses-creative.com\/fr\/produit\/papier-pour-perles-a-repasser-10x\/#breadcrumb"},"inLanguage":"fr-FR","potentialAction":[{"@type":"ReadAction","target":["https:\/\/ses-creative.com\/fr\/produit\/papier-pour-perles-a-repasser-10x\/"]}]},{"@type":"ImageObject","inLanguage":"fr-FR","@id":"https:\/\/ses-creative.com\/fr\/produit\/papier-pour-perles-a-repasser-10x\/#primaryimage","url":"https:\/\/ses-creative.com\/wp-content\/uploads\/2026\/01\/007861.jpg","contentUrl":"https:\/\/ses-creative.com\/wp-content\/uploads\/2026\/01\/007861.jpg","width":1000,"height":1000},{"@type":"BreadcrumbList","@id":"https:\/\/ses-creative.com\/fr\/produit\/papier-pour-perles-a-repasser-10x\/#breadcrumb","itemListElement":[{"@type":"ListItem","position":1,"name":"Boutique","item":"https:\/\/ses-creative.com\/fr\/boutique\/"},{"@type":"ListItem","position":2,"name":"Perles \u00e0 repasser","item":"https:\/\/ses-creative.com\/fr\/product-categorie\/perles-a-repasser\/"},{"@type":"ListItem","position":3,"name":"Papier pour perles \u00e0 repasser 10x"}]},{"@type":"WebSite","@id":"https:\/\/ses-creative.com\/#website","url":"https:\/\/ses-creative.com\/","name":"SES Creative","description":"","publisher":{"@id":"https:\/\/ses-creative.com\/#organization"},"potentialAction":[{"@type":"SearchAction","target":{"@type":"EntryPoint","urlTemplate":"https:\/\/ses-creative.com\/?s={search_term_string}"},"query-input":{"@type":"PropertyValueSpecification","valueRequired":true,"valueName":"search_term_string"}}],"inLanguage":"fr-FR"},{"@type":"Organization","@id":"https:\/\/ses-creative.com\/#organization","name":"SES Creative","url":"https:\/\/ses-creative.com\/","logo":{"@type":"ImageObject","inLanguage":"fr-FR","@id":"https:\/\/ses-creative.com\/#\/schema\/logo\/image\/","url":"https:\/\/ses-creative.com\/wp-content\/uploads\/2025\/10\/ses-creative-logo.jpg","contentUrl":"https:\/\/ses-creative.com\/wp-content\/uploads\/2025\/10\/ses-creative-logo.jpg","width":2037,"height":2037,"caption":"SES Creative"},"image":{"@id":"https:\/\/ses-creative.com\/#\/schema\/logo\/image\/"}}]}},"_links":{"self":[{"href":"https:\/\/ses-creative.com\/fr\/wp-json\/wp\/v2\/product\/118031","targetHints":{"allow":["GET"]}}],"collection":[{"href":"https:\/\/ses-creative.com\/fr\/wp-json\/wp\/v2\/product"}],"about":[{"href":"https:\/\/ses-creative.com\/fr\/wp-json\/wp\/v2\/types\/product"}],"replies":[{"embeddable":true,"href":"https:\/\/ses-creative.com\/fr\/wp-json\/wp\/v2\/comments?post=118031"}],"wp:featuredmedia":[{"embeddable":true,"href":"https:\/\/ses-creative.com\/fr\/wp-json\/wp\/v2\/media\/97808"}],"wp:attachment":[{"href":"https:\/\/ses-creative.com\/fr\/wp-json\/wp\/v2\/media?parent=118031"}],"wp:term":[{"taxonomy":"product_brand","embeddable":true,"href":"https:\/\/ses-creative.com\/fr\/wp-json\/wp\/v2\/product_brand?post=118031"},{"taxonomy":"product_cat","embeddable":true,"href":"https:\/\/ses-creative.com\/fr\/wp-json\/wp\/v2\/product_cat?post=118031"},{"taxonomy":"product_tag","embeddable":true,"href":"https:\/\/ses-creative.com\/fr\/wp-json\/wp\/v2\/product_tag?post=118031"}],"curies":[{"name":"wp","href":"https:\/\/api.w.org\/{rel}","templated":true}]}}