











{"id":118030,"date":"2026-02-12T10:08:24","date_gmt":"2026-02-12T10:08:24","guid":{"rendered":"https:\/\/ses-creative.com\/?post_type=product&#038;p=118030"},"modified":"2026-02-12T10:22:20","modified_gmt":"2026-02-12T10:22:20","slug":"plateau-papillon-pour-perles-a-repasser","status":"publish","type":"product","link":"https:\/\/ses-creative.com\/fr\/produit\/plateau-papillon-pour-perles-a-repasser\/","title":{"rendered":"Plateau papillon pour perles \u00e0 repasser"},"content":{"rendered":"<p>Beedz \u2013 Plaque de base pour perles \u00e0 repasser Papillon : cr\u00e9ez les plus beaux papillons<\/p>\n<p>Avec cette plaque \u00e0 repasser en forme de papillon de SES Creative, vous pouvez cr\u00e9er les plus belles et les plus color\u00e9es des cr\u00e9ations. Parfait pour les enfants qui aiment la nature et veulent laisser libre cours \u00e0 leur imagination. La plaque est compatible avec toutes les perles \u00e0 repasser SES, ce qui offre des possibilit\u00e9s infinies pour cr\u00e9er des \u0153uvres d&rsquo;art uniques.<\/p>\n<p>Ce qui rend ce set g\u00e9nial<\/p>\n<p>1 plaque de base pour perles \u00e0 repasser en forme de papillon<br \/>\nCompatible avec toutes les perles \u00e0 repasser SES<br \/>\nConvient aux enfants \u00e0 partir de 5 ans<br \/>\nStimule la cr\u00e9ativit\u00e9 et la motricit\u00e9 fine<br \/>\nId\u00e9al pour cr\u00e9er des motifs joyeux et color\u00e9s<\/p>\n<p>Laissez libre cours \u00e0 votre imagination<br \/>\nAvec ce plateau, les enfants peuvent concevoir et cr\u00e9er de magnifiques papillons. La forme permet de maintenir les perles en place pendant qu&rsquo;ils r\u00e9alisent leur \u0153uvre d&rsquo;art. Le r\u00e9sultat est color\u00e9 et les enfants peuvent en \u00eatre fiers. Une fa\u00e7on cr\u00e9ative d&rsquo;apprendre en s&rsquo;amusant et de donner vie \u00e0 la nature.<\/p>\n<p>Contenu du set<\/p>\n<p>1 plaque de base pour perles \u00e0 repasser en forme de papillon<\/p>\n<p>Pourquoi choisir SES Creative<br \/>\nChez SES Creative, nous accordons une grande importance \u00e0 la s\u00e9curit\u00e9. C&rsquo;est pourquoi nos produits sont fabriqu\u00e9s et test\u00e9s dans notre usine aux Pays-Bas, conform\u00e9ment aux normes de s\u00e9curit\u00e9 europ\u00e9ennes les plus strictes. Les jouets SES Creative sont source de plaisir et permettent aux enfants d&rsquo;\u00eatre fiers de leur travail, ce qui stimule leur cr\u00e9ativit\u00e9 et leur d\u00e9veloppement.<\/p>\n<p>Commencez d\u00e8s aujourd&rsquo;hui votre aventure Beedz<br \/>\nD\u00e9couvrez le plaisir des perles \u00e0 repasser et cr\u00e9ez les plus beaux papillons gr\u00e2ce \u00e0 ce plateau pratique. Parfait pour un plaisir cr\u00e9atif sans fin !<\/p>\n","protected":false},"excerpt":{"rendered":"<p>Beedz \u2013 Plaque de base pour perles \u00e0 repasser Papillon : cr\u00e9ez les plus beaux papillons Avec cette plaque \u00e0 repasser en forme de papillon de SES Creative, vous pouvez cr\u00e9er les plus belles et les plus color\u00e9es des cr\u00e9ations. Parfait pour les enfants qui aiment la nature et veulent laisser libre cours \u00e0 leur [&hellip;]<\/p>\n","protected":false},"featured_media":97788,"comment_status":"closed","ping_status":"closed","template":"","meta":{"_acf_changed":false},"product_brand":[],"product_cat":[125],"product_tag":[],"class_list":{"0":"post-118030","1":"product","2":"type-product","3":"status-publish","4":"has-post-thumbnail","6":"product_cat-perles-a-repasser","7":"pa_leeftijd-filter-4-6-ans","8":"pa_meest-populair-bij-garcons-filles","10":"first","11":"instock","12":"shipping-taxable","13":"product-type-simple"},"acf":[],"yoast_head":"<!-- This site is optimized with the Yoast SEO plugin v27.2 - https:\/\/yoast.com\/product\/yoast-seo-wordpress\/ -->\n<title>Plateau papillon pour perles \u00e0 repasser - SES Creative<\/title>\n<meta name=\"robots\" content=\"index, follow, max-snippet:-1, max-image-preview:large, max-video-preview:-1\" \/>\n<link rel=\"canonical\" href=\"https:\/\/ses-creative.com\/fr\/produit\/plateau-papillon-pour-perles-a-repasser\/\" \/>\n<meta property=\"og:locale\" content=\"fr_FR\" \/>\n<meta property=\"og:type\" content=\"article\" \/>\n<meta property=\"og:title\" content=\"Plateau papillon pour perles \u00e0 repasser - SES Creative\" \/>\n<meta property=\"og:description\" content=\"Beedz \u2013 Plaque de base pour perles \u00e0 repasser Papillon : cr\u00e9ez les plus beaux papillons Avec cette plaque \u00e0 repasser en forme de papillon de SES Creative, vous pouvez cr\u00e9er les plus belles et les plus color\u00e9es des cr\u00e9ations. Parfait pour les enfants qui aiment la nature et veulent laisser libre cours \u00e0 leur [&hellip;]\" \/>\n<meta property=\"og:url\" content=\"https:\/\/ses-creative.com\/fr\/produit\/plateau-papillon-pour-perles-a-repasser\/\" \/>\n<meta property=\"og:site_name\" content=\"SES Creative\" \/>\n<meta property=\"article:modified_time\" content=\"2026-02-12T10:22:20+00:00\" \/>\n<meta name=\"twitter:card\" content=\"summary_large_image\" \/>\n<meta name=\"twitter:label1\" content=\"Dur\u00e9e de lecture estim\u00e9e\" \/>\n\t<meta name=\"twitter:data1\" content=\"2 minutes\" \/>\n<script type=\"application\/ld+json\" class=\"yoast-schema-graph\">{\"@context\":\"https:\/\/schema.org\",\"@graph\":[{\"@type\":\"WebPage\",\"@id\":\"https:\/\/ses-creative.com\/fr\/produit\/plateau-papillon-pour-perles-a-repasser\/\",\"url\":\"https:\/\/ses-creative.com\/fr\/produit\/plateau-papillon-pour-perles-a-repasser\/\",\"name\":\"Plateau papillon pour perles \u00e0 repasser - SES Creative\",\"isPartOf\":{\"@id\":\"https:\/\/ses-creative.com\/#website\"},\"primaryImageOfPage\":{\"@id\":\"https:\/\/ses-creative.com\/fr\/produit\/plateau-papillon-pour-perles-a-repasser\/#primaryimage\"},\"image\":{\"@id\":\"https:\/\/ses-creative.com\/fr\/produit\/plateau-papillon-pour-perles-a-repasser\/#primaryimage\"},\"thumbnailUrl\":\"https:\/\/ses-creative.com\/wp-content\/uploads\/2026\/01\/007851.jpg\",\"datePublished\":\"2026-02-12T10:08:24+00:00\",\"dateModified\":\"2026-02-12T10:22:20+00:00\",\"breadcrumb\":{\"@id\":\"https:\/\/ses-creative.com\/fr\/produit\/plateau-papillon-pour-perles-a-repasser\/#breadcrumb\"},\"inLanguage\":\"fr-FR\",\"potentialAction\":[{\"@type\":\"ReadAction\",\"target\":[\"https:\/\/ses-creative.com\/fr\/produit\/plateau-papillon-pour-perles-a-repasser\/\"]}]},{\"@type\":\"ImageObject\",\"inLanguage\":\"fr-FR\",\"@id\":\"https:\/\/ses-creative.com\/fr\/produit\/plateau-papillon-pour-perles-a-repasser\/#primaryimage\",\"url\":\"https:\/\/ses-creative.com\/wp-content\/uploads\/2026\/01\/007851.jpg\",\"contentUrl\":\"https:\/\/ses-creative.com\/wp-content\/uploads\/2026\/01\/007851.jpg\",\"width\":1000,\"height\":1000},{\"@type\":\"BreadcrumbList\",\"@id\":\"https:\/\/ses-creative.com\/fr\/produit\/plateau-papillon-pour-perles-a-repasser\/#breadcrumb\",\"itemListElement\":[{\"@type\":\"ListItem\",\"position\":1,\"name\":\"Boutique\",\"item\":\"https:\/\/ses-creative.com\/fr\/boutique\/\"},{\"@type\":\"ListItem\",\"position\":2,\"name\":\"Perles \u00e0 repasser\",\"item\":\"https:\/\/ses-creative.com\/fr\/product-categorie\/perles-a-repasser\/\"},{\"@type\":\"ListItem\",\"position\":3,\"name\":\"Plateau papillon pour perles \u00e0 repasser\"}]},{\"@type\":\"WebSite\",\"@id\":\"https:\/\/ses-creative.com\/#website\",\"url\":\"https:\/\/ses-creative.com\/\",\"name\":\"SES Creative\",\"description\":\"\",\"publisher\":{\"@id\":\"https:\/\/ses-creative.com\/#organization\"},\"potentialAction\":[{\"@type\":\"SearchAction\",\"target\":{\"@type\":\"EntryPoint\",\"urlTemplate\":\"https:\/\/ses-creative.com\/?s={search_term_string}\"},\"query-input\":{\"@type\":\"PropertyValueSpecification\",\"valueRequired\":true,\"valueName\":\"search_term_string\"}}],\"inLanguage\":\"fr-FR\"},{\"@type\":\"Organization\",\"@id\":\"https:\/\/ses-creative.com\/#organization\",\"name\":\"SES Creative\",\"url\":\"https:\/\/ses-creative.com\/\",\"logo\":{\"@type\":\"ImageObject\",\"inLanguage\":\"fr-FR\",\"@id\":\"https:\/\/ses-creative.com\/#\/schema\/logo\/image\/\",\"url\":\"https:\/\/ses-creative.com\/wp-content\/uploads\/2025\/10\/ses-creative-logo.jpg\",\"contentUrl\":\"https:\/\/ses-creative.com\/wp-content\/uploads\/2025\/10\/ses-creative-logo.jpg\",\"width\":2037,\"height\":2037,\"caption\":\"SES Creative\"},\"image\":{\"@id\":\"https:\/\/ses-creative.com\/#\/schema\/logo\/image\/\"}}]}<\/script>\n<!-- \/ Yoast SEO plugin. -->","yoast_head_json":{"title":"Plateau papillon pour perles \u00e0 repasser - SES Creative","robots":{"index":"index","follow":"follow","max-snippet":"max-snippet:-1","max-image-preview":"max-image-preview:large","max-video-preview":"max-video-preview:-1"},"canonical":"https:\/\/ses-creative.com\/fr\/produit\/plateau-papillon-pour-perles-a-repasser\/","og_locale":"fr_FR","og_type":"article","og_title":"Plateau papillon pour perles \u00e0 repasser - SES Creative","og_description":"Beedz \u2013 Plaque de base pour perles \u00e0 repasser Papillon : cr\u00e9ez les plus beaux papillons Avec cette plaque \u00e0 repasser en forme de papillon de SES Creative, vous pouvez cr\u00e9er les plus belles et les plus color\u00e9es des cr\u00e9ations. Parfait pour les enfants qui aiment la nature et veulent laisser libre cours \u00e0 leur [&hellip;]","og_url":"https:\/\/ses-creative.com\/fr\/produit\/plateau-papillon-pour-perles-a-repasser\/","og_site_name":"SES Creative","article_modified_time":"2026-02-12T10:22:20+00:00","twitter_card":"summary_large_image","twitter_misc":{"Dur\u00e9e de lecture estim\u00e9e":"2 minutes"},"schema":{"@context":"https:\/\/schema.org","@graph":[{"@type":"WebPage","@id":"https:\/\/ses-creative.com\/fr\/produit\/plateau-papillon-pour-perles-a-repasser\/","url":"https:\/\/ses-creative.com\/fr\/produit\/plateau-papillon-pour-perles-a-repasser\/","name":"Plateau papillon pour perles \u00e0 repasser - SES Creative","isPartOf":{"@id":"https:\/\/ses-creative.com\/#website"},"primaryImageOfPage":{"@id":"https:\/\/ses-creative.com\/fr\/produit\/plateau-papillon-pour-perles-a-repasser\/#primaryimage"},"image":{"@id":"https:\/\/ses-creative.com\/fr\/produit\/plateau-papillon-pour-perles-a-repasser\/#primaryimage"},"thumbnailUrl":"https:\/\/ses-creative.com\/wp-content\/uploads\/2026\/01\/007851.jpg","datePublished":"2026-02-12T10:08:24+00:00","dateModified":"2026-02-12T10:22:20+00:00","breadcrumb":{"@id":"https:\/\/ses-creative.com\/fr\/produit\/plateau-papillon-pour-perles-a-repasser\/#breadcrumb"},"inLanguage":"fr-FR","potentialAction":[{"@type":"ReadAction","target":["https:\/\/ses-creative.com\/fr\/produit\/plateau-papillon-pour-perles-a-repasser\/"]}]},{"@type":"ImageObject","inLanguage":"fr-FR","@id":"https:\/\/ses-creative.com\/fr\/produit\/plateau-papillon-pour-perles-a-repasser\/#primaryimage","url":"https:\/\/ses-creative.com\/wp-content\/uploads\/2026\/01\/007851.jpg","contentUrl":"https:\/\/ses-creative.com\/wp-content\/uploads\/2026\/01\/007851.jpg","width":1000,"height":1000},{"@type":"BreadcrumbList","@id":"https:\/\/ses-creative.com\/fr\/produit\/plateau-papillon-pour-perles-a-repasser\/#breadcrumb","itemListElement":[{"@type":"ListItem","position":1,"name":"Boutique","item":"https:\/\/ses-creative.com\/fr\/boutique\/"},{"@type":"ListItem","position":2,"name":"Perles \u00e0 repasser","item":"https:\/\/ses-creative.com\/fr\/product-categorie\/perles-a-repasser\/"},{"@type":"ListItem","position":3,"name":"Plateau papillon pour perles \u00e0 repasser"}]},{"@type":"WebSite","@id":"https:\/\/ses-creative.com\/#website","url":"https:\/\/ses-creative.com\/","name":"SES Creative","description":"","publisher":{"@id":"https:\/\/ses-creative.com\/#organization"},"potentialAction":[{"@type":"SearchAction","target":{"@type":"EntryPoint","urlTemplate":"https:\/\/ses-creative.com\/?s={search_term_string}"},"query-input":{"@type":"PropertyValueSpecification","valueRequired":true,"valueName":"search_term_string"}}],"inLanguage":"fr-FR"},{"@type":"Organization","@id":"https:\/\/ses-creative.com\/#organization","name":"SES Creative","url":"https:\/\/ses-creative.com\/","logo":{"@type":"ImageObject","inLanguage":"fr-FR","@id":"https:\/\/ses-creative.com\/#\/schema\/logo\/image\/","url":"https:\/\/ses-creative.com\/wp-content\/uploads\/2025\/10\/ses-creative-logo.jpg","contentUrl":"https:\/\/ses-creative.com\/wp-content\/uploads\/2025\/10\/ses-creative-logo.jpg","width":2037,"height":2037,"caption":"SES Creative"},"image":{"@id":"https:\/\/ses-creative.com\/#\/schema\/logo\/image\/"}}]}},"_links":{"self":[{"href":"https:\/\/ses-creative.com\/fr\/wp-json\/wp\/v2\/product\/118030","targetHints":{"allow":["GET"]}}],"collection":[{"href":"https:\/\/ses-creative.com\/fr\/wp-json\/wp\/v2\/product"}],"about":[{"href":"https:\/\/ses-creative.com\/fr\/wp-json\/wp\/v2\/types\/product"}],"replies":[{"embeddable":true,"href":"https:\/\/ses-creative.com\/fr\/wp-json\/wp\/v2\/comments?post=118030"}],"wp:featuredmedia":[{"embeddable":true,"href":"https:\/\/ses-creative.com\/fr\/wp-json\/wp\/v2\/media\/97788"}],"wp:attachment":[{"href":"https:\/\/ses-creative.com\/fr\/wp-json\/wp\/v2\/media?parent=118030"}],"wp:term":[{"taxonomy":"product_brand","embeddable":true,"href":"https:\/\/ses-creative.com\/fr\/wp-json\/wp\/v2\/product_brand?post=118030"},{"taxonomy":"product_cat","embeddable":true,"href":"https:\/\/ses-creative.com\/fr\/wp-json\/wp\/v2\/product_cat?post=118030"},{"taxonomy":"product_tag","embeddable":true,"href":"https:\/\/ses-creative.com\/fr\/wp-json\/wp\/v2\/product_tag?post=118030"}],"curies":[{"name":"wp","href":"https:\/\/api.w.org\/{rel}","templated":true}]}}