











{"id":118029,"date":"2026-02-12T10:08:23","date_gmt":"2026-02-12T10:08:23","guid":{"rendered":"https:\/\/ses-creative.com\/?post_type=product&#038;p=118029"},"modified":"2026-02-12T10:22:20","modified_gmt":"2026-02-12T10:22:20","slug":"plateaux-pour-perles-a-repasser-5x","status":"publish","type":"product","link":"https:\/\/ses-creative.com\/fr\/produit\/plateaux-pour-perles-a-repasser-5x\/","title":{"rendered":"Plateaux pour perles \u00e0 repasser 5x"},"content":{"rendered":"<p>Beedz \u2013 Plaques de base pour perles \u00e0 repasser Diff\u00e9rentes formes 5 pi\u00e8ces : cinq fois plus de plaisir<\/p>\n<p>Avec ce set de cinq plaques de base pour perles \u00e0 repasser de SES Creative, vous pouvez r\u00e9aliser les cr\u00e9ations les plus vari\u00e9es. Le set comprend un c\u0153ur, une \u00e9toile, un rond, un carr\u00e9 et un hexagone, ce qui permet aux enfants de varier et de combiner \u00e0 l&rsquo;infini. Parfait pour les petits artistes qui aiment la diversit\u00e9 et aiment laisser libre cours \u00e0 leur cr\u00e9ativit\u00e9.<\/p>\n<p>Ce qui rend ce set g\u00e9nial<\/p>\n<p>5 mini plaques de base de diff\u00e9rentes formes : c\u0153ur, \u00e9toile, cercle, carr\u00e9 et hexagone<br \/>\nCompatible avec toutes les perles \u00e0 repasser SES<br \/>\nConvient aux enfants \u00e0 partir de 5 ans<br \/>\nStimule la cr\u00e9ativit\u00e9 et la motricit\u00e9 fine<br \/>\nOffre une vari\u00e9t\u00e9 infinie et un plaisir sans fin<\/p>\n<p>Laissez libre cours \u00e0 votre imagination<br \/>\nGr\u00e2ce aux diff\u00e9rentes formes, les enfants peuvent sans cesse imaginer quelque chose de nouveau. Qu&rsquo;il s&rsquo;agisse de personnages joyeux, de dessins abstraits ou d&rsquo;adorables mini-\u0153uvres d&rsquo;art, ce set offre toutes les possibilit\u00e9s. Une excellente fa\u00e7on d&rsquo;exp\u00e9rimenter de mani\u00e8re ludique et d&rsquo;\u00eatre fier de ses propres cr\u00e9ations.<\/p>\n<p>Contenu du set<\/p>\n<p>5 mini plaques de base pour perles \u00e0 repasser : c\u0153ur, \u00e9toile, cercle, carr\u00e9 et hexagone<\/p>\n<p>Pourquoi choisir SES Creative<br \/>\nChez SES Creative, nous accordons une grande importance \u00e0 la s\u00e9curit\u00e9. C&rsquo;est pourquoi nos produits sont fabriqu\u00e9s et test\u00e9s dans notre usine aux Pays-Bas, conform\u00e9ment aux normes de s\u00e9curit\u00e9 europ\u00e9ennes les plus strictes. Les jouets SES Creative sont source de plaisir et permettent aux enfants d&rsquo;\u00eatre fiers de leur travail, ce qui stimule leur cr\u00e9ativit\u00e9 et leur d\u00e9veloppement.<\/p>\n<p>Commencez d\u00e8s aujourd&rsquo;hui votre aventure Beedz<br \/>\nD\u00e9couvrez le plaisir des perles \u00e0 repasser et cr\u00e9ez de magnifiques mini-\u0153uvres d&rsquo;art avec ce set polyvalent de plaques de base. Parfait pour un plaisir cr\u00e9atif sans fin !<\/p>\n","protected":false},"excerpt":{"rendered":"<p>Beedz \u2013 Plaques de base pour perles \u00e0 repasser Diff\u00e9rentes formes 5 pi\u00e8ces : cinq fois plus de plaisir Avec ce set de cinq plaques de base pour perles \u00e0 repasser de SES Creative, vous pouvez r\u00e9aliser les cr\u00e9ations les plus vari\u00e9es. Le set comprend un c\u0153ur, une \u00e9toile, un rond, un carr\u00e9 et un [&hellip;]<\/p>\n","protected":false},"featured_media":97768,"comment_status":"closed","ping_status":"closed","template":"","meta":{"_acf_changed":false},"product_brand":[],"product_cat":[125],"product_tag":[],"class_list":{"0":"post-118029","1":"product","2":"type-product","3":"status-publish","4":"has-post-thumbnail","6":"product_cat-perles-a-repasser","7":"pa_leeftijd-filter-4-6-ans","8":"pa_meest-populair-bij-garcons-filles","10":"first","11":"instock","12":"shipping-taxable","13":"product-type-simple"},"acf":[],"yoast_head":"<!-- This site is optimized with the Yoast SEO plugin v27.2 - https:\/\/yoast.com\/product\/yoast-seo-wordpress\/ -->\n<title>Plateaux pour perles \u00e0 repasser 5x - SES Creative<\/title>\n<meta name=\"robots\" content=\"index, follow, max-snippet:-1, max-image-preview:large, max-video-preview:-1\" \/>\n<link rel=\"canonical\" href=\"https:\/\/ses-creative.com\/fr\/produit\/plateaux-pour-perles-a-repasser-5x\/\" \/>\n<meta property=\"og:locale\" content=\"fr_FR\" \/>\n<meta property=\"og:type\" content=\"article\" \/>\n<meta property=\"og:title\" content=\"Plateaux pour perles \u00e0 repasser 5x - SES Creative\" \/>\n<meta property=\"og:description\" content=\"Beedz \u2013 Plaques de base pour perles \u00e0 repasser Diff\u00e9rentes formes 5 pi\u00e8ces : cinq fois plus de plaisir Avec ce set de cinq plaques de base pour perles \u00e0 repasser de SES Creative, vous pouvez r\u00e9aliser les cr\u00e9ations les plus vari\u00e9es. Le set comprend un c\u0153ur, une \u00e9toile, un rond, un carr\u00e9 et un [&hellip;]\" \/>\n<meta property=\"og:url\" content=\"https:\/\/ses-creative.com\/fr\/produit\/plateaux-pour-perles-a-repasser-5x\/\" \/>\n<meta property=\"og:site_name\" content=\"SES Creative\" \/>\n<meta property=\"article:modified_time\" content=\"2026-02-12T10:22:20+00:00\" \/>\n<meta name=\"twitter:card\" content=\"summary_large_image\" \/>\n<meta name=\"twitter:label1\" content=\"Dur\u00e9e de lecture estim\u00e9e\" \/>\n\t<meta name=\"twitter:data1\" content=\"2 minutes\" \/>\n<script type=\"application\/ld+json\" class=\"yoast-schema-graph\">{\"@context\":\"https:\/\/schema.org\",\"@graph\":[{\"@type\":\"WebPage\",\"@id\":\"https:\/\/ses-creative.com\/fr\/produit\/plateaux-pour-perles-a-repasser-5x\/\",\"url\":\"https:\/\/ses-creative.com\/fr\/produit\/plateaux-pour-perles-a-repasser-5x\/\",\"name\":\"Plateaux pour perles \u00e0 repasser 5x - SES Creative\",\"isPartOf\":{\"@id\":\"https:\/\/ses-creative.com\/#website\"},\"primaryImageOfPage\":{\"@id\":\"https:\/\/ses-creative.com\/fr\/produit\/plateaux-pour-perles-a-repasser-5x\/#primaryimage\"},\"image\":{\"@id\":\"https:\/\/ses-creative.com\/fr\/produit\/plateaux-pour-perles-a-repasser-5x\/#primaryimage\"},\"thumbnailUrl\":\"https:\/\/ses-creative.com\/wp-content\/uploads\/2026\/01\/007821.jpg\",\"datePublished\":\"2026-02-12T10:08:23+00:00\",\"dateModified\":\"2026-02-12T10:22:20+00:00\",\"breadcrumb\":{\"@id\":\"https:\/\/ses-creative.com\/fr\/produit\/plateaux-pour-perles-a-repasser-5x\/#breadcrumb\"},\"inLanguage\":\"fr-FR\",\"potentialAction\":[{\"@type\":\"ReadAction\",\"target\":[\"https:\/\/ses-creative.com\/fr\/produit\/plateaux-pour-perles-a-repasser-5x\/\"]}]},{\"@type\":\"ImageObject\",\"inLanguage\":\"fr-FR\",\"@id\":\"https:\/\/ses-creative.com\/fr\/produit\/plateaux-pour-perles-a-repasser-5x\/#primaryimage\",\"url\":\"https:\/\/ses-creative.com\/wp-content\/uploads\/2026\/01\/007821.jpg\",\"contentUrl\":\"https:\/\/ses-creative.com\/wp-content\/uploads\/2026\/01\/007821.jpg\",\"width\":1000,\"height\":1000},{\"@type\":\"BreadcrumbList\",\"@id\":\"https:\/\/ses-creative.com\/fr\/produit\/plateaux-pour-perles-a-repasser-5x\/#breadcrumb\",\"itemListElement\":[{\"@type\":\"ListItem\",\"position\":1,\"name\":\"Boutique\",\"item\":\"https:\/\/ses-creative.com\/fr\/boutique\/\"},{\"@type\":\"ListItem\",\"position\":2,\"name\":\"Perles \u00e0 repasser\",\"item\":\"https:\/\/ses-creative.com\/fr\/product-categorie\/perles-a-repasser\/\"},{\"@type\":\"ListItem\",\"position\":3,\"name\":\"Plateaux pour perles \u00e0 repasser 5x\"}]},{\"@type\":\"WebSite\",\"@id\":\"https:\/\/ses-creative.com\/#website\",\"url\":\"https:\/\/ses-creative.com\/\",\"name\":\"SES Creative\",\"description\":\"\",\"publisher\":{\"@id\":\"https:\/\/ses-creative.com\/#organization\"},\"potentialAction\":[{\"@type\":\"SearchAction\",\"target\":{\"@type\":\"EntryPoint\",\"urlTemplate\":\"https:\/\/ses-creative.com\/?s={search_term_string}\"},\"query-input\":{\"@type\":\"PropertyValueSpecification\",\"valueRequired\":true,\"valueName\":\"search_term_string\"}}],\"inLanguage\":\"fr-FR\"},{\"@type\":\"Organization\",\"@id\":\"https:\/\/ses-creative.com\/#organization\",\"name\":\"SES Creative\",\"url\":\"https:\/\/ses-creative.com\/\",\"logo\":{\"@type\":\"ImageObject\",\"inLanguage\":\"fr-FR\",\"@id\":\"https:\/\/ses-creative.com\/#\/schema\/logo\/image\/\",\"url\":\"https:\/\/ses-creative.com\/wp-content\/uploads\/2025\/10\/ses-creative-logo.jpg\",\"contentUrl\":\"https:\/\/ses-creative.com\/wp-content\/uploads\/2025\/10\/ses-creative-logo.jpg\",\"width\":2037,\"height\":2037,\"caption\":\"SES Creative\"},\"image\":{\"@id\":\"https:\/\/ses-creative.com\/#\/schema\/logo\/image\/\"}}]}<\/script>\n<!-- \/ Yoast SEO plugin. -->","yoast_head_json":{"title":"Plateaux pour perles \u00e0 repasser 5x - SES Creative","robots":{"index":"index","follow":"follow","max-snippet":"max-snippet:-1","max-image-preview":"max-image-preview:large","max-video-preview":"max-video-preview:-1"},"canonical":"https:\/\/ses-creative.com\/fr\/produit\/plateaux-pour-perles-a-repasser-5x\/","og_locale":"fr_FR","og_type":"article","og_title":"Plateaux pour perles \u00e0 repasser 5x - SES Creative","og_description":"Beedz \u2013 Plaques de base pour perles \u00e0 repasser Diff\u00e9rentes formes 5 pi\u00e8ces : cinq fois plus de plaisir Avec ce set de cinq plaques de base pour perles \u00e0 repasser de SES Creative, vous pouvez r\u00e9aliser les cr\u00e9ations les plus vari\u00e9es. Le set comprend un c\u0153ur, une \u00e9toile, un rond, un carr\u00e9 et un [&hellip;]","og_url":"https:\/\/ses-creative.com\/fr\/produit\/plateaux-pour-perles-a-repasser-5x\/","og_site_name":"SES Creative","article_modified_time":"2026-02-12T10:22:20+00:00","twitter_card":"summary_large_image","twitter_misc":{"Dur\u00e9e de lecture estim\u00e9e":"2 minutes"},"schema":{"@context":"https:\/\/schema.org","@graph":[{"@type":"WebPage","@id":"https:\/\/ses-creative.com\/fr\/produit\/plateaux-pour-perles-a-repasser-5x\/","url":"https:\/\/ses-creative.com\/fr\/produit\/plateaux-pour-perles-a-repasser-5x\/","name":"Plateaux pour perles \u00e0 repasser 5x - SES Creative","isPartOf":{"@id":"https:\/\/ses-creative.com\/#website"},"primaryImageOfPage":{"@id":"https:\/\/ses-creative.com\/fr\/produit\/plateaux-pour-perles-a-repasser-5x\/#primaryimage"},"image":{"@id":"https:\/\/ses-creative.com\/fr\/produit\/plateaux-pour-perles-a-repasser-5x\/#primaryimage"},"thumbnailUrl":"https:\/\/ses-creative.com\/wp-content\/uploads\/2026\/01\/007821.jpg","datePublished":"2026-02-12T10:08:23+00:00","dateModified":"2026-02-12T10:22:20+00:00","breadcrumb":{"@id":"https:\/\/ses-creative.com\/fr\/produit\/plateaux-pour-perles-a-repasser-5x\/#breadcrumb"},"inLanguage":"fr-FR","potentialAction":[{"@type":"ReadAction","target":["https:\/\/ses-creative.com\/fr\/produit\/plateaux-pour-perles-a-repasser-5x\/"]}]},{"@type":"ImageObject","inLanguage":"fr-FR","@id":"https:\/\/ses-creative.com\/fr\/produit\/plateaux-pour-perles-a-repasser-5x\/#primaryimage","url":"https:\/\/ses-creative.com\/wp-content\/uploads\/2026\/01\/007821.jpg","contentUrl":"https:\/\/ses-creative.com\/wp-content\/uploads\/2026\/01\/007821.jpg","width":1000,"height":1000},{"@type":"BreadcrumbList","@id":"https:\/\/ses-creative.com\/fr\/produit\/plateaux-pour-perles-a-repasser-5x\/#breadcrumb","itemListElement":[{"@type":"ListItem","position":1,"name":"Boutique","item":"https:\/\/ses-creative.com\/fr\/boutique\/"},{"@type":"ListItem","position":2,"name":"Perles \u00e0 repasser","item":"https:\/\/ses-creative.com\/fr\/product-categorie\/perles-a-repasser\/"},{"@type":"ListItem","position":3,"name":"Plateaux pour perles \u00e0 repasser 5x"}]},{"@type":"WebSite","@id":"https:\/\/ses-creative.com\/#website","url":"https:\/\/ses-creative.com\/","name":"SES Creative","description":"","publisher":{"@id":"https:\/\/ses-creative.com\/#organization"},"potentialAction":[{"@type":"SearchAction","target":{"@type":"EntryPoint","urlTemplate":"https:\/\/ses-creative.com\/?s={search_term_string}"},"query-input":{"@type":"PropertyValueSpecification","valueRequired":true,"valueName":"search_term_string"}}],"inLanguage":"fr-FR"},{"@type":"Organization","@id":"https:\/\/ses-creative.com\/#organization","name":"SES Creative","url":"https:\/\/ses-creative.com\/","logo":{"@type":"ImageObject","inLanguage":"fr-FR","@id":"https:\/\/ses-creative.com\/#\/schema\/logo\/image\/","url":"https:\/\/ses-creative.com\/wp-content\/uploads\/2025\/10\/ses-creative-logo.jpg","contentUrl":"https:\/\/ses-creative.com\/wp-content\/uploads\/2025\/10\/ses-creative-logo.jpg","width":2037,"height":2037,"caption":"SES Creative"},"image":{"@id":"https:\/\/ses-creative.com\/#\/schema\/logo\/image\/"}}]}},"_links":{"self":[{"href":"https:\/\/ses-creative.com\/fr\/wp-json\/wp\/v2\/product\/118029","targetHints":{"allow":["GET"]}}],"collection":[{"href":"https:\/\/ses-creative.com\/fr\/wp-json\/wp\/v2\/product"}],"about":[{"href":"https:\/\/ses-creative.com\/fr\/wp-json\/wp\/v2\/types\/product"}],"replies":[{"embeddable":true,"href":"https:\/\/ses-creative.com\/fr\/wp-json\/wp\/v2\/comments?post=118029"}],"wp:featuredmedia":[{"embeddable":true,"href":"https:\/\/ses-creative.com\/fr\/wp-json\/wp\/v2\/media\/97768"}],"wp:attachment":[{"href":"https:\/\/ses-creative.com\/fr\/wp-json\/wp\/v2\/media?parent=118029"}],"wp:term":[{"taxonomy":"product_brand","embeddable":true,"href":"https:\/\/ses-creative.com\/fr\/wp-json\/wp\/v2\/product_brand?post=118029"},{"taxonomy":"product_cat","embeddable":true,"href":"https:\/\/ses-creative.com\/fr\/wp-json\/wp\/v2\/product_cat?post=118029"},{"taxonomy":"product_tag","embeddable":true,"href":"https:\/\/ses-creative.com\/fr\/wp-json\/wp\/v2\/product_tag?post=118029"}],"curies":[{"name":"wp","href":"https:\/\/api.w.org\/{rel}","templated":true}]}}