











{"id":118026,"date":"2026-02-12T10:08:23","date_gmt":"2026-02-12T10:08:23","guid":{"rendered":"https:\/\/ses-creative.com\/?post_type=product&#038;p=118026"},"modified":"2026-02-12T10:22:19","modified_gmt":"2026-02-12T10:22:19","slug":"melange-de-perles-a-repasser-3000-pailletee","status":"publish","type":"product","link":"https:\/\/ses-creative.com\/fr\/produit\/melange-de-perles-a-repasser-3000-pailletee\/","title":{"rendered":"M\u00e9lange de perles \u00e0 repasser 3000 paillet\u00e9e"},"content":{"rendered":"<p>Avec le m\u00e9lange de perles \u00e0 repasser 3000 paillet\u00e9 de SES Creative, laissez libre cours \u00e0 votre imagination ! Ces perles thermocollantes de haute qualit\u00e9 sont parfaites pour des cr\u00e9ations aux couleurs brillantes et \u00e9clatantes. Sans PVC, elles garantissent une activit\u00e9 s\u00fbre et adapt\u00e9e aux enfants d\u00e8s 5 ans.<\/p>\n<p>Id\u00e9al pour stimuler la motricit\u00e9 fine et l\u2019imagination, ce jeu cr\u00e9atif encourage les enfants \u00e0 exp\u00e9rimenter, assembler et fixer leurs perles pour cr\u00e9er des motifs uniques. Les perles r\u00e9unissables permettent de r\u00e9aliser des formes vari\u00e9es tout en d\u00e9veloppant la coordination main-\u0153il.<\/p>\n<p>\u2705 **Contenu du kit:**<br \/>\n&#8211; 3000 perles \u00e0 repasser scintillantes<\/p>\n<p>Une activit\u00e9 parfaite pour partager un moment en famille et \u00e9veiller l\u2019expression artistique des plus jeunes. Un cadeau id\u00e9al pour tous les petits cr\u00e9ateurs !<\/p>\n","protected":false},"excerpt":{"rendered":"<p>Avec le m\u00e9lange de perles \u00e0 repasser 3000 paillet\u00e9 de SES Creative, laissez libre cours \u00e0 votre imagination ! Ces perles thermocollantes de haute qualit\u00e9 sont parfaites pour des cr\u00e9ations aux couleurs brillantes et \u00e9clatantes. Sans PVC, elles garantissent une activit\u00e9 s\u00fbre et adapt\u00e9e aux enfants d\u00e8s 5 ans. Id\u00e9al pour stimuler la motricit\u00e9 fine [&hellip;]<\/p>\n","protected":false},"featured_media":97708,"comment_status":"closed","ping_status":"closed","template":"","meta":{"_acf_changed":false},"product_brand":[],"product_cat":[125],"product_tag":[],"class_list":{"0":"post-118026","1":"product","2":"type-product","3":"status-publish","4":"has-post-thumbnail","6":"product_cat-perles-a-repasser","7":"pa_leeftijd-filter-4-6-ans","8":"pa_meest-populair-bij-garcons-filles","10":"first","11":"instock","12":"shipping-taxable","13":"product-type-simple"},"acf":[],"yoast_head":"<!-- This site is optimized with the Yoast SEO plugin v27.2 - https:\/\/yoast.com\/product\/yoast-seo-wordpress\/ -->\n<title>M\u00e9lange de perles \u00e0 repasser 3000 paillet\u00e9e - SES Creative<\/title>\n<meta name=\"robots\" content=\"index, follow, max-snippet:-1, max-image-preview:large, max-video-preview:-1\" \/>\n<link rel=\"canonical\" href=\"https:\/\/ses-creative.com\/fr\/produit\/melange-de-perles-a-repasser-3000-pailletee\/\" \/>\n<meta property=\"og:locale\" content=\"fr_FR\" \/>\n<meta property=\"og:type\" content=\"article\" \/>\n<meta property=\"og:title\" content=\"M\u00e9lange de perles \u00e0 repasser 3000 paillet\u00e9e - SES Creative\" \/>\n<meta property=\"og:description\" content=\"Avec le m\u00e9lange de perles \u00e0 repasser 3000 paillet\u00e9 de SES Creative, laissez libre cours \u00e0 votre imagination ! Ces perles thermocollantes de haute qualit\u00e9 sont parfaites pour des cr\u00e9ations aux couleurs brillantes et \u00e9clatantes. Sans PVC, elles garantissent une activit\u00e9 s\u00fbre et adapt\u00e9e aux enfants d\u00e8s 5 ans. Id\u00e9al pour stimuler la motricit\u00e9 fine [&hellip;]\" \/>\n<meta property=\"og:url\" content=\"https:\/\/ses-creative.com\/fr\/produit\/melange-de-perles-a-repasser-3000-pailletee\/\" \/>\n<meta property=\"og:site_name\" content=\"SES Creative\" \/>\n<meta property=\"article:modified_time\" content=\"2026-02-12T10:22:19+00:00\" \/>\n<meta name=\"twitter:card\" content=\"summary_large_image\" \/>\n<meta name=\"twitter:label1\" content=\"Dur\u00e9e de lecture estim\u00e9e\" \/>\n\t<meta name=\"twitter:data1\" content=\"1 minute\" \/>\n<script type=\"application\/ld+json\" class=\"yoast-schema-graph\">{\"@context\":\"https:\/\/schema.org\",\"@graph\":[{\"@type\":\"WebPage\",\"@id\":\"https:\/\/ses-creative.com\/fr\/produit\/melange-de-perles-a-repasser-3000-pailletee\/\",\"url\":\"https:\/\/ses-creative.com\/fr\/produit\/melange-de-perles-a-repasser-3000-pailletee\/\",\"name\":\"M\u00e9lange de perles \u00e0 repasser 3000 paillet\u00e9e - SES Creative\",\"isPartOf\":{\"@id\":\"https:\/\/ses-creative.com\/#website\"},\"primaryImageOfPage\":{\"@id\":\"https:\/\/ses-creative.com\/fr\/produit\/melange-de-perles-a-repasser-3000-pailletee\/#primaryimage\"},\"image\":{\"@id\":\"https:\/\/ses-creative.com\/fr\/produit\/melange-de-perles-a-repasser-3000-pailletee\/#primaryimage\"},\"thumbnailUrl\":\"https:\/\/ses-creative.com\/wp-content\/uploads\/2026\/01\/007741.jpg\",\"datePublished\":\"2026-02-12T10:08:23+00:00\",\"dateModified\":\"2026-02-12T10:22:19+00:00\",\"breadcrumb\":{\"@id\":\"https:\/\/ses-creative.com\/fr\/produit\/melange-de-perles-a-repasser-3000-pailletee\/#breadcrumb\"},\"inLanguage\":\"fr-FR\",\"potentialAction\":[{\"@type\":\"ReadAction\",\"target\":[\"https:\/\/ses-creative.com\/fr\/produit\/melange-de-perles-a-repasser-3000-pailletee\/\"]}]},{\"@type\":\"ImageObject\",\"inLanguage\":\"fr-FR\",\"@id\":\"https:\/\/ses-creative.com\/fr\/produit\/melange-de-perles-a-repasser-3000-pailletee\/#primaryimage\",\"url\":\"https:\/\/ses-creative.com\/wp-content\/uploads\/2026\/01\/007741.jpg\",\"contentUrl\":\"https:\/\/ses-creative.com\/wp-content\/uploads\/2026\/01\/007741.jpg\",\"width\":1000,\"height\":1000},{\"@type\":\"BreadcrumbList\",\"@id\":\"https:\/\/ses-creative.com\/fr\/produit\/melange-de-perles-a-repasser-3000-pailletee\/#breadcrumb\",\"itemListElement\":[{\"@type\":\"ListItem\",\"position\":1,\"name\":\"Boutique\",\"item\":\"https:\/\/ses-creative.com\/fr\/boutique\/\"},{\"@type\":\"ListItem\",\"position\":2,\"name\":\"Perles \u00e0 repasser\",\"item\":\"https:\/\/ses-creative.com\/fr\/product-categorie\/perles-a-repasser\/\"},{\"@type\":\"ListItem\",\"position\":3,\"name\":\"M\u00e9lange de perles \u00e0 repasser 3000 paillet\u00e9e\"}]},{\"@type\":\"WebSite\",\"@id\":\"https:\/\/ses-creative.com\/#website\",\"url\":\"https:\/\/ses-creative.com\/\",\"name\":\"SES Creative\",\"description\":\"\",\"publisher\":{\"@id\":\"https:\/\/ses-creative.com\/#organization\"},\"potentialAction\":[{\"@type\":\"SearchAction\",\"target\":{\"@type\":\"EntryPoint\",\"urlTemplate\":\"https:\/\/ses-creative.com\/?s={search_term_string}\"},\"query-input\":{\"@type\":\"PropertyValueSpecification\",\"valueRequired\":true,\"valueName\":\"search_term_string\"}}],\"inLanguage\":\"fr-FR\"},{\"@type\":\"Organization\",\"@id\":\"https:\/\/ses-creative.com\/#organization\",\"name\":\"SES Creative\",\"url\":\"https:\/\/ses-creative.com\/\",\"logo\":{\"@type\":\"ImageObject\",\"inLanguage\":\"fr-FR\",\"@id\":\"https:\/\/ses-creative.com\/#\/schema\/logo\/image\/\",\"url\":\"https:\/\/ses-creative.com\/wp-content\/uploads\/2025\/10\/ses-creative-logo.jpg\",\"contentUrl\":\"https:\/\/ses-creative.com\/wp-content\/uploads\/2025\/10\/ses-creative-logo.jpg\",\"width\":2037,\"height\":2037,\"caption\":\"SES Creative\"},\"image\":{\"@id\":\"https:\/\/ses-creative.com\/#\/schema\/logo\/image\/\"}}]}<\/script>\n<!-- \/ Yoast SEO plugin. -->","yoast_head_json":{"title":"M\u00e9lange de perles \u00e0 repasser 3000 paillet\u00e9e - SES Creative","robots":{"index":"index","follow":"follow","max-snippet":"max-snippet:-1","max-image-preview":"max-image-preview:large","max-video-preview":"max-video-preview:-1"},"canonical":"https:\/\/ses-creative.com\/fr\/produit\/melange-de-perles-a-repasser-3000-pailletee\/","og_locale":"fr_FR","og_type":"article","og_title":"M\u00e9lange de perles \u00e0 repasser 3000 paillet\u00e9e - SES Creative","og_description":"Avec le m\u00e9lange de perles \u00e0 repasser 3000 paillet\u00e9 de SES Creative, laissez libre cours \u00e0 votre imagination ! Ces perles thermocollantes de haute qualit\u00e9 sont parfaites pour des cr\u00e9ations aux couleurs brillantes et \u00e9clatantes. Sans PVC, elles garantissent une activit\u00e9 s\u00fbre et adapt\u00e9e aux enfants d\u00e8s 5 ans. Id\u00e9al pour stimuler la motricit\u00e9 fine [&hellip;]","og_url":"https:\/\/ses-creative.com\/fr\/produit\/melange-de-perles-a-repasser-3000-pailletee\/","og_site_name":"SES Creative","article_modified_time":"2026-02-12T10:22:19+00:00","twitter_card":"summary_large_image","twitter_misc":{"Dur\u00e9e de lecture estim\u00e9e":"1 minute"},"schema":{"@context":"https:\/\/schema.org","@graph":[{"@type":"WebPage","@id":"https:\/\/ses-creative.com\/fr\/produit\/melange-de-perles-a-repasser-3000-pailletee\/","url":"https:\/\/ses-creative.com\/fr\/produit\/melange-de-perles-a-repasser-3000-pailletee\/","name":"M\u00e9lange de perles \u00e0 repasser 3000 paillet\u00e9e - SES Creative","isPartOf":{"@id":"https:\/\/ses-creative.com\/#website"},"primaryImageOfPage":{"@id":"https:\/\/ses-creative.com\/fr\/produit\/melange-de-perles-a-repasser-3000-pailletee\/#primaryimage"},"image":{"@id":"https:\/\/ses-creative.com\/fr\/produit\/melange-de-perles-a-repasser-3000-pailletee\/#primaryimage"},"thumbnailUrl":"https:\/\/ses-creative.com\/wp-content\/uploads\/2026\/01\/007741.jpg","datePublished":"2026-02-12T10:08:23+00:00","dateModified":"2026-02-12T10:22:19+00:00","breadcrumb":{"@id":"https:\/\/ses-creative.com\/fr\/produit\/melange-de-perles-a-repasser-3000-pailletee\/#breadcrumb"},"inLanguage":"fr-FR","potentialAction":[{"@type":"ReadAction","target":["https:\/\/ses-creative.com\/fr\/produit\/melange-de-perles-a-repasser-3000-pailletee\/"]}]},{"@type":"ImageObject","inLanguage":"fr-FR","@id":"https:\/\/ses-creative.com\/fr\/produit\/melange-de-perles-a-repasser-3000-pailletee\/#primaryimage","url":"https:\/\/ses-creative.com\/wp-content\/uploads\/2026\/01\/007741.jpg","contentUrl":"https:\/\/ses-creative.com\/wp-content\/uploads\/2026\/01\/007741.jpg","width":1000,"height":1000},{"@type":"BreadcrumbList","@id":"https:\/\/ses-creative.com\/fr\/produit\/melange-de-perles-a-repasser-3000-pailletee\/#breadcrumb","itemListElement":[{"@type":"ListItem","position":1,"name":"Boutique","item":"https:\/\/ses-creative.com\/fr\/boutique\/"},{"@type":"ListItem","position":2,"name":"Perles \u00e0 repasser","item":"https:\/\/ses-creative.com\/fr\/product-categorie\/perles-a-repasser\/"},{"@type":"ListItem","position":3,"name":"M\u00e9lange de perles \u00e0 repasser 3000 paillet\u00e9e"}]},{"@type":"WebSite","@id":"https:\/\/ses-creative.com\/#website","url":"https:\/\/ses-creative.com\/","name":"SES Creative","description":"","publisher":{"@id":"https:\/\/ses-creative.com\/#organization"},"potentialAction":[{"@type":"SearchAction","target":{"@type":"EntryPoint","urlTemplate":"https:\/\/ses-creative.com\/?s={search_term_string}"},"query-input":{"@type":"PropertyValueSpecification","valueRequired":true,"valueName":"search_term_string"}}],"inLanguage":"fr-FR"},{"@type":"Organization","@id":"https:\/\/ses-creative.com\/#organization","name":"SES Creative","url":"https:\/\/ses-creative.com\/","logo":{"@type":"ImageObject","inLanguage":"fr-FR","@id":"https:\/\/ses-creative.com\/#\/schema\/logo\/image\/","url":"https:\/\/ses-creative.com\/wp-content\/uploads\/2025\/10\/ses-creative-logo.jpg","contentUrl":"https:\/\/ses-creative.com\/wp-content\/uploads\/2025\/10\/ses-creative-logo.jpg","width":2037,"height":2037,"caption":"SES Creative"},"image":{"@id":"https:\/\/ses-creative.com\/#\/schema\/logo\/image\/"}}]}},"_links":{"self":[{"href":"https:\/\/ses-creative.com\/fr\/wp-json\/wp\/v2\/product\/118026","targetHints":{"allow":["GET"]}}],"collection":[{"href":"https:\/\/ses-creative.com\/fr\/wp-json\/wp\/v2\/product"}],"about":[{"href":"https:\/\/ses-creative.com\/fr\/wp-json\/wp\/v2\/types\/product"}],"replies":[{"embeddable":true,"href":"https:\/\/ses-creative.com\/fr\/wp-json\/wp\/v2\/comments?post=118026"}],"wp:featuredmedia":[{"embeddable":true,"href":"https:\/\/ses-creative.com\/fr\/wp-json\/wp\/v2\/media\/97708"}],"wp:attachment":[{"href":"https:\/\/ses-creative.com\/fr\/wp-json\/wp\/v2\/media?parent=118026"}],"wp:term":[{"taxonomy":"product_brand","embeddable":true,"href":"https:\/\/ses-creative.com\/fr\/wp-json\/wp\/v2\/product_brand?post=118026"},{"taxonomy":"product_cat","embeddable":true,"href":"https:\/\/ses-creative.com\/fr\/wp-json\/wp\/v2\/product_cat?post=118026"},{"taxonomy":"product_tag","embeddable":true,"href":"https:\/\/ses-creative.com\/fr\/wp-json\/wp\/v2\/product_tag?post=118026"}],"curies":[{"name":"wp","href":"https:\/\/api.w.org\/{rel}","templated":true}]}}