











{"id":118023,"date":"2026-02-12T10:08:22","date_gmt":"2026-02-12T10:08:22","guid":{"rendered":"https:\/\/ses-creative.com\/?post_type=product&#038;p=118023"},"modified":"2026-02-12T10:22:19","modified_gmt":"2026-02-12T10:22:19","slug":"melange-a-paillettes-de-1000-perles-a-repasser","status":"publish","type":"product","link":"https:\/\/ses-creative.com\/fr\/produit\/melange-a-paillettes-de-1000-perles-a-repasser\/","title":{"rendered":"M\u00e9lange \u00e0 paillettes de 1000 perles \u00e0 repasser"},"content":{"rendered":"<p>Beedz \u2013 Perles \u00e0 repasser Glitter Mix 1000 pi\u00e8ces : faites briller vos cr\u00e9ations<\/p>\n<p>Avec ce recharge de 1000 perles \u00e0 repasser paillet\u00e9es de SES Creative, donnez \u00e0 vos cr\u00e9ations un aspect scintillant. Utilisez-les pour rendre vos cr\u00e9ations existantes encore plus sp\u00e9ciales ou commencez un nouveau projet plein d&rsquo;\u00e9clat. Gr\u00e2ce \u00e0 leur composition s\u00fbre et leur excellente qualit\u00e9, ces perles sont parfaites pour des heures de plaisir cr\u00e9atif.<\/p>\n<p>Ce qui rend ce set g\u00e9nial<\/p>\n<p>1000 perles \u00e0 repasser dans diff\u00e9rentes couleurs paillet\u00e9es<br \/>\nSans PVC pour une exp\u00e9rience de jeu s\u00fbre<br \/>\nConvient aux enfants \u00e0 partir de 5 ans<br \/>\nStimule la cr\u00e9ativit\u00e9 et la motricit\u00e9 fine<br \/>\nSe combine parfaitement avec d&rsquo;autres perles \u00e0 repasser SES<\/p>\n<p>Laissez libre cours \u00e0 votre imagination<br \/>\nLes perles \u00e0 repasser paillet\u00e9es ajoutent une dimension festive et scintillante \u00e0 vos cr\u00e9ations. Que vous r\u00e9alisiez des c\u0153urs, des \u00e9toiles ou d&rsquo;autres motifs \u00e9tincelants, ces perles feront de chaque projet un v\u00e9ritable accroche-regard. Pour les enfants, c&rsquo;est un excellent moyen d&rsquo;exprimer leur cr\u00e9ativit\u00e9, d&rsquo;\u00eatre fiers de leurs cr\u00e9ations et de d\u00e9velopper leur motricit\u00e9 fine de mani\u00e8re ludique.<\/p>\n<p>Contenu du set<\/p>\n<p>Sachet contenant 1 000 perles \u00e0 repasser scintillantes de diff\u00e9rentes couleurs<\/p>\n<p>Pourquoi choisir SES Creative<br \/>\nChez SES Creative, nous accordons une grande importance \u00e0 la s\u00e9curit\u00e9. C&rsquo;est pourquoi nos produits sont fabriqu\u00e9s et test\u00e9s dans notre usine aux Pays-Bas, conform\u00e9ment aux normes de s\u00e9curit\u00e9 europ\u00e9ennes les plus strictes. Les jouets SES Creative sont source de plaisir et permettent aux enfants d&rsquo;\u00eatre fiers de leur travail, ce qui stimule leur cr\u00e9ativit\u00e9 et leur d\u00e9veloppement.<\/p>\n<p>Commencez d\u00e8s aujourd&rsquo;hui votre aventure Beedz<br \/>\nD\u00e9couvrez le plaisir des perles \u00e0 repasser et faites briller vos cr\u00e9ations avec ce m\u00e9lange paillet\u00e9. Parfait pour un plaisir cr\u00e9atif sans fin !<\/p>\n","protected":false},"excerpt":{"rendered":"<p>Beedz \u2013 Perles \u00e0 repasser Glitter Mix 1000 pi\u00e8ces : faites briller vos cr\u00e9ations Avec ce recharge de 1000 perles \u00e0 repasser paillet\u00e9es de SES Creative, donnez \u00e0 vos cr\u00e9ations un aspect scintillant. Utilisez-les pour rendre vos cr\u00e9ations existantes encore plus sp\u00e9ciales ou commencez un nouveau projet plein d&rsquo;\u00e9clat. Gr\u00e2ce \u00e0 leur composition s\u00fbre et [&hellip;]<\/p>\n","protected":false},"featured_media":97648,"comment_status":"closed","ping_status":"closed","template":"","meta":{"_acf_changed":false},"product_brand":[],"product_cat":[125],"product_tag":[],"class_list":{"0":"post-118023","1":"product","2":"type-product","3":"status-publish","4":"has-post-thumbnail","6":"product_cat-perles-a-repasser","7":"pa_leeftijd-filter-4-6-ans","8":"pa_meest-populair-bij-garcons-filles","10":"first","11":"instock","12":"shipping-taxable","13":"product-type-simple"},"acf":[],"yoast_head":"<!-- This site is optimized with the Yoast SEO plugin v27.2 - https:\/\/yoast.com\/product\/yoast-seo-wordpress\/ -->\n<title>M\u00e9lange \u00e0 paillettes de 1000 perles \u00e0 repasser - SES Creative<\/title>\n<meta name=\"robots\" content=\"index, follow, max-snippet:-1, max-image-preview:large, max-video-preview:-1\" \/>\n<link rel=\"canonical\" href=\"https:\/\/ses-creative.com\/fr\/produit\/melange-a-paillettes-de-1000-perles-a-repasser\/\" \/>\n<meta property=\"og:locale\" content=\"fr_FR\" \/>\n<meta property=\"og:type\" content=\"article\" \/>\n<meta property=\"og:title\" content=\"M\u00e9lange \u00e0 paillettes de 1000 perles \u00e0 repasser - SES Creative\" \/>\n<meta property=\"og:description\" content=\"Beedz \u2013 Perles \u00e0 repasser Glitter Mix 1000 pi\u00e8ces : faites briller vos cr\u00e9ations Avec ce recharge de 1000 perles \u00e0 repasser paillet\u00e9es de SES Creative, donnez \u00e0 vos cr\u00e9ations un aspect scintillant. Utilisez-les pour rendre vos cr\u00e9ations existantes encore plus sp\u00e9ciales ou commencez un nouveau projet plein d&rsquo;\u00e9clat. Gr\u00e2ce \u00e0 leur composition s\u00fbre et [&hellip;]\" \/>\n<meta property=\"og:url\" content=\"https:\/\/ses-creative.com\/fr\/produit\/melange-a-paillettes-de-1000-perles-a-repasser\/\" \/>\n<meta property=\"og:site_name\" content=\"SES Creative\" \/>\n<meta property=\"article:modified_time\" content=\"2026-02-12T10:22:19+00:00\" \/>\n<meta name=\"twitter:card\" content=\"summary_large_image\" \/>\n<meta name=\"twitter:label1\" content=\"Dur\u00e9e de lecture estim\u00e9e\" \/>\n\t<meta name=\"twitter:data1\" content=\"2 minutes\" \/>\n<script type=\"application\/ld+json\" class=\"yoast-schema-graph\">{\"@context\":\"https:\/\/schema.org\",\"@graph\":[{\"@type\":\"WebPage\",\"@id\":\"https:\/\/ses-creative.com\/fr\/produit\/melange-a-paillettes-de-1000-perles-a-repasser\/\",\"url\":\"https:\/\/ses-creative.com\/fr\/produit\/melange-a-paillettes-de-1000-perles-a-repasser\/\",\"name\":\"M\u00e9lange \u00e0 paillettes de 1000 perles \u00e0 repasser - SES Creative\",\"isPartOf\":{\"@id\":\"https:\/\/ses-creative.com\/#website\"},\"primaryImageOfPage\":{\"@id\":\"https:\/\/ses-creative.com\/fr\/produit\/melange-a-paillettes-de-1000-perles-a-repasser\/#primaryimage\"},\"image\":{\"@id\":\"https:\/\/ses-creative.com\/fr\/produit\/melange-a-paillettes-de-1000-perles-a-repasser\/#primaryimage\"},\"thumbnailUrl\":\"https:\/\/ses-creative.com\/wp-content\/uploads\/2026\/01\/007461.jpg\",\"datePublished\":\"2026-02-12T10:08:22+00:00\",\"dateModified\":\"2026-02-12T10:22:19+00:00\",\"breadcrumb\":{\"@id\":\"https:\/\/ses-creative.com\/fr\/produit\/melange-a-paillettes-de-1000-perles-a-repasser\/#breadcrumb\"},\"inLanguage\":\"fr-FR\",\"potentialAction\":[{\"@type\":\"ReadAction\",\"target\":[\"https:\/\/ses-creative.com\/fr\/produit\/melange-a-paillettes-de-1000-perles-a-repasser\/\"]}]},{\"@type\":\"ImageObject\",\"inLanguage\":\"fr-FR\",\"@id\":\"https:\/\/ses-creative.com\/fr\/produit\/melange-a-paillettes-de-1000-perles-a-repasser\/#primaryimage\",\"url\":\"https:\/\/ses-creative.com\/wp-content\/uploads\/2026\/01\/007461.jpg\",\"contentUrl\":\"https:\/\/ses-creative.com\/wp-content\/uploads\/2026\/01\/007461.jpg\",\"width\":1000,\"height\":1000},{\"@type\":\"BreadcrumbList\",\"@id\":\"https:\/\/ses-creative.com\/fr\/produit\/melange-a-paillettes-de-1000-perles-a-repasser\/#breadcrumb\",\"itemListElement\":[{\"@type\":\"ListItem\",\"position\":1,\"name\":\"Boutique\",\"item\":\"https:\/\/ses-creative.com\/fr\/boutique\/\"},{\"@type\":\"ListItem\",\"position\":2,\"name\":\"Perles \u00e0 repasser\",\"item\":\"https:\/\/ses-creative.com\/fr\/product-categorie\/perles-a-repasser\/\"},{\"@type\":\"ListItem\",\"position\":3,\"name\":\"M\u00e9lange \u00e0 paillettes de 1000 perles \u00e0 repasser\"}]},{\"@type\":\"WebSite\",\"@id\":\"https:\/\/ses-creative.com\/#website\",\"url\":\"https:\/\/ses-creative.com\/\",\"name\":\"SES Creative\",\"description\":\"\",\"publisher\":{\"@id\":\"https:\/\/ses-creative.com\/#organization\"},\"potentialAction\":[{\"@type\":\"SearchAction\",\"target\":{\"@type\":\"EntryPoint\",\"urlTemplate\":\"https:\/\/ses-creative.com\/?s={search_term_string}\"},\"query-input\":{\"@type\":\"PropertyValueSpecification\",\"valueRequired\":true,\"valueName\":\"search_term_string\"}}],\"inLanguage\":\"fr-FR\"},{\"@type\":\"Organization\",\"@id\":\"https:\/\/ses-creative.com\/#organization\",\"name\":\"SES Creative\",\"url\":\"https:\/\/ses-creative.com\/\",\"logo\":{\"@type\":\"ImageObject\",\"inLanguage\":\"fr-FR\",\"@id\":\"https:\/\/ses-creative.com\/#\/schema\/logo\/image\/\",\"url\":\"https:\/\/ses-creative.com\/wp-content\/uploads\/2025\/10\/ses-creative-logo.jpg\",\"contentUrl\":\"https:\/\/ses-creative.com\/wp-content\/uploads\/2025\/10\/ses-creative-logo.jpg\",\"width\":2037,\"height\":2037,\"caption\":\"SES Creative\"},\"image\":{\"@id\":\"https:\/\/ses-creative.com\/#\/schema\/logo\/image\/\"}}]}<\/script>\n<!-- \/ Yoast SEO plugin. -->","yoast_head_json":{"title":"M\u00e9lange \u00e0 paillettes de 1000 perles \u00e0 repasser - SES Creative","robots":{"index":"index","follow":"follow","max-snippet":"max-snippet:-1","max-image-preview":"max-image-preview:large","max-video-preview":"max-video-preview:-1"},"canonical":"https:\/\/ses-creative.com\/fr\/produit\/melange-a-paillettes-de-1000-perles-a-repasser\/","og_locale":"fr_FR","og_type":"article","og_title":"M\u00e9lange \u00e0 paillettes de 1000 perles \u00e0 repasser - SES Creative","og_description":"Beedz \u2013 Perles \u00e0 repasser Glitter Mix 1000 pi\u00e8ces : faites briller vos cr\u00e9ations Avec ce recharge de 1000 perles \u00e0 repasser paillet\u00e9es de SES Creative, donnez \u00e0 vos cr\u00e9ations un aspect scintillant. Utilisez-les pour rendre vos cr\u00e9ations existantes encore plus sp\u00e9ciales ou commencez un nouveau projet plein d&rsquo;\u00e9clat. Gr\u00e2ce \u00e0 leur composition s\u00fbre et [&hellip;]","og_url":"https:\/\/ses-creative.com\/fr\/produit\/melange-a-paillettes-de-1000-perles-a-repasser\/","og_site_name":"SES Creative","article_modified_time":"2026-02-12T10:22:19+00:00","twitter_card":"summary_large_image","twitter_misc":{"Dur\u00e9e de lecture estim\u00e9e":"2 minutes"},"schema":{"@context":"https:\/\/schema.org","@graph":[{"@type":"WebPage","@id":"https:\/\/ses-creative.com\/fr\/produit\/melange-a-paillettes-de-1000-perles-a-repasser\/","url":"https:\/\/ses-creative.com\/fr\/produit\/melange-a-paillettes-de-1000-perles-a-repasser\/","name":"M\u00e9lange \u00e0 paillettes de 1000 perles \u00e0 repasser - SES Creative","isPartOf":{"@id":"https:\/\/ses-creative.com\/#website"},"primaryImageOfPage":{"@id":"https:\/\/ses-creative.com\/fr\/produit\/melange-a-paillettes-de-1000-perles-a-repasser\/#primaryimage"},"image":{"@id":"https:\/\/ses-creative.com\/fr\/produit\/melange-a-paillettes-de-1000-perles-a-repasser\/#primaryimage"},"thumbnailUrl":"https:\/\/ses-creative.com\/wp-content\/uploads\/2026\/01\/007461.jpg","datePublished":"2026-02-12T10:08:22+00:00","dateModified":"2026-02-12T10:22:19+00:00","breadcrumb":{"@id":"https:\/\/ses-creative.com\/fr\/produit\/melange-a-paillettes-de-1000-perles-a-repasser\/#breadcrumb"},"inLanguage":"fr-FR","potentialAction":[{"@type":"ReadAction","target":["https:\/\/ses-creative.com\/fr\/produit\/melange-a-paillettes-de-1000-perles-a-repasser\/"]}]},{"@type":"ImageObject","inLanguage":"fr-FR","@id":"https:\/\/ses-creative.com\/fr\/produit\/melange-a-paillettes-de-1000-perles-a-repasser\/#primaryimage","url":"https:\/\/ses-creative.com\/wp-content\/uploads\/2026\/01\/007461.jpg","contentUrl":"https:\/\/ses-creative.com\/wp-content\/uploads\/2026\/01\/007461.jpg","width":1000,"height":1000},{"@type":"BreadcrumbList","@id":"https:\/\/ses-creative.com\/fr\/produit\/melange-a-paillettes-de-1000-perles-a-repasser\/#breadcrumb","itemListElement":[{"@type":"ListItem","position":1,"name":"Boutique","item":"https:\/\/ses-creative.com\/fr\/boutique\/"},{"@type":"ListItem","position":2,"name":"Perles \u00e0 repasser","item":"https:\/\/ses-creative.com\/fr\/product-categorie\/perles-a-repasser\/"},{"@type":"ListItem","position":3,"name":"M\u00e9lange \u00e0 paillettes de 1000 perles \u00e0 repasser"}]},{"@type":"WebSite","@id":"https:\/\/ses-creative.com\/#website","url":"https:\/\/ses-creative.com\/","name":"SES Creative","description":"","publisher":{"@id":"https:\/\/ses-creative.com\/#organization"},"potentialAction":[{"@type":"SearchAction","target":{"@type":"EntryPoint","urlTemplate":"https:\/\/ses-creative.com\/?s={search_term_string}"},"query-input":{"@type":"PropertyValueSpecification","valueRequired":true,"valueName":"search_term_string"}}],"inLanguage":"fr-FR"},{"@type":"Organization","@id":"https:\/\/ses-creative.com\/#organization","name":"SES Creative","url":"https:\/\/ses-creative.com\/","logo":{"@type":"ImageObject","inLanguage":"fr-FR","@id":"https:\/\/ses-creative.com\/#\/schema\/logo\/image\/","url":"https:\/\/ses-creative.com\/wp-content\/uploads\/2025\/10\/ses-creative-logo.jpg","contentUrl":"https:\/\/ses-creative.com\/wp-content\/uploads\/2025\/10\/ses-creative-logo.jpg","width":2037,"height":2037,"caption":"SES Creative"},"image":{"@id":"https:\/\/ses-creative.com\/#\/schema\/logo\/image\/"}}]}},"_links":{"self":[{"href":"https:\/\/ses-creative.com\/fr\/wp-json\/wp\/v2\/product\/118023","targetHints":{"allow":["GET"]}}],"collection":[{"href":"https:\/\/ses-creative.com\/fr\/wp-json\/wp\/v2\/product"}],"about":[{"href":"https:\/\/ses-creative.com\/fr\/wp-json\/wp\/v2\/types\/product"}],"replies":[{"embeddable":true,"href":"https:\/\/ses-creative.com\/fr\/wp-json\/wp\/v2\/comments?post=118023"}],"wp:featuredmedia":[{"embeddable":true,"href":"https:\/\/ses-creative.com\/fr\/wp-json\/wp\/v2\/media\/97648"}],"wp:attachment":[{"href":"https:\/\/ses-creative.com\/fr\/wp-json\/wp\/v2\/media?parent=118023"}],"wp:term":[{"taxonomy":"product_brand","embeddable":true,"href":"https:\/\/ses-creative.com\/fr\/wp-json\/wp\/v2\/product_brand?post=118023"},{"taxonomy":"product_cat","embeddable":true,"href":"https:\/\/ses-creative.com\/fr\/wp-json\/wp\/v2\/product_cat?post=118023"},{"taxonomy":"product_tag","embeddable":true,"href":"https:\/\/ses-creative.com\/fr\/wp-json\/wp\/v2\/product_tag?post=118023"}],"curies":[{"name":"wp","href":"https:\/\/api.w.org\/{rel}","templated":true}]}}