











{"id":117999,"date":"2026-02-12T10:08:18","date_gmt":"2026-02-12T10:08:18","guid":{"rendered":"https:\/\/ses-creative.com\/?post_type=product&#038;p=117999"},"modified":"2026-02-12T10:22:16","modified_gmt":"2026-02-12T10:22:16","slug":"pate-a-modeler-rouge-115-g","status":"publish","type":"product","link":"https:\/\/ses-creative.com\/fr\/produit\/pate-a-modeler-rouge-115-g\/","title":{"rendered":"P\u00e2te \u00e0 modeler &#8211; Rouge 115 g"},"content":{"rendered":"<p>Amuse-toi avec la p\u00e2te \u00e0 modeler SES Creative<br \/>\nChoisis ta couleur pr\u00e9f\u00e9r\u00e9e et compl\u00e8te ta collection de p\u00e2te \u00e0 modeler. Ce set contient un pot de p\u00e2te \u00e0 modeler rouge et convient aux enfants \u00e0 partir de 3 ans. Cr\u00e9e de magnifiques formes et personnages en malaxant et en jouant \u2013 laisse libre cours \u00e0 ton imagination !<br \/>\nPourquoi ce set est g\u00e9nial<br \/>\n&#8211; P\u00e2te \u00e0 modeler douce qui ne s\u00e8che pas pendant le jeu<br \/>\n&#8211; Go\u00fbt sal\u00e9 qui dissuade les enfants de la mettre en bouche<br \/>\n&#8211; S\u00fbre et adapt\u00e9e aux enfants. Sans gluten<br \/>\n&#8211; Stimule la cr\u00e9ativit\u00e9 et la motricit\u00e9 fine<\/p>\n<p>Facile \u00e0 nettoyer<br \/>\nDes heures de jeu avec la p\u00e2te \u00e0 modeler<br \/>\nLa p\u00e2te est douce et facile \u00e0 manipuler. Jouer avec la p\u00e2te \u00e0 modeler d\u00e9veloppe les capacit\u00e9s motrices gr\u00e2ce au malaxage et au modelage, tout en encourageant la cr\u00e9ativit\u00e9. Ton enfant peut jouer en toute s\u00e9curit\u00e9 avec cette p\u00e2te vegan et sans gluten. Son go\u00fbt tr\u00e8s sal\u00e9 \u00e9vite que les enfants ne la mangent.<\/p>\n<p>Contenu du set<br \/>\nP\u00e2te \u00e0 modeler rouge dans un pot de 115 grammes<\/p>\n<p>Pourquoi choisir SES Creative ?<br \/>\nChez SES Creative, la s\u00e9curit\u00e9 est primordiale. C\u2019est pourquoi tous les produits sont fabriqu\u00e9s et test\u00e9s dans notre usine aux Pays-Bas, conform\u00e9ment aux normes de s\u00e9curit\u00e9 europ\u00e9ennes les plus strictes. Les jouets SES Creative sont con\u00e7us pour amuser, tout en permettant aux enfants d\u2019\u00eatre fiers de leurs cr\u00e9ations \u2013 stimulant ainsi leur cr\u00e9ativit\u00e9 et leur d\u00e9veloppement.<\/p>\n<p>Sors la p\u00e2te \u00e0 modeler et cr\u00e9e les formes les plus amusantes<br \/>\nCompl\u00e8te ta collection avec la p\u00e2te \u00e0 modeler SES Creative et d\u00e9couvre le plaisir de modeler. R\u00e9alise tes plus belles cr\u00e9ations avec la p\u00e2te \u00e0 modeler !<\/p>\n","protected":false},"excerpt":{"rendered":"<p>Amuse-toi avec la p\u00e2te \u00e0 modeler SES Creative Choisis ta couleur pr\u00e9f\u00e9r\u00e9e et compl\u00e8te ta collection de p\u00e2te \u00e0 modeler. Ce set contient un pot de p\u00e2te \u00e0 modeler rouge et convient aux enfants \u00e0 partir de 3 ans. Cr\u00e9e de magnifiques formes et personnages en malaxant et en jouant \u2013 laisse libre cours \u00e0 [&hellip;]<\/p>\n","protected":false},"featured_media":97168,"comment_status":"closed","ping_status":"closed","template":"","meta":{"_acf_changed":false},"product_brand":[],"product_cat":[124],"product_tag":[],"class_list":{"0":"post-117999","1":"product","2":"type-product","3":"status-publish","4":"has-post-thumbnail","6":"product_cat-pate-a-modeler","7":"pa_leeftijd-filter-3-4-ans","8":"pa_meest-populair-bij-garcons-filles","10":"first","11":"instock","12":"shipping-taxable","13":"product-type-simple"},"acf":[],"yoast_head":"<!-- This site is optimized with the Yoast SEO plugin v27.4 - https:\/\/yoast.com\/product\/yoast-seo-wordpress\/ -->\n<title>P\u00e2te \u00e0 modeler - Rouge 115 g - SES Creative<\/title>\n<meta name=\"robots\" content=\"index, follow, max-snippet:-1, max-image-preview:large, max-video-preview:-1\" \/>\n<link rel=\"canonical\" href=\"https:\/\/ses-creative.com\/fr\/produit\/pate-a-modeler-rouge-115-g\/\" \/>\n<meta property=\"og:locale\" content=\"fr_FR\" \/>\n<meta property=\"og:type\" content=\"article\" \/>\n<meta property=\"og:title\" content=\"P\u00e2te \u00e0 modeler - Rouge 115 g - SES Creative\" \/>\n<meta property=\"og:description\" content=\"Amuse-toi avec la p\u00e2te \u00e0 modeler SES Creative Choisis ta couleur pr\u00e9f\u00e9r\u00e9e et compl\u00e8te ta collection de p\u00e2te \u00e0 modeler. Ce set contient un pot de p\u00e2te \u00e0 modeler rouge et convient aux enfants \u00e0 partir de 3 ans. Cr\u00e9e de magnifiques formes et personnages en malaxant et en jouant \u2013 laisse libre cours \u00e0 [&hellip;]\" \/>\n<meta property=\"og:url\" content=\"https:\/\/ses-creative.com\/fr\/produit\/pate-a-modeler-rouge-115-g\/\" \/>\n<meta property=\"og:site_name\" content=\"SES Creative\" \/>\n<meta property=\"article:modified_time\" content=\"2026-02-12T10:22:16+00:00\" \/>\n<meta name=\"twitter:card\" content=\"summary_large_image\" \/>\n<meta name=\"twitter:label1\" content=\"Dur\u00e9e de lecture estim\u00e9e\" \/>\n\t<meta name=\"twitter:data1\" content=\"2 minutes\" \/>\n<script type=\"application\/ld+json\" class=\"yoast-schema-graph\">{\"@context\":\"https:\\\/\\\/schema.org\",\"@graph\":[{\"@type\":\"WebPage\",\"@id\":\"https:\\\/\\\/ses-creative.com\\\/fr\\\/produit\\\/pate-a-modeler-rouge-115-g\\\/\",\"url\":\"https:\\\/\\\/ses-creative.com\\\/fr\\\/produit\\\/pate-a-modeler-rouge-115-g\\\/\",\"name\":\"P\u00e2te \u00e0 modeler - Rouge 115 g - SES Creative\",\"isPartOf\":{\"@id\":\"https:\\\/\\\/ses-creative.com\\\/#website\"},\"primaryImageOfPage\":{\"@id\":\"https:\\\/\\\/ses-creative.com\\\/fr\\\/produit\\\/pate-a-modeler-rouge-115-g\\\/#primaryimage\"},\"image\":{\"@id\":\"https:\\\/\\\/ses-creative.com\\\/fr\\\/produit\\\/pate-a-modeler-rouge-115-g\\\/#primaryimage\"},\"thumbnailUrl\":\"https:\\\/\\\/ses-creative.com\\\/wp-content\\\/uploads\\\/2026\\\/01\\\/005511.jpg\",\"datePublished\":\"2026-02-12T10:08:18+00:00\",\"dateModified\":\"2026-02-12T10:22:16+00:00\",\"breadcrumb\":{\"@id\":\"https:\\\/\\\/ses-creative.com\\\/fr\\\/produit\\\/pate-a-modeler-rouge-115-g\\\/#breadcrumb\"},\"inLanguage\":\"fr-FR\",\"potentialAction\":[{\"@type\":\"ReadAction\",\"target\":[\"https:\\\/\\\/ses-creative.com\\\/fr\\\/produit\\\/pate-a-modeler-rouge-115-g\\\/\"]}]},{\"@type\":\"ImageObject\",\"inLanguage\":\"fr-FR\",\"@id\":\"https:\\\/\\\/ses-creative.com\\\/fr\\\/produit\\\/pate-a-modeler-rouge-115-g\\\/#primaryimage\",\"url\":\"https:\\\/\\\/ses-creative.com\\\/wp-content\\\/uploads\\\/2026\\\/01\\\/005511.jpg\",\"contentUrl\":\"https:\\\/\\\/ses-creative.com\\\/wp-content\\\/uploads\\\/2026\\\/01\\\/005511.jpg\",\"width\":1000,\"height\":1000},{\"@type\":\"BreadcrumbList\",\"@id\":\"https:\\\/\\\/ses-creative.com\\\/fr\\\/produit\\\/pate-a-modeler-rouge-115-g\\\/#breadcrumb\",\"itemListElement\":[{\"@type\":\"ListItem\",\"position\":1,\"name\":\"Boutique\",\"item\":\"https:\\\/\\\/ses-creative.com\\\/fr\\\/boutique\\\/\"},{\"@type\":\"ListItem\",\"position\":2,\"name\":\"P\u00e2te \u00e0 modeler\",\"item\":\"https:\\\/\\\/ses-creative.com\\\/fr\\\/product-categorie\\\/pate-a-modeler\\\/\"},{\"@type\":\"ListItem\",\"position\":3,\"name\":\"P\u00e2te \u00e0 modeler &#8211; Rouge 115 g\"}]},{\"@type\":\"WebSite\",\"@id\":\"https:\\\/\\\/ses-creative.com\\\/#website\",\"url\":\"https:\\\/\\\/ses-creative.com\\\/\",\"name\":\"SES Creative\",\"description\":\"\",\"publisher\":{\"@id\":\"https:\\\/\\\/ses-creative.com\\\/#organization\"},\"potentialAction\":[{\"@type\":\"SearchAction\",\"target\":{\"@type\":\"EntryPoint\",\"urlTemplate\":\"https:\\\/\\\/ses-creative.com\\\/?s={search_term_string}\"},\"query-input\":{\"@type\":\"PropertyValueSpecification\",\"valueRequired\":true,\"valueName\":\"search_term_string\"}}],\"inLanguage\":\"fr-FR\"},{\"@type\":\"Organization\",\"@id\":\"https:\\\/\\\/ses-creative.com\\\/#organization\",\"name\":\"SES Creative\",\"url\":\"https:\\\/\\\/ses-creative.com\\\/\",\"logo\":{\"@type\":\"ImageObject\",\"inLanguage\":\"fr-FR\",\"@id\":\"https:\\\/\\\/ses-creative.com\\\/#\\\/schema\\\/logo\\\/image\\\/\",\"url\":\"https:\\\/\\\/ses-creative.com\\\/wp-content\\\/uploads\\\/2025\\\/10\\\/ses-creative-logo.jpg\",\"contentUrl\":\"https:\\\/\\\/ses-creative.com\\\/wp-content\\\/uploads\\\/2025\\\/10\\\/ses-creative-logo.jpg\",\"width\":2037,\"height\":2037,\"caption\":\"SES Creative\"},\"image\":{\"@id\":\"https:\\\/\\\/ses-creative.com\\\/#\\\/schema\\\/logo\\\/image\\\/\"}}]}<\/script>\n<!-- \/ Yoast SEO plugin. -->","yoast_head_json":{"title":"P\u00e2te \u00e0 modeler - Rouge 115 g - SES Creative","robots":{"index":"index","follow":"follow","max-snippet":"max-snippet:-1","max-image-preview":"max-image-preview:large","max-video-preview":"max-video-preview:-1"},"canonical":"https:\/\/ses-creative.com\/fr\/produit\/pate-a-modeler-rouge-115-g\/","og_locale":"fr_FR","og_type":"article","og_title":"P\u00e2te \u00e0 modeler - Rouge 115 g - SES Creative","og_description":"Amuse-toi avec la p\u00e2te \u00e0 modeler SES Creative Choisis ta couleur pr\u00e9f\u00e9r\u00e9e et compl\u00e8te ta collection de p\u00e2te \u00e0 modeler. Ce set contient un pot de p\u00e2te \u00e0 modeler rouge et convient aux enfants \u00e0 partir de 3 ans. Cr\u00e9e de magnifiques formes et personnages en malaxant et en jouant \u2013 laisse libre cours \u00e0 [&hellip;]","og_url":"https:\/\/ses-creative.com\/fr\/produit\/pate-a-modeler-rouge-115-g\/","og_site_name":"SES Creative","article_modified_time":"2026-02-12T10:22:16+00:00","twitter_card":"summary_large_image","twitter_misc":{"Dur\u00e9e de lecture estim\u00e9e":"2 minutes"},"schema":{"@context":"https:\/\/schema.org","@graph":[{"@type":"WebPage","@id":"https:\/\/ses-creative.com\/fr\/produit\/pate-a-modeler-rouge-115-g\/","url":"https:\/\/ses-creative.com\/fr\/produit\/pate-a-modeler-rouge-115-g\/","name":"P\u00e2te \u00e0 modeler - Rouge 115 g - SES Creative","isPartOf":{"@id":"https:\/\/ses-creative.com\/#website"},"primaryImageOfPage":{"@id":"https:\/\/ses-creative.com\/fr\/produit\/pate-a-modeler-rouge-115-g\/#primaryimage"},"image":{"@id":"https:\/\/ses-creative.com\/fr\/produit\/pate-a-modeler-rouge-115-g\/#primaryimage"},"thumbnailUrl":"https:\/\/ses-creative.com\/wp-content\/uploads\/2026\/01\/005511.jpg","datePublished":"2026-02-12T10:08:18+00:00","dateModified":"2026-02-12T10:22:16+00:00","breadcrumb":{"@id":"https:\/\/ses-creative.com\/fr\/produit\/pate-a-modeler-rouge-115-g\/#breadcrumb"},"inLanguage":"fr-FR","potentialAction":[{"@type":"ReadAction","target":["https:\/\/ses-creative.com\/fr\/produit\/pate-a-modeler-rouge-115-g\/"]}]},{"@type":"ImageObject","inLanguage":"fr-FR","@id":"https:\/\/ses-creative.com\/fr\/produit\/pate-a-modeler-rouge-115-g\/#primaryimage","url":"https:\/\/ses-creative.com\/wp-content\/uploads\/2026\/01\/005511.jpg","contentUrl":"https:\/\/ses-creative.com\/wp-content\/uploads\/2026\/01\/005511.jpg","width":1000,"height":1000},{"@type":"BreadcrumbList","@id":"https:\/\/ses-creative.com\/fr\/produit\/pate-a-modeler-rouge-115-g\/#breadcrumb","itemListElement":[{"@type":"ListItem","position":1,"name":"Boutique","item":"https:\/\/ses-creative.com\/fr\/boutique\/"},{"@type":"ListItem","position":2,"name":"P\u00e2te \u00e0 modeler","item":"https:\/\/ses-creative.com\/fr\/product-categorie\/pate-a-modeler\/"},{"@type":"ListItem","position":3,"name":"P\u00e2te \u00e0 modeler &#8211; Rouge 115 g"}]},{"@type":"WebSite","@id":"https:\/\/ses-creative.com\/#website","url":"https:\/\/ses-creative.com\/","name":"SES Creative","description":"","publisher":{"@id":"https:\/\/ses-creative.com\/#organization"},"potentialAction":[{"@type":"SearchAction","target":{"@type":"EntryPoint","urlTemplate":"https:\/\/ses-creative.com\/?s={search_term_string}"},"query-input":{"@type":"PropertyValueSpecification","valueRequired":true,"valueName":"search_term_string"}}],"inLanguage":"fr-FR"},{"@type":"Organization","@id":"https:\/\/ses-creative.com\/#organization","name":"SES Creative","url":"https:\/\/ses-creative.com\/","logo":{"@type":"ImageObject","inLanguage":"fr-FR","@id":"https:\/\/ses-creative.com\/#\/schema\/logo\/image\/","url":"https:\/\/ses-creative.com\/wp-content\/uploads\/2025\/10\/ses-creative-logo.jpg","contentUrl":"https:\/\/ses-creative.com\/wp-content\/uploads\/2025\/10\/ses-creative-logo.jpg","width":2037,"height":2037,"caption":"SES Creative"},"image":{"@id":"https:\/\/ses-creative.com\/#\/schema\/logo\/image\/"}}]}},"_links":{"self":[{"href":"https:\/\/ses-creative.com\/fr\/wp-json\/wp\/v2\/product\/117999","targetHints":{"allow":["GET"]}}],"collection":[{"href":"https:\/\/ses-creative.com\/fr\/wp-json\/wp\/v2\/product"}],"about":[{"href":"https:\/\/ses-creative.com\/fr\/wp-json\/wp\/v2\/types\/product"}],"replies":[{"embeddable":true,"href":"https:\/\/ses-creative.com\/fr\/wp-json\/wp\/v2\/comments?post=117999"}],"wp:featuredmedia":[{"embeddable":true,"href":"https:\/\/ses-creative.com\/fr\/wp-json\/wp\/v2\/media\/97168"}],"wp:attachment":[{"href":"https:\/\/ses-creative.com\/fr\/wp-json\/wp\/v2\/media?parent=117999"}],"wp:term":[{"taxonomy":"product_brand","embeddable":true,"href":"https:\/\/ses-creative.com\/fr\/wp-json\/wp\/v2\/product_brand?post=117999"},{"taxonomy":"product_cat","embeddable":true,"href":"https:\/\/ses-creative.com\/fr\/wp-json\/wp\/v2\/product_cat?post=117999"},{"taxonomy":"product_tag","embeddable":true,"href":"https:\/\/ses-creative.com\/fr\/wp-json\/wp\/v2\/product_tag?post=117999"}],"curies":[{"name":"wp","href":"https:\/\/api.w.org\/{rel}","templated":true}]}}