











{"id":117995,"date":"2026-02-12T10:08:17","date_gmt":"2026-02-12T10:08:17","guid":{"rendered":"https:\/\/ses-creative.com\/?post_type=product&#038;p=117995"},"modified":"2026-02-12T10:22:15","modified_gmt":"2026-02-12T10:22:15","slug":"pate-a-modeler-feel-good-nature-4x90gr","status":"publish","type":"product","link":"https:\/\/ses-creative.com\/fr\/produit\/pate-a-modeler-feel-good-nature-4x90gr\/","title":{"rendered":"P\u00e2te \u00e0 modeler Feel good &#8211; Nature (4x90gr)"},"content":{"rendered":"<p>La p\u00e2te \u00e0 modeler Feel Good de SES Creative est parfaite pour stimuler la cr\u00e9ativit\u00e9 et la motricit\u00e9 des jeunes enfants d\u00e8s 1 an. Avec ses quatre couleurs inspir\u00e9es de la nature (vert, bleu clair, orange et brun), cette p\u00e2te \u00e0 modeler souple et \u00e9clatante est id\u00e9ale pour des heures de jeu sensoriel. Sa formule v\u00e9gane et sans gluten assure une s\u00e9curit\u00e9 maximale, tandis que sa texture extr\u00eamement sal\u00e9e dissuade les enfants de l\u2019ing\u00e9rer. Facile \u00e0 manipuler, elle ne s\u00e8che pas pendant l\u2019utilisation et s\u2019\u00e9limine ais\u00e9ment des tissus. L\u2019emballage refermable garantit une longue conservation et contient un QR code permettant d\u2019explorer des id\u00e9es cr\u00e9atives. Les pots r\u00e9utilisables sont sans petits \u00e9l\u00e9ments, rendant ce jeu adapt\u00e9 aux plus jeunes. Offrez une activit\u00e9 ludique et \u00e9ducative avec cette p\u00e2te \u00e0 modeler qui allie amusement et s\u00e9curit\u00e9, parfaite comme cadeau d\u2019anniversaire ou pour stimuler l\u2019imagination d\u00e8s le plus jeune \u00e2ge.<\/p>\n","protected":false},"excerpt":{"rendered":"<p>La p\u00e2te \u00e0 modeler Feel Good de SES Creative est parfaite pour stimuler la cr\u00e9ativit\u00e9 et la motricit\u00e9 des jeunes enfants d\u00e8s 1 an. Avec ses quatre couleurs inspir\u00e9es de la nature (vert, bleu clair, orange et brun), cette p\u00e2te \u00e0 modeler souple et \u00e9clatante est id\u00e9ale pour des heures de jeu sensoriel. Sa formule [&hellip;]<\/p>\n","protected":false},"featured_media":97108,"comment_status":"closed","ping_status":"closed","template":"","meta":{"_acf_changed":false},"product_brand":[],"product_cat":[124],"product_tag":[],"class_list":{"0":"post-117995","1":"product","2":"type-product","3":"status-publish","4":"has-post-thumbnail","6":"product_cat-pate-a-modeler","7":"pa_collecties-feel-good-dough","8":"pa_leeftijd-filter-0-2-ans","9":"pa_meest-populair-bij-garcons-filles","11":"first","12":"instock","13":"shipping-taxable","14":"product-type-simple"},"acf":[],"yoast_head":"<!-- This site is optimized with the Yoast SEO plugin v27.4 - https:\/\/yoast.com\/product\/yoast-seo-wordpress\/ -->\n<title>P\u00e2te \u00e0 modeler Feel good - Nature (4x90gr) - SES Creative<\/title>\n<meta name=\"robots\" content=\"index, follow, max-snippet:-1, max-image-preview:large, max-video-preview:-1\" \/>\n<link rel=\"canonical\" href=\"https:\/\/ses-creative.com\/fr\/produit\/pate-a-modeler-feel-good-nature-4x90gr\/\" \/>\n<meta property=\"og:locale\" content=\"fr_FR\" \/>\n<meta property=\"og:type\" content=\"article\" \/>\n<meta property=\"og:title\" content=\"P\u00e2te \u00e0 modeler Feel good - Nature (4x90gr) - SES Creative\" \/>\n<meta property=\"og:description\" content=\"La p\u00e2te \u00e0 modeler Feel Good de SES Creative est parfaite pour stimuler la cr\u00e9ativit\u00e9 et la motricit\u00e9 des jeunes enfants d\u00e8s 1 an. Avec ses quatre couleurs inspir\u00e9es de la nature (vert, bleu clair, orange et brun), cette p\u00e2te \u00e0 modeler souple et \u00e9clatante est id\u00e9ale pour des heures de jeu sensoriel. Sa formule [&hellip;]\" \/>\n<meta property=\"og:url\" content=\"https:\/\/ses-creative.com\/fr\/produit\/pate-a-modeler-feel-good-nature-4x90gr\/\" \/>\n<meta property=\"og:site_name\" content=\"SES Creative\" \/>\n<meta property=\"article:modified_time\" content=\"2026-02-12T10:22:15+00:00\" \/>\n<meta name=\"twitter:card\" content=\"summary_large_image\" \/>\n<meta name=\"twitter:label1\" content=\"Dur\u00e9e de lecture estim\u00e9e\" \/>\n\t<meta name=\"twitter:data1\" content=\"1 minute\" \/>\n<script type=\"application\/ld+json\" class=\"yoast-schema-graph\">{\"@context\":\"https:\\\/\\\/schema.org\",\"@graph\":[{\"@type\":\"WebPage\",\"@id\":\"https:\\\/\\\/ses-creative.com\\\/fr\\\/produit\\\/pate-a-modeler-feel-good-nature-4x90gr\\\/\",\"url\":\"https:\\\/\\\/ses-creative.com\\\/fr\\\/produit\\\/pate-a-modeler-feel-good-nature-4x90gr\\\/\",\"name\":\"P\u00e2te \u00e0 modeler Feel good - Nature (4x90gr) - SES Creative\",\"isPartOf\":{\"@id\":\"https:\\\/\\\/ses-creative.com\\\/#website\"},\"primaryImageOfPage\":{\"@id\":\"https:\\\/\\\/ses-creative.com\\\/fr\\\/produit\\\/pate-a-modeler-feel-good-nature-4x90gr\\\/#primaryimage\"},\"image\":{\"@id\":\"https:\\\/\\\/ses-creative.com\\\/fr\\\/produit\\\/pate-a-modeler-feel-good-nature-4x90gr\\\/#primaryimage\"},\"thumbnailUrl\":\"https:\\\/\\\/ses-creative.com\\\/wp-content\\\/uploads\\\/2026\\\/01\\\/005131.jpg\",\"datePublished\":\"2026-02-12T10:08:17+00:00\",\"dateModified\":\"2026-02-12T10:22:15+00:00\",\"breadcrumb\":{\"@id\":\"https:\\\/\\\/ses-creative.com\\\/fr\\\/produit\\\/pate-a-modeler-feel-good-nature-4x90gr\\\/#breadcrumb\"},\"inLanguage\":\"fr-FR\",\"potentialAction\":[{\"@type\":\"ReadAction\",\"target\":[\"https:\\\/\\\/ses-creative.com\\\/fr\\\/produit\\\/pate-a-modeler-feel-good-nature-4x90gr\\\/\"]}]},{\"@type\":\"ImageObject\",\"inLanguage\":\"fr-FR\",\"@id\":\"https:\\\/\\\/ses-creative.com\\\/fr\\\/produit\\\/pate-a-modeler-feel-good-nature-4x90gr\\\/#primaryimage\",\"url\":\"https:\\\/\\\/ses-creative.com\\\/wp-content\\\/uploads\\\/2026\\\/01\\\/005131.jpg\",\"contentUrl\":\"https:\\\/\\\/ses-creative.com\\\/wp-content\\\/uploads\\\/2026\\\/01\\\/005131.jpg\",\"width\":1000,\"height\":1000},{\"@type\":\"BreadcrumbList\",\"@id\":\"https:\\\/\\\/ses-creative.com\\\/fr\\\/produit\\\/pate-a-modeler-feel-good-nature-4x90gr\\\/#breadcrumb\",\"itemListElement\":[{\"@type\":\"ListItem\",\"position\":1,\"name\":\"Boutique\",\"item\":\"https:\\\/\\\/ses-creative.com\\\/fr\\\/boutique\\\/\"},{\"@type\":\"ListItem\",\"position\":2,\"name\":\"P\u00e2te \u00e0 modeler\",\"item\":\"https:\\\/\\\/ses-creative.com\\\/fr\\\/product-categorie\\\/pate-a-modeler\\\/\"},{\"@type\":\"ListItem\",\"position\":3,\"name\":\"P\u00e2te \u00e0 modeler Feel good &#8211; Nature (4x90gr)\"}]},{\"@type\":\"WebSite\",\"@id\":\"https:\\\/\\\/ses-creative.com\\\/#website\",\"url\":\"https:\\\/\\\/ses-creative.com\\\/\",\"name\":\"SES Creative\",\"description\":\"\",\"publisher\":{\"@id\":\"https:\\\/\\\/ses-creative.com\\\/#organization\"},\"potentialAction\":[{\"@type\":\"SearchAction\",\"target\":{\"@type\":\"EntryPoint\",\"urlTemplate\":\"https:\\\/\\\/ses-creative.com\\\/?s={search_term_string}\"},\"query-input\":{\"@type\":\"PropertyValueSpecification\",\"valueRequired\":true,\"valueName\":\"search_term_string\"}}],\"inLanguage\":\"fr-FR\"},{\"@type\":\"Organization\",\"@id\":\"https:\\\/\\\/ses-creative.com\\\/#organization\",\"name\":\"SES Creative\",\"url\":\"https:\\\/\\\/ses-creative.com\\\/\",\"logo\":{\"@type\":\"ImageObject\",\"inLanguage\":\"fr-FR\",\"@id\":\"https:\\\/\\\/ses-creative.com\\\/#\\\/schema\\\/logo\\\/image\\\/\",\"url\":\"https:\\\/\\\/ses-creative.com\\\/wp-content\\\/uploads\\\/2025\\\/10\\\/ses-creative-logo.jpg\",\"contentUrl\":\"https:\\\/\\\/ses-creative.com\\\/wp-content\\\/uploads\\\/2025\\\/10\\\/ses-creative-logo.jpg\",\"width\":2037,\"height\":2037,\"caption\":\"SES Creative\"},\"image\":{\"@id\":\"https:\\\/\\\/ses-creative.com\\\/#\\\/schema\\\/logo\\\/image\\\/\"}}]}<\/script>\n<!-- \/ Yoast SEO plugin. -->","yoast_head_json":{"title":"P\u00e2te \u00e0 modeler Feel good - Nature (4x90gr) - SES Creative","robots":{"index":"index","follow":"follow","max-snippet":"max-snippet:-1","max-image-preview":"max-image-preview:large","max-video-preview":"max-video-preview:-1"},"canonical":"https:\/\/ses-creative.com\/fr\/produit\/pate-a-modeler-feel-good-nature-4x90gr\/","og_locale":"fr_FR","og_type":"article","og_title":"P\u00e2te \u00e0 modeler Feel good - Nature (4x90gr) - SES Creative","og_description":"La p\u00e2te \u00e0 modeler Feel Good de SES Creative est parfaite pour stimuler la cr\u00e9ativit\u00e9 et la motricit\u00e9 des jeunes enfants d\u00e8s 1 an. Avec ses quatre couleurs inspir\u00e9es de la nature (vert, bleu clair, orange et brun), cette p\u00e2te \u00e0 modeler souple et \u00e9clatante est id\u00e9ale pour des heures de jeu sensoriel. Sa formule [&hellip;]","og_url":"https:\/\/ses-creative.com\/fr\/produit\/pate-a-modeler-feel-good-nature-4x90gr\/","og_site_name":"SES Creative","article_modified_time":"2026-02-12T10:22:15+00:00","twitter_card":"summary_large_image","twitter_misc":{"Dur\u00e9e de lecture estim\u00e9e":"1 minute"},"schema":{"@context":"https:\/\/schema.org","@graph":[{"@type":"WebPage","@id":"https:\/\/ses-creative.com\/fr\/produit\/pate-a-modeler-feel-good-nature-4x90gr\/","url":"https:\/\/ses-creative.com\/fr\/produit\/pate-a-modeler-feel-good-nature-4x90gr\/","name":"P\u00e2te \u00e0 modeler Feel good - Nature (4x90gr) - SES Creative","isPartOf":{"@id":"https:\/\/ses-creative.com\/#website"},"primaryImageOfPage":{"@id":"https:\/\/ses-creative.com\/fr\/produit\/pate-a-modeler-feel-good-nature-4x90gr\/#primaryimage"},"image":{"@id":"https:\/\/ses-creative.com\/fr\/produit\/pate-a-modeler-feel-good-nature-4x90gr\/#primaryimage"},"thumbnailUrl":"https:\/\/ses-creative.com\/wp-content\/uploads\/2026\/01\/005131.jpg","datePublished":"2026-02-12T10:08:17+00:00","dateModified":"2026-02-12T10:22:15+00:00","breadcrumb":{"@id":"https:\/\/ses-creative.com\/fr\/produit\/pate-a-modeler-feel-good-nature-4x90gr\/#breadcrumb"},"inLanguage":"fr-FR","potentialAction":[{"@type":"ReadAction","target":["https:\/\/ses-creative.com\/fr\/produit\/pate-a-modeler-feel-good-nature-4x90gr\/"]}]},{"@type":"ImageObject","inLanguage":"fr-FR","@id":"https:\/\/ses-creative.com\/fr\/produit\/pate-a-modeler-feel-good-nature-4x90gr\/#primaryimage","url":"https:\/\/ses-creative.com\/wp-content\/uploads\/2026\/01\/005131.jpg","contentUrl":"https:\/\/ses-creative.com\/wp-content\/uploads\/2026\/01\/005131.jpg","width":1000,"height":1000},{"@type":"BreadcrumbList","@id":"https:\/\/ses-creative.com\/fr\/produit\/pate-a-modeler-feel-good-nature-4x90gr\/#breadcrumb","itemListElement":[{"@type":"ListItem","position":1,"name":"Boutique","item":"https:\/\/ses-creative.com\/fr\/boutique\/"},{"@type":"ListItem","position":2,"name":"P\u00e2te \u00e0 modeler","item":"https:\/\/ses-creative.com\/fr\/product-categorie\/pate-a-modeler\/"},{"@type":"ListItem","position":3,"name":"P\u00e2te \u00e0 modeler Feel good &#8211; Nature (4x90gr)"}]},{"@type":"WebSite","@id":"https:\/\/ses-creative.com\/#website","url":"https:\/\/ses-creative.com\/","name":"SES Creative","description":"","publisher":{"@id":"https:\/\/ses-creative.com\/#organization"},"potentialAction":[{"@type":"SearchAction","target":{"@type":"EntryPoint","urlTemplate":"https:\/\/ses-creative.com\/?s={search_term_string}"},"query-input":{"@type":"PropertyValueSpecification","valueRequired":true,"valueName":"search_term_string"}}],"inLanguage":"fr-FR"},{"@type":"Organization","@id":"https:\/\/ses-creative.com\/#organization","name":"SES Creative","url":"https:\/\/ses-creative.com\/","logo":{"@type":"ImageObject","inLanguage":"fr-FR","@id":"https:\/\/ses-creative.com\/#\/schema\/logo\/image\/","url":"https:\/\/ses-creative.com\/wp-content\/uploads\/2025\/10\/ses-creative-logo.jpg","contentUrl":"https:\/\/ses-creative.com\/wp-content\/uploads\/2025\/10\/ses-creative-logo.jpg","width":2037,"height":2037,"caption":"SES Creative"},"image":{"@id":"https:\/\/ses-creative.com\/#\/schema\/logo\/image\/"}}]}},"_links":{"self":[{"href":"https:\/\/ses-creative.com\/fr\/wp-json\/wp\/v2\/product\/117995","targetHints":{"allow":["GET"]}}],"collection":[{"href":"https:\/\/ses-creative.com\/fr\/wp-json\/wp\/v2\/product"}],"about":[{"href":"https:\/\/ses-creative.com\/fr\/wp-json\/wp\/v2\/types\/product"}],"replies":[{"embeddable":true,"href":"https:\/\/ses-creative.com\/fr\/wp-json\/wp\/v2\/comments?post=117995"}],"wp:featuredmedia":[{"embeddable":true,"href":"https:\/\/ses-creative.com\/fr\/wp-json\/wp\/v2\/media\/97108"}],"wp:attachment":[{"href":"https:\/\/ses-creative.com\/fr\/wp-json\/wp\/v2\/media?parent=117995"}],"wp:term":[{"taxonomy":"product_brand","embeddable":true,"href":"https:\/\/ses-creative.com\/fr\/wp-json\/wp\/v2\/product_brand?post=117995"},{"taxonomy":"product_cat","embeddable":true,"href":"https:\/\/ses-creative.com\/fr\/wp-json\/wp\/v2\/product_cat?post=117995"},{"taxonomy":"product_tag","embeddable":true,"href":"https:\/\/ses-creative.com\/fr\/wp-json\/wp\/v2\/product_tag?post=117995"}],"curies":[{"name":"wp","href":"https:\/\/api.w.org\/{rel}","templated":true}]}}