











{"id":117991,"date":"2026-02-12T10:08:16","date_gmt":"2026-02-12T10:08:16","guid":{"rendered":"https:\/\/ses-creative.com\/?post_type=product&#038;p=117991"},"modified":"2026-02-12T10:22:15","modified_gmt":"2026-02-12T10:22:15","slug":"pate-a-modeler-chiots","status":"publish","type":"product","link":"https:\/\/ses-creative.com\/fr\/produit\/pate-a-modeler-chiots\/","title":{"rendered":"P\u00e2te \u00e0 modeler &#8211; Chiots"},"content":{"rendered":"<p>Fa\u00e7onnez vos propres chiots !<br \/>\nDonnez vie \u00e0 un monde rempli d&rsquo;adorables animaux avec le set P\u00e2te \u00e0 modeler &#8211; Chiots ! Parfait pour les jeunes amateurs de chiens, ce set cr\u00e9atif et ludique permet aux enfants de cr\u00e9er leurs propres chiots espi\u00e8gles et de leur offrir un foyer confortable dans la niche fournie. Gr\u00e2ce \u00e0 la p\u00e2te \u00e0 modeler souple de couleur lilas, orange et blanche, les enfants peuvent modeler leurs amis \u00e0 quatre pattes.<br \/>\nCe qui rend ce kit g\u00e9nial<br \/>\n&#8211;    De la p\u00e2te \u00e0 modeler adorable aux couleurs vives avec des instructions pour cr\u00e9er les chiots<br \/>\n&#8211; Avec des accessoires de jeu amusants, dont une niche<br \/>\n&#8211;    P\u00e2te \u00e0 modeler dans les couleurs lilas, orange et blanc<br \/>\n&#8211; La p\u00e2te ne s\u00e8che pas pendant le jeu<br \/>\n&#8211;    La p\u00e2te \u00e0 modeler est facile \u00e0 laver et sans gluten<br \/>\nJouer et modeler<br \/>\nLe kit de p\u00e2te \u00e0 modeler Puppies est non seulement un excellent moyen de stimuler la cr\u00e9ativit\u00e9, mais il aide \u00e9galement \u00e0 d\u00e9velopper la motricit\u00e9 fine et la coordination \u0153il-main. Les enfants apprennent \u00e0 d\u00e9couvrir les formes, les textures et les couleurs tout en cr\u00e9ant leurs amis animaux, le tout dans le cadre d&rsquo;une activit\u00e9 pratique et sans \u00e9cran. Gr\u00e2ce aux instructions simples, vous pouvez donner vie aux chiens ou utiliser votre imagination et les cr\u00e9er vous-m\u00eame. L&rsquo;outil de sculpture suppl\u00e9mentaire est pratique pour ajouter de jolis d\u00e9tails. Lancez-vous dans l&rsquo;aventure !<br \/>\nContenu du set<br \/>\n&#8211;    P\u00e2te \u00e0 modeler violette, orange et blanche<br \/>\n&#8211;    Niche pour chien et accessoires pour chiots<br \/>\n&#8211;    Outil de sculpture<br \/>\n&#8211;    Instructions pour cr\u00e9er les chiots en p\u00e2te \u00e0 modeler<br \/>\nPourquoi choisir SES Creative ?<br \/>\nChez SES Creative, nous accordons une grande importance \u00e0 la s\u00e9curit\u00e9. C&rsquo;est pourquoi nos produits sont fabriqu\u00e9s et test\u00e9s dans notre usine aux Pays-Bas, conform\u00e9ment aux normes de s\u00e9curit\u00e9 europ\u00e9ennes les plus strictes. Les jouets SES Creative sont source de plaisir et permettent aux enfants d&rsquo;\u00eatre fiers de leur travail, ce qui stimule leur cr\u00e9ativit\u00e9 et leur d\u00e9veloppement.<br \/>\nProcurez-vous le kit P\u00e2te \u00e0 modeler &#8211; Chiots et commencez \u00e0 modeler d\u00e8s aujourd&rsquo;hui<br \/>\nAvec sa p\u00e2te \u00e0 modeler color\u00e9e, ses accessoires amusants et ses possibilit\u00e9s de bricolage infinies, ce kit offre des heures de plaisir aux petits amateurs de chiens. Que la f\u00eate des chiots commence !<\/p>\n","protected":false},"excerpt":{"rendered":"<p>Fa\u00e7onnez vos propres chiots ! Donnez vie \u00e0 un monde rempli d&rsquo;adorables animaux avec le set P\u00e2te \u00e0 modeler &#8211; Chiots ! Parfait pour les jeunes amateurs de chiens, ce set cr\u00e9atif et ludique permet aux enfants de cr\u00e9er leurs propres chiots espi\u00e8gles et de leur offrir un foyer confortable dans la niche fournie. Gr\u00e2ce [&hellip;]<\/p>\n","protected":false},"featured_media":97028,"comment_status":"closed","ping_status":"closed","template":"","meta":{"_acf_changed":false},"product_brand":[],"product_cat":[124],"product_tag":[],"class_list":{"0":"post-117991","1":"product","2":"type-product","3":"status-publish","4":"has-post-thumbnail","6":"product_cat-pate-a-modeler","7":"pa_leeftijd-filter-3-4-ans","8":"pa_meest-populair-bij-garcons-filles","10":"first","11":"instock","12":"shipping-taxable","13":"product-type-simple"},"acf":[],"yoast_head":"<!-- This site is optimized with the Yoast SEO plugin v27.4 - https:\/\/yoast.com\/product\/yoast-seo-wordpress\/ -->\n<title>P\u00e2te \u00e0 modeler - Chiots - SES Creative<\/title>\n<meta name=\"robots\" content=\"index, follow, max-snippet:-1, max-image-preview:large, max-video-preview:-1\" \/>\n<link rel=\"canonical\" href=\"https:\/\/ses-creative.com\/fr\/produit\/pate-a-modeler-chiots\/\" \/>\n<meta property=\"og:locale\" content=\"fr_FR\" \/>\n<meta property=\"og:type\" content=\"article\" \/>\n<meta property=\"og:title\" content=\"P\u00e2te \u00e0 modeler - Chiots - SES Creative\" \/>\n<meta property=\"og:description\" content=\"Fa\u00e7onnez vos propres chiots ! Donnez vie \u00e0 un monde rempli d&rsquo;adorables animaux avec le set P\u00e2te \u00e0 modeler &#8211; Chiots ! Parfait pour les jeunes amateurs de chiens, ce set cr\u00e9atif et ludique permet aux enfants de cr\u00e9er leurs propres chiots espi\u00e8gles et de leur offrir un foyer confortable dans la niche fournie. Gr\u00e2ce [&hellip;]\" \/>\n<meta property=\"og:url\" content=\"https:\/\/ses-creative.com\/fr\/produit\/pate-a-modeler-chiots\/\" \/>\n<meta property=\"og:site_name\" content=\"SES Creative\" \/>\n<meta property=\"article:modified_time\" content=\"2026-02-12T10:22:15+00:00\" \/>\n<meta name=\"twitter:card\" content=\"summary_large_image\" \/>\n<meta name=\"twitter:label1\" content=\"Dur\u00e9e de lecture estim\u00e9e\" \/>\n\t<meta name=\"twitter:data1\" content=\"2 minutes\" \/>\n<script type=\"application\/ld+json\" class=\"yoast-schema-graph\">{\"@context\":\"https:\\\/\\\/schema.org\",\"@graph\":[{\"@type\":\"WebPage\",\"@id\":\"https:\\\/\\\/ses-creative.com\\\/fr\\\/produit\\\/pate-a-modeler-chiots\\\/\",\"url\":\"https:\\\/\\\/ses-creative.com\\\/fr\\\/produit\\\/pate-a-modeler-chiots\\\/\",\"name\":\"P\u00e2te \u00e0 modeler - Chiots - SES Creative\",\"isPartOf\":{\"@id\":\"https:\\\/\\\/ses-creative.com\\\/#website\"},\"primaryImageOfPage\":{\"@id\":\"https:\\\/\\\/ses-creative.com\\\/fr\\\/produit\\\/pate-a-modeler-chiots\\\/#primaryimage\"},\"image\":{\"@id\":\"https:\\\/\\\/ses-creative.com\\\/fr\\\/produit\\\/pate-a-modeler-chiots\\\/#primaryimage\"},\"thumbnailUrl\":\"https:\\\/\\\/ses-creative.com\\\/wp-content\\\/uploads\\\/2026\\\/01\\\/005051.jpg\",\"datePublished\":\"2026-02-12T10:08:16+00:00\",\"dateModified\":\"2026-02-12T10:22:15+00:00\",\"breadcrumb\":{\"@id\":\"https:\\\/\\\/ses-creative.com\\\/fr\\\/produit\\\/pate-a-modeler-chiots\\\/#breadcrumb\"},\"inLanguage\":\"fr-FR\",\"potentialAction\":[{\"@type\":\"ReadAction\",\"target\":[\"https:\\\/\\\/ses-creative.com\\\/fr\\\/produit\\\/pate-a-modeler-chiots\\\/\"]}]},{\"@type\":\"ImageObject\",\"inLanguage\":\"fr-FR\",\"@id\":\"https:\\\/\\\/ses-creative.com\\\/fr\\\/produit\\\/pate-a-modeler-chiots\\\/#primaryimage\",\"url\":\"https:\\\/\\\/ses-creative.com\\\/wp-content\\\/uploads\\\/2026\\\/01\\\/005051.jpg\",\"contentUrl\":\"https:\\\/\\\/ses-creative.com\\\/wp-content\\\/uploads\\\/2026\\\/01\\\/005051.jpg\",\"width\":1000,\"height\":1000},{\"@type\":\"BreadcrumbList\",\"@id\":\"https:\\\/\\\/ses-creative.com\\\/fr\\\/produit\\\/pate-a-modeler-chiots\\\/#breadcrumb\",\"itemListElement\":[{\"@type\":\"ListItem\",\"position\":1,\"name\":\"Boutique\",\"item\":\"https:\\\/\\\/ses-creative.com\\\/fr\\\/boutique\\\/\"},{\"@type\":\"ListItem\",\"position\":2,\"name\":\"P\u00e2te \u00e0 modeler\",\"item\":\"https:\\\/\\\/ses-creative.com\\\/fr\\\/product-categorie\\\/pate-a-modeler\\\/\"},{\"@type\":\"ListItem\",\"position\":3,\"name\":\"P\u00e2te \u00e0 modeler &#8211; Chiots\"}]},{\"@type\":\"WebSite\",\"@id\":\"https:\\\/\\\/ses-creative.com\\\/#website\",\"url\":\"https:\\\/\\\/ses-creative.com\\\/\",\"name\":\"SES Creative\",\"description\":\"\",\"publisher\":{\"@id\":\"https:\\\/\\\/ses-creative.com\\\/#organization\"},\"potentialAction\":[{\"@type\":\"SearchAction\",\"target\":{\"@type\":\"EntryPoint\",\"urlTemplate\":\"https:\\\/\\\/ses-creative.com\\\/?s={search_term_string}\"},\"query-input\":{\"@type\":\"PropertyValueSpecification\",\"valueRequired\":true,\"valueName\":\"search_term_string\"}}],\"inLanguage\":\"fr-FR\"},{\"@type\":\"Organization\",\"@id\":\"https:\\\/\\\/ses-creative.com\\\/#organization\",\"name\":\"SES Creative\",\"url\":\"https:\\\/\\\/ses-creative.com\\\/\",\"logo\":{\"@type\":\"ImageObject\",\"inLanguage\":\"fr-FR\",\"@id\":\"https:\\\/\\\/ses-creative.com\\\/#\\\/schema\\\/logo\\\/image\\\/\",\"url\":\"https:\\\/\\\/ses-creative.com\\\/wp-content\\\/uploads\\\/2025\\\/10\\\/ses-creative-logo.jpg\",\"contentUrl\":\"https:\\\/\\\/ses-creative.com\\\/wp-content\\\/uploads\\\/2025\\\/10\\\/ses-creative-logo.jpg\",\"width\":2037,\"height\":2037,\"caption\":\"SES Creative\"},\"image\":{\"@id\":\"https:\\\/\\\/ses-creative.com\\\/#\\\/schema\\\/logo\\\/image\\\/\"}}]}<\/script>\n<!-- \/ Yoast SEO plugin. -->","yoast_head_json":{"title":"P\u00e2te \u00e0 modeler - Chiots - SES Creative","robots":{"index":"index","follow":"follow","max-snippet":"max-snippet:-1","max-image-preview":"max-image-preview:large","max-video-preview":"max-video-preview:-1"},"canonical":"https:\/\/ses-creative.com\/fr\/produit\/pate-a-modeler-chiots\/","og_locale":"fr_FR","og_type":"article","og_title":"P\u00e2te \u00e0 modeler - Chiots - SES Creative","og_description":"Fa\u00e7onnez vos propres chiots ! Donnez vie \u00e0 un monde rempli d&rsquo;adorables animaux avec le set P\u00e2te \u00e0 modeler &#8211; Chiots ! Parfait pour les jeunes amateurs de chiens, ce set cr\u00e9atif et ludique permet aux enfants de cr\u00e9er leurs propres chiots espi\u00e8gles et de leur offrir un foyer confortable dans la niche fournie. Gr\u00e2ce [&hellip;]","og_url":"https:\/\/ses-creative.com\/fr\/produit\/pate-a-modeler-chiots\/","og_site_name":"SES Creative","article_modified_time":"2026-02-12T10:22:15+00:00","twitter_card":"summary_large_image","twitter_misc":{"Dur\u00e9e de lecture estim\u00e9e":"2 minutes"},"schema":{"@context":"https:\/\/schema.org","@graph":[{"@type":"WebPage","@id":"https:\/\/ses-creative.com\/fr\/produit\/pate-a-modeler-chiots\/","url":"https:\/\/ses-creative.com\/fr\/produit\/pate-a-modeler-chiots\/","name":"P\u00e2te \u00e0 modeler - Chiots - SES Creative","isPartOf":{"@id":"https:\/\/ses-creative.com\/#website"},"primaryImageOfPage":{"@id":"https:\/\/ses-creative.com\/fr\/produit\/pate-a-modeler-chiots\/#primaryimage"},"image":{"@id":"https:\/\/ses-creative.com\/fr\/produit\/pate-a-modeler-chiots\/#primaryimage"},"thumbnailUrl":"https:\/\/ses-creative.com\/wp-content\/uploads\/2026\/01\/005051.jpg","datePublished":"2026-02-12T10:08:16+00:00","dateModified":"2026-02-12T10:22:15+00:00","breadcrumb":{"@id":"https:\/\/ses-creative.com\/fr\/produit\/pate-a-modeler-chiots\/#breadcrumb"},"inLanguage":"fr-FR","potentialAction":[{"@type":"ReadAction","target":["https:\/\/ses-creative.com\/fr\/produit\/pate-a-modeler-chiots\/"]}]},{"@type":"ImageObject","inLanguage":"fr-FR","@id":"https:\/\/ses-creative.com\/fr\/produit\/pate-a-modeler-chiots\/#primaryimage","url":"https:\/\/ses-creative.com\/wp-content\/uploads\/2026\/01\/005051.jpg","contentUrl":"https:\/\/ses-creative.com\/wp-content\/uploads\/2026\/01\/005051.jpg","width":1000,"height":1000},{"@type":"BreadcrumbList","@id":"https:\/\/ses-creative.com\/fr\/produit\/pate-a-modeler-chiots\/#breadcrumb","itemListElement":[{"@type":"ListItem","position":1,"name":"Boutique","item":"https:\/\/ses-creative.com\/fr\/boutique\/"},{"@type":"ListItem","position":2,"name":"P\u00e2te \u00e0 modeler","item":"https:\/\/ses-creative.com\/fr\/product-categorie\/pate-a-modeler\/"},{"@type":"ListItem","position":3,"name":"P\u00e2te \u00e0 modeler &#8211; Chiots"}]},{"@type":"WebSite","@id":"https:\/\/ses-creative.com\/#website","url":"https:\/\/ses-creative.com\/","name":"SES Creative","description":"","publisher":{"@id":"https:\/\/ses-creative.com\/#organization"},"potentialAction":[{"@type":"SearchAction","target":{"@type":"EntryPoint","urlTemplate":"https:\/\/ses-creative.com\/?s={search_term_string}"},"query-input":{"@type":"PropertyValueSpecification","valueRequired":true,"valueName":"search_term_string"}}],"inLanguage":"fr-FR"},{"@type":"Organization","@id":"https:\/\/ses-creative.com\/#organization","name":"SES Creative","url":"https:\/\/ses-creative.com\/","logo":{"@type":"ImageObject","inLanguage":"fr-FR","@id":"https:\/\/ses-creative.com\/#\/schema\/logo\/image\/","url":"https:\/\/ses-creative.com\/wp-content\/uploads\/2025\/10\/ses-creative-logo.jpg","contentUrl":"https:\/\/ses-creative.com\/wp-content\/uploads\/2025\/10\/ses-creative-logo.jpg","width":2037,"height":2037,"caption":"SES Creative"},"image":{"@id":"https:\/\/ses-creative.com\/#\/schema\/logo\/image\/"}}]}},"_links":{"self":[{"href":"https:\/\/ses-creative.com\/fr\/wp-json\/wp\/v2\/product\/117991","targetHints":{"allow":["GET"]}}],"collection":[{"href":"https:\/\/ses-creative.com\/fr\/wp-json\/wp\/v2\/product"}],"about":[{"href":"https:\/\/ses-creative.com\/fr\/wp-json\/wp\/v2\/types\/product"}],"replies":[{"embeddable":true,"href":"https:\/\/ses-creative.com\/fr\/wp-json\/wp\/v2\/comments?post=117991"}],"wp:featuredmedia":[{"embeddable":true,"href":"https:\/\/ses-creative.com\/fr\/wp-json\/wp\/v2\/media\/97028"}],"wp:attachment":[{"href":"https:\/\/ses-creative.com\/fr\/wp-json\/wp\/v2\/media?parent=117991"}],"wp:term":[{"taxonomy":"product_brand","embeddable":true,"href":"https:\/\/ses-creative.com\/fr\/wp-json\/wp\/v2\/product_brand?post=117991"},{"taxonomy":"product_cat","embeddable":true,"href":"https:\/\/ses-creative.com\/fr\/wp-json\/wp\/v2\/product_cat?post=117991"},{"taxonomy":"product_tag","embeddable":true,"href":"https:\/\/ses-creative.com\/fr\/wp-json\/wp\/v2\/product_tag?post=117991"}],"curies":[{"name":"wp","href":"https:\/\/api.w.org\/{rel}","templated":true}]}}