











{"id":117990,"date":"2026-02-12T10:08:16","date_gmt":"2026-02-12T10:08:16","guid":{"rendered":"https:\/\/ses-creative.com\/?post_type=product&#038;p=117990"},"modified":"2026-02-12T10:22:14","modified_gmt":"2026-02-12T10:22:14","slug":"pate-a-modeler-tool-mania","status":"publish","type":"product","link":"https:\/\/ses-creative.com\/fr\/produit\/pate-a-modeler-tool-mania\/","title":{"rendered":"Pat\u00e9 \u00e0 modeler &#8211; Tool mania"},"content":{"rendered":"<p>Un plaisir sans fin avec Tool Mania !<br \/>\nD\u00e9couvrez le monde de la cr\u00e9ativit\u00e9 avec la p\u00e2te \u00e0 modeler Tool Mania de SES Creative. Un kit de p\u00e2te \u00e0 modeler avec de nombreux outils \u00e0 d\u00e9couvrir et \u00e0 cr\u00e9er : de la d\u00e9coupe au roulage, en passant par le modelage et la d\u00e9coration.<br \/>\nCe qui rend ce set g\u00e9nial<br \/>\n&#8211; Pas moins de 7 outils diff\u00e9rents pour cr\u00e9er les motifs et les cr\u00e9ations les plus amusants<br \/>\n&#8211;    Avec deux pots de p\u00e2te \u00e0 modeler diff\u00e9rents<br \/>\n&#8211;    La p\u00e2te \u00e0 modeler ne s\u00e8che pas pendant le jeu<br \/>\n&#8211;    La p\u00e2te \u00e0 modeler est facilement lavable et sans gluten<br \/>\n&#8211;<br \/>\nCr\u00e9er des formes et des motifs<br \/>\nLe kit complet comprend des extrudeuses pour cr\u00e9er de jolies cordes d&rsquo;argile. Vous pouvez assembler vous-m\u00eame le rouleau pour cr\u00e9er des motifs uniques, encore et encore. L&rsquo;argile souple et facile \u00e0 modeler est parfaite pour les petites mains et aide \u00e0 d\u00e9velopper la motricit\u00e9 fine, la coordination \u0153il-main et la cr\u00e9ativit\u00e9. Le kit d&rsquo;outils pour p\u00e2te \u00e0 modeler offre des possibilit\u00e9s infinies de divertissement et d&rsquo;apprentissage. Parfait pour jouer seul ou en groupe, ce kit stimule la curiosit\u00e9 et encourage l&rsquo;expression artistique des enfants \u00e0 partir de 3 ans.<br \/>\nContenu du kit<br \/>\n&#8211;    5 extrudeuses \u00e0 p\u00e2te, chacune avec sa propre ouverture pour cr\u00e9er diff\u00e9rents motifs<br \/>\n&#8211;    Rouleau \u00e0 p\u00e2te \u00e0 modeler ajustable pour des motifs uniques<br \/>\n&#8211;    Couteau \u00e0 sculpture<br \/>\n&#8211;    P\u00e2te \u00e0 modeler rouge<br \/>\n&#8211;    Argile bleue<br \/>\nPourquoi choisir SES Creative ?<br \/>\nChez SES Creative, nous accordons une grande importance \u00e0 la s\u00e9curit\u00e9. C&rsquo;est pourquoi nos produits sont fabriqu\u00e9s et test\u00e9s dans notre usine aux Pays-Bas, conform\u00e9ment aux normes de s\u00e9curit\u00e9 europ\u00e9ennes les plus strictes. Les jouets SES Creative sont source de plaisir et permettent aux enfants d&rsquo;\u00eatre fiers de leur travail, ce qui stimule leur cr\u00e9ativit\u00e9 et leur d\u00e9veloppement.<br \/>\nCommencez d\u00e8s aujourd&rsquo;hui \u00e0 modeler l&rsquo;argile !<br \/>\nProcurez-vous le kit d&rsquo;outils pour p\u00e2te \u00e0 modeler et voyez comment votre enfant d\u00e9couvre les possibilit\u00e9s illimit\u00e9es du jeu cr\u00e9atif. Avec une p\u00e2te \u00e0 modeler vivante, des outils amusants et des possibilit\u00e9s de bricolage infinies, ce kit occupera les petites mains et laissera libre cours \u00e0 l&rsquo;imagination !<\/p>\n","protected":false},"excerpt":{"rendered":"<p>Un plaisir sans fin avec Tool Mania ! D\u00e9couvrez le monde de la cr\u00e9ativit\u00e9 avec la p\u00e2te \u00e0 modeler Tool Mania de SES Creative. Un kit de p\u00e2te \u00e0 modeler avec de nombreux outils \u00e0 d\u00e9couvrir et \u00e0 cr\u00e9er : de la d\u00e9coupe au roulage, en passant par le modelage et la d\u00e9coration. Ce qui [&hellip;]<\/p>\n","protected":false},"featured_media":94368,"comment_status":"closed","ping_status":"closed","template":"","meta":{"_acf_changed":false},"product_brand":[],"product_cat":[124],"product_tag":[],"class_list":{"0":"post-117990","1":"product","2":"type-product","3":"status-publish","4":"has-post-thumbnail","6":"product_cat-pate-a-modeler","7":"pa_leeftijd-filter-0-2-ans","8":"pa_meest-populair-bij-garcons-filles","10":"first","11":"instock","12":"shipping-taxable","13":"product-type-simple"},"acf":[],"yoast_head":"<!-- This site is optimized with the Yoast SEO plugin v27.4 - https:\/\/yoast.com\/product\/yoast-seo-wordpress\/ -->\n<title>Pat\u00e9 \u00e0 modeler - Tool mania - SES Creative<\/title>\n<meta name=\"robots\" content=\"index, follow, max-snippet:-1, max-image-preview:large, max-video-preview:-1\" \/>\n<link rel=\"canonical\" href=\"https:\/\/ses-creative.com\/fr\/produit\/pate-a-modeler-tool-mania\/\" \/>\n<meta property=\"og:locale\" content=\"fr_FR\" \/>\n<meta property=\"og:type\" content=\"article\" \/>\n<meta property=\"og:title\" content=\"Pat\u00e9 \u00e0 modeler - Tool mania - SES Creative\" \/>\n<meta property=\"og:description\" content=\"Un plaisir sans fin avec Tool Mania ! D\u00e9couvrez le monde de la cr\u00e9ativit\u00e9 avec la p\u00e2te \u00e0 modeler Tool Mania de SES Creative. Un kit de p\u00e2te \u00e0 modeler avec de nombreux outils \u00e0 d\u00e9couvrir et \u00e0 cr\u00e9er : de la d\u00e9coupe au roulage, en passant par le modelage et la d\u00e9coration. Ce qui [&hellip;]\" \/>\n<meta property=\"og:url\" content=\"https:\/\/ses-creative.com\/fr\/produit\/pate-a-modeler-tool-mania\/\" \/>\n<meta property=\"og:site_name\" content=\"SES Creative\" \/>\n<meta property=\"article:modified_time\" content=\"2026-02-12T10:22:14+00:00\" \/>\n<meta name=\"twitter:card\" content=\"summary_large_image\" \/>\n<meta name=\"twitter:label1\" content=\"Dur\u00e9e de lecture estim\u00e9e\" \/>\n\t<meta name=\"twitter:data1\" content=\"2 minutes\" \/>\n<script type=\"application\/ld+json\" class=\"yoast-schema-graph\">{\"@context\":\"https:\\\/\\\/schema.org\",\"@graph\":[{\"@type\":\"WebPage\",\"@id\":\"https:\\\/\\\/ses-creative.com\\\/fr\\\/produit\\\/pate-a-modeler-tool-mania\\\/\",\"url\":\"https:\\\/\\\/ses-creative.com\\\/fr\\\/produit\\\/pate-a-modeler-tool-mania\\\/\",\"name\":\"Pat\u00e9 \u00e0 modeler - Tool mania - SES Creative\",\"isPartOf\":{\"@id\":\"https:\\\/\\\/ses-creative.com\\\/#website\"},\"primaryImageOfPage\":{\"@id\":\"https:\\\/\\\/ses-creative.com\\\/fr\\\/produit\\\/pate-a-modeler-tool-mania\\\/#primaryimage\"},\"image\":{\"@id\":\"https:\\\/\\\/ses-creative.com\\\/fr\\\/produit\\\/pate-a-modeler-tool-mania\\\/#primaryimage\"},\"thumbnailUrl\":\"https:\\\/\\\/ses-creative.com\\\/wp-content\\\/uploads\\\/2026\\\/01\\\/005041-1.jpg\",\"datePublished\":\"2026-02-12T10:08:16+00:00\",\"dateModified\":\"2026-02-12T10:22:14+00:00\",\"breadcrumb\":{\"@id\":\"https:\\\/\\\/ses-creative.com\\\/fr\\\/produit\\\/pate-a-modeler-tool-mania\\\/#breadcrumb\"},\"inLanguage\":\"fr-FR\",\"potentialAction\":[{\"@type\":\"ReadAction\",\"target\":[\"https:\\\/\\\/ses-creative.com\\\/fr\\\/produit\\\/pate-a-modeler-tool-mania\\\/\"]}]},{\"@type\":\"ImageObject\",\"inLanguage\":\"fr-FR\",\"@id\":\"https:\\\/\\\/ses-creative.com\\\/fr\\\/produit\\\/pate-a-modeler-tool-mania\\\/#primaryimage\",\"url\":\"https:\\\/\\\/ses-creative.com\\\/wp-content\\\/uploads\\\/2026\\\/01\\\/005041-1.jpg\",\"contentUrl\":\"https:\\\/\\\/ses-creative.com\\\/wp-content\\\/uploads\\\/2026\\\/01\\\/005041-1.jpg\",\"width\":1000,\"height\":1000},{\"@type\":\"BreadcrumbList\",\"@id\":\"https:\\\/\\\/ses-creative.com\\\/fr\\\/produit\\\/pate-a-modeler-tool-mania\\\/#breadcrumb\",\"itemListElement\":[{\"@type\":\"ListItem\",\"position\":1,\"name\":\"Boutique\",\"item\":\"https:\\\/\\\/ses-creative.com\\\/fr\\\/boutique\\\/\"},{\"@type\":\"ListItem\",\"position\":2,\"name\":\"P\u00e2te \u00e0 modeler\",\"item\":\"https:\\\/\\\/ses-creative.com\\\/fr\\\/product-categorie\\\/pate-a-modeler\\\/\"},{\"@type\":\"ListItem\",\"position\":3,\"name\":\"Pat\u00e9 \u00e0 modeler &#8211; Tool mania\"}]},{\"@type\":\"WebSite\",\"@id\":\"https:\\\/\\\/ses-creative.com\\\/#website\",\"url\":\"https:\\\/\\\/ses-creative.com\\\/\",\"name\":\"SES Creative\",\"description\":\"\",\"publisher\":{\"@id\":\"https:\\\/\\\/ses-creative.com\\\/#organization\"},\"potentialAction\":[{\"@type\":\"SearchAction\",\"target\":{\"@type\":\"EntryPoint\",\"urlTemplate\":\"https:\\\/\\\/ses-creative.com\\\/?s={search_term_string}\"},\"query-input\":{\"@type\":\"PropertyValueSpecification\",\"valueRequired\":true,\"valueName\":\"search_term_string\"}}],\"inLanguage\":\"fr-FR\"},{\"@type\":\"Organization\",\"@id\":\"https:\\\/\\\/ses-creative.com\\\/#organization\",\"name\":\"SES Creative\",\"url\":\"https:\\\/\\\/ses-creative.com\\\/\",\"logo\":{\"@type\":\"ImageObject\",\"inLanguage\":\"fr-FR\",\"@id\":\"https:\\\/\\\/ses-creative.com\\\/#\\\/schema\\\/logo\\\/image\\\/\",\"url\":\"https:\\\/\\\/ses-creative.com\\\/wp-content\\\/uploads\\\/2025\\\/10\\\/ses-creative-logo.jpg\",\"contentUrl\":\"https:\\\/\\\/ses-creative.com\\\/wp-content\\\/uploads\\\/2025\\\/10\\\/ses-creative-logo.jpg\",\"width\":2037,\"height\":2037,\"caption\":\"SES Creative\"},\"image\":{\"@id\":\"https:\\\/\\\/ses-creative.com\\\/#\\\/schema\\\/logo\\\/image\\\/\"}}]}<\/script>\n<!-- \/ Yoast SEO plugin. -->","yoast_head_json":{"title":"Pat\u00e9 \u00e0 modeler - Tool mania - SES Creative","robots":{"index":"index","follow":"follow","max-snippet":"max-snippet:-1","max-image-preview":"max-image-preview:large","max-video-preview":"max-video-preview:-1"},"canonical":"https:\/\/ses-creative.com\/fr\/produit\/pate-a-modeler-tool-mania\/","og_locale":"fr_FR","og_type":"article","og_title":"Pat\u00e9 \u00e0 modeler - Tool mania - SES Creative","og_description":"Un plaisir sans fin avec Tool Mania ! D\u00e9couvrez le monde de la cr\u00e9ativit\u00e9 avec la p\u00e2te \u00e0 modeler Tool Mania de SES Creative. Un kit de p\u00e2te \u00e0 modeler avec de nombreux outils \u00e0 d\u00e9couvrir et \u00e0 cr\u00e9er : de la d\u00e9coupe au roulage, en passant par le modelage et la d\u00e9coration. Ce qui [&hellip;]","og_url":"https:\/\/ses-creative.com\/fr\/produit\/pate-a-modeler-tool-mania\/","og_site_name":"SES Creative","article_modified_time":"2026-02-12T10:22:14+00:00","twitter_card":"summary_large_image","twitter_misc":{"Dur\u00e9e de lecture estim\u00e9e":"2 minutes"},"schema":{"@context":"https:\/\/schema.org","@graph":[{"@type":"WebPage","@id":"https:\/\/ses-creative.com\/fr\/produit\/pate-a-modeler-tool-mania\/","url":"https:\/\/ses-creative.com\/fr\/produit\/pate-a-modeler-tool-mania\/","name":"Pat\u00e9 \u00e0 modeler - Tool mania - SES Creative","isPartOf":{"@id":"https:\/\/ses-creative.com\/#website"},"primaryImageOfPage":{"@id":"https:\/\/ses-creative.com\/fr\/produit\/pate-a-modeler-tool-mania\/#primaryimage"},"image":{"@id":"https:\/\/ses-creative.com\/fr\/produit\/pate-a-modeler-tool-mania\/#primaryimage"},"thumbnailUrl":"https:\/\/ses-creative.com\/wp-content\/uploads\/2026\/01\/005041-1.jpg","datePublished":"2026-02-12T10:08:16+00:00","dateModified":"2026-02-12T10:22:14+00:00","breadcrumb":{"@id":"https:\/\/ses-creative.com\/fr\/produit\/pate-a-modeler-tool-mania\/#breadcrumb"},"inLanguage":"fr-FR","potentialAction":[{"@type":"ReadAction","target":["https:\/\/ses-creative.com\/fr\/produit\/pate-a-modeler-tool-mania\/"]}]},{"@type":"ImageObject","inLanguage":"fr-FR","@id":"https:\/\/ses-creative.com\/fr\/produit\/pate-a-modeler-tool-mania\/#primaryimage","url":"https:\/\/ses-creative.com\/wp-content\/uploads\/2026\/01\/005041-1.jpg","contentUrl":"https:\/\/ses-creative.com\/wp-content\/uploads\/2026\/01\/005041-1.jpg","width":1000,"height":1000},{"@type":"BreadcrumbList","@id":"https:\/\/ses-creative.com\/fr\/produit\/pate-a-modeler-tool-mania\/#breadcrumb","itemListElement":[{"@type":"ListItem","position":1,"name":"Boutique","item":"https:\/\/ses-creative.com\/fr\/boutique\/"},{"@type":"ListItem","position":2,"name":"P\u00e2te \u00e0 modeler","item":"https:\/\/ses-creative.com\/fr\/product-categorie\/pate-a-modeler\/"},{"@type":"ListItem","position":3,"name":"Pat\u00e9 \u00e0 modeler &#8211; Tool mania"}]},{"@type":"WebSite","@id":"https:\/\/ses-creative.com\/#website","url":"https:\/\/ses-creative.com\/","name":"SES Creative","description":"","publisher":{"@id":"https:\/\/ses-creative.com\/#organization"},"potentialAction":[{"@type":"SearchAction","target":{"@type":"EntryPoint","urlTemplate":"https:\/\/ses-creative.com\/?s={search_term_string}"},"query-input":{"@type":"PropertyValueSpecification","valueRequired":true,"valueName":"search_term_string"}}],"inLanguage":"fr-FR"},{"@type":"Organization","@id":"https:\/\/ses-creative.com\/#organization","name":"SES Creative","url":"https:\/\/ses-creative.com\/","logo":{"@type":"ImageObject","inLanguage":"fr-FR","@id":"https:\/\/ses-creative.com\/#\/schema\/logo\/image\/","url":"https:\/\/ses-creative.com\/wp-content\/uploads\/2025\/10\/ses-creative-logo.jpg","contentUrl":"https:\/\/ses-creative.com\/wp-content\/uploads\/2025\/10\/ses-creative-logo.jpg","width":2037,"height":2037,"caption":"SES Creative"},"image":{"@id":"https:\/\/ses-creative.com\/#\/schema\/logo\/image\/"}}]}},"_links":{"self":[{"href":"https:\/\/ses-creative.com\/fr\/wp-json\/wp\/v2\/product\/117990","targetHints":{"allow":["GET"]}}],"collection":[{"href":"https:\/\/ses-creative.com\/fr\/wp-json\/wp\/v2\/product"}],"about":[{"href":"https:\/\/ses-creative.com\/fr\/wp-json\/wp\/v2\/types\/product"}],"replies":[{"embeddable":true,"href":"https:\/\/ses-creative.com\/fr\/wp-json\/wp\/v2\/comments?post=117990"}],"wp:featuredmedia":[{"embeddable":true,"href":"https:\/\/ses-creative.com\/fr\/wp-json\/wp\/v2\/media\/94368"}],"wp:attachment":[{"href":"https:\/\/ses-creative.com\/fr\/wp-json\/wp\/v2\/media?parent=117990"}],"wp:term":[{"taxonomy":"product_brand","embeddable":true,"href":"https:\/\/ses-creative.com\/fr\/wp-json\/wp\/v2\/product_brand?post=117990"},{"taxonomy":"product_cat","embeddable":true,"href":"https:\/\/ses-creative.com\/fr\/wp-json\/wp\/v2\/product_cat?post=117990"},{"taxonomy":"product_tag","embeddable":true,"href":"https:\/\/ses-creative.com\/fr\/wp-json\/wp\/v2\/product_tag?post=117990"}],"curies":[{"name":"wp","href":"https:\/\/api.w.org\/{rel}","templated":true}]}}